{"id":34759,"date":"2025-06-07T21:25:35","date_gmt":"2025-06-07T17:25:35","guid":{"rendered":"https:\/\/airsystems.ge\/shop\/product\/lhi-p4-high-efficiency-air-to-water-multipurpose-unit-and-4-pipe-heat-pumps-equipped-with-inverter-compressor-and-axial-fans\/"},"modified":"2025-06-07T21:28:29","modified_gmt":"2025-06-07T17:28:29","slug":"lhi-p4-high-efficiency-air-to-water-multipurpose-unit-and-4-pipe-heat-pumps-equipped-with-inverter-compressor-and-axial-fans","status":"publish","type":"product","link":"https:\/\/climatemaster.ge\/az\/product\/lhi-p4-high-efficiency-air-to-water-multipurpose-unit-and-4-pipe-heat-pumps-equipped-with-inverter-compressor-and-axial-fans\/","title":{"rendered":"LHi P4 Y\u00fcks\u0259k s\u0259m\u0259r\u0259li havadan suya \u00e7oxm\u0259qs\u0259dli qur\u011fu v\u0259 \u00e7evirici kompressor v\u0259 eksenel ventilyatorlarla t\u0259chiz olunmu\u015f 4 borulu istilik nasosu"},"content":{"rendered":"<div class=\"elementor-element elementor-element-391e72ec elementor-widget elementor-widget-theme-post-content\" data-id=\"391e72ec\" data-element_type=\"widget\" data-widget_type=\"theme-post-content.default\">\n<div class=\"elementor-widget-container\">\n<p>LHi P4U\/P4S seriyal\u0131 y\u00fcks\u0259k s\u0259m\u0259r\u0259li havadan suya istilik nasoslar\u0131 d\u00f6rd borulu kondisioner v\u0259 isitm\u0259 sisteml\u0259ri \u00fc\u00e7\u00fcn n\u0259z\u0259rd\u0259 tutulmu\u015f qur\u011fulard\u0131r ki, bu da soyutma \u00fc\u00e7\u00fcn soyuq su v\u0259 isitm\u0259 \u00fc\u00e7\u00fcn isti suyun eyni vaxtda v\u0259 ya ayr\u0131ca istehsal\u0131na imkan verir. B\u00f6lm\u0259l\u0259r isti su \u00fc\u00e7\u00fcn kondensator kimi istifad\u0259 edil\u0259n, istehsal\u0131 qur\u011funun i\u015f rejimind\u0259n as\u0131l\u0131 olmayan \u0259lav\u0259 d\u0259yi\u015fdirici il\u0259 t\u0259chiz olunur. Qaytarma ax\u0131n\u0131ndak\u0131 isti suyun temperaturu t\u0259tbiq olunan d\u0259std\u0259n a\u015fa\u011f\u0131 olduqda d\u0259yi\u015fdirici avtomatik olaraq mikroprosessor n\u0259zar\u0259ti il\u0259 i\u015f\u0259 sal\u0131n\u0131r. Bu qur\u011fular \u00e7ox y\u00fcks\u0259k enerji s\u0259m\u0259r\u0259liliyi il\u0259 eyni vaxtda v\u0259\/yaxud ayr\u0131-ayr\u0131l\u0131qda isti su v\u0259 soyuq su istehsal ed\u0259 bilir. Onlar\u0131n ham\u0131s\u0131 m\u00fcxt\u0259lif prioritetl\u0259rin idar\u0259 edilm\u0259si \u00fc\u00e7\u00fcn proqram t\u0259minat\u0131 il\u0259 t\u0259chiz edilmi\u015f x\u00fcsusi qabaqc\u0131l mikroprosessor n\u0259zar\u0259ti il\u0259 t\u0259chiz edilmi\u015fdir. XL versiyalar\u0131 h\u0259m\u00e7inin s\u0259s-k\u00fcy\u00fc t\u0259xmin\u0259n 6-8 dB(A) azaltma\u011fa imkan ver\u0259n x\u00fcsusi \u00fcz\u0259n vibrasiya s\u00f6n\u00fcml\u0259m\u0259 sisteminin istifad\u0259si say\u0259sind\u0259 son d\u0259r\u0259c\u0259 a\u015fa\u011f\u0131 s\u0259s-k\u00fcy s\u0259viyy\u0259sin\u0259 malikdir (ist\u0259y\u0259 g\u00f6r\u0259).<\/p>\n<\/div>\n<\/div>\n<div class=\"elementor-element elementor-element-427e8a79 e-flex e-con-boxed e-con e-child\" data-id=\"427e8a79\" data-element_type=\"container\">\n<div class=\"e-con-inner\">\n<div class=\"elementor-element elementor-element-6e19ed90 hidebutton mc-bl elementor-align-left elementor-widget elementor-widget-button\" data-id=\"6e19ed90\" data-element_type=\"widget\" data-widget_type=\"button.default\">\n<div class=\"elementor-widget-container\">\n<div class=\"elementor-button-wrapper\"><a class=\"elementor-button elementor-button-link elementor-size-sm\" href=\"https:\/\/www.enextechnologies.com\/wp-content\/uploads\/2024\/09\/LHi-P4_ENG.pdf\" target=\"_blank\" rel=\"noopener\"><span class=\"elementor-button-content-wrapper\"><span class=\"elementor-button-text\">BROCHURE<\/span><\/span><\/a><\/div>\n<\/div>\n<\/div>\n<\/div>\n<\/div>\n","protected":false},"excerpt":{"rendered":"<p>\u0130stilik g\u00fcc\u00fc 54 kVt-dan 271 kVt-a q\u0259d\u0259r<\/p>\n","protected":false},"featured_media":34753,"template":"","meta":[],"product_brand":[],"product_cat":[1668,875],"product_tag":[],"class_list":{"0":"post-34759","1":"product","2":"type-product","3":"status-publish","4":"has-post-thumbnail","6":"product_cat-istilik-nasosu","7":"product_cat-snaye-az-kondisionerlr","9":"first","10":"instock","11":"shipping-taxable","12":"product-type-simple"},"yoast_head":"<!-- This site is optimized with the Yoast SEO plugin v27.1.1 - https:\/\/yoast.com\/product\/yoast-seo-wordpress\/ -->\n<title>LHi P4 Y\u00fcks\u0259k s\u0259m\u0259r\u0259li havadan suya \u00e7oxm\u0259qs\u0259dli qur\u011fu v\u0259 \u00e7evirici kompressor v\u0259 eksenel ventilyatorlarla t\u0259chiz olunmu\u015f 4 borulu istilik nasosu - Climate Master<\/title>\n<meta name=\"robots\" content=\"index, follow, max-snippet:-1, max-image-preview:large, max-video-preview:-1\" \/>\n<link rel=\"canonical\" href=\"https:\/\/climatemaster.ge\/az\/product\/lhi-p4-high-efficiency-air-to-water-multipurpose-unit-and-4-pipe-heat-pumps-equipped-with-inverter-compressor-and-axial-fans\/\" \/>\n<meta property=\"og:locale\" content=\"az_AZ\" \/>\n<meta property=\"og:type\" content=\"article\" \/>\n<meta property=\"og:title\" content=\"LHi P4 Y\u00fcks\u0259k s\u0259m\u0259r\u0259li havadan suya \u00e7oxm\u0259qs\u0259dli qur\u011fu v\u0259 \u00e7evirici kompressor v\u0259 eksenel ventilyatorlarla t\u0259chiz olunmu\u015f 4 borulu istilik nasosu - Climate Master\" \/>\n<meta property=\"og:description\" content=\"\u0130stilik g\u00fcc\u00fc 54 kVt-dan 271 kVt-a q\u0259d\u0259r\" \/>\n<meta property=\"og:url\" content=\"https:\/\/climatemaster.ge\/az\/product\/lhi-p4-high-efficiency-air-to-water-multipurpose-unit-and-4-pipe-heat-pumps-equipped-with-inverter-compressor-and-axial-fans\/\" \/>\n<meta property=\"og:site_name\" content=\"Climate Master\" \/>\n<meta property=\"article:modified_time\" content=\"2025-06-07T17:28:29+00:00\" \/>\n<meta property=\"og:image\" content=\"https:\/\/climatemaster.ge\/wp-content\/uploads\/2025\/06\/LHi-P4.jpg\" \/>\n\t<meta property=\"og:image:width\" content=\"1298\" \/>\n\t<meta property=\"og:image:height\" content=\"1202\" \/>\n\t<meta property=\"og:image:type\" content=\"image\/jpeg\" \/>\n<meta name=\"twitter:card\" content=\"summary_large_image\" \/>\n<meta name=\"twitter:label1\" content=\"Est. reading time\" \/>\n\t<meta name=\"twitter:data1\" content=\"1 minute\" \/>\n<script type=\"application\/ld+json\" class=\"yoast-schema-graph\">{\"@context\":\"https:\/\/schema.org\",\"@graph\":[{\"@type\":\"WebPage\",\"@id\":\"https:\/\/climatemaster.ge\/az\/product\/lhi-p4-high-efficiency-air-to-water-multipurpose-unit-and-4-pipe-heat-pumps-equipped-with-inverter-compressor-and-axial-fans\/\",\"url\":\"https:\/\/climatemaster.ge\/az\/product\/lhi-p4-high-efficiency-air-to-water-multipurpose-unit-and-4-pipe-heat-pumps-equipped-with-inverter-compressor-and-axial-fans\/\",\"name\":\"LHi P4 Y\u00fcks\u0259k s\u0259m\u0259r\u0259li havadan suya \u00e7oxm\u0259qs\u0259dli qur\u011fu v\u0259 \u00e7evirici kompressor v\u0259 eksenel ventilyatorlarla t\u0259chiz olunmu\u015f 4 borulu istilik nasosu - Climate Master\",\"isPartOf\":{\"@id\":\"https:\/\/climatemaster.ge\/#website\"},\"primaryImageOfPage\":{\"@id\":\"https:\/\/climatemaster.ge\/az\/product\/lhi-p4-high-efficiency-air-to-water-multipurpose-unit-and-4-pipe-heat-pumps-equipped-with-inverter-compressor-and-axial-fans\/#primaryimage\"},\"image\":{\"@id\":\"https:\/\/climatemaster.ge\/az\/product\/lhi-p4-high-efficiency-air-to-water-multipurpose-unit-and-4-pipe-heat-pumps-equipped-with-inverter-compressor-and-axial-fans\/#primaryimage\"},\"thumbnailUrl\":\"https:\/\/climatemaster.ge\/wp-content\/uploads\/2025\/06\/LHi-P4.jpg\",\"datePublished\":\"2025-06-07T17:25:35+00:00\",\"dateModified\":\"2025-06-07T17:28:29+00:00\",\"breadcrumb\":{\"@id\":\"https:\/\/climatemaster.ge\/az\/product\/lhi-p4-high-efficiency-air-to-water-multipurpose-unit-and-4-pipe-heat-pumps-equipped-with-inverter-compressor-and-axial-fans\/#breadcrumb\"},\"inLanguage\":\"az\",\"potentialAction\":[{\"@type\":\"ReadAction\",\"target\":[\"https:\/\/climatemaster.ge\/az\/product\/lhi-p4-high-efficiency-air-to-water-multipurpose-unit-and-4-pipe-heat-pumps-equipped-with-inverter-compressor-and-axial-fans\/\"]}]},{\"@type\":\"ImageObject\",\"inLanguage\":\"az\",\"@id\":\"https:\/\/climatemaster.ge\/az\/product\/lhi-p4-high-efficiency-air-to-water-multipurpose-unit-and-4-pipe-heat-pumps-equipped-with-inverter-compressor-and-axial-fans\/#primaryimage\",\"url\":\"https:\/\/climatemaster.ge\/wp-content\/uploads\/2025\/06\/LHi-P4.jpg\",\"contentUrl\":\"https:\/\/climatemaster.ge\/wp-content\/uploads\/2025\/06\/LHi-P4.jpg\",\"width\":1298,\"height\":1202},{\"@type\":\"BreadcrumbList\",\"@id\":\"https:\/\/climatemaster.ge\/az\/product\/lhi-p4-high-efficiency-air-to-water-multipurpose-unit-and-4-pipe-heat-pumps-equipped-with-inverter-compressor-and-axial-fans\/#breadcrumb\",\"itemListElement\":[{\"@type\":\"ListItem\",\"position\":1,\"name\":\"Home\",\"item\":\"https:\/\/climatemaster.ge\/\"},{\"@type\":\"ListItem\",\"position\":2,\"name\":\"M\u0259hsullar\",\"item\":\"https:\/\/climatemaster.ge\/products\/\"},{\"@type\":\"ListItem\",\"position\":3,\"name\":\"LHi P4 Y\u00fcks\u0259k s\u0259m\u0259r\u0259li havadan suya \u00e7oxm\u0259qs\u0259dli qur\u011fu v\u0259 \u00e7evirici kompressor v\u0259 eksenel ventilyatorlarla t\u0259chiz olunmu\u015f 4 borulu istilik nasosu\"}]},{\"@type\":\"WebSite\",\"@id\":\"https:\/\/climatemaster.ge\/#website\",\"url\":\"https:\/\/climatemaster.ge\/\",\"name\":\"Climate Master\",\"description\":\"\",\"publisher\":{\"@id\":\"https:\/\/climatemaster.ge\/#organization\"},\"potentialAction\":[{\"@type\":\"SearchAction\",\"target\":{\"@type\":\"EntryPoint\",\"urlTemplate\":\"https:\/\/climatemaster.ge\/?s={search_term_string}\"},\"query-input\":{\"@type\":\"PropertyValueSpecification\",\"valueRequired\":true,\"valueName\":\"search_term_string\"}}],\"inLanguage\":\"az\"},{\"@type\":\"Organization\",\"@id\":\"https:\/\/climatemaster.ge\/#organization\",\"name\":\"Climate Master\",\"url\":\"https:\/\/climatemaster.ge\/\",\"logo\":{\"@type\":\"ImageObject\",\"inLanguage\":\"az\",\"@id\":\"https:\/\/climatemaster.ge\/#\/schema\/logo\/image\/\",\"url\":\"https:\/\/climatemaster.ge\/wp-content\/uploads\/2026\/03\/Untitled-2.png\",\"contentUrl\":\"https:\/\/climatemaster.ge\/wp-content\/uploads\/2026\/03\/Untitled-2.png\",\"width\":600,\"height\":338,\"caption\":\"Climate Master\"},\"image\":{\"@id\":\"https:\/\/climatemaster.ge\/#\/schema\/logo\/image\/\"}}]}<\/script>\n<!-- \/ Yoast SEO plugin. -->","yoast_head_json":{"title":"LHi P4 Y\u00fcks\u0259k s\u0259m\u0259r\u0259li havadan suya \u00e7oxm\u0259qs\u0259dli qur\u011fu v\u0259 \u00e7evirici kompressor v\u0259 eksenel ventilyatorlarla t\u0259chiz olunmu\u015f 4 borulu istilik nasosu - Climate Master","robots":{"index":"index","follow":"follow","max-snippet":"max-snippet:-1","max-image-preview":"max-image-preview:large","max-video-preview":"max-video-preview:-1"},"canonical":"https:\/\/climatemaster.ge\/az\/product\/lhi-p4-high-efficiency-air-to-water-multipurpose-unit-and-4-pipe-heat-pumps-equipped-with-inverter-compressor-and-axial-fans\/","og_locale":"az_AZ","og_type":"article","og_title":"LHi P4 Y\u00fcks\u0259k s\u0259m\u0259r\u0259li havadan suya \u00e7oxm\u0259qs\u0259dli qur\u011fu v\u0259 \u00e7evirici kompressor v\u0259 eksenel ventilyatorlarla t\u0259chiz olunmu\u015f 4 borulu istilik nasosu - Climate Master","og_description":"\u0130stilik g\u00fcc\u00fc 54 kVt-dan 271 kVt-a q\u0259d\u0259r","og_url":"https:\/\/climatemaster.ge\/az\/product\/lhi-p4-high-efficiency-air-to-water-multipurpose-unit-and-4-pipe-heat-pumps-equipped-with-inverter-compressor-and-axial-fans\/","og_site_name":"Climate Master","article_modified_time":"2025-06-07T17:28:29+00:00","og_image":[{"width":1298,"height":1202,"url":"https:\/\/climatemaster.ge\/wp-content\/uploads\/2025\/06\/LHi-P4.jpg","type":"image\/jpeg"}],"twitter_card":"summary_large_image","twitter_misc":{"Est. reading time":"1 minute"},"schema":{"@context":"https:\/\/schema.org","@graph":[{"@type":"WebPage","@id":"https:\/\/climatemaster.ge\/az\/product\/lhi-p4-high-efficiency-air-to-water-multipurpose-unit-and-4-pipe-heat-pumps-equipped-with-inverter-compressor-and-axial-fans\/","url":"https:\/\/climatemaster.ge\/az\/product\/lhi-p4-high-efficiency-air-to-water-multipurpose-unit-and-4-pipe-heat-pumps-equipped-with-inverter-compressor-and-axial-fans\/","name":"LHi P4 Y\u00fcks\u0259k s\u0259m\u0259r\u0259li havadan suya \u00e7oxm\u0259qs\u0259dli qur\u011fu v\u0259 \u00e7evirici kompressor v\u0259 eksenel ventilyatorlarla t\u0259chiz olunmu\u015f 4 borulu istilik nasosu - Climate Master","isPartOf":{"@id":"https:\/\/climatemaster.ge\/#website"},"primaryImageOfPage":{"@id":"https:\/\/climatemaster.ge\/az\/product\/lhi-p4-high-efficiency-air-to-water-multipurpose-unit-and-4-pipe-heat-pumps-equipped-with-inverter-compressor-and-axial-fans\/#primaryimage"},"image":{"@id":"https:\/\/climatemaster.ge\/az\/product\/lhi-p4-high-efficiency-air-to-water-multipurpose-unit-and-4-pipe-heat-pumps-equipped-with-inverter-compressor-and-axial-fans\/#primaryimage"},"thumbnailUrl":"https:\/\/climatemaster.ge\/wp-content\/uploads\/2025\/06\/LHi-P4.jpg","datePublished":"2025-06-07T17:25:35+00:00","dateModified":"2025-06-07T17:28:29+00:00","breadcrumb":{"@id":"https:\/\/climatemaster.ge\/az\/product\/lhi-p4-high-efficiency-air-to-water-multipurpose-unit-and-4-pipe-heat-pumps-equipped-with-inverter-compressor-and-axial-fans\/#breadcrumb"},"inLanguage":"az","potentialAction":[{"@type":"ReadAction","target":["https:\/\/climatemaster.ge\/az\/product\/lhi-p4-high-efficiency-air-to-water-multipurpose-unit-and-4-pipe-heat-pumps-equipped-with-inverter-compressor-and-axial-fans\/"]}]},{"@type":"ImageObject","inLanguage":"az","@id":"https:\/\/climatemaster.ge\/az\/product\/lhi-p4-high-efficiency-air-to-water-multipurpose-unit-and-4-pipe-heat-pumps-equipped-with-inverter-compressor-and-axial-fans\/#primaryimage","url":"https:\/\/climatemaster.ge\/wp-content\/uploads\/2025\/06\/LHi-P4.jpg","contentUrl":"https:\/\/climatemaster.ge\/wp-content\/uploads\/2025\/06\/LHi-P4.jpg","width":1298,"height":1202},{"@type":"BreadcrumbList","@id":"https:\/\/climatemaster.ge\/az\/product\/lhi-p4-high-efficiency-air-to-water-multipurpose-unit-and-4-pipe-heat-pumps-equipped-with-inverter-compressor-and-axial-fans\/#breadcrumb","itemListElement":[{"@type":"ListItem","position":1,"name":"Home","item":"https:\/\/climatemaster.ge\/"},{"@type":"ListItem","position":2,"name":"M\u0259hsullar","item":"https:\/\/climatemaster.ge\/products\/"},{"@type":"ListItem","position":3,"name":"LHi P4 Y\u00fcks\u0259k s\u0259m\u0259r\u0259li havadan suya \u00e7oxm\u0259qs\u0259dli qur\u011fu v\u0259 \u00e7evirici kompressor v\u0259 eksenel ventilyatorlarla t\u0259chiz olunmu\u015f 4 borulu istilik nasosu"}]},{"@type":"WebSite","@id":"https:\/\/climatemaster.ge\/#website","url":"https:\/\/climatemaster.ge\/","name":"Climate Master","description":"","publisher":{"@id":"https:\/\/climatemaster.ge\/#organization"},"potentialAction":[{"@type":"SearchAction","target":{"@type":"EntryPoint","urlTemplate":"https:\/\/climatemaster.ge\/?s={search_term_string}"},"query-input":{"@type":"PropertyValueSpecification","valueRequired":true,"valueName":"search_term_string"}}],"inLanguage":"az"},{"@type":"Organization","@id":"https:\/\/climatemaster.ge\/#organization","name":"Climate Master","url":"https:\/\/climatemaster.ge\/","logo":{"@type":"ImageObject","inLanguage":"az","@id":"https:\/\/climatemaster.ge\/#\/schema\/logo\/image\/","url":"https:\/\/climatemaster.ge\/wp-content\/uploads\/2026\/03\/Untitled-2.png","contentUrl":"https:\/\/climatemaster.ge\/wp-content\/uploads\/2026\/03\/Untitled-2.png","width":600,"height":338,"caption":"Climate Master"},"image":{"@id":"https:\/\/climatemaster.ge\/#\/schema\/logo\/image\/"}}]}},"_links":{"self":[{"href":"https:\/\/climatemaster.ge\/az\/wp-json\/wp\/v2\/product\/34759","targetHints":{"allow":["GET"]}}],"collection":[{"href":"https:\/\/climatemaster.ge\/az\/wp-json\/wp\/v2\/product"}],"about":[{"href":"https:\/\/climatemaster.ge\/az\/wp-json\/wp\/v2\/types\/product"}],"wp:featuredmedia":[{"embeddable":true,"href":"https:\/\/climatemaster.ge\/az\/wp-json\/wp\/v2\/media\/34753"}],"wp:attachment":[{"href":"https:\/\/climatemaster.ge\/az\/wp-json\/wp\/v2\/media?parent=34759"}],"wp:term":[{"taxonomy":"product_brand","embeddable":true,"href":"https:\/\/climatemaster.ge\/az\/wp-json\/wp\/v2\/product_brand?post=34759"},{"taxonomy":"product_cat","embeddable":true,"href":"https:\/\/climatemaster.ge\/az\/wp-json\/wp\/v2\/product_cat?post=34759"},{"taxonomy":"product_tag","embeddable":true,"href":"https:\/\/climatemaster.ge\/az\/wp-json\/wp\/v2\/product_tag?post=34759"}],"curies":[{"name":"wp","href":"https:\/\/api.w.org\/{rel}","templated":true}]}}