{"id":34744,"date":"2025-06-07T21:18:57","date_gmt":"2025-06-07T17:18:57","guid":{"rendered":"https:\/\/airsystems.ge\/shop\/product\/whk-super-high-temperature-water-to-water-heat-pumps-equipped-with-scroll-compressor\/"},"modified":"2025-06-07T21:23:14","modified_gmt":"2025-06-07T17:23:14","slug":"whk-super-high-temperature-water-to-water-heat-pumps-equipped-with-scroll-compressor","status":"publish","type":"product","link":"https:\/\/climatemaster.ge\/az\/product\/whk-super-high-temperature-water-to-water-heat-pumps-equipped-with-scroll-compressor\/","title":{"rendered":"WHK S\u00fcr\u00fc\u015fd\u00fcrm\u0259 kompressoru il\u0259 t\u0259chiz olunmu\u015f super y\u00fcks\u0259k temperaturlu sudan suya istilik nasoslar\u0131"},"content":{"rendered":"<div class=\"elementor-element elementor-element-391e72ec elementor-widget elementor-widget-theme-post-content\" data-id=\"391e72ec\" data-element_type=\"widget\" data-widget_type=\"theme-post-content.default\">\n<div class=\"elementor-widget-container\">\n<p>WHK istilik nasoslar\u0131 x\u00fcsusil\u0259 orta v\u0259 ya y\u00fcks\u0259k temperaturda m\u0259nb\u0259 enerjisind\u0259n istifad\u0259 ed\u0259n proqramlar \u00fc\u00e7\u00fcn uy\u011fundur. Bu qur\u011fular istilikd\u0259 maksimum s\u0259m\u0259r\u0259liliyin olmas\u0131 laz\u0131m olan t\u0259tbiql\u0259r \u00fc\u00e7\u00fcn y\u00fcks\u0259k v\u0259 ya \u00e7ox y\u00fcks\u0259k temperaturda su hasil etm\u0259k \u00fc\u00e7\u00fcn n\u0259z\u0259rd\u0259 tutulmu\u015fdur. B\u00f6lm\u0259l\u0259r yaln\u0131z isitm\u0259 rejimind\u0259 m\u00f6vcuddur v\u0259 78\u00b0C-\u0259 q\u0259d\u0259r su hasil ed\u0259 bil\u0259r (HT versiyas\u0131). Geni\u015f \u00e7e\u015fidli aksessuarlar optimal h\u0259lli se\u00e7m\u0259y\u0259 imkan verir.<\/p>\n<\/div>\n<\/div>\n<div class=\"elementor-element elementor-element-427e8a79 e-flex e-con-boxed e-con e-child\" data-id=\"427e8a79\" data-element_type=\"container\">\n<div class=\"e-con-inner\">\n<div class=\"elementor-element elementor-element-6e19ed90 hidebutton mc-bl elementor-align-left elementor-widget elementor-widget-button\" data-id=\"6e19ed90\" data-element_type=\"widget\" data-widget_type=\"button.default\">\n<div class=\"elementor-widget-container\">\n<div class=\"elementor-button-wrapper\"><a class=\"elementor-button elementor-button-link elementor-size-sm\" href=\"https:\/\/www.enextechnologies.com\/wp-content\/uploads\/2024\/09\/WHK_ENG.pdf\" target=\"_blank\" rel=\"noopener\"><span class=\"elementor-button-content-wrapper\"><span class=\"elementor-button-text\">BROCHURE<\/span><\/span><\/a><\/div>\n<\/div>\n<\/div>\n<\/div>\n<\/div>\n","protected":false},"excerpt":{"rendered":"<p>\u0130stilik g\u00fcc\u00fc 39 kVt-dan 302 kVt-a q\u0259d\u0259r<\/p>\n","protected":false},"featured_media":34739,"template":"","meta":[],"product_brand":[],"product_cat":[1668,875],"product_tag":[],"class_list":{"0":"post-34744","1":"product","2":"type-product","3":"status-publish","4":"has-post-thumbnail","6":"product_cat-istilik-nasosu","7":"product_cat-snaye-az-kondisionerlr","9":"first","10":"instock","11":"shipping-taxable","12":"product-type-simple"},"yoast_head":"<!-- This site is optimized with the Yoast SEO plugin v27.1.1 - https:\/\/yoast.com\/product\/yoast-seo-wordpress\/ -->\n<title>WHK S\u00fcr\u00fc\u015fd\u00fcrm\u0259 kompressoru il\u0259 t\u0259chiz olunmu\u015f super y\u00fcks\u0259k temperaturlu sudan suya istilik nasoslar\u0131 - Climate Master<\/title>\n<meta name=\"robots\" content=\"index, follow, max-snippet:-1, max-image-preview:large, max-video-preview:-1\" \/>\n<link rel=\"canonical\" href=\"https:\/\/climatemaster.ge\/az\/product\/whk-super-high-temperature-water-to-water-heat-pumps-equipped-with-scroll-compressor\/\" \/>\n<meta property=\"og:locale\" content=\"az_AZ\" \/>\n<meta property=\"og:type\" content=\"article\" \/>\n<meta property=\"og:title\" content=\"WHK S\u00fcr\u00fc\u015fd\u00fcrm\u0259 kompressoru il\u0259 t\u0259chiz olunmu\u015f super y\u00fcks\u0259k temperaturlu sudan suya istilik nasoslar\u0131 - Climate Master\" \/>\n<meta property=\"og:description\" content=\"\u0130stilik g\u00fcc\u00fc 39 kVt-dan 302 kVt-a q\u0259d\u0259r\" \/>\n<meta property=\"og:url\" content=\"https:\/\/climatemaster.ge\/az\/product\/whk-super-high-temperature-water-to-water-heat-pumps-equipped-with-scroll-compressor\/\" \/>\n<meta property=\"og:site_name\" content=\"Climate Master\" \/>\n<meta property=\"article:modified_time\" content=\"2025-06-07T17:23:14+00:00\" \/>\n<meta property=\"og:image\" content=\"https:\/\/climatemaster.ge\/wp-content\/uploads\/2025\/06\/WHK.jpg\" \/>\n\t<meta property=\"og:image:width\" content=\"982\" \/>\n\t<meta property=\"og:image:height\" content=\"1128\" \/>\n\t<meta property=\"og:image:type\" content=\"image\/jpeg\" \/>\n<meta name=\"twitter:card\" content=\"summary_large_image\" \/>\n<script type=\"application\/ld+json\" class=\"yoast-schema-graph\">{\"@context\":\"https:\/\/schema.org\",\"@graph\":[{\"@type\":\"WebPage\",\"@id\":\"https:\/\/climatemaster.ge\/az\/product\/whk-super-high-temperature-water-to-water-heat-pumps-equipped-with-scroll-compressor\/\",\"url\":\"https:\/\/climatemaster.ge\/az\/product\/whk-super-high-temperature-water-to-water-heat-pumps-equipped-with-scroll-compressor\/\",\"name\":\"WHK S\u00fcr\u00fc\u015fd\u00fcrm\u0259 kompressoru il\u0259 t\u0259chiz olunmu\u015f super y\u00fcks\u0259k temperaturlu sudan suya istilik nasoslar\u0131 - Climate Master\",\"isPartOf\":{\"@id\":\"https:\/\/climatemaster.ge\/#website\"},\"primaryImageOfPage\":{\"@id\":\"https:\/\/climatemaster.ge\/az\/product\/whk-super-high-temperature-water-to-water-heat-pumps-equipped-with-scroll-compressor\/#primaryimage\"},\"image\":{\"@id\":\"https:\/\/climatemaster.ge\/az\/product\/whk-super-high-temperature-water-to-water-heat-pumps-equipped-with-scroll-compressor\/#primaryimage\"},\"thumbnailUrl\":\"https:\/\/climatemaster.ge\/wp-content\/uploads\/2025\/06\/WHK.jpg\",\"datePublished\":\"2025-06-07T17:18:57+00:00\",\"dateModified\":\"2025-06-07T17:23:14+00:00\",\"breadcrumb\":{\"@id\":\"https:\/\/climatemaster.ge\/az\/product\/whk-super-high-temperature-water-to-water-heat-pumps-equipped-with-scroll-compressor\/#breadcrumb\"},\"inLanguage\":\"az\",\"potentialAction\":[{\"@type\":\"ReadAction\",\"target\":[\"https:\/\/climatemaster.ge\/az\/product\/whk-super-high-temperature-water-to-water-heat-pumps-equipped-with-scroll-compressor\/\"]}]},{\"@type\":\"ImageObject\",\"inLanguage\":\"az\",\"@id\":\"https:\/\/climatemaster.ge\/az\/product\/whk-super-high-temperature-water-to-water-heat-pumps-equipped-with-scroll-compressor\/#primaryimage\",\"url\":\"https:\/\/climatemaster.ge\/wp-content\/uploads\/2025\/06\/WHK.jpg\",\"contentUrl\":\"https:\/\/climatemaster.ge\/wp-content\/uploads\/2025\/06\/WHK.jpg\",\"width\":982,\"height\":1128},{\"@type\":\"BreadcrumbList\",\"@id\":\"https:\/\/climatemaster.ge\/az\/product\/whk-super-high-temperature-water-to-water-heat-pumps-equipped-with-scroll-compressor\/#breadcrumb\",\"itemListElement\":[{\"@type\":\"ListItem\",\"position\":1,\"name\":\"Home\",\"item\":\"https:\/\/climatemaster.ge\/\"},{\"@type\":\"ListItem\",\"position\":2,\"name\":\"M\u0259hsullar\",\"item\":\"https:\/\/climatemaster.ge\/products\/\"},{\"@type\":\"ListItem\",\"position\":3,\"name\":\"WHK S\u00fcr\u00fc\u015fd\u00fcrm\u0259 kompressoru il\u0259 t\u0259chiz olunmu\u015f super y\u00fcks\u0259k temperaturlu sudan suya istilik nasoslar\u0131\"}]},{\"@type\":\"WebSite\",\"@id\":\"https:\/\/climatemaster.ge\/#website\",\"url\":\"https:\/\/climatemaster.ge\/\",\"name\":\"Climate Master\",\"description\":\"\",\"publisher\":{\"@id\":\"https:\/\/climatemaster.ge\/#organization\"},\"potentialAction\":[{\"@type\":\"SearchAction\",\"target\":{\"@type\":\"EntryPoint\",\"urlTemplate\":\"https:\/\/climatemaster.ge\/?s={search_term_string}\"},\"query-input\":{\"@type\":\"PropertyValueSpecification\",\"valueRequired\":true,\"valueName\":\"search_term_string\"}}],\"inLanguage\":\"az\"},{\"@type\":\"Organization\",\"@id\":\"https:\/\/climatemaster.ge\/#organization\",\"name\":\"Climate Master\",\"url\":\"https:\/\/climatemaster.ge\/\",\"logo\":{\"@type\":\"ImageObject\",\"inLanguage\":\"az\",\"@id\":\"https:\/\/climatemaster.ge\/#\/schema\/logo\/image\/\",\"url\":\"https:\/\/climatemaster.ge\/wp-content\/uploads\/2026\/03\/Untitled-2.png\",\"contentUrl\":\"https:\/\/climatemaster.ge\/wp-content\/uploads\/2026\/03\/Untitled-2.png\",\"width\":600,\"height\":338,\"caption\":\"Climate Master\"},\"image\":{\"@id\":\"https:\/\/climatemaster.ge\/#\/schema\/logo\/image\/\"}}]}<\/script>\n<!-- \/ Yoast SEO plugin. -->","yoast_head_json":{"title":"WHK S\u00fcr\u00fc\u015fd\u00fcrm\u0259 kompressoru il\u0259 t\u0259chiz olunmu\u015f super y\u00fcks\u0259k temperaturlu sudan suya istilik nasoslar\u0131 - Climate Master","robots":{"index":"index","follow":"follow","max-snippet":"max-snippet:-1","max-image-preview":"max-image-preview:large","max-video-preview":"max-video-preview:-1"},"canonical":"https:\/\/climatemaster.ge\/az\/product\/whk-super-high-temperature-water-to-water-heat-pumps-equipped-with-scroll-compressor\/","og_locale":"az_AZ","og_type":"article","og_title":"WHK S\u00fcr\u00fc\u015fd\u00fcrm\u0259 kompressoru il\u0259 t\u0259chiz olunmu\u015f super y\u00fcks\u0259k temperaturlu sudan suya istilik nasoslar\u0131 - Climate Master","og_description":"\u0130stilik g\u00fcc\u00fc 39 kVt-dan 302 kVt-a q\u0259d\u0259r","og_url":"https:\/\/climatemaster.ge\/az\/product\/whk-super-high-temperature-water-to-water-heat-pumps-equipped-with-scroll-compressor\/","og_site_name":"Climate Master","article_modified_time":"2025-06-07T17:23:14+00:00","og_image":[{"width":982,"height":1128,"url":"https:\/\/climatemaster.ge\/wp-content\/uploads\/2025\/06\/WHK.jpg","type":"image\/jpeg"}],"twitter_card":"summary_large_image","schema":{"@context":"https:\/\/schema.org","@graph":[{"@type":"WebPage","@id":"https:\/\/climatemaster.ge\/az\/product\/whk-super-high-temperature-water-to-water-heat-pumps-equipped-with-scroll-compressor\/","url":"https:\/\/climatemaster.ge\/az\/product\/whk-super-high-temperature-water-to-water-heat-pumps-equipped-with-scroll-compressor\/","name":"WHK S\u00fcr\u00fc\u015fd\u00fcrm\u0259 kompressoru il\u0259 t\u0259chiz olunmu\u015f super y\u00fcks\u0259k temperaturlu sudan suya istilik nasoslar\u0131 - Climate Master","isPartOf":{"@id":"https:\/\/climatemaster.ge\/#website"},"primaryImageOfPage":{"@id":"https:\/\/climatemaster.ge\/az\/product\/whk-super-high-temperature-water-to-water-heat-pumps-equipped-with-scroll-compressor\/#primaryimage"},"image":{"@id":"https:\/\/climatemaster.ge\/az\/product\/whk-super-high-temperature-water-to-water-heat-pumps-equipped-with-scroll-compressor\/#primaryimage"},"thumbnailUrl":"https:\/\/climatemaster.ge\/wp-content\/uploads\/2025\/06\/WHK.jpg","datePublished":"2025-06-07T17:18:57+00:00","dateModified":"2025-06-07T17:23:14+00:00","breadcrumb":{"@id":"https:\/\/climatemaster.ge\/az\/product\/whk-super-high-temperature-water-to-water-heat-pumps-equipped-with-scroll-compressor\/#breadcrumb"},"inLanguage":"az","potentialAction":[{"@type":"ReadAction","target":["https:\/\/climatemaster.ge\/az\/product\/whk-super-high-temperature-water-to-water-heat-pumps-equipped-with-scroll-compressor\/"]}]},{"@type":"ImageObject","inLanguage":"az","@id":"https:\/\/climatemaster.ge\/az\/product\/whk-super-high-temperature-water-to-water-heat-pumps-equipped-with-scroll-compressor\/#primaryimage","url":"https:\/\/climatemaster.ge\/wp-content\/uploads\/2025\/06\/WHK.jpg","contentUrl":"https:\/\/climatemaster.ge\/wp-content\/uploads\/2025\/06\/WHK.jpg","width":982,"height":1128},{"@type":"BreadcrumbList","@id":"https:\/\/climatemaster.ge\/az\/product\/whk-super-high-temperature-water-to-water-heat-pumps-equipped-with-scroll-compressor\/#breadcrumb","itemListElement":[{"@type":"ListItem","position":1,"name":"Home","item":"https:\/\/climatemaster.ge\/"},{"@type":"ListItem","position":2,"name":"M\u0259hsullar","item":"https:\/\/climatemaster.ge\/products\/"},{"@type":"ListItem","position":3,"name":"WHK S\u00fcr\u00fc\u015fd\u00fcrm\u0259 kompressoru il\u0259 t\u0259chiz olunmu\u015f super y\u00fcks\u0259k temperaturlu sudan suya istilik nasoslar\u0131"}]},{"@type":"WebSite","@id":"https:\/\/climatemaster.ge\/#website","url":"https:\/\/climatemaster.ge\/","name":"Climate Master","description":"","publisher":{"@id":"https:\/\/climatemaster.ge\/#organization"},"potentialAction":[{"@type":"SearchAction","target":{"@type":"EntryPoint","urlTemplate":"https:\/\/climatemaster.ge\/?s={search_term_string}"},"query-input":{"@type":"PropertyValueSpecification","valueRequired":true,"valueName":"search_term_string"}}],"inLanguage":"az"},{"@type":"Organization","@id":"https:\/\/climatemaster.ge\/#organization","name":"Climate Master","url":"https:\/\/climatemaster.ge\/","logo":{"@type":"ImageObject","inLanguage":"az","@id":"https:\/\/climatemaster.ge\/#\/schema\/logo\/image\/","url":"https:\/\/climatemaster.ge\/wp-content\/uploads\/2026\/03\/Untitled-2.png","contentUrl":"https:\/\/climatemaster.ge\/wp-content\/uploads\/2026\/03\/Untitled-2.png","width":600,"height":338,"caption":"Climate Master"},"image":{"@id":"https:\/\/climatemaster.ge\/#\/schema\/logo\/image\/"}}]}},"_links":{"self":[{"href":"https:\/\/climatemaster.ge\/az\/wp-json\/wp\/v2\/product\/34744","targetHints":{"allow":["GET"]}}],"collection":[{"href":"https:\/\/climatemaster.ge\/az\/wp-json\/wp\/v2\/product"}],"about":[{"href":"https:\/\/climatemaster.ge\/az\/wp-json\/wp\/v2\/types\/product"}],"wp:featuredmedia":[{"embeddable":true,"href":"https:\/\/climatemaster.ge\/az\/wp-json\/wp\/v2\/media\/34739"}],"wp:attachment":[{"href":"https:\/\/climatemaster.ge\/az\/wp-json\/wp\/v2\/media?parent=34744"}],"wp:term":[{"taxonomy":"product_brand","embeddable":true,"href":"https:\/\/climatemaster.ge\/az\/wp-json\/wp\/v2\/product_brand?post=34744"},{"taxonomy":"product_cat","embeddable":true,"href":"https:\/\/climatemaster.ge\/az\/wp-json\/wp\/v2\/product_cat?post=34744"},{"taxonomy":"product_tag","embeddable":true,"href":"https:\/\/climatemaster.ge\/az\/wp-json\/wp\/v2\/product_tag?post=34744"}],"curies":[{"name":"wp","href":"https:\/\/api.w.org\/{rel}","templated":true}]}}