{"id":34713,"date":"2025-06-07T21:00:18","date_gmt":"2025-06-07T17:00:18","guid":{"rendered":"https:\/\/airsystems.ge\/shop\/product\/wza-ground-source-water-to-water-heat-pumps-equipped-with-scroll-compressor\/"},"modified":"2025-06-07T21:05:18","modified_gmt":"2025-06-07T17:05:18","slug":"wza-ground-source-water-to-water-heat-pumps-equipped-with-scroll-compressor","status":"publish","type":"product","link":"https:\/\/climatemaster.ge\/az\/product\/wza-ground-source-water-to-water-heat-pumps-equipped-with-scroll-compressor\/","title":{"rendered":"WZA Torpaq m\u0259nb\u0259yi, sudan suya istilik nasoslar\u0131 s\u00fcr\u00fc\u015fm\u0259 kompressoru il\u0259 t\u0259chiz edilmi\u015fdir"},"content":{"rendered":"<div class=\"elementor-element elementor-element-391e72ec elementor-widget elementor-widget-theme-post-content\" data-id=\"391e72ec\" data-element_type=\"widget\" data-widget_type=\"theme-post-content.default\">\n<div class=\"elementor-widget-container\">\n<p>WZA istilik nasoslar\u0131 quyu suyu v\u0259 ya yer m\u0259nb\u0259yi zondlar\u0131ndan istifad\u0259 ed\u0259n proqramlar \u00fc\u00e7\u00fcn x\u00fcsusil\u0259 uy\u011fundur. Bu qur\u011fular radiasiyal\u0131 d\u00f6\u015f\u0259m\u0259 isitm\u0259 sisteml\u0259ri v\u0259 ya q\u0131zd\u0131r\u0131lan zaman maksimum s\u0259m\u0259r\u0259liliyin olmas\u0131 laz\u0131m olan t\u0259tbiql\u0259r \u00fc\u00e7\u00fcn n\u0259z\u0259rd\u0259 tutulmu\u015fdur. Onlar istilik rejimind\u0259 optimalla\u015fd\u0131r\u0131lm\u0131\u015fd\u0131r v\u0259 60\u00b0C-\u0259 q\u0259d\u0259r su istehsal ed\u0259 bilirl\u0259r. WZA istilik nasoslar\u0131 bir ne\u00e7\u0259 versiyada m\u00f6vcuddur. \u018fn sad\u0259si yaln\u0131z istilik t\u0259min ed\u0259 bil\u0259n 2 borulu bir qur\u011fudur. Xarici 3 portlu klapan qura\u015fd\u0131rmaqla qur\u011fu ya istilik v\u0259 ya m\u0259i\u015f\u0259t isti suyu t\u0259min ed\u0259 bil\u0259r. Ayr\u0131 bir hidravlik d\u00f6vr\u0259d\u0259 m\u0259i\u015f\u0259t isti suyu istehsal ed\u0259n v\u0259 qur\u011funun istilik v\u0259 ya soyutma rejimind\u0259 olmas\u0131ndan as\u0131l\u0131 olmayaraq bunu yarada bil\u0259n 4 borulu qur\u011fu da var. F\u0259rqli versiyalar v\u0259 geni\u015f \u00e7e\u015fidli aksessuarlar optimal h\u0259lli se\u00e7m\u0259k imkan\u0131 verir.<\/p>\n<\/div>\n<\/div>\n<div class=\"elementor-element elementor-element-427e8a79 e-flex e-con-boxed e-con e-child\" data-id=\"427e8a79\" data-element_type=\"container\">\n<div class=\"e-con-inner\">\n<div class=\"elementor-element elementor-element-6e19ed90 hidebutton mc-bl elementor-align-left elementor-widget elementor-widget-button\" data-id=\"6e19ed90\" data-element_type=\"widget\" data-widget_type=\"button.default\">\n<div class=\"elementor-widget-container\">\n<div class=\"elementor-button-wrapper\"><a class=\"elementor-button elementor-button-link elementor-size-sm\" href=\"https:\/\/www.enextechnologies.com\/wp-content\/uploads\/2024\/09\/WZA_ENG.pdf\" target=\"_blank\" rel=\"noopener\"><span class=\"elementor-button-content-wrapper\"><span class=\"elementor-button-text\">BROCHURE<\/span><\/span><\/a><\/div>\n<\/div>\n<\/div>\n<\/div>\n<\/div>\n","protected":false},"excerpt":{"rendered":"<p>7 kVt-dan 45 kVt-a q\u0259d\u0259r istilik g\u00fcc\u00fc<\/p>\n","protected":false},"featured_media":34708,"template":"","meta":[],"product_brand":[],"product_cat":[1668,875],"product_tag":[],"class_list":{"0":"post-34713","1":"product","2":"type-product","3":"status-publish","4":"has-post-thumbnail","6":"product_cat-istilik-nasosu","7":"product_cat-snaye-az-kondisionerlr","9":"first","10":"instock","11":"shipping-taxable","12":"product-type-simple"},"yoast_head":"<!-- This site is optimized with the Yoast SEO plugin v27.1.1 - https:\/\/yoast.com\/product\/yoast-seo-wordpress\/ -->\n<title>WZA Torpaq m\u0259nb\u0259yi, sudan suya istilik nasoslar\u0131 s\u00fcr\u00fc\u015fm\u0259 kompressoru il\u0259 t\u0259chiz edilmi\u015fdir - Climate Master<\/title>\n<meta name=\"robots\" content=\"index, follow, max-snippet:-1, max-image-preview:large, max-video-preview:-1\" \/>\n<link rel=\"canonical\" href=\"https:\/\/climatemaster.ge\/az\/product\/wza-ground-source-water-to-water-heat-pumps-equipped-with-scroll-compressor\/\" \/>\n<meta property=\"og:locale\" content=\"az_AZ\" \/>\n<meta property=\"og:type\" content=\"article\" \/>\n<meta property=\"og:title\" content=\"WZA Torpaq m\u0259nb\u0259yi, sudan suya istilik nasoslar\u0131 s\u00fcr\u00fc\u015fm\u0259 kompressoru il\u0259 t\u0259chiz edilmi\u015fdir - Climate Master\" \/>\n<meta property=\"og:description\" content=\"7 kVt-dan 45 kVt-a q\u0259d\u0259r istilik g\u00fcc\u00fc\" \/>\n<meta property=\"og:url\" content=\"https:\/\/climatemaster.ge\/az\/product\/wza-ground-source-water-to-water-heat-pumps-equipped-with-scroll-compressor\/\" \/>\n<meta property=\"og:site_name\" content=\"Climate Master\" \/>\n<meta property=\"article:modified_time\" content=\"2025-06-07T17:05:18+00:00\" \/>\n<meta property=\"og:image\" content=\"https:\/\/climatemaster.ge\/wp-content\/uploads\/2025\/06\/WZA.jpg\" \/>\n\t<meta property=\"og:image:width\" content=\"886\" \/>\n\t<meta property=\"og:image:height\" content=\"886\" \/>\n\t<meta property=\"og:image:type\" content=\"image\/jpeg\" \/>\n<meta name=\"twitter:card\" content=\"summary_large_image\" \/>\n<meta name=\"twitter:label1\" content=\"Est. reading time\" \/>\n\t<meta name=\"twitter:data1\" content=\"1 minute\" \/>\n<script type=\"application\/ld+json\" class=\"yoast-schema-graph\">{\"@context\":\"https:\/\/schema.org\",\"@graph\":[{\"@type\":\"WebPage\",\"@id\":\"https:\/\/climatemaster.ge\/az\/product\/wza-ground-source-water-to-water-heat-pumps-equipped-with-scroll-compressor\/\",\"url\":\"https:\/\/climatemaster.ge\/az\/product\/wza-ground-source-water-to-water-heat-pumps-equipped-with-scroll-compressor\/\",\"name\":\"WZA Torpaq m\u0259nb\u0259yi, sudan suya istilik nasoslar\u0131 s\u00fcr\u00fc\u015fm\u0259 kompressoru il\u0259 t\u0259chiz edilmi\u015fdir - Climate Master\",\"isPartOf\":{\"@id\":\"https:\/\/climatemaster.ge\/#website\"},\"primaryImageOfPage\":{\"@id\":\"https:\/\/climatemaster.ge\/az\/product\/wza-ground-source-water-to-water-heat-pumps-equipped-with-scroll-compressor\/#primaryimage\"},\"image\":{\"@id\":\"https:\/\/climatemaster.ge\/az\/product\/wza-ground-source-water-to-water-heat-pumps-equipped-with-scroll-compressor\/#primaryimage\"},\"thumbnailUrl\":\"https:\/\/climatemaster.ge\/wp-content\/uploads\/2025\/06\/WZA.jpg\",\"datePublished\":\"2025-06-07T17:00:18+00:00\",\"dateModified\":\"2025-06-07T17:05:18+00:00\",\"breadcrumb\":{\"@id\":\"https:\/\/climatemaster.ge\/az\/product\/wza-ground-source-water-to-water-heat-pumps-equipped-with-scroll-compressor\/#breadcrumb\"},\"inLanguage\":\"az\",\"potentialAction\":[{\"@type\":\"ReadAction\",\"target\":[\"https:\/\/climatemaster.ge\/az\/product\/wza-ground-source-water-to-water-heat-pumps-equipped-with-scroll-compressor\/\"]}]},{\"@type\":\"ImageObject\",\"inLanguage\":\"az\",\"@id\":\"https:\/\/climatemaster.ge\/az\/product\/wza-ground-source-water-to-water-heat-pumps-equipped-with-scroll-compressor\/#primaryimage\",\"url\":\"https:\/\/climatemaster.ge\/wp-content\/uploads\/2025\/06\/WZA.jpg\",\"contentUrl\":\"https:\/\/climatemaster.ge\/wp-content\/uploads\/2025\/06\/WZA.jpg\",\"width\":886,\"height\":886},{\"@type\":\"BreadcrumbList\",\"@id\":\"https:\/\/climatemaster.ge\/az\/product\/wza-ground-source-water-to-water-heat-pumps-equipped-with-scroll-compressor\/#breadcrumb\",\"itemListElement\":[{\"@type\":\"ListItem\",\"position\":1,\"name\":\"Home\",\"item\":\"https:\/\/climatemaster.ge\/\"},{\"@type\":\"ListItem\",\"position\":2,\"name\":\"M\u0259hsullar\",\"item\":\"https:\/\/climatemaster.ge\/products\/\"},{\"@type\":\"ListItem\",\"position\":3,\"name\":\"WZA Torpaq m\u0259nb\u0259yi, sudan suya istilik nasoslar\u0131 s\u00fcr\u00fc\u015fm\u0259 kompressoru il\u0259 t\u0259chiz edilmi\u015fdir\"}]},{\"@type\":\"WebSite\",\"@id\":\"https:\/\/climatemaster.ge\/#website\",\"url\":\"https:\/\/climatemaster.ge\/\",\"name\":\"Climate Master\",\"description\":\"\",\"publisher\":{\"@id\":\"https:\/\/climatemaster.ge\/#organization\"},\"potentialAction\":[{\"@type\":\"SearchAction\",\"target\":{\"@type\":\"EntryPoint\",\"urlTemplate\":\"https:\/\/climatemaster.ge\/?s={search_term_string}\"},\"query-input\":{\"@type\":\"PropertyValueSpecification\",\"valueRequired\":true,\"valueName\":\"search_term_string\"}}],\"inLanguage\":\"az\"},{\"@type\":\"Organization\",\"@id\":\"https:\/\/climatemaster.ge\/#organization\",\"name\":\"Climate Master\",\"url\":\"https:\/\/climatemaster.ge\/\",\"logo\":{\"@type\":\"ImageObject\",\"inLanguage\":\"az\",\"@id\":\"https:\/\/climatemaster.ge\/#\/schema\/logo\/image\/\",\"url\":\"https:\/\/climatemaster.ge\/wp-content\/uploads\/2026\/03\/Untitled-2.png\",\"contentUrl\":\"https:\/\/climatemaster.ge\/wp-content\/uploads\/2026\/03\/Untitled-2.png\",\"width\":600,\"height\":338,\"caption\":\"Climate Master\"},\"image\":{\"@id\":\"https:\/\/climatemaster.ge\/#\/schema\/logo\/image\/\"}}]}<\/script>\n<!-- \/ Yoast SEO plugin. -->","yoast_head_json":{"title":"WZA Torpaq m\u0259nb\u0259yi, sudan suya istilik nasoslar\u0131 s\u00fcr\u00fc\u015fm\u0259 kompressoru il\u0259 t\u0259chiz edilmi\u015fdir - Climate Master","robots":{"index":"index","follow":"follow","max-snippet":"max-snippet:-1","max-image-preview":"max-image-preview:large","max-video-preview":"max-video-preview:-1"},"canonical":"https:\/\/climatemaster.ge\/az\/product\/wza-ground-source-water-to-water-heat-pumps-equipped-with-scroll-compressor\/","og_locale":"az_AZ","og_type":"article","og_title":"WZA Torpaq m\u0259nb\u0259yi, sudan suya istilik nasoslar\u0131 s\u00fcr\u00fc\u015fm\u0259 kompressoru il\u0259 t\u0259chiz edilmi\u015fdir - Climate Master","og_description":"7 kVt-dan 45 kVt-a q\u0259d\u0259r istilik g\u00fcc\u00fc","og_url":"https:\/\/climatemaster.ge\/az\/product\/wza-ground-source-water-to-water-heat-pumps-equipped-with-scroll-compressor\/","og_site_name":"Climate Master","article_modified_time":"2025-06-07T17:05:18+00:00","og_image":[{"width":886,"height":886,"url":"https:\/\/climatemaster.ge\/wp-content\/uploads\/2025\/06\/WZA.jpg","type":"image\/jpeg"}],"twitter_card":"summary_large_image","twitter_misc":{"Est. reading time":"1 minute"},"schema":{"@context":"https:\/\/schema.org","@graph":[{"@type":"WebPage","@id":"https:\/\/climatemaster.ge\/az\/product\/wza-ground-source-water-to-water-heat-pumps-equipped-with-scroll-compressor\/","url":"https:\/\/climatemaster.ge\/az\/product\/wza-ground-source-water-to-water-heat-pumps-equipped-with-scroll-compressor\/","name":"WZA Torpaq m\u0259nb\u0259yi, sudan suya istilik nasoslar\u0131 s\u00fcr\u00fc\u015fm\u0259 kompressoru il\u0259 t\u0259chiz edilmi\u015fdir - Climate Master","isPartOf":{"@id":"https:\/\/climatemaster.ge\/#website"},"primaryImageOfPage":{"@id":"https:\/\/climatemaster.ge\/az\/product\/wza-ground-source-water-to-water-heat-pumps-equipped-with-scroll-compressor\/#primaryimage"},"image":{"@id":"https:\/\/climatemaster.ge\/az\/product\/wza-ground-source-water-to-water-heat-pumps-equipped-with-scroll-compressor\/#primaryimage"},"thumbnailUrl":"https:\/\/climatemaster.ge\/wp-content\/uploads\/2025\/06\/WZA.jpg","datePublished":"2025-06-07T17:00:18+00:00","dateModified":"2025-06-07T17:05:18+00:00","breadcrumb":{"@id":"https:\/\/climatemaster.ge\/az\/product\/wza-ground-source-water-to-water-heat-pumps-equipped-with-scroll-compressor\/#breadcrumb"},"inLanguage":"az","potentialAction":[{"@type":"ReadAction","target":["https:\/\/climatemaster.ge\/az\/product\/wza-ground-source-water-to-water-heat-pumps-equipped-with-scroll-compressor\/"]}]},{"@type":"ImageObject","inLanguage":"az","@id":"https:\/\/climatemaster.ge\/az\/product\/wza-ground-source-water-to-water-heat-pumps-equipped-with-scroll-compressor\/#primaryimage","url":"https:\/\/climatemaster.ge\/wp-content\/uploads\/2025\/06\/WZA.jpg","contentUrl":"https:\/\/climatemaster.ge\/wp-content\/uploads\/2025\/06\/WZA.jpg","width":886,"height":886},{"@type":"BreadcrumbList","@id":"https:\/\/climatemaster.ge\/az\/product\/wza-ground-source-water-to-water-heat-pumps-equipped-with-scroll-compressor\/#breadcrumb","itemListElement":[{"@type":"ListItem","position":1,"name":"Home","item":"https:\/\/climatemaster.ge\/"},{"@type":"ListItem","position":2,"name":"M\u0259hsullar","item":"https:\/\/climatemaster.ge\/products\/"},{"@type":"ListItem","position":3,"name":"WZA Torpaq m\u0259nb\u0259yi, sudan suya istilik nasoslar\u0131 s\u00fcr\u00fc\u015fm\u0259 kompressoru il\u0259 t\u0259chiz edilmi\u015fdir"}]},{"@type":"WebSite","@id":"https:\/\/climatemaster.ge\/#website","url":"https:\/\/climatemaster.ge\/","name":"Climate Master","description":"","publisher":{"@id":"https:\/\/climatemaster.ge\/#organization"},"potentialAction":[{"@type":"SearchAction","target":{"@type":"EntryPoint","urlTemplate":"https:\/\/climatemaster.ge\/?s={search_term_string}"},"query-input":{"@type":"PropertyValueSpecification","valueRequired":true,"valueName":"search_term_string"}}],"inLanguage":"az"},{"@type":"Organization","@id":"https:\/\/climatemaster.ge\/#organization","name":"Climate Master","url":"https:\/\/climatemaster.ge\/","logo":{"@type":"ImageObject","inLanguage":"az","@id":"https:\/\/climatemaster.ge\/#\/schema\/logo\/image\/","url":"https:\/\/climatemaster.ge\/wp-content\/uploads\/2026\/03\/Untitled-2.png","contentUrl":"https:\/\/climatemaster.ge\/wp-content\/uploads\/2026\/03\/Untitled-2.png","width":600,"height":338,"caption":"Climate Master"},"image":{"@id":"https:\/\/climatemaster.ge\/#\/schema\/logo\/image\/"}}]}},"_links":{"self":[{"href":"https:\/\/climatemaster.ge\/az\/wp-json\/wp\/v2\/product\/34713","targetHints":{"allow":["GET"]}}],"collection":[{"href":"https:\/\/climatemaster.ge\/az\/wp-json\/wp\/v2\/product"}],"about":[{"href":"https:\/\/climatemaster.ge\/az\/wp-json\/wp\/v2\/types\/product"}],"wp:featuredmedia":[{"embeddable":true,"href":"https:\/\/climatemaster.ge\/az\/wp-json\/wp\/v2\/media\/34708"}],"wp:attachment":[{"href":"https:\/\/climatemaster.ge\/az\/wp-json\/wp\/v2\/media?parent=34713"}],"wp:term":[{"taxonomy":"product_brand","embeddable":true,"href":"https:\/\/climatemaster.ge\/az\/wp-json\/wp\/v2\/product_brand?post=34713"},{"taxonomy":"product_cat","embeddable":true,"href":"https:\/\/climatemaster.ge\/az\/wp-json\/wp\/v2\/product_cat?post=34713"},{"taxonomy":"product_tag","embeddable":true,"href":"https:\/\/climatemaster.ge\/az\/wp-json\/wp\/v2\/product_tag?post=34713"}],"curies":[{"name":"wp","href":"https:\/\/api.w.org\/{rel}","templated":true}]}}