{"id":34668,"date":"2025-06-07T16:42:51","date_gmt":"2025-06-07T12:42:51","guid":{"rendered":"https:\/\/airsystems.ge\/shop\/product\/free-cooling-systems-fccb-series\/"},"modified":"2025-06-07T16:45:38","modified_gmt":"2025-06-07T12:45:38","slug":"free-cooling-systems-fccb-series","status":"publish","type":"product","link":"https:\/\/climatemaster.ge\/az\/product\/free-cooling-systems-fccb-series\/","title":{"rendered":"Pulsuz soyutma sisteml\u0259ri FCCBE seriyas\u0131 Free cooling"},"content":{"rendered":"<div class=\"elementor-element elementor-element-f80f489 elementor-widget elementor-widget-heading\" data-id=\"f80f489\" data-element_type=\"widget\" data-widget_type=\"heading.default\">\n<div class=\"elementor-widget-container\">\n<div class=\"elementor-heading-title elementor-size-default\">\n<p>Kanalla\u015fd\u0131r\u0131lm\u0131\u015f barmaql\u0131qlarla pulsuz soyutma sisteml\u0259ri<br \/>\nHava ax\u0131n\u0131 s\u00fcr\u0259ti 2500 m\u00b3\/saatdan 7000 m\u00b3\/saata q\u0259d\u0259r<\/p>\n<p>S\u0259rb\u0259st soyutma sistemi, \u0259sas m\u0259qs\u0259d avadanl\u0131q t\u0259r\u0259find\u0259n yaranan istiliyi xarici m\u00fchit\u0259 \u00f6t\u00fcrm\u0259k (da\u011f\u0131lma \u00fc\u00e7\u00fcn) il\u0259 davaml\u0131 hava d\u0259yi\u015fiklikl\u0259rini t\u0259min etm\u0259k x\u00fcsusiyy\u0259tin\u0259 malikdir. H\u0259ll \u0259vv\u0259ll\u0259r pulsuz soyutma sistemi olmayan kondisionerl\u0259rin qura\u015fd\u0131r\u0131ld\u0131\u011f\u0131 yerl\u0259rd\u0259 d\u0259 y\u00fcks\u0259k ENERJ\u0130Y\u018f Q\u018fNA\u018fT VERM\u018f \u00fc\u00e7\u00fcn n\u0259z\u0259rd\u0259 tutulmu\u015fdur.<\/p>\n<p>\u018fsas X\u00fcsusiyy\u0259tl\u0259r<\/p>\n<p>PLC n\u0259zar\u0259t<br \/>\nM\u0259rk\u0259zd\u0259nqa\u00e7ma fan\u0131 EC, 48Vdc (ist\u0259y\u0259 g\u00f6r\u0259 230Vac)<br \/>\nA\u015fa\u011f\u0131 s\u0259s-k\u00fcy s\u0259viyy\u0259l\u0259ri<br \/>\nKanalizasiya imkan\u0131<\/p>\n<\/div>\n<\/div>\n<\/div>\n<div class=\"elementor-element elementor-element-427e8a79 e-flex e-con-boxed e-con e-child\" data-id=\"427e8a79\" data-element_type=\"container\">\n<div class=\"e-con-inner\">\n<div class=\"elementor-element elementor-element-6e19ed90 hidebutton mc-bl elementor-align-left elementor-widget elementor-widget-button\" data-id=\"6e19ed90\" data-element_type=\"widget\" data-widget_type=\"button.default\">\n<div class=\"elementor-widget-container\">\n<div class=\"elementor-button-wrapper\"><a class=\"elementor-button elementor-button-link elementor-size-sm\" href=\"https:\/\/www.enextechnologies.com\/wp-content\/uploads\/2025\/06\/FCCB-SERIE_ENG.pdf\" target=\"_blank\" rel=\"noopener\"><span class=\"elementor-button-content-wrapper\"><span class=\"elementor-button-text\">BROCHURE<\/span><\/span><\/a><\/div>\n<\/div>\n<\/div>\n<\/div>\n<\/div>\n","protected":false},"excerpt":{"rendered":"<p>Kanalla\u015fd\u0131r\u0131lm\u0131\u015f barmaql\u0131qlarla pulsuz soyutma sisteml\u0259ri Hava ax\u0131n\u0131 s\u00fcr\u0259ti 2500 m\u00b3\/saatdan 7000 m\u00b3\/saata q\u0259d\u0259r S\u0259rb\u0259st soyutma sistemi, \u0259sas m\u0259qs\u0259d avadanl\u0131q t\u0259r\u0259find\u0259n<\/p>\n","protected":false},"featured_media":34662,"template":"","meta":[],"product_brand":[],"product_cat":[1300,875],"product_tag":[],"class_list":{"0":"post-34668","1":"product","2":"type-product","3":"status-publish","4":"has-post-thumbnail","6":"product_cat-free-cooling-soyuducu-az","7":"product_cat-snaye-az-kondisionerlr","9":"first","10":"instock","11":"shipping-taxable","12":"product-type-simple"},"yoast_head":"<!-- This site is optimized with the Yoast SEO plugin v27.1.1 - https:\/\/yoast.com\/product\/yoast-seo-wordpress\/ -->\n<title>Pulsuz soyutma sisteml\u0259ri FCCBE seriyas\u0131 Free cooling - Climate Master<\/title>\n<meta name=\"robots\" content=\"index, follow, max-snippet:-1, max-image-preview:large, max-video-preview:-1\" \/>\n<link rel=\"canonical\" href=\"https:\/\/climatemaster.ge\/az\/product\/free-cooling-systems-fccb-series\/\" \/>\n<meta property=\"og:locale\" content=\"az_AZ\" \/>\n<meta property=\"og:type\" content=\"article\" \/>\n<meta property=\"og:title\" content=\"Pulsuz soyutma sisteml\u0259ri FCCBE seriyas\u0131 Free cooling - Climate Master\" \/>\n<meta property=\"og:description\" content=\"Kanalla\u015fd\u0131r\u0131lm\u0131\u015f barmaql\u0131qlarla pulsuz soyutma sisteml\u0259ri Hava ax\u0131n\u0131 s\u00fcr\u0259ti 2500 m\u00b3\/saatdan 7000 m\u00b3\/saata q\u0259d\u0259r S\u0259rb\u0259st soyutma sistemi, \u0259sas m\u0259qs\u0259d avadanl\u0131q t\u0259r\u0259find\u0259n\" \/>\n<meta property=\"og:url\" content=\"https:\/\/climatemaster.ge\/az\/product\/free-cooling-systems-fccb-series\/\" \/>\n<meta property=\"og:site_name\" content=\"Climate Master\" \/>\n<meta property=\"article:modified_time\" content=\"2025-06-07T12:45:38+00:00\" \/>\n<meta property=\"og:image\" content=\"https:\/\/climatemaster.ge\/wp-content\/uploads\/2025\/06\/sistemi-free-cooling-serie-FCCB.png\" \/>\n\t<meta property=\"og:image:width\" content=\"2560\" \/>\n\t<meta property=\"og:image:height\" content=\"1920\" \/>\n\t<meta property=\"og:image:type\" content=\"image\/png\" \/>\n<meta name=\"twitter:card\" content=\"summary_large_image\" \/>\n<meta name=\"twitter:label1\" content=\"Est. reading time\" \/>\n\t<meta name=\"twitter:data1\" content=\"1 minute\" \/>\n<script type=\"application\/ld+json\" class=\"yoast-schema-graph\">{\"@context\":\"https:\/\/schema.org\",\"@graph\":[{\"@type\":\"WebPage\",\"@id\":\"https:\/\/climatemaster.ge\/az\/product\/free-cooling-systems-fccb-series\/\",\"url\":\"https:\/\/climatemaster.ge\/az\/product\/free-cooling-systems-fccb-series\/\",\"name\":\"Pulsuz soyutma sisteml\u0259ri FCCBE seriyas\u0131 Free cooling - Climate Master\",\"isPartOf\":{\"@id\":\"https:\/\/climatemaster.ge\/#website\"},\"primaryImageOfPage\":{\"@id\":\"https:\/\/climatemaster.ge\/az\/product\/free-cooling-systems-fccb-series\/#primaryimage\"},\"image\":{\"@id\":\"https:\/\/climatemaster.ge\/az\/product\/free-cooling-systems-fccb-series\/#primaryimage\"},\"thumbnailUrl\":\"https:\/\/climatemaster.ge\/wp-content\/uploads\/2025\/06\/sistemi-free-cooling-serie-FCCB.png\",\"datePublished\":\"2025-06-07T12:42:51+00:00\",\"dateModified\":\"2025-06-07T12:45:38+00:00\",\"breadcrumb\":{\"@id\":\"https:\/\/climatemaster.ge\/az\/product\/free-cooling-systems-fccb-series\/#breadcrumb\"},\"inLanguage\":\"az\",\"potentialAction\":[{\"@type\":\"ReadAction\",\"target\":[\"https:\/\/climatemaster.ge\/az\/product\/free-cooling-systems-fccb-series\/\"]}]},{\"@type\":\"ImageObject\",\"inLanguage\":\"az\",\"@id\":\"https:\/\/climatemaster.ge\/az\/product\/free-cooling-systems-fccb-series\/#primaryimage\",\"url\":\"https:\/\/climatemaster.ge\/wp-content\/uploads\/2025\/06\/sistemi-free-cooling-serie-FCCB.png\",\"contentUrl\":\"https:\/\/climatemaster.ge\/wp-content\/uploads\/2025\/06\/sistemi-free-cooling-serie-FCCB.png\",\"width\":2560,\"height\":1920},{\"@type\":\"BreadcrumbList\",\"@id\":\"https:\/\/climatemaster.ge\/az\/product\/free-cooling-systems-fccb-series\/#breadcrumb\",\"itemListElement\":[{\"@type\":\"ListItem\",\"position\":1,\"name\":\"Home\",\"item\":\"https:\/\/climatemaster.ge\/\"},{\"@type\":\"ListItem\",\"position\":2,\"name\":\"M\u0259hsullar\",\"item\":\"https:\/\/climatemaster.ge\/products\/\"},{\"@type\":\"ListItem\",\"position\":3,\"name\":\"Pulsuz soyutma sisteml\u0259ri FCCBE seriyas\u0131 Free cooling\"}]},{\"@type\":\"WebSite\",\"@id\":\"https:\/\/climatemaster.ge\/#website\",\"url\":\"https:\/\/climatemaster.ge\/\",\"name\":\"Climate Master\",\"description\":\"\",\"publisher\":{\"@id\":\"https:\/\/climatemaster.ge\/#organization\"},\"potentialAction\":[{\"@type\":\"SearchAction\",\"target\":{\"@type\":\"EntryPoint\",\"urlTemplate\":\"https:\/\/climatemaster.ge\/?s={search_term_string}\"},\"query-input\":{\"@type\":\"PropertyValueSpecification\",\"valueRequired\":true,\"valueName\":\"search_term_string\"}}],\"inLanguage\":\"az\"},{\"@type\":\"Organization\",\"@id\":\"https:\/\/climatemaster.ge\/#organization\",\"name\":\"Climate Master\",\"url\":\"https:\/\/climatemaster.ge\/\",\"logo\":{\"@type\":\"ImageObject\",\"inLanguage\":\"az\",\"@id\":\"https:\/\/climatemaster.ge\/#\/schema\/logo\/image\/\",\"url\":\"https:\/\/climatemaster.ge\/wp-content\/uploads\/2026\/03\/Untitled-2.png\",\"contentUrl\":\"https:\/\/climatemaster.ge\/wp-content\/uploads\/2026\/03\/Untitled-2.png\",\"width\":600,\"height\":338,\"caption\":\"Climate Master\"},\"image\":{\"@id\":\"https:\/\/climatemaster.ge\/#\/schema\/logo\/image\/\"}}]}<\/script>\n<!-- \/ Yoast SEO plugin. -->","yoast_head_json":{"title":"Pulsuz soyutma sisteml\u0259ri FCCBE seriyas\u0131 Free cooling - Climate Master","robots":{"index":"index","follow":"follow","max-snippet":"max-snippet:-1","max-image-preview":"max-image-preview:large","max-video-preview":"max-video-preview:-1"},"canonical":"https:\/\/climatemaster.ge\/az\/product\/free-cooling-systems-fccb-series\/","og_locale":"az_AZ","og_type":"article","og_title":"Pulsuz soyutma sisteml\u0259ri FCCBE seriyas\u0131 Free cooling - Climate Master","og_description":"Kanalla\u015fd\u0131r\u0131lm\u0131\u015f barmaql\u0131qlarla pulsuz soyutma sisteml\u0259ri Hava ax\u0131n\u0131 s\u00fcr\u0259ti 2500 m\u00b3\/saatdan 7000 m\u00b3\/saata q\u0259d\u0259r S\u0259rb\u0259st soyutma sistemi, \u0259sas m\u0259qs\u0259d avadanl\u0131q t\u0259r\u0259find\u0259n","og_url":"https:\/\/climatemaster.ge\/az\/product\/free-cooling-systems-fccb-series\/","og_site_name":"Climate Master","article_modified_time":"2025-06-07T12:45:38+00:00","og_image":[{"width":2560,"height":1920,"url":"https:\/\/climatemaster.ge\/wp-content\/uploads\/2025\/06\/sistemi-free-cooling-serie-FCCB.png","type":"image\/png"}],"twitter_card":"summary_large_image","twitter_misc":{"Est. reading time":"1 minute"},"schema":{"@context":"https:\/\/schema.org","@graph":[{"@type":"WebPage","@id":"https:\/\/climatemaster.ge\/az\/product\/free-cooling-systems-fccb-series\/","url":"https:\/\/climatemaster.ge\/az\/product\/free-cooling-systems-fccb-series\/","name":"Pulsuz soyutma sisteml\u0259ri FCCBE seriyas\u0131 Free cooling - Climate Master","isPartOf":{"@id":"https:\/\/climatemaster.ge\/#website"},"primaryImageOfPage":{"@id":"https:\/\/climatemaster.ge\/az\/product\/free-cooling-systems-fccb-series\/#primaryimage"},"image":{"@id":"https:\/\/climatemaster.ge\/az\/product\/free-cooling-systems-fccb-series\/#primaryimage"},"thumbnailUrl":"https:\/\/climatemaster.ge\/wp-content\/uploads\/2025\/06\/sistemi-free-cooling-serie-FCCB.png","datePublished":"2025-06-07T12:42:51+00:00","dateModified":"2025-06-07T12:45:38+00:00","breadcrumb":{"@id":"https:\/\/climatemaster.ge\/az\/product\/free-cooling-systems-fccb-series\/#breadcrumb"},"inLanguage":"az","potentialAction":[{"@type":"ReadAction","target":["https:\/\/climatemaster.ge\/az\/product\/free-cooling-systems-fccb-series\/"]}]},{"@type":"ImageObject","inLanguage":"az","@id":"https:\/\/climatemaster.ge\/az\/product\/free-cooling-systems-fccb-series\/#primaryimage","url":"https:\/\/climatemaster.ge\/wp-content\/uploads\/2025\/06\/sistemi-free-cooling-serie-FCCB.png","contentUrl":"https:\/\/climatemaster.ge\/wp-content\/uploads\/2025\/06\/sistemi-free-cooling-serie-FCCB.png","width":2560,"height":1920},{"@type":"BreadcrumbList","@id":"https:\/\/climatemaster.ge\/az\/product\/free-cooling-systems-fccb-series\/#breadcrumb","itemListElement":[{"@type":"ListItem","position":1,"name":"Home","item":"https:\/\/climatemaster.ge\/"},{"@type":"ListItem","position":2,"name":"M\u0259hsullar","item":"https:\/\/climatemaster.ge\/products\/"},{"@type":"ListItem","position":3,"name":"Pulsuz soyutma sisteml\u0259ri FCCBE seriyas\u0131 Free cooling"}]},{"@type":"WebSite","@id":"https:\/\/climatemaster.ge\/#website","url":"https:\/\/climatemaster.ge\/","name":"Climate Master","description":"","publisher":{"@id":"https:\/\/climatemaster.ge\/#organization"},"potentialAction":[{"@type":"SearchAction","target":{"@type":"EntryPoint","urlTemplate":"https:\/\/climatemaster.ge\/?s={search_term_string}"},"query-input":{"@type":"PropertyValueSpecification","valueRequired":true,"valueName":"search_term_string"}}],"inLanguage":"az"},{"@type":"Organization","@id":"https:\/\/climatemaster.ge\/#organization","name":"Climate Master","url":"https:\/\/climatemaster.ge\/","logo":{"@type":"ImageObject","inLanguage":"az","@id":"https:\/\/climatemaster.ge\/#\/schema\/logo\/image\/","url":"https:\/\/climatemaster.ge\/wp-content\/uploads\/2026\/03\/Untitled-2.png","contentUrl":"https:\/\/climatemaster.ge\/wp-content\/uploads\/2026\/03\/Untitled-2.png","width":600,"height":338,"caption":"Climate Master"},"image":{"@id":"https:\/\/climatemaster.ge\/#\/schema\/logo\/image\/"}}]}},"_links":{"self":[{"href":"https:\/\/climatemaster.ge\/az\/wp-json\/wp\/v2\/product\/34668","targetHints":{"allow":["GET"]}}],"collection":[{"href":"https:\/\/climatemaster.ge\/az\/wp-json\/wp\/v2\/product"}],"about":[{"href":"https:\/\/climatemaster.ge\/az\/wp-json\/wp\/v2\/types\/product"}],"wp:featuredmedia":[{"embeddable":true,"href":"https:\/\/climatemaster.ge\/az\/wp-json\/wp\/v2\/media\/34662"}],"wp:attachment":[{"href":"https:\/\/climatemaster.ge\/az\/wp-json\/wp\/v2\/media?parent=34668"}],"wp:term":[{"taxonomy":"product_brand","embeddable":true,"href":"https:\/\/climatemaster.ge\/az\/wp-json\/wp\/v2\/product_brand?post=34668"},{"taxonomy":"product_cat","embeddable":true,"href":"https:\/\/climatemaster.ge\/az\/wp-json\/wp\/v2\/product_cat?post=34668"},{"taxonomy":"product_tag","embeddable":true,"href":"https:\/\/climatemaster.ge\/az\/wp-json\/wp\/v2\/product_tag?post=34668"}],"curies":[{"name":"wp","href":"https:\/\/api.w.org\/{rel}","templated":true}]}}