{"id":34593,"date":"2025-06-07T14:37:33","date_gmt":"2025-06-07T10:37:33","guid":{"rendered":"https:\/\/airsystems.ge\/shop\/product\/shell-tube-condenser\/"},"modified":"2025-06-07T14:47:56","modified_gmt":"2025-06-07T10:47:56","slug":"shell-tube-condenser","status":"publish","type":"product","link":"https:\/\/climatemaster.ge\/az\/product\/shell-tube-condenser\/","title":{"rendered":"Qab\u0131q v\u0259 Boru Kondensatoru \u0130stilik B\u0259rpaedici \u0130ST\u0130YY\u018fD\u018fN\u0130C\u0130"},"content":{"rendered":"<div class=\"elementor-element elementor-element-f80f489 elementor-widget elementor-widget-heading\" data-id=\"f80f489\" data-element_type=\"widget\" data-widget_type=\"heading.default\">\n<div class=\"elementor-widget-container\">\u018fsas x\u00fcsusiyy\u0259tl\u0259r:<\/div>\n<\/div>\n<div class=\"elementor-element elementor-element-391e72ec elementor-widget elementor-widget-theme-post-content\" data-id=\"391e72ec\" data-element_type=\"widget\" data-widget_type=\"theme-post-content.default\">\n<div class=\"elementor-widget-container\">\n<p>\u25cf A2L v\u0259 Propan daxil olmaqla b\u00fct\u00fcn sintetik soyuducularla uy\u011fun g\u0259lir.<br \/>\n\u25cf D\u0259niz suyu il\u0259 uy\u011fundur<br \/>\n\u25cf Boru d\u0259stini t\u0259\u015fkil ed\u0259n b\u00fct\u00fcn komponentl\u0259ri f\u0259rdil\u0259\u015fdirm\u0259k imkan\u0131<br \/>\n\u25cf M\u00fc\u015ft\u0259ril\u0259rin x\u00fcsusi ist\u0259kl\u0259rin\u0259 uy\u011fun olaraq v\u0259 ya maye v\u0259 i\u015f \u015f\u0259raiti il\u0259 uy\u011funlu\u011fu t\u0259min etm\u0259k \u00fc\u00e7\u00fcn qab\u0131q v\u0259 borular \u00fc\u00e7\u00fcn m\u00f6vcud olan m\u00fcxt\u0259lif materiallar. Mis, paslanmayan polad, titan, karbon polad, cupronickel, &#8230;<br \/>\n\u25cf Boru d\u0259st\u0259sinin y\u0131\u011fcaml\u0131\u011f\u0131n\u0131 v\u0259 a\u015fa\u011f\u0131 qiym\u0259tl\u0259ri qorumaqla, ist\u0259nil\u0259n performansa nail olmaq \u00fc\u00e7\u00fcn boru divar\u0131n\u0131n 10 m\u00f6vcud h\u0259nd\u0259si v\u0259 m\u00fcxt\u0259lif qal\u0131nl\u0131\u011f\u0131 v\u0259 formas\u0131.<br \/>\n\u25cf M\u00fcxt\u0259lif n\u00f6v birl\u0259\u015fm\u0259l\u0259r<\/p>\n<\/div>\n<\/div>\n<div class=\"elementor-element elementor-element-427e8a79 e-flex e-con-boxed e-con e-child\" data-id=\"427e8a79\" data-element_type=\"container\">\n<div class=\"e-con-inner\">\n<div class=\"elementor-element elementor-element-6e19ed90 hidebutton mc-bl elementor-align-left elementor-widget elementor-widget-button\" data-id=\"6e19ed90\" data-element_type=\"widget\" data-widget_type=\"button.default\">\n<div class=\"elementor-widget-container\">\n<div class=\"elementor-button-wrapper\"><a class=\"elementor-button elementor-button-link elementor-size-sm\" href=\"https:\/\/www.enextechnologies.com\/wp-content\/uploads\/2024\/08\/ROEN-EST-SHELL-_-TUBE.pdf\" target=\"_blank\" rel=\"noopener\"><span class=\"elementor-button-content-wrapper\"><span class=\"elementor-button-text\">DOWNLOAD<\/span><\/span><\/a><\/div>\n<\/div>\n<\/div>\n<\/div>\n<\/div>\n","protected":false},"excerpt":{"rendered":"<div class=\"elementor-element elementor-element-f80f489 elementor-widget elementor-widget-heading\" data-id=\"f80f489\" data-element_type=\"widget\" data-widget_type=\"heading.default\">\n<div class=\"elementor-widget-container\">\n<div class=\"elementor-heading-title elementor-size-default\">\n<p>Qab\u0131q v\u0259 Boru Kondensatoru<\/p>\n<p>Kondensatorlar<br \/>\nRoen Est \u201cKondenserl\u0259r\u201d qab\u0131ql\u0131 v\u0259 borulu istilik d\u0259yi\u015fdiricil\u0259ri \u0259sas\u0259n kondisioner sektorunda istifad\u0259 olunur. Soyuducunun kondensasiyas\u0131 qab\u0131q t\u0259r\u0259find\u0259 ba\u015f verir, borular\u0131n i\u00e7\u0259risind\u0259ki maye su, su v\u0259 qlikol qar\u0131\u015f\u0131\u011f\u0131 v\u0259 ya d\u0259niz suyu ola bil\u0259r. \u018fn \u00fcmumi istifad\u0259l\u0259r bunlard\u0131r: S\u0259naye suyu \/ su soyuducular\u0131, S\u0259naye suyu \/ hava soyuducular\u0131, \u0130stilik nasoslar\u0131, S\u0259naye d\u0259niz suyu \/ d\u0259niz suyu soyuducular\u0131.<\/p>\n<\/div>\n<\/div>\n<\/div>\n","protected":false},"featured_media":34588,"template":"","meta":[],"product_brand":[],"product_cat":[1306,875],"product_tag":[],"class_list":{"0":"post-34593","1":"product","2":"type-product","3":"status-publish","4":"has-post-thumbnail","6":"product_cat-istilik-mubadilsi-az","7":"product_cat-snaye-az-kondisionerlr","9":"first","10":"instock","11":"shipping-taxable","12":"product-type-simple"},"yoast_head":"<!-- This site is optimized with the Yoast SEO plugin v27.1.1 - https:\/\/yoast.com\/product\/yoast-seo-wordpress\/ -->\n<title>Qab\u0131q v\u0259 Boru Kondensatoru \u0130stilik B\u0259rpaedici \u0130ST\u0130YY\u018fD\u018fN\u0130C\u0130 - Climate Master<\/title>\n<meta name=\"robots\" content=\"index, follow, max-snippet:-1, max-image-preview:large, max-video-preview:-1\" \/>\n<link rel=\"canonical\" href=\"https:\/\/climatemaster.ge\/az\/product\/shell-tube-condenser\/\" \/>\n<meta property=\"og:locale\" content=\"az_AZ\" \/>\n<meta property=\"og:type\" content=\"article\" \/>\n<meta property=\"og:title\" content=\"Qab\u0131q v\u0259 Boru Kondensatoru \u0130stilik B\u0259rpaedici \u0130ST\u0130YY\u018fD\u018fN\u0130C\u0130 - Climate Master\" \/>\n<meta property=\"og:description\" content=\"Qab\u0131q v\u0259 Boru Kondensatoru  Kondensatorlar Roen Est \u201cKondenserl\u0259r\u201d qab\u0131ql\u0131 v\u0259 borulu istilik d\u0259yi\u015fdiricil\u0259ri \u0259sas\u0259n kondisioner sektorunda istifad\u0259 olunur. Soyuducunun kondensasiyas\u0131 qab\u0131q t\u0259r\u0259find\u0259 ba\u015f verir, borular\u0131n i\u00e7\u0259risind\u0259ki maye su, su v\u0259 qlikol qar\u0131\u015f\u0131\u011f\u0131 v\u0259 ya d\u0259niz suyu ola bil\u0259r. \u018fn \u00fcmumi istifad\u0259l\u0259r bunlard\u0131r: S\u0259naye suyu \/ su soyuducular\u0131, S\u0259naye suyu \/ hava soyuducular\u0131, \u0130stilik nasoslar\u0131, S\u0259naye d\u0259niz suyu \/ d\u0259niz suyu soyuducular\u0131.\" \/>\n<meta property=\"og:url\" content=\"https:\/\/climatemaster.ge\/az\/product\/shell-tube-condenser\/\" \/>\n<meta property=\"og:site_name\" content=\"Climate Master\" \/>\n<meta property=\"article:modified_time\" content=\"2025-06-07T10:47:56+00:00\" \/>\n<meta property=\"og:image\" content=\"https:\/\/climatemaster.ge\/wp-content\/uploads\/2025\/06\/ST-Condensers_low.jpg\" \/>\n\t<meta property=\"og:image:width\" content=\"960\" \/>\n\t<meta property=\"og:image:height\" content=\"540\" \/>\n\t<meta property=\"og:image:type\" content=\"image\/jpeg\" \/>\n<meta name=\"twitter:card\" content=\"summary_large_image\" \/>\n<meta name=\"twitter:label1\" content=\"Est. reading time\" \/>\n\t<meta name=\"twitter:data1\" content=\"1 minute\" \/>\n<script type=\"application\/ld+json\" class=\"yoast-schema-graph\">{\"@context\":\"https:\/\/schema.org\",\"@graph\":[{\"@type\":\"WebPage\",\"@id\":\"https:\/\/climatemaster.ge\/az\/product\/shell-tube-condenser\/\",\"url\":\"https:\/\/climatemaster.ge\/az\/product\/shell-tube-condenser\/\",\"name\":\"Qab\u0131q v\u0259 Boru Kondensatoru \u0130stilik B\u0259rpaedici \u0130ST\u0130YY\u018fD\u018fN\u0130C\u0130 - Climate Master\",\"isPartOf\":{\"@id\":\"https:\/\/climatemaster.ge\/#website\"},\"primaryImageOfPage\":{\"@id\":\"https:\/\/climatemaster.ge\/az\/product\/shell-tube-condenser\/#primaryimage\"},\"image\":{\"@id\":\"https:\/\/climatemaster.ge\/az\/product\/shell-tube-condenser\/#primaryimage\"},\"thumbnailUrl\":\"https:\/\/climatemaster.ge\/wp-content\/uploads\/2025\/06\/ST-Condensers_low.jpg\",\"datePublished\":\"2025-06-07T10:37:33+00:00\",\"dateModified\":\"2025-06-07T10:47:56+00:00\",\"breadcrumb\":{\"@id\":\"https:\/\/climatemaster.ge\/az\/product\/shell-tube-condenser\/#breadcrumb\"},\"inLanguage\":\"az\",\"potentialAction\":[{\"@type\":\"ReadAction\",\"target\":[\"https:\/\/climatemaster.ge\/az\/product\/shell-tube-condenser\/\"]}]},{\"@type\":\"ImageObject\",\"inLanguage\":\"az\",\"@id\":\"https:\/\/climatemaster.ge\/az\/product\/shell-tube-condenser\/#primaryimage\",\"url\":\"https:\/\/climatemaster.ge\/wp-content\/uploads\/2025\/06\/ST-Condensers_low.jpg\",\"contentUrl\":\"https:\/\/climatemaster.ge\/wp-content\/uploads\/2025\/06\/ST-Condensers_low.jpg\",\"width\":960,\"height\":540},{\"@type\":\"BreadcrumbList\",\"@id\":\"https:\/\/climatemaster.ge\/az\/product\/shell-tube-condenser\/#breadcrumb\",\"itemListElement\":[{\"@type\":\"ListItem\",\"position\":1,\"name\":\"Home\",\"item\":\"https:\/\/climatemaster.ge\/\"},{\"@type\":\"ListItem\",\"position\":2,\"name\":\"M\u0259hsullar\",\"item\":\"https:\/\/climatemaster.ge\/products\/\"},{\"@type\":\"ListItem\",\"position\":3,\"name\":\"Qab\u0131q v\u0259 Boru Kondensatoru \u0130stilik B\u0259rpaedici \u0130ST\u0130YY\u018fD\u018fN\u0130C\u0130\"}]},{\"@type\":\"WebSite\",\"@id\":\"https:\/\/climatemaster.ge\/#website\",\"url\":\"https:\/\/climatemaster.ge\/\",\"name\":\"Climate Master\",\"description\":\"\",\"publisher\":{\"@id\":\"https:\/\/climatemaster.ge\/#organization\"},\"potentialAction\":[{\"@type\":\"SearchAction\",\"target\":{\"@type\":\"EntryPoint\",\"urlTemplate\":\"https:\/\/climatemaster.ge\/?s={search_term_string}\"},\"query-input\":{\"@type\":\"PropertyValueSpecification\",\"valueRequired\":true,\"valueName\":\"search_term_string\"}}],\"inLanguage\":\"az\"},{\"@type\":\"Organization\",\"@id\":\"https:\/\/climatemaster.ge\/#organization\",\"name\":\"Climate Master\",\"url\":\"https:\/\/climatemaster.ge\/\",\"logo\":{\"@type\":\"ImageObject\",\"inLanguage\":\"az\",\"@id\":\"https:\/\/climatemaster.ge\/#\/schema\/logo\/image\/\",\"url\":\"https:\/\/climatemaster.ge\/wp-content\/uploads\/2026\/03\/Untitled-2.png\",\"contentUrl\":\"https:\/\/climatemaster.ge\/wp-content\/uploads\/2026\/03\/Untitled-2.png\",\"width\":600,\"height\":338,\"caption\":\"Climate Master\"},\"image\":{\"@id\":\"https:\/\/climatemaster.ge\/#\/schema\/logo\/image\/\"}}]}<\/script>\n<!-- \/ Yoast SEO plugin. -->","yoast_head_json":{"title":"Qab\u0131q v\u0259 Boru Kondensatoru \u0130stilik B\u0259rpaedici \u0130ST\u0130YY\u018fD\u018fN\u0130C\u0130 - Climate Master","robots":{"index":"index","follow":"follow","max-snippet":"max-snippet:-1","max-image-preview":"max-image-preview:large","max-video-preview":"max-video-preview:-1"},"canonical":"https:\/\/climatemaster.ge\/az\/product\/shell-tube-condenser\/","og_locale":"az_AZ","og_type":"article","og_title":"Qab\u0131q v\u0259 Boru Kondensatoru \u0130stilik B\u0259rpaedici \u0130ST\u0130YY\u018fD\u018fN\u0130C\u0130 - Climate Master","og_description":"Qab\u0131q v\u0259 Boru Kondensatoru  Kondensatorlar Roen Est \u201cKondenserl\u0259r\u201d qab\u0131ql\u0131 v\u0259 borulu istilik d\u0259yi\u015fdiricil\u0259ri \u0259sas\u0259n kondisioner sektorunda istifad\u0259 olunur. Soyuducunun kondensasiyas\u0131 qab\u0131q t\u0259r\u0259find\u0259 ba\u015f verir, borular\u0131n i\u00e7\u0259risind\u0259ki maye su, su v\u0259 qlikol qar\u0131\u015f\u0131\u011f\u0131 v\u0259 ya d\u0259niz suyu ola bil\u0259r. \u018fn \u00fcmumi istifad\u0259l\u0259r bunlard\u0131r: S\u0259naye suyu \/ su soyuducular\u0131, S\u0259naye suyu \/ hava soyuducular\u0131, \u0130stilik nasoslar\u0131, S\u0259naye d\u0259niz suyu \/ d\u0259niz suyu soyuducular\u0131.","og_url":"https:\/\/climatemaster.ge\/az\/product\/shell-tube-condenser\/","og_site_name":"Climate Master","article_modified_time":"2025-06-07T10:47:56+00:00","og_image":[{"width":960,"height":540,"url":"https:\/\/climatemaster.ge\/wp-content\/uploads\/2025\/06\/ST-Condensers_low.jpg","type":"image\/jpeg"}],"twitter_card":"summary_large_image","twitter_misc":{"Est. reading time":"1 minute"},"schema":{"@context":"https:\/\/schema.org","@graph":[{"@type":"WebPage","@id":"https:\/\/climatemaster.ge\/az\/product\/shell-tube-condenser\/","url":"https:\/\/climatemaster.ge\/az\/product\/shell-tube-condenser\/","name":"Qab\u0131q v\u0259 Boru Kondensatoru \u0130stilik B\u0259rpaedici \u0130ST\u0130YY\u018fD\u018fN\u0130C\u0130 - Climate Master","isPartOf":{"@id":"https:\/\/climatemaster.ge\/#website"},"primaryImageOfPage":{"@id":"https:\/\/climatemaster.ge\/az\/product\/shell-tube-condenser\/#primaryimage"},"image":{"@id":"https:\/\/climatemaster.ge\/az\/product\/shell-tube-condenser\/#primaryimage"},"thumbnailUrl":"https:\/\/climatemaster.ge\/wp-content\/uploads\/2025\/06\/ST-Condensers_low.jpg","datePublished":"2025-06-07T10:37:33+00:00","dateModified":"2025-06-07T10:47:56+00:00","breadcrumb":{"@id":"https:\/\/climatemaster.ge\/az\/product\/shell-tube-condenser\/#breadcrumb"},"inLanguage":"az","potentialAction":[{"@type":"ReadAction","target":["https:\/\/climatemaster.ge\/az\/product\/shell-tube-condenser\/"]}]},{"@type":"ImageObject","inLanguage":"az","@id":"https:\/\/climatemaster.ge\/az\/product\/shell-tube-condenser\/#primaryimage","url":"https:\/\/climatemaster.ge\/wp-content\/uploads\/2025\/06\/ST-Condensers_low.jpg","contentUrl":"https:\/\/climatemaster.ge\/wp-content\/uploads\/2025\/06\/ST-Condensers_low.jpg","width":960,"height":540},{"@type":"BreadcrumbList","@id":"https:\/\/climatemaster.ge\/az\/product\/shell-tube-condenser\/#breadcrumb","itemListElement":[{"@type":"ListItem","position":1,"name":"Home","item":"https:\/\/climatemaster.ge\/"},{"@type":"ListItem","position":2,"name":"M\u0259hsullar","item":"https:\/\/climatemaster.ge\/products\/"},{"@type":"ListItem","position":3,"name":"Qab\u0131q v\u0259 Boru Kondensatoru \u0130stilik B\u0259rpaedici \u0130ST\u0130YY\u018fD\u018fN\u0130C\u0130"}]},{"@type":"WebSite","@id":"https:\/\/climatemaster.ge\/#website","url":"https:\/\/climatemaster.ge\/","name":"Climate Master","description":"","publisher":{"@id":"https:\/\/climatemaster.ge\/#organization"},"potentialAction":[{"@type":"SearchAction","target":{"@type":"EntryPoint","urlTemplate":"https:\/\/climatemaster.ge\/?s={search_term_string}"},"query-input":{"@type":"PropertyValueSpecification","valueRequired":true,"valueName":"search_term_string"}}],"inLanguage":"az"},{"@type":"Organization","@id":"https:\/\/climatemaster.ge\/#organization","name":"Climate Master","url":"https:\/\/climatemaster.ge\/","logo":{"@type":"ImageObject","inLanguage":"az","@id":"https:\/\/climatemaster.ge\/#\/schema\/logo\/image\/","url":"https:\/\/climatemaster.ge\/wp-content\/uploads\/2026\/03\/Untitled-2.png","contentUrl":"https:\/\/climatemaster.ge\/wp-content\/uploads\/2026\/03\/Untitled-2.png","width":600,"height":338,"caption":"Climate Master"},"image":{"@id":"https:\/\/climatemaster.ge\/#\/schema\/logo\/image\/"}}]}},"_links":{"self":[{"href":"https:\/\/climatemaster.ge\/az\/wp-json\/wp\/v2\/product\/34593","targetHints":{"allow":["GET"]}}],"collection":[{"href":"https:\/\/climatemaster.ge\/az\/wp-json\/wp\/v2\/product"}],"about":[{"href":"https:\/\/climatemaster.ge\/az\/wp-json\/wp\/v2\/types\/product"}],"wp:featuredmedia":[{"embeddable":true,"href":"https:\/\/climatemaster.ge\/az\/wp-json\/wp\/v2\/media\/34588"}],"wp:attachment":[{"href":"https:\/\/climatemaster.ge\/az\/wp-json\/wp\/v2\/media?parent=34593"}],"wp:term":[{"taxonomy":"product_brand","embeddable":true,"href":"https:\/\/climatemaster.ge\/az\/wp-json\/wp\/v2\/product_brand?post=34593"},{"taxonomy":"product_cat","embeddable":true,"href":"https:\/\/climatemaster.ge\/az\/wp-json\/wp\/v2\/product_cat?post=34593"},{"taxonomy":"product_tag","embeddable":true,"href":"https:\/\/climatemaster.ge\/az\/wp-json\/wp\/v2\/product_tag?post=34593"}],"curies":[{"name":"wp","href":"https:\/\/api.w.org\/{rel}","templated":true}]}}