{"id":34532,"date":"2025-06-03T19:14:55","date_gmt":"2025-06-03T15:14:55","guid":{"rendered":"https:\/\/airsystems.ge\/shop\/product\/steel-coating-thermocoat\/"},"modified":"2025-06-03T19:26:19","modified_gmt":"2025-06-03T15:26:19","slug":"steel-coating-thermocoat","status":"publish","type":"product","link":"https:\/\/climatemaster.ge\/az\/product\/steel-coating-thermocoat\/","title":{"rendered":"Polad \u00f6rt\u00fck: Thermocoat WRAS"},"content":{"rendered":"","protected":false},"excerpt":{"rendered":"<p>Obyektimizd\u0259 t\u0259l\u0259batdan as\u0131l\u0131 olaraq robot sisteml\u0259rl\u0259 panelin bir v\u0259 ya h\u0259r iki t\u0259r\u0259fin\u0259 t\u0259tbiq edilir. A\u015f\u0131nd\u0131r\u0131c\u0131 a\u00e7\u0131q v\u0259 qapal\u0131 m\u00fchitl\u0259rd\u0259 qism\u0259n kimy\u0259vi qar\u0131\u015f\u0131q v\u0259 ya i\u00e7m\u0259li suyun saxlanmas\u0131nda istifad\u0259 edil\u0259n WRAS\u00ae t\u0259r\u0259find\u0259n t\u0259sdiql\u0259nmi\u015f \u00f6rt\u00fckd\u00fcr.<\/p>\n","protected":false},"featured_media":34515,"template":"","meta":[],"product_brand":[],"product_cat":[1704,1692,798],"product_tag":[],"class_list":{"0":"post-34532","1":"product","2":"type-product","3":"status-publish","4":"has-post-thumbnail","6":"product_cat-polad-ortuk-thermocoat","7":"product_cat-su-cni-ortuklu-polad","8":"product_cat-water-tanks-az","10":"first","11":"instock","12":"shipping-taxable","13":"product-type-simple"},"yoast_head":"<!-- This site is optimized with the Yoast SEO plugin v27.1.1 - https:\/\/yoast.com\/product\/yoast-seo-wordpress\/ -->\n<title>Polad \u00f6rt\u00fck: Thermocoat WRAS - Climate Master<\/title>\n<meta name=\"robots\" content=\"index, follow, max-snippet:-1, max-image-preview:large, max-video-preview:-1\" \/>\n<link rel=\"canonical\" href=\"https:\/\/climatemaster.ge\/az\/product\/steel-coating-thermocoat\/\" \/>\n<meta property=\"og:locale\" content=\"az_AZ\" \/>\n<meta property=\"og:type\" content=\"article\" \/>\n<meta property=\"og:title\" content=\"Polad \u00f6rt\u00fck: Thermocoat WRAS - Climate Master\" \/>\n<meta property=\"og:description\" content=\"Obyektimizd\u0259 t\u0259l\u0259batdan as\u0131l\u0131 olaraq robot sisteml\u0259rl\u0259 panelin bir v\u0259 ya h\u0259r iki t\u0259r\u0259fin\u0259 t\u0259tbiq edilir. A\u015f\u0131nd\u0131r\u0131c\u0131 a\u00e7\u0131q v\u0259 qapal\u0131 m\u00fchitl\u0259rd\u0259 qism\u0259n kimy\u0259vi qar\u0131\u015f\u0131q v\u0259 ya i\u00e7m\u0259li suyun saxlanmas\u0131nda istifad\u0259 edil\u0259n WRAS\u00ae t\u0259r\u0259find\u0259n t\u0259sdiql\u0259nmi\u015f \u00f6rt\u00fckd\u00fcr.\" \/>\n<meta property=\"og:url\" content=\"https:\/\/climatemaster.ge\/az\/product\/steel-coating-thermocoat\/\" \/>\n<meta property=\"og:site_name\" content=\"Climate Master\" \/>\n<meta property=\"article:modified_time\" content=\"2025-06-03T15:26:19+00:00\" \/>\n<meta property=\"og:image\" content=\"https:\/\/climatemaster.ge\/wp-content\/uploads\/2025\/06\/cplr2wyp6410.jpg\" \/>\n\t<meta property=\"og:image:width\" content=\"800\" \/>\n\t<meta property=\"og:image:height\" content=\"600\" \/>\n\t<meta property=\"og:image:type\" content=\"image\/jpeg\" \/>\n<meta name=\"twitter:card\" content=\"summary_large_image\" \/>\n<script type=\"application\/ld+json\" class=\"yoast-schema-graph\">{\"@context\":\"https:\/\/schema.org\",\"@graph\":[{\"@type\":\"WebPage\",\"@id\":\"https:\/\/climatemaster.ge\/az\/product\/steel-coating-thermocoat\/\",\"url\":\"https:\/\/climatemaster.ge\/az\/product\/steel-coating-thermocoat\/\",\"name\":\"Polad \u00f6rt\u00fck: Thermocoat WRAS - Climate Master\",\"isPartOf\":{\"@id\":\"https:\/\/climatemaster.ge\/#website\"},\"primaryImageOfPage\":{\"@id\":\"https:\/\/climatemaster.ge\/az\/product\/steel-coating-thermocoat\/#primaryimage\"},\"image\":{\"@id\":\"https:\/\/climatemaster.ge\/az\/product\/steel-coating-thermocoat\/#primaryimage\"},\"thumbnailUrl\":\"https:\/\/climatemaster.ge\/wp-content\/uploads\/2025\/06\/cplr2wyp6410.jpg\",\"datePublished\":\"2025-06-03T15:14:55+00:00\",\"dateModified\":\"2025-06-03T15:26:19+00:00\",\"breadcrumb\":{\"@id\":\"https:\/\/climatemaster.ge\/az\/product\/steel-coating-thermocoat\/#breadcrumb\"},\"inLanguage\":\"az\",\"potentialAction\":[{\"@type\":\"ReadAction\",\"target\":[\"https:\/\/climatemaster.ge\/az\/product\/steel-coating-thermocoat\/\"]}]},{\"@type\":\"ImageObject\",\"inLanguage\":\"az\",\"@id\":\"https:\/\/climatemaster.ge\/az\/product\/steel-coating-thermocoat\/#primaryimage\",\"url\":\"https:\/\/climatemaster.ge\/wp-content\/uploads\/2025\/06\/cplr2wyp6410.jpg\",\"contentUrl\":\"https:\/\/climatemaster.ge\/wp-content\/uploads\/2025\/06\/cplr2wyp6410.jpg\",\"width\":800,\"height\":600},{\"@type\":\"BreadcrumbList\",\"@id\":\"https:\/\/climatemaster.ge\/az\/product\/steel-coating-thermocoat\/#breadcrumb\",\"itemListElement\":[{\"@type\":\"ListItem\",\"position\":1,\"name\":\"Home\",\"item\":\"https:\/\/climatemaster.ge\/\"},{\"@type\":\"ListItem\",\"position\":2,\"name\":\"M\u0259hsullar\",\"item\":\"https:\/\/climatemaster.ge\/products\/\"},{\"@type\":\"ListItem\",\"position\":3,\"name\":\"Polad \u00f6rt\u00fck: Thermocoat WRAS\"}]},{\"@type\":\"WebSite\",\"@id\":\"https:\/\/climatemaster.ge\/#website\",\"url\":\"https:\/\/climatemaster.ge\/\",\"name\":\"Climate Master\",\"description\":\"\",\"publisher\":{\"@id\":\"https:\/\/climatemaster.ge\/#organization\"},\"potentialAction\":[{\"@type\":\"SearchAction\",\"target\":{\"@type\":\"EntryPoint\",\"urlTemplate\":\"https:\/\/climatemaster.ge\/?s={search_term_string}\"},\"query-input\":{\"@type\":\"PropertyValueSpecification\",\"valueRequired\":true,\"valueName\":\"search_term_string\"}}],\"inLanguage\":\"az\"},{\"@type\":\"Organization\",\"@id\":\"https:\/\/climatemaster.ge\/#organization\",\"name\":\"Climate Master\",\"url\":\"https:\/\/climatemaster.ge\/\",\"logo\":{\"@type\":\"ImageObject\",\"inLanguage\":\"az\",\"@id\":\"https:\/\/climatemaster.ge\/#\/schema\/logo\/image\/\",\"url\":\"https:\/\/climatemaster.ge\/wp-content\/uploads\/2026\/03\/Untitled-2.png\",\"contentUrl\":\"https:\/\/climatemaster.ge\/wp-content\/uploads\/2026\/03\/Untitled-2.png\",\"width\":600,\"height\":338,\"caption\":\"Climate Master\"},\"image\":{\"@id\":\"https:\/\/climatemaster.ge\/#\/schema\/logo\/image\/\"}}]}<\/script>\n<!-- \/ Yoast SEO plugin. -->","yoast_head_json":{"title":"Polad \u00f6rt\u00fck: Thermocoat WRAS - Climate Master","robots":{"index":"index","follow":"follow","max-snippet":"max-snippet:-1","max-image-preview":"max-image-preview:large","max-video-preview":"max-video-preview:-1"},"canonical":"https:\/\/climatemaster.ge\/az\/product\/steel-coating-thermocoat\/","og_locale":"az_AZ","og_type":"article","og_title":"Polad \u00f6rt\u00fck: Thermocoat WRAS - Climate Master","og_description":"Obyektimizd\u0259 t\u0259l\u0259batdan as\u0131l\u0131 olaraq robot sisteml\u0259rl\u0259 panelin bir v\u0259 ya h\u0259r iki t\u0259r\u0259fin\u0259 t\u0259tbiq edilir. A\u015f\u0131nd\u0131r\u0131c\u0131 a\u00e7\u0131q v\u0259 qapal\u0131 m\u00fchitl\u0259rd\u0259 qism\u0259n kimy\u0259vi qar\u0131\u015f\u0131q v\u0259 ya i\u00e7m\u0259li suyun saxlanmas\u0131nda istifad\u0259 edil\u0259n WRAS\u00ae t\u0259r\u0259find\u0259n t\u0259sdiql\u0259nmi\u015f \u00f6rt\u00fckd\u00fcr.","og_url":"https:\/\/climatemaster.ge\/az\/product\/steel-coating-thermocoat\/","og_site_name":"Climate Master","article_modified_time":"2025-06-03T15:26:19+00:00","og_image":[{"width":800,"height":600,"url":"https:\/\/climatemaster.ge\/wp-content\/uploads\/2025\/06\/cplr2wyp6410.jpg","type":"image\/jpeg"}],"twitter_card":"summary_large_image","schema":{"@context":"https:\/\/schema.org","@graph":[{"@type":"WebPage","@id":"https:\/\/climatemaster.ge\/az\/product\/steel-coating-thermocoat\/","url":"https:\/\/climatemaster.ge\/az\/product\/steel-coating-thermocoat\/","name":"Polad \u00f6rt\u00fck: Thermocoat WRAS - Climate Master","isPartOf":{"@id":"https:\/\/climatemaster.ge\/#website"},"primaryImageOfPage":{"@id":"https:\/\/climatemaster.ge\/az\/product\/steel-coating-thermocoat\/#primaryimage"},"image":{"@id":"https:\/\/climatemaster.ge\/az\/product\/steel-coating-thermocoat\/#primaryimage"},"thumbnailUrl":"https:\/\/climatemaster.ge\/wp-content\/uploads\/2025\/06\/cplr2wyp6410.jpg","datePublished":"2025-06-03T15:14:55+00:00","dateModified":"2025-06-03T15:26:19+00:00","breadcrumb":{"@id":"https:\/\/climatemaster.ge\/az\/product\/steel-coating-thermocoat\/#breadcrumb"},"inLanguage":"az","potentialAction":[{"@type":"ReadAction","target":["https:\/\/climatemaster.ge\/az\/product\/steel-coating-thermocoat\/"]}]},{"@type":"ImageObject","inLanguage":"az","@id":"https:\/\/climatemaster.ge\/az\/product\/steel-coating-thermocoat\/#primaryimage","url":"https:\/\/climatemaster.ge\/wp-content\/uploads\/2025\/06\/cplr2wyp6410.jpg","contentUrl":"https:\/\/climatemaster.ge\/wp-content\/uploads\/2025\/06\/cplr2wyp6410.jpg","width":800,"height":600},{"@type":"BreadcrumbList","@id":"https:\/\/climatemaster.ge\/az\/product\/steel-coating-thermocoat\/#breadcrumb","itemListElement":[{"@type":"ListItem","position":1,"name":"Home","item":"https:\/\/climatemaster.ge\/"},{"@type":"ListItem","position":2,"name":"M\u0259hsullar","item":"https:\/\/climatemaster.ge\/products\/"},{"@type":"ListItem","position":3,"name":"Polad \u00f6rt\u00fck: Thermocoat WRAS"}]},{"@type":"WebSite","@id":"https:\/\/climatemaster.ge\/#website","url":"https:\/\/climatemaster.ge\/","name":"Climate Master","description":"","publisher":{"@id":"https:\/\/climatemaster.ge\/#organization"},"potentialAction":[{"@type":"SearchAction","target":{"@type":"EntryPoint","urlTemplate":"https:\/\/climatemaster.ge\/?s={search_term_string}"},"query-input":{"@type":"PropertyValueSpecification","valueRequired":true,"valueName":"search_term_string"}}],"inLanguage":"az"},{"@type":"Organization","@id":"https:\/\/climatemaster.ge\/#organization","name":"Climate Master","url":"https:\/\/climatemaster.ge\/","logo":{"@type":"ImageObject","inLanguage":"az","@id":"https:\/\/climatemaster.ge\/#\/schema\/logo\/image\/","url":"https:\/\/climatemaster.ge\/wp-content\/uploads\/2026\/03\/Untitled-2.png","contentUrl":"https:\/\/climatemaster.ge\/wp-content\/uploads\/2026\/03\/Untitled-2.png","width":600,"height":338,"caption":"Climate Master"},"image":{"@id":"https:\/\/climatemaster.ge\/#\/schema\/logo\/image\/"}}]}},"_links":{"self":[{"href":"https:\/\/climatemaster.ge\/az\/wp-json\/wp\/v2\/product\/34532","targetHints":{"allow":["GET"]}}],"collection":[{"href":"https:\/\/climatemaster.ge\/az\/wp-json\/wp\/v2\/product"}],"about":[{"href":"https:\/\/climatemaster.ge\/az\/wp-json\/wp\/v2\/types\/product"}],"wp:featuredmedia":[{"embeddable":true,"href":"https:\/\/climatemaster.ge\/az\/wp-json\/wp\/v2\/media\/34515"}],"wp:attachment":[{"href":"https:\/\/climatemaster.ge\/az\/wp-json\/wp\/v2\/media?parent=34532"}],"wp:term":[{"taxonomy":"product_brand","embeddable":true,"href":"https:\/\/climatemaster.ge\/az\/wp-json\/wp\/v2\/product_brand?post=34532"},{"taxonomy":"product_cat","embeddable":true,"href":"https:\/\/climatemaster.ge\/az\/wp-json\/wp\/v2\/product_cat?post=34532"},{"taxonomy":"product_tag","embeddable":true,"href":"https:\/\/climatemaster.ge\/az\/wp-json\/wp\/v2\/product_tag?post=34532"}],"curies":[{"name":"wp","href":"https:\/\/api.w.org\/{rel}","templated":true}]}}