{"id":34505,"date":"2025-06-03T18:57:57","date_gmt":"2025-06-03T14:57:57","guid":{"rendered":"https:\/\/airsystems.ge\/shop\/product\/steel-coating-hot-dip-galvanizisation\/"},"modified":"2025-06-03T19:10:40","modified_gmt":"2025-06-03T15:10:40","slug":"steel-coating-hot-dip-galvanizisation","status":"publish","type":"product","link":"https:\/\/climatemaster.ge\/az\/product\/steel-coating-hot-dip-galvanizisation\/","title":{"rendered":"Polad \u00f6rt\u00fck: \u0130sti Dald\u0131rma Galvanizl\u0259\u015fdirm\u0259"},"content":{"rendered":"","protected":false},"excerpt":{"rendered":"<p>\u0130sti dald\u0131rma sinkl\u0259m\u0259 polad\u0131 korroziyadan qorumaq \u00fc\u00e7\u00fcn \u0259n t\u0259sirli v\u0259 daimi \u00fcsuldur. B\u00fct\u00fcn s\u0259thl\u0259r tamamil\u0259 passiv sink t\u0259b\u0259q\u0259si il\u0259 \u00f6rt\u00fcl\u00fcr v\u0259 polad atmosfer korroziyas\u0131ndan ayr\u0131l\u0131r. \u0130\u00e7m\u0259k \u00fc\u00e7\u00fcn n\u0259z\u0259rd\u0259 tutulmayan su \u00e7\u0259nl\u0259ri \u00fc\u00e7\u00fcn ideal h\u0259lldir.<\/p>\n","protected":false},"featured_media":34488,"template":"","meta":[],"product_brand":[],"product_cat":[1698,1692,798],"product_tag":[],"class_list":{"0":"post-34505","1":"product","2":"type-product","3":"status-publish","4":"has-post-thumbnail","6":"product_cat-polad-ortuk-isti-daldirma-galvanizlsdirm","7":"product_cat-su-cni-ortuklu-polad","8":"product_cat-water-tanks-az","10":"first","11":"instock","12":"shipping-taxable","13":"product-type-simple"},"yoast_head":"<!-- This site is optimized with the Yoast SEO plugin v27.1.1 - https:\/\/yoast.com\/product\/yoast-seo-wordpress\/ -->\n<title>Polad \u00f6rt\u00fck: \u0130sti Dald\u0131rma Galvanizl\u0259\u015fdirm\u0259 - Climate Master<\/title>\n<meta name=\"robots\" content=\"index, follow, max-snippet:-1, max-image-preview:large, max-video-preview:-1\" \/>\n<link rel=\"canonical\" href=\"https:\/\/climatemaster.ge\/az\/product\/steel-coating-hot-dip-galvanizisation\/\" \/>\n<meta property=\"og:locale\" content=\"az_AZ\" \/>\n<meta property=\"og:type\" content=\"article\" \/>\n<meta property=\"og:title\" content=\"Polad \u00f6rt\u00fck: \u0130sti Dald\u0131rma Galvanizl\u0259\u015fdirm\u0259 - Climate Master\" \/>\n<meta property=\"og:description\" content=\"\u0130sti dald\u0131rma sinkl\u0259m\u0259 polad\u0131 korroziyadan qorumaq \u00fc\u00e7\u00fcn \u0259n t\u0259sirli v\u0259 daimi \u00fcsuldur. B\u00fct\u00fcn s\u0259thl\u0259r tamamil\u0259 passiv sink t\u0259b\u0259q\u0259si il\u0259 \u00f6rt\u00fcl\u00fcr v\u0259 polad atmosfer korroziyas\u0131ndan ayr\u0131l\u0131r. \u0130\u00e7m\u0259k \u00fc\u00e7\u00fcn n\u0259z\u0259rd\u0259 tutulmayan su \u00e7\u0259nl\u0259ri \u00fc\u00e7\u00fcn ideal h\u0259lldir.\" \/>\n<meta property=\"og:url\" content=\"https:\/\/climatemaster.ge\/az\/product\/steel-coating-hot-dip-galvanizisation\/\" \/>\n<meta property=\"og:site_name\" content=\"Climate Master\" \/>\n<meta property=\"article:modified_time\" content=\"2025-06-03T15:10:40+00:00\" \/>\n<meta property=\"og:image\" content=\"https:\/\/climatemaster.ge\/wp-content\/uploads\/2025\/06\/ybuhj5yz6899.jpg\" \/>\n\t<meta property=\"og:image:width\" content=\"800\" \/>\n\t<meta property=\"og:image:height\" content=\"600\" \/>\n\t<meta property=\"og:image:type\" content=\"image\/jpeg\" \/>\n<meta name=\"twitter:card\" content=\"summary_large_image\" \/>\n<script type=\"application\/ld+json\" class=\"yoast-schema-graph\">{\"@context\":\"https:\/\/schema.org\",\"@graph\":[{\"@type\":\"WebPage\",\"@id\":\"https:\/\/climatemaster.ge\/az\/product\/steel-coating-hot-dip-galvanizisation\/\",\"url\":\"https:\/\/climatemaster.ge\/az\/product\/steel-coating-hot-dip-galvanizisation\/\",\"name\":\"Polad \u00f6rt\u00fck: \u0130sti Dald\u0131rma Galvanizl\u0259\u015fdirm\u0259 - Climate Master\",\"isPartOf\":{\"@id\":\"https:\/\/climatemaster.ge\/#website\"},\"primaryImageOfPage\":{\"@id\":\"https:\/\/climatemaster.ge\/az\/product\/steel-coating-hot-dip-galvanizisation\/#primaryimage\"},\"image\":{\"@id\":\"https:\/\/climatemaster.ge\/az\/product\/steel-coating-hot-dip-galvanizisation\/#primaryimage\"},\"thumbnailUrl\":\"https:\/\/climatemaster.ge\/wp-content\/uploads\/2025\/06\/ybuhj5yz6899.jpg\",\"datePublished\":\"2025-06-03T14:57:57+00:00\",\"dateModified\":\"2025-06-03T15:10:40+00:00\",\"breadcrumb\":{\"@id\":\"https:\/\/climatemaster.ge\/az\/product\/steel-coating-hot-dip-galvanizisation\/#breadcrumb\"},\"inLanguage\":\"az\",\"potentialAction\":[{\"@type\":\"ReadAction\",\"target\":[\"https:\/\/climatemaster.ge\/az\/product\/steel-coating-hot-dip-galvanizisation\/\"]}]},{\"@type\":\"ImageObject\",\"inLanguage\":\"az\",\"@id\":\"https:\/\/climatemaster.ge\/az\/product\/steel-coating-hot-dip-galvanizisation\/#primaryimage\",\"url\":\"https:\/\/climatemaster.ge\/wp-content\/uploads\/2025\/06\/ybuhj5yz6899.jpg\",\"contentUrl\":\"https:\/\/climatemaster.ge\/wp-content\/uploads\/2025\/06\/ybuhj5yz6899.jpg\",\"width\":800,\"height\":600},{\"@type\":\"BreadcrumbList\",\"@id\":\"https:\/\/climatemaster.ge\/az\/product\/steel-coating-hot-dip-galvanizisation\/#breadcrumb\",\"itemListElement\":[{\"@type\":\"ListItem\",\"position\":1,\"name\":\"Home\",\"item\":\"https:\/\/climatemaster.ge\/\"},{\"@type\":\"ListItem\",\"position\":2,\"name\":\"M\u0259hsullar\",\"item\":\"https:\/\/climatemaster.ge\/products\/\"},{\"@type\":\"ListItem\",\"position\":3,\"name\":\"Polad \u00f6rt\u00fck: \u0130sti Dald\u0131rma Galvanizl\u0259\u015fdirm\u0259\"}]},{\"@type\":\"WebSite\",\"@id\":\"https:\/\/climatemaster.ge\/#website\",\"url\":\"https:\/\/climatemaster.ge\/\",\"name\":\"Climate Master\",\"description\":\"\",\"publisher\":{\"@id\":\"https:\/\/climatemaster.ge\/#organization\"},\"potentialAction\":[{\"@type\":\"SearchAction\",\"target\":{\"@type\":\"EntryPoint\",\"urlTemplate\":\"https:\/\/climatemaster.ge\/?s={search_term_string}\"},\"query-input\":{\"@type\":\"PropertyValueSpecification\",\"valueRequired\":true,\"valueName\":\"search_term_string\"}}],\"inLanguage\":\"az\"},{\"@type\":\"Organization\",\"@id\":\"https:\/\/climatemaster.ge\/#organization\",\"name\":\"Climate Master\",\"url\":\"https:\/\/climatemaster.ge\/\",\"logo\":{\"@type\":\"ImageObject\",\"inLanguage\":\"az\",\"@id\":\"https:\/\/climatemaster.ge\/#\/schema\/logo\/image\/\",\"url\":\"https:\/\/climatemaster.ge\/wp-content\/uploads\/2026\/03\/Untitled-2.png\",\"contentUrl\":\"https:\/\/climatemaster.ge\/wp-content\/uploads\/2026\/03\/Untitled-2.png\",\"width\":600,\"height\":338,\"caption\":\"Climate Master\"},\"image\":{\"@id\":\"https:\/\/climatemaster.ge\/#\/schema\/logo\/image\/\"}}]}<\/script>\n<!-- \/ Yoast SEO plugin. -->","yoast_head_json":{"title":"Polad \u00f6rt\u00fck: \u0130sti Dald\u0131rma Galvanizl\u0259\u015fdirm\u0259 - Climate Master","robots":{"index":"index","follow":"follow","max-snippet":"max-snippet:-1","max-image-preview":"max-image-preview:large","max-video-preview":"max-video-preview:-1"},"canonical":"https:\/\/climatemaster.ge\/az\/product\/steel-coating-hot-dip-galvanizisation\/","og_locale":"az_AZ","og_type":"article","og_title":"Polad \u00f6rt\u00fck: \u0130sti Dald\u0131rma Galvanizl\u0259\u015fdirm\u0259 - Climate Master","og_description":"\u0130sti dald\u0131rma sinkl\u0259m\u0259 polad\u0131 korroziyadan qorumaq \u00fc\u00e7\u00fcn \u0259n t\u0259sirli v\u0259 daimi \u00fcsuldur. B\u00fct\u00fcn s\u0259thl\u0259r tamamil\u0259 passiv sink t\u0259b\u0259q\u0259si il\u0259 \u00f6rt\u00fcl\u00fcr v\u0259 polad atmosfer korroziyas\u0131ndan ayr\u0131l\u0131r. \u0130\u00e7m\u0259k \u00fc\u00e7\u00fcn n\u0259z\u0259rd\u0259 tutulmayan su \u00e7\u0259nl\u0259ri \u00fc\u00e7\u00fcn ideal h\u0259lldir.","og_url":"https:\/\/climatemaster.ge\/az\/product\/steel-coating-hot-dip-galvanizisation\/","og_site_name":"Climate Master","article_modified_time":"2025-06-03T15:10:40+00:00","og_image":[{"width":800,"height":600,"url":"https:\/\/climatemaster.ge\/wp-content\/uploads\/2025\/06\/ybuhj5yz6899.jpg","type":"image\/jpeg"}],"twitter_card":"summary_large_image","schema":{"@context":"https:\/\/schema.org","@graph":[{"@type":"WebPage","@id":"https:\/\/climatemaster.ge\/az\/product\/steel-coating-hot-dip-galvanizisation\/","url":"https:\/\/climatemaster.ge\/az\/product\/steel-coating-hot-dip-galvanizisation\/","name":"Polad \u00f6rt\u00fck: \u0130sti Dald\u0131rma Galvanizl\u0259\u015fdirm\u0259 - Climate Master","isPartOf":{"@id":"https:\/\/climatemaster.ge\/#website"},"primaryImageOfPage":{"@id":"https:\/\/climatemaster.ge\/az\/product\/steel-coating-hot-dip-galvanizisation\/#primaryimage"},"image":{"@id":"https:\/\/climatemaster.ge\/az\/product\/steel-coating-hot-dip-galvanizisation\/#primaryimage"},"thumbnailUrl":"https:\/\/climatemaster.ge\/wp-content\/uploads\/2025\/06\/ybuhj5yz6899.jpg","datePublished":"2025-06-03T14:57:57+00:00","dateModified":"2025-06-03T15:10:40+00:00","breadcrumb":{"@id":"https:\/\/climatemaster.ge\/az\/product\/steel-coating-hot-dip-galvanizisation\/#breadcrumb"},"inLanguage":"az","potentialAction":[{"@type":"ReadAction","target":["https:\/\/climatemaster.ge\/az\/product\/steel-coating-hot-dip-galvanizisation\/"]}]},{"@type":"ImageObject","inLanguage":"az","@id":"https:\/\/climatemaster.ge\/az\/product\/steel-coating-hot-dip-galvanizisation\/#primaryimage","url":"https:\/\/climatemaster.ge\/wp-content\/uploads\/2025\/06\/ybuhj5yz6899.jpg","contentUrl":"https:\/\/climatemaster.ge\/wp-content\/uploads\/2025\/06\/ybuhj5yz6899.jpg","width":800,"height":600},{"@type":"BreadcrumbList","@id":"https:\/\/climatemaster.ge\/az\/product\/steel-coating-hot-dip-galvanizisation\/#breadcrumb","itemListElement":[{"@type":"ListItem","position":1,"name":"Home","item":"https:\/\/climatemaster.ge\/"},{"@type":"ListItem","position":2,"name":"M\u0259hsullar","item":"https:\/\/climatemaster.ge\/products\/"},{"@type":"ListItem","position":3,"name":"Polad \u00f6rt\u00fck: \u0130sti Dald\u0131rma Galvanizl\u0259\u015fdirm\u0259"}]},{"@type":"WebSite","@id":"https:\/\/climatemaster.ge\/#website","url":"https:\/\/climatemaster.ge\/","name":"Climate Master","description":"","publisher":{"@id":"https:\/\/climatemaster.ge\/#organization"},"potentialAction":[{"@type":"SearchAction","target":{"@type":"EntryPoint","urlTemplate":"https:\/\/climatemaster.ge\/?s={search_term_string}"},"query-input":{"@type":"PropertyValueSpecification","valueRequired":true,"valueName":"search_term_string"}}],"inLanguage":"az"},{"@type":"Organization","@id":"https:\/\/climatemaster.ge\/#organization","name":"Climate Master","url":"https:\/\/climatemaster.ge\/","logo":{"@type":"ImageObject","inLanguage":"az","@id":"https:\/\/climatemaster.ge\/#\/schema\/logo\/image\/","url":"https:\/\/climatemaster.ge\/wp-content\/uploads\/2026\/03\/Untitled-2.png","contentUrl":"https:\/\/climatemaster.ge\/wp-content\/uploads\/2026\/03\/Untitled-2.png","width":600,"height":338,"caption":"Climate Master"},"image":{"@id":"https:\/\/climatemaster.ge\/#\/schema\/logo\/image\/"}}]}},"_links":{"self":[{"href":"https:\/\/climatemaster.ge\/az\/wp-json\/wp\/v2\/product\/34505","targetHints":{"allow":["GET"]}}],"collection":[{"href":"https:\/\/climatemaster.ge\/az\/wp-json\/wp\/v2\/product"}],"about":[{"href":"https:\/\/climatemaster.ge\/az\/wp-json\/wp\/v2\/types\/product"}],"wp:featuredmedia":[{"embeddable":true,"href":"https:\/\/climatemaster.ge\/az\/wp-json\/wp\/v2\/media\/34488"}],"wp:attachment":[{"href":"https:\/\/climatemaster.ge\/az\/wp-json\/wp\/v2\/media?parent=34505"}],"wp:term":[{"taxonomy":"product_brand","embeddable":true,"href":"https:\/\/climatemaster.ge\/az\/wp-json\/wp\/v2\/product_brand?post=34505"},{"taxonomy":"product_cat","embeddable":true,"href":"https:\/\/climatemaster.ge\/az\/wp-json\/wp\/v2\/product_cat?post=34505"},{"taxonomy":"product_tag","embeddable":true,"href":"https:\/\/climatemaster.ge\/az\/wp-json\/wp\/v2\/product_tag?post=34505"}],"curies":[{"name":"wp","href":"https:\/\/api.w.org\/{rel}","templated":true}]}}