{"id":33741,"date":"2025-05-26T12:05:30","date_gmt":"2025-05-26T08:05:30","guid":{"rendered":"https:\/\/airsystems.ge\/shop\/product\/lzt-high-efficiency-air-to-water-split-system-heat-pumps-equipped-with-e-v-i-compressors-in-two-sections\/"},"modified":"2025-05-26T12:07:54","modified_gmt":"2025-05-26T08:07:54","slug":"lzt-high-efficiency-air-to-water-split-system-heat-pumps-equipped-with-e-v-i-compressors-in-two-sections","status":"publish","type":"product","link":"https:\/\/climatemaster.ge\/az\/product\/lzt-high-efficiency-air-to-water-split-system-heat-pumps-equipped-with-e-v-i-compressors-in-two-sections\/","title":{"rendered":"LZT E.V.I. il\u0259 t\u0259chiz olunmu\u015f y\u00fcks\u0259k s\u0259m\u0259r\u0259li havadan suya split sistemli istilik nasoslar\u0131. iki hiss\u0259li kompressorlar"},"content":{"rendered":"<div class=\"elementor-element elementor-element-70da8153 elementor-widget elementor-widget-theme-page-title elementor-page-title elementor-widget-heading\" data-id=\"70da8153\" data-element_type=\"widget\" data-widget_type=\"theme-page-title.default\">\n<div class=\"elementor-widget-container\">\n<p>\u0130stilik g\u00fcc\u00fc 23 kVt-dan 218 kVt-a q\u0259d\u0259r<\/p>\n<p>LZT seriyal\u0131 y\u00fcks\u0259k s\u0259m\u0259r\u0259li istilik nasoslar\u0131 parlaq d\u00f6\u015f\u0259m\u0259 isitm\u0259 sisteml\u0259ri v\u0259 ya isitm\u0259 zaman\u0131 maksimum s\u0259m\u0259r\u0259liliyin z\u0259ruri oldu\u011fu t\u0259tbiql\u0259r \u00fc\u00e7\u00fcn x\u00fcsusi olaraq haz\u0131rlanm\u0131\u015fd\u0131r.<br \/>\nOnlar istilik rejimind\u0259 optimalla\u015fd\u0131r\u0131lm\u0131\u015fd\u0131r, 65\u00b0C-\u0259 q\u0259d\u0259r su hasil ed\u0259 bilir v\u0259 \u0259traf m\u00fchitin temperaturu -20\u00b0C-\u0259 q\u0259d\u0259r i\u015fl\u0259y\u0259 bilir. B\u00fct\u00fcn versiyalar q\u0131\u015fda defrost \u00fc\u00e7\u00fcn istifad\u0259 olunan t\u0259rs d\u00f6vr\u0259 klapan\u0131 il\u0259 t\u0259chiz edilmi\u015fdir; HH versiyas\u0131 istilik \u00fc\u00e7\u00fcn istilik nasosu texnologiyas\u0131ndan istifad\u0259 \u00fc\u00e7\u00fcn d\u0259st\u0259k sxeml\u0259ri olan \u00f6lk\u0259l\u0259rd\u0259 istifad\u0259 \u00fc\u00e7\u00fcn uy\u011fundur. RV versiyalar\u0131 da soyuq su istehsal ed\u0259 bilir. Yaln\u0131z HH isitm\u0259 versiyalar\u0131 zavodda qura\u015fd\u0131r\u0131l\u0131b v\u0259 yaln\u0131z isitm\u0259 rejimind\u0259 i\u015fl\u0259m\u0259k \u00fc\u00e7\u00fcn kilidl\u0259nib. XL v\u0259 NN versiyalar\u0131nda s\u0259s-k\u00fcy\u00fc t\u0259xmin\u0259n 6-8 dB(A) azaltma\u011fa imkan ver\u0259n x\u00fcsusi \u00fcz\u0259n vibrasiya s\u00f6n\u00fcml\u0259m\u0259 sisteminin istifad\u0259si say\u0259sind\u0259 son d\u0259r\u0259c\u0259 a\u015fa\u011f\u0131d\u0131r.<\/p>\n<\/div>\n<\/div>\n<div class=\"elementor-element elementor-element-427e8a79 e-flex e-con-boxed e-con e-child\" data-id=\"427e8a79\" data-element_type=\"container\">\n<div class=\"e-con-inner\">\n<div class=\"elementor-element elementor-element-6e19ed90 hidebutton mc-bl elementor-align-left elementor-widget elementor-widget-button\" data-id=\"6e19ed90\" data-element_type=\"widget\" data-widget_type=\"button.default\">\n<div class=\"elementor-widget-container\">\n<div class=\"elementor-button-wrapper\"><a class=\"elementor-button elementor-button-link elementor-size-sm\" href=\"https:\/\/www.enextechnologies.com\/wp-content\/uploads\/2024\/09\/LZT-P2_ENG.pdf\" target=\"_blank\" rel=\"noopener\"><span class=\"elementor-button-content-wrapper\"><span class=\"elementor-button-text\">BROCHURE<\/span><\/span><\/a><\/div>\n<\/div>\n<\/div>\n<\/div>\n<\/div>\n","protected":false},"excerpt":{"rendered":"<p>\u0130stilik g\u00fcc\u00fc 23 kVt-dan 218 kVt-a q\u0259d\u0259r LZT seriyal\u0131 y\u00fcks\u0259k s\u0259m\u0259r\u0259li istilik nasoslar\u0131 parlaq d\u00f6\u015f\u0259m\u0259 isitm\u0259 sisteml\u0259ri v\u0259 ya isitm\u0259<\/p>\n","protected":false},"featured_media":33735,"template":"","meta":[],"product_brand":[],"product_cat":[1668,875],"product_tag":[],"class_list":{"0":"post-33741","1":"product","2":"type-product","3":"status-publish","4":"has-post-thumbnail","6":"product_cat-istilik-nasosu","7":"product_cat-snaye-az-kondisionerlr","9":"first","10":"instock","11":"shipping-taxable","12":"product-type-simple"},"yoast_head":"<!-- This site is optimized with the Yoast SEO plugin v27.1.1 - https:\/\/yoast.com\/product\/yoast-seo-wordpress\/ -->\n<title>LZT E.V.I. il\u0259 t\u0259chiz olunmu\u015f y\u00fcks\u0259k s\u0259m\u0259r\u0259li havadan suya split sistemli istilik nasoslar\u0131. iki hiss\u0259li kompressorlar - Climate Master<\/title>\n<meta name=\"robots\" content=\"index, follow, max-snippet:-1, max-image-preview:large, max-video-preview:-1\" \/>\n<link rel=\"canonical\" href=\"https:\/\/climatemaster.ge\/az\/product\/lzt-high-efficiency-air-to-water-split-system-heat-pumps-equipped-with-e-v-i-compressors-in-two-sections\/\" \/>\n<meta property=\"og:locale\" content=\"az_AZ\" \/>\n<meta property=\"og:type\" content=\"article\" \/>\n<meta property=\"og:title\" content=\"LZT E.V.I. il\u0259 t\u0259chiz olunmu\u015f y\u00fcks\u0259k s\u0259m\u0259r\u0259li havadan suya split sistemli istilik nasoslar\u0131. iki hiss\u0259li kompressorlar - Climate Master\" \/>\n<meta property=\"og:description\" content=\"\u0130stilik g\u00fcc\u00fc 23 kVt-dan 218 kVt-a q\u0259d\u0259r LZT seriyal\u0131 y\u00fcks\u0259k s\u0259m\u0259r\u0259li istilik nasoslar\u0131 parlaq d\u00f6\u015f\u0259m\u0259 isitm\u0259 sisteml\u0259ri v\u0259 ya isitm\u0259\" \/>\n<meta property=\"og:url\" content=\"https:\/\/climatemaster.ge\/az\/product\/lzt-high-efficiency-air-to-water-split-system-heat-pumps-equipped-with-e-v-i-compressors-in-two-sections\/\" \/>\n<meta property=\"og:site_name\" content=\"Climate Master\" \/>\n<meta property=\"article:modified_time\" content=\"2025-05-26T08:07:54+00:00\" \/>\n<meta property=\"og:image\" content=\"https:\/\/climatemaster.ge\/wp-content\/uploads\/2025\/05\/LZT.jpg\" \/>\n\t<meta property=\"og:image:width\" content=\"1298\" \/>\n\t<meta property=\"og:image:height\" content=\"1202\" \/>\n\t<meta property=\"og:image:type\" content=\"image\/jpeg\" \/>\n<meta name=\"twitter:card\" content=\"summary_large_image\" \/>\n<meta name=\"twitter:label1\" content=\"Est. reading time\" \/>\n\t<meta name=\"twitter:data1\" content=\"1 minute\" \/>\n<script type=\"application\/ld+json\" class=\"yoast-schema-graph\">{\"@context\":\"https:\/\/schema.org\",\"@graph\":[{\"@type\":\"WebPage\",\"@id\":\"https:\/\/climatemaster.ge\/az\/product\/lzt-high-efficiency-air-to-water-split-system-heat-pumps-equipped-with-e-v-i-compressors-in-two-sections\/\",\"url\":\"https:\/\/climatemaster.ge\/az\/product\/lzt-high-efficiency-air-to-water-split-system-heat-pumps-equipped-with-e-v-i-compressors-in-two-sections\/\",\"name\":\"LZT E.V.I. il\u0259 t\u0259chiz olunmu\u015f y\u00fcks\u0259k s\u0259m\u0259r\u0259li havadan suya split sistemli istilik nasoslar\u0131. iki hiss\u0259li kompressorlar - Climate Master\",\"isPartOf\":{\"@id\":\"https:\/\/climatemaster.ge\/#website\"},\"primaryImageOfPage\":{\"@id\":\"https:\/\/climatemaster.ge\/az\/product\/lzt-high-efficiency-air-to-water-split-system-heat-pumps-equipped-with-e-v-i-compressors-in-two-sections\/#primaryimage\"},\"image\":{\"@id\":\"https:\/\/climatemaster.ge\/az\/product\/lzt-high-efficiency-air-to-water-split-system-heat-pumps-equipped-with-e-v-i-compressors-in-two-sections\/#primaryimage\"},\"thumbnailUrl\":\"https:\/\/climatemaster.ge\/wp-content\/uploads\/2025\/05\/LZT.jpg\",\"datePublished\":\"2025-05-26T08:05:30+00:00\",\"dateModified\":\"2025-05-26T08:07:54+00:00\",\"breadcrumb\":{\"@id\":\"https:\/\/climatemaster.ge\/az\/product\/lzt-high-efficiency-air-to-water-split-system-heat-pumps-equipped-with-e-v-i-compressors-in-two-sections\/#breadcrumb\"},\"inLanguage\":\"az\",\"potentialAction\":[{\"@type\":\"ReadAction\",\"target\":[\"https:\/\/climatemaster.ge\/az\/product\/lzt-high-efficiency-air-to-water-split-system-heat-pumps-equipped-with-e-v-i-compressors-in-two-sections\/\"]}]},{\"@type\":\"ImageObject\",\"inLanguage\":\"az\",\"@id\":\"https:\/\/climatemaster.ge\/az\/product\/lzt-high-efficiency-air-to-water-split-system-heat-pumps-equipped-with-e-v-i-compressors-in-two-sections\/#primaryimage\",\"url\":\"https:\/\/climatemaster.ge\/wp-content\/uploads\/2025\/05\/LZT.jpg\",\"contentUrl\":\"https:\/\/climatemaster.ge\/wp-content\/uploads\/2025\/05\/LZT.jpg\",\"width\":1298,\"height\":1202},{\"@type\":\"BreadcrumbList\",\"@id\":\"https:\/\/climatemaster.ge\/az\/product\/lzt-high-efficiency-air-to-water-split-system-heat-pumps-equipped-with-e-v-i-compressors-in-two-sections\/#breadcrumb\",\"itemListElement\":[{\"@type\":\"ListItem\",\"position\":1,\"name\":\"Home\",\"item\":\"https:\/\/climatemaster.ge\/\"},{\"@type\":\"ListItem\",\"position\":2,\"name\":\"M\u0259hsullar\",\"item\":\"https:\/\/climatemaster.ge\/products\/\"},{\"@type\":\"ListItem\",\"position\":3,\"name\":\"LZT E.V.I. il\u0259 t\u0259chiz olunmu\u015f y\u00fcks\u0259k s\u0259m\u0259r\u0259li havadan suya split sistemli istilik nasoslar\u0131. iki hiss\u0259li kompressorlar\"}]},{\"@type\":\"WebSite\",\"@id\":\"https:\/\/climatemaster.ge\/#website\",\"url\":\"https:\/\/climatemaster.ge\/\",\"name\":\"Climate Master\",\"description\":\"\",\"publisher\":{\"@id\":\"https:\/\/climatemaster.ge\/#organization\"},\"potentialAction\":[{\"@type\":\"SearchAction\",\"target\":{\"@type\":\"EntryPoint\",\"urlTemplate\":\"https:\/\/climatemaster.ge\/?s={search_term_string}\"},\"query-input\":{\"@type\":\"PropertyValueSpecification\",\"valueRequired\":true,\"valueName\":\"search_term_string\"}}],\"inLanguage\":\"az\"},{\"@type\":\"Organization\",\"@id\":\"https:\/\/climatemaster.ge\/#organization\",\"name\":\"Climate Master\",\"url\":\"https:\/\/climatemaster.ge\/\",\"logo\":{\"@type\":\"ImageObject\",\"inLanguage\":\"az\",\"@id\":\"https:\/\/climatemaster.ge\/#\/schema\/logo\/image\/\",\"url\":\"https:\/\/climatemaster.ge\/wp-content\/uploads\/2026\/03\/Untitled-2.png\",\"contentUrl\":\"https:\/\/climatemaster.ge\/wp-content\/uploads\/2026\/03\/Untitled-2.png\",\"width\":600,\"height\":338,\"caption\":\"Climate Master\"},\"image\":{\"@id\":\"https:\/\/climatemaster.ge\/#\/schema\/logo\/image\/\"}}]}<\/script>\n<!-- \/ Yoast SEO plugin. -->","yoast_head_json":{"title":"LZT E.V.I. il\u0259 t\u0259chiz olunmu\u015f y\u00fcks\u0259k s\u0259m\u0259r\u0259li havadan suya split sistemli istilik nasoslar\u0131. iki hiss\u0259li kompressorlar - Climate Master","robots":{"index":"index","follow":"follow","max-snippet":"max-snippet:-1","max-image-preview":"max-image-preview:large","max-video-preview":"max-video-preview:-1"},"canonical":"https:\/\/climatemaster.ge\/az\/product\/lzt-high-efficiency-air-to-water-split-system-heat-pumps-equipped-with-e-v-i-compressors-in-two-sections\/","og_locale":"az_AZ","og_type":"article","og_title":"LZT E.V.I. il\u0259 t\u0259chiz olunmu\u015f y\u00fcks\u0259k s\u0259m\u0259r\u0259li havadan suya split sistemli istilik nasoslar\u0131. iki hiss\u0259li kompressorlar - Climate Master","og_description":"\u0130stilik g\u00fcc\u00fc 23 kVt-dan 218 kVt-a q\u0259d\u0259r LZT seriyal\u0131 y\u00fcks\u0259k s\u0259m\u0259r\u0259li istilik nasoslar\u0131 parlaq d\u00f6\u015f\u0259m\u0259 isitm\u0259 sisteml\u0259ri v\u0259 ya isitm\u0259","og_url":"https:\/\/climatemaster.ge\/az\/product\/lzt-high-efficiency-air-to-water-split-system-heat-pumps-equipped-with-e-v-i-compressors-in-two-sections\/","og_site_name":"Climate Master","article_modified_time":"2025-05-26T08:07:54+00:00","og_image":[{"width":1298,"height":1202,"url":"https:\/\/climatemaster.ge\/wp-content\/uploads\/2025\/05\/LZT.jpg","type":"image\/jpeg"}],"twitter_card":"summary_large_image","twitter_misc":{"Est. reading time":"1 minute"},"schema":{"@context":"https:\/\/schema.org","@graph":[{"@type":"WebPage","@id":"https:\/\/climatemaster.ge\/az\/product\/lzt-high-efficiency-air-to-water-split-system-heat-pumps-equipped-with-e-v-i-compressors-in-two-sections\/","url":"https:\/\/climatemaster.ge\/az\/product\/lzt-high-efficiency-air-to-water-split-system-heat-pumps-equipped-with-e-v-i-compressors-in-two-sections\/","name":"LZT E.V.I. il\u0259 t\u0259chiz olunmu\u015f y\u00fcks\u0259k s\u0259m\u0259r\u0259li havadan suya split sistemli istilik nasoslar\u0131. iki hiss\u0259li kompressorlar - Climate Master","isPartOf":{"@id":"https:\/\/climatemaster.ge\/#website"},"primaryImageOfPage":{"@id":"https:\/\/climatemaster.ge\/az\/product\/lzt-high-efficiency-air-to-water-split-system-heat-pumps-equipped-with-e-v-i-compressors-in-two-sections\/#primaryimage"},"image":{"@id":"https:\/\/climatemaster.ge\/az\/product\/lzt-high-efficiency-air-to-water-split-system-heat-pumps-equipped-with-e-v-i-compressors-in-two-sections\/#primaryimage"},"thumbnailUrl":"https:\/\/climatemaster.ge\/wp-content\/uploads\/2025\/05\/LZT.jpg","datePublished":"2025-05-26T08:05:30+00:00","dateModified":"2025-05-26T08:07:54+00:00","breadcrumb":{"@id":"https:\/\/climatemaster.ge\/az\/product\/lzt-high-efficiency-air-to-water-split-system-heat-pumps-equipped-with-e-v-i-compressors-in-two-sections\/#breadcrumb"},"inLanguage":"az","potentialAction":[{"@type":"ReadAction","target":["https:\/\/climatemaster.ge\/az\/product\/lzt-high-efficiency-air-to-water-split-system-heat-pumps-equipped-with-e-v-i-compressors-in-two-sections\/"]}]},{"@type":"ImageObject","inLanguage":"az","@id":"https:\/\/climatemaster.ge\/az\/product\/lzt-high-efficiency-air-to-water-split-system-heat-pumps-equipped-with-e-v-i-compressors-in-two-sections\/#primaryimage","url":"https:\/\/climatemaster.ge\/wp-content\/uploads\/2025\/05\/LZT.jpg","contentUrl":"https:\/\/climatemaster.ge\/wp-content\/uploads\/2025\/05\/LZT.jpg","width":1298,"height":1202},{"@type":"BreadcrumbList","@id":"https:\/\/climatemaster.ge\/az\/product\/lzt-high-efficiency-air-to-water-split-system-heat-pumps-equipped-with-e-v-i-compressors-in-two-sections\/#breadcrumb","itemListElement":[{"@type":"ListItem","position":1,"name":"Home","item":"https:\/\/climatemaster.ge\/"},{"@type":"ListItem","position":2,"name":"M\u0259hsullar","item":"https:\/\/climatemaster.ge\/products\/"},{"@type":"ListItem","position":3,"name":"LZT E.V.I. il\u0259 t\u0259chiz olunmu\u015f y\u00fcks\u0259k s\u0259m\u0259r\u0259li havadan suya split sistemli istilik nasoslar\u0131. iki hiss\u0259li kompressorlar"}]},{"@type":"WebSite","@id":"https:\/\/climatemaster.ge\/#website","url":"https:\/\/climatemaster.ge\/","name":"Climate Master","description":"","publisher":{"@id":"https:\/\/climatemaster.ge\/#organization"},"potentialAction":[{"@type":"SearchAction","target":{"@type":"EntryPoint","urlTemplate":"https:\/\/climatemaster.ge\/?s={search_term_string}"},"query-input":{"@type":"PropertyValueSpecification","valueRequired":true,"valueName":"search_term_string"}}],"inLanguage":"az"},{"@type":"Organization","@id":"https:\/\/climatemaster.ge\/#organization","name":"Climate Master","url":"https:\/\/climatemaster.ge\/","logo":{"@type":"ImageObject","inLanguage":"az","@id":"https:\/\/climatemaster.ge\/#\/schema\/logo\/image\/","url":"https:\/\/climatemaster.ge\/wp-content\/uploads\/2026\/03\/Untitled-2.png","contentUrl":"https:\/\/climatemaster.ge\/wp-content\/uploads\/2026\/03\/Untitled-2.png","width":600,"height":338,"caption":"Climate Master"},"image":{"@id":"https:\/\/climatemaster.ge\/#\/schema\/logo\/image\/"}}]}},"_links":{"self":[{"href":"https:\/\/climatemaster.ge\/az\/wp-json\/wp\/v2\/product\/33741","targetHints":{"allow":["GET"]}}],"collection":[{"href":"https:\/\/climatemaster.ge\/az\/wp-json\/wp\/v2\/product"}],"about":[{"href":"https:\/\/climatemaster.ge\/az\/wp-json\/wp\/v2\/types\/product"}],"wp:featuredmedia":[{"embeddable":true,"href":"https:\/\/climatemaster.ge\/az\/wp-json\/wp\/v2\/media\/33735"}],"wp:attachment":[{"href":"https:\/\/climatemaster.ge\/az\/wp-json\/wp\/v2\/media?parent=33741"}],"wp:term":[{"taxonomy":"product_brand","embeddable":true,"href":"https:\/\/climatemaster.ge\/az\/wp-json\/wp\/v2\/product_brand?post=33741"},{"taxonomy":"product_cat","embeddable":true,"href":"https:\/\/climatemaster.ge\/az\/wp-json\/wp\/v2\/product_cat?post=33741"},{"taxonomy":"product_tag","embeddable":true,"href":"https:\/\/climatemaster.ge\/az\/wp-json\/wp\/v2\/product_tag?post=33741"}],"curies":[{"name":"wp","href":"https:\/\/api.w.org\/{rel}","templated":true}]}}