{"id":33653,"date":"2025-05-26T11:35:56","date_gmt":"2025-05-26T07:35:56","guid":{"rendered":"https:\/\/airsystems.ge\/shop\/product\/air-to-water-reciprocating-heat-pump-pas-kp-packaged-air-to-water-reversible-reciprocating-heat-pump-for-outdoor-use\/"},"modified":"2025-05-26T11:38:48","modified_gmt":"2025-05-26T07:38:48","slug":"air-to-water-reciprocating-heat-pump-pas-kp-packaged-air-to-water-reversible-reciprocating-heat-pump-for-outdoor-use","status":"publish","type":"product","link":"https:\/\/climatemaster.ge\/az\/product\/air-to-water-reciprocating-heat-pump-pas-kp-packaged-air-to-water-reversible-reciprocating-heat-pump-for-outdoor-use\/","title":{"rendered":"Havadan suya d\u00f6n\u0259n istilik nasosu PAS Kp: \u00c7\u00f6ld\u0259 istifad\u0259 \u00fc\u00e7\u00fcn qabla\u015fd\u0131r\u0131lan havadan suya d\u00f6n\u0259n pistonlu istilik nasosu"},"content":{"rendered":"<div class=\"elementor-element elementor-element-391e72ec elementor-widget elementor-widget-theme-post-content\" data-id=\"391e72ec\" data-element_type=\"widget\" data-widget_type=\"theme-post-content.default\">\n<div class=\"elementor-widget-container\">\n<p>Soyutma g\u00fcc\u00fc 36 kVt-dan 297 kVt-a q\u0259d\u0259r<br \/>\n\u0130stilik g\u00fcc\u00fc 43 kVt-dan 335 kVt-a q\u0259d\u0259r<\/p>\n<p>EMICON-un y\u00fcks\u0259k dayan\u0131ql\u0131 R290 soyuducudan istifad\u0259 ed\u0259n propanla qabla\u015fd\u0131r\u0131lm\u0131\u015f havadan suya d\u00f6n\u0259n d\u00f6n\u0259rli istilik nasosu b\u00fct\u00fcn HVAC t\u0259tbiql\u0259rind\u0259 a\u00e7\u0131q havada istifad\u0259 \u00fc\u00e7\u00fcn uy\u011fundur.<\/p>\n<p>X\u00dcSUS\u0130YY\u018fTL\u018fR\u0130<\/p>\n<p>\u2022 H\u0259r d\u00f6vr\u0259 \u00fc\u00e7\u00fcn 1 v\u0259 ya 2 kompressorla t\u0259chiz edilmi\u015f 1 v\u0259 ya 2 m\u00fcst\u0259qil soyutma sxemi.<br \/>\n\u2022 BMS sistemin\u0259 interfeys imkan\u0131.<br \/>\n\u2022 S\u0131zma sensoru kompressorlar\u0131 s\u00f6nd\u00fcr\u00fcr v\u0259 soyuducu s\u0131zmas\u0131 hal\u0131nda ventilyatoru i\u015f\u0259 sal\u0131r.<br \/>\n\u2022 -10\u00b0C-y\u0259 q\u0259d\u0259r soyutma rejimind\u0259 i\u015fl\u0259m\u0259<\/p>\n<p>OPS\u0130YONLAR<\/p>\n<p>\u2022 -20\u00b0C-y\u0259 q\u0259d\u0259r soyutma rejimind\u0259 i\u015fl\u0259m\u0259 (Op. BF)<br \/>\n\u2022 Daha y\u00fcks\u0259k qal\u0131nl\u0131\u011fa malik s\u0259s ke\u00e7irm\u0259y\u0259n kompressor \u015fkaf\u0131<br \/>\n\u2022 \u0130stiliyin qism\u0259n b\u0259rpas\u0131<br \/>\n\u2022 Elektron termostatik klapan<br \/>\n\u2022 Hiss\u0259 saran kompressorun i\u015f\u0259 sal\u0131nmas\u0131 sistemi<br \/>\n\u2022 T\u0259kmil Kaskad sistemi \u2013 n.6 \u0259d\u0259d\u0259 q\u0259d\u0259r<br \/>\n\u2022 RS 485 il\u0259 BACNET v\u0259 ya TCP\/IP Protokolu serial interfeysi<br \/>\n\u2022 Nasos \u00fc\u00e7\u00fcn \u00e7evirici<br \/>\n\u2022 Hiweb n\u0259zar\u0259t sistemi<\/p>\n<\/div>\n<\/div>\n<div class=\"elementor-element elementor-element-427e8a79 e-flex e-con-boxed e-con e-child\" data-id=\"427e8a79\" data-element_type=\"container\">\n<div class=\"e-con-inner\">\n<div class=\"elementor-element elementor-element-6e19ed90 hidebutton mc-bl elementor-align-left elementor-widget elementor-widget-button\" data-id=\"6e19ed90\" data-element_type=\"widget\" data-widget_type=\"button.default\">\n<div class=\"elementor-widget-container\">\n<div class=\"elementor-button-wrapper\"><a class=\"elementor-button elementor-button-link elementor-size-sm\" href=\"https:\/\/www.enextechnologies.com\/wp-content\/uploads\/2024\/09\/ONE-PAGER-PAS-KP_ENG.pdf\" target=\"_blank\" rel=\"noopener\"><span class=\"elementor-button-content-wrapper\"><span class=\"elementor-button-text\">ONE PAGER<\/span><\/span><\/a><\/div>\n<\/div>\n<\/div>\n<div class=\"elementor-element elementor-element-13f5f820 hidebutton mc-bl elementor-align-left elementor-widget elementor-widget-button\" data-id=\"13f5f820\" data-element_type=\"widget\" data-widget_type=\"button.default\">\n<div class=\"elementor-widget-container\">\n<div class=\"elementor-button-wrapper\"><a class=\"elementor-button elementor-button-link elementor-size-sm\" href=\"https:\/\/www.enextechnologies.com\/wp-content\/uploads\/2024\/09\/PAS-KP_ENG.pdf\" target=\"_blank\" rel=\"noopener\"><span class=\"elementor-button-content-wrapper\"><span class=\"elementor-button-text\">BROCHURE<\/span><\/span><\/a><\/div>\n<\/div>\n<\/div>\n<\/div>\n<\/div>\n","protected":false},"excerpt":{"rendered":"<p>Soyutma g\u00fcc\u00fc 36 kVt-dan 297 kVt-a q\u0259d\u0259r \u0130stilik g\u00fcc\u00fc 43 kVt-dan 335 kVt-a q\u0259d\u0259r EMICON-un y\u00fcks\u0259k dayan\u0131ql\u0131 R290 soyuducudan istifad\u0259<\/p>\n","protected":false},"featured_media":33648,"template":"","meta":[],"product_brand":[],"product_cat":[1668,875],"product_tag":[],"class_list":{"0":"post-33653","1":"product","2":"type-product","3":"status-publish","4":"has-post-thumbnail","6":"product_cat-istilik-nasosu","7":"product_cat-snaye-az-kondisionerlr","9":"first","10":"instock","11":"shipping-taxable","12":"product-type-simple"},"yoast_head":"<!-- This site is optimized with the Yoast SEO plugin v27.1.1 - https:\/\/yoast.com\/product\/yoast-seo-wordpress\/ -->\n<title>Havadan suya d\u00f6n\u0259n istilik nasosu PAS Kp: \u00c7\u00f6ld\u0259 istifad\u0259 \u00fc\u00e7\u00fcn qabla\u015fd\u0131r\u0131lan havadan suya d\u00f6n\u0259n pistonlu istilik nasosu - Climate Master<\/title>\n<meta name=\"robots\" content=\"index, follow, max-snippet:-1, max-image-preview:large, max-video-preview:-1\" \/>\n<link rel=\"canonical\" href=\"https:\/\/climatemaster.ge\/az\/product\/air-to-water-reciprocating-heat-pump-pas-kp-packaged-air-to-water-reversible-reciprocating-heat-pump-for-outdoor-use\/\" \/>\n<meta property=\"og:locale\" content=\"az_AZ\" \/>\n<meta property=\"og:type\" content=\"article\" \/>\n<meta property=\"og:title\" content=\"Havadan suya d\u00f6n\u0259n istilik nasosu PAS Kp: \u00c7\u00f6ld\u0259 istifad\u0259 \u00fc\u00e7\u00fcn qabla\u015fd\u0131r\u0131lan havadan suya d\u00f6n\u0259n pistonlu istilik nasosu - Climate Master\" \/>\n<meta property=\"og:description\" content=\"Soyutma g\u00fcc\u00fc 36 kVt-dan 297 kVt-a q\u0259d\u0259r \u0130stilik g\u00fcc\u00fc 43 kVt-dan 335 kVt-a q\u0259d\u0259r EMICON-un y\u00fcks\u0259k dayan\u0131ql\u0131 R290 soyuducudan istifad\u0259\" \/>\n<meta property=\"og:url\" content=\"https:\/\/climatemaster.ge\/az\/product\/air-to-water-reciprocating-heat-pump-pas-kp-packaged-air-to-water-reversible-reciprocating-heat-pump-for-outdoor-use\/\" \/>\n<meta property=\"og:site_name\" content=\"Climate Master\" \/>\n<meta property=\"article:modified_time\" content=\"2025-05-26T07:38:48+00:00\" \/>\n<meta property=\"og:image\" content=\"https:\/\/climatemaster.ge\/wp-content\/uploads\/2025\/05\/PAS-Kp-1-qjoxhpm78p2zn7edc3yomfwh8339mkdlyo2t94otaw.png\" \/>\n\t<meta property=\"og:image:width\" content=\"700\" \/>\n\t<meta property=\"og:image:height\" content=\"700\" \/>\n\t<meta property=\"og:image:type\" content=\"image\/png\" \/>\n<meta name=\"twitter:card\" content=\"summary_large_image\" \/>\n<meta name=\"twitter:label1\" content=\"Est. reading time\" \/>\n\t<meta name=\"twitter:data1\" content=\"1 minute\" \/>\n<script type=\"application\/ld+json\" class=\"yoast-schema-graph\">{\"@context\":\"https:\/\/schema.org\",\"@graph\":[{\"@type\":\"WebPage\",\"@id\":\"https:\/\/climatemaster.ge\/az\/product\/air-to-water-reciprocating-heat-pump-pas-kp-packaged-air-to-water-reversible-reciprocating-heat-pump-for-outdoor-use\/\",\"url\":\"https:\/\/climatemaster.ge\/az\/product\/air-to-water-reciprocating-heat-pump-pas-kp-packaged-air-to-water-reversible-reciprocating-heat-pump-for-outdoor-use\/\",\"name\":\"Havadan suya d\u00f6n\u0259n istilik nasosu PAS Kp: \u00c7\u00f6ld\u0259 istifad\u0259 \u00fc\u00e7\u00fcn qabla\u015fd\u0131r\u0131lan havadan suya d\u00f6n\u0259n pistonlu istilik nasosu - Climate Master\",\"isPartOf\":{\"@id\":\"https:\/\/climatemaster.ge\/#website\"},\"primaryImageOfPage\":{\"@id\":\"https:\/\/climatemaster.ge\/az\/product\/air-to-water-reciprocating-heat-pump-pas-kp-packaged-air-to-water-reversible-reciprocating-heat-pump-for-outdoor-use\/#primaryimage\"},\"image\":{\"@id\":\"https:\/\/climatemaster.ge\/az\/product\/air-to-water-reciprocating-heat-pump-pas-kp-packaged-air-to-water-reversible-reciprocating-heat-pump-for-outdoor-use\/#primaryimage\"},\"thumbnailUrl\":\"https:\/\/climatemaster.ge\/wp-content\/uploads\/2025\/05\/PAS-Kp-1-qjoxhpm78p2zn7edc3yomfwh8339mkdlyo2t94otaw.png\",\"datePublished\":\"2025-05-26T07:35:56+00:00\",\"dateModified\":\"2025-05-26T07:38:48+00:00\",\"breadcrumb\":{\"@id\":\"https:\/\/climatemaster.ge\/az\/product\/air-to-water-reciprocating-heat-pump-pas-kp-packaged-air-to-water-reversible-reciprocating-heat-pump-for-outdoor-use\/#breadcrumb\"},\"inLanguage\":\"az\",\"potentialAction\":[{\"@type\":\"ReadAction\",\"target\":[\"https:\/\/climatemaster.ge\/az\/product\/air-to-water-reciprocating-heat-pump-pas-kp-packaged-air-to-water-reversible-reciprocating-heat-pump-for-outdoor-use\/\"]}]},{\"@type\":\"ImageObject\",\"inLanguage\":\"az\",\"@id\":\"https:\/\/climatemaster.ge\/az\/product\/air-to-water-reciprocating-heat-pump-pas-kp-packaged-air-to-water-reversible-reciprocating-heat-pump-for-outdoor-use\/#primaryimage\",\"url\":\"https:\/\/climatemaster.ge\/wp-content\/uploads\/2025\/05\/PAS-Kp-1-qjoxhpm78p2zn7edc3yomfwh8339mkdlyo2t94otaw.png\",\"contentUrl\":\"https:\/\/climatemaster.ge\/wp-content\/uploads\/2025\/05\/PAS-Kp-1-qjoxhpm78p2zn7edc3yomfwh8339mkdlyo2t94otaw.png\",\"width\":700,\"height\":700},{\"@type\":\"BreadcrumbList\",\"@id\":\"https:\/\/climatemaster.ge\/az\/product\/air-to-water-reciprocating-heat-pump-pas-kp-packaged-air-to-water-reversible-reciprocating-heat-pump-for-outdoor-use\/#breadcrumb\",\"itemListElement\":[{\"@type\":\"ListItem\",\"position\":1,\"name\":\"Home\",\"item\":\"https:\/\/climatemaster.ge\/\"},{\"@type\":\"ListItem\",\"position\":2,\"name\":\"M\u0259hsullar\",\"item\":\"https:\/\/climatemaster.ge\/products\/\"},{\"@type\":\"ListItem\",\"position\":3,\"name\":\"Havadan suya d\u00f6n\u0259n istilik nasosu PAS Kp: \u00c7\u00f6ld\u0259 istifad\u0259 \u00fc\u00e7\u00fcn qabla\u015fd\u0131r\u0131lan havadan suya d\u00f6n\u0259n pistonlu istilik nasosu\"}]},{\"@type\":\"WebSite\",\"@id\":\"https:\/\/climatemaster.ge\/#website\",\"url\":\"https:\/\/climatemaster.ge\/\",\"name\":\"Climate Master\",\"description\":\"\",\"publisher\":{\"@id\":\"https:\/\/climatemaster.ge\/#organization\"},\"potentialAction\":[{\"@type\":\"SearchAction\",\"target\":{\"@type\":\"EntryPoint\",\"urlTemplate\":\"https:\/\/climatemaster.ge\/?s={search_term_string}\"},\"query-input\":{\"@type\":\"PropertyValueSpecification\",\"valueRequired\":true,\"valueName\":\"search_term_string\"}}],\"inLanguage\":\"az\"},{\"@type\":\"Organization\",\"@id\":\"https:\/\/climatemaster.ge\/#organization\",\"name\":\"Climate Master\",\"url\":\"https:\/\/climatemaster.ge\/\",\"logo\":{\"@type\":\"ImageObject\",\"inLanguage\":\"az\",\"@id\":\"https:\/\/climatemaster.ge\/#\/schema\/logo\/image\/\",\"url\":\"https:\/\/climatemaster.ge\/wp-content\/uploads\/2026\/03\/Untitled-2.png\",\"contentUrl\":\"https:\/\/climatemaster.ge\/wp-content\/uploads\/2026\/03\/Untitled-2.png\",\"width\":600,\"height\":338,\"caption\":\"Climate Master\"},\"image\":{\"@id\":\"https:\/\/climatemaster.ge\/#\/schema\/logo\/image\/\"}}]}<\/script>\n<!-- \/ Yoast SEO plugin. -->","yoast_head_json":{"title":"Havadan suya d\u00f6n\u0259n istilik nasosu PAS Kp: \u00c7\u00f6ld\u0259 istifad\u0259 \u00fc\u00e7\u00fcn qabla\u015fd\u0131r\u0131lan havadan suya d\u00f6n\u0259n pistonlu istilik nasosu - Climate Master","robots":{"index":"index","follow":"follow","max-snippet":"max-snippet:-1","max-image-preview":"max-image-preview:large","max-video-preview":"max-video-preview:-1"},"canonical":"https:\/\/climatemaster.ge\/az\/product\/air-to-water-reciprocating-heat-pump-pas-kp-packaged-air-to-water-reversible-reciprocating-heat-pump-for-outdoor-use\/","og_locale":"az_AZ","og_type":"article","og_title":"Havadan suya d\u00f6n\u0259n istilik nasosu PAS Kp: \u00c7\u00f6ld\u0259 istifad\u0259 \u00fc\u00e7\u00fcn qabla\u015fd\u0131r\u0131lan havadan suya d\u00f6n\u0259n pistonlu istilik nasosu - Climate Master","og_description":"Soyutma g\u00fcc\u00fc 36 kVt-dan 297 kVt-a q\u0259d\u0259r \u0130stilik g\u00fcc\u00fc 43 kVt-dan 335 kVt-a q\u0259d\u0259r EMICON-un y\u00fcks\u0259k dayan\u0131ql\u0131 R290 soyuducudan istifad\u0259","og_url":"https:\/\/climatemaster.ge\/az\/product\/air-to-water-reciprocating-heat-pump-pas-kp-packaged-air-to-water-reversible-reciprocating-heat-pump-for-outdoor-use\/","og_site_name":"Climate Master","article_modified_time":"2025-05-26T07:38:48+00:00","og_image":[{"width":700,"height":700,"url":"https:\/\/climatemaster.ge\/wp-content\/uploads\/2025\/05\/PAS-Kp-1-qjoxhpm78p2zn7edc3yomfwh8339mkdlyo2t94otaw.png","type":"image\/png"}],"twitter_card":"summary_large_image","twitter_misc":{"Est. reading time":"1 minute"},"schema":{"@context":"https:\/\/schema.org","@graph":[{"@type":"WebPage","@id":"https:\/\/climatemaster.ge\/az\/product\/air-to-water-reciprocating-heat-pump-pas-kp-packaged-air-to-water-reversible-reciprocating-heat-pump-for-outdoor-use\/","url":"https:\/\/climatemaster.ge\/az\/product\/air-to-water-reciprocating-heat-pump-pas-kp-packaged-air-to-water-reversible-reciprocating-heat-pump-for-outdoor-use\/","name":"Havadan suya d\u00f6n\u0259n istilik nasosu PAS Kp: \u00c7\u00f6ld\u0259 istifad\u0259 \u00fc\u00e7\u00fcn qabla\u015fd\u0131r\u0131lan havadan suya d\u00f6n\u0259n pistonlu istilik nasosu - Climate Master","isPartOf":{"@id":"https:\/\/climatemaster.ge\/#website"},"primaryImageOfPage":{"@id":"https:\/\/climatemaster.ge\/az\/product\/air-to-water-reciprocating-heat-pump-pas-kp-packaged-air-to-water-reversible-reciprocating-heat-pump-for-outdoor-use\/#primaryimage"},"image":{"@id":"https:\/\/climatemaster.ge\/az\/product\/air-to-water-reciprocating-heat-pump-pas-kp-packaged-air-to-water-reversible-reciprocating-heat-pump-for-outdoor-use\/#primaryimage"},"thumbnailUrl":"https:\/\/climatemaster.ge\/wp-content\/uploads\/2025\/05\/PAS-Kp-1-qjoxhpm78p2zn7edc3yomfwh8339mkdlyo2t94otaw.png","datePublished":"2025-05-26T07:35:56+00:00","dateModified":"2025-05-26T07:38:48+00:00","breadcrumb":{"@id":"https:\/\/climatemaster.ge\/az\/product\/air-to-water-reciprocating-heat-pump-pas-kp-packaged-air-to-water-reversible-reciprocating-heat-pump-for-outdoor-use\/#breadcrumb"},"inLanguage":"az","potentialAction":[{"@type":"ReadAction","target":["https:\/\/climatemaster.ge\/az\/product\/air-to-water-reciprocating-heat-pump-pas-kp-packaged-air-to-water-reversible-reciprocating-heat-pump-for-outdoor-use\/"]}]},{"@type":"ImageObject","inLanguage":"az","@id":"https:\/\/climatemaster.ge\/az\/product\/air-to-water-reciprocating-heat-pump-pas-kp-packaged-air-to-water-reversible-reciprocating-heat-pump-for-outdoor-use\/#primaryimage","url":"https:\/\/climatemaster.ge\/wp-content\/uploads\/2025\/05\/PAS-Kp-1-qjoxhpm78p2zn7edc3yomfwh8339mkdlyo2t94otaw.png","contentUrl":"https:\/\/climatemaster.ge\/wp-content\/uploads\/2025\/05\/PAS-Kp-1-qjoxhpm78p2zn7edc3yomfwh8339mkdlyo2t94otaw.png","width":700,"height":700},{"@type":"BreadcrumbList","@id":"https:\/\/climatemaster.ge\/az\/product\/air-to-water-reciprocating-heat-pump-pas-kp-packaged-air-to-water-reversible-reciprocating-heat-pump-for-outdoor-use\/#breadcrumb","itemListElement":[{"@type":"ListItem","position":1,"name":"Home","item":"https:\/\/climatemaster.ge\/"},{"@type":"ListItem","position":2,"name":"M\u0259hsullar","item":"https:\/\/climatemaster.ge\/products\/"},{"@type":"ListItem","position":3,"name":"Havadan suya d\u00f6n\u0259n istilik nasosu PAS Kp: \u00c7\u00f6ld\u0259 istifad\u0259 \u00fc\u00e7\u00fcn qabla\u015fd\u0131r\u0131lan havadan suya d\u00f6n\u0259n pistonlu istilik nasosu"}]},{"@type":"WebSite","@id":"https:\/\/climatemaster.ge\/#website","url":"https:\/\/climatemaster.ge\/","name":"Climate Master","description":"","publisher":{"@id":"https:\/\/climatemaster.ge\/#organization"},"potentialAction":[{"@type":"SearchAction","target":{"@type":"EntryPoint","urlTemplate":"https:\/\/climatemaster.ge\/?s={search_term_string}"},"query-input":{"@type":"PropertyValueSpecification","valueRequired":true,"valueName":"search_term_string"}}],"inLanguage":"az"},{"@type":"Organization","@id":"https:\/\/climatemaster.ge\/#organization","name":"Climate Master","url":"https:\/\/climatemaster.ge\/","logo":{"@type":"ImageObject","inLanguage":"az","@id":"https:\/\/climatemaster.ge\/#\/schema\/logo\/image\/","url":"https:\/\/climatemaster.ge\/wp-content\/uploads\/2026\/03\/Untitled-2.png","contentUrl":"https:\/\/climatemaster.ge\/wp-content\/uploads\/2026\/03\/Untitled-2.png","width":600,"height":338,"caption":"Climate Master"},"image":{"@id":"https:\/\/climatemaster.ge\/#\/schema\/logo\/image\/"}}]}},"_links":{"self":[{"href":"https:\/\/climatemaster.ge\/az\/wp-json\/wp\/v2\/product\/33653","targetHints":{"allow":["GET"]}}],"collection":[{"href":"https:\/\/climatemaster.ge\/az\/wp-json\/wp\/v2\/product"}],"about":[{"href":"https:\/\/climatemaster.ge\/az\/wp-json\/wp\/v2\/types\/product"}],"wp:featuredmedia":[{"embeddable":true,"href":"https:\/\/climatemaster.ge\/az\/wp-json\/wp\/v2\/media\/33648"}],"wp:attachment":[{"href":"https:\/\/climatemaster.ge\/az\/wp-json\/wp\/v2\/media?parent=33653"}],"wp:term":[{"taxonomy":"product_brand","embeddable":true,"href":"https:\/\/climatemaster.ge\/az\/wp-json\/wp\/v2\/product_brand?post=33653"},{"taxonomy":"product_cat","embeddable":true,"href":"https:\/\/climatemaster.ge\/az\/wp-json\/wp\/v2\/product_cat?post=33653"},{"taxonomy":"product_tag","embeddable":true,"href":"https:\/\/climatemaster.ge\/az\/wp-json\/wp\/v2\/product_tag?post=33653"}],"curies":[{"name":"wp","href":"https:\/\/api.w.org\/{rel}","templated":true}]}}