{"id":33503,"date":"2025-05-25T21:12:45","date_gmt":"2025-05-25T17:12:45","guid":{"rendered":"https:\/\/airsystems.ge\/shop\/product\/piston-unit-piston-condensing-units\/"},"modified":"2025-05-25T21:16:26","modified_gmt":"2025-05-25T17:16:26","slug":"piston-unit-piston-condensing-units","status":"publish","type":"product","link":"https:\/\/climatemaster.ge\/az\/product\/piston-unit-piston-condensing-units\/","title":{"rendered":"Piston vahidi Pistonlu kondensasiya qur\u011fular\u0131 AXS\u0130AL M\u018fRK\u018fZD\u018fND\u0130R\u0130\u015e"},"content":{"rendered":"","protected":false},"excerpt":{"rendered":"<p>Pistonlu kondensasiya qur\u011fular\u0131m\u0131z GWP &lt;150 olan A2L d\u0259 daxil olmaqla b\u00fct\u00fcn m\u00f6vcud soyuducu madd\u0259l\u0259rd\u0259n istifad\u0259 ed\u0259r\u0259k maksimum s\u0259m\u0259r\u0259liliy\u0259 v\u0259 daha az enerji s\u0259rfiyyat\u0131na nail olur.<\/p>\n<p>Pistonlu kompressorlar t\u0259klif olunur:<\/p>\n<p>&#8211; Bitzer<\/p>\n<p>&#8211; Kouplend<\/p>\n<p>&#8211; Dorin<\/p>\n<p>Eksenel v\u0259 ya m\u0259rk\u0259zd\u0259nqa\u00e7ma fanatlar\u0131 olan qura\u015fd\u0131r\u0131lm\u0131\u015f kondensator.<\/p>\n<p>K\u00f6n\u00fcll\u00fc:<\/p>\n<p>Elektrik paneli qura\u015fd\u0131r\u0131lm\u0131\u015f v\u0259 naqilli v\u0259 ya uzaqdan<br \/>\n\u00dczl\u00fck (akustik izolyasiya il\u0259 v\u0259 ya olmadan)<br \/>\nYa\u011f ay\u0131r\u0131c\u0131<br \/>\nEmi\u015f akkumulyatoru<br \/>\nTezlik \u00e7eviricisi<\/p>\n","protected":false},"featured_media":33498,"template":"","meta":[],"product_brand":[],"product_cat":[1662,875],"product_tag":[],"class_list":{"0":"post-33503","1":"product","2":"type-product","3":"status-publish","4":"has-post-thumbnail","6":"product_cat-kondensasiya-qurgusu","7":"product_cat-snaye-az-kondisionerlr","9":"first","10":"instock","11":"shipping-taxable","12":"product-type-simple"},"yoast_head":"<!-- This site is optimized with the Yoast SEO plugin v27.1.1 - https:\/\/yoast.com\/product\/yoast-seo-wordpress\/ -->\n<title>Piston vahidi Pistonlu kondensasiya qur\u011fular\u0131 AXS\u0130AL M\u018fRK\u018fZD\u018fND\u0130R\u0130\u015e - Climate Master<\/title>\n<meta name=\"robots\" content=\"index, follow, max-snippet:-1, max-image-preview:large, max-video-preview:-1\" \/>\n<link rel=\"canonical\" href=\"https:\/\/climatemaster.ge\/az\/product\/piston-unit-piston-condensing-units\/\" \/>\n<meta property=\"og:locale\" content=\"az_AZ\" \/>\n<meta property=\"og:type\" content=\"article\" \/>\n<meta property=\"og:title\" content=\"Piston vahidi Pistonlu kondensasiya qur\u011fular\u0131 AXS\u0130AL M\u018fRK\u018fZD\u018fND\u0130R\u0130\u015e - Climate Master\" \/>\n<meta property=\"og:description\" content=\"Pistonlu kondensasiya qur\u011fular\u0131m\u0131z GWP &lt;150 olan A2L d\u0259 daxil olmaqla b\u00fct\u00fcn m\u00f6vcud soyuducu madd\u0259l\u0259rd\u0259n istifad\u0259 ed\u0259r\u0259k maksimum s\u0259m\u0259r\u0259liliy\u0259 v\u0259 daha az enerji s\u0259rfiyyat\u0131na nail olur.  Pistonlu kompressorlar t\u0259klif olunur:  - Bitzer  - Kouplend  - Dorin  Eksenel v\u0259 ya m\u0259rk\u0259zd\u0259nqa\u00e7ma fanatlar\u0131 olan qura\u015fd\u0131r\u0131lm\u0131\u015f kondensator.  K\u00f6n\u00fcll\u00fc:  Elektrik paneli qura\u015fd\u0131r\u0131lm\u0131\u015f v\u0259 naqilli v\u0259 ya uzaqdan \u00dczl\u00fck (akustik izolyasiya il\u0259 v\u0259 ya olmadan) Ya\u011f ay\u0131r\u0131c\u0131 Emi\u015f akkumulyatoru Tezlik \u00e7eviricisi\" \/>\n<meta property=\"og:url\" content=\"https:\/\/climatemaster.ge\/az\/product\/piston-unit-piston-condensing-units\/\" \/>\n<meta property=\"og:site_name\" content=\"Climate Master\" \/>\n<meta property=\"article:modified_time\" content=\"2025-05-25T17:16:26+00:00\" \/>\n<meta property=\"og:image\" content=\"https:\/\/climatemaster.ge\/wp-content\/uploads\/2025\/05\/SEMI-HERMETIC-CONDENSING-UNIT-ok-big-pywsztcko9fv6m4te0ehrkzclo69wjmg8mj0u9qfto.png\" \/>\n\t<meta property=\"og:image:width\" content=\"500\" \/>\n\t<meta property=\"og:image:height\" content=\"374\" \/>\n\t<meta property=\"og:image:type\" content=\"image\/png\" \/>\n<meta name=\"twitter:card\" content=\"summary_large_image\" \/>\n<script type=\"application\/ld+json\" class=\"yoast-schema-graph\">{\"@context\":\"https:\/\/schema.org\",\"@graph\":[{\"@type\":\"WebPage\",\"@id\":\"https:\/\/climatemaster.ge\/az\/product\/piston-unit-piston-condensing-units\/\",\"url\":\"https:\/\/climatemaster.ge\/az\/product\/piston-unit-piston-condensing-units\/\",\"name\":\"Piston vahidi Pistonlu kondensasiya qur\u011fular\u0131 AXS\u0130AL M\u018fRK\u018fZD\u018fND\u0130R\u0130\u015e - Climate Master\",\"isPartOf\":{\"@id\":\"https:\/\/climatemaster.ge\/#website\"},\"primaryImageOfPage\":{\"@id\":\"https:\/\/climatemaster.ge\/az\/product\/piston-unit-piston-condensing-units\/#primaryimage\"},\"image\":{\"@id\":\"https:\/\/climatemaster.ge\/az\/product\/piston-unit-piston-condensing-units\/#primaryimage\"},\"thumbnailUrl\":\"https:\/\/climatemaster.ge\/wp-content\/uploads\/2025\/05\/SEMI-HERMETIC-CONDENSING-UNIT-ok-big-pywsztcko9fv6m4te0ehrkzclo69wjmg8mj0u9qfto.png\",\"datePublished\":\"2025-05-25T17:12:45+00:00\",\"dateModified\":\"2025-05-25T17:16:26+00:00\",\"breadcrumb\":{\"@id\":\"https:\/\/climatemaster.ge\/az\/product\/piston-unit-piston-condensing-units\/#breadcrumb\"},\"inLanguage\":\"az\",\"potentialAction\":[{\"@type\":\"ReadAction\",\"target\":[\"https:\/\/climatemaster.ge\/az\/product\/piston-unit-piston-condensing-units\/\"]}]},{\"@type\":\"ImageObject\",\"inLanguage\":\"az\",\"@id\":\"https:\/\/climatemaster.ge\/az\/product\/piston-unit-piston-condensing-units\/#primaryimage\",\"url\":\"https:\/\/climatemaster.ge\/wp-content\/uploads\/2025\/05\/SEMI-HERMETIC-CONDENSING-UNIT-ok-big-pywsztcko9fv6m4te0ehrkzclo69wjmg8mj0u9qfto.png\",\"contentUrl\":\"https:\/\/climatemaster.ge\/wp-content\/uploads\/2025\/05\/SEMI-HERMETIC-CONDENSING-UNIT-ok-big-pywsztcko9fv6m4te0ehrkzclo69wjmg8mj0u9qfto.png\",\"width\":500,\"height\":374},{\"@type\":\"BreadcrumbList\",\"@id\":\"https:\/\/climatemaster.ge\/az\/product\/piston-unit-piston-condensing-units\/#breadcrumb\",\"itemListElement\":[{\"@type\":\"ListItem\",\"position\":1,\"name\":\"Home\",\"item\":\"https:\/\/climatemaster.ge\/\"},{\"@type\":\"ListItem\",\"position\":2,\"name\":\"M\u0259hsullar\",\"item\":\"https:\/\/climatemaster.ge\/products\/\"},{\"@type\":\"ListItem\",\"position\":3,\"name\":\"Piston vahidi Pistonlu kondensasiya qur\u011fular\u0131 AXS\u0130AL M\u018fRK\u018fZD\u018fND\u0130R\u0130\u015e\"}]},{\"@type\":\"WebSite\",\"@id\":\"https:\/\/climatemaster.ge\/#website\",\"url\":\"https:\/\/climatemaster.ge\/\",\"name\":\"Climate Master\",\"description\":\"\",\"publisher\":{\"@id\":\"https:\/\/climatemaster.ge\/#organization\"},\"potentialAction\":[{\"@type\":\"SearchAction\",\"target\":{\"@type\":\"EntryPoint\",\"urlTemplate\":\"https:\/\/climatemaster.ge\/?s={search_term_string}\"},\"query-input\":{\"@type\":\"PropertyValueSpecification\",\"valueRequired\":true,\"valueName\":\"search_term_string\"}}],\"inLanguage\":\"az\"},{\"@type\":\"Organization\",\"@id\":\"https:\/\/climatemaster.ge\/#organization\",\"name\":\"Climate Master\",\"url\":\"https:\/\/climatemaster.ge\/\",\"logo\":{\"@type\":\"ImageObject\",\"inLanguage\":\"az\",\"@id\":\"https:\/\/climatemaster.ge\/#\/schema\/logo\/image\/\",\"url\":\"https:\/\/climatemaster.ge\/wp-content\/uploads\/2026\/03\/Untitled-2.png\",\"contentUrl\":\"https:\/\/climatemaster.ge\/wp-content\/uploads\/2026\/03\/Untitled-2.png\",\"width\":600,\"height\":338,\"caption\":\"Climate Master\"},\"image\":{\"@id\":\"https:\/\/climatemaster.ge\/#\/schema\/logo\/image\/\"}}]}<\/script>\n<!-- \/ Yoast SEO plugin. -->","yoast_head_json":{"title":"Piston vahidi Pistonlu kondensasiya qur\u011fular\u0131 AXS\u0130AL M\u018fRK\u018fZD\u018fND\u0130R\u0130\u015e - Climate Master","robots":{"index":"index","follow":"follow","max-snippet":"max-snippet:-1","max-image-preview":"max-image-preview:large","max-video-preview":"max-video-preview:-1"},"canonical":"https:\/\/climatemaster.ge\/az\/product\/piston-unit-piston-condensing-units\/","og_locale":"az_AZ","og_type":"article","og_title":"Piston vahidi Pistonlu kondensasiya qur\u011fular\u0131 AXS\u0130AL M\u018fRK\u018fZD\u018fND\u0130R\u0130\u015e - Climate Master","og_description":"Pistonlu kondensasiya qur\u011fular\u0131m\u0131z GWP &lt;150 olan A2L d\u0259 daxil olmaqla b\u00fct\u00fcn m\u00f6vcud soyuducu madd\u0259l\u0259rd\u0259n istifad\u0259 ed\u0259r\u0259k maksimum s\u0259m\u0259r\u0259liliy\u0259 v\u0259 daha az enerji s\u0259rfiyyat\u0131na nail olur.  Pistonlu kompressorlar t\u0259klif olunur:  - Bitzer  - Kouplend  - Dorin  Eksenel v\u0259 ya m\u0259rk\u0259zd\u0259nqa\u00e7ma fanatlar\u0131 olan qura\u015fd\u0131r\u0131lm\u0131\u015f kondensator.  K\u00f6n\u00fcll\u00fc:  Elektrik paneli qura\u015fd\u0131r\u0131lm\u0131\u015f v\u0259 naqilli v\u0259 ya uzaqdan \u00dczl\u00fck (akustik izolyasiya il\u0259 v\u0259 ya olmadan) Ya\u011f ay\u0131r\u0131c\u0131 Emi\u015f akkumulyatoru Tezlik \u00e7eviricisi","og_url":"https:\/\/climatemaster.ge\/az\/product\/piston-unit-piston-condensing-units\/","og_site_name":"Climate Master","article_modified_time":"2025-05-25T17:16:26+00:00","og_image":[{"width":500,"height":374,"url":"https:\/\/climatemaster.ge\/wp-content\/uploads\/2025\/05\/SEMI-HERMETIC-CONDENSING-UNIT-ok-big-pywsztcko9fv6m4te0ehrkzclo69wjmg8mj0u9qfto.png","type":"image\/png"}],"twitter_card":"summary_large_image","schema":{"@context":"https:\/\/schema.org","@graph":[{"@type":"WebPage","@id":"https:\/\/climatemaster.ge\/az\/product\/piston-unit-piston-condensing-units\/","url":"https:\/\/climatemaster.ge\/az\/product\/piston-unit-piston-condensing-units\/","name":"Piston vahidi Pistonlu kondensasiya qur\u011fular\u0131 AXS\u0130AL M\u018fRK\u018fZD\u018fND\u0130R\u0130\u015e - Climate Master","isPartOf":{"@id":"https:\/\/climatemaster.ge\/#website"},"primaryImageOfPage":{"@id":"https:\/\/climatemaster.ge\/az\/product\/piston-unit-piston-condensing-units\/#primaryimage"},"image":{"@id":"https:\/\/climatemaster.ge\/az\/product\/piston-unit-piston-condensing-units\/#primaryimage"},"thumbnailUrl":"https:\/\/climatemaster.ge\/wp-content\/uploads\/2025\/05\/SEMI-HERMETIC-CONDENSING-UNIT-ok-big-pywsztcko9fv6m4te0ehrkzclo69wjmg8mj0u9qfto.png","datePublished":"2025-05-25T17:12:45+00:00","dateModified":"2025-05-25T17:16:26+00:00","breadcrumb":{"@id":"https:\/\/climatemaster.ge\/az\/product\/piston-unit-piston-condensing-units\/#breadcrumb"},"inLanguage":"az","potentialAction":[{"@type":"ReadAction","target":["https:\/\/climatemaster.ge\/az\/product\/piston-unit-piston-condensing-units\/"]}]},{"@type":"ImageObject","inLanguage":"az","@id":"https:\/\/climatemaster.ge\/az\/product\/piston-unit-piston-condensing-units\/#primaryimage","url":"https:\/\/climatemaster.ge\/wp-content\/uploads\/2025\/05\/SEMI-HERMETIC-CONDENSING-UNIT-ok-big-pywsztcko9fv6m4te0ehrkzclo69wjmg8mj0u9qfto.png","contentUrl":"https:\/\/climatemaster.ge\/wp-content\/uploads\/2025\/05\/SEMI-HERMETIC-CONDENSING-UNIT-ok-big-pywsztcko9fv6m4te0ehrkzclo69wjmg8mj0u9qfto.png","width":500,"height":374},{"@type":"BreadcrumbList","@id":"https:\/\/climatemaster.ge\/az\/product\/piston-unit-piston-condensing-units\/#breadcrumb","itemListElement":[{"@type":"ListItem","position":1,"name":"Home","item":"https:\/\/climatemaster.ge\/"},{"@type":"ListItem","position":2,"name":"M\u0259hsullar","item":"https:\/\/climatemaster.ge\/products\/"},{"@type":"ListItem","position":3,"name":"Piston vahidi Pistonlu kondensasiya qur\u011fular\u0131 AXS\u0130AL M\u018fRK\u018fZD\u018fND\u0130R\u0130\u015e"}]},{"@type":"WebSite","@id":"https:\/\/climatemaster.ge\/#website","url":"https:\/\/climatemaster.ge\/","name":"Climate Master","description":"","publisher":{"@id":"https:\/\/climatemaster.ge\/#organization"},"potentialAction":[{"@type":"SearchAction","target":{"@type":"EntryPoint","urlTemplate":"https:\/\/climatemaster.ge\/?s={search_term_string}"},"query-input":{"@type":"PropertyValueSpecification","valueRequired":true,"valueName":"search_term_string"}}],"inLanguage":"az"},{"@type":"Organization","@id":"https:\/\/climatemaster.ge\/#organization","name":"Climate Master","url":"https:\/\/climatemaster.ge\/","logo":{"@type":"ImageObject","inLanguage":"az","@id":"https:\/\/climatemaster.ge\/#\/schema\/logo\/image\/","url":"https:\/\/climatemaster.ge\/wp-content\/uploads\/2026\/03\/Untitled-2.png","contentUrl":"https:\/\/climatemaster.ge\/wp-content\/uploads\/2026\/03\/Untitled-2.png","width":600,"height":338,"caption":"Climate Master"},"image":{"@id":"https:\/\/climatemaster.ge\/#\/schema\/logo\/image\/"}}]}},"_links":{"self":[{"href":"https:\/\/climatemaster.ge\/az\/wp-json\/wp\/v2\/product\/33503","targetHints":{"allow":["GET"]}}],"collection":[{"href":"https:\/\/climatemaster.ge\/az\/wp-json\/wp\/v2\/product"}],"about":[{"href":"https:\/\/climatemaster.ge\/az\/wp-json\/wp\/v2\/types\/product"}],"wp:featuredmedia":[{"embeddable":true,"href":"https:\/\/climatemaster.ge\/az\/wp-json\/wp\/v2\/media\/33498"}],"wp:attachment":[{"href":"https:\/\/climatemaster.ge\/az\/wp-json\/wp\/v2\/media?parent=33503"}],"wp:term":[{"taxonomy":"product_brand","embeddable":true,"href":"https:\/\/climatemaster.ge\/az\/wp-json\/wp\/v2\/product_brand?post=33503"},{"taxonomy":"product_cat","embeddable":true,"href":"https:\/\/climatemaster.ge\/az\/wp-json\/wp\/v2\/product_cat?post=33503"},{"taxonomy":"product_tag","embeddable":true,"href":"https:\/\/climatemaster.ge\/az\/wp-json\/wp\/v2\/product_tag?post=33503"}],"curies":[{"name":"wp","href":"https:\/\/api.w.org\/{rel}","templated":true}]}}