{"id":33459,"date":"2025-05-25T20:38:39","date_gmt":"2025-05-25T16:38:39","guid":{"rendered":"https:\/\/airsystems.ge\/shop\/product\/cascade-nh%e2%82%83-co%e2%82%82-units-compressor-brand-howden-bitzer-srm-tec-etc\/"},"modified":"2025-05-25T20:44:40","modified_gmt":"2025-05-25T16:44:40","slug":"cascade-nh%e2%82%83-co%e2%82%82-units-compressor-brand-howden-bitzer-srm-tec-etc","status":"publish","type":"product","link":"https:\/\/climatemaster.ge\/az\/product\/cascade-nh%e2%82%83-co%e2%82%82-units-compressor-brand-howden-bitzer-srm-tec-etc\/","title":{"rendered":"Kaskad NH\u2083 \u2013 CO\u2082 Vahidl\u0259r Kompressor markas\u0131: HOWDEN, BITZER, SRM Tec v\u0259 s."},"content":{"rendered":"","protected":false},"excerpt":{"rendered":"<p>Texnologiya: Vida<\/p>\n<p>T\u0259bii soyuducular Ammonyak, GWP s\u0131f\u0131r v\u0259 CO2, GWP bir.<\/p>\n<p>M\u00fc\u015ft\u0259rinin ehtiyaclar\u0131na uy\u011funla\u015fd\u0131r\u0131lm\u0131\u015f g\u00fcc v\u0259 s\u00fcr\u0259t<\/p>\n<p>Hava v\u0259 ya su il\u0259 kondensasiya<\/p>\n<p>Kaskad d\u0259yi\u015fdiricil\u0259rin iki se\u00e7imi<\/p>\n<p>Sprey Soyuducu<br \/>\nKatedral \u015f\u0259lal\u0259si (ay\u0131r\u0131c\u0131 \u015f\u00fc\u015f\u0259 LP + kondensator kolbas\u0131)<br \/>\nKondensasiya, superheating v\u0259 ya\u011f\u0131n soyudulmas\u0131 zaman\u0131 istiliyin b\u0259rpas\u0131 \u00fc\u00e7\u00fcn se\u00e7im.<\/p>\n","protected":false},"featured_media":33454,"template":"","meta":[],"product_brand":[],"product_cat":[875,1649],"product_tag":[],"class_list":{"0":"post-33459","1":"product","2":"type-product","3":"status-publish","4":"has-post-thumbnail","6":"product_cat-snaye-az-kondisionerlr","7":"product_cat-soyutma-qurgusu","9":"first","10":"instock","11":"shipping-taxable","12":"product-type-simple"},"yoast_head":"<!-- This site is optimized with the Yoast SEO plugin v27.1.1 - https:\/\/yoast.com\/product\/yoast-seo-wordpress\/ -->\n<title>Kaskad NH\u2083 \u2013 CO\u2082 Vahidl\u0259r Kompressor markas\u0131: HOWDEN, BITZER, SRM Tec v\u0259 s. - Climate Master<\/title>\n<meta name=\"robots\" content=\"index, follow, max-snippet:-1, max-image-preview:large, max-video-preview:-1\" \/>\n<link rel=\"canonical\" href=\"https:\/\/climatemaster.ge\/az\/product\/cascade-nh\u2083-co\u2082-units-compressor-brand-howden-bitzer-srm-tec-etc\/\" \/>\n<meta property=\"og:locale\" content=\"az_AZ\" \/>\n<meta property=\"og:type\" content=\"article\" \/>\n<meta property=\"og:title\" content=\"Kaskad NH\u2083 \u2013 CO\u2082 Vahidl\u0259r Kompressor markas\u0131: HOWDEN, BITZER, SRM Tec v\u0259 s. - Climate Master\" \/>\n<meta property=\"og:description\" content=\"Texnologiya: Vida  T\u0259bii soyuducular Ammonyak, GWP s\u0131f\u0131r v\u0259 CO2, GWP bir.  M\u00fc\u015ft\u0259rinin ehtiyaclar\u0131na uy\u011funla\u015fd\u0131r\u0131lm\u0131\u015f g\u00fcc v\u0259 s\u00fcr\u0259t  Hava v\u0259 ya su il\u0259 kondensasiya  Kaskad d\u0259yi\u015fdiricil\u0259rin iki se\u00e7imi  Sprey Soyuducu Katedral \u015f\u0259lal\u0259si (ay\u0131r\u0131c\u0131 \u015f\u00fc\u015f\u0259 LP + kondensator kolbas\u0131) Kondensasiya, superheating v\u0259 ya\u011f\u0131n soyudulmas\u0131 zaman\u0131 istiliyin b\u0259rpas\u0131 \u00fc\u00e7\u00fcn se\u00e7im.\" \/>\n<meta property=\"og:url\" content=\"https:\/\/climatemaster.ge\/az\/product\/cascade-nh\u2083-co\u2082-units-compressor-brand-howden-bitzer-srm-tec-etc\/\" \/>\n<meta property=\"og:site_name\" content=\"Climate Master\" \/>\n<meta property=\"article:modified_time\" content=\"2025-05-25T16:44:40+00:00\" \/>\n<meta property=\"og:image\" content=\"https:\/\/climatemaster.ge\/wp-content\/uploads\/2025\/05\/Cascade-NH3-CO2-HD-qdd9ege0innni5smzy2bu67av331o63xibrds631tk.png\" \/>\n\t<meta property=\"og:image:width\" content=\"500\" \/>\n\t<meta property=\"og:image:height\" content=\"332\" \/>\n\t<meta property=\"og:image:type\" content=\"image\/png\" \/>\n<meta name=\"twitter:card\" content=\"summary_large_image\" \/>\n<script type=\"application\/ld+json\" class=\"yoast-schema-graph\">{\"@context\":\"https:\/\/schema.org\",\"@graph\":[{\"@type\":\"WebPage\",\"@id\":\"https:\/\/climatemaster.ge\/az\/product\/cascade-nh%e2%82%83-co%e2%82%82-units-compressor-brand-howden-bitzer-srm-tec-etc\/\",\"url\":\"https:\/\/climatemaster.ge\/az\/product\/cascade-nh%e2%82%83-co%e2%82%82-units-compressor-brand-howden-bitzer-srm-tec-etc\/\",\"name\":\"Kaskad NH\u2083 \u2013 CO\u2082 Vahidl\u0259r Kompressor markas\u0131: HOWDEN, BITZER, SRM Tec v\u0259 s. - Climate Master\",\"isPartOf\":{\"@id\":\"https:\/\/climatemaster.ge\/#website\"},\"primaryImageOfPage\":{\"@id\":\"https:\/\/climatemaster.ge\/az\/product\/cascade-nh%e2%82%83-co%e2%82%82-units-compressor-brand-howden-bitzer-srm-tec-etc\/#primaryimage\"},\"image\":{\"@id\":\"https:\/\/climatemaster.ge\/az\/product\/cascade-nh%e2%82%83-co%e2%82%82-units-compressor-brand-howden-bitzer-srm-tec-etc\/#primaryimage\"},\"thumbnailUrl\":\"https:\/\/climatemaster.ge\/wp-content\/uploads\/2025\/05\/Cascade-NH3-CO2-HD-qdd9ege0innni5smzy2bu67av331o63xibrds631tk.png\",\"datePublished\":\"2025-05-25T16:38:39+00:00\",\"dateModified\":\"2025-05-25T16:44:40+00:00\",\"breadcrumb\":{\"@id\":\"https:\/\/climatemaster.ge\/az\/product\/cascade-nh%e2%82%83-co%e2%82%82-units-compressor-brand-howden-bitzer-srm-tec-etc\/#breadcrumb\"},\"inLanguage\":\"az\",\"potentialAction\":[{\"@type\":\"ReadAction\",\"target\":[\"https:\/\/climatemaster.ge\/az\/product\/cascade-nh%e2%82%83-co%e2%82%82-units-compressor-brand-howden-bitzer-srm-tec-etc\/\"]}]},{\"@type\":\"ImageObject\",\"inLanguage\":\"az\",\"@id\":\"https:\/\/climatemaster.ge\/az\/product\/cascade-nh%e2%82%83-co%e2%82%82-units-compressor-brand-howden-bitzer-srm-tec-etc\/#primaryimage\",\"url\":\"https:\/\/climatemaster.ge\/wp-content\/uploads\/2025\/05\/Cascade-NH3-CO2-HD-qdd9ege0innni5smzy2bu67av331o63xibrds631tk.png\",\"contentUrl\":\"https:\/\/climatemaster.ge\/wp-content\/uploads\/2025\/05\/Cascade-NH3-CO2-HD-qdd9ege0innni5smzy2bu67av331o63xibrds631tk.png\",\"width\":500,\"height\":332},{\"@type\":\"BreadcrumbList\",\"@id\":\"https:\/\/climatemaster.ge\/az\/product\/cascade-nh%e2%82%83-co%e2%82%82-units-compressor-brand-howden-bitzer-srm-tec-etc\/#breadcrumb\",\"itemListElement\":[{\"@type\":\"ListItem\",\"position\":1,\"name\":\"Home\",\"item\":\"https:\/\/climatemaster.ge\/\"},{\"@type\":\"ListItem\",\"position\":2,\"name\":\"M\u0259hsullar\",\"item\":\"https:\/\/climatemaster.ge\/products\/\"},{\"@type\":\"ListItem\",\"position\":3,\"name\":\"Kaskad NH\u2083 \u2013 CO\u2082 Vahidl\u0259r Kompressor markas\u0131: HOWDEN, BITZER, SRM Tec v\u0259 s.\"}]},{\"@type\":\"WebSite\",\"@id\":\"https:\/\/climatemaster.ge\/#website\",\"url\":\"https:\/\/climatemaster.ge\/\",\"name\":\"Climate Master\",\"description\":\"\",\"publisher\":{\"@id\":\"https:\/\/climatemaster.ge\/#organization\"},\"potentialAction\":[{\"@type\":\"SearchAction\",\"target\":{\"@type\":\"EntryPoint\",\"urlTemplate\":\"https:\/\/climatemaster.ge\/?s={search_term_string}\"},\"query-input\":{\"@type\":\"PropertyValueSpecification\",\"valueRequired\":true,\"valueName\":\"search_term_string\"}}],\"inLanguage\":\"az\"},{\"@type\":\"Organization\",\"@id\":\"https:\/\/climatemaster.ge\/#organization\",\"name\":\"Climate Master\",\"url\":\"https:\/\/climatemaster.ge\/\",\"logo\":{\"@type\":\"ImageObject\",\"inLanguage\":\"az\",\"@id\":\"https:\/\/climatemaster.ge\/#\/schema\/logo\/image\/\",\"url\":\"https:\/\/climatemaster.ge\/wp-content\/uploads\/2026\/03\/Untitled-2.png\",\"contentUrl\":\"https:\/\/climatemaster.ge\/wp-content\/uploads\/2026\/03\/Untitled-2.png\",\"width\":600,\"height\":338,\"caption\":\"Climate Master\"},\"image\":{\"@id\":\"https:\/\/climatemaster.ge\/#\/schema\/logo\/image\/\"}}]}<\/script>\n<!-- \/ Yoast SEO plugin. -->","yoast_head_json":{"title":"Kaskad NH\u2083 \u2013 CO\u2082 Vahidl\u0259r Kompressor markas\u0131: HOWDEN, BITZER, SRM Tec v\u0259 s. - Climate Master","robots":{"index":"index","follow":"follow","max-snippet":"max-snippet:-1","max-image-preview":"max-image-preview:large","max-video-preview":"max-video-preview:-1"},"canonical":"https:\/\/climatemaster.ge\/az\/product\/cascade-nh\u2083-co\u2082-units-compressor-brand-howden-bitzer-srm-tec-etc\/","og_locale":"az_AZ","og_type":"article","og_title":"Kaskad NH\u2083 \u2013 CO\u2082 Vahidl\u0259r Kompressor markas\u0131: HOWDEN, BITZER, SRM Tec v\u0259 s. - Climate Master","og_description":"Texnologiya: Vida  T\u0259bii soyuducular Ammonyak, GWP s\u0131f\u0131r v\u0259 CO2, GWP bir.  M\u00fc\u015ft\u0259rinin ehtiyaclar\u0131na uy\u011funla\u015fd\u0131r\u0131lm\u0131\u015f g\u00fcc v\u0259 s\u00fcr\u0259t  Hava v\u0259 ya su il\u0259 kondensasiya  Kaskad d\u0259yi\u015fdiricil\u0259rin iki se\u00e7imi  Sprey Soyuducu Katedral \u015f\u0259lal\u0259si (ay\u0131r\u0131c\u0131 \u015f\u00fc\u015f\u0259 LP + kondensator kolbas\u0131) Kondensasiya, superheating v\u0259 ya\u011f\u0131n soyudulmas\u0131 zaman\u0131 istiliyin b\u0259rpas\u0131 \u00fc\u00e7\u00fcn se\u00e7im.","og_url":"https:\/\/climatemaster.ge\/az\/product\/cascade-nh\u2083-co\u2082-units-compressor-brand-howden-bitzer-srm-tec-etc\/","og_site_name":"Climate Master","article_modified_time":"2025-05-25T16:44:40+00:00","og_image":[{"width":500,"height":332,"url":"https:\/\/climatemaster.ge\/wp-content\/uploads\/2025\/05\/Cascade-NH3-CO2-HD-qdd9ege0innni5smzy2bu67av331o63xibrds631tk.png","type":"image\/png"}],"twitter_card":"summary_large_image","schema":{"@context":"https:\/\/schema.org","@graph":[{"@type":"WebPage","@id":"https:\/\/climatemaster.ge\/az\/product\/cascade-nh%e2%82%83-co%e2%82%82-units-compressor-brand-howden-bitzer-srm-tec-etc\/","url":"https:\/\/climatemaster.ge\/az\/product\/cascade-nh%e2%82%83-co%e2%82%82-units-compressor-brand-howden-bitzer-srm-tec-etc\/","name":"Kaskad NH\u2083 \u2013 CO\u2082 Vahidl\u0259r Kompressor markas\u0131: HOWDEN, BITZER, SRM Tec v\u0259 s. - Climate Master","isPartOf":{"@id":"https:\/\/climatemaster.ge\/#website"},"primaryImageOfPage":{"@id":"https:\/\/climatemaster.ge\/az\/product\/cascade-nh%e2%82%83-co%e2%82%82-units-compressor-brand-howden-bitzer-srm-tec-etc\/#primaryimage"},"image":{"@id":"https:\/\/climatemaster.ge\/az\/product\/cascade-nh%e2%82%83-co%e2%82%82-units-compressor-brand-howden-bitzer-srm-tec-etc\/#primaryimage"},"thumbnailUrl":"https:\/\/climatemaster.ge\/wp-content\/uploads\/2025\/05\/Cascade-NH3-CO2-HD-qdd9ege0innni5smzy2bu67av331o63xibrds631tk.png","datePublished":"2025-05-25T16:38:39+00:00","dateModified":"2025-05-25T16:44:40+00:00","breadcrumb":{"@id":"https:\/\/climatemaster.ge\/az\/product\/cascade-nh%e2%82%83-co%e2%82%82-units-compressor-brand-howden-bitzer-srm-tec-etc\/#breadcrumb"},"inLanguage":"az","potentialAction":[{"@type":"ReadAction","target":["https:\/\/climatemaster.ge\/az\/product\/cascade-nh%e2%82%83-co%e2%82%82-units-compressor-brand-howden-bitzer-srm-tec-etc\/"]}]},{"@type":"ImageObject","inLanguage":"az","@id":"https:\/\/climatemaster.ge\/az\/product\/cascade-nh%e2%82%83-co%e2%82%82-units-compressor-brand-howden-bitzer-srm-tec-etc\/#primaryimage","url":"https:\/\/climatemaster.ge\/wp-content\/uploads\/2025\/05\/Cascade-NH3-CO2-HD-qdd9ege0innni5smzy2bu67av331o63xibrds631tk.png","contentUrl":"https:\/\/climatemaster.ge\/wp-content\/uploads\/2025\/05\/Cascade-NH3-CO2-HD-qdd9ege0innni5smzy2bu67av331o63xibrds631tk.png","width":500,"height":332},{"@type":"BreadcrumbList","@id":"https:\/\/climatemaster.ge\/az\/product\/cascade-nh%e2%82%83-co%e2%82%82-units-compressor-brand-howden-bitzer-srm-tec-etc\/#breadcrumb","itemListElement":[{"@type":"ListItem","position":1,"name":"Home","item":"https:\/\/climatemaster.ge\/"},{"@type":"ListItem","position":2,"name":"M\u0259hsullar","item":"https:\/\/climatemaster.ge\/products\/"},{"@type":"ListItem","position":3,"name":"Kaskad NH\u2083 \u2013 CO\u2082 Vahidl\u0259r Kompressor markas\u0131: HOWDEN, BITZER, SRM Tec v\u0259 s."}]},{"@type":"WebSite","@id":"https:\/\/climatemaster.ge\/#website","url":"https:\/\/climatemaster.ge\/","name":"Climate Master","description":"","publisher":{"@id":"https:\/\/climatemaster.ge\/#organization"},"potentialAction":[{"@type":"SearchAction","target":{"@type":"EntryPoint","urlTemplate":"https:\/\/climatemaster.ge\/?s={search_term_string}"},"query-input":{"@type":"PropertyValueSpecification","valueRequired":true,"valueName":"search_term_string"}}],"inLanguage":"az"},{"@type":"Organization","@id":"https:\/\/climatemaster.ge\/#organization","name":"Climate Master","url":"https:\/\/climatemaster.ge\/","logo":{"@type":"ImageObject","inLanguage":"az","@id":"https:\/\/climatemaster.ge\/#\/schema\/logo\/image\/","url":"https:\/\/climatemaster.ge\/wp-content\/uploads\/2026\/03\/Untitled-2.png","contentUrl":"https:\/\/climatemaster.ge\/wp-content\/uploads\/2026\/03\/Untitled-2.png","width":600,"height":338,"caption":"Climate Master"},"image":{"@id":"https:\/\/climatemaster.ge\/#\/schema\/logo\/image\/"}}]}},"_links":{"self":[{"href":"https:\/\/climatemaster.ge\/az\/wp-json\/wp\/v2\/product\/33459","targetHints":{"allow":["GET"]}}],"collection":[{"href":"https:\/\/climatemaster.ge\/az\/wp-json\/wp\/v2\/product"}],"about":[{"href":"https:\/\/climatemaster.ge\/az\/wp-json\/wp\/v2\/types\/product"}],"wp:featuredmedia":[{"embeddable":true,"href":"https:\/\/climatemaster.ge\/az\/wp-json\/wp\/v2\/media\/33454"}],"wp:attachment":[{"href":"https:\/\/climatemaster.ge\/az\/wp-json\/wp\/v2\/media?parent=33459"}],"wp:term":[{"taxonomy":"product_brand","embeddable":true,"href":"https:\/\/climatemaster.ge\/az\/wp-json\/wp\/v2\/product_brand?post=33459"},{"taxonomy":"product_cat","embeddable":true,"href":"https:\/\/climatemaster.ge\/az\/wp-json\/wp\/v2\/product_cat?post=33459"},{"taxonomy":"product_tag","embeddable":true,"href":"https:\/\/climatemaster.ge\/az\/wp-json\/wp\/v2\/product_tag?post=33459"}],"curies":[{"name":"wp","href":"https:\/\/api.w.org\/{rel}","templated":true}]}}