{"id":33430,"date":"2025-05-25T17:04:09","date_gmt":"2025-05-25T13:04:09","guid":{"rendered":"https:\/\/airsystems.ge\/shop\/product\/dual-discharge-unit-cooler-od-bd-dual-discharge-co2-and-brine-unit-coolers\/"},"modified":"2025-05-25T17:06:40","modified_gmt":"2025-05-25T13:06:40","slug":"dual-discharge-unit-cooler-od-bd-dual-discharge-co2-and-brine-unit-coolers","status":"publish","type":"product","link":"https:\/\/climatemaster.ge\/az\/product\/dual-discharge-unit-cooler-od-bd-dual-discharge-co2-and-brine-unit-coolers\/","title":{"rendered":"\u0130kili bo\u015faltma qur\u011fusu soyuducu OD \/ BD: \u0130kili ax\u0131d\u0131lm\u0131\u015f CO2 v\u0259 duzlu su vahidi soyuducular\u0131"},"content":{"rendered":"<div class=\"elementor-element elementor-element-391e72ec elementor-widget elementor-widget-theme-post-content\" data-id=\"391e72ec\" data-element_type=\"widget\" data-widget_type=\"theme-post-content.default\">\n<div class=\"elementor-widget-container\">\n<p>ENEX-in ikili bo\u015faltma qur\u011fular\u0131 soyutma v\u0259 ya dondurma t\u0259tbiql\u0259ri \u00fc\u00e7\u00fcn ki\u00e7ik v\u0259 orta soyuq otaqlar \u00fc\u00e7\u00fcn ideald\u0131r. X\u00fcsusil\u0259 dolay\u0131 hava ax\u0131n\u0131na \u00fcst\u00fcnl\u00fck veril\u0259n i\u015f yerl\u0259ri (yem\u0259k haz\u0131rlama otaqlar\u0131, d\u0259hlizl\u0259r) v\u0259 temperatura h\u0259ssas m\u0259hsullar (\u0259t, bal\u0131q, meyv\u0259 v\u0259 s.) \u00fc\u00e7\u00fcn n\u0259z\u0259rd\u0259 tutulmu\u015fdur. Onlar y\u00fcks\u0259k dayan\u0131ql\u0131 R744 birba\u015fa geni\u015fl\u0259ndirm\u0259 sistemi v\u0259 ya duzlu su d\u00f6ng\u0259si il\u0259 istifad\u0259 edil\u0259 bil\u0259r.<\/p>\n<p><strong>X\u00dcSUS\u0130YY\u018fTL\u018fR\u0130<\/strong><\/p>\n<p>Kanatl\u0131 rulon: yivli mis borular (3\/8&#8243; \u00d8) v\u0259 CUPROCLIMA\u00ae spesifikasiyas\u0131na uy\u011fun olaraq haz\u0131rlanm\u0131\u015f b\u00fczm\u0259li al\u00fcminium qanadlarla tikilmi\u015fdir<br \/>\nFanlar: standart olaraq AC fan m\u00fch\u0259rrikl\u0259ri il\u0259 t\u0259chiz edilmi\u015fdir<br \/>\nEksenel t\u0259k fazal\u0131 m\u00fch\u0259rrikl\u0259r (230V I 50\/60Hz)<br \/>\nErP Direktivin\u0259 uy\u011fundur \u00d8 250, 350 mm<br \/>\nKorpus: Ekstremal ekoloji \u015f\u0259raitd\u0259 bel\u0259 korroziyaya qar\u015f\u0131 y\u00fcks\u0259k qorunma \u00fc\u00e7\u00fcn \u0259vv\u0259lc\u0259d\u0259n r\u0259ngl\u0259nmi\u015f al\u00fcminium. Korpus \u0259n s\u0259rt qida gigiyena standartlar\u0131na uy\u011fundur<br \/>\nDizayn t\u0259zyiqi: PS=60-80bar PT=86-115bar<\/p>\n<\/div>\n<\/div>\n<div class=\"elementor-element elementor-element-427e8a79 e-flex e-con-boxed e-con e-child\" data-id=\"427e8a79\" data-element_type=\"container\">\n<div class=\"e-con-inner\">\n<div class=\"elementor-element elementor-element-6e19ed90 hidebutton mc-bl elementor-align-left elementor-widget elementor-widget-button\" data-id=\"6e19ed90\" data-element_type=\"widget\" data-widget_type=\"button.default\">\n<div class=\"elementor-widget-container\">\n<div class=\"elementor-button-wrapper\"><a class=\"elementor-button elementor-button-link elementor-size-sm\" href=\"https:\/\/www.enextechnologies.com\/wp-content\/uploads\/2024\/09\/One-Pager-DUAL-DISCHARGE-UNIT-COOLER-OB-BD-ENG.pdf\" target=\"_blank\" rel=\"noopener\"><span class=\"elementor-button-content-wrapper\"><span class=\"elementor-button-text\">ONE PAGER<\/span><\/span><\/a><\/div>\n<\/div>\n<\/div>\n<\/div>\n<\/div>\n","protected":false},"excerpt":{"rendered":"<p>ENEX-in ikili bo\u015faltma qur\u011fular\u0131 soyutma v\u0259 ya dondurma t\u0259tbiql\u0259ri \u00fc\u00e7\u00fcn ki\u00e7ik v\u0259 orta soyuq otaqlar \u00fc\u00e7\u00fcn ideald\u0131r. X\u00fcsusil\u0259 dolay\u0131 hava<\/p>\n","protected":false},"featured_media":33425,"template":"","meta":[],"product_brand":[],"product_cat":[1643,875],"product_tag":[],"class_list":{"0":"post-33430","1":"product","2":"type-product","3":"status-publish","4":"has-post-thumbnail","6":"product_cat-buxarlandirici","7":"product_cat-snaye-az-kondisionerlr","9":"first","10":"instock","11":"shipping-taxable","12":"product-type-simple"},"yoast_head":"<!-- This site is optimized with the Yoast SEO plugin v27.1.1 - https:\/\/yoast.com\/product\/yoast-seo-wordpress\/ -->\n<title>\u0130kili bo\u015faltma qur\u011fusu soyuducu OD \/ BD: \u0130kili ax\u0131d\u0131lm\u0131\u015f CO2 v\u0259 duzlu su vahidi soyuducular\u0131 - Climate Master<\/title>\n<meta name=\"robots\" content=\"index, follow, max-snippet:-1, max-image-preview:large, max-video-preview:-1\" \/>\n<link rel=\"canonical\" href=\"https:\/\/climatemaster.ge\/az\/product\/dual-discharge-unit-cooler-od-bd-dual-discharge-co2-and-brine-unit-coolers\/\" \/>\n<meta property=\"og:locale\" content=\"az_AZ\" \/>\n<meta property=\"og:type\" content=\"article\" \/>\n<meta property=\"og:title\" content=\"\u0130kili bo\u015faltma qur\u011fusu soyuducu OD \/ BD: \u0130kili ax\u0131d\u0131lm\u0131\u015f CO2 v\u0259 duzlu su vahidi soyuducular\u0131 - Climate Master\" \/>\n<meta property=\"og:description\" content=\"ENEX-in ikili bo\u015faltma qur\u011fular\u0131 soyutma v\u0259 ya dondurma t\u0259tbiql\u0259ri \u00fc\u00e7\u00fcn ki\u00e7ik v\u0259 orta soyuq otaqlar \u00fc\u00e7\u00fcn ideald\u0131r. X\u00fcsusil\u0259 dolay\u0131 hava\" \/>\n<meta property=\"og:url\" content=\"https:\/\/climatemaster.ge\/az\/product\/dual-discharge-unit-cooler-od-bd-dual-discharge-co2-and-brine-unit-coolers\/\" \/>\n<meta property=\"og:site_name\" content=\"Climate Master\" \/>\n<meta property=\"article:modified_time\" content=\"2025-05-25T13:06:40+00:00\" \/>\n<meta property=\"og:image\" content=\"https:\/\/climatemaster.ge\/wp-content\/uploads\/2025\/05\/PS_dual-flow-compact.jpg\" \/>\n\t<meta property=\"og:image:width\" content=\"734\" \/>\n\t<meta property=\"og:image:height\" content=\"489\" \/>\n\t<meta property=\"og:image:type\" content=\"image\/jpeg\" \/>\n<meta name=\"twitter:card\" content=\"summary_large_image\" \/>\n<meta name=\"twitter:label1\" content=\"Est. reading time\" \/>\n\t<meta name=\"twitter:data1\" content=\"1 minute\" \/>\n<script type=\"application\/ld+json\" class=\"yoast-schema-graph\">{\"@context\":\"https:\/\/schema.org\",\"@graph\":[{\"@type\":\"WebPage\",\"@id\":\"https:\/\/climatemaster.ge\/az\/product\/dual-discharge-unit-cooler-od-bd-dual-discharge-co2-and-brine-unit-coolers\/\",\"url\":\"https:\/\/climatemaster.ge\/az\/product\/dual-discharge-unit-cooler-od-bd-dual-discharge-co2-and-brine-unit-coolers\/\",\"name\":\"\u0130kili bo\u015faltma qur\u011fusu soyuducu OD \/ BD: \u0130kili ax\u0131d\u0131lm\u0131\u015f CO2 v\u0259 duzlu su vahidi soyuducular\u0131 - Climate Master\",\"isPartOf\":{\"@id\":\"https:\/\/climatemaster.ge\/#website\"},\"primaryImageOfPage\":{\"@id\":\"https:\/\/climatemaster.ge\/az\/product\/dual-discharge-unit-cooler-od-bd-dual-discharge-co2-and-brine-unit-coolers\/#primaryimage\"},\"image\":{\"@id\":\"https:\/\/climatemaster.ge\/az\/product\/dual-discharge-unit-cooler-od-bd-dual-discharge-co2-and-brine-unit-coolers\/#primaryimage\"},\"thumbnailUrl\":\"https:\/\/climatemaster.ge\/wp-content\/uploads\/2025\/05\/PS_dual-flow-compact.jpg\",\"datePublished\":\"2025-05-25T13:04:09+00:00\",\"dateModified\":\"2025-05-25T13:06:40+00:00\",\"breadcrumb\":{\"@id\":\"https:\/\/climatemaster.ge\/az\/product\/dual-discharge-unit-cooler-od-bd-dual-discharge-co2-and-brine-unit-coolers\/#breadcrumb\"},\"inLanguage\":\"az\",\"potentialAction\":[{\"@type\":\"ReadAction\",\"target\":[\"https:\/\/climatemaster.ge\/az\/product\/dual-discharge-unit-cooler-od-bd-dual-discharge-co2-and-brine-unit-coolers\/\"]}]},{\"@type\":\"ImageObject\",\"inLanguage\":\"az\",\"@id\":\"https:\/\/climatemaster.ge\/az\/product\/dual-discharge-unit-cooler-od-bd-dual-discharge-co2-and-brine-unit-coolers\/#primaryimage\",\"url\":\"https:\/\/climatemaster.ge\/wp-content\/uploads\/2025\/05\/PS_dual-flow-compact.jpg\",\"contentUrl\":\"https:\/\/climatemaster.ge\/wp-content\/uploads\/2025\/05\/PS_dual-flow-compact.jpg\",\"width\":734,\"height\":489},{\"@type\":\"BreadcrumbList\",\"@id\":\"https:\/\/climatemaster.ge\/az\/product\/dual-discharge-unit-cooler-od-bd-dual-discharge-co2-and-brine-unit-coolers\/#breadcrumb\",\"itemListElement\":[{\"@type\":\"ListItem\",\"position\":1,\"name\":\"Home\",\"item\":\"https:\/\/climatemaster.ge\/\"},{\"@type\":\"ListItem\",\"position\":2,\"name\":\"M\u0259hsullar\",\"item\":\"https:\/\/climatemaster.ge\/products\/\"},{\"@type\":\"ListItem\",\"position\":3,\"name\":\"\u0130kili bo\u015faltma qur\u011fusu soyuducu OD \/ BD: \u0130kili ax\u0131d\u0131lm\u0131\u015f CO2 v\u0259 duzlu su vahidi soyuducular\u0131\"}]},{\"@type\":\"WebSite\",\"@id\":\"https:\/\/climatemaster.ge\/#website\",\"url\":\"https:\/\/climatemaster.ge\/\",\"name\":\"Climate Master\",\"description\":\"\",\"publisher\":{\"@id\":\"https:\/\/climatemaster.ge\/#organization\"},\"potentialAction\":[{\"@type\":\"SearchAction\",\"target\":{\"@type\":\"EntryPoint\",\"urlTemplate\":\"https:\/\/climatemaster.ge\/?s={search_term_string}\"},\"query-input\":{\"@type\":\"PropertyValueSpecification\",\"valueRequired\":true,\"valueName\":\"search_term_string\"}}],\"inLanguage\":\"az\"},{\"@type\":\"Organization\",\"@id\":\"https:\/\/climatemaster.ge\/#organization\",\"name\":\"Climate Master\",\"url\":\"https:\/\/climatemaster.ge\/\",\"logo\":{\"@type\":\"ImageObject\",\"inLanguage\":\"az\",\"@id\":\"https:\/\/climatemaster.ge\/#\/schema\/logo\/image\/\",\"url\":\"https:\/\/climatemaster.ge\/wp-content\/uploads\/2026\/03\/Untitled-2.png\",\"contentUrl\":\"https:\/\/climatemaster.ge\/wp-content\/uploads\/2026\/03\/Untitled-2.png\",\"width\":600,\"height\":338,\"caption\":\"Climate Master\"},\"image\":{\"@id\":\"https:\/\/climatemaster.ge\/#\/schema\/logo\/image\/\"}}]}<\/script>\n<!-- \/ Yoast SEO plugin. -->","yoast_head_json":{"title":"\u0130kili bo\u015faltma qur\u011fusu soyuducu OD \/ BD: \u0130kili ax\u0131d\u0131lm\u0131\u015f CO2 v\u0259 duzlu su vahidi soyuducular\u0131 - Climate Master","robots":{"index":"index","follow":"follow","max-snippet":"max-snippet:-1","max-image-preview":"max-image-preview:large","max-video-preview":"max-video-preview:-1"},"canonical":"https:\/\/climatemaster.ge\/az\/product\/dual-discharge-unit-cooler-od-bd-dual-discharge-co2-and-brine-unit-coolers\/","og_locale":"az_AZ","og_type":"article","og_title":"\u0130kili bo\u015faltma qur\u011fusu soyuducu OD \/ BD: \u0130kili ax\u0131d\u0131lm\u0131\u015f CO2 v\u0259 duzlu su vahidi soyuducular\u0131 - Climate Master","og_description":"ENEX-in ikili bo\u015faltma qur\u011fular\u0131 soyutma v\u0259 ya dondurma t\u0259tbiql\u0259ri \u00fc\u00e7\u00fcn ki\u00e7ik v\u0259 orta soyuq otaqlar \u00fc\u00e7\u00fcn ideald\u0131r. X\u00fcsusil\u0259 dolay\u0131 hava","og_url":"https:\/\/climatemaster.ge\/az\/product\/dual-discharge-unit-cooler-od-bd-dual-discharge-co2-and-brine-unit-coolers\/","og_site_name":"Climate Master","article_modified_time":"2025-05-25T13:06:40+00:00","og_image":[{"width":734,"height":489,"url":"https:\/\/climatemaster.ge\/wp-content\/uploads\/2025\/05\/PS_dual-flow-compact.jpg","type":"image\/jpeg"}],"twitter_card":"summary_large_image","twitter_misc":{"Est. reading time":"1 minute"},"schema":{"@context":"https:\/\/schema.org","@graph":[{"@type":"WebPage","@id":"https:\/\/climatemaster.ge\/az\/product\/dual-discharge-unit-cooler-od-bd-dual-discharge-co2-and-brine-unit-coolers\/","url":"https:\/\/climatemaster.ge\/az\/product\/dual-discharge-unit-cooler-od-bd-dual-discharge-co2-and-brine-unit-coolers\/","name":"\u0130kili bo\u015faltma qur\u011fusu soyuducu OD \/ BD: \u0130kili ax\u0131d\u0131lm\u0131\u015f CO2 v\u0259 duzlu su vahidi soyuducular\u0131 - Climate Master","isPartOf":{"@id":"https:\/\/climatemaster.ge\/#website"},"primaryImageOfPage":{"@id":"https:\/\/climatemaster.ge\/az\/product\/dual-discharge-unit-cooler-od-bd-dual-discharge-co2-and-brine-unit-coolers\/#primaryimage"},"image":{"@id":"https:\/\/climatemaster.ge\/az\/product\/dual-discharge-unit-cooler-od-bd-dual-discharge-co2-and-brine-unit-coolers\/#primaryimage"},"thumbnailUrl":"https:\/\/climatemaster.ge\/wp-content\/uploads\/2025\/05\/PS_dual-flow-compact.jpg","datePublished":"2025-05-25T13:04:09+00:00","dateModified":"2025-05-25T13:06:40+00:00","breadcrumb":{"@id":"https:\/\/climatemaster.ge\/az\/product\/dual-discharge-unit-cooler-od-bd-dual-discharge-co2-and-brine-unit-coolers\/#breadcrumb"},"inLanguage":"az","potentialAction":[{"@type":"ReadAction","target":["https:\/\/climatemaster.ge\/az\/product\/dual-discharge-unit-cooler-od-bd-dual-discharge-co2-and-brine-unit-coolers\/"]}]},{"@type":"ImageObject","inLanguage":"az","@id":"https:\/\/climatemaster.ge\/az\/product\/dual-discharge-unit-cooler-od-bd-dual-discharge-co2-and-brine-unit-coolers\/#primaryimage","url":"https:\/\/climatemaster.ge\/wp-content\/uploads\/2025\/05\/PS_dual-flow-compact.jpg","contentUrl":"https:\/\/climatemaster.ge\/wp-content\/uploads\/2025\/05\/PS_dual-flow-compact.jpg","width":734,"height":489},{"@type":"BreadcrumbList","@id":"https:\/\/climatemaster.ge\/az\/product\/dual-discharge-unit-cooler-od-bd-dual-discharge-co2-and-brine-unit-coolers\/#breadcrumb","itemListElement":[{"@type":"ListItem","position":1,"name":"Home","item":"https:\/\/climatemaster.ge\/"},{"@type":"ListItem","position":2,"name":"M\u0259hsullar","item":"https:\/\/climatemaster.ge\/products\/"},{"@type":"ListItem","position":3,"name":"\u0130kili bo\u015faltma qur\u011fusu soyuducu OD \/ BD: \u0130kili ax\u0131d\u0131lm\u0131\u015f CO2 v\u0259 duzlu su vahidi soyuducular\u0131"}]},{"@type":"WebSite","@id":"https:\/\/climatemaster.ge\/#website","url":"https:\/\/climatemaster.ge\/","name":"Climate Master","description":"","publisher":{"@id":"https:\/\/climatemaster.ge\/#organization"},"potentialAction":[{"@type":"SearchAction","target":{"@type":"EntryPoint","urlTemplate":"https:\/\/climatemaster.ge\/?s={search_term_string}"},"query-input":{"@type":"PropertyValueSpecification","valueRequired":true,"valueName":"search_term_string"}}],"inLanguage":"az"},{"@type":"Organization","@id":"https:\/\/climatemaster.ge\/#organization","name":"Climate Master","url":"https:\/\/climatemaster.ge\/","logo":{"@type":"ImageObject","inLanguage":"az","@id":"https:\/\/climatemaster.ge\/#\/schema\/logo\/image\/","url":"https:\/\/climatemaster.ge\/wp-content\/uploads\/2026\/03\/Untitled-2.png","contentUrl":"https:\/\/climatemaster.ge\/wp-content\/uploads\/2026\/03\/Untitled-2.png","width":600,"height":338,"caption":"Climate Master"},"image":{"@id":"https:\/\/climatemaster.ge\/#\/schema\/logo\/image\/"}}]}},"_links":{"self":[{"href":"https:\/\/climatemaster.ge\/az\/wp-json\/wp\/v2\/product\/33430","targetHints":{"allow":["GET"]}}],"collection":[{"href":"https:\/\/climatemaster.ge\/az\/wp-json\/wp\/v2\/product"}],"about":[{"href":"https:\/\/climatemaster.ge\/az\/wp-json\/wp\/v2\/types\/product"}],"wp:featuredmedia":[{"embeddable":true,"href":"https:\/\/climatemaster.ge\/az\/wp-json\/wp\/v2\/media\/33425"}],"wp:attachment":[{"href":"https:\/\/climatemaster.ge\/az\/wp-json\/wp\/v2\/media?parent=33430"}],"wp:term":[{"taxonomy":"product_brand","embeddable":true,"href":"https:\/\/climatemaster.ge\/az\/wp-json\/wp\/v2\/product_brand?post=33430"},{"taxonomy":"product_cat","embeddable":true,"href":"https:\/\/climatemaster.ge\/az\/wp-json\/wp\/v2\/product_cat?post=33430"},{"taxonomy":"product_tag","embeddable":true,"href":"https:\/\/climatemaster.ge\/az\/wp-json\/wp\/v2\/product_tag?post=33430"}],"curies":[{"name":"wp","href":"https:\/\/api.w.org\/{rel}","templated":true}]}}