{"id":33418,"date":"2025-05-25T16:57:55","date_gmt":"2025-05-25T12:57:55","guid":{"rendered":"https:\/\/airsystems.ge\/shop\/product\/cubic-air-coolers-with-radial-fans\/"},"modified":"2025-05-25T17:00:53","modified_gmt":"2025-05-25T13:00:53","slug":"cubic-air-coolers-with-radial-fans","status":"publish","type":"product","link":"https:\/\/climatemaster.ge\/az\/product\/cubic-air-coolers-with-radial-fans\/","title":{"rendered":"Radial Fanl\u0131 Kub Hava Soyuducular\u0131 EC: HFC-HFO S\u0259naye buxarland\u0131r\u0131c\u0131lar\u0131"},"content":{"rendered":"<div class=\"elementor-element elementor-element-391e72ec elementor-widget elementor-widget-theme-post-content\" data-id=\"391e72ec\" data-element_type=\"widget\" data-widget_type=\"theme-post-content.default\">\n<div class=\"elementor-widget-container\">\n<p>X\u00fcsusiyy\u0259tl\u0259r<\/p>\n<p>Boru material\u0131. Paslanmayan polad AISI 304 (ist\u0259k \u00fczr\u0259 AISI 316) v\u0259 ya Cu\/Al<br \/>\nAl\u00fcminium qanadlar. \u0130ste\u011fe ba\u011fl\u0131 olaraq, onlar epoksi qoruyucu il\u0259 maqnezium al\u00fcminium v\u0259 ya al\u00fcminiumdan haz\u0131rlana bil\u0259r<br \/>\nPaslanmayan polad vintl\u0259r<br \/>\nA\u011f termo-lakl\u0131 al\u00fcminium korpus<br \/>\n\u00c7\u0131xar\u0131lan yan \u00f6rt\u00fckl\u0259r. So\u011futucu birl\u0259\u015fm\u0259l\u0259r\u0259 asan giri\u015f<br \/>\nKondensasiyan\u0131n qar\u015f\u0131s\u0131n\u0131 almaq \u00fc\u00e7\u00fcn standart olaraq poliuretanla izolyasiya edilmi\u015fdir. Tamamil\u0259 GRP-d\u0259n (fiberglasla g\u00fccl\u0259ndirilmi\u015f polyester) haz\u0131rlanm\u0131\u015f qab, y\u00fcng\u00fcl v\u0259 davaml\u0131 material, s\u0259rt, korroziyaya davaml\u0131 v\u0259 yax\u015f\u0131 istilik, akustik v\u0259 elektrik izolyatorudur.<br \/>\nModeld\u0259n as\u0131l\u0131 olaraq IP54 v\u0259 ya IP55 m\u00fch\u0259rrikli ErP Ready eksenel fanatlar; motorun termokontaktlarla qorunmas\u0131<br \/>\nAvadanl\u0131q t\u0259zyiqli v\u0259 Schrader + klapanlar\u0131 il\u0259 \u00e7atd\u0131r\u0131l\u0131r<\/p>\n<p>Aksesuarlar<\/p>\n<p>\u00c7ekm\u0259 klapan qura\u015fd\u0131r\u0131lm\u0131\u015f qabda isti qaz\u0131n \u0259rim\u0259si (iste\u011fe ba\u011fl\u0131)<br \/>\nBobin v\u0259\/v\u0259 ya nim\u00e7\u0259d\u0259 elektrik \u0259rim\u0259si<br \/>\nTekstil qollar\u0131na qo\u015fulma<br \/>\nEC azarke\u015fl\u0259ri<br \/>\nEpoksi il\u0259 qorunan t\u0259b\u0259q\u0259l\u0259r<br \/>\nPaslanmayan polad korpus<\/p>\n<\/div>\n<\/div>\n<div class=\"elementor-element elementor-element-427e8a79 e-flex e-con-boxed e-con e-child\" data-id=\"427e8a79\" data-element_type=\"container\">\n<div class=\"e-con-inner\">\n<div class=\"elementor-element elementor-element-13f5f820 hidebutton mc-bl elementor-align-left elementor-widget elementor-widget-button\" data-id=\"13f5f820\" data-element_type=\"widget\" data-widget_type=\"button.default\">\n<div class=\"elementor-widget-container\">\n<div class=\"elementor-button-wrapper\"><a class=\"elementor-button elementor-button-link elementor-size-sm\" href=\"https:\/\/www.enextechnologies.com\/wp-content\/uploads\/2025\/03\/Operation-and-maintenance-manual-ECOCBC-Industrial-series-English-Rev.1-02-2025.pdf\" target=\"_blank\" rel=\"noopener\"><span class=\"elementor-button-content-wrapper\"><span class=\"elementor-button-text\">TECHNICAL MANUAL<\/span><\/span><\/a><\/div>\n<\/div>\n<\/div>\n<\/div>\n<\/div>\n","protected":false},"excerpt":{"rendered":"<div class=\"elementor-element elementor-element-f80f489 elementor-widget elementor-widget-heading\" data-id=\"f80f489\" data-element_type=\"widget\" data-widget_type=\"heading.default\">\n<div class=\"elementor-widget-container\">\n<div class=\"elementor-heading-title elementor-size-default\">\n<p>M\u00f6ht\u0259\u015f\u0259m plenum sistemi il\u0259 radial ventilyatorlarla (\u201cplug fans\u201d) AR il\u0259 t\u0259chiz olunmu\u015f kubik hava soyuducular\u0131. AR seriyas\u0131 i\u015f otaqlar\u0131nda v\u0259 ya dig\u0259r ox\u015far t\u0259tbiql\u0259rd\u0259 tekstil qollar\u0131 il\u0259 qura\u015fd\u0131rmaq \u00fc\u00e7\u00fcn ideald\u0131r.<\/p>\n<p>Paslanmayan polad borular v\u0259 al\u00fcminium qanadlarla (StSt\/Al) istehsal olunur. \u0130ste\u011fe ba\u011fl\u0131 olaraq mis\/al\u00fcminium istehsal oluna bil\u0259r. B\u00fct\u00fcn soyuducularla (NH\u2083, CO\u2082, qlikol, HFC v\u0259 s.) uy\u011fun g\u0259lir. 1-d\u0259n 5-\u0259 q\u0259d\u0259r radial fanatlar\u0131n modul dizayn\u0131 (\u00d8500, 630). Fin add\u0131m\u0131: 4,5-6-7 mm.<\/p>\n<p>AR seriyal\u0131 buxarland\u0131r\u0131c\u0131lar y\u00fcks\u0259k s\u0259m\u0259r\u0259li s\u0259naye kubik buxarland\u0131r\u0131c\u0131lard\u0131r. M\u00fck\u0259mm\u0259l plenum sistemi il\u0259 standart olaraq radial ventilyatorlar v\u0259 tekstil qol adapterl\u0259ri il\u0259 t\u0259chiz edilmi\u015fdir. Bizim m\u00f6hk\u0259m AR buxarland\u0131r\u0131c\u0131lar\u0131m\u0131z y\u00fcks\u0259k performans t\u0259klif edir v\u0259 korroziyaya y\u00fcks\u0259k davaml\u0131d\u0131r.<\/p>\n<p>Onlar i\u015f otaqlar\u0131nda v\u0259 ya dig\u0259r ox\u015far t\u0259tbiql\u0259rd\u0259 tekstil qollar\u0131 il\u0259 qura\u015fd\u0131rmaq \u00fc\u00e7\u00fcn ideald\u0131r.<\/p>\n<p>T\u0259tbiql\u0259ri \u00fc\u00e7\u00fcn vacib olan \u00e7ox a\u015fa\u011f\u0131 s\u0259s t\u0259zyiqi s\u0259viyy\u0259si il\u0259 se\u00e7ilirl\u0259r.<\/p>\n<\/div>\n<\/div>\n<\/div>\n","protected":false},"featured_media":33413,"template":"","meta":[],"product_brand":[],"product_cat":[1643,875],"product_tag":[],"class_list":{"0":"post-33418","1":"product","2":"type-product","3":"status-publish","4":"has-post-thumbnail","6":"product_cat-buxarlandirici","7":"product_cat-snaye-az-kondisionerlr","9":"first","10":"instock","11":"shipping-taxable","12":"product-type-simple"},"yoast_head":"<!-- This site is optimized with the Yoast SEO plugin v27.1.1 - https:\/\/yoast.com\/product\/yoast-seo-wordpress\/ -->\n<title>Radial Fanl\u0131 Kub Hava Soyuducular\u0131 EC: HFC-HFO S\u0259naye buxarland\u0131r\u0131c\u0131lar\u0131 - Climate Master<\/title>\n<meta name=\"robots\" content=\"index, follow, max-snippet:-1, max-image-preview:large, max-video-preview:-1\" \/>\n<link rel=\"canonical\" href=\"https:\/\/climatemaster.ge\/az\/product\/cubic-air-coolers-with-radial-fans\/\" \/>\n<meta property=\"og:locale\" content=\"az_AZ\" \/>\n<meta property=\"og:type\" content=\"article\" \/>\n<meta property=\"og:title\" content=\"Radial Fanl\u0131 Kub Hava Soyuducular\u0131 EC: HFC-HFO S\u0259naye buxarland\u0131r\u0131c\u0131lar\u0131 - Climate Master\" \/>\n<meta property=\"og:description\" content=\"M\u00f6ht\u0259\u015f\u0259m plenum sistemi il\u0259 radial ventilyatorlarla (\u201cplug fans\u201d) AR il\u0259 t\u0259chiz olunmu\u015f kubik hava soyuducular\u0131. AR seriyas\u0131 i\u015f otaqlar\u0131nda v\u0259 ya dig\u0259r ox\u015far t\u0259tbiql\u0259rd\u0259 tekstil qollar\u0131 il\u0259 qura\u015fd\u0131rmaq \u00fc\u00e7\u00fcn ideald\u0131r.  Paslanmayan polad borular v\u0259 al\u00fcminium qanadlarla (StSt\/Al) istehsal olunur. \u0130ste\u011fe ba\u011fl\u0131 olaraq mis\/al\u00fcminium istehsal oluna bil\u0259r. B\u00fct\u00fcn soyuducularla (NH\u2083, CO\u2082, qlikol, HFC v\u0259 s.) uy\u011fun g\u0259lir. 1-d\u0259n 5-\u0259 q\u0259d\u0259r radial fanatlar\u0131n modul dizayn\u0131 (\u00d8500, 630). Fin add\u0131m\u0131: 4,5-6-7 mm.  AR seriyal\u0131 buxarland\u0131r\u0131c\u0131lar y\u00fcks\u0259k s\u0259m\u0259r\u0259li s\u0259naye kubik buxarland\u0131r\u0131c\u0131lard\u0131r. M\u00fck\u0259mm\u0259l plenum sistemi il\u0259 standart olaraq radial ventilyatorlar v\u0259 tekstil qol adapterl\u0259ri il\u0259 t\u0259chiz edilmi\u015fdir. Bizim m\u00f6hk\u0259m AR buxarland\u0131r\u0131c\u0131lar\u0131m\u0131z y\u00fcks\u0259k performans t\u0259klif edir v\u0259 korroziyaya y\u00fcks\u0259k davaml\u0131d\u0131r.  Onlar i\u015f otaqlar\u0131nda v\u0259 ya dig\u0259r ox\u015far t\u0259tbiql\u0259rd\u0259 tekstil qollar\u0131 il\u0259 qura\u015fd\u0131rmaq \u00fc\u00e7\u00fcn ideald\u0131r.  T\u0259tbiql\u0259ri \u00fc\u00e7\u00fcn vacib olan \u00e7ox a\u015fa\u011f\u0131 s\u0259s t\u0259zyiqi s\u0259viyy\u0259si il\u0259 se\u00e7ilirl\u0259r.\" \/>\n<meta property=\"og:url\" content=\"https:\/\/climatemaster.ge\/az\/product\/cubic-air-coolers-with-radial-fans\/\" \/>\n<meta property=\"og:site_name\" content=\"Climate Master\" \/>\n<meta property=\"article:modified_time\" content=\"2025-05-25T13:00:53+00:00\" \/>\n<meta property=\"og:image\" content=\"https:\/\/climatemaster.ge\/wp-content\/uploads\/2025\/05\/Cubic-industrial_EC.png\" \/>\n\t<meta property=\"og:image:width\" content=\"2362\" \/>\n\t<meta property=\"og:image:height\" content=\"2050\" \/>\n\t<meta property=\"og:image:type\" content=\"image\/png\" \/>\n<meta name=\"twitter:card\" content=\"summary_large_image\" \/>\n<meta name=\"twitter:label1\" content=\"Est. reading time\" \/>\n\t<meta name=\"twitter:data1\" content=\"1 minute\" \/>\n<script type=\"application\/ld+json\" class=\"yoast-schema-graph\">{\"@context\":\"https:\/\/schema.org\",\"@graph\":[{\"@type\":\"WebPage\",\"@id\":\"https:\/\/climatemaster.ge\/az\/product\/cubic-air-coolers-with-radial-fans\/\",\"url\":\"https:\/\/climatemaster.ge\/az\/product\/cubic-air-coolers-with-radial-fans\/\",\"name\":\"Radial Fanl\u0131 Kub Hava Soyuducular\u0131 EC: HFC-HFO S\u0259naye buxarland\u0131r\u0131c\u0131lar\u0131 - Climate Master\",\"isPartOf\":{\"@id\":\"https:\/\/climatemaster.ge\/#website\"},\"primaryImageOfPage\":{\"@id\":\"https:\/\/climatemaster.ge\/az\/product\/cubic-air-coolers-with-radial-fans\/#primaryimage\"},\"image\":{\"@id\":\"https:\/\/climatemaster.ge\/az\/product\/cubic-air-coolers-with-radial-fans\/#primaryimage\"},\"thumbnailUrl\":\"https:\/\/climatemaster.ge\/wp-content\/uploads\/2025\/05\/Cubic-industrial_EC.png\",\"datePublished\":\"2025-05-25T12:57:55+00:00\",\"dateModified\":\"2025-05-25T13:00:53+00:00\",\"breadcrumb\":{\"@id\":\"https:\/\/climatemaster.ge\/az\/product\/cubic-air-coolers-with-radial-fans\/#breadcrumb\"},\"inLanguage\":\"az\",\"potentialAction\":[{\"@type\":\"ReadAction\",\"target\":[\"https:\/\/climatemaster.ge\/az\/product\/cubic-air-coolers-with-radial-fans\/\"]}]},{\"@type\":\"ImageObject\",\"inLanguage\":\"az\",\"@id\":\"https:\/\/climatemaster.ge\/az\/product\/cubic-air-coolers-with-radial-fans\/#primaryimage\",\"url\":\"https:\/\/climatemaster.ge\/wp-content\/uploads\/2025\/05\/Cubic-industrial_EC.png\",\"contentUrl\":\"https:\/\/climatemaster.ge\/wp-content\/uploads\/2025\/05\/Cubic-industrial_EC.png\",\"width\":2362,\"height\":2050},{\"@type\":\"BreadcrumbList\",\"@id\":\"https:\/\/climatemaster.ge\/az\/product\/cubic-air-coolers-with-radial-fans\/#breadcrumb\",\"itemListElement\":[{\"@type\":\"ListItem\",\"position\":1,\"name\":\"Home\",\"item\":\"https:\/\/climatemaster.ge\/\"},{\"@type\":\"ListItem\",\"position\":2,\"name\":\"M\u0259hsullar\",\"item\":\"https:\/\/climatemaster.ge\/products\/\"},{\"@type\":\"ListItem\",\"position\":3,\"name\":\"Radial Fanl\u0131 Kub Hava Soyuducular\u0131 EC: HFC-HFO S\u0259naye buxarland\u0131r\u0131c\u0131lar\u0131\"}]},{\"@type\":\"WebSite\",\"@id\":\"https:\/\/climatemaster.ge\/#website\",\"url\":\"https:\/\/climatemaster.ge\/\",\"name\":\"Climate Master\",\"description\":\"\",\"publisher\":{\"@id\":\"https:\/\/climatemaster.ge\/#organization\"},\"potentialAction\":[{\"@type\":\"SearchAction\",\"target\":{\"@type\":\"EntryPoint\",\"urlTemplate\":\"https:\/\/climatemaster.ge\/?s={search_term_string}\"},\"query-input\":{\"@type\":\"PropertyValueSpecification\",\"valueRequired\":true,\"valueName\":\"search_term_string\"}}],\"inLanguage\":\"az\"},{\"@type\":\"Organization\",\"@id\":\"https:\/\/climatemaster.ge\/#organization\",\"name\":\"Climate Master\",\"url\":\"https:\/\/climatemaster.ge\/\",\"logo\":{\"@type\":\"ImageObject\",\"inLanguage\":\"az\",\"@id\":\"https:\/\/climatemaster.ge\/#\/schema\/logo\/image\/\",\"url\":\"https:\/\/climatemaster.ge\/wp-content\/uploads\/2026\/03\/Untitled-2.png\",\"contentUrl\":\"https:\/\/climatemaster.ge\/wp-content\/uploads\/2026\/03\/Untitled-2.png\",\"width\":600,\"height\":338,\"caption\":\"Climate Master\"},\"image\":{\"@id\":\"https:\/\/climatemaster.ge\/#\/schema\/logo\/image\/\"}}]}<\/script>\n<!-- \/ Yoast SEO plugin. -->","yoast_head_json":{"title":"Radial Fanl\u0131 Kub Hava Soyuducular\u0131 EC: HFC-HFO S\u0259naye buxarland\u0131r\u0131c\u0131lar\u0131 - Climate Master","robots":{"index":"index","follow":"follow","max-snippet":"max-snippet:-1","max-image-preview":"max-image-preview:large","max-video-preview":"max-video-preview:-1"},"canonical":"https:\/\/climatemaster.ge\/az\/product\/cubic-air-coolers-with-radial-fans\/","og_locale":"az_AZ","og_type":"article","og_title":"Radial Fanl\u0131 Kub Hava Soyuducular\u0131 EC: HFC-HFO S\u0259naye buxarland\u0131r\u0131c\u0131lar\u0131 - Climate Master","og_description":"M\u00f6ht\u0259\u015f\u0259m plenum sistemi il\u0259 radial ventilyatorlarla (\u201cplug fans\u201d) AR il\u0259 t\u0259chiz olunmu\u015f kubik hava soyuducular\u0131. AR seriyas\u0131 i\u015f otaqlar\u0131nda v\u0259 ya dig\u0259r ox\u015far t\u0259tbiql\u0259rd\u0259 tekstil qollar\u0131 il\u0259 qura\u015fd\u0131rmaq \u00fc\u00e7\u00fcn ideald\u0131r.  Paslanmayan polad borular v\u0259 al\u00fcminium qanadlarla (StSt\/Al) istehsal olunur. \u0130ste\u011fe ba\u011fl\u0131 olaraq mis\/al\u00fcminium istehsal oluna bil\u0259r. B\u00fct\u00fcn soyuducularla (NH\u2083, CO\u2082, qlikol, HFC v\u0259 s.) uy\u011fun g\u0259lir. 1-d\u0259n 5-\u0259 q\u0259d\u0259r radial fanatlar\u0131n modul dizayn\u0131 (\u00d8500, 630). Fin add\u0131m\u0131: 4,5-6-7 mm.  AR seriyal\u0131 buxarland\u0131r\u0131c\u0131lar y\u00fcks\u0259k s\u0259m\u0259r\u0259li s\u0259naye kubik buxarland\u0131r\u0131c\u0131lard\u0131r. M\u00fck\u0259mm\u0259l plenum sistemi il\u0259 standart olaraq radial ventilyatorlar v\u0259 tekstil qol adapterl\u0259ri il\u0259 t\u0259chiz edilmi\u015fdir. Bizim m\u00f6hk\u0259m AR buxarland\u0131r\u0131c\u0131lar\u0131m\u0131z y\u00fcks\u0259k performans t\u0259klif edir v\u0259 korroziyaya y\u00fcks\u0259k davaml\u0131d\u0131r.  Onlar i\u015f otaqlar\u0131nda v\u0259 ya dig\u0259r ox\u015far t\u0259tbiql\u0259rd\u0259 tekstil qollar\u0131 il\u0259 qura\u015fd\u0131rmaq \u00fc\u00e7\u00fcn ideald\u0131r.  T\u0259tbiql\u0259ri \u00fc\u00e7\u00fcn vacib olan \u00e7ox a\u015fa\u011f\u0131 s\u0259s t\u0259zyiqi s\u0259viyy\u0259si il\u0259 se\u00e7ilirl\u0259r.","og_url":"https:\/\/climatemaster.ge\/az\/product\/cubic-air-coolers-with-radial-fans\/","og_site_name":"Climate Master","article_modified_time":"2025-05-25T13:00:53+00:00","og_image":[{"width":2362,"height":2050,"url":"https:\/\/climatemaster.ge\/wp-content\/uploads\/2025\/05\/Cubic-industrial_EC.png","type":"image\/png"}],"twitter_card":"summary_large_image","twitter_misc":{"Est. reading time":"1 minute"},"schema":{"@context":"https:\/\/schema.org","@graph":[{"@type":"WebPage","@id":"https:\/\/climatemaster.ge\/az\/product\/cubic-air-coolers-with-radial-fans\/","url":"https:\/\/climatemaster.ge\/az\/product\/cubic-air-coolers-with-radial-fans\/","name":"Radial Fanl\u0131 Kub Hava Soyuducular\u0131 EC: HFC-HFO S\u0259naye buxarland\u0131r\u0131c\u0131lar\u0131 - Climate Master","isPartOf":{"@id":"https:\/\/climatemaster.ge\/#website"},"primaryImageOfPage":{"@id":"https:\/\/climatemaster.ge\/az\/product\/cubic-air-coolers-with-radial-fans\/#primaryimage"},"image":{"@id":"https:\/\/climatemaster.ge\/az\/product\/cubic-air-coolers-with-radial-fans\/#primaryimage"},"thumbnailUrl":"https:\/\/climatemaster.ge\/wp-content\/uploads\/2025\/05\/Cubic-industrial_EC.png","datePublished":"2025-05-25T12:57:55+00:00","dateModified":"2025-05-25T13:00:53+00:00","breadcrumb":{"@id":"https:\/\/climatemaster.ge\/az\/product\/cubic-air-coolers-with-radial-fans\/#breadcrumb"},"inLanguage":"az","potentialAction":[{"@type":"ReadAction","target":["https:\/\/climatemaster.ge\/az\/product\/cubic-air-coolers-with-radial-fans\/"]}]},{"@type":"ImageObject","inLanguage":"az","@id":"https:\/\/climatemaster.ge\/az\/product\/cubic-air-coolers-with-radial-fans\/#primaryimage","url":"https:\/\/climatemaster.ge\/wp-content\/uploads\/2025\/05\/Cubic-industrial_EC.png","contentUrl":"https:\/\/climatemaster.ge\/wp-content\/uploads\/2025\/05\/Cubic-industrial_EC.png","width":2362,"height":2050},{"@type":"BreadcrumbList","@id":"https:\/\/climatemaster.ge\/az\/product\/cubic-air-coolers-with-radial-fans\/#breadcrumb","itemListElement":[{"@type":"ListItem","position":1,"name":"Home","item":"https:\/\/climatemaster.ge\/"},{"@type":"ListItem","position":2,"name":"M\u0259hsullar","item":"https:\/\/climatemaster.ge\/products\/"},{"@type":"ListItem","position":3,"name":"Radial Fanl\u0131 Kub Hava Soyuducular\u0131 EC: HFC-HFO S\u0259naye buxarland\u0131r\u0131c\u0131lar\u0131"}]},{"@type":"WebSite","@id":"https:\/\/climatemaster.ge\/#website","url":"https:\/\/climatemaster.ge\/","name":"Climate Master","description":"","publisher":{"@id":"https:\/\/climatemaster.ge\/#organization"},"potentialAction":[{"@type":"SearchAction","target":{"@type":"EntryPoint","urlTemplate":"https:\/\/climatemaster.ge\/?s={search_term_string}"},"query-input":{"@type":"PropertyValueSpecification","valueRequired":true,"valueName":"search_term_string"}}],"inLanguage":"az"},{"@type":"Organization","@id":"https:\/\/climatemaster.ge\/#organization","name":"Climate Master","url":"https:\/\/climatemaster.ge\/","logo":{"@type":"ImageObject","inLanguage":"az","@id":"https:\/\/climatemaster.ge\/#\/schema\/logo\/image\/","url":"https:\/\/climatemaster.ge\/wp-content\/uploads\/2026\/03\/Untitled-2.png","contentUrl":"https:\/\/climatemaster.ge\/wp-content\/uploads\/2026\/03\/Untitled-2.png","width":600,"height":338,"caption":"Climate Master"},"image":{"@id":"https:\/\/climatemaster.ge\/#\/schema\/logo\/image\/"}}]}},"_links":{"self":[{"href":"https:\/\/climatemaster.ge\/az\/wp-json\/wp\/v2\/product\/33418","targetHints":{"allow":["GET"]}}],"collection":[{"href":"https:\/\/climatemaster.ge\/az\/wp-json\/wp\/v2\/product"}],"about":[{"href":"https:\/\/climatemaster.ge\/az\/wp-json\/wp\/v2\/types\/product"}],"wp:featuredmedia":[{"embeddable":true,"href":"https:\/\/climatemaster.ge\/az\/wp-json\/wp\/v2\/media\/33413"}],"wp:attachment":[{"href":"https:\/\/climatemaster.ge\/az\/wp-json\/wp\/v2\/media?parent=33418"}],"wp:term":[{"taxonomy":"product_brand","embeddable":true,"href":"https:\/\/climatemaster.ge\/az\/wp-json\/wp\/v2\/product_brand?post=33418"},{"taxonomy":"product_cat","embeddable":true,"href":"https:\/\/climatemaster.ge\/az\/wp-json\/wp\/v2\/product_cat?post=33418"},{"taxonomy":"product_tag","embeddable":true,"href":"https:\/\/climatemaster.ge\/az\/wp-json\/wp\/v2\/product_tag?post=33418"}],"curies":[{"name":"wp","href":"https:\/\/api.w.org\/{rel}","templated":true}]}}