{"id":33404,"date":"2025-05-25T16:52:45","date_gmt":"2025-05-25T12:52:45","guid":{"rendered":"https:\/\/airsystems.ge\/shop\/product\/meh-ke-kh-motoevaporating-units-with-semi-hermetic-screw-compressors\/"},"modified":"2025-05-25T16:55:30","modified_gmt":"2025-05-25T12:55:30","slug":"meh-ke-kh-motoevaporating-units-with-semi-hermetic-screw-compressors","status":"publish","type":"product","link":"https:\/\/climatemaster.ge\/az\/product\/meh-ke-kh-motoevaporating-units-with-semi-hermetic-screw-compressors\/","title":{"rendered":"MEH Ke\/Kh Yar\u0131m hermetik vintli kompressorlu motorbuxarland\u0131r\u0131c\u0131 qur\u011fular"},"content":{"rendered":"","protected":false},"excerpt":{"rendered":"<p>475 kVt-dan 1260 kVt-a q\u0259d\u0259r soyutma g\u00fcc\u00fc<\/p>\n<p>MEH Ke\/Kh seriyas\u0131n\u0131n motobuxarland\u0131r\u0131c\u0131 qur\u011fular\u0131 EN 378 Avropa Normlar\u0131na v\u0259 m\u00fcvafiq yenil\u0259m\u0259l\u0259r\u0259 uy\u011fun olaraq daxili qur\u011fular kimi dizayn edilmi\u015fdir. Bu diapazonlar\u0131n aqreqatlar\u0131 bir-birind\u0259n tamamil\u0259 m\u00fcst\u0259qil olan 1,2 v\u0259 ya 3 soyutma d\u00f6vr\u0259sind\u0259 qura\u015fd\u0131r\u0131lm\u0131\u015f t\u0259k v\u0259 ya \u00e7oxlu kompressorlu versiyalarda m\u00f6vcuddur. MEH Ke seriyas\u0131n\u0131n motobuxarland\u0131r\u0131c\u0131 qur\u011fular\u0131 quru hava v\u0259 ya azot v\u0259 donmayan ya\u011f (kompressorda \u0259vv\u0259lc\u0259d\u0259n y\u00fckl\u0259nmi\u015f) il\u0259 y\u00fckl\u0259nmi\u015f t\u0259zyiq alt\u0131nda s\u0131x \u015f\u0259kild\u0259 soyutma d\u00f6vr\u0259l\u0259ri il\u0259 t\u0259chiz edilir; g\u00f6nd\u0259rilm\u0259zd\u0259n \u0259vv\u0259l b\u00fct\u00fcn qur\u011fular fabrikimizd\u0259 elektrikl\u0259 s\u0131naqdan ke\u00e7irilir.<\/p>\n","protected":false},"featured_media":33399,"template":"","meta":[],"product_brand":[],"product_cat":[1643,875],"product_tag":[],"class_list":{"0":"post-33404","1":"product","2":"type-product","3":"status-publish","4":"has-post-thumbnail","6":"product_cat-buxarlandirici","7":"product_cat-snaye-az-kondisionerlr","9":"first","10":"instock","11":"shipping-taxable","12":"product-type-simple"},"yoast_head":"<!-- This site is optimized with the Yoast SEO plugin v27.1.1 - https:\/\/yoast.com\/product\/yoast-seo-wordpress\/ -->\n<title>MEH Ke\/Kh Yar\u0131m hermetik vintli kompressorlu motorbuxarland\u0131r\u0131c\u0131 qur\u011fular - Climate Master<\/title>\n<meta name=\"robots\" content=\"index, follow, max-snippet:-1, max-image-preview:large, max-video-preview:-1\" \/>\n<link rel=\"canonical\" href=\"https:\/\/climatemaster.ge\/az\/product\/meh-ke-kh-motoevaporating-units-with-semi-hermetic-screw-compressors\/\" \/>\n<meta property=\"og:locale\" content=\"az_AZ\" \/>\n<meta property=\"og:type\" content=\"article\" \/>\n<meta property=\"og:title\" content=\"MEH Ke\/Kh Yar\u0131m hermetik vintli kompressorlu motorbuxarland\u0131r\u0131c\u0131 qur\u011fular - Climate Master\" \/>\n<meta property=\"og:description\" content=\"475 kVt-dan 1260 kVt-a q\u0259d\u0259r soyutma g\u00fcc\u00fc  MEH Ke\/Kh seriyas\u0131n\u0131n motobuxarland\u0131r\u0131c\u0131 qur\u011fular\u0131 EN 378 Avropa Normlar\u0131na v\u0259 m\u00fcvafiq yenil\u0259m\u0259l\u0259r\u0259 uy\u011fun olaraq daxili qur\u011fular kimi dizayn edilmi\u015fdir. Bu diapazonlar\u0131n aqreqatlar\u0131 bir-birind\u0259n tamamil\u0259 m\u00fcst\u0259qil olan 1,2 v\u0259 ya 3 soyutma d\u00f6vr\u0259sind\u0259 qura\u015fd\u0131r\u0131lm\u0131\u015f t\u0259k v\u0259 ya \u00e7oxlu kompressorlu versiyalarda m\u00f6vcuddur. MEH Ke seriyas\u0131n\u0131n motobuxarland\u0131r\u0131c\u0131 qur\u011fular\u0131 quru hava v\u0259 ya azot v\u0259 donmayan ya\u011f (kompressorda \u0259vv\u0259lc\u0259d\u0259n y\u00fckl\u0259nmi\u015f) il\u0259 y\u00fckl\u0259nmi\u015f t\u0259zyiq alt\u0131nda s\u0131x \u015f\u0259kild\u0259 soyutma d\u00f6vr\u0259l\u0259ri il\u0259 t\u0259chiz edilir; g\u00f6nd\u0259rilm\u0259zd\u0259n \u0259vv\u0259l b\u00fct\u00fcn qur\u011fular fabrikimizd\u0259 elektrikl\u0259 s\u0131naqdan ke\u00e7irilir.\" \/>\n<meta property=\"og:url\" content=\"https:\/\/climatemaster.ge\/az\/product\/meh-ke-kh-motoevaporating-units-with-semi-hermetic-screw-compressors\/\" \/>\n<meta property=\"og:site_name\" content=\"Climate Master\" \/>\n<meta property=\"article:modified_time\" content=\"2025-05-25T12:55:30+00:00\" \/>\n<meta property=\"og:image\" content=\"https:\/\/climatemaster.ge\/wp-content\/uploads\/2025\/05\/RWH-VS-Ke-Kh-scaled.png\" \/>\n\t<meta property=\"og:image:width\" content=\"2560\" \/>\n\t<meta property=\"og:image:height\" content=\"2193\" \/>\n\t<meta property=\"og:image:type\" content=\"image\/png\" \/>\n<meta name=\"twitter:card\" content=\"summary_large_image\" \/>\n<script type=\"application\/ld+json\" class=\"yoast-schema-graph\">{\"@context\":\"https:\/\/schema.org\",\"@graph\":[{\"@type\":\"WebPage\",\"@id\":\"https:\/\/climatemaster.ge\/az\/product\/meh-ke-kh-motoevaporating-units-with-semi-hermetic-screw-compressors\/\",\"url\":\"https:\/\/climatemaster.ge\/az\/product\/meh-ke-kh-motoevaporating-units-with-semi-hermetic-screw-compressors\/\",\"name\":\"MEH Ke\/Kh Yar\u0131m hermetik vintli kompressorlu motorbuxarland\u0131r\u0131c\u0131 qur\u011fular - Climate Master\",\"isPartOf\":{\"@id\":\"https:\/\/climatemaster.ge\/#website\"},\"primaryImageOfPage\":{\"@id\":\"https:\/\/climatemaster.ge\/az\/product\/meh-ke-kh-motoevaporating-units-with-semi-hermetic-screw-compressors\/#primaryimage\"},\"image\":{\"@id\":\"https:\/\/climatemaster.ge\/az\/product\/meh-ke-kh-motoevaporating-units-with-semi-hermetic-screw-compressors\/#primaryimage\"},\"thumbnailUrl\":\"https:\/\/climatemaster.ge\/wp-content\/uploads\/2025\/05\/RWH-VS-Ke-Kh-scaled.png\",\"datePublished\":\"2025-05-25T12:52:45+00:00\",\"dateModified\":\"2025-05-25T12:55:30+00:00\",\"breadcrumb\":{\"@id\":\"https:\/\/climatemaster.ge\/az\/product\/meh-ke-kh-motoevaporating-units-with-semi-hermetic-screw-compressors\/#breadcrumb\"},\"inLanguage\":\"az\",\"potentialAction\":[{\"@type\":\"ReadAction\",\"target\":[\"https:\/\/climatemaster.ge\/az\/product\/meh-ke-kh-motoevaporating-units-with-semi-hermetic-screw-compressors\/\"]}]},{\"@type\":\"ImageObject\",\"inLanguage\":\"az\",\"@id\":\"https:\/\/climatemaster.ge\/az\/product\/meh-ke-kh-motoevaporating-units-with-semi-hermetic-screw-compressors\/#primaryimage\",\"url\":\"https:\/\/climatemaster.ge\/wp-content\/uploads\/2025\/05\/RWH-VS-Ke-Kh-scaled.png\",\"contentUrl\":\"https:\/\/climatemaster.ge\/wp-content\/uploads\/2025\/05\/RWH-VS-Ke-Kh-scaled.png\",\"width\":2560,\"height\":2193},{\"@type\":\"BreadcrumbList\",\"@id\":\"https:\/\/climatemaster.ge\/az\/product\/meh-ke-kh-motoevaporating-units-with-semi-hermetic-screw-compressors\/#breadcrumb\",\"itemListElement\":[{\"@type\":\"ListItem\",\"position\":1,\"name\":\"Home\",\"item\":\"https:\/\/climatemaster.ge\/\"},{\"@type\":\"ListItem\",\"position\":2,\"name\":\"M\u0259hsullar\",\"item\":\"https:\/\/climatemaster.ge\/products\/\"},{\"@type\":\"ListItem\",\"position\":3,\"name\":\"MEH Ke\/Kh Yar\u0131m hermetik vintli kompressorlu motorbuxarland\u0131r\u0131c\u0131 qur\u011fular\"}]},{\"@type\":\"WebSite\",\"@id\":\"https:\/\/climatemaster.ge\/#website\",\"url\":\"https:\/\/climatemaster.ge\/\",\"name\":\"Climate Master\",\"description\":\"\",\"publisher\":{\"@id\":\"https:\/\/climatemaster.ge\/#organization\"},\"potentialAction\":[{\"@type\":\"SearchAction\",\"target\":{\"@type\":\"EntryPoint\",\"urlTemplate\":\"https:\/\/climatemaster.ge\/?s={search_term_string}\"},\"query-input\":{\"@type\":\"PropertyValueSpecification\",\"valueRequired\":true,\"valueName\":\"search_term_string\"}}],\"inLanguage\":\"az\"},{\"@type\":\"Organization\",\"@id\":\"https:\/\/climatemaster.ge\/#organization\",\"name\":\"Climate Master\",\"url\":\"https:\/\/climatemaster.ge\/\",\"logo\":{\"@type\":\"ImageObject\",\"inLanguage\":\"az\",\"@id\":\"https:\/\/climatemaster.ge\/#\/schema\/logo\/image\/\",\"url\":\"https:\/\/climatemaster.ge\/wp-content\/uploads\/2026\/03\/Untitled-2.png\",\"contentUrl\":\"https:\/\/climatemaster.ge\/wp-content\/uploads\/2026\/03\/Untitled-2.png\",\"width\":600,\"height\":338,\"caption\":\"Climate Master\"},\"image\":{\"@id\":\"https:\/\/climatemaster.ge\/#\/schema\/logo\/image\/\"}}]}<\/script>\n<!-- \/ Yoast SEO plugin. -->","yoast_head_json":{"title":"MEH Ke\/Kh Yar\u0131m hermetik vintli kompressorlu motorbuxarland\u0131r\u0131c\u0131 qur\u011fular - Climate Master","robots":{"index":"index","follow":"follow","max-snippet":"max-snippet:-1","max-image-preview":"max-image-preview:large","max-video-preview":"max-video-preview:-1"},"canonical":"https:\/\/climatemaster.ge\/az\/product\/meh-ke-kh-motoevaporating-units-with-semi-hermetic-screw-compressors\/","og_locale":"az_AZ","og_type":"article","og_title":"MEH Ke\/Kh Yar\u0131m hermetik vintli kompressorlu motorbuxarland\u0131r\u0131c\u0131 qur\u011fular - Climate Master","og_description":"475 kVt-dan 1260 kVt-a q\u0259d\u0259r soyutma g\u00fcc\u00fc  MEH Ke\/Kh seriyas\u0131n\u0131n motobuxarland\u0131r\u0131c\u0131 qur\u011fular\u0131 EN 378 Avropa Normlar\u0131na v\u0259 m\u00fcvafiq yenil\u0259m\u0259l\u0259r\u0259 uy\u011fun olaraq daxili qur\u011fular kimi dizayn edilmi\u015fdir. Bu diapazonlar\u0131n aqreqatlar\u0131 bir-birind\u0259n tamamil\u0259 m\u00fcst\u0259qil olan 1,2 v\u0259 ya 3 soyutma d\u00f6vr\u0259sind\u0259 qura\u015fd\u0131r\u0131lm\u0131\u015f t\u0259k v\u0259 ya \u00e7oxlu kompressorlu versiyalarda m\u00f6vcuddur. MEH Ke seriyas\u0131n\u0131n motobuxarland\u0131r\u0131c\u0131 qur\u011fular\u0131 quru hava v\u0259 ya azot v\u0259 donmayan ya\u011f (kompressorda \u0259vv\u0259lc\u0259d\u0259n y\u00fckl\u0259nmi\u015f) il\u0259 y\u00fckl\u0259nmi\u015f t\u0259zyiq alt\u0131nda s\u0131x \u015f\u0259kild\u0259 soyutma d\u00f6vr\u0259l\u0259ri il\u0259 t\u0259chiz edilir; g\u00f6nd\u0259rilm\u0259zd\u0259n \u0259vv\u0259l b\u00fct\u00fcn qur\u011fular fabrikimizd\u0259 elektrikl\u0259 s\u0131naqdan ke\u00e7irilir.","og_url":"https:\/\/climatemaster.ge\/az\/product\/meh-ke-kh-motoevaporating-units-with-semi-hermetic-screw-compressors\/","og_site_name":"Climate Master","article_modified_time":"2025-05-25T12:55:30+00:00","og_image":[{"width":2560,"height":2193,"url":"https:\/\/climatemaster.ge\/wp-content\/uploads\/2025\/05\/RWH-VS-Ke-Kh-scaled.png","type":"image\/png"}],"twitter_card":"summary_large_image","schema":{"@context":"https:\/\/schema.org","@graph":[{"@type":"WebPage","@id":"https:\/\/climatemaster.ge\/az\/product\/meh-ke-kh-motoevaporating-units-with-semi-hermetic-screw-compressors\/","url":"https:\/\/climatemaster.ge\/az\/product\/meh-ke-kh-motoevaporating-units-with-semi-hermetic-screw-compressors\/","name":"MEH Ke\/Kh Yar\u0131m hermetik vintli kompressorlu motorbuxarland\u0131r\u0131c\u0131 qur\u011fular - Climate Master","isPartOf":{"@id":"https:\/\/climatemaster.ge\/#website"},"primaryImageOfPage":{"@id":"https:\/\/climatemaster.ge\/az\/product\/meh-ke-kh-motoevaporating-units-with-semi-hermetic-screw-compressors\/#primaryimage"},"image":{"@id":"https:\/\/climatemaster.ge\/az\/product\/meh-ke-kh-motoevaporating-units-with-semi-hermetic-screw-compressors\/#primaryimage"},"thumbnailUrl":"https:\/\/climatemaster.ge\/wp-content\/uploads\/2025\/05\/RWH-VS-Ke-Kh-scaled.png","datePublished":"2025-05-25T12:52:45+00:00","dateModified":"2025-05-25T12:55:30+00:00","breadcrumb":{"@id":"https:\/\/climatemaster.ge\/az\/product\/meh-ke-kh-motoevaporating-units-with-semi-hermetic-screw-compressors\/#breadcrumb"},"inLanguage":"az","potentialAction":[{"@type":"ReadAction","target":["https:\/\/climatemaster.ge\/az\/product\/meh-ke-kh-motoevaporating-units-with-semi-hermetic-screw-compressors\/"]}]},{"@type":"ImageObject","inLanguage":"az","@id":"https:\/\/climatemaster.ge\/az\/product\/meh-ke-kh-motoevaporating-units-with-semi-hermetic-screw-compressors\/#primaryimage","url":"https:\/\/climatemaster.ge\/wp-content\/uploads\/2025\/05\/RWH-VS-Ke-Kh-scaled.png","contentUrl":"https:\/\/climatemaster.ge\/wp-content\/uploads\/2025\/05\/RWH-VS-Ke-Kh-scaled.png","width":2560,"height":2193},{"@type":"BreadcrumbList","@id":"https:\/\/climatemaster.ge\/az\/product\/meh-ke-kh-motoevaporating-units-with-semi-hermetic-screw-compressors\/#breadcrumb","itemListElement":[{"@type":"ListItem","position":1,"name":"Home","item":"https:\/\/climatemaster.ge\/"},{"@type":"ListItem","position":2,"name":"M\u0259hsullar","item":"https:\/\/climatemaster.ge\/products\/"},{"@type":"ListItem","position":3,"name":"MEH Ke\/Kh Yar\u0131m hermetik vintli kompressorlu motorbuxarland\u0131r\u0131c\u0131 qur\u011fular"}]},{"@type":"WebSite","@id":"https:\/\/climatemaster.ge\/#website","url":"https:\/\/climatemaster.ge\/","name":"Climate Master","description":"","publisher":{"@id":"https:\/\/climatemaster.ge\/#organization"},"potentialAction":[{"@type":"SearchAction","target":{"@type":"EntryPoint","urlTemplate":"https:\/\/climatemaster.ge\/?s={search_term_string}"},"query-input":{"@type":"PropertyValueSpecification","valueRequired":true,"valueName":"search_term_string"}}],"inLanguage":"az"},{"@type":"Organization","@id":"https:\/\/climatemaster.ge\/#organization","name":"Climate Master","url":"https:\/\/climatemaster.ge\/","logo":{"@type":"ImageObject","inLanguage":"az","@id":"https:\/\/climatemaster.ge\/#\/schema\/logo\/image\/","url":"https:\/\/climatemaster.ge\/wp-content\/uploads\/2026\/03\/Untitled-2.png","contentUrl":"https:\/\/climatemaster.ge\/wp-content\/uploads\/2026\/03\/Untitled-2.png","width":600,"height":338,"caption":"Climate Master"},"image":{"@id":"https:\/\/climatemaster.ge\/#\/schema\/logo\/image\/"}}]}},"_links":{"self":[{"href":"https:\/\/climatemaster.ge\/az\/wp-json\/wp\/v2\/product\/33404","targetHints":{"allow":["GET"]}}],"collection":[{"href":"https:\/\/climatemaster.ge\/az\/wp-json\/wp\/v2\/product"}],"about":[{"href":"https:\/\/climatemaster.ge\/az\/wp-json\/wp\/v2\/types\/product"}],"wp:featuredmedia":[{"embeddable":true,"href":"https:\/\/climatemaster.ge\/az\/wp-json\/wp\/v2\/media\/33399"}],"wp:attachment":[{"href":"https:\/\/climatemaster.ge\/az\/wp-json\/wp\/v2\/media?parent=33404"}],"wp:term":[{"taxonomy":"product_brand","embeddable":true,"href":"https:\/\/climatemaster.ge\/az\/wp-json\/wp\/v2\/product_brand?post=33404"},{"taxonomy":"product_cat","embeddable":true,"href":"https:\/\/climatemaster.ge\/az\/wp-json\/wp\/v2\/product_cat?post=33404"},{"taxonomy":"product_tag","embeddable":true,"href":"https:\/\/climatemaster.ge\/az\/wp-json\/wp\/v2\/product_tag?post=33404"}],"curies":[{"name":"wp","href":"https:\/\/api.w.org\/{rel}","templated":true}]}}