{"id":33392,"date":"2025-05-25T16:48:48","date_gmt":"2025-05-25T12:48:48","guid":{"rendered":"https:\/\/airsystems.ge\/shop\/product\/mee-n-kc-kr-motoevaporating-units-with-scroll-compressors\/"},"modified":"2025-05-25T16:50:21","modified_gmt":"2025-05-25T12:50:21","slug":"mee-n-kc-kr-motoevaporating-units-with-scroll-compressors","status":"publish","type":"product","link":"https:\/\/climatemaster.ge\/az\/product\/mee-n-kc-kr-motoevaporating-units-with-scroll-compressors\/","title":{"rendered":"MEE N Kc\/Kr S\u00fcr\u00fc\u015fd\u00fcrm\u0259 kompressorlar\u0131 olan motobuxarland\u0131r\u0131c\u0131 qur\u011fular"},"content":{"rendered":"","protected":false},"excerpt":{"rendered":"<p>Soyutma g\u00fcc\u00fc 47 kVt-dan 416 kVt-a q\u0259d\u0259r<\/p>\n<p>MEE N seriyas\u0131n\u0131n yaln\u0131z su il\u0259 soyudulmu\u015f soyuducu v\u0259 ya geri d\u00f6n\u0259n motorlu buxarland\u0131r\u0131c\u0131 qur\u011fular\u0131 daxili qura\u015fd\u0131rma \u00fc\u00e7\u00fcn n\u0259z\u0259rd\u0259 tutulmu\u015fdur v\u0259 \u00e7oxlu ya\u015fay\u0131\u015f yerl\u0259ri v\u0259 kommersiya t\u0259tbiql\u0259ri kimi m\u00fcxt\u0259lif t\u0259tbiql\u0259ri olan ki\u00e7ik v\u0259 orta \u00f6l\u00e7\u00fcl\u00fc kondisioner sisteml\u0259ri \u00fc\u00e7\u00fcn x\u00fcsusil\u0259 uy\u011fundur, halbuki istiliyin yay\u0131lmas\u0131 \u00fc\u00e7\u00fcn su halqas\u0131 m\u00f6vcuddur. Onlar\u0131n ham\u0131s\u0131 1 v\u0259 ya 2 soyutma sxemi il\u0259 m\u00f6vcuddur. B\u00f6lm\u0259l\u0259r h\u0259m adi, h\u0259m d\u0259 f\u00f6vq\u0259lad\u0259 texniki xidm\u0259t \u00fc\u00e7\u00fcn asan \u00e7\u0131x\u0131\u015f imkan\u0131 il\u0259 olduqca y\u0131\u011fcam olmaq \u00fc\u00e7\u00fcn n\u0259z\u0259rd\u0259 tutulmu\u015fdur. Kompakt \u00f6l\u00e7\u00fcl\u0259ri (b\u00fct\u00fcn diapazon \u00fc\u00e7\u00fcn eni 750 mm-dir) v\u0259 bir ne\u00e7\u0259 m\u00f6vcud variantlar\u0131 say\u0259sind\u0259 bu qur\u011fular\u0131 tikinti i\u015fl\u0259ri apar\u0131lmadan ki\u00e7ik yerl\u0259rd\u0259 d\u0259 qura\u015fd\u0131rmaq x\u00fcsusil\u0259 asand\u0131r.<\/p>\n","protected":false},"featured_media":33387,"template":"","meta":[],"product_brand":[],"product_cat":[1643,875],"product_tag":[],"class_list":{"0":"post-33392","1":"product","2":"type-product","3":"status-publish","4":"has-post-thumbnail","6":"product_cat-buxarlandirici","7":"product_cat-snaye-az-kondisionerlr","9":"first","10":"instock","11":"shipping-taxable","12":"product-type-simple"},"yoast_head":"<!-- This site is optimized with the Yoast SEO plugin v27.1.1 - https:\/\/yoast.com\/product\/yoast-seo-wordpress\/ -->\n<title>MEE N Kc\/Kr S\u00fcr\u00fc\u015fd\u00fcrm\u0259 kompressorlar\u0131 olan motobuxarland\u0131r\u0131c\u0131 qur\u011fular - Climate Master<\/title>\n<meta name=\"robots\" content=\"index, follow, max-snippet:-1, max-image-preview:large, max-video-preview:-1\" \/>\n<link rel=\"canonical\" href=\"https:\/\/climatemaster.ge\/az\/product\/mee-n-kc-kr-motoevaporating-units-with-scroll-compressors\/\" \/>\n<meta property=\"og:locale\" content=\"az_AZ\" \/>\n<meta property=\"og:type\" content=\"article\" \/>\n<meta property=\"og:title\" content=\"MEE N Kc\/Kr S\u00fcr\u00fc\u015fd\u00fcrm\u0259 kompressorlar\u0131 olan motobuxarland\u0131r\u0131c\u0131 qur\u011fular - Climate Master\" \/>\n<meta property=\"og:description\" content=\"Soyutma g\u00fcc\u00fc 47 kVt-dan 416 kVt-a q\u0259d\u0259r  MEE N seriyas\u0131n\u0131n yaln\u0131z su il\u0259 soyudulmu\u015f soyuducu v\u0259 ya geri d\u00f6n\u0259n motorlu buxarland\u0131r\u0131c\u0131 qur\u011fular\u0131 daxili qura\u015fd\u0131rma \u00fc\u00e7\u00fcn n\u0259z\u0259rd\u0259 tutulmu\u015fdur v\u0259 \u00e7oxlu ya\u015fay\u0131\u015f yerl\u0259ri v\u0259 kommersiya t\u0259tbiql\u0259ri kimi m\u00fcxt\u0259lif t\u0259tbiql\u0259ri olan ki\u00e7ik v\u0259 orta \u00f6l\u00e7\u00fcl\u00fc kondisioner sisteml\u0259ri \u00fc\u00e7\u00fcn x\u00fcsusil\u0259 uy\u011fundur, halbuki istiliyin yay\u0131lmas\u0131 \u00fc\u00e7\u00fcn su halqas\u0131 m\u00f6vcuddur. Onlar\u0131n ham\u0131s\u0131 1 v\u0259 ya 2 soyutma sxemi il\u0259 m\u00f6vcuddur. B\u00f6lm\u0259l\u0259r h\u0259m adi, h\u0259m d\u0259 f\u00f6vq\u0259lad\u0259 texniki xidm\u0259t \u00fc\u00e7\u00fcn asan \u00e7\u0131x\u0131\u015f imkan\u0131 il\u0259 olduqca y\u0131\u011fcam olmaq \u00fc\u00e7\u00fcn n\u0259z\u0259rd\u0259 tutulmu\u015fdur. Kompakt \u00f6l\u00e7\u00fcl\u0259ri (b\u00fct\u00fcn diapazon \u00fc\u00e7\u00fcn eni 750 mm-dir) v\u0259 bir ne\u00e7\u0259 m\u00f6vcud variantlar\u0131 say\u0259sind\u0259 bu qur\u011fular\u0131 tikinti i\u015fl\u0259ri apar\u0131lmadan ki\u00e7ik yerl\u0259rd\u0259 d\u0259 qura\u015fd\u0131rmaq x\u00fcsusil\u0259 asand\u0131r.\" \/>\n<meta property=\"og:url\" content=\"https:\/\/climatemaster.ge\/az\/product\/mee-n-kc-kr-motoevaporating-units-with-scroll-compressors\/\" \/>\n<meta property=\"og:site_name\" content=\"Climate Master\" \/>\n<meta property=\"article:modified_time\" content=\"2025-05-25T12:50:21+00:00\" \/>\n<meta property=\"og:image\" content=\"https:\/\/climatemaster.ge\/wp-content\/uploads\/2025\/05\/RWE-N-Kc-Kr-scaled.png\" \/>\n\t<meta property=\"og:image:width\" content=\"2560\" \/>\n\t<meta property=\"og:image:height\" content=\"2193\" \/>\n\t<meta property=\"og:image:type\" content=\"image\/png\" \/>\n<meta name=\"twitter:card\" content=\"summary_large_image\" \/>\n<script type=\"application\/ld+json\" class=\"yoast-schema-graph\">{\"@context\":\"https:\/\/schema.org\",\"@graph\":[{\"@type\":\"WebPage\",\"@id\":\"https:\/\/climatemaster.ge\/az\/product\/mee-n-kc-kr-motoevaporating-units-with-scroll-compressors\/\",\"url\":\"https:\/\/climatemaster.ge\/az\/product\/mee-n-kc-kr-motoevaporating-units-with-scroll-compressors\/\",\"name\":\"MEE N Kc\/Kr S\u00fcr\u00fc\u015fd\u00fcrm\u0259 kompressorlar\u0131 olan motobuxarland\u0131r\u0131c\u0131 qur\u011fular - Climate Master\",\"isPartOf\":{\"@id\":\"https:\/\/climatemaster.ge\/#website\"},\"primaryImageOfPage\":{\"@id\":\"https:\/\/climatemaster.ge\/az\/product\/mee-n-kc-kr-motoevaporating-units-with-scroll-compressors\/#primaryimage\"},\"image\":{\"@id\":\"https:\/\/climatemaster.ge\/az\/product\/mee-n-kc-kr-motoevaporating-units-with-scroll-compressors\/#primaryimage\"},\"thumbnailUrl\":\"https:\/\/climatemaster.ge\/wp-content\/uploads\/2025\/05\/RWE-N-Kc-Kr-scaled.png\",\"datePublished\":\"2025-05-25T12:48:48+00:00\",\"dateModified\":\"2025-05-25T12:50:21+00:00\",\"breadcrumb\":{\"@id\":\"https:\/\/climatemaster.ge\/az\/product\/mee-n-kc-kr-motoevaporating-units-with-scroll-compressors\/#breadcrumb\"},\"inLanguage\":\"az\",\"potentialAction\":[{\"@type\":\"ReadAction\",\"target\":[\"https:\/\/climatemaster.ge\/az\/product\/mee-n-kc-kr-motoevaporating-units-with-scroll-compressors\/\"]}]},{\"@type\":\"ImageObject\",\"inLanguage\":\"az\",\"@id\":\"https:\/\/climatemaster.ge\/az\/product\/mee-n-kc-kr-motoevaporating-units-with-scroll-compressors\/#primaryimage\",\"url\":\"https:\/\/climatemaster.ge\/wp-content\/uploads\/2025\/05\/RWE-N-Kc-Kr-scaled.png\",\"contentUrl\":\"https:\/\/climatemaster.ge\/wp-content\/uploads\/2025\/05\/RWE-N-Kc-Kr-scaled.png\",\"width\":2560,\"height\":2193},{\"@type\":\"BreadcrumbList\",\"@id\":\"https:\/\/climatemaster.ge\/az\/product\/mee-n-kc-kr-motoevaporating-units-with-scroll-compressors\/#breadcrumb\",\"itemListElement\":[{\"@type\":\"ListItem\",\"position\":1,\"name\":\"Home\",\"item\":\"https:\/\/climatemaster.ge\/\"},{\"@type\":\"ListItem\",\"position\":2,\"name\":\"M\u0259hsullar\",\"item\":\"https:\/\/climatemaster.ge\/products\/\"},{\"@type\":\"ListItem\",\"position\":3,\"name\":\"MEE N Kc\/Kr S\u00fcr\u00fc\u015fd\u00fcrm\u0259 kompressorlar\u0131 olan motobuxarland\u0131r\u0131c\u0131 qur\u011fular\"}]},{\"@type\":\"WebSite\",\"@id\":\"https:\/\/climatemaster.ge\/#website\",\"url\":\"https:\/\/climatemaster.ge\/\",\"name\":\"Climate Master\",\"description\":\"\",\"publisher\":{\"@id\":\"https:\/\/climatemaster.ge\/#organization\"},\"potentialAction\":[{\"@type\":\"SearchAction\",\"target\":{\"@type\":\"EntryPoint\",\"urlTemplate\":\"https:\/\/climatemaster.ge\/?s={search_term_string}\"},\"query-input\":{\"@type\":\"PropertyValueSpecification\",\"valueRequired\":true,\"valueName\":\"search_term_string\"}}],\"inLanguage\":\"az\"},{\"@type\":\"Organization\",\"@id\":\"https:\/\/climatemaster.ge\/#organization\",\"name\":\"Climate Master\",\"url\":\"https:\/\/climatemaster.ge\/\",\"logo\":{\"@type\":\"ImageObject\",\"inLanguage\":\"az\",\"@id\":\"https:\/\/climatemaster.ge\/#\/schema\/logo\/image\/\",\"url\":\"https:\/\/climatemaster.ge\/wp-content\/uploads\/2026\/03\/Untitled-2.png\",\"contentUrl\":\"https:\/\/climatemaster.ge\/wp-content\/uploads\/2026\/03\/Untitled-2.png\",\"width\":600,\"height\":338,\"caption\":\"Climate Master\"},\"image\":{\"@id\":\"https:\/\/climatemaster.ge\/#\/schema\/logo\/image\/\"}}]}<\/script>\n<!-- \/ Yoast SEO plugin. -->","yoast_head_json":{"title":"MEE N Kc\/Kr S\u00fcr\u00fc\u015fd\u00fcrm\u0259 kompressorlar\u0131 olan motobuxarland\u0131r\u0131c\u0131 qur\u011fular - Climate Master","robots":{"index":"index","follow":"follow","max-snippet":"max-snippet:-1","max-image-preview":"max-image-preview:large","max-video-preview":"max-video-preview:-1"},"canonical":"https:\/\/climatemaster.ge\/az\/product\/mee-n-kc-kr-motoevaporating-units-with-scroll-compressors\/","og_locale":"az_AZ","og_type":"article","og_title":"MEE N Kc\/Kr S\u00fcr\u00fc\u015fd\u00fcrm\u0259 kompressorlar\u0131 olan motobuxarland\u0131r\u0131c\u0131 qur\u011fular - Climate Master","og_description":"Soyutma g\u00fcc\u00fc 47 kVt-dan 416 kVt-a q\u0259d\u0259r  MEE N seriyas\u0131n\u0131n yaln\u0131z su il\u0259 soyudulmu\u015f soyuducu v\u0259 ya geri d\u00f6n\u0259n motorlu buxarland\u0131r\u0131c\u0131 qur\u011fular\u0131 daxili qura\u015fd\u0131rma \u00fc\u00e7\u00fcn n\u0259z\u0259rd\u0259 tutulmu\u015fdur v\u0259 \u00e7oxlu ya\u015fay\u0131\u015f yerl\u0259ri v\u0259 kommersiya t\u0259tbiql\u0259ri kimi m\u00fcxt\u0259lif t\u0259tbiql\u0259ri olan ki\u00e7ik v\u0259 orta \u00f6l\u00e7\u00fcl\u00fc kondisioner sisteml\u0259ri \u00fc\u00e7\u00fcn x\u00fcsusil\u0259 uy\u011fundur, halbuki istiliyin yay\u0131lmas\u0131 \u00fc\u00e7\u00fcn su halqas\u0131 m\u00f6vcuddur. Onlar\u0131n ham\u0131s\u0131 1 v\u0259 ya 2 soyutma sxemi il\u0259 m\u00f6vcuddur. B\u00f6lm\u0259l\u0259r h\u0259m adi, h\u0259m d\u0259 f\u00f6vq\u0259lad\u0259 texniki xidm\u0259t \u00fc\u00e7\u00fcn asan \u00e7\u0131x\u0131\u015f imkan\u0131 il\u0259 olduqca y\u0131\u011fcam olmaq \u00fc\u00e7\u00fcn n\u0259z\u0259rd\u0259 tutulmu\u015fdur. Kompakt \u00f6l\u00e7\u00fcl\u0259ri (b\u00fct\u00fcn diapazon \u00fc\u00e7\u00fcn eni 750 mm-dir) v\u0259 bir ne\u00e7\u0259 m\u00f6vcud variantlar\u0131 say\u0259sind\u0259 bu qur\u011fular\u0131 tikinti i\u015fl\u0259ri apar\u0131lmadan ki\u00e7ik yerl\u0259rd\u0259 d\u0259 qura\u015fd\u0131rmaq x\u00fcsusil\u0259 asand\u0131r.","og_url":"https:\/\/climatemaster.ge\/az\/product\/mee-n-kc-kr-motoevaporating-units-with-scroll-compressors\/","og_site_name":"Climate Master","article_modified_time":"2025-05-25T12:50:21+00:00","og_image":[{"width":2560,"height":2193,"url":"https:\/\/climatemaster.ge\/wp-content\/uploads\/2025\/05\/RWE-N-Kc-Kr-scaled.png","type":"image\/png"}],"twitter_card":"summary_large_image","schema":{"@context":"https:\/\/schema.org","@graph":[{"@type":"WebPage","@id":"https:\/\/climatemaster.ge\/az\/product\/mee-n-kc-kr-motoevaporating-units-with-scroll-compressors\/","url":"https:\/\/climatemaster.ge\/az\/product\/mee-n-kc-kr-motoevaporating-units-with-scroll-compressors\/","name":"MEE N Kc\/Kr S\u00fcr\u00fc\u015fd\u00fcrm\u0259 kompressorlar\u0131 olan motobuxarland\u0131r\u0131c\u0131 qur\u011fular - Climate Master","isPartOf":{"@id":"https:\/\/climatemaster.ge\/#website"},"primaryImageOfPage":{"@id":"https:\/\/climatemaster.ge\/az\/product\/mee-n-kc-kr-motoevaporating-units-with-scroll-compressors\/#primaryimage"},"image":{"@id":"https:\/\/climatemaster.ge\/az\/product\/mee-n-kc-kr-motoevaporating-units-with-scroll-compressors\/#primaryimage"},"thumbnailUrl":"https:\/\/climatemaster.ge\/wp-content\/uploads\/2025\/05\/RWE-N-Kc-Kr-scaled.png","datePublished":"2025-05-25T12:48:48+00:00","dateModified":"2025-05-25T12:50:21+00:00","breadcrumb":{"@id":"https:\/\/climatemaster.ge\/az\/product\/mee-n-kc-kr-motoevaporating-units-with-scroll-compressors\/#breadcrumb"},"inLanguage":"az","potentialAction":[{"@type":"ReadAction","target":["https:\/\/climatemaster.ge\/az\/product\/mee-n-kc-kr-motoevaporating-units-with-scroll-compressors\/"]}]},{"@type":"ImageObject","inLanguage":"az","@id":"https:\/\/climatemaster.ge\/az\/product\/mee-n-kc-kr-motoevaporating-units-with-scroll-compressors\/#primaryimage","url":"https:\/\/climatemaster.ge\/wp-content\/uploads\/2025\/05\/RWE-N-Kc-Kr-scaled.png","contentUrl":"https:\/\/climatemaster.ge\/wp-content\/uploads\/2025\/05\/RWE-N-Kc-Kr-scaled.png","width":2560,"height":2193},{"@type":"BreadcrumbList","@id":"https:\/\/climatemaster.ge\/az\/product\/mee-n-kc-kr-motoevaporating-units-with-scroll-compressors\/#breadcrumb","itemListElement":[{"@type":"ListItem","position":1,"name":"Home","item":"https:\/\/climatemaster.ge\/"},{"@type":"ListItem","position":2,"name":"M\u0259hsullar","item":"https:\/\/climatemaster.ge\/products\/"},{"@type":"ListItem","position":3,"name":"MEE N Kc\/Kr S\u00fcr\u00fc\u015fd\u00fcrm\u0259 kompressorlar\u0131 olan motobuxarland\u0131r\u0131c\u0131 qur\u011fular"}]},{"@type":"WebSite","@id":"https:\/\/climatemaster.ge\/#website","url":"https:\/\/climatemaster.ge\/","name":"Climate Master","description":"","publisher":{"@id":"https:\/\/climatemaster.ge\/#organization"},"potentialAction":[{"@type":"SearchAction","target":{"@type":"EntryPoint","urlTemplate":"https:\/\/climatemaster.ge\/?s={search_term_string}"},"query-input":{"@type":"PropertyValueSpecification","valueRequired":true,"valueName":"search_term_string"}}],"inLanguage":"az"},{"@type":"Organization","@id":"https:\/\/climatemaster.ge\/#organization","name":"Climate Master","url":"https:\/\/climatemaster.ge\/","logo":{"@type":"ImageObject","inLanguage":"az","@id":"https:\/\/climatemaster.ge\/#\/schema\/logo\/image\/","url":"https:\/\/climatemaster.ge\/wp-content\/uploads\/2026\/03\/Untitled-2.png","contentUrl":"https:\/\/climatemaster.ge\/wp-content\/uploads\/2026\/03\/Untitled-2.png","width":600,"height":338,"caption":"Climate Master"},"image":{"@id":"https:\/\/climatemaster.ge\/#\/schema\/logo\/image\/"}}]}},"_links":{"self":[{"href":"https:\/\/climatemaster.ge\/az\/wp-json\/wp\/v2\/product\/33392","targetHints":{"allow":["GET"]}}],"collection":[{"href":"https:\/\/climatemaster.ge\/az\/wp-json\/wp\/v2\/product"}],"about":[{"href":"https:\/\/climatemaster.ge\/az\/wp-json\/wp\/v2\/types\/product"}],"wp:featuredmedia":[{"embeddable":true,"href":"https:\/\/climatemaster.ge\/az\/wp-json\/wp\/v2\/media\/33387"}],"wp:attachment":[{"href":"https:\/\/climatemaster.ge\/az\/wp-json\/wp\/v2\/media?parent=33392"}],"wp:term":[{"taxonomy":"product_brand","embeddable":true,"href":"https:\/\/climatemaster.ge\/az\/wp-json\/wp\/v2\/product_brand?post=33392"},{"taxonomy":"product_cat","embeddable":true,"href":"https:\/\/climatemaster.ge\/az\/wp-json\/wp\/v2\/product_cat?post=33392"},{"taxonomy":"product_tag","embeddable":true,"href":"https:\/\/climatemaster.ge\/az\/wp-json\/wp\/v2\/product_tag?post=33392"}],"curies":[{"name":"wp","href":"https:\/\/api.w.org\/{rel}","templated":true}]}}