{"id":33353,"date":"2025-05-25T16:29:37","date_gmt":"2025-05-25T12:29:37","guid":{"rendered":"https:\/\/airsystems.ge\/shop\/product\/nh3-dual-discharge-unit-cooler\/"},"modified":"2025-05-25T16:32:44","modified_gmt":"2025-05-25T12:32:44","slug":"nh3-dual-discharge-unit-cooler","status":"publish","type":"product","link":"https:\/\/climatemaster.ge\/az\/product\/nh3-dual-discharge-unit-cooler\/","title":{"rendered":"NH3 \u0130kili bo\u015faltma qur\u011fusu soyuducu"},"content":{"rendered":"<div class=\"elementor-element elementor-element-391e72ec elementor-widget elementor-widget-theme-post-content\" data-id=\"391e72ec\" data-element_type=\"widget\" data-widget_type=\"theme-post-content.default\">\n<div class=\"elementor-widget-container\">\n<p>X\u00fcsusiyy\u0259tl\u0259r<\/p>\n<p>Boru h\u0259nd\u0259s\u0259si. \u0130ki h\u0259nd\u0259si m\u00f6vcuddur: 5\/8\u2033 boru 50\u00d750 x\u0259tt v\u0259 7\/8\u2033 boru 65,43 x 56,66 pill\u0259li<br \/>\nBoru material\u0131. Paslanmayan polad AISI 304 (v\u0259 ya AISI 316 t\u0259l\u0259b \u00fczr\u0259)<br \/>\nAl\u00fcminium qanadlar. \u0130ste\u011fe ba\u011fl\u0131 olaraq, onlar epoksi qoruyucu il\u0259 maqnezium al\u00fcminium v\u0259 ya al\u00fcminiumdan haz\u0131rlana bil\u0259r<br \/>\nPaslanmayan polad vintl\u0259r<br \/>\nA\u011f termo-lakl\u0131 al\u00fcminium korpus<br \/>\n\u00c7\u0131xar\u0131lan yan \u00f6rt\u00fckl\u0259r. So\u011futucu birl\u0259\u015fm\u0259l\u0259r\u0259 asan giri\u015f<br \/>\nKondensasiyan\u0131n qar\u015f\u0131s\u0131n\u0131 almaq \u00fc\u00e7\u00fcn standart olaraq poliuretanla izolyasiya edilmi\u015fdir. Tamamil\u0259 GRP-d\u0259n (fiberglasla g\u00fccl\u0259ndirilmi\u015f polyester) haz\u0131rlanm\u0131\u015f qab, y\u00fcng\u00fcl v\u0259 davaml\u0131 material, s\u0259rt, korroziyaya davaml\u0131 v\u0259 yax\u015f\u0131 istilik, akustik v\u0259 elektrik izolyatorudur.<br \/>\nModeld\u0259n as\u0131l\u0131 olaraq IP54 v\u0259 ya IP55 m\u00fch\u0259rrikli ErP Ready eksenel fanatlar; motorun termokontaktlarla qorunmas\u0131<br \/>\nAvadanl\u0131q t\u0259zyiqli v\u0259 Schrader + klapanlar\u0131 il\u0259 \u00e7atd\u0131r\u0131l\u0131r<\/p>\n<p>Aksesuarlar<\/p>\n<p>\u00c7ekm\u0259 klapan qura\u015fd\u0131r\u0131lm\u0131\u015f qabda isti qaz\u0131n \u0259rim\u0259si (iste\u011fe ba\u011fl\u0131)<br \/>\nSuyun \u0259rim\u0259si<br \/>\nBobin v\u0259\/v\u0259 ya nim\u00e7\u0259d\u0259 elektrik \u0259rim\u0259si<br \/>\nQar\u0131\u015f\u0131q defrost<br \/>\nFanlar \u00fcz\u0259rind\u0259 q\u0131zd\u0131r\u0131c\u0131 \u00fcz\u00fckl\u0259r<br \/>\nX\u00fcsusi m\u00fch\u0259rrikl\u0259r<br \/>\nEC azarke\u015fl\u0259ri<br \/>\nQar\u0131\u015f\u0131q qanadl\u0131 add\u0131mlar<br \/>\nEpoksi il\u0259 qorunan t\u0259b\u0259q\u0259l\u0259r<br \/>\nPaslanmayan polad korpus<br \/>\nT\u0259nziml\u0259n\u0259n dayaq ayaqlar\u0131 (avadanl\u0131\u011f\u0131n relsl\u0259r\u0259 qura\u015fd\u0131r\u0131lmas\u0131 \u00fc\u00e7\u00fcn)<\/p>\n<\/div>\n<\/div>\n<div class=\"elementor-element elementor-element-427e8a79 e-flex e-con-boxed e-con e-child\" data-id=\"427e8a79\" data-element_type=\"container\">\n<div class=\"e-con-inner\">\n<div class=\"elementor-element elementor-element-6e19ed90 hidebutton mc-bl elementor-align-left elementor-widget elementor-widget-button\" data-id=\"6e19ed90\" data-element_type=\"widget\" data-widget_type=\"button.default\">\n<div class=\"elementor-widget-container\">\n<div class=\"elementor-button-wrapper\"><a class=\"elementor-button elementor-button-link elementor-size-sm\" href=\"https:\/\/www.enextechnologies.com\/wp-content\/uploads\/2024\/09\/One-Pager-NH3-DUAL-DISCHARGE-UNIT-COOLER-ED-ENG.pdf\" target=\"_blank\" rel=\"noopener\"><span class=\"elementor-button-content-wrapper\"><span class=\"elementor-button-text\">ONE PAGER<\/span><\/span><\/a><\/div>\n<\/div>\n<\/div>\n<\/div>\n<\/div>\n","protected":false},"excerpt":{"rendered":"<div class=\"elementor-element elementor-element-f80f489 elementor-widget elementor-widget-heading\" data-id=\"f80f489\" data-element_type=\"widget\" data-widget_type=\"heading.default\">\n<div class=\"elementor-widget-container\">\n<div class=\"elementor-heading-title elementor-size-default\">\n<p>ED: \u0130kili bo\u015falma NH3 v\u0259 duzlu su soyuducular\u0131<br \/>\nED ikili ax\u0131d\u0131c\u0131 hava soyuducular\u0131 havan\u0131 hava paylay\u0131r ki, qaralamalar yaratmadan kamera boyunca homojen soyutma t\u0259min etsin. ED seriyas\u0131 havan\u0131n vahid paylanmas\u0131n\u0131n vacib oldu\u011fu kameralarda v\u0259 ya d\u0259hlizl\u0259rd\u0259 (uzun otaqlar) qura\u015fd\u0131r\u0131lmas\u0131 \u00fc\u00e7\u00fcn n\u0259z\u0259rd\u0259 tutulmu\u015fdur<\/p>\n<p>Paslanmayan polad borular v\u0259 al\u00fcminium qanadlarla (StSt\/Al) istehsal olunur. B\u00fct\u00fcn soyuducularla (NH\u2083, CO\u2082, qlikol, HFC v\u0259 s.) uy\u011fun g\u0259lir. 1-d\u0259n 5-\u0259 q\u0259d\u0259r eksenel fanatlar\u0131n modul dizayn\u0131 (\u00d8350, 450, 500, 560, 630). Fin add\u0131m\u0131: 4-4,5-5-6-7-8-9-10-11-12 mm.<\/p>\n<p>ED seriyal\u0131 buxarland\u0131r\u0131c\u0131lar su basm\u0131\u015f NH\u2083 sisteml\u0259ri (h\u0259m pompalanan, h\u0259m d\u0259 cazib\u0259 q\u00fcvv\u0259si) \u00fc\u00e7\u00fcn x\u00fcsusi olaraq n\u0259z\u0259rd\u0259 tutulmu\u015f ikili atq\u0131l\u0131 s\u0259naye buxarland\u0131r\u0131c\u0131lar\u0131d\u0131r. ED buxarland\u0131r\u0131c\u0131lar\u0131m\u0131z\u0131n m\u00f6hk\u0259m konstruksiyas\u0131 y\u00fcks\u0259k performans v\u0259 korroziyaya qar\u015f\u0131 y\u00fcks\u0259k m\u00fcqavim\u0259t t\u0259klif edir.<\/p>\n<p>Meyv\u0259-t\u0259r\u0259v\u0259z, bal\u0131q v\u0259 \u0259t s\u0259nayesind\u0259 dondurulmu\u015f kameralar, soyuducu v\u0259 konservl\u0259\u015fdirm\u0259 kameralar\u0131 v\u0259 qida s\u0259nayesind\u0259 paylama m\u0259rk\u0259zl\u0259ri \u00fc\u00e7\u00fcn birba\u015fa t\u0259tbiq olunur. F\u0259rdi h\u0259ll\u0259rd\u0259 t\u0259tbiq \u00fc\u00e7\u00fcn y\u00fcks\u0259k d\u0259r\u0259c\u0259d\u0259 \u00e7evikliy\u0259 malik standart buxarland\u0131r\u0131c\u0131lar\u0131n \u00e7e\u015fidi.<\/p>\n<\/div>\n<\/div>\n<\/div>\n","protected":false},"featured_media":33348,"template":"","meta":[],"product_brand":[],"product_cat":[1643,875],"product_tag":[],"class_list":{"0":"post-33353","1":"product","2":"type-product","3":"status-publish","4":"has-post-thumbnail","6":"product_cat-buxarlandirici","7":"product_cat-snaye-az-kondisionerlr","9":"first","10":"instock","11":"shipping-taxable","12":"product-type-simple"},"yoast_head":"<!-- This site is optimized with the Yoast SEO plugin v27.1.1 - https:\/\/yoast.com\/product\/yoast-seo-wordpress\/ -->\n<title>NH3 \u0130kili bo\u015faltma qur\u011fusu soyuducu - Climate Master<\/title>\n<meta name=\"robots\" content=\"index, follow, max-snippet:-1, max-image-preview:large, max-video-preview:-1\" \/>\n<link rel=\"canonical\" href=\"https:\/\/climatemaster.ge\/az\/product\/nh3-dual-discharge-unit-cooler\/\" \/>\n<meta property=\"og:locale\" content=\"az_AZ\" \/>\n<meta property=\"og:type\" content=\"article\" \/>\n<meta property=\"og:title\" content=\"NH3 \u0130kili bo\u015faltma qur\u011fusu soyuducu - Climate Master\" \/>\n<meta property=\"og:description\" content=\"ED: \u0130kili bo\u015falma NH3 v\u0259 duzlu su soyuducular\u0131 ED ikili ax\u0131d\u0131c\u0131 hava soyuducular\u0131 havan\u0131 hava paylay\u0131r ki, qaralamalar yaratmadan kamera boyunca homojen soyutma t\u0259min etsin. ED seriyas\u0131 havan\u0131n vahid paylanmas\u0131n\u0131n vacib oldu\u011fu kameralarda v\u0259 ya d\u0259hlizl\u0259rd\u0259 (uzun otaqlar) qura\u015fd\u0131r\u0131lmas\u0131 \u00fc\u00e7\u00fcn n\u0259z\u0259rd\u0259 tutulmu\u015fdur  Paslanmayan polad borular v\u0259 al\u00fcminium qanadlarla (StSt\/Al) istehsal olunur. B\u00fct\u00fcn soyuducularla (NH\u2083, CO\u2082, qlikol, HFC v\u0259 s.) uy\u011fun g\u0259lir. 1-d\u0259n 5-\u0259 q\u0259d\u0259r eksenel fanatlar\u0131n modul dizayn\u0131 (\u00d8350, 450, 500, 560, 630). Fin add\u0131m\u0131: 4-4,5-5-6-7-8-9-10-11-12 mm.  ED seriyal\u0131 buxarland\u0131r\u0131c\u0131lar su basm\u0131\u015f NH\u2083 sisteml\u0259ri (h\u0259m pompalanan, h\u0259m d\u0259 cazib\u0259 q\u00fcvv\u0259si) \u00fc\u00e7\u00fcn x\u00fcsusi olaraq n\u0259z\u0259rd\u0259 tutulmu\u015f ikili atq\u0131l\u0131 s\u0259naye buxarland\u0131r\u0131c\u0131lar\u0131d\u0131r. ED buxarland\u0131r\u0131c\u0131lar\u0131m\u0131z\u0131n m\u00f6hk\u0259m konstruksiyas\u0131 y\u00fcks\u0259k performans v\u0259 korroziyaya qar\u015f\u0131 y\u00fcks\u0259k m\u00fcqavim\u0259t t\u0259klif edir.  Meyv\u0259-t\u0259r\u0259v\u0259z, bal\u0131q v\u0259 \u0259t s\u0259nayesind\u0259 dondurulmu\u015f kameralar, soyuducu v\u0259 konservl\u0259\u015fdirm\u0259 kameralar\u0131 v\u0259 qida s\u0259nayesind\u0259 paylama m\u0259rk\u0259zl\u0259ri \u00fc\u00e7\u00fcn birba\u015fa t\u0259tbiq olunur. F\u0259rdi h\u0259ll\u0259rd\u0259 t\u0259tbiq \u00fc\u00e7\u00fcn y\u00fcks\u0259k d\u0259r\u0259c\u0259d\u0259 \u00e7evikliy\u0259 malik standart buxarland\u0131r\u0131c\u0131lar\u0131n \u00e7e\u015fidi.\" \/>\n<meta property=\"og:url\" content=\"https:\/\/climatemaster.ge\/az\/product\/nh3-dual-discharge-unit-cooler\/\" \/>\n<meta property=\"og:site_name\" content=\"Climate Master\" \/>\n<meta property=\"article:modified_time\" content=\"2025-05-25T12:32:44+00:00\" \/>\n<meta property=\"og:image\" content=\"https:\/\/climatemaster.ge\/wp-content\/uploads\/2025\/05\/Industrial-Dual-Discharge-Evaporators-StStAl_senzal-qdd9iplrwd14df8zaynxsjk4zvmqakh900a795oeno.png\" \/>\n\t<meta property=\"og:image:width\" content=\"700\" \/>\n\t<meta property=\"og:image:height\" content=\"466\" \/>\n\t<meta property=\"og:image:type\" content=\"image\/png\" \/>\n<meta name=\"twitter:card\" content=\"summary_large_image\" \/>\n<meta name=\"twitter:label1\" content=\"Est. reading time\" \/>\n\t<meta name=\"twitter:data1\" content=\"1 minute\" \/>\n<script type=\"application\/ld+json\" class=\"yoast-schema-graph\">{\"@context\":\"https:\/\/schema.org\",\"@graph\":[{\"@type\":\"WebPage\",\"@id\":\"https:\/\/climatemaster.ge\/az\/product\/nh3-dual-discharge-unit-cooler\/\",\"url\":\"https:\/\/climatemaster.ge\/az\/product\/nh3-dual-discharge-unit-cooler\/\",\"name\":\"NH3 \u0130kili bo\u015faltma qur\u011fusu soyuducu - Climate Master\",\"isPartOf\":{\"@id\":\"https:\/\/climatemaster.ge\/#website\"},\"primaryImageOfPage\":{\"@id\":\"https:\/\/climatemaster.ge\/az\/product\/nh3-dual-discharge-unit-cooler\/#primaryimage\"},\"image\":{\"@id\":\"https:\/\/climatemaster.ge\/az\/product\/nh3-dual-discharge-unit-cooler\/#primaryimage\"},\"thumbnailUrl\":\"https:\/\/climatemaster.ge\/wp-content\/uploads\/2025\/05\/Industrial-Dual-Discharge-Evaporators-StStAl_senzal-qdd9iplrwd14df8zaynxsjk4zvmqakh900a795oeno.png\",\"datePublished\":\"2025-05-25T12:29:37+00:00\",\"dateModified\":\"2025-05-25T12:32:44+00:00\",\"breadcrumb\":{\"@id\":\"https:\/\/climatemaster.ge\/az\/product\/nh3-dual-discharge-unit-cooler\/#breadcrumb\"},\"inLanguage\":\"az\",\"potentialAction\":[{\"@type\":\"ReadAction\",\"target\":[\"https:\/\/climatemaster.ge\/az\/product\/nh3-dual-discharge-unit-cooler\/\"]}]},{\"@type\":\"ImageObject\",\"inLanguage\":\"az\",\"@id\":\"https:\/\/climatemaster.ge\/az\/product\/nh3-dual-discharge-unit-cooler\/#primaryimage\",\"url\":\"https:\/\/climatemaster.ge\/wp-content\/uploads\/2025\/05\/Industrial-Dual-Discharge-Evaporators-StStAl_senzal-qdd9iplrwd14df8zaynxsjk4zvmqakh900a795oeno.png\",\"contentUrl\":\"https:\/\/climatemaster.ge\/wp-content\/uploads\/2025\/05\/Industrial-Dual-Discharge-Evaporators-StStAl_senzal-qdd9iplrwd14df8zaynxsjk4zvmqakh900a795oeno.png\",\"width\":700,\"height\":466},{\"@type\":\"BreadcrumbList\",\"@id\":\"https:\/\/climatemaster.ge\/az\/product\/nh3-dual-discharge-unit-cooler\/#breadcrumb\",\"itemListElement\":[{\"@type\":\"ListItem\",\"position\":1,\"name\":\"Home\",\"item\":\"https:\/\/climatemaster.ge\/\"},{\"@type\":\"ListItem\",\"position\":2,\"name\":\"M\u0259hsullar\",\"item\":\"https:\/\/climatemaster.ge\/products\/\"},{\"@type\":\"ListItem\",\"position\":3,\"name\":\"NH3 \u0130kili bo\u015faltma qur\u011fusu soyuducu\"}]},{\"@type\":\"WebSite\",\"@id\":\"https:\/\/climatemaster.ge\/#website\",\"url\":\"https:\/\/climatemaster.ge\/\",\"name\":\"Climate Master\",\"description\":\"\",\"publisher\":{\"@id\":\"https:\/\/climatemaster.ge\/#organization\"},\"potentialAction\":[{\"@type\":\"SearchAction\",\"target\":{\"@type\":\"EntryPoint\",\"urlTemplate\":\"https:\/\/climatemaster.ge\/?s={search_term_string}\"},\"query-input\":{\"@type\":\"PropertyValueSpecification\",\"valueRequired\":true,\"valueName\":\"search_term_string\"}}],\"inLanguage\":\"az\"},{\"@type\":\"Organization\",\"@id\":\"https:\/\/climatemaster.ge\/#organization\",\"name\":\"Climate Master\",\"url\":\"https:\/\/climatemaster.ge\/\",\"logo\":{\"@type\":\"ImageObject\",\"inLanguage\":\"az\",\"@id\":\"https:\/\/climatemaster.ge\/#\/schema\/logo\/image\/\",\"url\":\"https:\/\/climatemaster.ge\/wp-content\/uploads\/2026\/03\/Untitled-2.png\",\"contentUrl\":\"https:\/\/climatemaster.ge\/wp-content\/uploads\/2026\/03\/Untitled-2.png\",\"width\":600,\"height\":338,\"caption\":\"Climate Master\"},\"image\":{\"@id\":\"https:\/\/climatemaster.ge\/#\/schema\/logo\/image\/\"}}]}<\/script>\n<!-- \/ Yoast SEO plugin. -->","yoast_head_json":{"title":"NH3 \u0130kili bo\u015faltma qur\u011fusu soyuducu - Climate Master","robots":{"index":"index","follow":"follow","max-snippet":"max-snippet:-1","max-image-preview":"max-image-preview:large","max-video-preview":"max-video-preview:-1"},"canonical":"https:\/\/climatemaster.ge\/az\/product\/nh3-dual-discharge-unit-cooler\/","og_locale":"az_AZ","og_type":"article","og_title":"NH3 \u0130kili bo\u015faltma qur\u011fusu soyuducu - Climate Master","og_description":"ED: \u0130kili bo\u015falma NH3 v\u0259 duzlu su soyuducular\u0131 ED ikili ax\u0131d\u0131c\u0131 hava soyuducular\u0131 havan\u0131 hava paylay\u0131r ki, qaralamalar yaratmadan kamera boyunca homojen soyutma t\u0259min etsin. ED seriyas\u0131 havan\u0131n vahid paylanmas\u0131n\u0131n vacib oldu\u011fu kameralarda v\u0259 ya d\u0259hlizl\u0259rd\u0259 (uzun otaqlar) qura\u015fd\u0131r\u0131lmas\u0131 \u00fc\u00e7\u00fcn n\u0259z\u0259rd\u0259 tutulmu\u015fdur  Paslanmayan polad borular v\u0259 al\u00fcminium qanadlarla (StSt\/Al) istehsal olunur. B\u00fct\u00fcn soyuducularla (NH\u2083, CO\u2082, qlikol, HFC v\u0259 s.) uy\u011fun g\u0259lir. 1-d\u0259n 5-\u0259 q\u0259d\u0259r eksenel fanatlar\u0131n modul dizayn\u0131 (\u00d8350, 450, 500, 560, 630). Fin add\u0131m\u0131: 4-4,5-5-6-7-8-9-10-11-12 mm.  ED seriyal\u0131 buxarland\u0131r\u0131c\u0131lar su basm\u0131\u015f NH\u2083 sisteml\u0259ri (h\u0259m pompalanan, h\u0259m d\u0259 cazib\u0259 q\u00fcvv\u0259si) \u00fc\u00e7\u00fcn x\u00fcsusi olaraq n\u0259z\u0259rd\u0259 tutulmu\u015f ikili atq\u0131l\u0131 s\u0259naye buxarland\u0131r\u0131c\u0131lar\u0131d\u0131r. ED buxarland\u0131r\u0131c\u0131lar\u0131m\u0131z\u0131n m\u00f6hk\u0259m konstruksiyas\u0131 y\u00fcks\u0259k performans v\u0259 korroziyaya qar\u015f\u0131 y\u00fcks\u0259k m\u00fcqavim\u0259t t\u0259klif edir.  Meyv\u0259-t\u0259r\u0259v\u0259z, bal\u0131q v\u0259 \u0259t s\u0259nayesind\u0259 dondurulmu\u015f kameralar, soyuducu v\u0259 konservl\u0259\u015fdirm\u0259 kameralar\u0131 v\u0259 qida s\u0259nayesind\u0259 paylama m\u0259rk\u0259zl\u0259ri \u00fc\u00e7\u00fcn birba\u015fa t\u0259tbiq olunur. F\u0259rdi h\u0259ll\u0259rd\u0259 t\u0259tbiq \u00fc\u00e7\u00fcn y\u00fcks\u0259k d\u0259r\u0259c\u0259d\u0259 \u00e7evikliy\u0259 malik standart buxarland\u0131r\u0131c\u0131lar\u0131n \u00e7e\u015fidi.","og_url":"https:\/\/climatemaster.ge\/az\/product\/nh3-dual-discharge-unit-cooler\/","og_site_name":"Climate Master","article_modified_time":"2025-05-25T12:32:44+00:00","og_image":[{"width":700,"height":466,"url":"https:\/\/climatemaster.ge\/wp-content\/uploads\/2025\/05\/Industrial-Dual-Discharge-Evaporators-StStAl_senzal-qdd9iplrwd14df8zaynxsjk4zvmqakh900a795oeno.png","type":"image\/png"}],"twitter_card":"summary_large_image","twitter_misc":{"Est. reading time":"1 minute"},"schema":{"@context":"https:\/\/schema.org","@graph":[{"@type":"WebPage","@id":"https:\/\/climatemaster.ge\/az\/product\/nh3-dual-discharge-unit-cooler\/","url":"https:\/\/climatemaster.ge\/az\/product\/nh3-dual-discharge-unit-cooler\/","name":"NH3 \u0130kili bo\u015faltma qur\u011fusu soyuducu - Climate Master","isPartOf":{"@id":"https:\/\/climatemaster.ge\/#website"},"primaryImageOfPage":{"@id":"https:\/\/climatemaster.ge\/az\/product\/nh3-dual-discharge-unit-cooler\/#primaryimage"},"image":{"@id":"https:\/\/climatemaster.ge\/az\/product\/nh3-dual-discharge-unit-cooler\/#primaryimage"},"thumbnailUrl":"https:\/\/climatemaster.ge\/wp-content\/uploads\/2025\/05\/Industrial-Dual-Discharge-Evaporators-StStAl_senzal-qdd9iplrwd14df8zaynxsjk4zvmqakh900a795oeno.png","datePublished":"2025-05-25T12:29:37+00:00","dateModified":"2025-05-25T12:32:44+00:00","breadcrumb":{"@id":"https:\/\/climatemaster.ge\/az\/product\/nh3-dual-discharge-unit-cooler\/#breadcrumb"},"inLanguage":"az","potentialAction":[{"@type":"ReadAction","target":["https:\/\/climatemaster.ge\/az\/product\/nh3-dual-discharge-unit-cooler\/"]}]},{"@type":"ImageObject","inLanguage":"az","@id":"https:\/\/climatemaster.ge\/az\/product\/nh3-dual-discharge-unit-cooler\/#primaryimage","url":"https:\/\/climatemaster.ge\/wp-content\/uploads\/2025\/05\/Industrial-Dual-Discharge-Evaporators-StStAl_senzal-qdd9iplrwd14df8zaynxsjk4zvmqakh900a795oeno.png","contentUrl":"https:\/\/climatemaster.ge\/wp-content\/uploads\/2025\/05\/Industrial-Dual-Discharge-Evaporators-StStAl_senzal-qdd9iplrwd14df8zaynxsjk4zvmqakh900a795oeno.png","width":700,"height":466},{"@type":"BreadcrumbList","@id":"https:\/\/climatemaster.ge\/az\/product\/nh3-dual-discharge-unit-cooler\/#breadcrumb","itemListElement":[{"@type":"ListItem","position":1,"name":"Home","item":"https:\/\/climatemaster.ge\/"},{"@type":"ListItem","position":2,"name":"M\u0259hsullar","item":"https:\/\/climatemaster.ge\/products\/"},{"@type":"ListItem","position":3,"name":"NH3 \u0130kili bo\u015faltma qur\u011fusu soyuducu"}]},{"@type":"WebSite","@id":"https:\/\/climatemaster.ge\/#website","url":"https:\/\/climatemaster.ge\/","name":"Climate Master","description":"","publisher":{"@id":"https:\/\/climatemaster.ge\/#organization"},"potentialAction":[{"@type":"SearchAction","target":{"@type":"EntryPoint","urlTemplate":"https:\/\/climatemaster.ge\/?s={search_term_string}"},"query-input":{"@type":"PropertyValueSpecification","valueRequired":true,"valueName":"search_term_string"}}],"inLanguage":"az"},{"@type":"Organization","@id":"https:\/\/climatemaster.ge\/#organization","name":"Climate Master","url":"https:\/\/climatemaster.ge\/","logo":{"@type":"ImageObject","inLanguage":"az","@id":"https:\/\/climatemaster.ge\/#\/schema\/logo\/image\/","url":"https:\/\/climatemaster.ge\/wp-content\/uploads\/2026\/03\/Untitled-2.png","contentUrl":"https:\/\/climatemaster.ge\/wp-content\/uploads\/2026\/03\/Untitled-2.png","width":600,"height":338,"caption":"Climate Master"},"image":{"@id":"https:\/\/climatemaster.ge\/#\/schema\/logo\/image\/"}}]}},"_links":{"self":[{"href":"https:\/\/climatemaster.ge\/az\/wp-json\/wp\/v2\/product\/33353","targetHints":{"allow":["GET"]}}],"collection":[{"href":"https:\/\/climatemaster.ge\/az\/wp-json\/wp\/v2\/product"}],"about":[{"href":"https:\/\/climatemaster.ge\/az\/wp-json\/wp\/v2\/types\/product"}],"wp:featuredmedia":[{"embeddable":true,"href":"https:\/\/climatemaster.ge\/az\/wp-json\/wp\/v2\/media\/33348"}],"wp:attachment":[{"href":"https:\/\/climatemaster.ge\/az\/wp-json\/wp\/v2\/media?parent=33353"}],"wp:term":[{"taxonomy":"product_brand","embeddable":true,"href":"https:\/\/climatemaster.ge\/az\/wp-json\/wp\/v2\/product_brand?post=33353"},{"taxonomy":"product_cat","embeddable":true,"href":"https:\/\/climatemaster.ge\/az\/wp-json\/wp\/v2\/product_cat?post=33353"},{"taxonomy":"product_tag","embeddable":true,"href":"https:\/\/climatemaster.ge\/az\/wp-json\/wp\/v2\/product_tag?post=33353"}],"curies":[{"name":"wp","href":"https:\/\/api.w.org\/{rel}","templated":true}]}}