{"id":33326,"date":"2025-05-25T16:19:42","date_gmt":"2025-05-25T12:19:42","guid":{"rendered":"https:\/\/airsystems.ge\/shop\/product\/cubic-unit-cooler-oc-bc-cubic-co2-and-brine-unit-coolers\/"},"modified":"2025-05-25T16:22:02","modified_gmt":"2025-05-25T12:22:02","slug":"cubic-unit-cooler-oc-bc-cubic-co2-and-brine-unit-coolers","status":"publish","type":"product","link":"https:\/\/climatemaster.ge\/az\/product\/cubic-unit-cooler-oc-bc-cubic-co2-and-brine-unit-coolers\/","title":{"rendered":"Kub vahid soyuducu  OC\/BC: Kub CO2 v\u0259 duzlu su vahidi soyuducular\u0131"},"content":{"rendered":"","protected":false},"excerpt":{"rendered":"<div class=\"elementor-element elementor-element-f80f489 elementor-widget elementor-widget-heading\" data-id=\"f80f489\" data-element_type=\"widget\" data-widget_type=\"heading.default\">\n<div class=\"elementor-widget-container\">\n<div class=\"elementor-heading-title elementor-size-default\">\n<p>2 kVt-dan 20 kVt-a q\u0259d\u0259r soyutma g\u00fcc\u00fc<\/p>\n<p>ENEX-in kub b\u00f6lm\u0259l\u0259ri soyutma v\u0259 dondurma t\u0259tbiql\u0259ri \u00fc\u00e7\u00fcn ki\u00e7ik v\u0259 orta soyuq otaqlar \u00fc\u00e7\u00fcn ideald\u0131r. Onlar y\u00fcks\u0259k dayan\u0131ql\u0131 R744 birba\u015fa geni\u015fl\u0259ndirm\u0259 sistemi v\u0259 ya duzlu su d\u00f6ng\u0259si il\u0259 istifad\u0259 edil\u0259 bil\u0259r.<\/p>\n<p>X\u00fcsusiyy\u0259tl\u0259r<\/p>\n<p>Qapaql\u0131 rulon: Yivli mis borular (3\/8&#8243; \u00d8) v\u0259 CUPROCLIMA\u00ae spesifikasiyas\u0131na uy\u011fun olaraq haz\u0131rlanm\u0131\u015f b\u00fczm\u0259li al\u00fcminium qanadlarla tikilmi\u015fdir.<br \/>\nFanlar: Standart olaraq AC fan m\u00fch\u0259rrikl\u0259ri il\u0259 t\u0259chiz edilmi\u015fdir.<br \/>\nEksenel t\u0259k fazal\u0131 m\u00fch\u0259rrikl\u0259r (230V I 50\/60Hz)<br \/>\nErP Direktivin\u0259 uy\u011fundur. \u00d8 250\/350 mm<br \/>\nKorpus: Ekstremal ekoloji \u015f\u0259raitd\u0259 bel\u0259 korroziyaya qar\u015f\u0131 y\u00fcks\u0259k qorunma \u00fc\u00e7\u00fcn \u0259vv\u0259lc\u0259d\u0259n r\u0259ngl\u0259nmi\u015f al\u00fcminium. Korpus \u0259n s\u0259rt qida gigiyena standartlar\u0131na uy\u011fundur<br \/>\nDizayn t\u0259zyiqi: PS=60-80bar PT=86-115bar<\/p>\n<\/div>\n<\/div>\n<\/div>\n","protected":false},"featured_media":33320,"template":"","meta":[],"product_brand":[],"product_cat":[1643,875],"product_tag":[],"class_list":{"0":"post-33326","1":"product","2":"type-product","3":"status-publish","4":"has-post-thumbnail","6":"product_cat-buxarlandirici","7":"product_cat-snaye-az-kondisionerlr","9":"first","10":"instock","11":"shipping-taxable","12":"product-type-simple"},"yoast_head":"<!-- This site is optimized with the Yoast SEO plugin v27.1.1 - https:\/\/yoast.com\/product\/yoast-seo-wordpress\/ -->\n<title>Kub vahid soyuducu OC\/BC: Kub CO2 v\u0259 duzlu su vahidi soyuducular\u0131 - Climate Master<\/title>\n<meta name=\"robots\" content=\"index, follow, max-snippet:-1, max-image-preview:large, max-video-preview:-1\" \/>\n<link rel=\"canonical\" href=\"https:\/\/climatemaster.ge\/az\/product\/cubic-unit-cooler-oc-bc-cubic-co2-and-brine-unit-coolers\/\" \/>\n<meta property=\"og:locale\" content=\"az_AZ\" \/>\n<meta property=\"og:type\" content=\"article\" \/>\n<meta property=\"og:title\" content=\"Kub vahid soyuducu OC\/BC: Kub CO2 v\u0259 duzlu su vahidi soyuducular\u0131 - Climate Master\" \/>\n<meta property=\"og:description\" content=\"2 kVt-dan 20 kVt-a q\u0259d\u0259r soyutma g\u00fcc\u00fc  ENEX-in kub b\u00f6lm\u0259l\u0259ri soyutma v\u0259 dondurma t\u0259tbiql\u0259ri \u00fc\u00e7\u00fcn ki\u00e7ik v\u0259 orta soyuq otaqlar \u00fc\u00e7\u00fcn ideald\u0131r. Onlar y\u00fcks\u0259k dayan\u0131ql\u0131 R744 birba\u015fa geni\u015fl\u0259ndirm\u0259 sistemi v\u0259 ya duzlu su d\u00f6ng\u0259si il\u0259 istifad\u0259 edil\u0259 bil\u0259r.  X\u00fcsusiyy\u0259tl\u0259r  Qapaql\u0131 rulon: Yivli mis borular (3\/8&quot; \u00d8) v\u0259 CUPROCLIMA\u00ae spesifikasiyas\u0131na uy\u011fun olaraq haz\u0131rlanm\u0131\u015f b\u00fczm\u0259li al\u00fcminium qanadlarla tikilmi\u015fdir. Fanlar: Standart olaraq AC fan m\u00fch\u0259rrikl\u0259ri il\u0259 t\u0259chiz edilmi\u015fdir. Eksenel t\u0259k fazal\u0131 m\u00fch\u0259rrikl\u0259r (230V I 50\/60Hz) ErP Direktivin\u0259 uy\u011fundur. \u00d8 250\/350 mm Korpus: Ekstremal ekoloji \u015f\u0259raitd\u0259 bel\u0259 korroziyaya qar\u015f\u0131 y\u00fcks\u0259k qorunma \u00fc\u00e7\u00fcn \u0259vv\u0259lc\u0259d\u0259n r\u0259ngl\u0259nmi\u015f al\u00fcminium. Korpus \u0259n s\u0259rt qida gigiyena standartlar\u0131na uy\u011fundur Dizayn t\u0259zyiqi: PS=60-80bar PT=86-115bar\" \/>\n<meta property=\"og:url\" content=\"https:\/\/climatemaster.ge\/az\/product\/cubic-unit-cooler-oc-bc-cubic-co2-and-brine-unit-coolers\/\" \/>\n<meta property=\"og:site_name\" content=\"Climate Master\" \/>\n<meta property=\"article:modified_time\" content=\"2025-05-25T12:22:02+00:00\" \/>\n<meta property=\"og:image\" content=\"https:\/\/climatemaster.ge\/wp-content\/uploads\/2025\/05\/CUBIC-UNIT-COOLER-scaled.png\" \/>\n\t<meta property=\"og:image:width\" content=\"2560\" \/>\n\t<meta property=\"og:image:height\" content=\"1706\" \/>\n\t<meta property=\"og:image:type\" content=\"image\/png\" \/>\n<meta name=\"twitter:card\" content=\"summary_large_image\" \/>\n<script type=\"application\/ld+json\" class=\"yoast-schema-graph\">{\"@context\":\"https:\/\/schema.org\",\"@graph\":[{\"@type\":\"WebPage\",\"@id\":\"https:\/\/climatemaster.ge\/az\/product\/cubic-unit-cooler-oc-bc-cubic-co2-and-brine-unit-coolers\/\",\"url\":\"https:\/\/climatemaster.ge\/az\/product\/cubic-unit-cooler-oc-bc-cubic-co2-and-brine-unit-coolers\/\",\"name\":\"Kub vahid soyuducu OC\/BC: Kub CO2 v\u0259 duzlu su vahidi soyuducular\u0131 - Climate Master\",\"isPartOf\":{\"@id\":\"https:\/\/climatemaster.ge\/#website\"},\"primaryImageOfPage\":{\"@id\":\"https:\/\/climatemaster.ge\/az\/product\/cubic-unit-cooler-oc-bc-cubic-co2-and-brine-unit-coolers\/#primaryimage\"},\"image\":{\"@id\":\"https:\/\/climatemaster.ge\/az\/product\/cubic-unit-cooler-oc-bc-cubic-co2-and-brine-unit-coolers\/#primaryimage\"},\"thumbnailUrl\":\"https:\/\/climatemaster.ge\/wp-content\/uploads\/2025\/05\/CUBIC-UNIT-COOLER-scaled.png\",\"datePublished\":\"2025-05-25T12:19:42+00:00\",\"dateModified\":\"2025-05-25T12:22:02+00:00\",\"breadcrumb\":{\"@id\":\"https:\/\/climatemaster.ge\/az\/product\/cubic-unit-cooler-oc-bc-cubic-co2-and-brine-unit-coolers\/#breadcrumb\"},\"inLanguage\":\"az\",\"potentialAction\":[{\"@type\":\"ReadAction\",\"target\":[\"https:\/\/climatemaster.ge\/az\/product\/cubic-unit-cooler-oc-bc-cubic-co2-and-brine-unit-coolers\/\"]}]},{\"@type\":\"ImageObject\",\"inLanguage\":\"az\",\"@id\":\"https:\/\/climatemaster.ge\/az\/product\/cubic-unit-cooler-oc-bc-cubic-co2-and-brine-unit-coolers\/#primaryimage\",\"url\":\"https:\/\/climatemaster.ge\/wp-content\/uploads\/2025\/05\/CUBIC-UNIT-COOLER-scaled.png\",\"contentUrl\":\"https:\/\/climatemaster.ge\/wp-content\/uploads\/2025\/05\/CUBIC-UNIT-COOLER-scaled.png\",\"width\":2560,\"height\":1706},{\"@type\":\"BreadcrumbList\",\"@id\":\"https:\/\/climatemaster.ge\/az\/product\/cubic-unit-cooler-oc-bc-cubic-co2-and-brine-unit-coolers\/#breadcrumb\",\"itemListElement\":[{\"@type\":\"ListItem\",\"position\":1,\"name\":\"Home\",\"item\":\"https:\/\/climatemaster.ge\/\"},{\"@type\":\"ListItem\",\"position\":2,\"name\":\"M\u0259hsullar\",\"item\":\"https:\/\/climatemaster.ge\/products\/\"},{\"@type\":\"ListItem\",\"position\":3,\"name\":\"Kub vahid soyuducu OC\/BC: Kub CO2 v\u0259 duzlu su vahidi soyuducular\u0131\"}]},{\"@type\":\"WebSite\",\"@id\":\"https:\/\/climatemaster.ge\/#website\",\"url\":\"https:\/\/climatemaster.ge\/\",\"name\":\"Climate Master\",\"description\":\"\",\"publisher\":{\"@id\":\"https:\/\/climatemaster.ge\/#organization\"},\"potentialAction\":[{\"@type\":\"SearchAction\",\"target\":{\"@type\":\"EntryPoint\",\"urlTemplate\":\"https:\/\/climatemaster.ge\/?s={search_term_string}\"},\"query-input\":{\"@type\":\"PropertyValueSpecification\",\"valueRequired\":true,\"valueName\":\"search_term_string\"}}],\"inLanguage\":\"az\"},{\"@type\":\"Organization\",\"@id\":\"https:\/\/climatemaster.ge\/#organization\",\"name\":\"Climate Master\",\"url\":\"https:\/\/climatemaster.ge\/\",\"logo\":{\"@type\":\"ImageObject\",\"inLanguage\":\"az\",\"@id\":\"https:\/\/climatemaster.ge\/#\/schema\/logo\/image\/\",\"url\":\"https:\/\/climatemaster.ge\/wp-content\/uploads\/2026\/03\/Untitled-2.png\",\"contentUrl\":\"https:\/\/climatemaster.ge\/wp-content\/uploads\/2026\/03\/Untitled-2.png\",\"width\":600,\"height\":338,\"caption\":\"Climate Master\"},\"image\":{\"@id\":\"https:\/\/climatemaster.ge\/#\/schema\/logo\/image\/\"}}]}<\/script>\n<!-- \/ Yoast SEO plugin. -->","yoast_head_json":{"title":"Kub vahid soyuducu OC\/BC: Kub CO2 v\u0259 duzlu su vahidi soyuducular\u0131 - Climate Master","robots":{"index":"index","follow":"follow","max-snippet":"max-snippet:-1","max-image-preview":"max-image-preview:large","max-video-preview":"max-video-preview:-1"},"canonical":"https:\/\/climatemaster.ge\/az\/product\/cubic-unit-cooler-oc-bc-cubic-co2-and-brine-unit-coolers\/","og_locale":"az_AZ","og_type":"article","og_title":"Kub vahid soyuducu OC\/BC: Kub CO2 v\u0259 duzlu su vahidi soyuducular\u0131 - Climate Master","og_description":"2 kVt-dan 20 kVt-a q\u0259d\u0259r soyutma g\u00fcc\u00fc  ENEX-in kub b\u00f6lm\u0259l\u0259ri soyutma v\u0259 dondurma t\u0259tbiql\u0259ri \u00fc\u00e7\u00fcn ki\u00e7ik v\u0259 orta soyuq otaqlar \u00fc\u00e7\u00fcn ideald\u0131r. Onlar y\u00fcks\u0259k dayan\u0131ql\u0131 R744 birba\u015fa geni\u015fl\u0259ndirm\u0259 sistemi v\u0259 ya duzlu su d\u00f6ng\u0259si il\u0259 istifad\u0259 edil\u0259 bil\u0259r.  X\u00fcsusiyy\u0259tl\u0259r  Qapaql\u0131 rulon: Yivli mis borular (3\/8\" \u00d8) v\u0259 CUPROCLIMA\u00ae spesifikasiyas\u0131na uy\u011fun olaraq haz\u0131rlanm\u0131\u015f b\u00fczm\u0259li al\u00fcminium qanadlarla tikilmi\u015fdir. Fanlar: Standart olaraq AC fan m\u00fch\u0259rrikl\u0259ri il\u0259 t\u0259chiz edilmi\u015fdir. Eksenel t\u0259k fazal\u0131 m\u00fch\u0259rrikl\u0259r (230V I 50\/60Hz) ErP Direktivin\u0259 uy\u011fundur. \u00d8 250\/350 mm Korpus: Ekstremal ekoloji \u015f\u0259raitd\u0259 bel\u0259 korroziyaya qar\u015f\u0131 y\u00fcks\u0259k qorunma \u00fc\u00e7\u00fcn \u0259vv\u0259lc\u0259d\u0259n r\u0259ngl\u0259nmi\u015f al\u00fcminium. Korpus \u0259n s\u0259rt qida gigiyena standartlar\u0131na uy\u011fundur Dizayn t\u0259zyiqi: PS=60-80bar PT=86-115bar","og_url":"https:\/\/climatemaster.ge\/az\/product\/cubic-unit-cooler-oc-bc-cubic-co2-and-brine-unit-coolers\/","og_site_name":"Climate Master","article_modified_time":"2025-05-25T12:22:02+00:00","og_image":[{"width":2560,"height":1706,"url":"https:\/\/climatemaster.ge\/wp-content\/uploads\/2025\/05\/CUBIC-UNIT-COOLER-scaled.png","type":"image\/png"}],"twitter_card":"summary_large_image","schema":{"@context":"https:\/\/schema.org","@graph":[{"@type":"WebPage","@id":"https:\/\/climatemaster.ge\/az\/product\/cubic-unit-cooler-oc-bc-cubic-co2-and-brine-unit-coolers\/","url":"https:\/\/climatemaster.ge\/az\/product\/cubic-unit-cooler-oc-bc-cubic-co2-and-brine-unit-coolers\/","name":"Kub vahid soyuducu OC\/BC: Kub CO2 v\u0259 duzlu su vahidi soyuducular\u0131 - Climate Master","isPartOf":{"@id":"https:\/\/climatemaster.ge\/#website"},"primaryImageOfPage":{"@id":"https:\/\/climatemaster.ge\/az\/product\/cubic-unit-cooler-oc-bc-cubic-co2-and-brine-unit-coolers\/#primaryimage"},"image":{"@id":"https:\/\/climatemaster.ge\/az\/product\/cubic-unit-cooler-oc-bc-cubic-co2-and-brine-unit-coolers\/#primaryimage"},"thumbnailUrl":"https:\/\/climatemaster.ge\/wp-content\/uploads\/2025\/05\/CUBIC-UNIT-COOLER-scaled.png","datePublished":"2025-05-25T12:19:42+00:00","dateModified":"2025-05-25T12:22:02+00:00","breadcrumb":{"@id":"https:\/\/climatemaster.ge\/az\/product\/cubic-unit-cooler-oc-bc-cubic-co2-and-brine-unit-coolers\/#breadcrumb"},"inLanguage":"az","potentialAction":[{"@type":"ReadAction","target":["https:\/\/climatemaster.ge\/az\/product\/cubic-unit-cooler-oc-bc-cubic-co2-and-brine-unit-coolers\/"]}]},{"@type":"ImageObject","inLanguage":"az","@id":"https:\/\/climatemaster.ge\/az\/product\/cubic-unit-cooler-oc-bc-cubic-co2-and-brine-unit-coolers\/#primaryimage","url":"https:\/\/climatemaster.ge\/wp-content\/uploads\/2025\/05\/CUBIC-UNIT-COOLER-scaled.png","contentUrl":"https:\/\/climatemaster.ge\/wp-content\/uploads\/2025\/05\/CUBIC-UNIT-COOLER-scaled.png","width":2560,"height":1706},{"@type":"BreadcrumbList","@id":"https:\/\/climatemaster.ge\/az\/product\/cubic-unit-cooler-oc-bc-cubic-co2-and-brine-unit-coolers\/#breadcrumb","itemListElement":[{"@type":"ListItem","position":1,"name":"Home","item":"https:\/\/climatemaster.ge\/"},{"@type":"ListItem","position":2,"name":"M\u0259hsullar","item":"https:\/\/climatemaster.ge\/products\/"},{"@type":"ListItem","position":3,"name":"Kub vahid soyuducu OC\/BC: Kub CO2 v\u0259 duzlu su vahidi soyuducular\u0131"}]},{"@type":"WebSite","@id":"https:\/\/climatemaster.ge\/#website","url":"https:\/\/climatemaster.ge\/","name":"Climate Master","description":"","publisher":{"@id":"https:\/\/climatemaster.ge\/#organization"},"potentialAction":[{"@type":"SearchAction","target":{"@type":"EntryPoint","urlTemplate":"https:\/\/climatemaster.ge\/?s={search_term_string}"},"query-input":{"@type":"PropertyValueSpecification","valueRequired":true,"valueName":"search_term_string"}}],"inLanguage":"az"},{"@type":"Organization","@id":"https:\/\/climatemaster.ge\/#organization","name":"Climate Master","url":"https:\/\/climatemaster.ge\/","logo":{"@type":"ImageObject","inLanguage":"az","@id":"https:\/\/climatemaster.ge\/#\/schema\/logo\/image\/","url":"https:\/\/climatemaster.ge\/wp-content\/uploads\/2026\/03\/Untitled-2.png","contentUrl":"https:\/\/climatemaster.ge\/wp-content\/uploads\/2026\/03\/Untitled-2.png","width":600,"height":338,"caption":"Climate Master"},"image":{"@id":"https:\/\/climatemaster.ge\/#\/schema\/logo\/image\/"}}]}},"_links":{"self":[{"href":"https:\/\/climatemaster.ge\/az\/wp-json\/wp\/v2\/product\/33326","targetHints":{"allow":["GET"]}}],"collection":[{"href":"https:\/\/climatemaster.ge\/az\/wp-json\/wp\/v2\/product"}],"about":[{"href":"https:\/\/climatemaster.ge\/az\/wp-json\/wp\/v2\/types\/product"}],"wp:featuredmedia":[{"embeddable":true,"href":"https:\/\/climatemaster.ge\/az\/wp-json\/wp\/v2\/media\/33320"}],"wp:attachment":[{"href":"https:\/\/climatemaster.ge\/az\/wp-json\/wp\/v2\/media?parent=33326"}],"wp:term":[{"taxonomy":"product_brand","embeddable":true,"href":"https:\/\/climatemaster.ge\/az\/wp-json\/wp\/v2\/product_brand?post=33326"},{"taxonomy":"product_cat","embeddable":true,"href":"https:\/\/climatemaster.ge\/az\/wp-json\/wp\/v2\/product_cat?post=33326"},{"taxonomy":"product_tag","embeddable":true,"href":"https:\/\/climatemaster.ge\/az\/wp-json\/wp\/v2\/product_tag?post=33326"}],"curies":[{"name":"wp","href":"https:\/\/api.w.org\/{rel}","templated":true}]}}