{"id":33299,"date":"2025-05-25T16:10:09","date_gmt":"2025-05-25T12:10:09","guid":{"rendered":"https:\/\/airsystems.ge\/shop\/product\/cubic-compact-unit-cooler\/"},"modified":"2025-05-25T16:12:22","modified_gmt":"2025-05-25T12:12:22","slug":"cubic-compact-unit-cooler","status":"publish","type":"product","link":"https:\/\/climatemaster.ge\/az\/product\/cubic-compact-unit-cooler\/","title":{"rendered":"Kub kompakt soyuducu"},"content":{"rendered":"<div id=\"page\" class=\"site\">\n<div id=\"content\" class=\"site-content\" data-mobile-menu-resolution=\"868\">\n<div class=\"elementor elementor-15803 elementor-location-single post-17708 product type-product status-publish has-post-thumbnail hentry\" data-elementor-type=\"single-post\" data-elementor-id=\"15803\" data-elementor-post-type=\"elementor_library\">\n<div class=\"elementor-element elementor-element-4182285c e-con-full e-flex e-con e-parent e-lazyloaded\" data-id=\"4182285c\" data-element_type=\"container\">\n<div class=\"elementor-element elementor-element-27029276 e-con-full e-flex e-con e-child\" data-id=\"27029276\" data-element_type=\"container\">\n<div class=\"elementor-element elementor-element-427e8a79 e-flex e-con-boxed e-con e-child\" data-id=\"427e8a79\" data-element_type=\"container\">\n<div class=\"e-con-inner\">\n<div class=\"elementor-element elementor-element-6e19ed90 hidebutton mc-bl elementor-align-left elementor-widget elementor-widget-button\" data-id=\"6e19ed90\" data-element_type=\"widget\" data-widget_type=\"button.default\">\n<div class=\"elementor-widget-container\">\n<div class=\"elementor-button-wrapper\"><a class=\"elementor-button elementor-button-link elementor-size-sm\" href=\"https:\/\/www.enextechnologies.com\/wp-content\/uploads\/2024\/09\/One-Pager-CUBIC-UNIT-COOLER-OC-BC-ENG.pdf\" target=\"_blank\" rel=\"noopener\"><span class=\"elementor-button-content-wrapper\"><span class=\"elementor-button-text\">ONE PAGER<\/span><\/span><\/a><\/div>\n<\/div>\n<\/div>\n<div class=\"elementor-element elementor-element-13f5f820 hidebutton mc-bl elementor-align-left elementor-widget elementor-widget-button\" data-id=\"13f5f820\" data-element_type=\"widget\" data-widget_type=\"button.default\">\n<div class=\"elementor-widget-container\">\n<div class=\"elementor-button-wrapper\"><\/div>\n<\/div>\n<\/div>\n<div class=\"elementor-element elementor-element-269c3349 hidebutton mc-bl elementor-align-left elementor-widget elementor-widget-button\" data-id=\"269c3349\" data-element_type=\"widget\" data-widget_type=\"button.default\">\n<div class=\"elementor-widget-container\">\n<div class=\"elementor-button-wrapper\"><\/div>\n<\/div>\n<\/div>\n<div class=\"elementor-element elementor-element-650600af hidebutton mc-bl elementor-align-left elementor-widget elementor-widget-button\" data-id=\"650600af\" data-element_type=\"widget\" data-widget_type=\"button.default\">\n<div class=\"elementor-widget-container\">\n<div class=\"elementor-button-wrapper\"><\/div>\n<\/div>\n<\/div>\n<div class=\"elementor-element elementor-element-31c5280e hidebutton mc-bl elementor-align-left elementor-widget elementor-widget-button\" data-id=\"31c5280e\" data-element_type=\"widget\" data-widget_type=\"button.default\">\n<div class=\"elementor-widget-container\">\n<div class=\"elementor-button-wrapper\"><\/div>\n<\/div>\n<\/div>\n<\/div>\n<\/div>\n<\/div>\n<\/div>\n<\/div>\n<\/div>\n<\/div>\n<div class=\"clb-popup container-loading custom-popup hidden\">\n<div class=\"close-bar\"><\/div>\n<div class=\"clb-popup-holder\"><\/div>\n<\/div>\n<div class=\"wpc-filters-overlay\"><\/div>\n","protected":false},"excerpt":{"rendered":"<div class=\"elementor-element elementor-element-f80f489 elementor-widget elementor-widget-heading\" data-id=\"f80f489\" data-element_type=\"widget\" data-widget_type=\"heading.default\">\n<div class=\"elementor-widget-container\">\n<div class=\"elementor-heading-title elementor-size-default\">\n<p>OC \/ BC: Kub CO2 v\u0259 duzlu su vahidi soyuducular\u0131<br \/>\nOC<br \/>\nENEX-in kub b\u00f6lm\u0259l\u0259ri soyutma v\u0259 dondurma t\u0259tbiql\u0259ri \u00fc\u00e7\u00fcn ki\u00e7ik v\u0259 orta soyuq otaqlar \u00fc\u00e7\u00fcn ideald\u0131r. Onlar y\u00fcks\u0259k dayan\u0131ql\u0131 R744 birba\u015fa geni\u015fl\u0259ndirm\u0259 sistemi v\u0259 ya duzlu su d\u00f6ng\u0259si il\u0259 istifad\u0259 edil\u0259 bil\u0259r.<\/p>\n<p>X\u00dcSUS\u0130YY\u018fTL\u018fR\u0130<\/p>\n<p>Qapaql\u0131 rulon: Yivli mis borular (3\/8&#8243; \u00d8) v\u0259 CUPROCLIMA\u00ae spesifikasiyas\u0131na uy\u011fun olaraq haz\u0131rlanm\u0131\u015f b\u00fczm\u0259li al\u00fcminium qanadlarla tikilmi\u015fdir.<br \/>\nFanlar: Standart olaraq AC fan m\u00fch\u0259rrikl\u0259ri il\u0259 t\u0259chiz edilmi\u015fdir<br \/>\nEksenel t\u0259k fazal\u0131 m\u00fch\u0259rrikl\u0259r (230V I 50\/60Hz)<br \/>\nErP Direktivin\u0259 uy\u011fundur. \u00d8 250\/350 mm<br \/>\nKorpus: Ekstremal ekoloji \u015f\u0259raitd\u0259 bel\u0259 korroziyaya qar\u015f\u0131 y\u00fcks\u0259k qorunma \u00fc\u00e7\u00fcn \u0259vv\u0259lc\u0259d\u0259n r\u0259ngl\u0259nmi\u015f al\u00fcminium. Korpus \u0259n s\u0259rt qida gigiyena standartlar\u0131na uy\u011fundur<br \/>\nDizayn t\u0259zyiqi: PS=60-80bar PT=86-115bar<\/p>\n<\/div>\n<\/div>\n<\/div>\n","protected":false},"featured_media":33294,"template":"","meta":[],"product_brand":[],"product_cat":[1643,875],"product_tag":[],"class_list":{"0":"post-33299","1":"product","2":"type-product","3":"status-publish","4":"has-post-thumbnail","6":"product_cat-buxarlandirici","7":"product_cat-snaye-az-kondisionerlr","9":"first","10":"instock","11":"shipping-taxable","12":"product-type-simple"},"yoast_head":"<!-- This site is optimized with the Yoast SEO plugin v27.1.1 - https:\/\/yoast.com\/product\/yoast-seo-wordpress\/ -->\n<title>Kub kompakt soyuducu - Climate Master<\/title>\n<meta name=\"robots\" content=\"index, follow, max-snippet:-1, max-image-preview:large, max-video-preview:-1\" \/>\n<link rel=\"canonical\" href=\"https:\/\/climatemaster.ge\/az\/product\/cubic-compact-unit-cooler\/\" \/>\n<meta property=\"og:locale\" content=\"az_AZ\" \/>\n<meta property=\"og:type\" content=\"article\" \/>\n<meta property=\"og:title\" content=\"Kub kompakt soyuducu - Climate Master\" \/>\n<meta property=\"og:description\" content=\"OC \/ BC: Kub CO2 v\u0259 duzlu su vahidi soyuducular\u0131 OC ENEX-in kub b\u00f6lm\u0259l\u0259ri soyutma v\u0259 dondurma t\u0259tbiql\u0259ri \u00fc\u00e7\u00fcn ki\u00e7ik v\u0259 orta soyuq otaqlar \u00fc\u00e7\u00fcn ideald\u0131r. Onlar y\u00fcks\u0259k dayan\u0131ql\u0131 R744 birba\u015fa geni\u015fl\u0259ndirm\u0259 sistemi v\u0259 ya duzlu su d\u00f6ng\u0259si il\u0259 istifad\u0259 edil\u0259 bil\u0259r.  X\u00dcSUS\u0130YY\u018fTL\u018fR\u0130  Qapaql\u0131 rulon: Yivli mis borular (3\/8&quot; \u00d8) v\u0259 CUPROCLIMA\u00ae spesifikasiyas\u0131na uy\u011fun olaraq haz\u0131rlanm\u0131\u015f b\u00fczm\u0259li al\u00fcminium qanadlarla tikilmi\u015fdir. Fanlar: Standart olaraq AC fan m\u00fch\u0259rrikl\u0259ri il\u0259 t\u0259chiz edilmi\u015fdir Eksenel t\u0259k fazal\u0131 m\u00fch\u0259rrikl\u0259r (230V I 50\/60Hz) ErP Direktivin\u0259 uy\u011fundur. \u00d8 250\/350 mm Korpus: Ekstremal ekoloji \u015f\u0259raitd\u0259 bel\u0259 korroziyaya qar\u015f\u0131 y\u00fcks\u0259k qorunma \u00fc\u00e7\u00fcn \u0259vv\u0259lc\u0259d\u0259n r\u0259ngl\u0259nmi\u015f al\u00fcminium. Korpus \u0259n s\u0259rt qida gigiyena standartlar\u0131na uy\u011fundur Dizayn t\u0259zyiqi: PS=60-80bar PT=86-115bar\" \/>\n<meta property=\"og:url\" content=\"https:\/\/climatemaster.ge\/az\/product\/cubic-compact-unit-cooler\/\" \/>\n<meta property=\"og:site_name\" content=\"Climate Master\" \/>\n<meta property=\"article:modified_time\" content=\"2025-05-25T12:12:22+00:00\" \/>\n<meta property=\"og:image\" content=\"https:\/\/climatemaster.ge\/wp-content\/uploads\/2025\/05\/PS_cubic-compact.jpg\" \/>\n\t<meta property=\"og:image:width\" content=\"818\" \/>\n\t<meta property=\"og:image:height\" content=\"550\" \/>\n\t<meta property=\"og:image:type\" content=\"image\/jpeg\" \/>\n<meta name=\"twitter:card\" content=\"summary_large_image\" \/>\n<script type=\"application\/ld+json\" class=\"yoast-schema-graph\">{\"@context\":\"https:\/\/schema.org\",\"@graph\":[{\"@type\":\"WebPage\",\"@id\":\"https:\/\/climatemaster.ge\/az\/product\/cubic-compact-unit-cooler\/\",\"url\":\"https:\/\/climatemaster.ge\/az\/product\/cubic-compact-unit-cooler\/\",\"name\":\"Kub kompakt soyuducu - Climate Master\",\"isPartOf\":{\"@id\":\"https:\/\/climatemaster.ge\/#website\"},\"primaryImageOfPage\":{\"@id\":\"https:\/\/climatemaster.ge\/az\/product\/cubic-compact-unit-cooler\/#primaryimage\"},\"image\":{\"@id\":\"https:\/\/climatemaster.ge\/az\/product\/cubic-compact-unit-cooler\/#primaryimage\"},\"thumbnailUrl\":\"https:\/\/climatemaster.ge\/wp-content\/uploads\/2025\/05\/PS_cubic-compact.jpg\",\"datePublished\":\"2025-05-25T12:10:09+00:00\",\"dateModified\":\"2025-05-25T12:12:22+00:00\",\"breadcrumb\":{\"@id\":\"https:\/\/climatemaster.ge\/az\/product\/cubic-compact-unit-cooler\/#breadcrumb\"},\"inLanguage\":\"az\",\"potentialAction\":[{\"@type\":\"ReadAction\",\"target\":[\"https:\/\/climatemaster.ge\/az\/product\/cubic-compact-unit-cooler\/\"]}]},{\"@type\":\"ImageObject\",\"inLanguage\":\"az\",\"@id\":\"https:\/\/climatemaster.ge\/az\/product\/cubic-compact-unit-cooler\/#primaryimage\",\"url\":\"https:\/\/climatemaster.ge\/wp-content\/uploads\/2025\/05\/PS_cubic-compact.jpg\",\"contentUrl\":\"https:\/\/climatemaster.ge\/wp-content\/uploads\/2025\/05\/PS_cubic-compact.jpg\",\"width\":818,\"height\":550},{\"@type\":\"BreadcrumbList\",\"@id\":\"https:\/\/climatemaster.ge\/az\/product\/cubic-compact-unit-cooler\/#breadcrumb\",\"itemListElement\":[{\"@type\":\"ListItem\",\"position\":1,\"name\":\"Home\",\"item\":\"https:\/\/climatemaster.ge\/\"},{\"@type\":\"ListItem\",\"position\":2,\"name\":\"M\u0259hsullar\",\"item\":\"https:\/\/climatemaster.ge\/products\/\"},{\"@type\":\"ListItem\",\"position\":3,\"name\":\"Kub kompakt soyuducu\"}]},{\"@type\":\"WebSite\",\"@id\":\"https:\/\/climatemaster.ge\/#website\",\"url\":\"https:\/\/climatemaster.ge\/\",\"name\":\"Climate Master\",\"description\":\"\",\"publisher\":{\"@id\":\"https:\/\/climatemaster.ge\/#organization\"},\"potentialAction\":[{\"@type\":\"SearchAction\",\"target\":{\"@type\":\"EntryPoint\",\"urlTemplate\":\"https:\/\/climatemaster.ge\/?s={search_term_string}\"},\"query-input\":{\"@type\":\"PropertyValueSpecification\",\"valueRequired\":true,\"valueName\":\"search_term_string\"}}],\"inLanguage\":\"az\"},{\"@type\":\"Organization\",\"@id\":\"https:\/\/climatemaster.ge\/#organization\",\"name\":\"Climate Master\",\"url\":\"https:\/\/climatemaster.ge\/\",\"logo\":{\"@type\":\"ImageObject\",\"inLanguage\":\"az\",\"@id\":\"https:\/\/climatemaster.ge\/#\/schema\/logo\/image\/\",\"url\":\"https:\/\/climatemaster.ge\/wp-content\/uploads\/2026\/03\/Untitled-2.png\",\"contentUrl\":\"https:\/\/climatemaster.ge\/wp-content\/uploads\/2026\/03\/Untitled-2.png\",\"width\":600,\"height\":338,\"caption\":\"Climate Master\"},\"image\":{\"@id\":\"https:\/\/climatemaster.ge\/#\/schema\/logo\/image\/\"}}]}<\/script>\n<!-- \/ Yoast SEO plugin. -->","yoast_head_json":{"title":"Kub kompakt soyuducu - Climate Master","robots":{"index":"index","follow":"follow","max-snippet":"max-snippet:-1","max-image-preview":"max-image-preview:large","max-video-preview":"max-video-preview:-1"},"canonical":"https:\/\/climatemaster.ge\/az\/product\/cubic-compact-unit-cooler\/","og_locale":"az_AZ","og_type":"article","og_title":"Kub kompakt soyuducu - Climate Master","og_description":"OC \/ BC: Kub CO2 v\u0259 duzlu su vahidi soyuducular\u0131 OC ENEX-in kub b\u00f6lm\u0259l\u0259ri soyutma v\u0259 dondurma t\u0259tbiql\u0259ri \u00fc\u00e7\u00fcn ki\u00e7ik v\u0259 orta soyuq otaqlar \u00fc\u00e7\u00fcn ideald\u0131r. Onlar y\u00fcks\u0259k dayan\u0131ql\u0131 R744 birba\u015fa geni\u015fl\u0259ndirm\u0259 sistemi v\u0259 ya duzlu su d\u00f6ng\u0259si il\u0259 istifad\u0259 edil\u0259 bil\u0259r.  X\u00dcSUS\u0130YY\u018fTL\u018fR\u0130  Qapaql\u0131 rulon: Yivli mis borular (3\/8\" \u00d8) v\u0259 CUPROCLIMA\u00ae spesifikasiyas\u0131na uy\u011fun olaraq haz\u0131rlanm\u0131\u015f b\u00fczm\u0259li al\u00fcminium qanadlarla tikilmi\u015fdir. Fanlar: Standart olaraq AC fan m\u00fch\u0259rrikl\u0259ri il\u0259 t\u0259chiz edilmi\u015fdir Eksenel t\u0259k fazal\u0131 m\u00fch\u0259rrikl\u0259r (230V I 50\/60Hz) ErP Direktivin\u0259 uy\u011fundur. \u00d8 250\/350 mm Korpus: Ekstremal ekoloji \u015f\u0259raitd\u0259 bel\u0259 korroziyaya qar\u015f\u0131 y\u00fcks\u0259k qorunma \u00fc\u00e7\u00fcn \u0259vv\u0259lc\u0259d\u0259n r\u0259ngl\u0259nmi\u015f al\u00fcminium. Korpus \u0259n s\u0259rt qida gigiyena standartlar\u0131na uy\u011fundur Dizayn t\u0259zyiqi: PS=60-80bar PT=86-115bar","og_url":"https:\/\/climatemaster.ge\/az\/product\/cubic-compact-unit-cooler\/","og_site_name":"Climate Master","article_modified_time":"2025-05-25T12:12:22+00:00","og_image":[{"width":818,"height":550,"url":"https:\/\/climatemaster.ge\/wp-content\/uploads\/2025\/05\/PS_cubic-compact.jpg","type":"image\/jpeg"}],"twitter_card":"summary_large_image","schema":{"@context":"https:\/\/schema.org","@graph":[{"@type":"WebPage","@id":"https:\/\/climatemaster.ge\/az\/product\/cubic-compact-unit-cooler\/","url":"https:\/\/climatemaster.ge\/az\/product\/cubic-compact-unit-cooler\/","name":"Kub kompakt soyuducu - Climate Master","isPartOf":{"@id":"https:\/\/climatemaster.ge\/#website"},"primaryImageOfPage":{"@id":"https:\/\/climatemaster.ge\/az\/product\/cubic-compact-unit-cooler\/#primaryimage"},"image":{"@id":"https:\/\/climatemaster.ge\/az\/product\/cubic-compact-unit-cooler\/#primaryimage"},"thumbnailUrl":"https:\/\/climatemaster.ge\/wp-content\/uploads\/2025\/05\/PS_cubic-compact.jpg","datePublished":"2025-05-25T12:10:09+00:00","dateModified":"2025-05-25T12:12:22+00:00","breadcrumb":{"@id":"https:\/\/climatemaster.ge\/az\/product\/cubic-compact-unit-cooler\/#breadcrumb"},"inLanguage":"az","potentialAction":[{"@type":"ReadAction","target":["https:\/\/climatemaster.ge\/az\/product\/cubic-compact-unit-cooler\/"]}]},{"@type":"ImageObject","inLanguage":"az","@id":"https:\/\/climatemaster.ge\/az\/product\/cubic-compact-unit-cooler\/#primaryimage","url":"https:\/\/climatemaster.ge\/wp-content\/uploads\/2025\/05\/PS_cubic-compact.jpg","contentUrl":"https:\/\/climatemaster.ge\/wp-content\/uploads\/2025\/05\/PS_cubic-compact.jpg","width":818,"height":550},{"@type":"BreadcrumbList","@id":"https:\/\/climatemaster.ge\/az\/product\/cubic-compact-unit-cooler\/#breadcrumb","itemListElement":[{"@type":"ListItem","position":1,"name":"Home","item":"https:\/\/climatemaster.ge\/"},{"@type":"ListItem","position":2,"name":"M\u0259hsullar","item":"https:\/\/climatemaster.ge\/products\/"},{"@type":"ListItem","position":3,"name":"Kub kompakt soyuducu"}]},{"@type":"WebSite","@id":"https:\/\/climatemaster.ge\/#website","url":"https:\/\/climatemaster.ge\/","name":"Climate Master","description":"","publisher":{"@id":"https:\/\/climatemaster.ge\/#organization"},"potentialAction":[{"@type":"SearchAction","target":{"@type":"EntryPoint","urlTemplate":"https:\/\/climatemaster.ge\/?s={search_term_string}"},"query-input":{"@type":"PropertyValueSpecification","valueRequired":true,"valueName":"search_term_string"}}],"inLanguage":"az"},{"@type":"Organization","@id":"https:\/\/climatemaster.ge\/#organization","name":"Climate Master","url":"https:\/\/climatemaster.ge\/","logo":{"@type":"ImageObject","inLanguage":"az","@id":"https:\/\/climatemaster.ge\/#\/schema\/logo\/image\/","url":"https:\/\/climatemaster.ge\/wp-content\/uploads\/2026\/03\/Untitled-2.png","contentUrl":"https:\/\/climatemaster.ge\/wp-content\/uploads\/2026\/03\/Untitled-2.png","width":600,"height":338,"caption":"Climate Master"},"image":{"@id":"https:\/\/climatemaster.ge\/#\/schema\/logo\/image\/"}}]}},"_links":{"self":[{"href":"https:\/\/climatemaster.ge\/az\/wp-json\/wp\/v2\/product\/33299","targetHints":{"allow":["GET"]}}],"collection":[{"href":"https:\/\/climatemaster.ge\/az\/wp-json\/wp\/v2\/product"}],"about":[{"href":"https:\/\/climatemaster.ge\/az\/wp-json\/wp\/v2\/types\/product"}],"wp:featuredmedia":[{"embeddable":true,"href":"https:\/\/climatemaster.ge\/az\/wp-json\/wp\/v2\/media\/33294"}],"wp:attachment":[{"href":"https:\/\/climatemaster.ge\/az\/wp-json\/wp\/v2\/media?parent=33299"}],"wp:term":[{"taxonomy":"product_brand","embeddable":true,"href":"https:\/\/climatemaster.ge\/az\/wp-json\/wp\/v2\/product_brand?post=33299"},{"taxonomy":"product_cat","embeddable":true,"href":"https:\/\/climatemaster.ge\/az\/wp-json\/wp\/v2\/product_cat?post=33299"},{"taxonomy":"product_tag","embeddable":true,"href":"https:\/\/climatemaster.ge\/az\/wp-json\/wp\/v2\/product_tag?post=33299"}],"curies":[{"name":"wp","href":"https:\/\/api.w.org\/{rel}","templated":true}]}}