{"id":33236,"date":"2025-05-25T15:44:04","date_gmt":"2025-05-25T11:44:04","guid":{"rendered":"https:\/\/airsystems.ge\/shop\/product\/dual-discharge\/"},"modified":"2025-05-25T15:46:55","modified_gmt":"2025-05-25T11:46:55","slug":"dual-discharge","status":"publish","type":"product","link":"https:\/\/climatemaster.ge\/az\/product\/dual-discharge\/","title":{"rendered":"\u0130kili bo\u015falma"},"content":{"rendered":"<div id=\"page\" class=\"site\">\n<div id=\"content\" class=\"site-content\" data-mobile-menu-resolution=\"868\">\n<div class=\"elementor elementor-15803 elementor-location-single post-14804 product type-product status-publish has-post-thumbnail hentry\" data-elementor-type=\"single-post\" data-elementor-id=\"15803\" data-elementor-post-type=\"elementor_library\">\n<div class=\"elementor-element elementor-element-4182285c e-con-full e-flex e-con e-parent e-lazyloaded\" data-id=\"4182285c\" data-element_type=\"container\">\n<div class=\"elementor-element elementor-element-27029276 e-con-full e-flex e-con e-child\" data-id=\"27029276\" data-element_type=\"container\">\n<div class=\"elementor-element elementor-element-427e8a79 e-flex e-con-boxed e-con e-child\" data-id=\"427e8a79\" data-element_type=\"container\">\n<div class=\"e-con-inner\">\n<div class=\"elementor-element elementor-element-6e19ed90 hidebutton mc-bl elementor-align-left elementor-widget elementor-widget-button\" data-id=\"6e19ed90\" data-element_type=\"widget\" data-widget_type=\"button.default\">\n<div class=\"elementor-widget-container\">\n<div class=\"elementor-button-wrapper\"><a class=\"elementor-button elementor-button-link elementor-size-sm\" href=\"https:\/\/www.enextechnologies.com\/wp-content\/uploads\/2024\/08\/XR-XC.pdf\" target=\"_blank\" rel=\"noopener\"><span class=\"elementor-button-content-wrapper\"><span class=\"elementor-button-text\">DOWNLOAD<\/span><\/span><\/a><\/div>\n<\/div>\n<\/div>\n<\/div>\n<\/div>\n<\/div>\n<\/div>\n<\/div>\n<\/div>\n<\/div>\n","protected":false},"excerpt":{"rendered":"<div class=\"elementor-element elementor-element-f80f489 elementor-widget elementor-widget-heading\" data-id=\"f80f489\" data-element_type=\"widget\" data-widget_type=\"heading.default\">\n<div class=\"elementor-widget-container\">\n<div class=\"elementor-heading-title elementor-size-default\">\n<p>XR &#8211; XC &#8211; \u0130kili Bo\u015faltma Buxarland\u0131r\u0131c\u0131s\u0131<br \/>\nXR &#8211; XC<br \/>\nKobol buxarland\u0131r\u0131c\u0131lar\u0131 0,7 kVt-dan 168,5 kVt-a q\u0259d\u0259r soyutma qabiliyy\u0259tin\u0259 z\u0259man\u0259t ver\u0259n h\u0259m ki\u00e7ik, h\u0259m d\u0259 s\u0259naye \u00f6l\u00e7\u00fcl\u00fc qur\u011fulara xidm\u0259t etm\u0259k \u00fc\u00e7\u00fcn haz\u0131rlanm\u0131\u015fd\u0131r. M\u00fc\u015ft\u0259ril\u0259r\u0259 h\u0259r bir soyutma seqmenti v\u0259 t\u0259tbiqi \u00fc\u00e7\u00fcn \u0259n yax\u015f\u0131 se\u00e7imi se\u00e7m\u0259kd\u0259 k\u00f6m\u0259k etm\u0259k \u00fc\u00e7\u00fcn 200-d\u0259n \u00e7ox model t\u0259klif edirik. B\u00fct\u00fcn buxarland\u0131r\u0131c\u0131lar\u0131m\u0131z ist\u0259nil\u0259n \u015f\u0259raitd\u0259 uzun i\u015fl\u0259m\u0259 m\u00fcdd\u0259tini v\u0259 y\u00fcks\u0259k performans\u0131 t\u0259min ed\u0259n y\u00fcks\u0259k keyfiyy\u0259tli komponentl\u0259rd\u0259n istifad\u0259 edir. B\u00f6lm\u0259l\u0259r korroziyaya qar\u015f\u0131 qorunur v\u0259 m\u00fcxt\u0259lif biti\u015fl\u0259rd\u0259 m\u00f6vcuddur. v\u0259 qlikollu su il\u0259 duzlu su soyuducular\u0131 v\u0259 CO\u2082 buxarland\u0131r\u0131c\u0131lar\u0131 \u00fc\u00e7\u00fcn i\u015fl\u0259m\u0259k \u00fc\u00e7\u00fcn dizayn edil\u0259 bil\u0259r.<\/p>\n<p>Bizim \u0130kili Bo\u015faltma \u00e7e\u015fidimiz soyutma v\u0259 dondurma t\u0259tbiql\u0259ri \u00fc\u00e7\u00fcn n\u0259z\u0259rd\u0259 tutulmu\u015fdur, iki pill\u0259li ventilyatorlu 12 modeld\u0259n ibar\u0259tdir, daha rahat sistem t\u0259min edir v\u0259 enerjiy\u0259 q\u0259na\u0259t\u0259 nail olur.<\/p>\n<\/div>\n<\/div>\n<\/div>\n","protected":false},"featured_media":33219,"template":"","meta":[],"product_brand":[],"product_cat":[1643,875],"product_tag":[],"class_list":{"0":"post-33236","1":"product","2":"type-product","3":"status-publish","4":"has-post-thumbnail","6":"product_cat-buxarlandirici","7":"product_cat-snaye-az-kondisionerlr","9":"first","10":"instock","11":"shipping-taxable","12":"product-type-simple"},"yoast_head":"<!-- This site is optimized with the Yoast SEO plugin v27.1.1 - https:\/\/yoast.com\/product\/yoast-seo-wordpress\/ -->\n<title>\u0130kili bo\u015falma - Climate Master<\/title>\n<meta name=\"robots\" content=\"index, follow, max-snippet:-1, max-image-preview:large, max-video-preview:-1\" \/>\n<link rel=\"canonical\" href=\"https:\/\/climatemaster.ge\/az\/product\/dual-discharge\/\" \/>\n<meta property=\"og:locale\" content=\"az_AZ\" \/>\n<meta property=\"og:type\" content=\"article\" \/>\n<meta property=\"og:title\" content=\"\u0130kili bo\u015falma - Climate Master\" \/>\n<meta property=\"og:description\" content=\"XR - XC - \u0130kili Bo\u015faltma Buxarland\u0131r\u0131c\u0131s\u0131 XR - XC Kobol buxarland\u0131r\u0131c\u0131lar\u0131 0,7 kVt-dan 168,5 kVt-a q\u0259d\u0259r soyutma qabiliyy\u0259tin\u0259 z\u0259man\u0259t ver\u0259n h\u0259m ki\u00e7ik, h\u0259m d\u0259 s\u0259naye \u00f6l\u00e7\u00fcl\u00fc qur\u011fulara xidm\u0259t etm\u0259k \u00fc\u00e7\u00fcn haz\u0131rlanm\u0131\u015fd\u0131r. M\u00fc\u015ft\u0259ril\u0259r\u0259 h\u0259r bir soyutma seqmenti v\u0259 t\u0259tbiqi \u00fc\u00e7\u00fcn \u0259n yax\u015f\u0131 se\u00e7imi se\u00e7m\u0259kd\u0259 k\u00f6m\u0259k etm\u0259k \u00fc\u00e7\u00fcn 200-d\u0259n \u00e7ox model t\u0259klif edirik. B\u00fct\u00fcn buxarland\u0131r\u0131c\u0131lar\u0131m\u0131z ist\u0259nil\u0259n \u015f\u0259raitd\u0259 uzun i\u015fl\u0259m\u0259 m\u00fcdd\u0259tini v\u0259 y\u00fcks\u0259k performans\u0131 t\u0259min ed\u0259n y\u00fcks\u0259k keyfiyy\u0259tli komponentl\u0259rd\u0259n istifad\u0259 edir. B\u00f6lm\u0259l\u0259r korroziyaya qar\u015f\u0131 qorunur v\u0259 m\u00fcxt\u0259lif biti\u015fl\u0259rd\u0259 m\u00f6vcuddur. v\u0259 qlikollu su il\u0259 duzlu su soyuducular\u0131 v\u0259 CO\u2082 buxarland\u0131r\u0131c\u0131lar\u0131 \u00fc\u00e7\u00fcn i\u015fl\u0259m\u0259k \u00fc\u00e7\u00fcn dizayn edil\u0259 bil\u0259r.  Bizim \u0130kili Bo\u015faltma \u00e7e\u015fidimiz soyutma v\u0259 dondurma t\u0259tbiql\u0259ri \u00fc\u00e7\u00fcn n\u0259z\u0259rd\u0259 tutulmu\u015fdur, iki pill\u0259li ventilyatorlu 12 modeld\u0259n ibar\u0259tdir, daha rahat sistem t\u0259min edir v\u0259 enerjiy\u0259 q\u0259na\u0259t\u0259 nail olur.\" \/>\n<meta property=\"og:url\" content=\"https:\/\/climatemaster.ge\/az\/product\/dual-discharge\/\" \/>\n<meta property=\"og:site_name\" content=\"Climate Master\" \/>\n<meta property=\"article:modified_time\" content=\"2025-05-25T11:46:55+00:00\" \/>\n<meta property=\"og:image\" content=\"https:\/\/climatemaster.ge\/wp-content\/uploads\/2025\/05\/doble_flujo_main.png\" \/>\n\t<meta property=\"og:image:width\" content=\"1280\" \/>\n\t<meta property=\"og:image:height\" content=\"508\" \/>\n\t<meta property=\"og:image:type\" content=\"image\/png\" \/>\n<meta name=\"twitter:card\" content=\"summary_large_image\" \/>\n<script type=\"application\/ld+json\" class=\"yoast-schema-graph\">{\"@context\":\"https:\/\/schema.org\",\"@graph\":[{\"@type\":\"WebPage\",\"@id\":\"https:\/\/climatemaster.ge\/az\/product\/dual-discharge\/\",\"url\":\"https:\/\/climatemaster.ge\/az\/product\/dual-discharge\/\",\"name\":\"\u0130kili bo\u015falma - Climate Master\",\"isPartOf\":{\"@id\":\"https:\/\/climatemaster.ge\/#website\"},\"primaryImageOfPage\":{\"@id\":\"https:\/\/climatemaster.ge\/az\/product\/dual-discharge\/#primaryimage\"},\"image\":{\"@id\":\"https:\/\/climatemaster.ge\/az\/product\/dual-discharge\/#primaryimage\"},\"thumbnailUrl\":\"https:\/\/climatemaster.ge\/wp-content\/uploads\/2025\/05\/doble_flujo_main.png\",\"datePublished\":\"2025-05-25T11:44:04+00:00\",\"dateModified\":\"2025-05-25T11:46:55+00:00\",\"breadcrumb\":{\"@id\":\"https:\/\/climatemaster.ge\/az\/product\/dual-discharge\/#breadcrumb\"},\"inLanguage\":\"az\",\"potentialAction\":[{\"@type\":\"ReadAction\",\"target\":[\"https:\/\/climatemaster.ge\/az\/product\/dual-discharge\/\"]}]},{\"@type\":\"ImageObject\",\"inLanguage\":\"az\",\"@id\":\"https:\/\/climatemaster.ge\/az\/product\/dual-discharge\/#primaryimage\",\"url\":\"https:\/\/climatemaster.ge\/wp-content\/uploads\/2025\/05\/doble_flujo_main.png\",\"contentUrl\":\"https:\/\/climatemaster.ge\/wp-content\/uploads\/2025\/05\/doble_flujo_main.png\",\"width\":1280,\"height\":508},{\"@type\":\"BreadcrumbList\",\"@id\":\"https:\/\/climatemaster.ge\/az\/product\/dual-discharge\/#breadcrumb\",\"itemListElement\":[{\"@type\":\"ListItem\",\"position\":1,\"name\":\"Home\",\"item\":\"https:\/\/climatemaster.ge\/\"},{\"@type\":\"ListItem\",\"position\":2,\"name\":\"M\u0259hsullar\",\"item\":\"https:\/\/climatemaster.ge\/products\/\"},{\"@type\":\"ListItem\",\"position\":3,\"name\":\"\u0130kili bo\u015falma\"}]},{\"@type\":\"WebSite\",\"@id\":\"https:\/\/climatemaster.ge\/#website\",\"url\":\"https:\/\/climatemaster.ge\/\",\"name\":\"Climate Master\",\"description\":\"\",\"publisher\":{\"@id\":\"https:\/\/climatemaster.ge\/#organization\"},\"potentialAction\":[{\"@type\":\"SearchAction\",\"target\":{\"@type\":\"EntryPoint\",\"urlTemplate\":\"https:\/\/climatemaster.ge\/?s={search_term_string}\"},\"query-input\":{\"@type\":\"PropertyValueSpecification\",\"valueRequired\":true,\"valueName\":\"search_term_string\"}}],\"inLanguage\":\"az\"},{\"@type\":\"Organization\",\"@id\":\"https:\/\/climatemaster.ge\/#organization\",\"name\":\"Climate Master\",\"url\":\"https:\/\/climatemaster.ge\/\",\"logo\":{\"@type\":\"ImageObject\",\"inLanguage\":\"az\",\"@id\":\"https:\/\/climatemaster.ge\/#\/schema\/logo\/image\/\",\"url\":\"https:\/\/climatemaster.ge\/wp-content\/uploads\/2026\/03\/Untitled-2.png\",\"contentUrl\":\"https:\/\/climatemaster.ge\/wp-content\/uploads\/2026\/03\/Untitled-2.png\",\"width\":600,\"height\":338,\"caption\":\"Climate Master\"},\"image\":{\"@id\":\"https:\/\/climatemaster.ge\/#\/schema\/logo\/image\/\"}}]}<\/script>\n<!-- \/ Yoast SEO plugin. -->","yoast_head_json":{"title":"\u0130kili bo\u015falma - Climate Master","robots":{"index":"index","follow":"follow","max-snippet":"max-snippet:-1","max-image-preview":"max-image-preview:large","max-video-preview":"max-video-preview:-1"},"canonical":"https:\/\/climatemaster.ge\/az\/product\/dual-discharge\/","og_locale":"az_AZ","og_type":"article","og_title":"\u0130kili bo\u015falma - Climate Master","og_description":"XR - XC - \u0130kili Bo\u015faltma Buxarland\u0131r\u0131c\u0131s\u0131 XR - XC Kobol buxarland\u0131r\u0131c\u0131lar\u0131 0,7 kVt-dan 168,5 kVt-a q\u0259d\u0259r soyutma qabiliyy\u0259tin\u0259 z\u0259man\u0259t ver\u0259n h\u0259m ki\u00e7ik, h\u0259m d\u0259 s\u0259naye \u00f6l\u00e7\u00fcl\u00fc qur\u011fulara xidm\u0259t etm\u0259k \u00fc\u00e7\u00fcn haz\u0131rlanm\u0131\u015fd\u0131r. M\u00fc\u015ft\u0259ril\u0259r\u0259 h\u0259r bir soyutma seqmenti v\u0259 t\u0259tbiqi \u00fc\u00e7\u00fcn \u0259n yax\u015f\u0131 se\u00e7imi se\u00e7m\u0259kd\u0259 k\u00f6m\u0259k etm\u0259k \u00fc\u00e7\u00fcn 200-d\u0259n \u00e7ox model t\u0259klif edirik. B\u00fct\u00fcn buxarland\u0131r\u0131c\u0131lar\u0131m\u0131z ist\u0259nil\u0259n \u015f\u0259raitd\u0259 uzun i\u015fl\u0259m\u0259 m\u00fcdd\u0259tini v\u0259 y\u00fcks\u0259k performans\u0131 t\u0259min ed\u0259n y\u00fcks\u0259k keyfiyy\u0259tli komponentl\u0259rd\u0259n istifad\u0259 edir. B\u00f6lm\u0259l\u0259r korroziyaya qar\u015f\u0131 qorunur v\u0259 m\u00fcxt\u0259lif biti\u015fl\u0259rd\u0259 m\u00f6vcuddur. v\u0259 qlikollu su il\u0259 duzlu su soyuducular\u0131 v\u0259 CO\u2082 buxarland\u0131r\u0131c\u0131lar\u0131 \u00fc\u00e7\u00fcn i\u015fl\u0259m\u0259k \u00fc\u00e7\u00fcn dizayn edil\u0259 bil\u0259r.  Bizim \u0130kili Bo\u015faltma \u00e7e\u015fidimiz soyutma v\u0259 dondurma t\u0259tbiql\u0259ri \u00fc\u00e7\u00fcn n\u0259z\u0259rd\u0259 tutulmu\u015fdur, iki pill\u0259li ventilyatorlu 12 modeld\u0259n ibar\u0259tdir, daha rahat sistem t\u0259min edir v\u0259 enerjiy\u0259 q\u0259na\u0259t\u0259 nail olur.","og_url":"https:\/\/climatemaster.ge\/az\/product\/dual-discharge\/","og_site_name":"Climate Master","article_modified_time":"2025-05-25T11:46:55+00:00","og_image":[{"width":1280,"height":508,"url":"https:\/\/climatemaster.ge\/wp-content\/uploads\/2025\/05\/doble_flujo_main.png","type":"image\/png"}],"twitter_card":"summary_large_image","schema":{"@context":"https:\/\/schema.org","@graph":[{"@type":"WebPage","@id":"https:\/\/climatemaster.ge\/az\/product\/dual-discharge\/","url":"https:\/\/climatemaster.ge\/az\/product\/dual-discharge\/","name":"\u0130kili bo\u015falma - Climate Master","isPartOf":{"@id":"https:\/\/climatemaster.ge\/#website"},"primaryImageOfPage":{"@id":"https:\/\/climatemaster.ge\/az\/product\/dual-discharge\/#primaryimage"},"image":{"@id":"https:\/\/climatemaster.ge\/az\/product\/dual-discharge\/#primaryimage"},"thumbnailUrl":"https:\/\/climatemaster.ge\/wp-content\/uploads\/2025\/05\/doble_flujo_main.png","datePublished":"2025-05-25T11:44:04+00:00","dateModified":"2025-05-25T11:46:55+00:00","breadcrumb":{"@id":"https:\/\/climatemaster.ge\/az\/product\/dual-discharge\/#breadcrumb"},"inLanguage":"az","potentialAction":[{"@type":"ReadAction","target":["https:\/\/climatemaster.ge\/az\/product\/dual-discharge\/"]}]},{"@type":"ImageObject","inLanguage":"az","@id":"https:\/\/climatemaster.ge\/az\/product\/dual-discharge\/#primaryimage","url":"https:\/\/climatemaster.ge\/wp-content\/uploads\/2025\/05\/doble_flujo_main.png","contentUrl":"https:\/\/climatemaster.ge\/wp-content\/uploads\/2025\/05\/doble_flujo_main.png","width":1280,"height":508},{"@type":"BreadcrumbList","@id":"https:\/\/climatemaster.ge\/az\/product\/dual-discharge\/#breadcrumb","itemListElement":[{"@type":"ListItem","position":1,"name":"Home","item":"https:\/\/climatemaster.ge\/"},{"@type":"ListItem","position":2,"name":"M\u0259hsullar","item":"https:\/\/climatemaster.ge\/products\/"},{"@type":"ListItem","position":3,"name":"\u0130kili bo\u015falma"}]},{"@type":"WebSite","@id":"https:\/\/climatemaster.ge\/#website","url":"https:\/\/climatemaster.ge\/","name":"Climate Master","description":"","publisher":{"@id":"https:\/\/climatemaster.ge\/#organization"},"potentialAction":[{"@type":"SearchAction","target":{"@type":"EntryPoint","urlTemplate":"https:\/\/climatemaster.ge\/?s={search_term_string}"},"query-input":{"@type":"PropertyValueSpecification","valueRequired":true,"valueName":"search_term_string"}}],"inLanguage":"az"},{"@type":"Organization","@id":"https:\/\/climatemaster.ge\/#organization","name":"Climate Master","url":"https:\/\/climatemaster.ge\/","logo":{"@type":"ImageObject","inLanguage":"az","@id":"https:\/\/climatemaster.ge\/#\/schema\/logo\/image\/","url":"https:\/\/climatemaster.ge\/wp-content\/uploads\/2026\/03\/Untitled-2.png","contentUrl":"https:\/\/climatemaster.ge\/wp-content\/uploads\/2026\/03\/Untitled-2.png","width":600,"height":338,"caption":"Climate Master"},"image":{"@id":"https:\/\/climatemaster.ge\/#\/schema\/logo\/image\/"}}]}},"_links":{"self":[{"href":"https:\/\/climatemaster.ge\/az\/wp-json\/wp\/v2\/product\/33236","targetHints":{"allow":["GET"]}}],"collection":[{"href":"https:\/\/climatemaster.ge\/az\/wp-json\/wp\/v2\/product"}],"about":[{"href":"https:\/\/climatemaster.ge\/az\/wp-json\/wp\/v2\/types\/product"}],"wp:featuredmedia":[{"embeddable":true,"href":"https:\/\/climatemaster.ge\/az\/wp-json\/wp\/v2\/media\/33219"}],"wp:attachment":[{"href":"https:\/\/climatemaster.ge\/az\/wp-json\/wp\/v2\/media?parent=33236"}],"wp:term":[{"taxonomy":"product_brand","embeddable":true,"href":"https:\/\/climatemaster.ge\/az\/wp-json\/wp\/v2\/product_brand?post=33236"},{"taxonomy":"product_cat","embeddable":true,"href":"https:\/\/climatemaster.ge\/az\/wp-json\/wp\/v2\/product_cat?post=33236"},{"taxonomy":"product_tag","embeddable":true,"href":"https:\/\/climatemaster.ge\/az\/wp-json\/wp\/v2\/product_tag?post=33236"}],"curies":[{"name":"wp","href":"https:\/\/api.w.org\/{rel}","templated":true}]}}