{"id":33188,"date":"2025-05-25T15:32:09","date_gmt":"2025-05-25T11:32:09","guid":{"rendered":"https:\/\/airsystems.ge\/shop\/product\/cubics-cr-cc\/"},"modified":"2025-05-25T15:35:36","modified_gmt":"2025-05-25T11:35:36","slug":"cubics-cr-cc","status":"publish","type":"product","link":"https:\/\/climatemaster.ge\/az\/product\/cubics-cr-cc\/","title":{"rendered":"Kubik (CR-CC)"},"content":{"rendered":"","protected":false},"excerpt":{"rendered":"<div class=\"elementor-element elementor-element-6799186e elementor-widget elementor-widget-heading\" data-id=\"6799186e\" data-element_type=\"widget\" data-widget_type=\"heading.default\">\n<div class=\"elementor-widget-container\">\n<div class=\"elementor-heading-title elementor-size-default\">\n<p>EC<br \/>\nKobol buxarland\u0131r\u0131c\u0131lar\u0131 0,7 kVt-dan 168,5 kVt-a q\u0259d\u0259r soyutma qabiliyy\u0259tin\u0259 z\u0259man\u0259t ver\u0259n h\u0259m ki\u00e7ik, h\u0259m d\u0259 s\u0259naye \u00f6l\u00e7\u00fcl\u00fc qur\u011fulara xidm\u0259t etm\u0259k \u00fc\u00e7\u00fcn haz\u0131rlanm\u0131\u015fd\u0131r. M\u00fc\u015ft\u0259ril\u0259r\u0259 h\u0259r bir soyutma seqmenti v\u0259 t\u0259tbiqi \u00fc\u00e7\u00fcn \u0259n yax\u015f\u0131 se\u00e7imi se\u00e7m\u0259kd\u0259 k\u00f6m\u0259k etm\u0259k \u00fc\u00e7\u00fcn 200-d\u0259n \u00e7ox model t\u0259klif edirik. B\u00fct\u00fcn buxarland\u0131r\u0131c\u0131lar\u0131m\u0131z ist\u0259nil\u0259n \u015f\u0259raitd\u0259 uzun i\u015fl\u0259m\u0259 m\u00fcdd\u0259tini v\u0259 y\u00fcks\u0259k performans\u0131 t\u0259min ed\u0259n y\u00fcks\u0259k keyfiyy\u0259tli komponentl\u0259rd\u0259n istifad\u0259 edir. B\u00f6lm\u0259l\u0259r korroziyaya qar\u015f\u0131 qorunur v\u0259 m\u00fcxt\u0259lif biti\u015fl\u0259rd\u0259 m\u00f6vcuddur. v\u0259 qlikollu su il\u0259 duzlu su soyuducular\u0131 v\u0259 CO\u2082 buxarland\u0131r\u0131c\u0131lar\u0131 \u00fc\u00e7\u00fcn i\u015fl\u0259m\u0259k \u00fc\u00e7\u00fcn dizayn edil\u0259 bil\u0259r.<\/p>\n<p>Bizim kub buxarland\u0131r\u0131c\u0131lar\u0131m\u0131z soyuducu (CR seriyas\u0131) v\u0259 dondurulmu\u015f (CC seriyas\u0131) t\u0259tbiql\u0259ri olan soyutma kameralar\u0131 \u00fc\u00e7\u00fcn n\u0259z\u0259rd\u0259 tutulmu\u015fdur. Bu diapazonda 1,311 Vt-dan 16,883 Vt-a (t\u0259z\u0259) v\u0259 800-d\u0259n 14,400 Vt-a q\u0259d\u0259r (dondurulmu\u015f) soyutma g\u00fcc\u00fcnd\u0259 m\u00f6vcud olan 25 model var.<\/p>\n<\/div>\n<\/div>\n<\/div>\n","protected":false},"featured_media":33170,"template":"","meta":[],"product_brand":[],"product_cat":[1643,875],"product_tag":[],"class_list":{"0":"post-33188","1":"product","2":"type-product","3":"status-publish","4":"has-post-thumbnail","6":"product_cat-buxarlandirici","7":"product_cat-snaye-az-kondisionerlr","9":"first","10":"instock","11":"shipping-taxable","12":"product-type-simple"},"yoast_head":"<!-- This site is optimized with the Yoast SEO plugin v27.1.1 - https:\/\/yoast.com\/product\/yoast-seo-wordpress\/ -->\n<title>Kubik (CR-CC) - Climate Master<\/title>\n<meta name=\"robots\" content=\"index, follow, max-snippet:-1, max-image-preview:large, max-video-preview:-1\" \/>\n<link rel=\"canonical\" href=\"https:\/\/climatemaster.ge\/az\/product\/cubics-cr-cc\/\" \/>\n<meta property=\"og:locale\" content=\"az_AZ\" \/>\n<meta property=\"og:type\" content=\"article\" \/>\n<meta property=\"og:title\" content=\"Kubik (CR-CC) - Climate Master\" \/>\n<meta property=\"og:description\" content=\"EC Kobol buxarland\u0131r\u0131c\u0131lar\u0131 0,7 kVt-dan 168,5 kVt-a q\u0259d\u0259r soyutma qabiliyy\u0259tin\u0259 z\u0259man\u0259t ver\u0259n h\u0259m ki\u00e7ik, h\u0259m d\u0259 s\u0259naye \u00f6l\u00e7\u00fcl\u00fc qur\u011fulara xidm\u0259t etm\u0259k \u00fc\u00e7\u00fcn haz\u0131rlanm\u0131\u015fd\u0131r. M\u00fc\u015ft\u0259ril\u0259r\u0259 h\u0259r bir soyutma seqmenti v\u0259 t\u0259tbiqi \u00fc\u00e7\u00fcn \u0259n yax\u015f\u0131 se\u00e7imi se\u00e7m\u0259kd\u0259 k\u00f6m\u0259k etm\u0259k \u00fc\u00e7\u00fcn 200-d\u0259n \u00e7ox model t\u0259klif edirik. B\u00fct\u00fcn buxarland\u0131r\u0131c\u0131lar\u0131m\u0131z ist\u0259nil\u0259n \u015f\u0259raitd\u0259 uzun i\u015fl\u0259m\u0259 m\u00fcdd\u0259tini v\u0259 y\u00fcks\u0259k performans\u0131 t\u0259min ed\u0259n y\u00fcks\u0259k keyfiyy\u0259tli komponentl\u0259rd\u0259n istifad\u0259 edir. B\u00f6lm\u0259l\u0259r korroziyaya qar\u015f\u0131 qorunur v\u0259 m\u00fcxt\u0259lif biti\u015fl\u0259rd\u0259 m\u00f6vcuddur. v\u0259 qlikollu su il\u0259 duzlu su soyuducular\u0131 v\u0259 CO\u2082 buxarland\u0131r\u0131c\u0131lar\u0131 \u00fc\u00e7\u00fcn i\u015fl\u0259m\u0259k \u00fc\u00e7\u00fcn dizayn edil\u0259 bil\u0259r.  Bizim kub buxarland\u0131r\u0131c\u0131lar\u0131m\u0131z soyuducu (CR seriyas\u0131) v\u0259 dondurulmu\u015f (CC seriyas\u0131) t\u0259tbiql\u0259ri olan soyutma kameralar\u0131 \u00fc\u00e7\u00fcn n\u0259z\u0259rd\u0259 tutulmu\u015fdur. Bu diapazonda 1,311 Vt-dan 16,883 Vt-a (t\u0259z\u0259) v\u0259 800-d\u0259n 14,400 Vt-a q\u0259d\u0259r (dondurulmu\u015f) soyutma g\u00fcc\u00fcnd\u0259 m\u00f6vcud olan 25 model var.\" \/>\n<meta property=\"og:url\" content=\"https:\/\/climatemaster.ge\/az\/product\/cubics-cr-cc\/\" \/>\n<meta property=\"og:site_name\" content=\"Climate Master\" \/>\n<meta property=\"article:modified_time\" content=\"2025-05-25T11:35:36+00:00\" \/>\n<meta property=\"og:image\" content=\"https:\/\/climatemaster.ge\/wp-content\/uploads\/2025\/05\/cubico_main.png\" \/>\n\t<meta property=\"og:image:width\" content=\"1280\" \/>\n\t<meta property=\"og:image:height\" content=\"931\" \/>\n\t<meta property=\"og:image:type\" content=\"image\/png\" \/>\n<meta name=\"twitter:card\" content=\"summary_large_image\" \/>\n<script type=\"application\/ld+json\" class=\"yoast-schema-graph\">{\"@context\":\"https:\/\/schema.org\",\"@graph\":[{\"@type\":\"WebPage\",\"@id\":\"https:\/\/climatemaster.ge\/az\/product\/cubics-cr-cc\/\",\"url\":\"https:\/\/climatemaster.ge\/az\/product\/cubics-cr-cc\/\",\"name\":\"Kubik (CR-CC) - Climate Master\",\"isPartOf\":{\"@id\":\"https:\/\/climatemaster.ge\/#website\"},\"primaryImageOfPage\":{\"@id\":\"https:\/\/climatemaster.ge\/az\/product\/cubics-cr-cc\/#primaryimage\"},\"image\":{\"@id\":\"https:\/\/climatemaster.ge\/az\/product\/cubics-cr-cc\/#primaryimage\"},\"thumbnailUrl\":\"https:\/\/climatemaster.ge\/wp-content\/uploads\/2025\/05\/cubico_main.png\",\"datePublished\":\"2025-05-25T11:32:09+00:00\",\"dateModified\":\"2025-05-25T11:35:36+00:00\",\"breadcrumb\":{\"@id\":\"https:\/\/climatemaster.ge\/az\/product\/cubics-cr-cc\/#breadcrumb\"},\"inLanguage\":\"az\",\"potentialAction\":[{\"@type\":\"ReadAction\",\"target\":[\"https:\/\/climatemaster.ge\/az\/product\/cubics-cr-cc\/\"]}]},{\"@type\":\"ImageObject\",\"inLanguage\":\"az\",\"@id\":\"https:\/\/climatemaster.ge\/az\/product\/cubics-cr-cc\/#primaryimage\",\"url\":\"https:\/\/climatemaster.ge\/wp-content\/uploads\/2025\/05\/cubico_main.png\",\"contentUrl\":\"https:\/\/climatemaster.ge\/wp-content\/uploads\/2025\/05\/cubico_main.png\",\"width\":1280,\"height\":931},{\"@type\":\"BreadcrumbList\",\"@id\":\"https:\/\/climatemaster.ge\/az\/product\/cubics-cr-cc\/#breadcrumb\",\"itemListElement\":[{\"@type\":\"ListItem\",\"position\":1,\"name\":\"Home\",\"item\":\"https:\/\/climatemaster.ge\/\"},{\"@type\":\"ListItem\",\"position\":2,\"name\":\"M\u0259hsullar\",\"item\":\"https:\/\/climatemaster.ge\/products\/\"},{\"@type\":\"ListItem\",\"position\":3,\"name\":\"Kubik (CR-CC)\"}]},{\"@type\":\"WebSite\",\"@id\":\"https:\/\/climatemaster.ge\/#website\",\"url\":\"https:\/\/climatemaster.ge\/\",\"name\":\"Climate Master\",\"description\":\"\",\"publisher\":{\"@id\":\"https:\/\/climatemaster.ge\/#organization\"},\"potentialAction\":[{\"@type\":\"SearchAction\",\"target\":{\"@type\":\"EntryPoint\",\"urlTemplate\":\"https:\/\/climatemaster.ge\/?s={search_term_string}\"},\"query-input\":{\"@type\":\"PropertyValueSpecification\",\"valueRequired\":true,\"valueName\":\"search_term_string\"}}],\"inLanguage\":\"az\"},{\"@type\":\"Organization\",\"@id\":\"https:\/\/climatemaster.ge\/#organization\",\"name\":\"Climate Master\",\"url\":\"https:\/\/climatemaster.ge\/\",\"logo\":{\"@type\":\"ImageObject\",\"inLanguage\":\"az\",\"@id\":\"https:\/\/climatemaster.ge\/#\/schema\/logo\/image\/\",\"url\":\"https:\/\/climatemaster.ge\/wp-content\/uploads\/2026\/03\/Untitled-2.png\",\"contentUrl\":\"https:\/\/climatemaster.ge\/wp-content\/uploads\/2026\/03\/Untitled-2.png\",\"width\":600,\"height\":338,\"caption\":\"Climate Master\"},\"image\":{\"@id\":\"https:\/\/climatemaster.ge\/#\/schema\/logo\/image\/\"}}]}<\/script>\n<!-- \/ Yoast SEO plugin. -->","yoast_head_json":{"title":"Kubik (CR-CC) - Climate Master","robots":{"index":"index","follow":"follow","max-snippet":"max-snippet:-1","max-image-preview":"max-image-preview:large","max-video-preview":"max-video-preview:-1"},"canonical":"https:\/\/climatemaster.ge\/az\/product\/cubics-cr-cc\/","og_locale":"az_AZ","og_type":"article","og_title":"Kubik (CR-CC) - Climate Master","og_description":"EC Kobol buxarland\u0131r\u0131c\u0131lar\u0131 0,7 kVt-dan 168,5 kVt-a q\u0259d\u0259r soyutma qabiliyy\u0259tin\u0259 z\u0259man\u0259t ver\u0259n h\u0259m ki\u00e7ik, h\u0259m d\u0259 s\u0259naye \u00f6l\u00e7\u00fcl\u00fc qur\u011fulara xidm\u0259t etm\u0259k \u00fc\u00e7\u00fcn haz\u0131rlanm\u0131\u015fd\u0131r. M\u00fc\u015ft\u0259ril\u0259r\u0259 h\u0259r bir soyutma seqmenti v\u0259 t\u0259tbiqi \u00fc\u00e7\u00fcn \u0259n yax\u015f\u0131 se\u00e7imi se\u00e7m\u0259kd\u0259 k\u00f6m\u0259k etm\u0259k \u00fc\u00e7\u00fcn 200-d\u0259n \u00e7ox model t\u0259klif edirik. B\u00fct\u00fcn buxarland\u0131r\u0131c\u0131lar\u0131m\u0131z ist\u0259nil\u0259n \u015f\u0259raitd\u0259 uzun i\u015fl\u0259m\u0259 m\u00fcdd\u0259tini v\u0259 y\u00fcks\u0259k performans\u0131 t\u0259min ed\u0259n y\u00fcks\u0259k keyfiyy\u0259tli komponentl\u0259rd\u0259n istifad\u0259 edir. B\u00f6lm\u0259l\u0259r korroziyaya qar\u015f\u0131 qorunur v\u0259 m\u00fcxt\u0259lif biti\u015fl\u0259rd\u0259 m\u00f6vcuddur. v\u0259 qlikollu su il\u0259 duzlu su soyuducular\u0131 v\u0259 CO\u2082 buxarland\u0131r\u0131c\u0131lar\u0131 \u00fc\u00e7\u00fcn i\u015fl\u0259m\u0259k \u00fc\u00e7\u00fcn dizayn edil\u0259 bil\u0259r.  Bizim kub buxarland\u0131r\u0131c\u0131lar\u0131m\u0131z soyuducu (CR seriyas\u0131) v\u0259 dondurulmu\u015f (CC seriyas\u0131) t\u0259tbiql\u0259ri olan soyutma kameralar\u0131 \u00fc\u00e7\u00fcn n\u0259z\u0259rd\u0259 tutulmu\u015fdur. Bu diapazonda 1,311 Vt-dan 16,883 Vt-a (t\u0259z\u0259) v\u0259 800-d\u0259n 14,400 Vt-a q\u0259d\u0259r (dondurulmu\u015f) soyutma g\u00fcc\u00fcnd\u0259 m\u00f6vcud olan 25 model var.","og_url":"https:\/\/climatemaster.ge\/az\/product\/cubics-cr-cc\/","og_site_name":"Climate Master","article_modified_time":"2025-05-25T11:35:36+00:00","og_image":[{"width":1280,"height":931,"url":"https:\/\/climatemaster.ge\/wp-content\/uploads\/2025\/05\/cubico_main.png","type":"image\/png"}],"twitter_card":"summary_large_image","schema":{"@context":"https:\/\/schema.org","@graph":[{"@type":"WebPage","@id":"https:\/\/climatemaster.ge\/az\/product\/cubics-cr-cc\/","url":"https:\/\/climatemaster.ge\/az\/product\/cubics-cr-cc\/","name":"Kubik (CR-CC) - Climate Master","isPartOf":{"@id":"https:\/\/climatemaster.ge\/#website"},"primaryImageOfPage":{"@id":"https:\/\/climatemaster.ge\/az\/product\/cubics-cr-cc\/#primaryimage"},"image":{"@id":"https:\/\/climatemaster.ge\/az\/product\/cubics-cr-cc\/#primaryimage"},"thumbnailUrl":"https:\/\/climatemaster.ge\/wp-content\/uploads\/2025\/05\/cubico_main.png","datePublished":"2025-05-25T11:32:09+00:00","dateModified":"2025-05-25T11:35:36+00:00","breadcrumb":{"@id":"https:\/\/climatemaster.ge\/az\/product\/cubics-cr-cc\/#breadcrumb"},"inLanguage":"az","potentialAction":[{"@type":"ReadAction","target":["https:\/\/climatemaster.ge\/az\/product\/cubics-cr-cc\/"]}]},{"@type":"ImageObject","inLanguage":"az","@id":"https:\/\/climatemaster.ge\/az\/product\/cubics-cr-cc\/#primaryimage","url":"https:\/\/climatemaster.ge\/wp-content\/uploads\/2025\/05\/cubico_main.png","contentUrl":"https:\/\/climatemaster.ge\/wp-content\/uploads\/2025\/05\/cubico_main.png","width":1280,"height":931},{"@type":"BreadcrumbList","@id":"https:\/\/climatemaster.ge\/az\/product\/cubics-cr-cc\/#breadcrumb","itemListElement":[{"@type":"ListItem","position":1,"name":"Home","item":"https:\/\/climatemaster.ge\/"},{"@type":"ListItem","position":2,"name":"M\u0259hsullar","item":"https:\/\/climatemaster.ge\/products\/"},{"@type":"ListItem","position":3,"name":"Kubik (CR-CC)"}]},{"@type":"WebSite","@id":"https:\/\/climatemaster.ge\/#website","url":"https:\/\/climatemaster.ge\/","name":"Climate Master","description":"","publisher":{"@id":"https:\/\/climatemaster.ge\/#organization"},"potentialAction":[{"@type":"SearchAction","target":{"@type":"EntryPoint","urlTemplate":"https:\/\/climatemaster.ge\/?s={search_term_string}"},"query-input":{"@type":"PropertyValueSpecification","valueRequired":true,"valueName":"search_term_string"}}],"inLanguage":"az"},{"@type":"Organization","@id":"https:\/\/climatemaster.ge\/#organization","name":"Climate Master","url":"https:\/\/climatemaster.ge\/","logo":{"@type":"ImageObject","inLanguage":"az","@id":"https:\/\/climatemaster.ge\/#\/schema\/logo\/image\/","url":"https:\/\/climatemaster.ge\/wp-content\/uploads\/2026\/03\/Untitled-2.png","contentUrl":"https:\/\/climatemaster.ge\/wp-content\/uploads\/2026\/03\/Untitled-2.png","width":600,"height":338,"caption":"Climate Master"},"image":{"@id":"https:\/\/climatemaster.ge\/#\/schema\/logo\/image\/"}}]}},"_links":{"self":[{"href":"https:\/\/climatemaster.ge\/az\/wp-json\/wp\/v2\/product\/33188","targetHints":{"allow":["GET"]}}],"collection":[{"href":"https:\/\/climatemaster.ge\/az\/wp-json\/wp\/v2\/product"}],"about":[{"href":"https:\/\/climatemaster.ge\/az\/wp-json\/wp\/v2\/types\/product"}],"wp:featuredmedia":[{"embeddable":true,"href":"https:\/\/climatemaster.ge\/az\/wp-json\/wp\/v2\/media\/33170"}],"wp:attachment":[{"href":"https:\/\/climatemaster.ge\/az\/wp-json\/wp\/v2\/media?parent=33188"}],"wp:term":[{"taxonomy":"product_brand","embeddable":true,"href":"https:\/\/climatemaster.ge\/az\/wp-json\/wp\/v2\/product_brand?post=33188"},{"taxonomy":"product_cat","embeddable":true,"href":"https:\/\/climatemaster.ge\/az\/wp-json\/wp\/v2\/product_cat?post=33188"},{"taxonomy":"product_tag","embeddable":true,"href":"https:\/\/climatemaster.ge\/az\/wp-json\/wp\/v2\/product_tag?post=33188"}],"curies":[{"name":"wp","href":"https:\/\/api.w.org\/{rel}","templated":true}]}}