{"id":33104,"date":"2025-05-25T15:03:26","date_gmt":"2025-05-25T11:03:26","guid":{"rendered":"https:\/\/airsystems.ge\/shop\/product\/evaporators-for-static-tunnels\/"},"modified":"2025-05-25T15:08:36","modified_gmt":"2025-05-25T11:08:36","slug":"evaporators-for-static-tunnels","status":"publish","type":"product","link":"https:\/\/climatemaster.ge\/az\/product\/evaporators-for-static-tunnels\/","title":{"rendered":"Statik tunell\u0259r \u00fc\u00e7\u00fcn buxarland\u0131r\u0131c\u0131lar"},"content":{"rendered":"<div class=\"elementor-element elementor-element-70da8153 elementor-widget elementor-widget-theme-page-title elementor-page-title elementor-widget-heading\" data-id=\"70da8153\" data-element_type=\"widget\" data-widget_type=\"theme-page-title.default\">\n<div class=\"elementor-widget-container\">\n<p><strong>X\u00fcsusiyy\u0259tl\u0259r<\/strong><\/p>\n<p>Boru h\u0259nd\u0259s\u0259si. Boru 5\/8 \u2033 50 \u00d7 50 s\u0131ra<br \/>\nBoru material\u0131. Paslanmayan polad AISI 304 (v\u0259 ya AISI 316 t\u0259l\u0259b \u00fczr\u0259)<br \/>\nBobind\u0259n ke\u00e7\u0259n havan\u0131 turbulentl\u0259\u015fdirm\u0259k v\u0259 istilik \u00f6t\u00fcr\u00fclm\u0259sini art\u0131rmaq \u00fc\u00e7\u00fcn b\u00fczm\u0259li al\u00fcminium qanadlar (0,25 mm qal\u0131nl\u0131\u011f\u0131nda)<br \/>\nPaslanmayan polad vintl\u0259r<br \/>\nA\u011f termo-lakl\u0131 al\u00fcminium korpus<br \/>\n\u00c7\u0131xar\u0131lan yan \u00f6rt\u00fckl\u0259r. So\u011futucu birl\u0259\u015fm\u0259l\u0259r\u0259 asan giri\u015f<br \/>\nKondensasiyan\u0131n qar\u015f\u0131s\u0131n\u0131 almaq \u00fc\u00e7\u00fcn standart olaraq poliuretanla izolyasiya edilmi\u015fdir. Tamamil\u0259 GRP-d\u0259n (fiberglasla g\u00fccl\u0259ndirilmi\u015f polyester) haz\u0131rlanm\u0131\u015f qab, y\u00fcng\u00fcl v\u0259 davaml\u0131 material, s\u0259rt, korroziyaya davaml\u0131 v\u0259 yax\u015f\u0131 istilik, akustik v\u0259 elektrik izolyatorudur.<br \/>\nIP54 m\u00fch\u0259rrikl\u0259ri olan xarici rotorlu eksenel fanatlar<br \/>\nH\u00fcnd\u00fcrl\u00fcy\u00fc t\u0259nziml\u0259n\u0259n d\u0259st\u0259k ayaqlar\u0131<br \/>\nAvadanl\u0131q t\u0259zyiqli v\u0259 Schrader + klapanlar\u0131 il\u0259 \u00e7atd\u0131r\u0131l\u0131r<\/p>\n<p><strong>Aksesuarlar<\/strong><\/p>\n<p>\u00c7ekm\u0259 klapan qura\u015fd\u0131r\u0131lm\u0131\u015f qabda isti qaz\u0131n \u0259rim\u0259si (iste\u011fe ba\u011fl\u0131)<br \/>\nSuyun \u0259rim\u0259si<br \/>\nBobin v\u0259\/v\u0259 ya nim\u00e7\u0259d\u0259 elektrik \u0259rim\u0259si<br \/>\nQar\u0131\u015f\u0131q defrost<br \/>\nFanlar \u00fcz\u0259rind\u0259 q\u0131zd\u0131r\u0131c\u0131 \u00fcz\u00fckl\u0259r<br \/>\n200 Pa-dan \u00e7ox ESP \u00fc\u00e7\u00fcn i\u015fl\u0259y\u0259n m\u00fch\u0259rrikl\u0259ri olan fanatlar<br \/>\nX\u00fcsusi m\u00fch\u0259rrikl\u0259r<br \/>\nQar\u0131\u015f\u0131q qanadl\u0131 add\u0131mlar<br \/>\nEpoksi il\u0259 qorunan t\u0259b\u0259q\u0259l\u0259r<br \/>\nPaslanmayan polad korpus<\/p>\n<\/div>\n<\/div>\n","protected":false},"excerpt":{"rendered":"<div class=\"elementor-element elementor-element-70da8153 elementor-widget elementor-widget-theme-page-title elementor-page-title elementor-widget-heading\" data-id=\"70da8153\" data-element_type=\"widget\" data-widget_type=\"theme-page-title.default\">\n<div class=\"elementor-widget-container\">\n<p>SBF<br \/>\nSBF buxarland\u0131r\u0131c\u0131lar\u0131 ki\u00e7ik\/orta \u00f6l\u00e7\u00fcl\u00fc statik tunell\u0259rd\u0259, x\u00fcsus\u0259n d\u0259 \u00e7\u00f6r\u0259yin arabalar v\u0259 ya ox\u015far t\u0259tbiql\u0259rl\u0259 tez dondurulmas\u0131 \u00fc\u00e7\u00fcn tunell\u0259rd\u0259 qura\u015fd\u0131rmaq \u00fc\u00e7\u00fcn n\u0259z\u0259rd\u0259 tutulub.<\/p>\n<p>Paslanmayan polad boru v\u0259 al\u00fcminium fin (StSt\/Al) il\u0259 istehsal edilmi\u015fdir. B\u00fct\u00fcn soyuducularla (NH\u2083, CO\u2082, qlikol, HFC v\u0259 s.) uy\u011fun g\u0259lir. 2-d\u0259n 8-\u0259 q\u0259d\u0259r eksenel fanatlar\u0131n modul dizayn\u0131 (\u00d8630). \u00dczg\u0259cl\u0259rin h\u00fcnd\u00fcrl\u00fcy\u00fc: 7-9-10-11-12 mm.<\/p>\n<\/div>\n<\/div>\n","protected":false},"featured_media":33099,"template":"","meta":[],"product_brand":[],"product_cat":[1643,875],"product_tag":[],"class_list":{"0":"post-33104","1":"product","2":"type-product","3":"status-publish","4":"has-post-thumbnail","6":"product_cat-buxarlandirici","7":"product_cat-snaye-az-kondisionerlr","9":"first","10":"instock","11":"shipping-taxable","12":"product-type-simple"},"yoast_head":"<!-- This site is optimized with the Yoast SEO plugin v27.1.1 - https:\/\/yoast.com\/product\/yoast-seo-wordpress\/ -->\n<title>Statik tunell\u0259r \u00fc\u00e7\u00fcn buxarland\u0131r\u0131c\u0131lar - Climate Master<\/title>\n<meta name=\"robots\" content=\"index, follow, max-snippet:-1, max-image-preview:large, max-video-preview:-1\" \/>\n<link rel=\"canonical\" href=\"https:\/\/climatemaster.ge\/az\/product\/evaporators-for-static-tunnels\/\" \/>\n<meta property=\"og:locale\" content=\"az_AZ\" \/>\n<meta property=\"og:type\" content=\"article\" \/>\n<meta property=\"og:title\" content=\"Statik tunell\u0259r \u00fc\u00e7\u00fcn buxarland\u0131r\u0131c\u0131lar - Climate Master\" \/>\n<meta property=\"og:description\" content=\"SBF SBF buxarland\u0131r\u0131c\u0131lar\u0131 ki\u00e7ik\/orta \u00f6l\u00e7\u00fcl\u00fc statik tunell\u0259rd\u0259, x\u00fcsus\u0259n d\u0259 \u00e7\u00f6r\u0259yin arabalar v\u0259 ya ox\u015far t\u0259tbiql\u0259rl\u0259 tez dondurulmas\u0131 \u00fc\u00e7\u00fcn tunell\u0259rd\u0259 qura\u015fd\u0131rmaq \u00fc\u00e7\u00fcn n\u0259z\u0259rd\u0259 tutulub.  Paslanmayan polad boru v\u0259 al\u00fcminium fin (StSt\/Al) il\u0259 istehsal edilmi\u015fdir. B\u00fct\u00fcn soyuducularla (NH\u2083, CO\u2082, qlikol, HFC v\u0259 s.) uy\u011fun g\u0259lir. 2-d\u0259n 8-\u0259 q\u0259d\u0259r eksenel fanatlar\u0131n modul dizayn\u0131 (\u00d8630). \u00dczg\u0259cl\u0259rin h\u00fcnd\u00fcrl\u00fcy\u00fc: 7-9-10-11-12 mm.\" \/>\n<meta property=\"og:url\" content=\"https:\/\/climatemaster.ge\/az\/product\/evaporators-for-static-tunnels\/\" \/>\n<meta property=\"og:site_name\" content=\"Climate Master\" \/>\n<meta property=\"article:modified_time\" content=\"2025-05-25T11:08:36+00:00\" \/>\n<meta property=\"og:image\" content=\"https:\/\/climatemaster.ge\/wp-content\/uploads\/2025\/05\/Evaporators-For-Static-Tunnels-qdd9h1g3qyqrqdod28ntcyqmz7v8lxuffqj4jg5lpw.png\" \/>\n\t<meta property=\"og:image:width\" content=\"700\" \/>\n\t<meta property=\"og:image:height\" content=\"466\" \/>\n\t<meta property=\"og:image:type\" content=\"image\/png\" \/>\n<meta name=\"twitter:card\" content=\"summary_large_image\" \/>\n<meta name=\"twitter:label1\" content=\"Est. reading time\" \/>\n\t<meta name=\"twitter:data1\" content=\"1 minute\" \/>\n<script type=\"application\/ld+json\" class=\"yoast-schema-graph\">{\"@context\":\"https:\/\/schema.org\",\"@graph\":[{\"@type\":\"WebPage\",\"@id\":\"https:\/\/climatemaster.ge\/az\/product\/evaporators-for-static-tunnels\/\",\"url\":\"https:\/\/climatemaster.ge\/az\/product\/evaporators-for-static-tunnels\/\",\"name\":\"Statik tunell\u0259r \u00fc\u00e7\u00fcn buxarland\u0131r\u0131c\u0131lar - Climate Master\",\"isPartOf\":{\"@id\":\"https:\/\/climatemaster.ge\/#website\"},\"primaryImageOfPage\":{\"@id\":\"https:\/\/climatemaster.ge\/az\/product\/evaporators-for-static-tunnels\/#primaryimage\"},\"image\":{\"@id\":\"https:\/\/climatemaster.ge\/az\/product\/evaporators-for-static-tunnels\/#primaryimage\"},\"thumbnailUrl\":\"https:\/\/climatemaster.ge\/wp-content\/uploads\/2025\/05\/Evaporators-For-Static-Tunnels-qdd9h1g3qyqrqdod28ntcyqmz7v8lxuffqj4jg5lpw.png\",\"datePublished\":\"2025-05-25T11:03:26+00:00\",\"dateModified\":\"2025-05-25T11:08:36+00:00\",\"breadcrumb\":{\"@id\":\"https:\/\/climatemaster.ge\/az\/product\/evaporators-for-static-tunnels\/#breadcrumb\"},\"inLanguage\":\"az\",\"potentialAction\":[{\"@type\":\"ReadAction\",\"target\":[\"https:\/\/climatemaster.ge\/az\/product\/evaporators-for-static-tunnels\/\"]}]},{\"@type\":\"ImageObject\",\"inLanguage\":\"az\",\"@id\":\"https:\/\/climatemaster.ge\/az\/product\/evaporators-for-static-tunnels\/#primaryimage\",\"url\":\"https:\/\/climatemaster.ge\/wp-content\/uploads\/2025\/05\/Evaporators-For-Static-Tunnels-qdd9h1g3qyqrqdod28ntcyqmz7v8lxuffqj4jg5lpw.png\",\"contentUrl\":\"https:\/\/climatemaster.ge\/wp-content\/uploads\/2025\/05\/Evaporators-For-Static-Tunnels-qdd9h1g3qyqrqdod28ntcyqmz7v8lxuffqj4jg5lpw.png\",\"width\":700,\"height\":466},{\"@type\":\"BreadcrumbList\",\"@id\":\"https:\/\/climatemaster.ge\/az\/product\/evaporators-for-static-tunnels\/#breadcrumb\",\"itemListElement\":[{\"@type\":\"ListItem\",\"position\":1,\"name\":\"Home\",\"item\":\"https:\/\/climatemaster.ge\/\"},{\"@type\":\"ListItem\",\"position\":2,\"name\":\"M\u0259hsullar\",\"item\":\"https:\/\/climatemaster.ge\/products\/\"},{\"@type\":\"ListItem\",\"position\":3,\"name\":\"Statik tunell\u0259r \u00fc\u00e7\u00fcn buxarland\u0131r\u0131c\u0131lar\"}]},{\"@type\":\"WebSite\",\"@id\":\"https:\/\/climatemaster.ge\/#website\",\"url\":\"https:\/\/climatemaster.ge\/\",\"name\":\"Climate Master\",\"description\":\"\",\"publisher\":{\"@id\":\"https:\/\/climatemaster.ge\/#organization\"},\"potentialAction\":[{\"@type\":\"SearchAction\",\"target\":{\"@type\":\"EntryPoint\",\"urlTemplate\":\"https:\/\/climatemaster.ge\/?s={search_term_string}\"},\"query-input\":{\"@type\":\"PropertyValueSpecification\",\"valueRequired\":true,\"valueName\":\"search_term_string\"}}],\"inLanguage\":\"az\"},{\"@type\":\"Organization\",\"@id\":\"https:\/\/climatemaster.ge\/#organization\",\"name\":\"Climate Master\",\"url\":\"https:\/\/climatemaster.ge\/\",\"logo\":{\"@type\":\"ImageObject\",\"inLanguage\":\"az\",\"@id\":\"https:\/\/climatemaster.ge\/#\/schema\/logo\/image\/\",\"url\":\"https:\/\/climatemaster.ge\/wp-content\/uploads\/2026\/03\/Untitled-2.png\",\"contentUrl\":\"https:\/\/climatemaster.ge\/wp-content\/uploads\/2026\/03\/Untitled-2.png\",\"width\":600,\"height\":338,\"caption\":\"Climate Master\"},\"image\":{\"@id\":\"https:\/\/climatemaster.ge\/#\/schema\/logo\/image\/\"}}]}<\/script>\n<!-- \/ Yoast SEO plugin. -->","yoast_head_json":{"title":"Statik tunell\u0259r \u00fc\u00e7\u00fcn buxarland\u0131r\u0131c\u0131lar - Climate Master","robots":{"index":"index","follow":"follow","max-snippet":"max-snippet:-1","max-image-preview":"max-image-preview:large","max-video-preview":"max-video-preview:-1"},"canonical":"https:\/\/climatemaster.ge\/az\/product\/evaporators-for-static-tunnels\/","og_locale":"az_AZ","og_type":"article","og_title":"Statik tunell\u0259r \u00fc\u00e7\u00fcn buxarland\u0131r\u0131c\u0131lar - Climate Master","og_description":"SBF SBF buxarland\u0131r\u0131c\u0131lar\u0131 ki\u00e7ik\/orta \u00f6l\u00e7\u00fcl\u00fc statik tunell\u0259rd\u0259, x\u00fcsus\u0259n d\u0259 \u00e7\u00f6r\u0259yin arabalar v\u0259 ya ox\u015far t\u0259tbiql\u0259rl\u0259 tez dondurulmas\u0131 \u00fc\u00e7\u00fcn tunell\u0259rd\u0259 qura\u015fd\u0131rmaq \u00fc\u00e7\u00fcn n\u0259z\u0259rd\u0259 tutulub.  Paslanmayan polad boru v\u0259 al\u00fcminium fin (StSt\/Al) il\u0259 istehsal edilmi\u015fdir. B\u00fct\u00fcn soyuducularla (NH\u2083, CO\u2082, qlikol, HFC v\u0259 s.) uy\u011fun g\u0259lir. 2-d\u0259n 8-\u0259 q\u0259d\u0259r eksenel fanatlar\u0131n modul dizayn\u0131 (\u00d8630). \u00dczg\u0259cl\u0259rin h\u00fcnd\u00fcrl\u00fcy\u00fc: 7-9-10-11-12 mm.","og_url":"https:\/\/climatemaster.ge\/az\/product\/evaporators-for-static-tunnels\/","og_site_name":"Climate Master","article_modified_time":"2025-05-25T11:08:36+00:00","og_image":[{"width":700,"height":466,"url":"https:\/\/climatemaster.ge\/wp-content\/uploads\/2025\/05\/Evaporators-For-Static-Tunnels-qdd9h1g3qyqrqdod28ntcyqmz7v8lxuffqj4jg5lpw.png","type":"image\/png"}],"twitter_card":"summary_large_image","twitter_misc":{"Est. reading time":"1 minute"},"schema":{"@context":"https:\/\/schema.org","@graph":[{"@type":"WebPage","@id":"https:\/\/climatemaster.ge\/az\/product\/evaporators-for-static-tunnels\/","url":"https:\/\/climatemaster.ge\/az\/product\/evaporators-for-static-tunnels\/","name":"Statik tunell\u0259r \u00fc\u00e7\u00fcn buxarland\u0131r\u0131c\u0131lar - Climate Master","isPartOf":{"@id":"https:\/\/climatemaster.ge\/#website"},"primaryImageOfPage":{"@id":"https:\/\/climatemaster.ge\/az\/product\/evaporators-for-static-tunnels\/#primaryimage"},"image":{"@id":"https:\/\/climatemaster.ge\/az\/product\/evaporators-for-static-tunnels\/#primaryimage"},"thumbnailUrl":"https:\/\/climatemaster.ge\/wp-content\/uploads\/2025\/05\/Evaporators-For-Static-Tunnels-qdd9h1g3qyqrqdod28ntcyqmz7v8lxuffqj4jg5lpw.png","datePublished":"2025-05-25T11:03:26+00:00","dateModified":"2025-05-25T11:08:36+00:00","breadcrumb":{"@id":"https:\/\/climatemaster.ge\/az\/product\/evaporators-for-static-tunnels\/#breadcrumb"},"inLanguage":"az","potentialAction":[{"@type":"ReadAction","target":["https:\/\/climatemaster.ge\/az\/product\/evaporators-for-static-tunnels\/"]}]},{"@type":"ImageObject","inLanguage":"az","@id":"https:\/\/climatemaster.ge\/az\/product\/evaporators-for-static-tunnels\/#primaryimage","url":"https:\/\/climatemaster.ge\/wp-content\/uploads\/2025\/05\/Evaporators-For-Static-Tunnels-qdd9h1g3qyqrqdod28ntcyqmz7v8lxuffqj4jg5lpw.png","contentUrl":"https:\/\/climatemaster.ge\/wp-content\/uploads\/2025\/05\/Evaporators-For-Static-Tunnels-qdd9h1g3qyqrqdod28ntcyqmz7v8lxuffqj4jg5lpw.png","width":700,"height":466},{"@type":"BreadcrumbList","@id":"https:\/\/climatemaster.ge\/az\/product\/evaporators-for-static-tunnels\/#breadcrumb","itemListElement":[{"@type":"ListItem","position":1,"name":"Home","item":"https:\/\/climatemaster.ge\/"},{"@type":"ListItem","position":2,"name":"M\u0259hsullar","item":"https:\/\/climatemaster.ge\/products\/"},{"@type":"ListItem","position":3,"name":"Statik tunell\u0259r \u00fc\u00e7\u00fcn buxarland\u0131r\u0131c\u0131lar"}]},{"@type":"WebSite","@id":"https:\/\/climatemaster.ge\/#website","url":"https:\/\/climatemaster.ge\/","name":"Climate Master","description":"","publisher":{"@id":"https:\/\/climatemaster.ge\/#organization"},"potentialAction":[{"@type":"SearchAction","target":{"@type":"EntryPoint","urlTemplate":"https:\/\/climatemaster.ge\/?s={search_term_string}"},"query-input":{"@type":"PropertyValueSpecification","valueRequired":true,"valueName":"search_term_string"}}],"inLanguage":"az"},{"@type":"Organization","@id":"https:\/\/climatemaster.ge\/#organization","name":"Climate Master","url":"https:\/\/climatemaster.ge\/","logo":{"@type":"ImageObject","inLanguage":"az","@id":"https:\/\/climatemaster.ge\/#\/schema\/logo\/image\/","url":"https:\/\/climatemaster.ge\/wp-content\/uploads\/2026\/03\/Untitled-2.png","contentUrl":"https:\/\/climatemaster.ge\/wp-content\/uploads\/2026\/03\/Untitled-2.png","width":600,"height":338,"caption":"Climate Master"},"image":{"@id":"https:\/\/climatemaster.ge\/#\/schema\/logo\/image\/"}}]}},"_links":{"self":[{"href":"https:\/\/climatemaster.ge\/az\/wp-json\/wp\/v2\/product\/33104","targetHints":{"allow":["GET"]}}],"collection":[{"href":"https:\/\/climatemaster.ge\/az\/wp-json\/wp\/v2\/product"}],"about":[{"href":"https:\/\/climatemaster.ge\/az\/wp-json\/wp\/v2\/types\/product"}],"wp:featuredmedia":[{"embeddable":true,"href":"https:\/\/climatemaster.ge\/az\/wp-json\/wp\/v2\/media\/33099"}],"wp:attachment":[{"href":"https:\/\/climatemaster.ge\/az\/wp-json\/wp\/v2\/media?parent=33104"}],"wp:term":[{"taxonomy":"product_brand","embeddable":true,"href":"https:\/\/climatemaster.ge\/az\/wp-json\/wp\/v2\/product_brand?post=33104"},{"taxonomy":"product_cat","embeddable":true,"href":"https:\/\/climatemaster.ge\/az\/wp-json\/wp\/v2\/product_cat?post=33104"},{"taxonomy":"product_tag","embeddable":true,"href":"https:\/\/climatemaster.ge\/az\/wp-json\/wp\/v2\/product_tag?post=33104"}],"curies":[{"name":"wp","href":"https:\/\/api.w.org\/{rel}","templated":true}]}}