{"id":33077,"date":"2025-05-25T14:38:14","date_gmt":"2025-05-25T10:38:14","guid":{"rendered":"https:\/\/airsystems.ge\/shop\/product\/shock-freezers-with-fan-frame-on-top\/"},"modified":"2025-05-25T14:49:23","modified_gmt":"2025-05-25T10:49:23","slug":"shock-freezers-with-fan-frame-on-top","status":"publish","type":"product","link":"https:\/\/climatemaster.ge\/az\/product\/shock-freezers-with-fan-frame-on-top\/","title":{"rendered":"\u00dcst\u00fcnd\u0259 Fan \u00c7\u0259r\u00e7iv\u0259si Olan Amortizatorlar"},"content":{"rendered":"<div class=\"elementor-element elementor-element-6799186e elementor-widget elementor-widget-heading\" data-id=\"6799186e\" data-element_type=\"widget\" data-widget_type=\"heading.default\">\n<div class=\"elementor-widget-container\">\n<p>X\u00fcsusiyy\u0259tl\u0259r<\/p>\n<p>Boru h\u0259nd\u0259s\u0259si. 7\/8\u2033 65,43 x 56,66 pill\u0259li 7\/8\u2033 boru<br \/>\nBoru material\u0131. Paslanmayan polad AISI 304 (v\u0259 ya AISI 316 t\u0259l\u0259b \u00fczr\u0259)<br \/>\nBobind\u0259n ke\u00e7\u0259n havan\u0131 turbulentl\u0259\u015fdirm\u0259k v\u0259 istilik \u00f6t\u00fcr\u00fclm\u0259sini art\u0131rmaq \u00fc\u00e7\u00fcn b\u00fczm\u0259li al\u00fcminium qanadlar (0,25 mm qal\u0131nl\u0131\u011f\u0131nda)<br \/>\nPaslanmayan polad vintl\u0259r<br \/>\nA\u011f termo-lakl\u0131 al\u00fcminium korpus<br \/>\nKondensasiyan\u0131n qar\u015f\u0131s\u0131n\u0131 almaq \u00fc\u00e7\u00fcn standart olaraq poliuretanla izolyasiya edilmi\u015fdir. Tamamil\u0259 GRP-d\u0259n (fiberglasla g\u00fccl\u0259ndirilmi\u015f polyester) haz\u0131rlanm\u0131\u015f qab, y\u00fcng\u00fcl v\u0259 davaml\u0131 material, s\u0259rt, korroziyaya davaml\u0131 v\u0259 yax\u015f\u0131 istilik, akustik v\u0259 elektrik izolyatorudur.<br \/>\nIP55 m\u00fch\u0259rrikli ErP Ready eksenel fanatlar<br \/>\nH\u00fcnd\u00fcrl\u00fcy\u00fc t\u0259nziml\u0259n\u0259n d\u0259st\u0259k ayaqlar\u0131<br \/>\nAvadanl\u0131q t\u0259zyiqli v\u0259 Schrader + klapanlar\u0131 il\u0259 \u00e7atd\u0131r\u0131l\u0131r<\/p>\n<p>Aksesuarlar<\/p>\n<p>\u00c7ekm\u0259 klapan qura\u015fd\u0131r\u0131lm\u0131\u015f qabda isti qaz\u0131n \u0259rim\u0259si (iste\u011fe ba\u011fl\u0131)<br \/>\nSuyun \u0259rim\u0259si<br \/>\nBobin v\u0259\/v\u0259 ya nim\u00e7\u0259d\u0259 elektrik \u0259rim\u0259si<br \/>\nQar\u0131\u015f\u0131q defrost<br \/>\nFanlar \u00fcz\u0259rind\u0259 q\u0131zd\u0131r\u0131c\u0131 \u00fcz\u00fckl\u0259r<br \/>\n200 Pa-dan \u00e7ox ESP \u00fc\u00e7\u00fcn i\u015fl\u0259y\u0259n m\u00fch\u0259rrikl\u0259ri olan fanatlar<br \/>\n100% geri \u00e7evril\u0259 bil\u0259n fanatlar<br \/>\nX\u00fcsusi m\u00fch\u0259rrikl\u0259r<br \/>\nQar\u0131\u015f\u0131q qanadl\u0131 add\u0131mlar<br \/>\nEpoksi il\u0259 qorunan t\u0259b\u0259q\u0259l\u0259r<br \/>\nPaslanmayan polad korpus<\/p>\n<\/div>\n<\/div>\n","protected":false},"excerpt":{"rendered":"<div class=\"elementor-element elementor-element-6799186e elementor-widget elementor-widget-heading\" data-id=\"6799186e\" data-element_type=\"widget\" data-widget_type=\"heading.default\">\n<div class=\"elementor-widget-container\">\n<div class=\"elementor-heading-title elementor-size-default\">\n<p>BTV<br \/>\n\u00dcst ventilyator \u00e7\u0259r\u00e7iv\u0259si v\u0259 h\u00fcnd\u00fcrl\u00fcy\u00fc t\u0259nziml\u0259n\u0259n ayaqlar\u0131 olan BTV buxarland\u0131r\u0131c\u0131lar\u0131 statik dondurma tunell\u0259ri v\u0259 partlay\u0131\u015f soyuducular\u0131 kimi geni\u015f \u00e7e\u015fidli s\u0259naye t\u0259tbiql\u0259ri \u00fc\u00e7\u00fcn ideald\u0131r.<\/p>\n<p>Paslanmayan polad boru v\u0259 al\u00fcminium fin (StSt\/Al) il\u0259 istehsal edilmi\u015fdir. B\u00fct\u00fcn soyuducularla (NH\u2083, CO\u2082, qlikol, HFC v\u0259 s.) uy\u011fun g\u0259lir. 1-d\u0259n 6-a q\u0259d\u0259r oxlu ventilyator (\u00d8800, 900) modul dizayn\u0131. Fin add\u0131m\u0131: 7-10-12 mm.<\/p>\n<p>BTV seriyal\u0131 buxarland\u0131r\u0131c\u0131lar d\u00f6\u015f\u0259m\u0259 qura\u015fd\u0131r\u0131lmas\u0131 \u00fc\u00e7\u00fcn s\u0259naye qur\u011fular\u0131d\u0131r. Onlar y\u00fcks\u0259k s\u0259m\u0259r\u0259lilik t\u0259klif edir v\u0259 su basm\u0131\u015f NH\u2083 v\u0259 ya CO\u2082 sisteml\u0259ri (h\u0259m pompalanan, h\u0259m d\u0259 \u00e7\u0259kisi) \u00fc\u00e7\u00fcn x\u00fcsusi olaraq haz\u0131rlanm\u0131\u015fd\u0131r. Sa\u011flam d\u0259yi\u015fdiricil\u0259rimiz y\u00fcks\u0259k performans t\u0259klif edir v\u0259 korroziyaya y\u00fcks\u0259k davaml\u0131d\u0131r.<\/p>\n<p>BTV seriyas\u0131 f\u0259rdi h\u0259ll\u0259rd\u0259 t\u0259tbiq \u00fc\u00e7\u00fcn y\u00fcks\u0259k d\u0259r\u0259c\u0259d\u0259 \u00e7evikliy\u0259 malik buxarland\u0131r\u0131c\u0131lardan ibar\u0259tdir.<\/p>\n<\/div>\n<\/div>\n<\/div>\n","protected":false},"featured_media":33072,"template":"","meta":[],"product_brand":[],"product_cat":[1643,875],"product_tag":[],"class_list":{"0":"post-33077","1":"product","2":"type-product","3":"status-publish","4":"has-post-thumbnail","6":"product_cat-buxarlandirici","7":"product_cat-snaye-az-kondisionerlr","9":"first","10":"instock","11":"shipping-taxable","12":"product-type-simple"},"yoast_head":"<!-- This site is optimized with the Yoast SEO plugin v27.1.1 - https:\/\/yoast.com\/product\/yoast-seo-wordpress\/ -->\n<title>\u00dcst\u00fcnd\u0259 Fan \u00c7\u0259r\u00e7iv\u0259si Olan Amortizatorlar - Climate Master<\/title>\n<meta name=\"robots\" content=\"index, follow, max-snippet:-1, max-image-preview:large, max-video-preview:-1\" \/>\n<link rel=\"canonical\" href=\"https:\/\/climatemaster.ge\/az\/product\/shock-freezers-with-fan-frame-on-top\/\" \/>\n<meta property=\"og:locale\" content=\"az_AZ\" \/>\n<meta property=\"og:type\" content=\"article\" \/>\n<meta property=\"og:title\" content=\"\u00dcst\u00fcnd\u0259 Fan \u00c7\u0259r\u00e7iv\u0259si Olan Amortizatorlar - Climate Master\" \/>\n<meta property=\"og:description\" content=\"BTV \u00dcst ventilyator \u00e7\u0259r\u00e7iv\u0259si v\u0259 h\u00fcnd\u00fcrl\u00fcy\u00fc t\u0259nziml\u0259n\u0259n ayaqlar\u0131 olan BTV buxarland\u0131r\u0131c\u0131lar\u0131 statik dondurma tunell\u0259ri v\u0259 partlay\u0131\u015f soyuducular\u0131 kimi geni\u015f \u00e7e\u015fidli s\u0259naye t\u0259tbiql\u0259ri \u00fc\u00e7\u00fcn ideald\u0131r.  Paslanmayan polad boru v\u0259 al\u00fcminium fin (StSt\/Al) il\u0259 istehsal edilmi\u015fdir. B\u00fct\u00fcn soyuducularla (NH\u2083, CO\u2082, qlikol, HFC v\u0259 s.) uy\u011fun g\u0259lir. 1-d\u0259n 6-a q\u0259d\u0259r oxlu ventilyator (\u00d8800, 900) modul dizayn\u0131. Fin add\u0131m\u0131: 7-10-12 mm.  BTV seriyal\u0131 buxarland\u0131r\u0131c\u0131lar d\u00f6\u015f\u0259m\u0259 qura\u015fd\u0131r\u0131lmas\u0131 \u00fc\u00e7\u00fcn s\u0259naye qur\u011fular\u0131d\u0131r. Onlar y\u00fcks\u0259k s\u0259m\u0259r\u0259lilik t\u0259klif edir v\u0259 su basm\u0131\u015f NH\u2083 v\u0259 ya CO\u2082 sisteml\u0259ri (h\u0259m pompalanan, h\u0259m d\u0259 \u00e7\u0259kisi) \u00fc\u00e7\u00fcn x\u00fcsusi olaraq haz\u0131rlanm\u0131\u015fd\u0131r. Sa\u011flam d\u0259yi\u015fdiricil\u0259rimiz y\u00fcks\u0259k performans t\u0259klif edir v\u0259 korroziyaya y\u00fcks\u0259k davaml\u0131d\u0131r.  BTV seriyas\u0131 f\u0259rdi h\u0259ll\u0259rd\u0259 t\u0259tbiq \u00fc\u00e7\u00fcn y\u00fcks\u0259k d\u0259r\u0259c\u0259d\u0259 \u00e7evikliy\u0259 malik buxarland\u0131r\u0131c\u0131lardan ibar\u0259tdir.\" \/>\n<meta property=\"og:url\" content=\"https:\/\/climatemaster.ge\/az\/product\/shock-freezers-with-fan-frame-on-top\/\" \/>\n<meta property=\"og:site_name\" content=\"Climate Master\" \/>\n<meta property=\"article:modified_time\" content=\"2025-05-25T10:49:23+00:00\" \/>\n<meta property=\"og:image\" content=\"https:\/\/climatemaster.ge\/wp-content\/uploads\/2025\/05\/Shock-Freezers-With-Fan-Frame-On-Top_senzal-qdd9i23t5i4yb67446i9k7hm58ujy4vykrz298n8z8.png\" \/>\n\t<meta property=\"og:image:width\" content=\"700\" \/>\n\t<meta property=\"og:image:height\" content=\"466\" \/>\n\t<meta property=\"og:image:type\" content=\"image\/png\" \/>\n<meta name=\"twitter:card\" content=\"summary_large_image\" \/>\n<meta name=\"twitter:label1\" content=\"Est. reading time\" \/>\n\t<meta name=\"twitter:data1\" content=\"1 minute\" \/>\n<script type=\"application\/ld+json\" class=\"yoast-schema-graph\">{\"@context\":\"https:\/\/schema.org\",\"@graph\":[{\"@type\":\"WebPage\",\"@id\":\"https:\/\/climatemaster.ge\/az\/product\/shock-freezers-with-fan-frame-on-top\/\",\"url\":\"https:\/\/climatemaster.ge\/az\/product\/shock-freezers-with-fan-frame-on-top\/\",\"name\":\"\u00dcst\u00fcnd\u0259 Fan \u00c7\u0259r\u00e7iv\u0259si Olan Amortizatorlar - Climate Master\",\"isPartOf\":{\"@id\":\"https:\/\/climatemaster.ge\/#website\"},\"primaryImageOfPage\":{\"@id\":\"https:\/\/climatemaster.ge\/az\/product\/shock-freezers-with-fan-frame-on-top\/#primaryimage\"},\"image\":{\"@id\":\"https:\/\/climatemaster.ge\/az\/product\/shock-freezers-with-fan-frame-on-top\/#primaryimage\"},\"thumbnailUrl\":\"https:\/\/climatemaster.ge\/wp-content\/uploads\/2025\/05\/Shock-Freezers-With-Fan-Frame-On-Top_senzal-qdd9i23t5i4yb67446i9k7hm58ujy4vykrz298n8z8.png\",\"datePublished\":\"2025-05-25T10:38:14+00:00\",\"dateModified\":\"2025-05-25T10:49:23+00:00\",\"breadcrumb\":{\"@id\":\"https:\/\/climatemaster.ge\/az\/product\/shock-freezers-with-fan-frame-on-top\/#breadcrumb\"},\"inLanguage\":\"az\",\"potentialAction\":[{\"@type\":\"ReadAction\",\"target\":[\"https:\/\/climatemaster.ge\/az\/product\/shock-freezers-with-fan-frame-on-top\/\"]}]},{\"@type\":\"ImageObject\",\"inLanguage\":\"az\",\"@id\":\"https:\/\/climatemaster.ge\/az\/product\/shock-freezers-with-fan-frame-on-top\/#primaryimage\",\"url\":\"https:\/\/climatemaster.ge\/wp-content\/uploads\/2025\/05\/Shock-Freezers-With-Fan-Frame-On-Top_senzal-qdd9i23t5i4yb67446i9k7hm58ujy4vykrz298n8z8.png\",\"contentUrl\":\"https:\/\/climatemaster.ge\/wp-content\/uploads\/2025\/05\/Shock-Freezers-With-Fan-Frame-On-Top_senzal-qdd9i23t5i4yb67446i9k7hm58ujy4vykrz298n8z8.png\",\"width\":700,\"height\":466},{\"@type\":\"BreadcrumbList\",\"@id\":\"https:\/\/climatemaster.ge\/az\/product\/shock-freezers-with-fan-frame-on-top\/#breadcrumb\",\"itemListElement\":[{\"@type\":\"ListItem\",\"position\":1,\"name\":\"Home\",\"item\":\"https:\/\/climatemaster.ge\/\"},{\"@type\":\"ListItem\",\"position\":2,\"name\":\"M\u0259hsullar\",\"item\":\"https:\/\/climatemaster.ge\/products\/\"},{\"@type\":\"ListItem\",\"position\":3,\"name\":\"\u00dcst\u00fcnd\u0259 Fan \u00c7\u0259r\u00e7iv\u0259si Olan Amortizatorlar\"}]},{\"@type\":\"WebSite\",\"@id\":\"https:\/\/climatemaster.ge\/#website\",\"url\":\"https:\/\/climatemaster.ge\/\",\"name\":\"Climate Master\",\"description\":\"\",\"publisher\":{\"@id\":\"https:\/\/climatemaster.ge\/#organization\"},\"potentialAction\":[{\"@type\":\"SearchAction\",\"target\":{\"@type\":\"EntryPoint\",\"urlTemplate\":\"https:\/\/climatemaster.ge\/?s={search_term_string}\"},\"query-input\":{\"@type\":\"PropertyValueSpecification\",\"valueRequired\":true,\"valueName\":\"search_term_string\"}}],\"inLanguage\":\"az\"},{\"@type\":\"Organization\",\"@id\":\"https:\/\/climatemaster.ge\/#organization\",\"name\":\"Climate Master\",\"url\":\"https:\/\/climatemaster.ge\/\",\"logo\":{\"@type\":\"ImageObject\",\"inLanguage\":\"az\",\"@id\":\"https:\/\/climatemaster.ge\/#\/schema\/logo\/image\/\",\"url\":\"https:\/\/climatemaster.ge\/wp-content\/uploads\/2026\/03\/Untitled-2.png\",\"contentUrl\":\"https:\/\/climatemaster.ge\/wp-content\/uploads\/2026\/03\/Untitled-2.png\",\"width\":600,\"height\":338,\"caption\":\"Climate Master\"},\"image\":{\"@id\":\"https:\/\/climatemaster.ge\/#\/schema\/logo\/image\/\"}}]}<\/script>\n<!-- \/ Yoast SEO plugin. -->","yoast_head_json":{"title":"\u00dcst\u00fcnd\u0259 Fan \u00c7\u0259r\u00e7iv\u0259si Olan Amortizatorlar - Climate Master","robots":{"index":"index","follow":"follow","max-snippet":"max-snippet:-1","max-image-preview":"max-image-preview:large","max-video-preview":"max-video-preview:-1"},"canonical":"https:\/\/climatemaster.ge\/az\/product\/shock-freezers-with-fan-frame-on-top\/","og_locale":"az_AZ","og_type":"article","og_title":"\u00dcst\u00fcnd\u0259 Fan \u00c7\u0259r\u00e7iv\u0259si Olan Amortizatorlar - Climate Master","og_description":"BTV \u00dcst ventilyator \u00e7\u0259r\u00e7iv\u0259si v\u0259 h\u00fcnd\u00fcrl\u00fcy\u00fc t\u0259nziml\u0259n\u0259n ayaqlar\u0131 olan BTV buxarland\u0131r\u0131c\u0131lar\u0131 statik dondurma tunell\u0259ri v\u0259 partlay\u0131\u015f soyuducular\u0131 kimi geni\u015f \u00e7e\u015fidli s\u0259naye t\u0259tbiql\u0259ri \u00fc\u00e7\u00fcn ideald\u0131r.  Paslanmayan polad boru v\u0259 al\u00fcminium fin (StSt\/Al) il\u0259 istehsal edilmi\u015fdir. B\u00fct\u00fcn soyuducularla (NH\u2083, CO\u2082, qlikol, HFC v\u0259 s.) uy\u011fun g\u0259lir. 1-d\u0259n 6-a q\u0259d\u0259r oxlu ventilyator (\u00d8800, 900) modul dizayn\u0131. Fin add\u0131m\u0131: 7-10-12 mm.  BTV seriyal\u0131 buxarland\u0131r\u0131c\u0131lar d\u00f6\u015f\u0259m\u0259 qura\u015fd\u0131r\u0131lmas\u0131 \u00fc\u00e7\u00fcn s\u0259naye qur\u011fular\u0131d\u0131r. Onlar y\u00fcks\u0259k s\u0259m\u0259r\u0259lilik t\u0259klif edir v\u0259 su basm\u0131\u015f NH\u2083 v\u0259 ya CO\u2082 sisteml\u0259ri (h\u0259m pompalanan, h\u0259m d\u0259 \u00e7\u0259kisi) \u00fc\u00e7\u00fcn x\u00fcsusi olaraq haz\u0131rlanm\u0131\u015fd\u0131r. Sa\u011flam d\u0259yi\u015fdiricil\u0259rimiz y\u00fcks\u0259k performans t\u0259klif edir v\u0259 korroziyaya y\u00fcks\u0259k davaml\u0131d\u0131r.  BTV seriyas\u0131 f\u0259rdi h\u0259ll\u0259rd\u0259 t\u0259tbiq \u00fc\u00e7\u00fcn y\u00fcks\u0259k d\u0259r\u0259c\u0259d\u0259 \u00e7evikliy\u0259 malik buxarland\u0131r\u0131c\u0131lardan ibar\u0259tdir.","og_url":"https:\/\/climatemaster.ge\/az\/product\/shock-freezers-with-fan-frame-on-top\/","og_site_name":"Climate Master","article_modified_time":"2025-05-25T10:49:23+00:00","og_image":[{"width":700,"height":466,"url":"https:\/\/climatemaster.ge\/wp-content\/uploads\/2025\/05\/Shock-Freezers-With-Fan-Frame-On-Top_senzal-qdd9i23t5i4yb67446i9k7hm58ujy4vykrz298n8z8.png","type":"image\/png"}],"twitter_card":"summary_large_image","twitter_misc":{"Est. reading time":"1 minute"},"schema":{"@context":"https:\/\/schema.org","@graph":[{"@type":"WebPage","@id":"https:\/\/climatemaster.ge\/az\/product\/shock-freezers-with-fan-frame-on-top\/","url":"https:\/\/climatemaster.ge\/az\/product\/shock-freezers-with-fan-frame-on-top\/","name":"\u00dcst\u00fcnd\u0259 Fan \u00c7\u0259r\u00e7iv\u0259si Olan Amortizatorlar - Climate Master","isPartOf":{"@id":"https:\/\/climatemaster.ge\/#website"},"primaryImageOfPage":{"@id":"https:\/\/climatemaster.ge\/az\/product\/shock-freezers-with-fan-frame-on-top\/#primaryimage"},"image":{"@id":"https:\/\/climatemaster.ge\/az\/product\/shock-freezers-with-fan-frame-on-top\/#primaryimage"},"thumbnailUrl":"https:\/\/climatemaster.ge\/wp-content\/uploads\/2025\/05\/Shock-Freezers-With-Fan-Frame-On-Top_senzal-qdd9i23t5i4yb67446i9k7hm58ujy4vykrz298n8z8.png","datePublished":"2025-05-25T10:38:14+00:00","dateModified":"2025-05-25T10:49:23+00:00","breadcrumb":{"@id":"https:\/\/climatemaster.ge\/az\/product\/shock-freezers-with-fan-frame-on-top\/#breadcrumb"},"inLanguage":"az","potentialAction":[{"@type":"ReadAction","target":["https:\/\/climatemaster.ge\/az\/product\/shock-freezers-with-fan-frame-on-top\/"]}]},{"@type":"ImageObject","inLanguage":"az","@id":"https:\/\/climatemaster.ge\/az\/product\/shock-freezers-with-fan-frame-on-top\/#primaryimage","url":"https:\/\/climatemaster.ge\/wp-content\/uploads\/2025\/05\/Shock-Freezers-With-Fan-Frame-On-Top_senzal-qdd9i23t5i4yb67446i9k7hm58ujy4vykrz298n8z8.png","contentUrl":"https:\/\/climatemaster.ge\/wp-content\/uploads\/2025\/05\/Shock-Freezers-With-Fan-Frame-On-Top_senzal-qdd9i23t5i4yb67446i9k7hm58ujy4vykrz298n8z8.png","width":700,"height":466},{"@type":"BreadcrumbList","@id":"https:\/\/climatemaster.ge\/az\/product\/shock-freezers-with-fan-frame-on-top\/#breadcrumb","itemListElement":[{"@type":"ListItem","position":1,"name":"Home","item":"https:\/\/climatemaster.ge\/"},{"@type":"ListItem","position":2,"name":"M\u0259hsullar","item":"https:\/\/climatemaster.ge\/products\/"},{"@type":"ListItem","position":3,"name":"\u00dcst\u00fcnd\u0259 Fan \u00c7\u0259r\u00e7iv\u0259si Olan Amortizatorlar"}]},{"@type":"WebSite","@id":"https:\/\/climatemaster.ge\/#website","url":"https:\/\/climatemaster.ge\/","name":"Climate Master","description":"","publisher":{"@id":"https:\/\/climatemaster.ge\/#organization"},"potentialAction":[{"@type":"SearchAction","target":{"@type":"EntryPoint","urlTemplate":"https:\/\/climatemaster.ge\/?s={search_term_string}"},"query-input":{"@type":"PropertyValueSpecification","valueRequired":true,"valueName":"search_term_string"}}],"inLanguage":"az"},{"@type":"Organization","@id":"https:\/\/climatemaster.ge\/#organization","name":"Climate Master","url":"https:\/\/climatemaster.ge\/","logo":{"@type":"ImageObject","inLanguage":"az","@id":"https:\/\/climatemaster.ge\/#\/schema\/logo\/image\/","url":"https:\/\/climatemaster.ge\/wp-content\/uploads\/2026\/03\/Untitled-2.png","contentUrl":"https:\/\/climatemaster.ge\/wp-content\/uploads\/2026\/03\/Untitled-2.png","width":600,"height":338,"caption":"Climate Master"},"image":{"@id":"https:\/\/climatemaster.ge\/#\/schema\/logo\/image\/"}}]}},"_links":{"self":[{"href":"https:\/\/climatemaster.ge\/az\/wp-json\/wp\/v2\/product\/33077","targetHints":{"allow":["GET"]}}],"collection":[{"href":"https:\/\/climatemaster.ge\/az\/wp-json\/wp\/v2\/product"}],"about":[{"href":"https:\/\/climatemaster.ge\/az\/wp-json\/wp\/v2\/types\/product"}],"wp:featuredmedia":[{"embeddable":true,"href":"https:\/\/climatemaster.ge\/az\/wp-json\/wp\/v2\/media\/33072"}],"wp:attachment":[{"href":"https:\/\/climatemaster.ge\/az\/wp-json\/wp\/v2\/media?parent=33077"}],"wp:term":[{"taxonomy":"product_brand","embeddable":true,"href":"https:\/\/climatemaster.ge\/az\/wp-json\/wp\/v2\/product_brand?post=33077"},{"taxonomy":"product_cat","embeddable":true,"href":"https:\/\/climatemaster.ge\/az\/wp-json\/wp\/v2\/product_cat?post=33077"},{"taxonomy":"product_tag","embeddable":true,"href":"https:\/\/climatemaster.ge\/az\/wp-json\/wp\/v2\/product_tag?post=33077"}],"curies":[{"name":"wp","href":"https:\/\/api.w.org\/{rel}","templated":true}]}}