{"id":32916,"date":"2025-05-24T17:38:04","date_gmt":"2025-05-24T13:38:04","guid":{"rendered":"https:\/\/airsystems.ge\/shop\/product\/ntc-cooling-towers\/"},"modified":"2025-05-24T17:44:15","modified_gmt":"2025-05-24T13:44:15","slug":"ntc-cooling-towers","status":"publish","type":"product","link":"https:\/\/climatemaster.ge\/az\/product\/ntc-cooling-towers\/","title":{"rendered":"NTC Soyutma Q\u00fcll\u0259l\u0259ri"},"content":{"rendered":"<p><strong>X\u00fcsusiyy\u0259tl\u0259r<\/strong><\/p>\n<p>Maksimum enerji q\u0259na\u0259ti v\u0259 a\u015fa\u011f\u0131 qura\u015fd\u0131rma d\u0259y\u0259ri<br \/>\nStandart olaraq kommutasiya edilmi\u015f elektronika il\u0259 EC m\u00fch\u0259rrikl\u0259ri olan eksenel fanatlar<br \/>\nGRP (fiberglasla g\u00fccl\u0259ndirilmi\u015f polyester) korpus<br \/>\nPaslanmayan polad vintl\u0259r<br \/>\nStandart olaraq paslanmayan poladdan anti-kavitasiya filtri<br \/>\nB\u00fct\u00fcn xidm\u0259t edil\u0259 bil\u0259n hiss\u0259l\u0259r\u0259 \u00e7ox asan giri\u015f<\/p>\n<p><strong>Aksesuarlar<\/strong><\/p>\n<p>\u0130stilik m\u00fcbadil\u0259si bobinind\u0259 \u00e7oxlu m\u00fcst\u0259qil d\u00f6vr\u0259l\u0259r<br \/>\nM\u00fcbadil\u0259 bobini tamamil\u0259 paslanmayan poladdan, h\u0259m AISI 304L, h\u0259m d\u0259 AISI 316L keyfiyy\u0259tind\u0259dir<br \/>\nQaynar su h\u00f6vz\u0259sind\u0259 qura\u015fd\u0131r\u0131lm\u0131\u015f q\u0131zd\u0131r\u0131c\u0131 element<br \/>\nMexanik \u015famand\u0131ra klapan\u0131 \u0259v\u0259z etm\u0259k \u00fc\u00e7\u00fcn elektron s\u0259viyy\u0259y\u0259 n\u0259zar\u0259t<br \/>\nE-CARE suyun keyfiyy\u0259tin\u0259 n\u0259zar\u0259t sistemi<br \/>\nEhtiyat nasos \u00e7ek valve il\u0259 qura\u015fd\u0131r\u0131lm\u0131\u015fd\u0131r<br \/>\nF\u0259rdil\u0259\u015fdiril\u0259 bil\u0259n r\u0259ng<br \/>\nSiqnal i\u015f\u0131qlar\u0131<br \/>\nBax\u0131m \u00fc\u00e7\u00fcn n\u0259rdivan v\u0259 perimetr ke\u00e7idl\u0259ri, yaln\u0131z GRP-d\u0259 istehsal edilmi\u015fdir<br \/>\n24 saat sat\u0131\u015f sonras\u0131 xidm\u0259t il\u0259 5 illik uzad\u0131lm\u0131\u015f Premium z\u0259man\u0259t<\/p>\n<p>&nbsp;<\/p>\n","protected":false},"excerpt":{"rendered":"<div class=\"elementor-element elementor-element-f80f489 elementor-widget elementor-widget-heading\" data-id=\"f80f489\" data-element_type=\"widget\" data-widget_type=\"heading.default\">\n<div class=\"elementor-widget-container\">\n<div class=\"elementor-heading-title elementor-size-default\">\n<p>Qapal\u0131 D\u00f6vr\u0259li Soyuducu Q\u00fcll\u0259l\u0259r<br \/>\nSon n\u0259sil qapal\u0131 d\u00f6vr\u0259 soyuducu q\u00fcll\u0259l\u0259r, m\u0259cburi qaralama \u0259ks ax\u0131n icras\u0131. Fiberglasla g\u00fccl\u0259ndirilmi\u015f polyester korpus, standart olaraq EC eksenel ventilyatorlar v\u0259 minimum soyuducu y\u00fckl\u00fc ultra kompakt rulon.<\/p>\n<p>NTC seriyal\u0131 qapal\u0131 d\u00f6vr\u0259li soyutma q\u00fcll\u0259l\u0259ri \u00f6z vaxt\u0131n\u0131 qabaqlay\u0131r. Bunlar, korroziyaya qar\u015f\u0131 b\u00f6y\u00fck m\u00fcqavim\u0259ti v\u0259 \u0259n y\u00fcks\u0259k performans\u0131 t\u0259min ed\u0259n x\u00fcsusiyy\u0259tl\u0259r\u0259 malik, \u015f\u00fc\u015f\u0259 lifl\u0259 g\u00fccl\u0259ndirilmi\u015f polyester (GRP) korpuslu m\u0259cburi \u00e7\u0259kili\u015f \u0259leyhin\u0259 c\u0259r\u0259yan soyutma q\u00fcll\u0259l\u0259ridir.<\/p>\n<p>NTC soyutma q\u00fcll\u0259l\u0259ri innovativ EC texnologiyas\u0131 (inteqrasiya edilmi\u015f n\u0259zar\u0259t\u00e7i) il\u0259 elektrik m\u00fch\u0259rrikl\u0259rini \u00f6z\u00fcnd\u0259 birl\u0259\u015fdirir v\u0259 \u00e7ox a\u015fa\u011f\u0131 s\u0259s t\u0259zyiqi s\u0259viyy\u0259sin\u0259 v\u0259 buna g\u00f6r\u0259 d\u0259 \u00e7ox s\u0259ssiz i\u015fl\u0259m\u0259y\u0259 malikdir. EC m\u00fch\u0259rrikl\u0259ri IE4 t\u0259l\u0259bl\u0259rini \u00fcst\u0259l\u0259y\u0259n \u00fcst\u00fcn s\u0259m\u0259r\u0259liliy\u0259 malikdir.<\/p>\n<p>EC m\u00fch\u0259rrikl\u0259rinin inteqrasiya olunmu\u015f elektronikas\u0131, VFD il\u0259 AC m\u00fch\u0259rrikl\u0259ri il\u0259 m\u00fcqayis\u0259d\u0259 enerji istehlak\u0131n\u0131 azaltmaqla, qura\u015fd\u0131rman\u0131n maksimum enerji q\u0259na\u0259ti \u00fc\u00e7\u00fcn ventilyatorun d\u0259yi\u015f\u0259n s\u00fcr\u0259tin\u0259 n\u0259zar\u0259t etm\u0259y\u0259 imkan verir.<\/p>\n<p>NTC q\u00fcll\u0259l\u0259ri haz\u0131rda ErP 2023 standart\u0131n\u0131 a\u015faraq bazarda m\u00f6vcud olan \u0259n enerjiy\u0259 q\u0259na\u0259t ed\u0259n avadanl\u0131qd\u0131r.<\/p>\n<p>Birba\u015fa \u00f6t\u00fcr\u00fcc\u00fc m\u00fch\u0259rrikl\u0259ri olan ventilyatorlar k\u0259m\u0259rl\u0259 idar\u0259 olunan m\u00fch\u0259rrikl\u0259rin m\u00fcmk\u00fcn mexaniki nasazl\u0131qlar\u0131n\u0131 aradan qald\u0131r\u0131r.<br \/>\nNTC q\u00fcll\u0259l\u0259rinin batareyalar\u0131 UNE.EN ISO 1461:2010 standart\u0131na uy\u011fun olaraq fasil\u0259siz prosesd\u0259 isti dald\u0131rma sinkl\u0259nmi\u015fdir.<\/p>\n<p>Hava giri\u015fi yaln\u0131z bir t\u0259r\u0259fd\u0259ndir ki, bu da onun modul \u015f\u0259kild\u0259 h\u0259yata ke\u00e7irilm\u0259sin\u0259, laz\u0131mi m\u0259rt\u0259b\u0259 sah\u0259sini v\u0259 s\u0259ssiz t\u0259r\u0259fin s\u0259s-k\u00fcy\u0259 h\u0259ssas \u0259razil\u0259r\u0259 do\u011fru yerl\u0259\u015fm\u0259sini optimalla\u015fd\u0131rma\u011fa imkan verir. Fanlar quru hava udma b\u00f6lm\u0259sind\u0259 qura\u015fd\u0131r\u0131l\u0131r ki, bu da kondensasiyan\u0131n qar\u015f\u0131s\u0131n\u0131 al\u0131r v\u0259 korroziya probleml\u0259rini v\u0259 vaxt\u0131ndan \u0259vv\u0259l mexaniki nasazl\u0131qlar\u0131 aradan qald\u0131r\u0131r.<\/p>\n<p>EOS damc\u0131 eliminatorlar\u0131n\u0131n unikal \u0259yri h\u0259nd\u0259s\u0259si \u00fc\u00e7 t\u0259sir zonas\u0131 il\u0259 hava ax\u0131n\u0131 istiqam\u0259tind\u0259 d\u00f6rd d\u0259yi\u015fikliyi v\u0259 hava ax\u0131n\u0131nda m\u00f6vcud olan su damc\u0131lar\u0131n\u0131 saxlayan \u00fcst-\u00fcst\u0259 d\u00fc\u015f\u0259n t\u0259b\u0259q\u0259l\u0259ri olan h\u00fcceyr\u0259 qurulu\u015funu t\u0259min edir v\u0259 s\u00fcrt\u00fcnm\u0259ni 0,001%-d\u0259n az azald\u0131r.<br \/>\nBo\u015faltma ba\u011flant\u0131s\u0131na do\u011fru iki ox \u00fcz\u0259rind\u0259 iki yamacl\u0131, \u00f6z\u00fc-bo\u015faltma dizaynl\u0131 su h\u00f6vz\u0259si tam bo\u015falma\u011fa imkan verir. H\u00f6vz\u0259 tamamil\u0259 diafand\u0131r, \u0259l\u00e7atmaz sah\u0259l\u0259r v\u0259 geni\u015f daxili sah\u0259 yoxdur ki, bu da yoxlama v\u0259 t\u0259mizl\u0259m\u0259 \u00fc\u00e7\u00fcn asan v\u0259 rahat giri\u015f imkan\u0131 verir.<\/p>\n<p>NTC diapazonu h\u0259tta C5 kateqoriyal\u0131 m\u00fchitl\u0259rd\u0259 d\u00fczg\u00fcn qura\u015fd\u0131rma v\u0259 istismar \u00fc\u00e7\u00fcn n\u0259z\u0259rd\u0259 tutulmu\u015fdur (ISO 9223:1992-y\u0259 uy\u011fun olaraq maksimum korroziya d\u0259r\u0259c\u0259si \u2013 d\u0259niz v\u0259 ya a\u011f\u0131r s\u0259naye m\u00fchiti).<\/p>\n<\/div>\n<\/div>\n<\/div>\n","protected":false},"featured_media":32911,"template":"","meta":[],"product_brand":[],"product_cat":[1631,875],"product_tag":[],"class_list":{"0":"post-32916","1":"product","2":"type-product","3":"status-publish","4":"has-post-thumbnail","6":"product_cat-kondensator","7":"product_cat-snaye-az-kondisionerlr","9":"first","10":"instock","11":"shipping-taxable","12":"product-type-simple"},"yoast_head":"<!-- This site is optimized with the Yoast SEO plugin v27.1.1 - https:\/\/yoast.com\/product\/yoast-seo-wordpress\/ -->\n<title>NTC Soyutma Q\u00fcll\u0259l\u0259ri - Climate Master<\/title>\n<meta name=\"robots\" content=\"index, follow, max-snippet:-1, max-image-preview:large, max-video-preview:-1\" \/>\n<link rel=\"canonical\" href=\"https:\/\/climatemaster.ge\/az\/product\/ntc-cooling-towers\/\" \/>\n<meta property=\"og:locale\" content=\"az_AZ\" \/>\n<meta property=\"og:type\" content=\"article\" \/>\n<meta property=\"og:title\" content=\"NTC Soyutma Q\u00fcll\u0259l\u0259ri - Climate Master\" \/>\n<meta property=\"og:description\" content=\"Qapal\u0131 D\u00f6vr\u0259li Soyuducu Q\u00fcll\u0259l\u0259r Son n\u0259sil qapal\u0131 d\u00f6vr\u0259 soyuducu q\u00fcll\u0259l\u0259r, m\u0259cburi qaralama \u0259ks ax\u0131n icras\u0131. Fiberglasla g\u00fccl\u0259ndirilmi\u015f polyester korpus, standart olaraq EC eksenel ventilyatorlar v\u0259 minimum soyuducu y\u00fckl\u00fc ultra kompakt rulon.  NTC seriyal\u0131 qapal\u0131 d\u00f6vr\u0259li soyutma q\u00fcll\u0259l\u0259ri \u00f6z vaxt\u0131n\u0131 qabaqlay\u0131r. Bunlar, korroziyaya qar\u015f\u0131 b\u00f6y\u00fck m\u00fcqavim\u0259ti v\u0259 \u0259n y\u00fcks\u0259k performans\u0131 t\u0259min ed\u0259n x\u00fcsusiyy\u0259tl\u0259r\u0259 malik, \u015f\u00fc\u015f\u0259 lifl\u0259 g\u00fccl\u0259ndirilmi\u015f polyester (GRP) korpuslu m\u0259cburi \u00e7\u0259kili\u015f \u0259leyhin\u0259 c\u0259r\u0259yan soyutma q\u00fcll\u0259l\u0259ridir.  NTC soyutma q\u00fcll\u0259l\u0259ri innovativ EC texnologiyas\u0131 (inteqrasiya edilmi\u015f n\u0259zar\u0259t\u00e7i) il\u0259 elektrik m\u00fch\u0259rrikl\u0259rini \u00f6z\u00fcnd\u0259 birl\u0259\u015fdirir v\u0259 \u00e7ox a\u015fa\u011f\u0131 s\u0259s t\u0259zyiqi s\u0259viyy\u0259sin\u0259 v\u0259 buna g\u00f6r\u0259 d\u0259 \u00e7ox s\u0259ssiz i\u015fl\u0259m\u0259y\u0259 malikdir. EC m\u00fch\u0259rrikl\u0259ri IE4 t\u0259l\u0259bl\u0259rini \u00fcst\u0259l\u0259y\u0259n \u00fcst\u00fcn s\u0259m\u0259r\u0259liliy\u0259 malikdir.  EC m\u00fch\u0259rrikl\u0259rinin inteqrasiya olunmu\u015f elektronikas\u0131, VFD il\u0259 AC m\u00fch\u0259rrikl\u0259ri il\u0259 m\u00fcqayis\u0259d\u0259 enerji istehlak\u0131n\u0131 azaltmaqla, qura\u015fd\u0131rman\u0131n maksimum enerji q\u0259na\u0259ti \u00fc\u00e7\u00fcn ventilyatorun d\u0259yi\u015f\u0259n s\u00fcr\u0259tin\u0259 n\u0259zar\u0259t etm\u0259y\u0259 imkan verir.  NTC q\u00fcll\u0259l\u0259ri haz\u0131rda ErP 2023 standart\u0131n\u0131 a\u015faraq bazarda m\u00f6vcud olan \u0259n enerjiy\u0259 q\u0259na\u0259t ed\u0259n avadanl\u0131qd\u0131r.  Birba\u015fa \u00f6t\u00fcr\u00fcc\u00fc m\u00fch\u0259rrikl\u0259ri olan ventilyatorlar k\u0259m\u0259rl\u0259 idar\u0259 olunan m\u00fch\u0259rrikl\u0259rin m\u00fcmk\u00fcn mexaniki nasazl\u0131qlar\u0131n\u0131 aradan qald\u0131r\u0131r. NTC q\u00fcll\u0259l\u0259rinin batareyalar\u0131 UNE.EN ISO 1461:2010 standart\u0131na uy\u011fun olaraq fasil\u0259siz prosesd\u0259 isti dald\u0131rma sinkl\u0259nmi\u015fdir.  Hava giri\u015fi yaln\u0131z bir t\u0259r\u0259fd\u0259ndir ki, bu da onun modul \u015f\u0259kild\u0259 h\u0259yata ke\u00e7irilm\u0259sin\u0259, laz\u0131mi m\u0259rt\u0259b\u0259 sah\u0259sini v\u0259 s\u0259ssiz t\u0259r\u0259fin s\u0259s-k\u00fcy\u0259 h\u0259ssas \u0259razil\u0259r\u0259 do\u011fru yerl\u0259\u015fm\u0259sini optimalla\u015fd\u0131rma\u011fa imkan verir. Fanlar quru hava udma b\u00f6lm\u0259sind\u0259 qura\u015fd\u0131r\u0131l\u0131r ki, bu da kondensasiyan\u0131n qar\u015f\u0131s\u0131n\u0131 al\u0131r v\u0259 korroziya probleml\u0259rini v\u0259 vaxt\u0131ndan \u0259vv\u0259l mexaniki nasazl\u0131qlar\u0131 aradan qald\u0131r\u0131r.  EOS damc\u0131 eliminatorlar\u0131n\u0131n unikal \u0259yri h\u0259nd\u0259s\u0259si \u00fc\u00e7 t\u0259sir zonas\u0131 il\u0259 hava ax\u0131n\u0131 istiqam\u0259tind\u0259 d\u00f6rd d\u0259yi\u015fikliyi v\u0259 hava ax\u0131n\u0131nda m\u00f6vcud olan su damc\u0131lar\u0131n\u0131 saxlayan \u00fcst-\u00fcst\u0259 d\u00fc\u015f\u0259n t\u0259b\u0259q\u0259l\u0259ri olan h\u00fcceyr\u0259 qurulu\u015funu t\u0259min edir v\u0259 s\u00fcrt\u00fcnm\u0259ni 0,001%-d\u0259n az azald\u0131r. Bo\u015faltma ba\u011flant\u0131s\u0131na do\u011fru iki ox \u00fcz\u0259rind\u0259 iki yamacl\u0131, \u00f6z\u00fc-bo\u015faltma dizaynl\u0131 su h\u00f6vz\u0259si tam bo\u015falma\u011fa imkan verir. H\u00f6vz\u0259 tamamil\u0259 diafand\u0131r, \u0259l\u00e7atmaz sah\u0259l\u0259r v\u0259 geni\u015f daxili sah\u0259 yoxdur ki, bu da yoxlama v\u0259 t\u0259mizl\u0259m\u0259 \u00fc\u00e7\u00fcn asan v\u0259 rahat giri\u015f imkan\u0131 verir.  NTC diapazonu h\u0259tta C5 kateqoriyal\u0131 m\u00fchitl\u0259rd\u0259 d\u00fczg\u00fcn qura\u015fd\u0131rma v\u0259 istismar \u00fc\u00e7\u00fcn n\u0259z\u0259rd\u0259 tutulmu\u015fdur (ISO 9223:1992-y\u0259 uy\u011fun olaraq maksimum korroziya d\u0259r\u0259c\u0259si \u2013 d\u0259niz v\u0259 ya a\u011f\u0131r s\u0259naye m\u00fchiti).\" \/>\n<meta property=\"og:url\" content=\"https:\/\/climatemaster.ge\/az\/product\/ntc-cooling-towers\/\" \/>\n<meta property=\"og:site_name\" content=\"Climate Master\" \/>\n<meta property=\"article:modified_time\" content=\"2025-05-24T13:44:15+00:00\" \/>\n<meta property=\"og:image\" content=\"https:\/\/climatemaster.ge\/wp-content\/uploads\/2025\/05\/Closed-Circuit-Cooling-Towers-qdd9ey8y4ic3mr2p3ns8njp25en0qf2tws5lwfckjm.png\" \/>\n\t<meta property=\"og:image:width\" content=\"500\" \/>\n\t<meta property=\"og:image:height\" content=\"333\" \/>\n\t<meta property=\"og:image:type\" content=\"image\/png\" \/>\n<meta name=\"twitter:card\" content=\"summary_large_image\" \/>\n<meta name=\"twitter:label1\" content=\"Est. reading time\" \/>\n\t<meta name=\"twitter:data1\" content=\"1 minute\" \/>\n<script type=\"application\/ld+json\" class=\"yoast-schema-graph\">{\"@context\":\"https:\/\/schema.org\",\"@graph\":[{\"@type\":\"WebPage\",\"@id\":\"https:\/\/climatemaster.ge\/az\/product\/ntc-cooling-towers\/\",\"url\":\"https:\/\/climatemaster.ge\/az\/product\/ntc-cooling-towers\/\",\"name\":\"NTC Soyutma Q\u00fcll\u0259l\u0259ri - Climate Master\",\"isPartOf\":{\"@id\":\"https:\/\/climatemaster.ge\/#website\"},\"primaryImageOfPage\":{\"@id\":\"https:\/\/climatemaster.ge\/az\/product\/ntc-cooling-towers\/#primaryimage\"},\"image\":{\"@id\":\"https:\/\/climatemaster.ge\/az\/product\/ntc-cooling-towers\/#primaryimage\"},\"thumbnailUrl\":\"https:\/\/climatemaster.ge\/wp-content\/uploads\/2025\/05\/Closed-Circuit-Cooling-Towers-qdd9ey8y4ic3mr2p3ns8njp25en0qf2tws5lwfckjm.png\",\"datePublished\":\"2025-05-24T13:38:04+00:00\",\"dateModified\":\"2025-05-24T13:44:15+00:00\",\"breadcrumb\":{\"@id\":\"https:\/\/climatemaster.ge\/az\/product\/ntc-cooling-towers\/#breadcrumb\"},\"inLanguage\":\"az\",\"potentialAction\":[{\"@type\":\"ReadAction\",\"target\":[\"https:\/\/climatemaster.ge\/az\/product\/ntc-cooling-towers\/\"]}]},{\"@type\":\"ImageObject\",\"inLanguage\":\"az\",\"@id\":\"https:\/\/climatemaster.ge\/az\/product\/ntc-cooling-towers\/#primaryimage\",\"url\":\"https:\/\/climatemaster.ge\/wp-content\/uploads\/2025\/05\/Closed-Circuit-Cooling-Towers-qdd9ey8y4ic3mr2p3ns8njp25en0qf2tws5lwfckjm.png\",\"contentUrl\":\"https:\/\/climatemaster.ge\/wp-content\/uploads\/2025\/05\/Closed-Circuit-Cooling-Towers-qdd9ey8y4ic3mr2p3ns8njp25en0qf2tws5lwfckjm.png\",\"width\":500,\"height\":333},{\"@type\":\"BreadcrumbList\",\"@id\":\"https:\/\/climatemaster.ge\/az\/product\/ntc-cooling-towers\/#breadcrumb\",\"itemListElement\":[{\"@type\":\"ListItem\",\"position\":1,\"name\":\"Home\",\"item\":\"https:\/\/climatemaster.ge\/\"},{\"@type\":\"ListItem\",\"position\":2,\"name\":\"M\u0259hsullar\",\"item\":\"https:\/\/climatemaster.ge\/products\/\"},{\"@type\":\"ListItem\",\"position\":3,\"name\":\"NTC Soyutma Q\u00fcll\u0259l\u0259ri\"}]},{\"@type\":\"WebSite\",\"@id\":\"https:\/\/climatemaster.ge\/#website\",\"url\":\"https:\/\/climatemaster.ge\/\",\"name\":\"Climate Master\",\"description\":\"\",\"publisher\":{\"@id\":\"https:\/\/climatemaster.ge\/#organization\"},\"potentialAction\":[{\"@type\":\"SearchAction\",\"target\":{\"@type\":\"EntryPoint\",\"urlTemplate\":\"https:\/\/climatemaster.ge\/?s={search_term_string}\"},\"query-input\":{\"@type\":\"PropertyValueSpecification\",\"valueRequired\":true,\"valueName\":\"search_term_string\"}}],\"inLanguage\":\"az\"},{\"@type\":\"Organization\",\"@id\":\"https:\/\/climatemaster.ge\/#organization\",\"name\":\"Climate Master\",\"url\":\"https:\/\/climatemaster.ge\/\",\"logo\":{\"@type\":\"ImageObject\",\"inLanguage\":\"az\",\"@id\":\"https:\/\/climatemaster.ge\/#\/schema\/logo\/image\/\",\"url\":\"https:\/\/climatemaster.ge\/wp-content\/uploads\/2026\/03\/Untitled-2.png\",\"contentUrl\":\"https:\/\/climatemaster.ge\/wp-content\/uploads\/2026\/03\/Untitled-2.png\",\"width\":600,\"height\":338,\"caption\":\"Climate Master\"},\"image\":{\"@id\":\"https:\/\/climatemaster.ge\/#\/schema\/logo\/image\/\"}}]}<\/script>\n<!-- \/ Yoast SEO plugin. -->","yoast_head_json":{"title":"NTC Soyutma Q\u00fcll\u0259l\u0259ri - Climate Master","robots":{"index":"index","follow":"follow","max-snippet":"max-snippet:-1","max-image-preview":"max-image-preview:large","max-video-preview":"max-video-preview:-1"},"canonical":"https:\/\/climatemaster.ge\/az\/product\/ntc-cooling-towers\/","og_locale":"az_AZ","og_type":"article","og_title":"NTC Soyutma Q\u00fcll\u0259l\u0259ri - Climate Master","og_description":"Qapal\u0131 D\u00f6vr\u0259li Soyuducu Q\u00fcll\u0259l\u0259r Son n\u0259sil qapal\u0131 d\u00f6vr\u0259 soyuducu q\u00fcll\u0259l\u0259r, m\u0259cburi qaralama \u0259ks ax\u0131n icras\u0131. Fiberglasla g\u00fccl\u0259ndirilmi\u015f polyester korpus, standart olaraq EC eksenel ventilyatorlar v\u0259 minimum soyuducu y\u00fckl\u00fc ultra kompakt rulon.  NTC seriyal\u0131 qapal\u0131 d\u00f6vr\u0259li soyutma q\u00fcll\u0259l\u0259ri \u00f6z vaxt\u0131n\u0131 qabaqlay\u0131r. Bunlar, korroziyaya qar\u015f\u0131 b\u00f6y\u00fck m\u00fcqavim\u0259ti v\u0259 \u0259n y\u00fcks\u0259k performans\u0131 t\u0259min ed\u0259n x\u00fcsusiyy\u0259tl\u0259r\u0259 malik, \u015f\u00fc\u015f\u0259 lifl\u0259 g\u00fccl\u0259ndirilmi\u015f polyester (GRP) korpuslu m\u0259cburi \u00e7\u0259kili\u015f \u0259leyhin\u0259 c\u0259r\u0259yan soyutma q\u00fcll\u0259l\u0259ridir.  NTC soyutma q\u00fcll\u0259l\u0259ri innovativ EC texnologiyas\u0131 (inteqrasiya edilmi\u015f n\u0259zar\u0259t\u00e7i) il\u0259 elektrik m\u00fch\u0259rrikl\u0259rini \u00f6z\u00fcnd\u0259 birl\u0259\u015fdirir v\u0259 \u00e7ox a\u015fa\u011f\u0131 s\u0259s t\u0259zyiqi s\u0259viyy\u0259sin\u0259 v\u0259 buna g\u00f6r\u0259 d\u0259 \u00e7ox s\u0259ssiz i\u015fl\u0259m\u0259y\u0259 malikdir. EC m\u00fch\u0259rrikl\u0259ri IE4 t\u0259l\u0259bl\u0259rini \u00fcst\u0259l\u0259y\u0259n \u00fcst\u00fcn s\u0259m\u0259r\u0259liliy\u0259 malikdir.  EC m\u00fch\u0259rrikl\u0259rinin inteqrasiya olunmu\u015f elektronikas\u0131, VFD il\u0259 AC m\u00fch\u0259rrikl\u0259ri il\u0259 m\u00fcqayis\u0259d\u0259 enerji istehlak\u0131n\u0131 azaltmaqla, qura\u015fd\u0131rman\u0131n maksimum enerji q\u0259na\u0259ti \u00fc\u00e7\u00fcn ventilyatorun d\u0259yi\u015f\u0259n s\u00fcr\u0259tin\u0259 n\u0259zar\u0259t etm\u0259y\u0259 imkan verir.  NTC q\u00fcll\u0259l\u0259ri haz\u0131rda ErP 2023 standart\u0131n\u0131 a\u015faraq bazarda m\u00f6vcud olan \u0259n enerjiy\u0259 q\u0259na\u0259t ed\u0259n avadanl\u0131qd\u0131r.  Birba\u015fa \u00f6t\u00fcr\u00fcc\u00fc m\u00fch\u0259rrikl\u0259ri olan ventilyatorlar k\u0259m\u0259rl\u0259 idar\u0259 olunan m\u00fch\u0259rrikl\u0259rin m\u00fcmk\u00fcn mexaniki nasazl\u0131qlar\u0131n\u0131 aradan qald\u0131r\u0131r. NTC q\u00fcll\u0259l\u0259rinin batareyalar\u0131 UNE.EN ISO 1461:2010 standart\u0131na uy\u011fun olaraq fasil\u0259siz prosesd\u0259 isti dald\u0131rma sinkl\u0259nmi\u015fdir.  Hava giri\u015fi yaln\u0131z bir t\u0259r\u0259fd\u0259ndir ki, bu da onun modul \u015f\u0259kild\u0259 h\u0259yata ke\u00e7irilm\u0259sin\u0259, laz\u0131mi m\u0259rt\u0259b\u0259 sah\u0259sini v\u0259 s\u0259ssiz t\u0259r\u0259fin s\u0259s-k\u00fcy\u0259 h\u0259ssas \u0259razil\u0259r\u0259 do\u011fru yerl\u0259\u015fm\u0259sini optimalla\u015fd\u0131rma\u011fa imkan verir. Fanlar quru hava udma b\u00f6lm\u0259sind\u0259 qura\u015fd\u0131r\u0131l\u0131r ki, bu da kondensasiyan\u0131n qar\u015f\u0131s\u0131n\u0131 al\u0131r v\u0259 korroziya probleml\u0259rini v\u0259 vaxt\u0131ndan \u0259vv\u0259l mexaniki nasazl\u0131qlar\u0131 aradan qald\u0131r\u0131r.  EOS damc\u0131 eliminatorlar\u0131n\u0131n unikal \u0259yri h\u0259nd\u0259s\u0259si \u00fc\u00e7 t\u0259sir zonas\u0131 il\u0259 hava ax\u0131n\u0131 istiqam\u0259tind\u0259 d\u00f6rd d\u0259yi\u015fikliyi v\u0259 hava ax\u0131n\u0131nda m\u00f6vcud olan su damc\u0131lar\u0131n\u0131 saxlayan \u00fcst-\u00fcst\u0259 d\u00fc\u015f\u0259n t\u0259b\u0259q\u0259l\u0259ri olan h\u00fcceyr\u0259 qurulu\u015funu t\u0259min edir v\u0259 s\u00fcrt\u00fcnm\u0259ni 0,001%-d\u0259n az azald\u0131r. Bo\u015faltma ba\u011flant\u0131s\u0131na do\u011fru iki ox \u00fcz\u0259rind\u0259 iki yamacl\u0131, \u00f6z\u00fc-bo\u015faltma dizaynl\u0131 su h\u00f6vz\u0259si tam bo\u015falma\u011fa imkan verir. H\u00f6vz\u0259 tamamil\u0259 diafand\u0131r, \u0259l\u00e7atmaz sah\u0259l\u0259r v\u0259 geni\u015f daxili sah\u0259 yoxdur ki, bu da yoxlama v\u0259 t\u0259mizl\u0259m\u0259 \u00fc\u00e7\u00fcn asan v\u0259 rahat giri\u015f imkan\u0131 verir.  NTC diapazonu h\u0259tta C5 kateqoriyal\u0131 m\u00fchitl\u0259rd\u0259 d\u00fczg\u00fcn qura\u015fd\u0131rma v\u0259 istismar \u00fc\u00e7\u00fcn n\u0259z\u0259rd\u0259 tutulmu\u015fdur (ISO 9223:1992-y\u0259 uy\u011fun olaraq maksimum korroziya d\u0259r\u0259c\u0259si \u2013 d\u0259niz v\u0259 ya a\u011f\u0131r s\u0259naye m\u00fchiti).","og_url":"https:\/\/climatemaster.ge\/az\/product\/ntc-cooling-towers\/","og_site_name":"Climate Master","article_modified_time":"2025-05-24T13:44:15+00:00","og_image":[{"width":500,"height":333,"url":"https:\/\/climatemaster.ge\/wp-content\/uploads\/2025\/05\/Closed-Circuit-Cooling-Towers-qdd9ey8y4ic3mr2p3ns8njp25en0qf2tws5lwfckjm.png","type":"image\/png"}],"twitter_card":"summary_large_image","twitter_misc":{"Est. reading time":"1 minute"},"schema":{"@context":"https:\/\/schema.org","@graph":[{"@type":"WebPage","@id":"https:\/\/climatemaster.ge\/az\/product\/ntc-cooling-towers\/","url":"https:\/\/climatemaster.ge\/az\/product\/ntc-cooling-towers\/","name":"NTC Soyutma Q\u00fcll\u0259l\u0259ri - Climate Master","isPartOf":{"@id":"https:\/\/climatemaster.ge\/#website"},"primaryImageOfPage":{"@id":"https:\/\/climatemaster.ge\/az\/product\/ntc-cooling-towers\/#primaryimage"},"image":{"@id":"https:\/\/climatemaster.ge\/az\/product\/ntc-cooling-towers\/#primaryimage"},"thumbnailUrl":"https:\/\/climatemaster.ge\/wp-content\/uploads\/2025\/05\/Closed-Circuit-Cooling-Towers-qdd9ey8y4ic3mr2p3ns8njp25en0qf2tws5lwfckjm.png","datePublished":"2025-05-24T13:38:04+00:00","dateModified":"2025-05-24T13:44:15+00:00","breadcrumb":{"@id":"https:\/\/climatemaster.ge\/az\/product\/ntc-cooling-towers\/#breadcrumb"},"inLanguage":"az","potentialAction":[{"@type":"ReadAction","target":["https:\/\/climatemaster.ge\/az\/product\/ntc-cooling-towers\/"]}]},{"@type":"ImageObject","inLanguage":"az","@id":"https:\/\/climatemaster.ge\/az\/product\/ntc-cooling-towers\/#primaryimage","url":"https:\/\/climatemaster.ge\/wp-content\/uploads\/2025\/05\/Closed-Circuit-Cooling-Towers-qdd9ey8y4ic3mr2p3ns8njp25en0qf2tws5lwfckjm.png","contentUrl":"https:\/\/climatemaster.ge\/wp-content\/uploads\/2025\/05\/Closed-Circuit-Cooling-Towers-qdd9ey8y4ic3mr2p3ns8njp25en0qf2tws5lwfckjm.png","width":500,"height":333},{"@type":"BreadcrumbList","@id":"https:\/\/climatemaster.ge\/az\/product\/ntc-cooling-towers\/#breadcrumb","itemListElement":[{"@type":"ListItem","position":1,"name":"Home","item":"https:\/\/climatemaster.ge\/"},{"@type":"ListItem","position":2,"name":"M\u0259hsullar","item":"https:\/\/climatemaster.ge\/products\/"},{"@type":"ListItem","position":3,"name":"NTC Soyutma Q\u00fcll\u0259l\u0259ri"}]},{"@type":"WebSite","@id":"https:\/\/climatemaster.ge\/#website","url":"https:\/\/climatemaster.ge\/","name":"Climate Master","description":"","publisher":{"@id":"https:\/\/climatemaster.ge\/#organization"},"potentialAction":[{"@type":"SearchAction","target":{"@type":"EntryPoint","urlTemplate":"https:\/\/climatemaster.ge\/?s={search_term_string}"},"query-input":{"@type":"PropertyValueSpecification","valueRequired":true,"valueName":"search_term_string"}}],"inLanguage":"az"},{"@type":"Organization","@id":"https:\/\/climatemaster.ge\/#organization","name":"Climate Master","url":"https:\/\/climatemaster.ge\/","logo":{"@type":"ImageObject","inLanguage":"az","@id":"https:\/\/climatemaster.ge\/#\/schema\/logo\/image\/","url":"https:\/\/climatemaster.ge\/wp-content\/uploads\/2026\/03\/Untitled-2.png","contentUrl":"https:\/\/climatemaster.ge\/wp-content\/uploads\/2026\/03\/Untitled-2.png","width":600,"height":338,"caption":"Climate Master"},"image":{"@id":"https:\/\/climatemaster.ge\/#\/schema\/logo\/image\/"}}]}},"_links":{"self":[{"href":"https:\/\/climatemaster.ge\/az\/wp-json\/wp\/v2\/product\/32916","targetHints":{"allow":["GET"]}}],"collection":[{"href":"https:\/\/climatemaster.ge\/az\/wp-json\/wp\/v2\/product"}],"about":[{"href":"https:\/\/climatemaster.ge\/az\/wp-json\/wp\/v2\/types\/product"}],"wp:featuredmedia":[{"embeddable":true,"href":"https:\/\/climatemaster.ge\/az\/wp-json\/wp\/v2\/media\/32911"}],"wp:attachment":[{"href":"https:\/\/climatemaster.ge\/az\/wp-json\/wp\/v2\/media?parent=32916"}],"wp:term":[{"taxonomy":"product_brand","embeddable":true,"href":"https:\/\/climatemaster.ge\/az\/wp-json\/wp\/v2\/product_brand?post=32916"},{"taxonomy":"product_cat","embeddable":true,"href":"https:\/\/climatemaster.ge\/az\/wp-json\/wp\/v2\/product_cat?post=32916"},{"taxonomy":"product_tag","embeddable":true,"href":"https:\/\/climatemaster.ge\/az\/wp-json\/wp\/v2\/product_tag?post=32916"}],"curies":[{"name":"wp","href":"https:\/\/api.w.org\/{rel}","templated":true}]}}