{"id":32904,"date":"2025-05-24T17:28:03","date_gmt":"2025-05-24T13:28:03","guid":{"rendered":"https:\/\/airsystems.ge\/shop\/product\/nh3-v-shaped-condenser\/"},"modified":"2025-05-24T17:31:50","modified_gmt":"2025-05-24T13:31:50","slug":"nh3-v-shaped-condenser","status":"publish","type":"product","link":"https:\/\/climatemaster.ge\/az\/product\/nh3-v-shaped-condenser\/","title":{"rendered":"NH3 V formal\u0131 kondensator"},"content":{"rendered":"<p><strong>X\u00fcsusiyy\u0259tl\u0259r<\/strong><\/p>\n<p>Boru material\u0131. Paslanmayan polad AISI 304 (ist\u0259k \u00fczr\u0259 AISI 316) v\u0259 ya mis<br \/>\nAl\u00fcminium qanadlar. \u0130ste\u011fe ba\u011fl\u0131 olaraq, maqnezium al\u00fcminiumdan v\u0259 ya epoksi qoruyucu il\u0259 al\u00fcminiumdan haz\u0131rlana bil\u0259r<br \/>\nPaslanmayan polad vintl\u0259r<br \/>\nModeld\u0259n as\u0131l\u0131 olaraq IP54 v\u0259 ya IP55 m\u00fch\u0259rrikli ErP Ready eksenel fanatlar; motorun termokontaktlarla qorunmas\u0131<br \/>\nBa\u011flanma v\u0259 ya nasazl\u0131q hal\u0131nda havan\u0131n ke\u00e7m\u0259m\u0259si \u00fc\u00e7\u00fcn c\u00fct-c\u00fct m\u00fcst\u0259qil fanatlar<br \/>\nB\u00f6lm\u0259l\u0259r t\u0259zyiqli v\u0259 Schrader + klapanlar\u0131 il\u0259 \u00e7atd\u0131r\u0131l\u0131r<\/p>\n<p><strong>Aksesuarlar<\/strong><\/p>\n<p>Adiabatik \u00f6n soyutma paneli sistemi v\u0259 sistemin idar\u0259etm\u0259 paneli<br \/>\nY\u00fcks\u0259k performansl\u0131 adiabatik \u00e7il\u0259m\u0259 sistemi<br \/>\nElektron olaraq d\u0259yi\u015fdirilmi\u015f EC eksenel fanatlar<br \/>\nXarici su ke\u00e7irm\u0259y\u0259n qutuya qo\u015fulmu\u015f fanatlar<br \/>\nEpoksi v\u0259 ya maqnezium al\u00fcminium m\u00fchafiz\u0259si il\u0259 \u0259vv\u0259lc\u0259d\u0259n laklanm\u0131\u015f al\u00fcminium \u00fczg\u0259cl\u0259r<br \/>\nPaslanmayan polad korpus<br \/>\nAzarke\u015fl\u0259r \u00fc\u00e7\u00fcn yax\u0131nl\u0131q a\u00e7arlar\u0131<br \/>\nSubsoyutma \u00fc\u00e7\u00fcn sxeml\u0259r<br \/>\nQatlanan ventilyatorlar qanadl\u0131 ba\u011flaman\u0131n yoxlan\u0131lmas\u0131 v\u0259 t\u0259mizl\u0259nm\u0259si \u00fc\u00e7\u00fcn<br \/>\nX\u00fcsusi elektrik g\u0259rginliyi; 60Hz-d\u0259 fanatlar<\/p>\n<p><a class=\"elementor-button elementor-button-link elementor-size-sm\" href=\"https:\/\/www.enextechnologies.com\/wp-content\/uploads\/2024\/09\/One-Pager-NH3-V-SHAPED-CONDENSER-ENG.pdf\" target=\"_blank\" rel=\"noopener\"><span class=\"elementor-button-content-wrapper\"><span class=\"elementor-button-text\">ONE PAGER<\/span><\/span><\/a><\/p>\n","protected":false},"excerpt":{"rendered":"<div class=\"elementor-element elementor-element-70da8153 elementor-widget elementor-widget-theme-page-title elementor-page-title elementor-widget-heading\" data-id=\"70da8153\" data-element_type=\"widget\" data-widget_type=\"theme-page-title.default\">\n<div class=\"elementor-widget-container\">\n<div class=\"elementor-element elementor-element-f80f489 elementor-widget elementor-widget-heading\" data-id=\"f80f489\" data-element_type=\"widget\" data-widget_type=\"heading.default\">\n<div class=\"elementor-widget-container\">\n<div class=\"elementor-heading-title elementor-size-default\">\n<p>CAV: NH3 V formal\u0131 kondensator<br \/>\nV-\u015f\u0259killi adiabatik hava kondensatoru paslanmayan polad borular v\u0259 al\u00fcminium qanadlarla (StSt\/Al) istehsal olunur. O, x\u00fcsusi olaraq NH\u2083 kondensasiyas\u0131 \u00fc\u00e7\u00fcn n\u0259z\u0259rd\u0259 tutulmu\u015fdur. B\u00fct\u00fcn dig\u0259r soyuducular \u00fc\u00e7\u00fcn Cu\/Al-da istehsal oluna bil\u0259r. 2 il\u0259 22 eksenel ventilyator (\u00f8910, 1000) modul dizayn\u0131. Fin add\u0131m\u0131: 2.1-2.3 mm.<\/p>\n<p>NH\u2083 kondensasiyas\u0131 \u00fc\u00e7\u00fcn n\u0259z\u0259rd\u0259 tutulmu\u015f CAV kondensatorlar\u0131 geni\u015f \u00e7e\u015fidd\u0259 soyuducu madd\u0259l\u0259rl\u0259 d\u0259 i\u015fl\u0259y\u0259 bil\u0259r. Sa\u011flam CAV hava kondensatorlar\u0131m\u0131z avadanl\u0131\u011f\u0131 \u0259traf m\u00fchitin korroziyas\u0131ndan qorumaq \u00fc\u00e7\u00fcn polyesterl\u0259 boyanm\u0131\u015f qal\u0131n sinkl\u0259nmi\u015f metal t\u0259b\u0259q\u0259d\u0259n haz\u0131rlan\u0131r.<\/p>\n<p>D\u00f6vr\u0259 dizayn\u0131 v\u0259 boru diametrl\u0259ri \u0259n y\u00fcks\u0259k tutumlu modell\u0259rd\u0259 bel\u0259 minimum t\u0259zyiq d\u00fc\u015fm\u0259si \u00fc\u00e7\u00fcn optimalla\u015fd\u0131r\u0131lm\u0131\u015fd\u0131r. Bu, f\u0259rdi h\u0259ll\u0259rd\u0259 t\u0259tbiq \u00fc\u00e7\u00fcn y\u00fcks\u0259k \u00e7eviklik d\u0259r\u0259c\u0259sin\u0259 malik standart kondensatorlar seriyas\u0131d\u0131r.<\/p>\n<\/div>\n<\/div>\n<\/div>\n<\/div>\n<\/div>\n","protected":false},"featured_media":32898,"template":"","meta":[],"product_brand":[],"product_cat":[1631,875],"product_tag":[],"class_list":{"0":"post-32904","1":"product","2":"type-product","3":"status-publish","4":"has-post-thumbnail","6":"product_cat-kondensator","7":"product_cat-snaye-az-kondisionerlr","9":"first","10":"instock","11":"shipping-taxable","12":"product-type-simple"},"yoast_head":"<!-- This site is optimized with the Yoast SEO plugin v27.1.1 - https:\/\/yoast.com\/product\/yoast-seo-wordpress\/ -->\n<title>NH3 V formal\u0131 kondensator - Climate Master<\/title>\n<meta name=\"robots\" content=\"index, follow, max-snippet:-1, max-image-preview:large, max-video-preview:-1\" \/>\n<link rel=\"canonical\" href=\"https:\/\/climatemaster.ge\/az\/product\/nh3-v-shaped-condenser\/\" \/>\n<meta property=\"og:locale\" content=\"az_AZ\" \/>\n<meta property=\"og:type\" content=\"article\" \/>\n<meta property=\"og:title\" content=\"NH3 V formal\u0131 kondensator - Climate Master\" \/>\n<meta property=\"og:description\" content=\"CAV: NH3 V formal\u0131 kondensator V-\u015f\u0259killi adiabatik hava kondensatoru paslanmayan polad borular v\u0259 al\u00fcminium qanadlarla (StSt\/Al) istehsal olunur. O, x\u00fcsusi olaraq NH\u2083 kondensasiyas\u0131 \u00fc\u00e7\u00fcn n\u0259z\u0259rd\u0259 tutulmu\u015fdur. B\u00fct\u00fcn dig\u0259r soyuducular \u00fc\u00e7\u00fcn Cu\/Al-da istehsal oluna bil\u0259r. 2 il\u0259 22 eksenel ventilyator (\u00f8910, 1000) modul dizayn\u0131. Fin add\u0131m\u0131: 2.1-2.3 mm.  NH\u2083 kondensasiyas\u0131 \u00fc\u00e7\u00fcn n\u0259z\u0259rd\u0259 tutulmu\u015f CAV kondensatorlar\u0131 geni\u015f \u00e7e\u015fidd\u0259 soyuducu madd\u0259l\u0259rl\u0259 d\u0259 i\u015fl\u0259y\u0259 bil\u0259r. Sa\u011flam CAV hava kondensatorlar\u0131m\u0131z avadanl\u0131\u011f\u0131 \u0259traf m\u00fchitin korroziyas\u0131ndan qorumaq \u00fc\u00e7\u00fcn polyesterl\u0259 boyanm\u0131\u015f qal\u0131n sinkl\u0259nmi\u015f metal t\u0259b\u0259q\u0259d\u0259n haz\u0131rlan\u0131r.  D\u00f6vr\u0259 dizayn\u0131 v\u0259 boru diametrl\u0259ri \u0259n y\u00fcks\u0259k tutumlu modell\u0259rd\u0259 bel\u0259 minimum t\u0259zyiq d\u00fc\u015fm\u0259si \u00fc\u00e7\u00fcn optimalla\u015fd\u0131r\u0131lm\u0131\u015fd\u0131r. Bu, f\u0259rdi h\u0259ll\u0259rd\u0259 t\u0259tbiq \u00fc\u00e7\u00fcn y\u00fcks\u0259k \u00e7eviklik d\u0259r\u0259c\u0259sin\u0259 malik standart kondensatorlar seriyas\u0131d\u0131r.\" \/>\n<meta property=\"og:url\" content=\"https:\/\/climatemaster.ge\/az\/product\/nh3-v-shaped-condenser\/\" \/>\n<meta property=\"og:site_name\" content=\"Climate Master\" \/>\n<meta property=\"article:modified_time\" content=\"2025-05-24T13:31:50+00:00\" \/>\n<meta property=\"og:image\" content=\"https:\/\/climatemaster.ge\/wp-content\/uploads\/2025\/05\/V-shaped-Adiabatic-Air-Condensers-1.png\" \/>\n\t<meta property=\"og:image:width\" content=\"600\" \/>\n\t<meta property=\"og:image:height\" content=\"600\" \/>\n\t<meta property=\"og:image:type\" content=\"image\/png\" \/>\n<meta name=\"twitter:card\" content=\"summary_large_image\" \/>\n<meta name=\"twitter:label1\" content=\"Est. reading time\" \/>\n\t<meta name=\"twitter:data1\" content=\"1 minute\" \/>\n<script type=\"application\/ld+json\" class=\"yoast-schema-graph\">{\"@context\":\"https:\/\/schema.org\",\"@graph\":[{\"@type\":\"WebPage\",\"@id\":\"https:\/\/climatemaster.ge\/az\/product\/nh3-v-shaped-condenser\/\",\"url\":\"https:\/\/climatemaster.ge\/az\/product\/nh3-v-shaped-condenser\/\",\"name\":\"NH3 V formal\u0131 kondensator - Climate Master\",\"isPartOf\":{\"@id\":\"https:\/\/climatemaster.ge\/#website\"},\"primaryImageOfPage\":{\"@id\":\"https:\/\/climatemaster.ge\/az\/product\/nh3-v-shaped-condenser\/#primaryimage\"},\"image\":{\"@id\":\"https:\/\/climatemaster.ge\/az\/product\/nh3-v-shaped-condenser\/#primaryimage\"},\"thumbnailUrl\":\"https:\/\/climatemaster.ge\/wp-content\/uploads\/2025\/05\/V-shaped-Adiabatic-Air-Condensers-1.png\",\"datePublished\":\"2025-05-24T13:28:03+00:00\",\"dateModified\":\"2025-05-24T13:31:50+00:00\",\"breadcrumb\":{\"@id\":\"https:\/\/climatemaster.ge\/az\/product\/nh3-v-shaped-condenser\/#breadcrumb\"},\"inLanguage\":\"az\",\"potentialAction\":[{\"@type\":\"ReadAction\",\"target\":[\"https:\/\/climatemaster.ge\/az\/product\/nh3-v-shaped-condenser\/\"]}]},{\"@type\":\"ImageObject\",\"inLanguage\":\"az\",\"@id\":\"https:\/\/climatemaster.ge\/az\/product\/nh3-v-shaped-condenser\/#primaryimage\",\"url\":\"https:\/\/climatemaster.ge\/wp-content\/uploads\/2025\/05\/V-shaped-Adiabatic-Air-Condensers-1.png\",\"contentUrl\":\"https:\/\/climatemaster.ge\/wp-content\/uploads\/2025\/05\/V-shaped-Adiabatic-Air-Condensers-1.png\",\"width\":600,\"height\":600},{\"@type\":\"BreadcrumbList\",\"@id\":\"https:\/\/climatemaster.ge\/az\/product\/nh3-v-shaped-condenser\/#breadcrumb\",\"itemListElement\":[{\"@type\":\"ListItem\",\"position\":1,\"name\":\"Home\",\"item\":\"https:\/\/climatemaster.ge\/\"},{\"@type\":\"ListItem\",\"position\":2,\"name\":\"M\u0259hsullar\",\"item\":\"https:\/\/climatemaster.ge\/products\/\"},{\"@type\":\"ListItem\",\"position\":3,\"name\":\"NH3 V formal\u0131 kondensator\"}]},{\"@type\":\"WebSite\",\"@id\":\"https:\/\/climatemaster.ge\/#website\",\"url\":\"https:\/\/climatemaster.ge\/\",\"name\":\"Climate Master\",\"description\":\"\",\"publisher\":{\"@id\":\"https:\/\/climatemaster.ge\/#organization\"},\"potentialAction\":[{\"@type\":\"SearchAction\",\"target\":{\"@type\":\"EntryPoint\",\"urlTemplate\":\"https:\/\/climatemaster.ge\/?s={search_term_string}\"},\"query-input\":{\"@type\":\"PropertyValueSpecification\",\"valueRequired\":true,\"valueName\":\"search_term_string\"}}],\"inLanguage\":\"az\"},{\"@type\":\"Organization\",\"@id\":\"https:\/\/climatemaster.ge\/#organization\",\"name\":\"Climate Master\",\"url\":\"https:\/\/climatemaster.ge\/\",\"logo\":{\"@type\":\"ImageObject\",\"inLanguage\":\"az\",\"@id\":\"https:\/\/climatemaster.ge\/#\/schema\/logo\/image\/\",\"url\":\"https:\/\/climatemaster.ge\/wp-content\/uploads\/2026\/03\/Untitled-2.png\",\"contentUrl\":\"https:\/\/climatemaster.ge\/wp-content\/uploads\/2026\/03\/Untitled-2.png\",\"width\":600,\"height\":338,\"caption\":\"Climate Master\"},\"image\":{\"@id\":\"https:\/\/climatemaster.ge\/#\/schema\/logo\/image\/\"}}]}<\/script>\n<!-- \/ Yoast SEO plugin. -->","yoast_head_json":{"title":"NH3 V formal\u0131 kondensator - Climate Master","robots":{"index":"index","follow":"follow","max-snippet":"max-snippet:-1","max-image-preview":"max-image-preview:large","max-video-preview":"max-video-preview:-1"},"canonical":"https:\/\/climatemaster.ge\/az\/product\/nh3-v-shaped-condenser\/","og_locale":"az_AZ","og_type":"article","og_title":"NH3 V formal\u0131 kondensator - Climate Master","og_description":"CAV: NH3 V formal\u0131 kondensator V-\u015f\u0259killi adiabatik hava kondensatoru paslanmayan polad borular v\u0259 al\u00fcminium qanadlarla (StSt\/Al) istehsal olunur. O, x\u00fcsusi olaraq NH\u2083 kondensasiyas\u0131 \u00fc\u00e7\u00fcn n\u0259z\u0259rd\u0259 tutulmu\u015fdur. B\u00fct\u00fcn dig\u0259r soyuducular \u00fc\u00e7\u00fcn Cu\/Al-da istehsal oluna bil\u0259r. 2 il\u0259 22 eksenel ventilyator (\u00f8910, 1000) modul dizayn\u0131. Fin add\u0131m\u0131: 2.1-2.3 mm.  NH\u2083 kondensasiyas\u0131 \u00fc\u00e7\u00fcn n\u0259z\u0259rd\u0259 tutulmu\u015f CAV kondensatorlar\u0131 geni\u015f \u00e7e\u015fidd\u0259 soyuducu madd\u0259l\u0259rl\u0259 d\u0259 i\u015fl\u0259y\u0259 bil\u0259r. Sa\u011flam CAV hava kondensatorlar\u0131m\u0131z avadanl\u0131\u011f\u0131 \u0259traf m\u00fchitin korroziyas\u0131ndan qorumaq \u00fc\u00e7\u00fcn polyesterl\u0259 boyanm\u0131\u015f qal\u0131n sinkl\u0259nmi\u015f metal t\u0259b\u0259q\u0259d\u0259n haz\u0131rlan\u0131r.  D\u00f6vr\u0259 dizayn\u0131 v\u0259 boru diametrl\u0259ri \u0259n y\u00fcks\u0259k tutumlu modell\u0259rd\u0259 bel\u0259 minimum t\u0259zyiq d\u00fc\u015fm\u0259si \u00fc\u00e7\u00fcn optimalla\u015fd\u0131r\u0131lm\u0131\u015fd\u0131r. Bu, f\u0259rdi h\u0259ll\u0259rd\u0259 t\u0259tbiq \u00fc\u00e7\u00fcn y\u00fcks\u0259k \u00e7eviklik d\u0259r\u0259c\u0259sin\u0259 malik standart kondensatorlar seriyas\u0131d\u0131r.","og_url":"https:\/\/climatemaster.ge\/az\/product\/nh3-v-shaped-condenser\/","og_site_name":"Climate Master","article_modified_time":"2025-05-24T13:31:50+00:00","og_image":[{"width":600,"height":600,"url":"https:\/\/climatemaster.ge\/wp-content\/uploads\/2025\/05\/V-shaped-Adiabatic-Air-Condensers-1.png","type":"image\/png"}],"twitter_card":"summary_large_image","twitter_misc":{"Est. reading time":"1 minute"},"schema":{"@context":"https:\/\/schema.org","@graph":[{"@type":"WebPage","@id":"https:\/\/climatemaster.ge\/az\/product\/nh3-v-shaped-condenser\/","url":"https:\/\/climatemaster.ge\/az\/product\/nh3-v-shaped-condenser\/","name":"NH3 V formal\u0131 kondensator - Climate Master","isPartOf":{"@id":"https:\/\/climatemaster.ge\/#website"},"primaryImageOfPage":{"@id":"https:\/\/climatemaster.ge\/az\/product\/nh3-v-shaped-condenser\/#primaryimage"},"image":{"@id":"https:\/\/climatemaster.ge\/az\/product\/nh3-v-shaped-condenser\/#primaryimage"},"thumbnailUrl":"https:\/\/climatemaster.ge\/wp-content\/uploads\/2025\/05\/V-shaped-Adiabatic-Air-Condensers-1.png","datePublished":"2025-05-24T13:28:03+00:00","dateModified":"2025-05-24T13:31:50+00:00","breadcrumb":{"@id":"https:\/\/climatemaster.ge\/az\/product\/nh3-v-shaped-condenser\/#breadcrumb"},"inLanguage":"az","potentialAction":[{"@type":"ReadAction","target":["https:\/\/climatemaster.ge\/az\/product\/nh3-v-shaped-condenser\/"]}]},{"@type":"ImageObject","inLanguage":"az","@id":"https:\/\/climatemaster.ge\/az\/product\/nh3-v-shaped-condenser\/#primaryimage","url":"https:\/\/climatemaster.ge\/wp-content\/uploads\/2025\/05\/V-shaped-Adiabatic-Air-Condensers-1.png","contentUrl":"https:\/\/climatemaster.ge\/wp-content\/uploads\/2025\/05\/V-shaped-Adiabatic-Air-Condensers-1.png","width":600,"height":600},{"@type":"BreadcrumbList","@id":"https:\/\/climatemaster.ge\/az\/product\/nh3-v-shaped-condenser\/#breadcrumb","itemListElement":[{"@type":"ListItem","position":1,"name":"Home","item":"https:\/\/climatemaster.ge\/"},{"@type":"ListItem","position":2,"name":"M\u0259hsullar","item":"https:\/\/climatemaster.ge\/products\/"},{"@type":"ListItem","position":3,"name":"NH3 V formal\u0131 kondensator"}]},{"@type":"WebSite","@id":"https:\/\/climatemaster.ge\/#website","url":"https:\/\/climatemaster.ge\/","name":"Climate Master","description":"","publisher":{"@id":"https:\/\/climatemaster.ge\/#organization"},"potentialAction":[{"@type":"SearchAction","target":{"@type":"EntryPoint","urlTemplate":"https:\/\/climatemaster.ge\/?s={search_term_string}"},"query-input":{"@type":"PropertyValueSpecification","valueRequired":true,"valueName":"search_term_string"}}],"inLanguage":"az"},{"@type":"Organization","@id":"https:\/\/climatemaster.ge\/#organization","name":"Climate Master","url":"https:\/\/climatemaster.ge\/","logo":{"@type":"ImageObject","inLanguage":"az","@id":"https:\/\/climatemaster.ge\/#\/schema\/logo\/image\/","url":"https:\/\/climatemaster.ge\/wp-content\/uploads\/2026\/03\/Untitled-2.png","contentUrl":"https:\/\/climatemaster.ge\/wp-content\/uploads\/2026\/03\/Untitled-2.png","width":600,"height":338,"caption":"Climate Master"},"image":{"@id":"https:\/\/climatemaster.ge\/#\/schema\/logo\/image\/"}}]}},"_links":{"self":[{"href":"https:\/\/climatemaster.ge\/az\/wp-json\/wp\/v2\/product\/32904","targetHints":{"allow":["GET"]}}],"collection":[{"href":"https:\/\/climatemaster.ge\/az\/wp-json\/wp\/v2\/product"}],"about":[{"href":"https:\/\/climatemaster.ge\/az\/wp-json\/wp\/v2\/types\/product"}],"wp:featuredmedia":[{"embeddable":true,"href":"https:\/\/climatemaster.ge\/az\/wp-json\/wp\/v2\/media\/32898"}],"wp:attachment":[{"href":"https:\/\/climatemaster.ge\/az\/wp-json\/wp\/v2\/media?parent=32904"}],"wp:term":[{"taxonomy":"product_brand","embeddable":true,"href":"https:\/\/climatemaster.ge\/az\/wp-json\/wp\/v2\/product_brand?post=32904"},{"taxonomy":"product_cat","embeddable":true,"href":"https:\/\/climatemaster.ge\/az\/wp-json\/wp\/v2\/product_cat?post=32904"},{"taxonomy":"product_tag","embeddable":true,"href":"https:\/\/climatemaster.ge\/az\/wp-json\/wp\/v2\/product_tag?post=32904"}],"curies":[{"name":"wp","href":"https:\/\/api.w.org\/{rel}","templated":true}]}}