{"id":32800,"date":"2025-05-24T16:55:52","date_gmt":"2025-05-24T12:55:52","guid":{"rendered":"https:\/\/airsystems.ge\/shop\/product\/radial-condensers-crc\/"},"modified":"2025-05-24T16:58:39","modified_gmt":"2025-05-24T12:58:39","slug":"radial-condensers-crc","status":"publish","type":"product","link":"https:\/\/climatemaster.ge\/az\/product\/radial-condensers-crc\/","title":{"rendered":"Radial Kondensatorlar (CRC)"},"content":{"rendered":"<p><a class=\"elementor-button elementor-button-link elementor-size-sm\" href=\"https:\/\/www.enextechnologies.com\/wp-content\/uploads\/2024\/07\/CRC.pdf\" target=\"_blank\" rel=\"noopener\"><span class=\"elementor-button-content-wrapper\"><span class=\"elementor-button-text\">DOWNLOAD<\/span><\/span><\/a><\/p>\n","protected":false},"excerpt":{"rendered":"<div class=\"elementor-element elementor-element-6799186e elementor-widget elementor-widget-heading\" data-id=\"6799186e\" data-element_type=\"widget\" data-widget_type=\"heading.default\">\n<div class=\"elementor-widget-container\">\n<div class=\"elementor-heading-title elementor-size-default\">\n<p>CRC<br \/>\nKobol kondensatorlar\u0131 \u00fcst\u00fcn performans\u0131 v\u0259 davaml\u0131l\u0131\u011f\u0131 il\u0259 \u015f\u00f6hr\u0259t qazanm\u0131\u015fd\u0131r. H\u0259r hans\u0131 bir spesifikasiyaya cavab verm\u0259k \u00fc\u00e7\u00fcn geni\u015f \u00e7e\u015fidd\u0259 konfiqurasiyalar v\u0259 aksessuarlar m\u00f6vcuddur, m\u0259s\u0259l\u0259n, \u00f6rt\u00fclm\u00fc\u015f qanadlar, EC fan m\u00fch\u0259rrikl\u0259ri, a\u00e7arlar, s\u0259s izolyasiyal\u0131 korpuslar v\u0259 \u00e7oxlu d\u00f6vr\u0259l\u0259r. Biz 2,8 kVt v\u0259 1100 kVt-dan m\u0259rk\u0259zd\u0259nqa\u00e7ma, radial, eksenel v\u0259 V formal\u0131 kondensatorlar daxil olmaqla 550 model t\u0259klif edirik. Bu geni\u015f \u00e7e\u015fidli vahidl\u0259r v\u0259 aksessuarlar soyutma s\u0259nayesinin \u0259ks\u0259r ehtiyaclar\u0131na cavab ver\u0259n tam portfel t\u0259qdim edir.<\/p>\n<p>Radial kondensatorlar\u0131n bu yeni \u00e7e\u015fidi kommersiya t\u0259tbiql\u0259rinin soyutma t\u0259l\u0259bl\u0259ri \u00fc\u00e7\u00fcn n\u0259z\u0259rd\u0259 tutulmu\u015f v\u0259 uy\u011funla\u015fd\u0131r\u0131lm\u0131\u015f, g\u00fcc\u00fc 61 kVt-dan 316 kVt-a q\u0259d\u0259r olan 27 modeld\u0259n ibar\u0259tdir. Zavod EC fanatlar\u0131 il\u0259 t\u0259chiz edilmi\u015fdir.<\/p>\n<\/div>\n<\/div>\n<\/div>\n","protected":false},"featured_media":32783,"template":"","meta":[],"product_brand":[],"product_cat":[1631,875],"product_tag":[],"class_list":{"0":"post-32800","1":"product","2":"type-product","3":"status-publish","4":"has-post-thumbnail","6":"product_cat-kondensator","7":"product_cat-snaye-az-kondisionerlr","9":"first","10":"instock","11":"shipping-taxable","12":"product-type-simple"},"yoast_head":"<!-- This site is optimized with the Yoast SEO plugin v27.1.1 - https:\/\/yoast.com\/product\/yoast-seo-wordpress\/ -->\n<title>Radial Kondensatorlar (CRC) - Climate Master<\/title>\n<meta name=\"robots\" content=\"index, follow, max-snippet:-1, max-image-preview:large, max-video-preview:-1\" \/>\n<link rel=\"canonical\" href=\"https:\/\/climatemaster.ge\/az\/product\/radial-condensers-crc\/\" \/>\n<meta property=\"og:locale\" content=\"az_AZ\" \/>\n<meta property=\"og:type\" content=\"article\" \/>\n<meta property=\"og:title\" content=\"Radial Kondensatorlar (CRC) - Climate Master\" \/>\n<meta property=\"og:description\" content=\"CRC Kobol kondensatorlar\u0131 \u00fcst\u00fcn performans\u0131 v\u0259 davaml\u0131l\u0131\u011f\u0131 il\u0259 \u015f\u00f6hr\u0259t qazanm\u0131\u015fd\u0131r. H\u0259r hans\u0131 bir spesifikasiyaya cavab verm\u0259k \u00fc\u00e7\u00fcn geni\u015f \u00e7e\u015fidd\u0259 konfiqurasiyalar v\u0259 aksessuarlar m\u00f6vcuddur, m\u0259s\u0259l\u0259n, \u00f6rt\u00fclm\u00fc\u015f qanadlar, EC fan m\u00fch\u0259rrikl\u0259ri, a\u00e7arlar, s\u0259s izolyasiyal\u0131 korpuslar v\u0259 \u00e7oxlu d\u00f6vr\u0259l\u0259r. Biz 2,8 kVt v\u0259 1100 kVt-dan m\u0259rk\u0259zd\u0259nqa\u00e7ma, radial, eksenel v\u0259 V formal\u0131 kondensatorlar daxil olmaqla 550 model t\u0259klif edirik. Bu geni\u015f \u00e7e\u015fidli vahidl\u0259r v\u0259 aksessuarlar soyutma s\u0259nayesinin \u0259ks\u0259r ehtiyaclar\u0131na cavab ver\u0259n tam portfel t\u0259qdim edir.  Radial kondensatorlar\u0131n bu yeni \u00e7e\u015fidi kommersiya t\u0259tbiql\u0259rinin soyutma t\u0259l\u0259bl\u0259ri \u00fc\u00e7\u00fcn n\u0259z\u0259rd\u0259 tutulmu\u015f v\u0259 uy\u011funla\u015fd\u0131r\u0131lm\u0131\u015f, g\u00fcc\u00fc 61 kVt-dan 316 kVt-a q\u0259d\u0259r olan 27 modeld\u0259n ibar\u0259tdir. Zavod EC fanatlar\u0131 il\u0259 t\u0259chiz edilmi\u015fdir.\" \/>\n<meta property=\"og:url\" content=\"https:\/\/climatemaster.ge\/az\/product\/radial-condensers-crc\/\" \/>\n<meta property=\"og:site_name\" content=\"Climate Master\" \/>\n<meta property=\"article:modified_time\" content=\"2025-05-24T12:58:39+00:00\" \/>\n<meta property=\"og:image\" content=\"https:\/\/climatemaster.ge\/wp-content\/uploads\/2025\/05\/radial_gc_main.png\" \/>\n\t<meta property=\"og:image:width\" content=\"1280\" \/>\n\t<meta property=\"og:image:height\" content=\"925\" \/>\n\t<meta property=\"og:image:type\" content=\"image\/png\" \/>\n<meta name=\"twitter:card\" content=\"summary_large_image\" \/>\n<script type=\"application\/ld+json\" class=\"yoast-schema-graph\">{\"@context\":\"https:\/\/schema.org\",\"@graph\":[{\"@type\":\"WebPage\",\"@id\":\"https:\/\/climatemaster.ge\/az\/product\/radial-condensers-crc\/\",\"url\":\"https:\/\/climatemaster.ge\/az\/product\/radial-condensers-crc\/\",\"name\":\"Radial Kondensatorlar (CRC) - Climate Master\",\"isPartOf\":{\"@id\":\"https:\/\/climatemaster.ge\/#website\"},\"primaryImageOfPage\":{\"@id\":\"https:\/\/climatemaster.ge\/az\/product\/radial-condensers-crc\/#primaryimage\"},\"image\":{\"@id\":\"https:\/\/climatemaster.ge\/az\/product\/radial-condensers-crc\/#primaryimage\"},\"thumbnailUrl\":\"https:\/\/climatemaster.ge\/wp-content\/uploads\/2025\/05\/radial_gc_main.png\",\"datePublished\":\"2025-05-24T12:55:52+00:00\",\"dateModified\":\"2025-05-24T12:58:39+00:00\",\"breadcrumb\":{\"@id\":\"https:\/\/climatemaster.ge\/az\/product\/radial-condensers-crc\/#breadcrumb\"},\"inLanguage\":\"az\",\"potentialAction\":[{\"@type\":\"ReadAction\",\"target\":[\"https:\/\/climatemaster.ge\/az\/product\/radial-condensers-crc\/\"]}]},{\"@type\":\"ImageObject\",\"inLanguage\":\"az\",\"@id\":\"https:\/\/climatemaster.ge\/az\/product\/radial-condensers-crc\/#primaryimage\",\"url\":\"https:\/\/climatemaster.ge\/wp-content\/uploads\/2025\/05\/radial_gc_main.png\",\"contentUrl\":\"https:\/\/climatemaster.ge\/wp-content\/uploads\/2025\/05\/radial_gc_main.png\",\"width\":1280,\"height\":925},{\"@type\":\"BreadcrumbList\",\"@id\":\"https:\/\/climatemaster.ge\/az\/product\/radial-condensers-crc\/#breadcrumb\",\"itemListElement\":[{\"@type\":\"ListItem\",\"position\":1,\"name\":\"Home\",\"item\":\"https:\/\/climatemaster.ge\/\"},{\"@type\":\"ListItem\",\"position\":2,\"name\":\"M\u0259hsullar\",\"item\":\"https:\/\/climatemaster.ge\/products\/\"},{\"@type\":\"ListItem\",\"position\":3,\"name\":\"Radial Kondensatorlar (CRC)\"}]},{\"@type\":\"WebSite\",\"@id\":\"https:\/\/climatemaster.ge\/#website\",\"url\":\"https:\/\/climatemaster.ge\/\",\"name\":\"Climate Master\",\"description\":\"\",\"publisher\":{\"@id\":\"https:\/\/climatemaster.ge\/#organization\"},\"potentialAction\":[{\"@type\":\"SearchAction\",\"target\":{\"@type\":\"EntryPoint\",\"urlTemplate\":\"https:\/\/climatemaster.ge\/?s={search_term_string}\"},\"query-input\":{\"@type\":\"PropertyValueSpecification\",\"valueRequired\":true,\"valueName\":\"search_term_string\"}}],\"inLanguage\":\"az\"},{\"@type\":\"Organization\",\"@id\":\"https:\/\/climatemaster.ge\/#organization\",\"name\":\"Climate Master\",\"url\":\"https:\/\/climatemaster.ge\/\",\"logo\":{\"@type\":\"ImageObject\",\"inLanguage\":\"az\",\"@id\":\"https:\/\/climatemaster.ge\/#\/schema\/logo\/image\/\",\"url\":\"https:\/\/climatemaster.ge\/wp-content\/uploads\/2026\/03\/Untitled-2.png\",\"contentUrl\":\"https:\/\/climatemaster.ge\/wp-content\/uploads\/2026\/03\/Untitled-2.png\",\"width\":600,\"height\":338,\"caption\":\"Climate Master\"},\"image\":{\"@id\":\"https:\/\/climatemaster.ge\/#\/schema\/logo\/image\/\"}}]}<\/script>\n<!-- \/ Yoast SEO plugin. -->","yoast_head_json":{"title":"Radial Kondensatorlar (CRC) - Climate Master","robots":{"index":"index","follow":"follow","max-snippet":"max-snippet:-1","max-image-preview":"max-image-preview:large","max-video-preview":"max-video-preview:-1"},"canonical":"https:\/\/climatemaster.ge\/az\/product\/radial-condensers-crc\/","og_locale":"az_AZ","og_type":"article","og_title":"Radial Kondensatorlar (CRC) - Climate Master","og_description":"CRC Kobol kondensatorlar\u0131 \u00fcst\u00fcn performans\u0131 v\u0259 davaml\u0131l\u0131\u011f\u0131 il\u0259 \u015f\u00f6hr\u0259t qazanm\u0131\u015fd\u0131r. H\u0259r hans\u0131 bir spesifikasiyaya cavab verm\u0259k \u00fc\u00e7\u00fcn geni\u015f \u00e7e\u015fidd\u0259 konfiqurasiyalar v\u0259 aksessuarlar m\u00f6vcuddur, m\u0259s\u0259l\u0259n, \u00f6rt\u00fclm\u00fc\u015f qanadlar, EC fan m\u00fch\u0259rrikl\u0259ri, a\u00e7arlar, s\u0259s izolyasiyal\u0131 korpuslar v\u0259 \u00e7oxlu d\u00f6vr\u0259l\u0259r. Biz 2,8 kVt v\u0259 1100 kVt-dan m\u0259rk\u0259zd\u0259nqa\u00e7ma, radial, eksenel v\u0259 V formal\u0131 kondensatorlar daxil olmaqla 550 model t\u0259klif edirik. Bu geni\u015f \u00e7e\u015fidli vahidl\u0259r v\u0259 aksessuarlar soyutma s\u0259nayesinin \u0259ks\u0259r ehtiyaclar\u0131na cavab ver\u0259n tam portfel t\u0259qdim edir.  Radial kondensatorlar\u0131n bu yeni \u00e7e\u015fidi kommersiya t\u0259tbiql\u0259rinin soyutma t\u0259l\u0259bl\u0259ri \u00fc\u00e7\u00fcn n\u0259z\u0259rd\u0259 tutulmu\u015f v\u0259 uy\u011funla\u015fd\u0131r\u0131lm\u0131\u015f, g\u00fcc\u00fc 61 kVt-dan 316 kVt-a q\u0259d\u0259r olan 27 modeld\u0259n ibar\u0259tdir. Zavod EC fanatlar\u0131 il\u0259 t\u0259chiz edilmi\u015fdir.","og_url":"https:\/\/climatemaster.ge\/az\/product\/radial-condensers-crc\/","og_site_name":"Climate Master","article_modified_time":"2025-05-24T12:58:39+00:00","og_image":[{"width":1280,"height":925,"url":"https:\/\/climatemaster.ge\/wp-content\/uploads\/2025\/05\/radial_gc_main.png","type":"image\/png"}],"twitter_card":"summary_large_image","schema":{"@context":"https:\/\/schema.org","@graph":[{"@type":"WebPage","@id":"https:\/\/climatemaster.ge\/az\/product\/radial-condensers-crc\/","url":"https:\/\/climatemaster.ge\/az\/product\/radial-condensers-crc\/","name":"Radial Kondensatorlar (CRC) - Climate Master","isPartOf":{"@id":"https:\/\/climatemaster.ge\/#website"},"primaryImageOfPage":{"@id":"https:\/\/climatemaster.ge\/az\/product\/radial-condensers-crc\/#primaryimage"},"image":{"@id":"https:\/\/climatemaster.ge\/az\/product\/radial-condensers-crc\/#primaryimage"},"thumbnailUrl":"https:\/\/climatemaster.ge\/wp-content\/uploads\/2025\/05\/radial_gc_main.png","datePublished":"2025-05-24T12:55:52+00:00","dateModified":"2025-05-24T12:58:39+00:00","breadcrumb":{"@id":"https:\/\/climatemaster.ge\/az\/product\/radial-condensers-crc\/#breadcrumb"},"inLanguage":"az","potentialAction":[{"@type":"ReadAction","target":["https:\/\/climatemaster.ge\/az\/product\/radial-condensers-crc\/"]}]},{"@type":"ImageObject","inLanguage":"az","@id":"https:\/\/climatemaster.ge\/az\/product\/radial-condensers-crc\/#primaryimage","url":"https:\/\/climatemaster.ge\/wp-content\/uploads\/2025\/05\/radial_gc_main.png","contentUrl":"https:\/\/climatemaster.ge\/wp-content\/uploads\/2025\/05\/radial_gc_main.png","width":1280,"height":925},{"@type":"BreadcrumbList","@id":"https:\/\/climatemaster.ge\/az\/product\/radial-condensers-crc\/#breadcrumb","itemListElement":[{"@type":"ListItem","position":1,"name":"Home","item":"https:\/\/climatemaster.ge\/"},{"@type":"ListItem","position":2,"name":"M\u0259hsullar","item":"https:\/\/climatemaster.ge\/products\/"},{"@type":"ListItem","position":3,"name":"Radial Kondensatorlar (CRC)"}]},{"@type":"WebSite","@id":"https:\/\/climatemaster.ge\/#website","url":"https:\/\/climatemaster.ge\/","name":"Climate Master","description":"","publisher":{"@id":"https:\/\/climatemaster.ge\/#organization"},"potentialAction":[{"@type":"SearchAction","target":{"@type":"EntryPoint","urlTemplate":"https:\/\/climatemaster.ge\/?s={search_term_string}"},"query-input":{"@type":"PropertyValueSpecification","valueRequired":true,"valueName":"search_term_string"}}],"inLanguage":"az"},{"@type":"Organization","@id":"https:\/\/climatemaster.ge\/#organization","name":"Climate Master","url":"https:\/\/climatemaster.ge\/","logo":{"@type":"ImageObject","inLanguage":"az","@id":"https:\/\/climatemaster.ge\/#\/schema\/logo\/image\/","url":"https:\/\/climatemaster.ge\/wp-content\/uploads\/2026\/03\/Untitled-2.png","contentUrl":"https:\/\/climatemaster.ge\/wp-content\/uploads\/2026\/03\/Untitled-2.png","width":600,"height":338,"caption":"Climate Master"},"image":{"@id":"https:\/\/climatemaster.ge\/#\/schema\/logo\/image\/"}}]}},"_links":{"self":[{"href":"https:\/\/climatemaster.ge\/az\/wp-json\/wp\/v2\/product\/32800","targetHints":{"allow":["GET"]}}],"collection":[{"href":"https:\/\/climatemaster.ge\/az\/wp-json\/wp\/v2\/product"}],"about":[{"href":"https:\/\/climatemaster.ge\/az\/wp-json\/wp\/v2\/types\/product"}],"wp:featuredmedia":[{"embeddable":true,"href":"https:\/\/climatemaster.ge\/az\/wp-json\/wp\/v2\/media\/32783"}],"wp:attachment":[{"href":"https:\/\/climatemaster.ge\/az\/wp-json\/wp\/v2\/media?parent=32800"}],"wp:term":[{"taxonomy":"product_brand","embeddable":true,"href":"https:\/\/climatemaster.ge\/az\/wp-json\/wp\/v2\/product_brand?post=32800"},{"taxonomy":"product_cat","embeddable":true,"href":"https:\/\/climatemaster.ge\/az\/wp-json\/wp\/v2\/product_cat?post=32800"},{"taxonomy":"product_tag","embeddable":true,"href":"https:\/\/climatemaster.ge\/az\/wp-json\/wp\/v2\/product_tag?post=32800"}],"curies":[{"name":"wp","href":"https:\/\/api.w.org\/{rel}","templated":true}]}}