{"id":32776,"date":"2025-05-24T16:50:01","date_gmt":"2025-05-24T12:50:01","guid":{"rendered":"https:\/\/airsystems.ge\/shop\/product\/centrifugal-condensers-gpc-gmc-gsc\/"},"modified":"2025-05-24T16:52:39","modified_gmt":"2025-05-24T12:52:39","slug":"centrifugal-condensers-gpc-gmc-gsc","status":"publish","type":"product","link":"https:\/\/climatemaster.ge\/az\/product\/centrifugal-condensers-gpc-gmc-gsc\/","title":{"rendered":"M\u0259rk\u0259zd\u0259nqa\u00e7ma kondensatorlar\u0131 (GPC-GMC-GSC)"},"content":{"rendered":"<p><a class=\"elementor-button elementor-button-link elementor-size-sm\" href=\"https:\/\/www.enextechnologies.com\/wp-content\/uploads\/2024\/07\/GPC-GMC-GSC-ENGL.pdf\" target=\"_blank\" rel=\"noopener\"><span class=\"elementor-button-content-wrapper\"><span class=\"elementor-button-text\">DOWNLOAD<\/span><\/span><\/a><\/p>\n","protected":false},"excerpt":{"rendered":"<div class=\"elementor-element elementor-element-6799186e elementor-widget elementor-widget-heading\" data-id=\"6799186e\" data-element_type=\"widget\" data-widget_type=\"heading.default\">\n<div class=\"elementor-widget-container\">\n<div class=\"elementor-heading-title elementor-size-default\">\n<p>GPC\/GMC\/GSC<br \/>\nKobol kondensatorlar\u0131 \u00fcst\u00fcn performans\u0131 v\u0259 davaml\u0131l\u0131\u011f\u0131 il\u0259 \u015f\u00f6hr\u0259t qazanm\u0131\u015fd\u0131r. H\u0259r hans\u0131 bir spesifikasiyaya cavab verm\u0259k \u00fc\u00e7\u00fcn geni\u015f \u00e7e\u015fidd\u0259 konfiqurasiyalar v\u0259 aksessuarlar m\u00f6vcuddur, m\u0259s\u0259l\u0259n, \u00f6rt\u00fclm\u00fc\u015f qanadlar, EC fan m\u00fch\u0259rrikl\u0259ri, a\u00e7arlar, s\u0259s izolyasiyal\u0131 korpuslar v\u0259 \u00e7oxlu d\u00f6vr\u0259l\u0259r. Biz 2,8 kVt v\u0259 1100 kVt-dan m\u0259rk\u0259zd\u0259nqa\u00e7ma, radial, eksenel v\u0259 V formal\u0131 kondensatorlar daxil olmaqla 550 model t\u0259klif edirik. Bu geni\u015f \u00e7e\u015fidli vahidl\u0259r v\u0259 aksessuarlar soyutma s\u0259nayesinin \u0259ks\u0259r ehtiyaclar\u0131na cavab ver\u0259n tam portfel t\u0259qdim edir.<\/p>\n<p>S\u0259ssiz i\u015fl\u0259m\u0259 v\u0259 minimum enerji istehlak\u0131 t\u0259l\u0259b olunduqda, a\u015fa\u011f\u0131 s\u0259s-k\u00fcyl\u00fc kondensatorlar\u0131m\u0131z x\u00fcsusi olaraq hava borular\u0131na qo\u015fulan daxili qur\u011fular \u00fc\u00e7\u00fcn n\u0259z\u0259rd\u0259 tutulmu\u015fdur.<\/p>\n<\/div>\n<\/div>\n<\/div>\n","protected":false},"featured_media":32759,"template":"","meta":[],"product_brand":[],"product_cat":[1631,875],"product_tag":[],"class_list":{"0":"post-32776","1":"product","2":"type-product","3":"status-publish","4":"has-post-thumbnail","6":"product_cat-kondensator","7":"product_cat-snaye-az-kondisionerlr","9":"first","10":"instock","11":"shipping-taxable","12":"product-type-simple"},"yoast_head":"<!-- This site is optimized with the Yoast SEO plugin v27.1.1 - https:\/\/yoast.com\/product\/yoast-seo-wordpress\/ -->\n<title>M\u0259rk\u0259zd\u0259nqa\u00e7ma kondensatorlar\u0131 (GPC-GMC-GSC) - Climate Master<\/title>\n<meta name=\"robots\" content=\"index, follow, max-snippet:-1, max-image-preview:large, max-video-preview:-1\" \/>\n<link rel=\"canonical\" href=\"https:\/\/climatemaster.ge\/az\/product\/centrifugal-condensers-gpc-gmc-gsc\/\" \/>\n<meta property=\"og:locale\" content=\"az_AZ\" \/>\n<meta property=\"og:type\" content=\"article\" \/>\n<meta property=\"og:title\" content=\"M\u0259rk\u0259zd\u0259nqa\u00e7ma kondensatorlar\u0131 (GPC-GMC-GSC) - Climate Master\" \/>\n<meta property=\"og:description\" content=\"GPC\/GMC\/GSC Kobol kondensatorlar\u0131 \u00fcst\u00fcn performans\u0131 v\u0259 davaml\u0131l\u0131\u011f\u0131 il\u0259 \u015f\u00f6hr\u0259t qazanm\u0131\u015fd\u0131r. H\u0259r hans\u0131 bir spesifikasiyaya cavab verm\u0259k \u00fc\u00e7\u00fcn geni\u015f \u00e7e\u015fidd\u0259 konfiqurasiyalar v\u0259 aksessuarlar m\u00f6vcuddur, m\u0259s\u0259l\u0259n, \u00f6rt\u00fclm\u00fc\u015f qanadlar, EC fan m\u00fch\u0259rrikl\u0259ri, a\u00e7arlar, s\u0259s izolyasiyal\u0131 korpuslar v\u0259 \u00e7oxlu d\u00f6vr\u0259l\u0259r. Biz 2,8 kVt v\u0259 1100 kVt-dan m\u0259rk\u0259zd\u0259nqa\u00e7ma, radial, eksenel v\u0259 V formal\u0131 kondensatorlar daxil olmaqla 550 model t\u0259klif edirik. Bu geni\u015f \u00e7e\u015fidli vahidl\u0259r v\u0259 aksessuarlar soyutma s\u0259nayesinin \u0259ks\u0259r ehtiyaclar\u0131na cavab ver\u0259n tam portfel t\u0259qdim edir.  S\u0259ssiz i\u015fl\u0259m\u0259 v\u0259 minimum enerji istehlak\u0131 t\u0259l\u0259b olunduqda, a\u015fa\u011f\u0131 s\u0259s-k\u00fcyl\u00fc kondensatorlar\u0131m\u0131z x\u00fcsusi olaraq hava borular\u0131na qo\u015fulan daxili qur\u011fular \u00fc\u00e7\u00fcn n\u0259z\u0259rd\u0259 tutulmu\u015fdur.\" \/>\n<meta property=\"og:url\" content=\"https:\/\/climatemaster.ge\/az\/product\/centrifugal-condensers-gpc-gmc-gsc\/\" \/>\n<meta property=\"og:site_name\" content=\"Climate Master\" \/>\n<meta property=\"article:modified_time\" content=\"2025-05-24T12:52:39+00:00\" \/>\n<meta property=\"og:image\" content=\"https:\/\/climatemaster.ge\/wp-content\/uploads\/2025\/05\/centrifugo_-main.png\" \/>\n\t<meta property=\"og:image:width\" content=\"1280\" \/>\n\t<meta property=\"og:image:height\" content=\"910\" \/>\n\t<meta property=\"og:image:type\" content=\"image\/png\" \/>\n<meta name=\"twitter:card\" content=\"summary_large_image\" \/>\n<script type=\"application\/ld+json\" class=\"yoast-schema-graph\">{\"@context\":\"https:\/\/schema.org\",\"@graph\":[{\"@type\":\"WebPage\",\"@id\":\"https:\/\/climatemaster.ge\/az\/product\/centrifugal-condensers-gpc-gmc-gsc\/\",\"url\":\"https:\/\/climatemaster.ge\/az\/product\/centrifugal-condensers-gpc-gmc-gsc\/\",\"name\":\"M\u0259rk\u0259zd\u0259nqa\u00e7ma kondensatorlar\u0131 (GPC-GMC-GSC) - Climate Master\",\"isPartOf\":{\"@id\":\"https:\/\/climatemaster.ge\/#website\"},\"primaryImageOfPage\":{\"@id\":\"https:\/\/climatemaster.ge\/az\/product\/centrifugal-condensers-gpc-gmc-gsc\/#primaryimage\"},\"image\":{\"@id\":\"https:\/\/climatemaster.ge\/az\/product\/centrifugal-condensers-gpc-gmc-gsc\/#primaryimage\"},\"thumbnailUrl\":\"https:\/\/climatemaster.ge\/wp-content\/uploads\/2025\/05\/centrifugo_-main.png\",\"datePublished\":\"2025-05-24T12:50:01+00:00\",\"dateModified\":\"2025-05-24T12:52:39+00:00\",\"breadcrumb\":{\"@id\":\"https:\/\/climatemaster.ge\/az\/product\/centrifugal-condensers-gpc-gmc-gsc\/#breadcrumb\"},\"inLanguage\":\"az\",\"potentialAction\":[{\"@type\":\"ReadAction\",\"target\":[\"https:\/\/climatemaster.ge\/az\/product\/centrifugal-condensers-gpc-gmc-gsc\/\"]}]},{\"@type\":\"ImageObject\",\"inLanguage\":\"az\",\"@id\":\"https:\/\/climatemaster.ge\/az\/product\/centrifugal-condensers-gpc-gmc-gsc\/#primaryimage\",\"url\":\"https:\/\/climatemaster.ge\/wp-content\/uploads\/2025\/05\/centrifugo_-main.png\",\"contentUrl\":\"https:\/\/climatemaster.ge\/wp-content\/uploads\/2025\/05\/centrifugo_-main.png\",\"width\":1280,\"height\":910},{\"@type\":\"BreadcrumbList\",\"@id\":\"https:\/\/climatemaster.ge\/az\/product\/centrifugal-condensers-gpc-gmc-gsc\/#breadcrumb\",\"itemListElement\":[{\"@type\":\"ListItem\",\"position\":1,\"name\":\"Home\",\"item\":\"https:\/\/climatemaster.ge\/\"},{\"@type\":\"ListItem\",\"position\":2,\"name\":\"M\u0259hsullar\",\"item\":\"https:\/\/climatemaster.ge\/products\/\"},{\"@type\":\"ListItem\",\"position\":3,\"name\":\"M\u0259rk\u0259zd\u0259nqa\u00e7ma kondensatorlar\u0131 (GPC-GMC-GSC)\"}]},{\"@type\":\"WebSite\",\"@id\":\"https:\/\/climatemaster.ge\/#website\",\"url\":\"https:\/\/climatemaster.ge\/\",\"name\":\"Climate Master\",\"description\":\"\",\"publisher\":{\"@id\":\"https:\/\/climatemaster.ge\/#organization\"},\"potentialAction\":[{\"@type\":\"SearchAction\",\"target\":{\"@type\":\"EntryPoint\",\"urlTemplate\":\"https:\/\/climatemaster.ge\/?s={search_term_string}\"},\"query-input\":{\"@type\":\"PropertyValueSpecification\",\"valueRequired\":true,\"valueName\":\"search_term_string\"}}],\"inLanguage\":\"az\"},{\"@type\":\"Organization\",\"@id\":\"https:\/\/climatemaster.ge\/#organization\",\"name\":\"Climate Master\",\"url\":\"https:\/\/climatemaster.ge\/\",\"logo\":{\"@type\":\"ImageObject\",\"inLanguage\":\"az\",\"@id\":\"https:\/\/climatemaster.ge\/#\/schema\/logo\/image\/\",\"url\":\"https:\/\/climatemaster.ge\/wp-content\/uploads\/2026\/03\/Untitled-2.png\",\"contentUrl\":\"https:\/\/climatemaster.ge\/wp-content\/uploads\/2026\/03\/Untitled-2.png\",\"width\":600,\"height\":338,\"caption\":\"Climate Master\"},\"image\":{\"@id\":\"https:\/\/climatemaster.ge\/#\/schema\/logo\/image\/\"}}]}<\/script>\n<!-- \/ Yoast SEO plugin. -->","yoast_head_json":{"title":"M\u0259rk\u0259zd\u0259nqa\u00e7ma kondensatorlar\u0131 (GPC-GMC-GSC) - Climate Master","robots":{"index":"index","follow":"follow","max-snippet":"max-snippet:-1","max-image-preview":"max-image-preview:large","max-video-preview":"max-video-preview:-1"},"canonical":"https:\/\/climatemaster.ge\/az\/product\/centrifugal-condensers-gpc-gmc-gsc\/","og_locale":"az_AZ","og_type":"article","og_title":"M\u0259rk\u0259zd\u0259nqa\u00e7ma kondensatorlar\u0131 (GPC-GMC-GSC) - Climate Master","og_description":"GPC\/GMC\/GSC Kobol kondensatorlar\u0131 \u00fcst\u00fcn performans\u0131 v\u0259 davaml\u0131l\u0131\u011f\u0131 il\u0259 \u015f\u00f6hr\u0259t qazanm\u0131\u015fd\u0131r. H\u0259r hans\u0131 bir spesifikasiyaya cavab verm\u0259k \u00fc\u00e7\u00fcn geni\u015f \u00e7e\u015fidd\u0259 konfiqurasiyalar v\u0259 aksessuarlar m\u00f6vcuddur, m\u0259s\u0259l\u0259n, \u00f6rt\u00fclm\u00fc\u015f qanadlar, EC fan m\u00fch\u0259rrikl\u0259ri, a\u00e7arlar, s\u0259s izolyasiyal\u0131 korpuslar v\u0259 \u00e7oxlu d\u00f6vr\u0259l\u0259r. Biz 2,8 kVt v\u0259 1100 kVt-dan m\u0259rk\u0259zd\u0259nqa\u00e7ma, radial, eksenel v\u0259 V formal\u0131 kondensatorlar daxil olmaqla 550 model t\u0259klif edirik. Bu geni\u015f \u00e7e\u015fidli vahidl\u0259r v\u0259 aksessuarlar soyutma s\u0259nayesinin \u0259ks\u0259r ehtiyaclar\u0131na cavab ver\u0259n tam portfel t\u0259qdim edir.  S\u0259ssiz i\u015fl\u0259m\u0259 v\u0259 minimum enerji istehlak\u0131 t\u0259l\u0259b olunduqda, a\u015fa\u011f\u0131 s\u0259s-k\u00fcyl\u00fc kondensatorlar\u0131m\u0131z x\u00fcsusi olaraq hava borular\u0131na qo\u015fulan daxili qur\u011fular \u00fc\u00e7\u00fcn n\u0259z\u0259rd\u0259 tutulmu\u015fdur.","og_url":"https:\/\/climatemaster.ge\/az\/product\/centrifugal-condensers-gpc-gmc-gsc\/","og_site_name":"Climate Master","article_modified_time":"2025-05-24T12:52:39+00:00","og_image":[{"width":1280,"height":910,"url":"https:\/\/climatemaster.ge\/wp-content\/uploads\/2025\/05\/centrifugo_-main.png","type":"image\/png"}],"twitter_card":"summary_large_image","schema":{"@context":"https:\/\/schema.org","@graph":[{"@type":"WebPage","@id":"https:\/\/climatemaster.ge\/az\/product\/centrifugal-condensers-gpc-gmc-gsc\/","url":"https:\/\/climatemaster.ge\/az\/product\/centrifugal-condensers-gpc-gmc-gsc\/","name":"M\u0259rk\u0259zd\u0259nqa\u00e7ma kondensatorlar\u0131 (GPC-GMC-GSC) - Climate Master","isPartOf":{"@id":"https:\/\/climatemaster.ge\/#website"},"primaryImageOfPage":{"@id":"https:\/\/climatemaster.ge\/az\/product\/centrifugal-condensers-gpc-gmc-gsc\/#primaryimage"},"image":{"@id":"https:\/\/climatemaster.ge\/az\/product\/centrifugal-condensers-gpc-gmc-gsc\/#primaryimage"},"thumbnailUrl":"https:\/\/climatemaster.ge\/wp-content\/uploads\/2025\/05\/centrifugo_-main.png","datePublished":"2025-05-24T12:50:01+00:00","dateModified":"2025-05-24T12:52:39+00:00","breadcrumb":{"@id":"https:\/\/climatemaster.ge\/az\/product\/centrifugal-condensers-gpc-gmc-gsc\/#breadcrumb"},"inLanguage":"az","potentialAction":[{"@type":"ReadAction","target":["https:\/\/climatemaster.ge\/az\/product\/centrifugal-condensers-gpc-gmc-gsc\/"]}]},{"@type":"ImageObject","inLanguage":"az","@id":"https:\/\/climatemaster.ge\/az\/product\/centrifugal-condensers-gpc-gmc-gsc\/#primaryimage","url":"https:\/\/climatemaster.ge\/wp-content\/uploads\/2025\/05\/centrifugo_-main.png","contentUrl":"https:\/\/climatemaster.ge\/wp-content\/uploads\/2025\/05\/centrifugo_-main.png","width":1280,"height":910},{"@type":"BreadcrumbList","@id":"https:\/\/climatemaster.ge\/az\/product\/centrifugal-condensers-gpc-gmc-gsc\/#breadcrumb","itemListElement":[{"@type":"ListItem","position":1,"name":"Home","item":"https:\/\/climatemaster.ge\/"},{"@type":"ListItem","position":2,"name":"M\u0259hsullar","item":"https:\/\/climatemaster.ge\/products\/"},{"@type":"ListItem","position":3,"name":"M\u0259rk\u0259zd\u0259nqa\u00e7ma kondensatorlar\u0131 (GPC-GMC-GSC)"}]},{"@type":"WebSite","@id":"https:\/\/climatemaster.ge\/#website","url":"https:\/\/climatemaster.ge\/","name":"Climate Master","description":"","publisher":{"@id":"https:\/\/climatemaster.ge\/#organization"},"potentialAction":[{"@type":"SearchAction","target":{"@type":"EntryPoint","urlTemplate":"https:\/\/climatemaster.ge\/?s={search_term_string}"},"query-input":{"@type":"PropertyValueSpecification","valueRequired":true,"valueName":"search_term_string"}}],"inLanguage":"az"},{"@type":"Organization","@id":"https:\/\/climatemaster.ge\/#organization","name":"Climate Master","url":"https:\/\/climatemaster.ge\/","logo":{"@type":"ImageObject","inLanguage":"az","@id":"https:\/\/climatemaster.ge\/#\/schema\/logo\/image\/","url":"https:\/\/climatemaster.ge\/wp-content\/uploads\/2026\/03\/Untitled-2.png","contentUrl":"https:\/\/climatemaster.ge\/wp-content\/uploads\/2026\/03\/Untitled-2.png","width":600,"height":338,"caption":"Climate Master"},"image":{"@id":"https:\/\/climatemaster.ge\/#\/schema\/logo\/image\/"}}]}},"_links":{"self":[{"href":"https:\/\/climatemaster.ge\/az\/wp-json\/wp\/v2\/product\/32776","targetHints":{"allow":["GET"]}}],"collection":[{"href":"https:\/\/climatemaster.ge\/az\/wp-json\/wp\/v2\/product"}],"about":[{"href":"https:\/\/climatemaster.ge\/az\/wp-json\/wp\/v2\/types\/product"}],"wp:featuredmedia":[{"embeddable":true,"href":"https:\/\/climatemaster.ge\/az\/wp-json\/wp\/v2\/media\/32759"}],"wp:attachment":[{"href":"https:\/\/climatemaster.ge\/az\/wp-json\/wp\/v2\/media?parent=32776"}],"wp:term":[{"taxonomy":"product_brand","embeddable":true,"href":"https:\/\/climatemaster.ge\/az\/wp-json\/wp\/v2\/product_brand?post=32776"},{"taxonomy":"product_cat","embeddable":true,"href":"https:\/\/climatemaster.ge\/az\/wp-json\/wp\/v2\/product_cat?post=32776"},{"taxonomy":"product_tag","embeddable":true,"href":"https:\/\/climatemaster.ge\/az\/wp-json\/wp\/v2\/product_tag?post=32776"}],"curies":[{"name":"wp","href":"https:\/\/api.w.org\/{rel}","templated":true}]}}