{"id":32747,"date":"2025-05-24T16:39:20","date_gmt":"2025-05-24T12:39:20","guid":{"rendered":"https:\/\/airsystems.ge\/shop\/product\/v-shaped-condensers-kcv\/"},"modified":"2025-05-24T16:43:33","modified_gmt":"2025-05-24T12:43:33","slug":"v-shaped-condensers-kcv","status":"publish","type":"product","link":"https:\/\/climatemaster.ge\/az\/product\/v-shaped-condensers-kcv\/","title":{"rendered":"V Formal\u0131 Kondensatorlar (KCV)"},"content":{"rendered":"<p><a class=\"elementor-button elementor-button-link elementor-size-sm\" href=\"https:\/\/www.enextechnologies.com\/wp-content\/uploads\/2024\/07\/KCV.pdf\" target=\"_blank\" rel=\"noopener\"><span class=\"elementor-button-content-wrapper\"><span class=\"elementor-button-text\">DOWNLOAD<\/span><\/span><\/a><\/p>\n","protected":false},"excerpt":{"rendered":"<div class=\"elementor-element elementor-element-6799186e elementor-widget elementor-widget-heading\" data-id=\"6799186e\" data-element_type=\"widget\" data-widget_type=\"heading.default\">\n<div class=\"elementor-widget-container\">\n<div class=\"elementor-heading-title elementor-size-default\">\n<p>KCV<br \/>\nKobol kondensatorlar\u0131 \u00fcst\u00fcn performans\u0131 v\u0259 davaml\u0131l\u0131\u011f\u0131 il\u0259 \u015f\u00f6hr\u0259t qazanm\u0131\u015fd\u0131r. H\u0259r hans\u0131 bir spesifikasiyaya cavab verm\u0259k \u00fc\u00e7\u00fcn geni\u015f \u00e7e\u015fidd\u0259 konfiqurasiyalar v\u0259 aksessuarlar m\u00f6vcuddur, m\u0259s\u0259l\u0259n, \u00f6rt\u00fclm\u00fc\u015f qanadlar, EC fan m\u00fch\u0259rrikl\u0259ri, a\u00e7arlar, s\u0259s izolyasiyal\u0131 korpuslar v\u0259 \u00e7oxlu d\u00f6vr\u0259l\u0259r. Biz 2,8 kVt v\u0259 1100 kVt-dan m\u0259rk\u0259zd\u0259nqa\u00e7ma, radial, eksenel v\u0259 V formal\u0131 kondensatorlar daxil olmaqla 550 model t\u0259klif edirik. Bu geni\u015f \u00e7e\u015fidli vahidl\u0259r v\u0259 aksessuarlar soyutma s\u0259nayesinin \u0259ks\u0259r ehtiyaclar\u0131na cavab ver\u0259n tam portfel t\u0259qdim edir.<\/p>\n<p>V-formal\u0131 kondensatorlar a\u015fa\u011f\u0131 s\u0259s-k\u00fcy s\u0259viyy\u0259l\u0259ri yarad\u0131r, y\u00fcks\u0259k performans v\u0259 y\u00fcks\u0259k enerji s\u0259m\u0259r\u0259liliyi t\u0259klif edir. Bu diapazonda 112 kVt-dan 918 kVt-a q\u0259d\u0259r g\u00fcc\u0259 malik 90 model var.<\/p>\n<\/div>\n<\/div>\n<\/div>\n","protected":false},"featured_media":32729,"template":"","meta":[],"product_brand":[],"product_cat":[1631,875],"product_tag":[],"class_list":{"0":"post-32747","1":"product","2":"type-product","3":"status-publish","4":"has-post-thumbnail","6":"product_cat-kondensator","7":"product_cat-snaye-az-kondisionerlr","9":"first","10":"instock","11":"shipping-taxable","12":"product-type-simple"},"yoast_head":"<!-- This site is optimized with the Yoast SEO plugin v27.1.1 - https:\/\/yoast.com\/product\/yoast-seo-wordpress\/ -->\n<title>V Formal\u0131 Kondensatorlar (KCV) - Climate Master<\/title>\n<meta name=\"robots\" content=\"index, follow, max-snippet:-1, max-image-preview:large, max-video-preview:-1\" \/>\n<link rel=\"canonical\" href=\"https:\/\/climatemaster.ge\/az\/product\/v-shaped-condensers-kcv\/\" \/>\n<meta property=\"og:locale\" content=\"az_AZ\" \/>\n<meta property=\"og:type\" content=\"article\" \/>\n<meta property=\"og:title\" content=\"V Formal\u0131 Kondensatorlar (KCV) - Climate Master\" \/>\n<meta property=\"og:description\" content=\"KCV Kobol kondensatorlar\u0131 \u00fcst\u00fcn performans\u0131 v\u0259 davaml\u0131l\u0131\u011f\u0131 il\u0259 \u015f\u00f6hr\u0259t qazanm\u0131\u015fd\u0131r. H\u0259r hans\u0131 bir spesifikasiyaya cavab verm\u0259k \u00fc\u00e7\u00fcn geni\u015f \u00e7e\u015fidd\u0259 konfiqurasiyalar v\u0259 aksessuarlar m\u00f6vcuddur, m\u0259s\u0259l\u0259n, \u00f6rt\u00fclm\u00fc\u015f qanadlar, EC fan m\u00fch\u0259rrikl\u0259ri, a\u00e7arlar, s\u0259s izolyasiyal\u0131 korpuslar v\u0259 \u00e7oxlu d\u00f6vr\u0259l\u0259r. Biz 2,8 kVt v\u0259 1100 kVt-dan m\u0259rk\u0259zd\u0259nqa\u00e7ma, radial, eksenel v\u0259 V formal\u0131 kondensatorlar daxil olmaqla 550 model t\u0259klif edirik. Bu geni\u015f \u00e7e\u015fidli vahidl\u0259r v\u0259 aksessuarlar soyutma s\u0259nayesinin \u0259ks\u0259r ehtiyaclar\u0131na cavab ver\u0259n tam portfel t\u0259qdim edir.  V-formal\u0131 kondensatorlar a\u015fa\u011f\u0131 s\u0259s-k\u00fcy s\u0259viyy\u0259l\u0259ri yarad\u0131r, y\u00fcks\u0259k performans v\u0259 y\u00fcks\u0259k enerji s\u0259m\u0259r\u0259liliyi t\u0259klif edir. Bu diapazonda 112 kVt-dan 918 kVt-a q\u0259d\u0259r g\u00fcc\u0259 malik 90 model var.\" \/>\n<meta property=\"og:url\" content=\"https:\/\/climatemaster.ge\/az\/product\/v-shaped-condensers-kcv\/\" \/>\n<meta property=\"og:site_name\" content=\"Climate Master\" \/>\n<meta property=\"article:modified_time\" content=\"2025-05-24T12:43:33+00:00\" \/>\n<meta property=\"og:image\" content=\"https:\/\/climatemaster.ge\/wp-content\/uploads\/2025\/05\/condensador_v_lateral-1.png\" \/>\n\t<meta property=\"og:image:width\" content=\"1280\" \/>\n\t<meta property=\"og:image:height\" content=\"1179\" \/>\n\t<meta property=\"og:image:type\" content=\"image\/png\" \/>\n<meta name=\"twitter:card\" content=\"summary_large_image\" \/>\n<script type=\"application\/ld+json\" class=\"yoast-schema-graph\">{\"@context\":\"https:\/\/schema.org\",\"@graph\":[{\"@type\":\"WebPage\",\"@id\":\"https:\/\/climatemaster.ge\/az\/product\/v-shaped-condensers-kcv\/\",\"url\":\"https:\/\/climatemaster.ge\/az\/product\/v-shaped-condensers-kcv\/\",\"name\":\"V Formal\u0131 Kondensatorlar (KCV) - Climate Master\",\"isPartOf\":{\"@id\":\"https:\/\/climatemaster.ge\/#website\"},\"primaryImageOfPage\":{\"@id\":\"https:\/\/climatemaster.ge\/az\/product\/v-shaped-condensers-kcv\/#primaryimage\"},\"image\":{\"@id\":\"https:\/\/climatemaster.ge\/az\/product\/v-shaped-condensers-kcv\/#primaryimage\"},\"thumbnailUrl\":\"https:\/\/climatemaster.ge\/wp-content\/uploads\/2025\/05\/condensador_v_lateral-1.png\",\"datePublished\":\"2025-05-24T12:39:20+00:00\",\"dateModified\":\"2025-05-24T12:43:33+00:00\",\"breadcrumb\":{\"@id\":\"https:\/\/climatemaster.ge\/az\/product\/v-shaped-condensers-kcv\/#breadcrumb\"},\"inLanguage\":\"az\",\"potentialAction\":[{\"@type\":\"ReadAction\",\"target\":[\"https:\/\/climatemaster.ge\/az\/product\/v-shaped-condensers-kcv\/\"]}]},{\"@type\":\"ImageObject\",\"inLanguage\":\"az\",\"@id\":\"https:\/\/climatemaster.ge\/az\/product\/v-shaped-condensers-kcv\/#primaryimage\",\"url\":\"https:\/\/climatemaster.ge\/wp-content\/uploads\/2025\/05\/condensador_v_lateral-1.png\",\"contentUrl\":\"https:\/\/climatemaster.ge\/wp-content\/uploads\/2025\/05\/condensador_v_lateral-1.png\",\"width\":1280,\"height\":1179},{\"@type\":\"BreadcrumbList\",\"@id\":\"https:\/\/climatemaster.ge\/az\/product\/v-shaped-condensers-kcv\/#breadcrumb\",\"itemListElement\":[{\"@type\":\"ListItem\",\"position\":1,\"name\":\"Home\",\"item\":\"https:\/\/climatemaster.ge\/\"},{\"@type\":\"ListItem\",\"position\":2,\"name\":\"M\u0259hsullar\",\"item\":\"https:\/\/climatemaster.ge\/products\/\"},{\"@type\":\"ListItem\",\"position\":3,\"name\":\"V Formal\u0131 Kondensatorlar (KCV)\"}]},{\"@type\":\"WebSite\",\"@id\":\"https:\/\/climatemaster.ge\/#website\",\"url\":\"https:\/\/climatemaster.ge\/\",\"name\":\"Climate Master\",\"description\":\"\",\"publisher\":{\"@id\":\"https:\/\/climatemaster.ge\/#organization\"},\"potentialAction\":[{\"@type\":\"SearchAction\",\"target\":{\"@type\":\"EntryPoint\",\"urlTemplate\":\"https:\/\/climatemaster.ge\/?s={search_term_string}\"},\"query-input\":{\"@type\":\"PropertyValueSpecification\",\"valueRequired\":true,\"valueName\":\"search_term_string\"}}],\"inLanguage\":\"az\"},{\"@type\":\"Organization\",\"@id\":\"https:\/\/climatemaster.ge\/#organization\",\"name\":\"Climate Master\",\"url\":\"https:\/\/climatemaster.ge\/\",\"logo\":{\"@type\":\"ImageObject\",\"inLanguage\":\"az\",\"@id\":\"https:\/\/climatemaster.ge\/#\/schema\/logo\/image\/\",\"url\":\"https:\/\/climatemaster.ge\/wp-content\/uploads\/2026\/03\/Untitled-2.png\",\"contentUrl\":\"https:\/\/climatemaster.ge\/wp-content\/uploads\/2026\/03\/Untitled-2.png\",\"width\":600,\"height\":338,\"caption\":\"Climate Master\"},\"image\":{\"@id\":\"https:\/\/climatemaster.ge\/#\/schema\/logo\/image\/\"}}]}<\/script>\n<!-- \/ Yoast SEO plugin. -->","yoast_head_json":{"title":"V Formal\u0131 Kondensatorlar (KCV) - Climate Master","robots":{"index":"index","follow":"follow","max-snippet":"max-snippet:-1","max-image-preview":"max-image-preview:large","max-video-preview":"max-video-preview:-1"},"canonical":"https:\/\/climatemaster.ge\/az\/product\/v-shaped-condensers-kcv\/","og_locale":"az_AZ","og_type":"article","og_title":"V Formal\u0131 Kondensatorlar (KCV) - Climate Master","og_description":"KCV Kobol kondensatorlar\u0131 \u00fcst\u00fcn performans\u0131 v\u0259 davaml\u0131l\u0131\u011f\u0131 il\u0259 \u015f\u00f6hr\u0259t qazanm\u0131\u015fd\u0131r. H\u0259r hans\u0131 bir spesifikasiyaya cavab verm\u0259k \u00fc\u00e7\u00fcn geni\u015f \u00e7e\u015fidd\u0259 konfiqurasiyalar v\u0259 aksessuarlar m\u00f6vcuddur, m\u0259s\u0259l\u0259n, \u00f6rt\u00fclm\u00fc\u015f qanadlar, EC fan m\u00fch\u0259rrikl\u0259ri, a\u00e7arlar, s\u0259s izolyasiyal\u0131 korpuslar v\u0259 \u00e7oxlu d\u00f6vr\u0259l\u0259r. Biz 2,8 kVt v\u0259 1100 kVt-dan m\u0259rk\u0259zd\u0259nqa\u00e7ma, radial, eksenel v\u0259 V formal\u0131 kondensatorlar daxil olmaqla 550 model t\u0259klif edirik. Bu geni\u015f \u00e7e\u015fidli vahidl\u0259r v\u0259 aksessuarlar soyutma s\u0259nayesinin \u0259ks\u0259r ehtiyaclar\u0131na cavab ver\u0259n tam portfel t\u0259qdim edir.  V-formal\u0131 kondensatorlar a\u015fa\u011f\u0131 s\u0259s-k\u00fcy s\u0259viyy\u0259l\u0259ri yarad\u0131r, y\u00fcks\u0259k performans v\u0259 y\u00fcks\u0259k enerji s\u0259m\u0259r\u0259liliyi t\u0259klif edir. Bu diapazonda 112 kVt-dan 918 kVt-a q\u0259d\u0259r g\u00fcc\u0259 malik 90 model var.","og_url":"https:\/\/climatemaster.ge\/az\/product\/v-shaped-condensers-kcv\/","og_site_name":"Climate Master","article_modified_time":"2025-05-24T12:43:33+00:00","og_image":[{"width":1280,"height":1179,"url":"https:\/\/climatemaster.ge\/wp-content\/uploads\/2025\/05\/condensador_v_lateral-1.png","type":"image\/png"}],"twitter_card":"summary_large_image","schema":{"@context":"https:\/\/schema.org","@graph":[{"@type":"WebPage","@id":"https:\/\/climatemaster.ge\/az\/product\/v-shaped-condensers-kcv\/","url":"https:\/\/climatemaster.ge\/az\/product\/v-shaped-condensers-kcv\/","name":"V Formal\u0131 Kondensatorlar (KCV) - Climate Master","isPartOf":{"@id":"https:\/\/climatemaster.ge\/#website"},"primaryImageOfPage":{"@id":"https:\/\/climatemaster.ge\/az\/product\/v-shaped-condensers-kcv\/#primaryimage"},"image":{"@id":"https:\/\/climatemaster.ge\/az\/product\/v-shaped-condensers-kcv\/#primaryimage"},"thumbnailUrl":"https:\/\/climatemaster.ge\/wp-content\/uploads\/2025\/05\/condensador_v_lateral-1.png","datePublished":"2025-05-24T12:39:20+00:00","dateModified":"2025-05-24T12:43:33+00:00","breadcrumb":{"@id":"https:\/\/climatemaster.ge\/az\/product\/v-shaped-condensers-kcv\/#breadcrumb"},"inLanguage":"az","potentialAction":[{"@type":"ReadAction","target":["https:\/\/climatemaster.ge\/az\/product\/v-shaped-condensers-kcv\/"]}]},{"@type":"ImageObject","inLanguage":"az","@id":"https:\/\/climatemaster.ge\/az\/product\/v-shaped-condensers-kcv\/#primaryimage","url":"https:\/\/climatemaster.ge\/wp-content\/uploads\/2025\/05\/condensador_v_lateral-1.png","contentUrl":"https:\/\/climatemaster.ge\/wp-content\/uploads\/2025\/05\/condensador_v_lateral-1.png","width":1280,"height":1179},{"@type":"BreadcrumbList","@id":"https:\/\/climatemaster.ge\/az\/product\/v-shaped-condensers-kcv\/#breadcrumb","itemListElement":[{"@type":"ListItem","position":1,"name":"Home","item":"https:\/\/climatemaster.ge\/"},{"@type":"ListItem","position":2,"name":"M\u0259hsullar","item":"https:\/\/climatemaster.ge\/products\/"},{"@type":"ListItem","position":3,"name":"V Formal\u0131 Kondensatorlar (KCV)"}]},{"@type":"WebSite","@id":"https:\/\/climatemaster.ge\/#website","url":"https:\/\/climatemaster.ge\/","name":"Climate Master","description":"","publisher":{"@id":"https:\/\/climatemaster.ge\/#organization"},"potentialAction":[{"@type":"SearchAction","target":{"@type":"EntryPoint","urlTemplate":"https:\/\/climatemaster.ge\/?s={search_term_string}"},"query-input":{"@type":"PropertyValueSpecification","valueRequired":true,"valueName":"search_term_string"}}],"inLanguage":"az"},{"@type":"Organization","@id":"https:\/\/climatemaster.ge\/#organization","name":"Climate Master","url":"https:\/\/climatemaster.ge\/","logo":{"@type":"ImageObject","inLanguage":"az","@id":"https:\/\/climatemaster.ge\/#\/schema\/logo\/image\/","url":"https:\/\/climatemaster.ge\/wp-content\/uploads\/2026\/03\/Untitled-2.png","contentUrl":"https:\/\/climatemaster.ge\/wp-content\/uploads\/2026\/03\/Untitled-2.png","width":600,"height":338,"caption":"Climate Master"},"image":{"@id":"https:\/\/climatemaster.ge\/#\/schema\/logo\/image\/"}}]}},"_links":{"self":[{"href":"https:\/\/climatemaster.ge\/az\/wp-json\/wp\/v2\/product\/32747","targetHints":{"allow":["GET"]}}],"collection":[{"href":"https:\/\/climatemaster.ge\/az\/wp-json\/wp\/v2\/product"}],"about":[{"href":"https:\/\/climatemaster.ge\/az\/wp-json\/wp\/v2\/types\/product"}],"wp:featuredmedia":[{"embeddable":true,"href":"https:\/\/climatemaster.ge\/az\/wp-json\/wp\/v2\/media\/32729"}],"wp:attachment":[{"href":"https:\/\/climatemaster.ge\/az\/wp-json\/wp\/v2\/media?parent=32747"}],"wp:term":[{"taxonomy":"product_brand","embeddable":true,"href":"https:\/\/climatemaster.ge\/az\/wp-json\/wp\/v2\/product_brand?post=32747"},{"taxonomy":"product_cat","embeddable":true,"href":"https:\/\/climatemaster.ge\/az\/wp-json\/wp\/v2\/product_cat?post=32747"},{"taxonomy":"product_tag","embeddable":true,"href":"https:\/\/climatemaster.ge\/az\/wp-json\/wp\/v2\/product_tag?post=32747"}],"curies":[{"name":"wp","href":"https:\/\/api.w.org\/{rel}","templated":true}]}}