{"id":32473,"date":"2025-05-23T20:15:36","date_gmt":"2025-05-23T16:15:36","guid":{"rendered":"https:\/\/airsystems.ge\/shop\/product\/v-shaped-dry-cooler-dv-dx-kdv-v-shaped-dry-coolers-with-axial-fans-for-outdoor-use\/"},"modified":"2025-05-23T20:20:13","modified_gmt":"2025-05-23T16:20:13","slug":"v-shaped-dry-cooler-dv-dx-kdv-v-shaped-dry-coolers-with-axial-fans-for-outdoor-use","status":"publish","type":"product","link":"https:\/\/climatemaster.ge\/az\/product\/v-shaped-dry-cooler-dv-dx-kdv-v-shaped-dry-coolers-with-axial-fans-for-outdoor-use\/","title":{"rendered":"V formal\u0131 quru soyuducu DV\/DX\/KDV: Xarici istifad\u0259 \u00fc\u00e7\u00fcn eksenel ventilyatorlar\u0131 olan V-formal\u0131 quru soyuducular"},"content":{"rendered":"<p>X\u00dcSUS\u0130YY\u018fTL\u018fR\u0130<\/p>\n<p>\u2022 H2O t\u0259bii soyuducu v\u0259 duzlu sudan istifad\u0259 edin<br \/>\n\u2022 Qapaql\u0131 rulon: 1\/2\u201d mis borular v\u0259 qapaql\u0131 al\u00fcminium qanadlarla tikilmi\u015fdir. S\u0131zmalar\u0131n qar\u015f\u0131s\u0131n\u0131 almaq \u00fc\u00e7\u00fcn bobinin havaya qalxmas\u0131na imkan ver\u0259n \u201c\u00dcz\u0259n paket sistemi\u201d il\u0259 dizayn edilmi\u015fdir.<br \/>\n\u2022 Fanatlar: Standart olaraq AC fan m\u00fch\u0259rrikl\u0259ri il\u0259 t\u0259chiz edilmi\u015fdir.<br \/>\nXarici rotorlu eksenel fanatlar (380-480V III 50\/60Hz) ErP Direktivin\u0259 uy\u011fundur \u00d8 800, 910 mm<br \/>\n\u2022 Korpus: \u018fvv\u0259lc\u0259d\u0259n r\u0259ngl\u0259nmi\u015f al\u00fcminium<br \/>\n\u2022 Layih\u0259 t\u0259zyiqi: PS=30bar PT=43bar<br \/>\nOPS\u0130YONLAR<\/p>\n<p>F\u0130N MATER\u0130AL<br \/>\n\u2022 Mis \u00fczg\u0259cl\u0259r<br \/>\n\u2022 \u00d6rt\u00fcl\u00fc \u00fczg\u0259cl\u0259r<br \/>\n\u2022 Standart olmayan dig\u0259r fin material\u0131<br \/>\nG\u00d6R\u00dc\u015e<br \/>\n\u2022 Anti damperl\u0259r<br \/>\nELEKTR\u0130K VAR\u0130ANTLARI<br \/>\n\u2022 AK azarke\u015fl\u0259ri<br \/>\n\u2022 S\u00fcr\u0259t t\u0259nziml\u0259yicisi<br \/>\n\u2022 M\u0259rk\u0259zl\u0259\u015fdirilmi\u015f qutuya naqill\u0259r (EC Fans il\u0259 birlikd\u0259 verilir)<br \/>\n\u2022 Xidm\u0259t a\u00e7ar\u0131 Wiring + Magnetothermics<br \/>\nD\u0130G\u018fR<br \/>\n\u2022 AquaAero<br \/>\n\u2022 Blygold<br \/>\n\u2022 Adiabatik sistemi p\u00fcsk\u00fcrt\u00fcn<br \/>\n\u2022 Yastiqciqlar adiabatik sistem (tezlikl\u0259)<br \/>\n\u2022 Fan diffuzoru<\/p>\n<p><a class=\"elementor-button elementor-button-link elementor-size-sm\" href=\"https:\/\/www.enextechnologies.com\/wp-content\/uploads\/2024\/10\/One-Pager-V-SHAPED-DRY-COOLER-DV-DX-KDV-ENG.pdf\" target=\"_blank\" rel=\"noopener\"><span class=\"elementor-button-content-wrapper\"><span class=\"elementor-button-text\">ONE PAGER<\/span><\/span><\/a><\/p>\n","protected":false},"excerpt":{"rendered":"<div class=\"elementor-element elementor-element-70da8153 elementor-widget elementor-widget-theme-page-title elementor-page-title elementor-widget-heading\" data-id=\"70da8153\" data-element_type=\"widget\" data-widget_type=\"theme-page-title.default\">\n<div class=\"elementor-widget-container\">\n<p>KDV J10<br \/>\n90 kVt-dan 1200 kVt-a q\u0259d\u0259r soyutma g\u00fcc\u00fc<\/p>\n<p>ROEN EST-in eksenel ventilyatorlar\u0131 olan V formal\u0131 quru soyuducular\u0131 y\u00fcks\u0259k dayan\u0131ql\u0131 R718 soyuducu v\u0259 duzlu sulardan istifad\u0259 ed\u0259r\u0259k, a\u00e7\u0131q hava t\u0259tbiql\u0259ri \u00fc\u00e7\u00fcn uy\u011fundur. Sistem t\u0259l\u0259bl\u0259rin\u0259 tam uy\u011funla\u015fmaq \u00fc\u00e7\u00fcn a\u015fa\u011f\u0131 s\u0259s-k\u00fcy s\u0259viyy\u0259l\u0259ri v\u0259 tutum \u00fc\u00e7\u00fcn konfiqurasiya edil\u0259 bil\u0259r. Soyuducu q\u00fcll\u0259l\u0259r v\u0259 ya\u015f sisteml\u0259rl\u0259 m\u00fcqayis\u0259d\u0259, V formal\u0131 quru soyuducular\u0131m\u0131z az texniki xidm\u0259t t\u0259l\u0259b edir v\u0259 Legionella il\u0259 \u00e7irkl\u0259nm\u0259nin qar\u015f\u0131s\u0131n\u0131 almaqda y\u00fcks\u0259k effektivlik g\u00f6st\u0259rir. V-forma izi m\u0259hdud olan uzaqdan qura\u015fd\u0131rmalar \u00fc\u00e7\u00fcn ideald\u0131r.<\/p>\n<\/div>\n<\/div>\n","protected":false},"featured_media":32456,"template":"","meta":[],"product_brand":[],"product_cat":[1613,875],"product_tag":[],"class_list":{"0":"post-32473","1":"product","2":"type-product","3":"status-publish","4":"has-post-thumbnail","6":"product_cat-dry-soyuducu","7":"product_cat-snaye-az-kondisionerlr","9":"first","10":"instock","11":"shipping-taxable","12":"product-type-simple"},"yoast_head":"<!-- This site is optimized with the Yoast SEO plugin v27.1.1 - https:\/\/yoast.com\/product\/yoast-seo-wordpress\/ -->\n<title>V formal\u0131 quru soyuducu DV\/DX\/KDV: Xarici istifad\u0259 \u00fc\u00e7\u00fcn eksenel ventilyatorlar\u0131 olan V-formal\u0131 quru soyuducular - Climate Master<\/title>\n<meta name=\"robots\" content=\"index, follow, max-snippet:-1, max-image-preview:large, max-video-preview:-1\" \/>\n<link rel=\"canonical\" href=\"https:\/\/climatemaster.ge\/az\/product\/v-shaped-dry-cooler-dv-dx-kdv-v-shaped-dry-coolers-with-axial-fans-for-outdoor-use\/\" \/>\n<meta property=\"og:locale\" content=\"az_AZ\" \/>\n<meta property=\"og:type\" content=\"article\" \/>\n<meta property=\"og:title\" content=\"V formal\u0131 quru soyuducu DV\/DX\/KDV: Xarici istifad\u0259 \u00fc\u00e7\u00fcn eksenel ventilyatorlar\u0131 olan V-formal\u0131 quru soyuducular - Climate Master\" \/>\n<meta property=\"og:description\" content=\"KDV J10 90 kVt-dan 1200 kVt-a q\u0259d\u0259r soyutma g\u00fcc\u00fc  ROEN EST-in eksenel ventilyatorlar\u0131 olan V formal\u0131 quru soyuducular\u0131 y\u00fcks\u0259k dayan\u0131ql\u0131 R718 soyuducu v\u0259 duzlu sulardan istifad\u0259 ed\u0259r\u0259k, a\u00e7\u0131q hava t\u0259tbiql\u0259ri \u00fc\u00e7\u00fcn uy\u011fundur. Sistem t\u0259l\u0259bl\u0259rin\u0259 tam uy\u011funla\u015fmaq \u00fc\u00e7\u00fcn a\u015fa\u011f\u0131 s\u0259s-k\u00fcy s\u0259viyy\u0259l\u0259ri v\u0259 tutum \u00fc\u00e7\u00fcn konfiqurasiya edil\u0259 bil\u0259r. Soyuducu q\u00fcll\u0259l\u0259r v\u0259 ya\u015f sisteml\u0259rl\u0259 m\u00fcqayis\u0259d\u0259, V formal\u0131 quru soyuducular\u0131m\u0131z az texniki xidm\u0259t t\u0259l\u0259b edir v\u0259 Legionella il\u0259 \u00e7irkl\u0259nm\u0259nin qar\u015f\u0131s\u0131n\u0131 almaqda y\u00fcks\u0259k effektivlik g\u00f6st\u0259rir. V-forma izi m\u0259hdud olan uzaqdan qura\u015fd\u0131rmalar \u00fc\u00e7\u00fcn ideald\u0131r.\" \/>\n<meta property=\"og:url\" content=\"https:\/\/climatemaster.ge\/az\/product\/v-shaped-dry-cooler-dv-dx-kdv-v-shaped-dry-coolers-with-axial-fans-for-outdoor-use\/\" \/>\n<meta property=\"og:site_name\" content=\"Climate Master\" \/>\n<meta property=\"article:modified_time\" content=\"2025-05-23T16:20:13+00:00\" \/>\n<meta property=\"og:image\" content=\"https:\/\/climatemaster.ge\/wp-content\/uploads\/2025\/05\/New-V-shape.979.jpg\" \/>\n\t<meta property=\"og:image:width\" content=\"1601\" \/>\n\t<meta property=\"og:image:height\" content=\"1145\" \/>\n\t<meta property=\"og:image:type\" content=\"image\/jpeg\" \/>\n<meta name=\"twitter:card\" content=\"summary_large_image\" \/>\n<meta name=\"twitter:label1\" content=\"Est. reading time\" \/>\n\t<meta name=\"twitter:data1\" content=\"1 minute\" \/>\n<script type=\"application\/ld+json\" class=\"yoast-schema-graph\">{\"@context\":\"https:\/\/schema.org\",\"@graph\":[{\"@type\":\"WebPage\",\"@id\":\"https:\/\/climatemaster.ge\/az\/product\/v-shaped-dry-cooler-dv-dx-kdv-v-shaped-dry-coolers-with-axial-fans-for-outdoor-use\/\",\"url\":\"https:\/\/climatemaster.ge\/az\/product\/v-shaped-dry-cooler-dv-dx-kdv-v-shaped-dry-coolers-with-axial-fans-for-outdoor-use\/\",\"name\":\"V formal\u0131 quru soyuducu DV\/DX\/KDV: Xarici istifad\u0259 \u00fc\u00e7\u00fcn eksenel ventilyatorlar\u0131 olan V-formal\u0131 quru soyuducular - Climate Master\",\"isPartOf\":{\"@id\":\"https:\/\/climatemaster.ge\/#website\"},\"primaryImageOfPage\":{\"@id\":\"https:\/\/climatemaster.ge\/az\/product\/v-shaped-dry-cooler-dv-dx-kdv-v-shaped-dry-coolers-with-axial-fans-for-outdoor-use\/#primaryimage\"},\"image\":{\"@id\":\"https:\/\/climatemaster.ge\/az\/product\/v-shaped-dry-cooler-dv-dx-kdv-v-shaped-dry-coolers-with-axial-fans-for-outdoor-use\/#primaryimage\"},\"thumbnailUrl\":\"https:\/\/climatemaster.ge\/wp-content\/uploads\/2025\/05\/New-V-shape.979.jpg\",\"datePublished\":\"2025-05-23T16:15:36+00:00\",\"dateModified\":\"2025-05-23T16:20:13+00:00\",\"breadcrumb\":{\"@id\":\"https:\/\/climatemaster.ge\/az\/product\/v-shaped-dry-cooler-dv-dx-kdv-v-shaped-dry-coolers-with-axial-fans-for-outdoor-use\/#breadcrumb\"},\"inLanguage\":\"az\",\"potentialAction\":[{\"@type\":\"ReadAction\",\"target\":[\"https:\/\/climatemaster.ge\/az\/product\/v-shaped-dry-cooler-dv-dx-kdv-v-shaped-dry-coolers-with-axial-fans-for-outdoor-use\/\"]}]},{\"@type\":\"ImageObject\",\"inLanguage\":\"az\",\"@id\":\"https:\/\/climatemaster.ge\/az\/product\/v-shaped-dry-cooler-dv-dx-kdv-v-shaped-dry-coolers-with-axial-fans-for-outdoor-use\/#primaryimage\",\"url\":\"https:\/\/climatemaster.ge\/wp-content\/uploads\/2025\/05\/New-V-shape.979.jpg\",\"contentUrl\":\"https:\/\/climatemaster.ge\/wp-content\/uploads\/2025\/05\/New-V-shape.979.jpg\",\"width\":1601,\"height\":1145},{\"@type\":\"BreadcrumbList\",\"@id\":\"https:\/\/climatemaster.ge\/az\/product\/v-shaped-dry-cooler-dv-dx-kdv-v-shaped-dry-coolers-with-axial-fans-for-outdoor-use\/#breadcrumb\",\"itemListElement\":[{\"@type\":\"ListItem\",\"position\":1,\"name\":\"Home\",\"item\":\"https:\/\/climatemaster.ge\/\"},{\"@type\":\"ListItem\",\"position\":2,\"name\":\"M\u0259hsullar\",\"item\":\"https:\/\/climatemaster.ge\/products\/\"},{\"@type\":\"ListItem\",\"position\":3,\"name\":\"V formal\u0131 quru soyuducu DV\/DX\/KDV: Xarici istifad\u0259 \u00fc\u00e7\u00fcn eksenel ventilyatorlar\u0131 olan V-formal\u0131 quru soyuducular\"}]},{\"@type\":\"WebSite\",\"@id\":\"https:\/\/climatemaster.ge\/#website\",\"url\":\"https:\/\/climatemaster.ge\/\",\"name\":\"Climate Master\",\"description\":\"\",\"publisher\":{\"@id\":\"https:\/\/climatemaster.ge\/#organization\"},\"potentialAction\":[{\"@type\":\"SearchAction\",\"target\":{\"@type\":\"EntryPoint\",\"urlTemplate\":\"https:\/\/climatemaster.ge\/?s={search_term_string}\"},\"query-input\":{\"@type\":\"PropertyValueSpecification\",\"valueRequired\":true,\"valueName\":\"search_term_string\"}}],\"inLanguage\":\"az\"},{\"@type\":\"Organization\",\"@id\":\"https:\/\/climatemaster.ge\/#organization\",\"name\":\"Climate Master\",\"url\":\"https:\/\/climatemaster.ge\/\",\"logo\":{\"@type\":\"ImageObject\",\"inLanguage\":\"az\",\"@id\":\"https:\/\/climatemaster.ge\/#\/schema\/logo\/image\/\",\"url\":\"https:\/\/climatemaster.ge\/wp-content\/uploads\/2026\/03\/Untitled-2.png\",\"contentUrl\":\"https:\/\/climatemaster.ge\/wp-content\/uploads\/2026\/03\/Untitled-2.png\",\"width\":600,\"height\":338,\"caption\":\"Climate Master\"},\"image\":{\"@id\":\"https:\/\/climatemaster.ge\/#\/schema\/logo\/image\/\"}}]}<\/script>\n<!-- \/ Yoast SEO plugin. -->","yoast_head_json":{"title":"V formal\u0131 quru soyuducu DV\/DX\/KDV: Xarici istifad\u0259 \u00fc\u00e7\u00fcn eksenel ventilyatorlar\u0131 olan V-formal\u0131 quru soyuducular - Climate Master","robots":{"index":"index","follow":"follow","max-snippet":"max-snippet:-1","max-image-preview":"max-image-preview:large","max-video-preview":"max-video-preview:-1"},"canonical":"https:\/\/climatemaster.ge\/az\/product\/v-shaped-dry-cooler-dv-dx-kdv-v-shaped-dry-coolers-with-axial-fans-for-outdoor-use\/","og_locale":"az_AZ","og_type":"article","og_title":"V formal\u0131 quru soyuducu DV\/DX\/KDV: Xarici istifad\u0259 \u00fc\u00e7\u00fcn eksenel ventilyatorlar\u0131 olan V-formal\u0131 quru soyuducular - Climate Master","og_description":"KDV J10 90 kVt-dan 1200 kVt-a q\u0259d\u0259r soyutma g\u00fcc\u00fc  ROEN EST-in eksenel ventilyatorlar\u0131 olan V formal\u0131 quru soyuducular\u0131 y\u00fcks\u0259k dayan\u0131ql\u0131 R718 soyuducu v\u0259 duzlu sulardan istifad\u0259 ed\u0259r\u0259k, a\u00e7\u0131q hava t\u0259tbiql\u0259ri \u00fc\u00e7\u00fcn uy\u011fundur. Sistem t\u0259l\u0259bl\u0259rin\u0259 tam uy\u011funla\u015fmaq \u00fc\u00e7\u00fcn a\u015fa\u011f\u0131 s\u0259s-k\u00fcy s\u0259viyy\u0259l\u0259ri v\u0259 tutum \u00fc\u00e7\u00fcn konfiqurasiya edil\u0259 bil\u0259r. Soyuducu q\u00fcll\u0259l\u0259r v\u0259 ya\u015f sisteml\u0259rl\u0259 m\u00fcqayis\u0259d\u0259, V formal\u0131 quru soyuducular\u0131m\u0131z az texniki xidm\u0259t t\u0259l\u0259b edir v\u0259 Legionella il\u0259 \u00e7irkl\u0259nm\u0259nin qar\u015f\u0131s\u0131n\u0131 almaqda y\u00fcks\u0259k effektivlik g\u00f6st\u0259rir. V-forma izi m\u0259hdud olan uzaqdan qura\u015fd\u0131rmalar \u00fc\u00e7\u00fcn ideald\u0131r.","og_url":"https:\/\/climatemaster.ge\/az\/product\/v-shaped-dry-cooler-dv-dx-kdv-v-shaped-dry-coolers-with-axial-fans-for-outdoor-use\/","og_site_name":"Climate Master","article_modified_time":"2025-05-23T16:20:13+00:00","og_image":[{"width":1601,"height":1145,"url":"https:\/\/climatemaster.ge\/wp-content\/uploads\/2025\/05\/New-V-shape.979.jpg","type":"image\/jpeg"}],"twitter_card":"summary_large_image","twitter_misc":{"Est. reading time":"1 minute"},"schema":{"@context":"https:\/\/schema.org","@graph":[{"@type":"WebPage","@id":"https:\/\/climatemaster.ge\/az\/product\/v-shaped-dry-cooler-dv-dx-kdv-v-shaped-dry-coolers-with-axial-fans-for-outdoor-use\/","url":"https:\/\/climatemaster.ge\/az\/product\/v-shaped-dry-cooler-dv-dx-kdv-v-shaped-dry-coolers-with-axial-fans-for-outdoor-use\/","name":"V formal\u0131 quru soyuducu DV\/DX\/KDV: Xarici istifad\u0259 \u00fc\u00e7\u00fcn eksenel ventilyatorlar\u0131 olan V-formal\u0131 quru soyuducular - Climate Master","isPartOf":{"@id":"https:\/\/climatemaster.ge\/#website"},"primaryImageOfPage":{"@id":"https:\/\/climatemaster.ge\/az\/product\/v-shaped-dry-cooler-dv-dx-kdv-v-shaped-dry-coolers-with-axial-fans-for-outdoor-use\/#primaryimage"},"image":{"@id":"https:\/\/climatemaster.ge\/az\/product\/v-shaped-dry-cooler-dv-dx-kdv-v-shaped-dry-coolers-with-axial-fans-for-outdoor-use\/#primaryimage"},"thumbnailUrl":"https:\/\/climatemaster.ge\/wp-content\/uploads\/2025\/05\/New-V-shape.979.jpg","datePublished":"2025-05-23T16:15:36+00:00","dateModified":"2025-05-23T16:20:13+00:00","breadcrumb":{"@id":"https:\/\/climatemaster.ge\/az\/product\/v-shaped-dry-cooler-dv-dx-kdv-v-shaped-dry-coolers-with-axial-fans-for-outdoor-use\/#breadcrumb"},"inLanguage":"az","potentialAction":[{"@type":"ReadAction","target":["https:\/\/climatemaster.ge\/az\/product\/v-shaped-dry-cooler-dv-dx-kdv-v-shaped-dry-coolers-with-axial-fans-for-outdoor-use\/"]}]},{"@type":"ImageObject","inLanguage":"az","@id":"https:\/\/climatemaster.ge\/az\/product\/v-shaped-dry-cooler-dv-dx-kdv-v-shaped-dry-coolers-with-axial-fans-for-outdoor-use\/#primaryimage","url":"https:\/\/climatemaster.ge\/wp-content\/uploads\/2025\/05\/New-V-shape.979.jpg","contentUrl":"https:\/\/climatemaster.ge\/wp-content\/uploads\/2025\/05\/New-V-shape.979.jpg","width":1601,"height":1145},{"@type":"BreadcrumbList","@id":"https:\/\/climatemaster.ge\/az\/product\/v-shaped-dry-cooler-dv-dx-kdv-v-shaped-dry-coolers-with-axial-fans-for-outdoor-use\/#breadcrumb","itemListElement":[{"@type":"ListItem","position":1,"name":"Home","item":"https:\/\/climatemaster.ge\/"},{"@type":"ListItem","position":2,"name":"M\u0259hsullar","item":"https:\/\/climatemaster.ge\/products\/"},{"@type":"ListItem","position":3,"name":"V formal\u0131 quru soyuducu DV\/DX\/KDV: Xarici istifad\u0259 \u00fc\u00e7\u00fcn eksenel ventilyatorlar\u0131 olan V-formal\u0131 quru soyuducular"}]},{"@type":"WebSite","@id":"https:\/\/climatemaster.ge\/#website","url":"https:\/\/climatemaster.ge\/","name":"Climate Master","description":"","publisher":{"@id":"https:\/\/climatemaster.ge\/#organization"},"potentialAction":[{"@type":"SearchAction","target":{"@type":"EntryPoint","urlTemplate":"https:\/\/climatemaster.ge\/?s={search_term_string}"},"query-input":{"@type":"PropertyValueSpecification","valueRequired":true,"valueName":"search_term_string"}}],"inLanguage":"az"},{"@type":"Organization","@id":"https:\/\/climatemaster.ge\/#organization","name":"Climate Master","url":"https:\/\/climatemaster.ge\/","logo":{"@type":"ImageObject","inLanguage":"az","@id":"https:\/\/climatemaster.ge\/#\/schema\/logo\/image\/","url":"https:\/\/climatemaster.ge\/wp-content\/uploads\/2026\/03\/Untitled-2.png","contentUrl":"https:\/\/climatemaster.ge\/wp-content\/uploads\/2026\/03\/Untitled-2.png","width":600,"height":338,"caption":"Climate Master"},"image":{"@id":"https:\/\/climatemaster.ge\/#\/schema\/logo\/image\/"}}]}},"_links":{"self":[{"href":"https:\/\/climatemaster.ge\/az\/wp-json\/wp\/v2\/product\/32473","targetHints":{"allow":["GET"]}}],"collection":[{"href":"https:\/\/climatemaster.ge\/az\/wp-json\/wp\/v2\/product"}],"about":[{"href":"https:\/\/climatemaster.ge\/az\/wp-json\/wp\/v2\/types\/product"}],"wp:featuredmedia":[{"embeddable":true,"href":"https:\/\/climatemaster.ge\/az\/wp-json\/wp\/v2\/media\/32456"}],"wp:attachment":[{"href":"https:\/\/climatemaster.ge\/az\/wp-json\/wp\/v2\/media?parent=32473"}],"wp:term":[{"taxonomy":"product_brand","embeddable":true,"href":"https:\/\/climatemaster.ge\/az\/wp-json\/wp\/v2\/product_brand?post=32473"},{"taxonomy":"product_cat","embeddable":true,"href":"https:\/\/climatemaster.ge\/az\/wp-json\/wp\/v2\/product_cat?post=32473"},{"taxonomy":"product_tag","embeddable":true,"href":"https:\/\/climatemaster.ge\/az\/wp-json\/wp\/v2\/product_tag?post=32473"}],"curies":[{"name":"wp","href":"https:\/\/api.w.org\/{rel}","templated":true}]}}