{"id":32445,"date":"2025-05-23T20:08:34","date_gmt":"2025-05-23T16:08:34","guid":{"rendered":"https:\/\/airsystems.ge\/shop\/product\/flat-dry-coolers-d-series-flat-dry-coolers-with-axial-fans-for-outdoor-use\/"},"modified":"2025-05-23T20:11:26","modified_gmt":"2025-05-23T16:11:26","slug":"flat-dry-coolers-d-series-flat-dry-coolers-with-axial-fans-for-outdoor-use","status":"publish","type":"product","link":"https:\/\/climatemaster.ge\/az\/product\/flat-dry-coolers-d-series-flat-dry-coolers-with-axial-fans-for-outdoor-use\/","title":{"rendered":"D\u00fcz quru soyuducular D-Series: Xarici istifad\u0259 \u00fc\u00e7\u00fcn eksenel ventilyatorlu d\u00fcz quru soyuducular dry cooler"},"content":{"rendered":"<p><a class=\"elementor-button elementor-button-link elementor-size-sm\" href=\"https:\/\/www.enextechnologies.com\/wp-content\/uploads\/2025\/04\/Brochure-FLAT-DRY-COOLER_EN_0325.pdf\" target=\"_blank\" rel=\"noopener\"><span class=\"elementor-button-content-wrapper\"><span class=\"elementor-button-text\">BROCHURE<\/span><\/span><\/a><\/p>\n","protected":false},"excerpt":{"rendered":"<p>10 kVt-dan 1215 kVt-a q\u0259d\u0259r soyutma g\u00fcc\u00fc<\/p>\n<p>Eksenel ventilyatorlar\u0131 olan d\u00fcz quru soyuducular y\u00fcks\u0259k dayan\u0131ql\u0131 R718 soyuducu suyu v\u0259 duzlu sulardan istifad\u0259 ed\u0259r\u0259k a\u00e7\u0131q havada t\u0259tbiql\u0259r \u00fc\u00e7\u00fcn uy\u011fundur. Sistem t\u0259l\u0259bl\u0259rin\u0259 tam uy\u011funla\u015fmaq \u00fc\u00e7\u00fcn a\u015fa\u011f\u0131 s\u0259s-k\u00fcy s\u0259viyy\u0259l\u0259ri v\u0259 imkanlar \u00fc\u00e7\u00fcn konfiqurasiya edil\u0259 bil\u0259r. Soyuducu q\u00fcll\u0259l\u0259r v\u0259 ya\u015f sisteml\u0259rl\u0259 m\u00fcqayis\u0259d\u0259 bizim d\u00fcz quru soyuducular\u0131m\u0131z az texniki xidm\u0259t t\u0259l\u0259b edir v\u0259 Legionella il\u0259 \u00e7irkl\u0259nm\u0259nin qar\u015f\u0131s\u0131n\u0131 almaqda y\u00fcks\u0259k effektivliy\u0259 malikdir.<\/p>\n<p>X\u00dcSUS\u0130YY\u018fTL\u018fR\u0130<\/p>\n<p>Kanatl\u0131 rulon: \u00d812 mm mis borular v\u0259 turbulent al\u00fcminium qanadlarla qurulmu\u015fdur. S\u0131zmalar\u0131n qar\u015f\u0131s\u0131n\u0131 almaq \u00fc\u00e7\u00fcn rulonun dayand\u0131r\u0131lmas\u0131na imkan ver\u0259n &#8220;\u00dcz\u0259n paket sistemi&#8221; il\u0259 dizayn edilmi\u015fdir<\/p>\n<p>Fanlar: Standart olaraq ErP Direktivin\u0259 \u00d8450, 630, 800, 910 mm uy\u011fun xarici rotorlu (380-480V III 50\/60Hz) EC fan m\u00fch\u0259rrikl\u0259ri il\u0259 t\u0259chiz edilmi\u015fdir.<\/p>\n<p>Korpus: Epoksi-polyesterl\u0259 boyanm\u0131\u015f sinkl\u0259nmi\u015f polad, 180\u00baC-d\u0259 istilik m\u00fcalic\u0259sin\u0259 m\u0259ruz qalm\u0131\u015f, h\u0259tta ekstremal ekoloji \u015f\u0259raitd\u0259 bel\u0259 korroziyaya qar\u015f\u0131 y\u00fcks\u0259k qorunma t\u0259min edir.<\/p>\n<p>Dizayn t\u0259zyiqi: PS=16bar PT=23bar<\/p>\n","protected":false},"featured_media":32440,"template":"","meta":[],"product_brand":[],"product_cat":[1613,875],"product_tag":[],"class_list":{"0":"post-32445","1":"product","2":"type-product","3":"status-publish","4":"has-post-thumbnail","6":"product_cat-dry-soyuducu","7":"product_cat-snaye-az-kondisionerlr","9":"first","10":"instock","11":"shipping-taxable","12":"product-type-simple"},"yoast_head":"<!-- This site is optimized with the Yoast SEO plugin v27.1.1 - https:\/\/yoast.com\/product\/yoast-seo-wordpress\/ -->\n<title>D\u00fcz quru soyuducular D-Series: Xarici istifad\u0259 \u00fc\u00e7\u00fcn eksenel ventilyatorlu d\u00fcz quru soyuducular dry cooler - Climate Master<\/title>\n<meta name=\"robots\" content=\"index, follow, max-snippet:-1, max-image-preview:large, max-video-preview:-1\" \/>\n<link rel=\"canonical\" href=\"https:\/\/climatemaster.ge\/az\/product\/flat-dry-coolers-d-series-flat-dry-coolers-with-axial-fans-for-outdoor-use\/\" \/>\n<meta property=\"og:locale\" content=\"az_AZ\" \/>\n<meta property=\"og:type\" content=\"article\" \/>\n<meta property=\"og:title\" content=\"D\u00fcz quru soyuducular D-Series: Xarici istifad\u0259 \u00fc\u00e7\u00fcn eksenel ventilyatorlu d\u00fcz quru soyuducular dry cooler - Climate Master\" \/>\n<meta property=\"og:description\" content=\"10 kVt-dan 1215 kVt-a q\u0259d\u0259r soyutma g\u00fcc\u00fc  Eksenel ventilyatorlar\u0131 olan d\u00fcz quru soyuducular y\u00fcks\u0259k dayan\u0131ql\u0131 R718 soyuducu suyu v\u0259 duzlu sulardan istifad\u0259 ed\u0259r\u0259k a\u00e7\u0131q havada t\u0259tbiql\u0259r \u00fc\u00e7\u00fcn uy\u011fundur. Sistem t\u0259l\u0259bl\u0259rin\u0259 tam uy\u011funla\u015fmaq \u00fc\u00e7\u00fcn a\u015fa\u011f\u0131 s\u0259s-k\u00fcy s\u0259viyy\u0259l\u0259ri v\u0259 imkanlar \u00fc\u00e7\u00fcn konfiqurasiya edil\u0259 bil\u0259r. Soyuducu q\u00fcll\u0259l\u0259r v\u0259 ya\u015f sisteml\u0259rl\u0259 m\u00fcqayis\u0259d\u0259 bizim d\u00fcz quru soyuducular\u0131m\u0131z az texniki xidm\u0259t t\u0259l\u0259b edir v\u0259 Legionella il\u0259 \u00e7irkl\u0259nm\u0259nin qar\u015f\u0131s\u0131n\u0131 almaqda y\u00fcks\u0259k effektivliy\u0259 malikdir.  X\u00dcSUS\u0130YY\u018fTL\u018fR\u0130  Kanatl\u0131 rulon: \u00d812 mm mis borular v\u0259 turbulent al\u00fcminium qanadlarla qurulmu\u015fdur. S\u0131zmalar\u0131n qar\u015f\u0131s\u0131n\u0131 almaq \u00fc\u00e7\u00fcn rulonun dayand\u0131r\u0131lmas\u0131na imkan ver\u0259n &quot;\u00dcz\u0259n paket sistemi&quot; il\u0259 dizayn edilmi\u015fdir  Fanlar: Standart olaraq ErP Direktivin\u0259 \u00d8450, 630, 800, 910 mm uy\u011fun xarici rotorlu (380-480V III 50\/60Hz) EC fan m\u00fch\u0259rrikl\u0259ri il\u0259 t\u0259chiz edilmi\u015fdir.  Korpus: Epoksi-polyesterl\u0259 boyanm\u0131\u015f sinkl\u0259nmi\u015f polad, 180\u00baC-d\u0259 istilik m\u00fcalic\u0259sin\u0259 m\u0259ruz qalm\u0131\u015f, h\u0259tta ekstremal ekoloji \u015f\u0259raitd\u0259 bel\u0259 korroziyaya qar\u015f\u0131 y\u00fcks\u0259k qorunma t\u0259min edir.  Dizayn t\u0259zyiqi: PS=16bar PT=23bar\" \/>\n<meta property=\"og:url\" content=\"https:\/\/climatemaster.ge\/az\/product\/flat-dry-coolers-d-series-flat-dry-coolers-with-axial-fans-for-outdoor-use\/\" \/>\n<meta property=\"og:site_name\" content=\"Climate Master\" \/>\n<meta property=\"article:modified_time\" content=\"2025-05-23T16:11:26+00:00\" \/>\n<meta property=\"og:image\" content=\"https:\/\/climatemaster.ge\/wp-content\/uploads\/2025\/05\/dry-flat.983.png\" \/>\n\t<meta property=\"og:image:width\" content=\"1280\" \/>\n\t<meta property=\"og:image:height\" content=\"1111\" \/>\n\t<meta property=\"og:image:type\" content=\"image\/png\" \/>\n<meta name=\"twitter:card\" content=\"summary_large_image\" \/>\n<script type=\"application\/ld+json\" class=\"yoast-schema-graph\">{\"@context\":\"https:\/\/schema.org\",\"@graph\":[{\"@type\":\"WebPage\",\"@id\":\"https:\/\/climatemaster.ge\/az\/product\/flat-dry-coolers-d-series-flat-dry-coolers-with-axial-fans-for-outdoor-use\/\",\"url\":\"https:\/\/climatemaster.ge\/az\/product\/flat-dry-coolers-d-series-flat-dry-coolers-with-axial-fans-for-outdoor-use\/\",\"name\":\"D\u00fcz quru soyuducular D-Series: Xarici istifad\u0259 \u00fc\u00e7\u00fcn eksenel ventilyatorlu d\u00fcz quru soyuducular dry cooler - Climate Master\",\"isPartOf\":{\"@id\":\"https:\/\/climatemaster.ge\/#website\"},\"primaryImageOfPage\":{\"@id\":\"https:\/\/climatemaster.ge\/az\/product\/flat-dry-coolers-d-series-flat-dry-coolers-with-axial-fans-for-outdoor-use\/#primaryimage\"},\"image\":{\"@id\":\"https:\/\/climatemaster.ge\/az\/product\/flat-dry-coolers-d-series-flat-dry-coolers-with-axial-fans-for-outdoor-use\/#primaryimage\"},\"thumbnailUrl\":\"https:\/\/climatemaster.ge\/wp-content\/uploads\/2025\/05\/dry-flat.983.png\",\"datePublished\":\"2025-05-23T16:08:34+00:00\",\"dateModified\":\"2025-05-23T16:11:26+00:00\",\"breadcrumb\":{\"@id\":\"https:\/\/climatemaster.ge\/az\/product\/flat-dry-coolers-d-series-flat-dry-coolers-with-axial-fans-for-outdoor-use\/#breadcrumb\"},\"inLanguage\":\"az\",\"potentialAction\":[{\"@type\":\"ReadAction\",\"target\":[\"https:\/\/climatemaster.ge\/az\/product\/flat-dry-coolers-d-series-flat-dry-coolers-with-axial-fans-for-outdoor-use\/\"]}]},{\"@type\":\"ImageObject\",\"inLanguage\":\"az\",\"@id\":\"https:\/\/climatemaster.ge\/az\/product\/flat-dry-coolers-d-series-flat-dry-coolers-with-axial-fans-for-outdoor-use\/#primaryimage\",\"url\":\"https:\/\/climatemaster.ge\/wp-content\/uploads\/2025\/05\/dry-flat.983.png\",\"contentUrl\":\"https:\/\/climatemaster.ge\/wp-content\/uploads\/2025\/05\/dry-flat.983.png\",\"width\":1280,\"height\":1111},{\"@type\":\"BreadcrumbList\",\"@id\":\"https:\/\/climatemaster.ge\/az\/product\/flat-dry-coolers-d-series-flat-dry-coolers-with-axial-fans-for-outdoor-use\/#breadcrumb\",\"itemListElement\":[{\"@type\":\"ListItem\",\"position\":1,\"name\":\"Home\",\"item\":\"https:\/\/climatemaster.ge\/\"},{\"@type\":\"ListItem\",\"position\":2,\"name\":\"M\u0259hsullar\",\"item\":\"https:\/\/climatemaster.ge\/products\/\"},{\"@type\":\"ListItem\",\"position\":3,\"name\":\"D\u00fcz quru soyuducular D-Series: Xarici istifad\u0259 \u00fc\u00e7\u00fcn eksenel ventilyatorlu d\u00fcz quru soyuducular dry cooler\"}]},{\"@type\":\"WebSite\",\"@id\":\"https:\/\/climatemaster.ge\/#website\",\"url\":\"https:\/\/climatemaster.ge\/\",\"name\":\"Climate Master\",\"description\":\"\",\"publisher\":{\"@id\":\"https:\/\/climatemaster.ge\/#organization\"},\"potentialAction\":[{\"@type\":\"SearchAction\",\"target\":{\"@type\":\"EntryPoint\",\"urlTemplate\":\"https:\/\/climatemaster.ge\/?s={search_term_string}\"},\"query-input\":{\"@type\":\"PropertyValueSpecification\",\"valueRequired\":true,\"valueName\":\"search_term_string\"}}],\"inLanguage\":\"az\"},{\"@type\":\"Organization\",\"@id\":\"https:\/\/climatemaster.ge\/#organization\",\"name\":\"Climate Master\",\"url\":\"https:\/\/climatemaster.ge\/\",\"logo\":{\"@type\":\"ImageObject\",\"inLanguage\":\"az\",\"@id\":\"https:\/\/climatemaster.ge\/#\/schema\/logo\/image\/\",\"url\":\"https:\/\/climatemaster.ge\/wp-content\/uploads\/2026\/03\/Untitled-2.png\",\"contentUrl\":\"https:\/\/climatemaster.ge\/wp-content\/uploads\/2026\/03\/Untitled-2.png\",\"width\":600,\"height\":338,\"caption\":\"Climate Master\"},\"image\":{\"@id\":\"https:\/\/climatemaster.ge\/#\/schema\/logo\/image\/\"}}]}<\/script>\n<!-- \/ Yoast SEO plugin. -->","yoast_head_json":{"title":"D\u00fcz quru soyuducular D-Series: Xarici istifad\u0259 \u00fc\u00e7\u00fcn eksenel ventilyatorlu d\u00fcz quru soyuducular dry cooler - Climate Master","robots":{"index":"index","follow":"follow","max-snippet":"max-snippet:-1","max-image-preview":"max-image-preview:large","max-video-preview":"max-video-preview:-1"},"canonical":"https:\/\/climatemaster.ge\/az\/product\/flat-dry-coolers-d-series-flat-dry-coolers-with-axial-fans-for-outdoor-use\/","og_locale":"az_AZ","og_type":"article","og_title":"D\u00fcz quru soyuducular D-Series: Xarici istifad\u0259 \u00fc\u00e7\u00fcn eksenel ventilyatorlu d\u00fcz quru soyuducular dry cooler - Climate Master","og_description":"10 kVt-dan 1215 kVt-a q\u0259d\u0259r soyutma g\u00fcc\u00fc  Eksenel ventilyatorlar\u0131 olan d\u00fcz quru soyuducular y\u00fcks\u0259k dayan\u0131ql\u0131 R718 soyuducu suyu v\u0259 duzlu sulardan istifad\u0259 ed\u0259r\u0259k a\u00e7\u0131q havada t\u0259tbiql\u0259r \u00fc\u00e7\u00fcn uy\u011fundur. Sistem t\u0259l\u0259bl\u0259rin\u0259 tam uy\u011funla\u015fmaq \u00fc\u00e7\u00fcn a\u015fa\u011f\u0131 s\u0259s-k\u00fcy s\u0259viyy\u0259l\u0259ri v\u0259 imkanlar \u00fc\u00e7\u00fcn konfiqurasiya edil\u0259 bil\u0259r. Soyuducu q\u00fcll\u0259l\u0259r v\u0259 ya\u015f sisteml\u0259rl\u0259 m\u00fcqayis\u0259d\u0259 bizim d\u00fcz quru soyuducular\u0131m\u0131z az texniki xidm\u0259t t\u0259l\u0259b edir v\u0259 Legionella il\u0259 \u00e7irkl\u0259nm\u0259nin qar\u015f\u0131s\u0131n\u0131 almaqda y\u00fcks\u0259k effektivliy\u0259 malikdir.  X\u00dcSUS\u0130YY\u018fTL\u018fR\u0130  Kanatl\u0131 rulon: \u00d812 mm mis borular v\u0259 turbulent al\u00fcminium qanadlarla qurulmu\u015fdur. S\u0131zmalar\u0131n qar\u015f\u0131s\u0131n\u0131 almaq \u00fc\u00e7\u00fcn rulonun dayand\u0131r\u0131lmas\u0131na imkan ver\u0259n \"\u00dcz\u0259n paket sistemi\" il\u0259 dizayn edilmi\u015fdir  Fanlar: Standart olaraq ErP Direktivin\u0259 \u00d8450, 630, 800, 910 mm uy\u011fun xarici rotorlu (380-480V III 50\/60Hz) EC fan m\u00fch\u0259rrikl\u0259ri il\u0259 t\u0259chiz edilmi\u015fdir.  Korpus: Epoksi-polyesterl\u0259 boyanm\u0131\u015f sinkl\u0259nmi\u015f polad, 180\u00baC-d\u0259 istilik m\u00fcalic\u0259sin\u0259 m\u0259ruz qalm\u0131\u015f, h\u0259tta ekstremal ekoloji \u015f\u0259raitd\u0259 bel\u0259 korroziyaya qar\u015f\u0131 y\u00fcks\u0259k qorunma t\u0259min edir.  Dizayn t\u0259zyiqi: PS=16bar PT=23bar","og_url":"https:\/\/climatemaster.ge\/az\/product\/flat-dry-coolers-d-series-flat-dry-coolers-with-axial-fans-for-outdoor-use\/","og_site_name":"Climate Master","article_modified_time":"2025-05-23T16:11:26+00:00","og_image":[{"width":1280,"height":1111,"url":"https:\/\/climatemaster.ge\/wp-content\/uploads\/2025\/05\/dry-flat.983.png","type":"image\/png"}],"twitter_card":"summary_large_image","schema":{"@context":"https:\/\/schema.org","@graph":[{"@type":"WebPage","@id":"https:\/\/climatemaster.ge\/az\/product\/flat-dry-coolers-d-series-flat-dry-coolers-with-axial-fans-for-outdoor-use\/","url":"https:\/\/climatemaster.ge\/az\/product\/flat-dry-coolers-d-series-flat-dry-coolers-with-axial-fans-for-outdoor-use\/","name":"D\u00fcz quru soyuducular D-Series: Xarici istifad\u0259 \u00fc\u00e7\u00fcn eksenel ventilyatorlu d\u00fcz quru soyuducular dry cooler - Climate Master","isPartOf":{"@id":"https:\/\/climatemaster.ge\/#website"},"primaryImageOfPage":{"@id":"https:\/\/climatemaster.ge\/az\/product\/flat-dry-coolers-d-series-flat-dry-coolers-with-axial-fans-for-outdoor-use\/#primaryimage"},"image":{"@id":"https:\/\/climatemaster.ge\/az\/product\/flat-dry-coolers-d-series-flat-dry-coolers-with-axial-fans-for-outdoor-use\/#primaryimage"},"thumbnailUrl":"https:\/\/climatemaster.ge\/wp-content\/uploads\/2025\/05\/dry-flat.983.png","datePublished":"2025-05-23T16:08:34+00:00","dateModified":"2025-05-23T16:11:26+00:00","breadcrumb":{"@id":"https:\/\/climatemaster.ge\/az\/product\/flat-dry-coolers-d-series-flat-dry-coolers-with-axial-fans-for-outdoor-use\/#breadcrumb"},"inLanguage":"az","potentialAction":[{"@type":"ReadAction","target":["https:\/\/climatemaster.ge\/az\/product\/flat-dry-coolers-d-series-flat-dry-coolers-with-axial-fans-for-outdoor-use\/"]}]},{"@type":"ImageObject","inLanguage":"az","@id":"https:\/\/climatemaster.ge\/az\/product\/flat-dry-coolers-d-series-flat-dry-coolers-with-axial-fans-for-outdoor-use\/#primaryimage","url":"https:\/\/climatemaster.ge\/wp-content\/uploads\/2025\/05\/dry-flat.983.png","contentUrl":"https:\/\/climatemaster.ge\/wp-content\/uploads\/2025\/05\/dry-flat.983.png","width":1280,"height":1111},{"@type":"BreadcrumbList","@id":"https:\/\/climatemaster.ge\/az\/product\/flat-dry-coolers-d-series-flat-dry-coolers-with-axial-fans-for-outdoor-use\/#breadcrumb","itemListElement":[{"@type":"ListItem","position":1,"name":"Home","item":"https:\/\/climatemaster.ge\/"},{"@type":"ListItem","position":2,"name":"M\u0259hsullar","item":"https:\/\/climatemaster.ge\/products\/"},{"@type":"ListItem","position":3,"name":"D\u00fcz quru soyuducular D-Series: Xarici istifad\u0259 \u00fc\u00e7\u00fcn eksenel ventilyatorlu d\u00fcz quru soyuducular dry cooler"}]},{"@type":"WebSite","@id":"https:\/\/climatemaster.ge\/#website","url":"https:\/\/climatemaster.ge\/","name":"Climate Master","description":"","publisher":{"@id":"https:\/\/climatemaster.ge\/#organization"},"potentialAction":[{"@type":"SearchAction","target":{"@type":"EntryPoint","urlTemplate":"https:\/\/climatemaster.ge\/?s={search_term_string}"},"query-input":{"@type":"PropertyValueSpecification","valueRequired":true,"valueName":"search_term_string"}}],"inLanguage":"az"},{"@type":"Organization","@id":"https:\/\/climatemaster.ge\/#organization","name":"Climate Master","url":"https:\/\/climatemaster.ge\/","logo":{"@type":"ImageObject","inLanguage":"az","@id":"https:\/\/climatemaster.ge\/#\/schema\/logo\/image\/","url":"https:\/\/climatemaster.ge\/wp-content\/uploads\/2026\/03\/Untitled-2.png","contentUrl":"https:\/\/climatemaster.ge\/wp-content\/uploads\/2026\/03\/Untitled-2.png","width":600,"height":338,"caption":"Climate Master"},"image":{"@id":"https:\/\/climatemaster.ge\/#\/schema\/logo\/image\/"}}]}},"_links":{"self":[{"href":"https:\/\/climatemaster.ge\/az\/wp-json\/wp\/v2\/product\/32445","targetHints":{"allow":["GET"]}}],"collection":[{"href":"https:\/\/climatemaster.ge\/az\/wp-json\/wp\/v2\/product"}],"about":[{"href":"https:\/\/climatemaster.ge\/az\/wp-json\/wp\/v2\/types\/product"}],"wp:featuredmedia":[{"embeddable":true,"href":"https:\/\/climatemaster.ge\/az\/wp-json\/wp\/v2\/media\/32440"}],"wp:attachment":[{"href":"https:\/\/climatemaster.ge\/az\/wp-json\/wp\/v2\/media?parent=32445"}],"wp:term":[{"taxonomy":"product_brand","embeddable":true,"href":"https:\/\/climatemaster.ge\/az\/wp-json\/wp\/v2\/product_brand?post=32445"},{"taxonomy":"product_cat","embeddable":true,"href":"https:\/\/climatemaster.ge\/az\/wp-json\/wp\/v2\/product_cat?post=32445"},{"taxonomy":"product_tag","embeddable":true,"href":"https:\/\/climatemaster.ge\/az\/wp-json\/wp\/v2\/product_tag?post=32445"}],"curies":[{"name":"wp","href":"https:\/\/api.w.org\/{rel}","templated":true}]}}