{"id":32250,"date":"2025-05-21T11:19:49","date_gmt":"2025-05-21T07:19:49","guid":{"rendered":"https:\/\/airsystems.ge\/shop\/product\/obstacle-light-lanthan-hf102\/"},"modified":"2025-05-21T11:23:54","modified_gmt":"2025-05-21T07:23:54","slug":"obstacle-light-lanthan-hf102","status":"publish","type":"product","link":"https:\/\/climatemaster.ge\/az\/product\/obstacle-light-lanthan-hf102\/","title":{"rendered":"Mane\u0259 \u0130\u015f\u0131\u011f\u0131 Lanthan HF102"},"content":{"rendered":"<p>Yaln\u0131z tam \u00f6l\u00e7m\u0259 sisteml\u0259ri il\u0259 sat\u0131l\u0131r<br \/>\n\u0130\u015f\u0131q intensivliyi 10 Candela, r\u0259ng: q\u0131rm\u0131z\u0131<br \/>\nEnerji s\u0259rfiyyat\u0131 &lt; 1,7 W<br \/>\nA\u015fa\u011f\u0131 enerji istehlak\u0131, avtonom sisteml\u0259r \u00fc\u00e7\u00fcn ideald\u0131r<br \/>\nMateriallar: Al\u00fcminium EN AW 6082 \/ PMMA<br \/>\nT\u0259hl\u00fck\u0259siz LED texnologiyas\u0131 s\u0259b\u0259bind\u0259n texniki xidm\u0259t t\u0259l\u0259b olunmur<br \/>\n&gt; 50 000 saat i\u015fl\u0259m\u0259 qabiliyy\u0259ti<br \/>\nGeni\u015f i\u015fl\u0259m\u0259 g\u0259rginliyi (10&#8230;50 VDC)<\/p>\n<table border=\"1\" width=\"594\" cellspacing=\"1\" cellpadding=\"1\">\n<thead>\n<tr>\n<th scope=\"col\"><span style=\"font-weight: 400;\">Characteristic<\/span><\/th>\n<th scope=\"col\"><span style=\"font-weight: 400;\">Description \/ Value<\/span><\/th>\n<\/tr>\n<\/thead>\n<tbody>\n<tr>\n<td>Intensity of light<\/td>\n<td>&gt;10 cd red, 360\u00b0 horizontal<br \/>\naccording to ICAO Annex 14, Low intensity, Type A<\/td>\n<\/tr>\n<tr>\n<td>Lifespan<\/td>\n<td>&gt;50,000h<\/td>\n<\/tr>\n<tr>\n<td>Supply voltage<\/td>\n<td>10 &#8230; 50V<\/td>\n<\/tr>\n<tr>\n<td>Nominal power<\/td>\n<td>&lt; 1.7W (12V\/140mA; 24V\/70mA)<\/td>\n<\/tr>\n<tr>\n<td>Surge protection<\/td>\n<td>integrated<\/td>\n<\/tr>\n<tr>\n<td>Failure detection<\/td>\n<td>integrated (failure indication after 50,000h)<\/td>\n<\/tr>\n<tr>\n<td colspan=\"1\" rowspan=\"2\">Fail-safe level<\/td>\n<td>Light o.k.: 1.5V below supply voltage (open circuit)<\/td>\n<\/tr>\n<tr>\n<td>Light failure: 0V<\/td>\n<\/tr>\n<tr>\n<td>Temperature range<\/td>\n<td>-40 &#8230; +55\u00b0C<\/td>\n<\/tr>\n<tr>\n<td>Protection class<\/td>\n<td>IP 67, with venting element<\/td>\n<\/tr>\n<tr>\n<td>Housing<\/td>\n<td>Aluminium,\u00a0 seawater-resistant<br \/>\nPMMA, UV-resistant<\/td>\n<\/tr>\n<tr>\n<td>Dimensions<\/td>\n<td>ca. 64 x 80 mm (body without plug)<\/td>\n<\/tr>\n<tr>\n<td>Weight<\/td>\n<td>300g (0.66 lbs)<\/td>\n<\/tr>\n<tr>\n<td>Manufacturer<\/td>\n<td>Lanthan<\/td>\n<\/tr>\n<\/tbody>\n<\/table>\n","protected":false},"excerpt":{"rendered":"<h3>Sifari\u015f n\u00f6mr\u0259si<\/h3>\n<p>M92100<\/p>\n","protected":false},"featured_media":32239,"template":"","meta":[],"product_brand":[],"product_cat":[1336,1543,1601],"product_tag":[],"class_list":{"0":"post-32250","1":"product","2":"type-product","3":"status-publish","4":"has-post-thumbnail","6":"product_cat-brpa-olunan-enerji-kulk-v-guns-enerjisi-olcusu-az","7":"product_cat-data-logger-aksesuarlari","8":"product_cat-mane-isiqlari","10":"first","11":"instock","12":"shipping-taxable","13":"product-type-simple"},"yoast_head":"<!-- This site is optimized with the Yoast SEO plugin v27.1.1 - https:\/\/yoast.com\/product\/yoast-seo-wordpress\/ -->\n<title>Mane\u0259 \u0130\u015f\u0131\u011f\u0131 Lanthan HF102 - Climate Master<\/title>\n<meta name=\"robots\" content=\"index, follow, max-snippet:-1, max-image-preview:large, max-video-preview:-1\" \/>\n<link rel=\"canonical\" href=\"https:\/\/climatemaster.ge\/az\/product\/obstacle-light-lanthan-hf102\/\" \/>\n<meta property=\"og:locale\" content=\"az_AZ\" \/>\n<meta property=\"og:type\" content=\"article\" \/>\n<meta property=\"og:title\" content=\"Mane\u0259 \u0130\u015f\u0131\u011f\u0131 Lanthan HF102 - Climate Master\" \/>\n<meta property=\"og:description\" content=\"Sifari\u015f n\u00f6mr\u0259si M92100\" \/>\n<meta property=\"og:url\" content=\"https:\/\/climatemaster.ge\/az\/product\/obstacle-light-lanthan-hf102\/\" \/>\n<meta property=\"og:site_name\" content=\"Climate Master\" \/>\n<meta property=\"article:modified_time\" content=\"2025-05-21T07:23:54+00:00\" \/>\n<meta property=\"og:image\" content=\"https:\/\/climatemaster.ge\/wp-content\/uploads\/2025\/05\/obstaclelight_lanthanhf102.jpg__490x490_q85_crop_subsampling-2_upscale.jpg\" \/>\n\t<meta property=\"og:image:width\" content=\"490\" \/>\n\t<meta property=\"og:image:height\" content=\"490\" \/>\n\t<meta property=\"og:image:type\" content=\"image\/jpeg\" \/>\n<meta name=\"twitter:card\" content=\"summary_large_image\" \/>\n<meta name=\"twitter:label1\" content=\"Est. reading time\" \/>\n\t<meta name=\"twitter:data1\" content=\"1 minute\" \/>\n<script type=\"application\/ld+json\" class=\"yoast-schema-graph\">{\"@context\":\"https:\/\/schema.org\",\"@graph\":[{\"@type\":\"WebPage\",\"@id\":\"https:\/\/climatemaster.ge\/az\/product\/obstacle-light-lanthan-hf102\/\",\"url\":\"https:\/\/climatemaster.ge\/az\/product\/obstacle-light-lanthan-hf102\/\",\"name\":\"Mane\u0259 \u0130\u015f\u0131\u011f\u0131 Lanthan HF102 - Climate Master\",\"isPartOf\":{\"@id\":\"https:\/\/climatemaster.ge\/#website\"},\"primaryImageOfPage\":{\"@id\":\"https:\/\/climatemaster.ge\/az\/product\/obstacle-light-lanthan-hf102\/#primaryimage\"},\"image\":{\"@id\":\"https:\/\/climatemaster.ge\/az\/product\/obstacle-light-lanthan-hf102\/#primaryimage\"},\"thumbnailUrl\":\"https:\/\/climatemaster.ge\/wp-content\/uploads\/2025\/05\/obstaclelight_lanthanhf102.jpg__490x490_q85_crop_subsampling-2_upscale.jpg\",\"datePublished\":\"2025-05-21T07:19:49+00:00\",\"dateModified\":\"2025-05-21T07:23:54+00:00\",\"breadcrumb\":{\"@id\":\"https:\/\/climatemaster.ge\/az\/product\/obstacle-light-lanthan-hf102\/#breadcrumb\"},\"inLanguage\":\"az\",\"potentialAction\":[{\"@type\":\"ReadAction\",\"target\":[\"https:\/\/climatemaster.ge\/az\/product\/obstacle-light-lanthan-hf102\/\"]}]},{\"@type\":\"ImageObject\",\"inLanguage\":\"az\",\"@id\":\"https:\/\/climatemaster.ge\/az\/product\/obstacle-light-lanthan-hf102\/#primaryimage\",\"url\":\"https:\/\/climatemaster.ge\/wp-content\/uploads\/2025\/05\/obstaclelight_lanthanhf102.jpg__490x490_q85_crop_subsampling-2_upscale.jpg\",\"contentUrl\":\"https:\/\/climatemaster.ge\/wp-content\/uploads\/2025\/05\/obstaclelight_lanthanhf102.jpg__490x490_q85_crop_subsampling-2_upscale.jpg\",\"width\":490,\"height\":490},{\"@type\":\"BreadcrumbList\",\"@id\":\"https:\/\/climatemaster.ge\/az\/product\/obstacle-light-lanthan-hf102\/#breadcrumb\",\"itemListElement\":[{\"@type\":\"ListItem\",\"position\":1,\"name\":\"Home\",\"item\":\"https:\/\/climatemaster.ge\/\"},{\"@type\":\"ListItem\",\"position\":2,\"name\":\"M\u0259hsullar\",\"item\":\"https:\/\/climatemaster.ge\/products\/\"},{\"@type\":\"ListItem\",\"position\":3,\"name\":\"Mane\u0259 \u0130\u015f\u0131\u011f\u0131 Lanthan HF102\"}]},{\"@type\":\"WebSite\",\"@id\":\"https:\/\/climatemaster.ge\/#website\",\"url\":\"https:\/\/climatemaster.ge\/\",\"name\":\"Climate Master\",\"description\":\"\",\"publisher\":{\"@id\":\"https:\/\/climatemaster.ge\/#organization\"},\"potentialAction\":[{\"@type\":\"SearchAction\",\"target\":{\"@type\":\"EntryPoint\",\"urlTemplate\":\"https:\/\/climatemaster.ge\/?s={search_term_string}\"},\"query-input\":{\"@type\":\"PropertyValueSpecification\",\"valueRequired\":true,\"valueName\":\"search_term_string\"}}],\"inLanguage\":\"az\"},{\"@type\":\"Organization\",\"@id\":\"https:\/\/climatemaster.ge\/#organization\",\"name\":\"Climate Master\",\"url\":\"https:\/\/climatemaster.ge\/\",\"logo\":{\"@type\":\"ImageObject\",\"inLanguage\":\"az\",\"@id\":\"https:\/\/climatemaster.ge\/#\/schema\/logo\/image\/\",\"url\":\"https:\/\/climatemaster.ge\/wp-content\/uploads\/2026\/03\/Untitled-2.png\",\"contentUrl\":\"https:\/\/climatemaster.ge\/wp-content\/uploads\/2026\/03\/Untitled-2.png\",\"width\":600,\"height\":338,\"caption\":\"Climate Master\"},\"image\":{\"@id\":\"https:\/\/climatemaster.ge\/#\/schema\/logo\/image\/\"}}]}<\/script>\n<!-- \/ Yoast SEO plugin. -->","yoast_head_json":{"title":"Mane\u0259 \u0130\u015f\u0131\u011f\u0131 Lanthan HF102 - Climate Master","robots":{"index":"index","follow":"follow","max-snippet":"max-snippet:-1","max-image-preview":"max-image-preview:large","max-video-preview":"max-video-preview:-1"},"canonical":"https:\/\/climatemaster.ge\/az\/product\/obstacle-light-lanthan-hf102\/","og_locale":"az_AZ","og_type":"article","og_title":"Mane\u0259 \u0130\u015f\u0131\u011f\u0131 Lanthan HF102 - Climate Master","og_description":"Sifari\u015f n\u00f6mr\u0259si M92100","og_url":"https:\/\/climatemaster.ge\/az\/product\/obstacle-light-lanthan-hf102\/","og_site_name":"Climate Master","article_modified_time":"2025-05-21T07:23:54+00:00","og_image":[{"width":490,"height":490,"url":"https:\/\/climatemaster.ge\/wp-content\/uploads\/2025\/05\/obstaclelight_lanthanhf102.jpg__490x490_q85_crop_subsampling-2_upscale.jpg","type":"image\/jpeg"}],"twitter_card":"summary_large_image","twitter_misc":{"Est. reading time":"1 minute"},"schema":{"@context":"https:\/\/schema.org","@graph":[{"@type":"WebPage","@id":"https:\/\/climatemaster.ge\/az\/product\/obstacle-light-lanthan-hf102\/","url":"https:\/\/climatemaster.ge\/az\/product\/obstacle-light-lanthan-hf102\/","name":"Mane\u0259 \u0130\u015f\u0131\u011f\u0131 Lanthan HF102 - Climate Master","isPartOf":{"@id":"https:\/\/climatemaster.ge\/#website"},"primaryImageOfPage":{"@id":"https:\/\/climatemaster.ge\/az\/product\/obstacle-light-lanthan-hf102\/#primaryimage"},"image":{"@id":"https:\/\/climatemaster.ge\/az\/product\/obstacle-light-lanthan-hf102\/#primaryimage"},"thumbnailUrl":"https:\/\/climatemaster.ge\/wp-content\/uploads\/2025\/05\/obstaclelight_lanthanhf102.jpg__490x490_q85_crop_subsampling-2_upscale.jpg","datePublished":"2025-05-21T07:19:49+00:00","dateModified":"2025-05-21T07:23:54+00:00","breadcrumb":{"@id":"https:\/\/climatemaster.ge\/az\/product\/obstacle-light-lanthan-hf102\/#breadcrumb"},"inLanguage":"az","potentialAction":[{"@type":"ReadAction","target":["https:\/\/climatemaster.ge\/az\/product\/obstacle-light-lanthan-hf102\/"]}]},{"@type":"ImageObject","inLanguage":"az","@id":"https:\/\/climatemaster.ge\/az\/product\/obstacle-light-lanthan-hf102\/#primaryimage","url":"https:\/\/climatemaster.ge\/wp-content\/uploads\/2025\/05\/obstaclelight_lanthanhf102.jpg__490x490_q85_crop_subsampling-2_upscale.jpg","contentUrl":"https:\/\/climatemaster.ge\/wp-content\/uploads\/2025\/05\/obstaclelight_lanthanhf102.jpg__490x490_q85_crop_subsampling-2_upscale.jpg","width":490,"height":490},{"@type":"BreadcrumbList","@id":"https:\/\/climatemaster.ge\/az\/product\/obstacle-light-lanthan-hf102\/#breadcrumb","itemListElement":[{"@type":"ListItem","position":1,"name":"Home","item":"https:\/\/climatemaster.ge\/"},{"@type":"ListItem","position":2,"name":"M\u0259hsullar","item":"https:\/\/climatemaster.ge\/products\/"},{"@type":"ListItem","position":3,"name":"Mane\u0259 \u0130\u015f\u0131\u011f\u0131 Lanthan HF102"}]},{"@type":"WebSite","@id":"https:\/\/climatemaster.ge\/#website","url":"https:\/\/climatemaster.ge\/","name":"Climate Master","description":"","publisher":{"@id":"https:\/\/climatemaster.ge\/#organization"},"potentialAction":[{"@type":"SearchAction","target":{"@type":"EntryPoint","urlTemplate":"https:\/\/climatemaster.ge\/?s={search_term_string}"},"query-input":{"@type":"PropertyValueSpecification","valueRequired":true,"valueName":"search_term_string"}}],"inLanguage":"az"},{"@type":"Organization","@id":"https:\/\/climatemaster.ge\/#organization","name":"Climate Master","url":"https:\/\/climatemaster.ge\/","logo":{"@type":"ImageObject","inLanguage":"az","@id":"https:\/\/climatemaster.ge\/#\/schema\/logo\/image\/","url":"https:\/\/climatemaster.ge\/wp-content\/uploads\/2026\/03\/Untitled-2.png","contentUrl":"https:\/\/climatemaster.ge\/wp-content\/uploads\/2026\/03\/Untitled-2.png","width":600,"height":338,"caption":"Climate Master"},"image":{"@id":"https:\/\/climatemaster.ge\/#\/schema\/logo\/image\/"}}]}},"_links":{"self":[{"href":"https:\/\/climatemaster.ge\/az\/wp-json\/wp\/v2\/product\/32250","targetHints":{"allow":["GET"]}}],"collection":[{"href":"https:\/\/climatemaster.ge\/az\/wp-json\/wp\/v2\/product"}],"about":[{"href":"https:\/\/climatemaster.ge\/az\/wp-json\/wp\/v2\/types\/product"}],"wp:featuredmedia":[{"embeddable":true,"href":"https:\/\/climatemaster.ge\/az\/wp-json\/wp\/v2\/media\/32239"}],"wp:attachment":[{"href":"https:\/\/climatemaster.ge\/az\/wp-json\/wp\/v2\/media?parent=32250"}],"wp:term":[{"taxonomy":"product_brand","embeddable":true,"href":"https:\/\/climatemaster.ge\/az\/wp-json\/wp\/v2\/product_brand?post=32250"},{"taxonomy":"product_cat","embeddable":true,"href":"https:\/\/climatemaster.ge\/az\/wp-json\/wp\/v2\/product_cat?post=32250"},{"taxonomy":"product_tag","embeddable":true,"href":"https:\/\/climatemaster.ge\/az\/wp-json\/wp\/v2\/product_tag?post=32250"}],"curies":[{"name":"wp","href":"https:\/\/api.w.org\/{rel}","templated":true}]}}