{"id":32141,"date":"2025-05-21T10:39:09","date_gmt":"2025-05-21T06:39:09","guid":{"rendered":"https:\/\/airsystems.ge\/shop\/product\/overvoltage-protection-module-for-3-datalines\/"},"modified":"2025-05-21T10:43:59","modified_gmt":"2025-05-21T06:43:59","slug":"overvoltage-protection-module-for-3-datalines","status":"publish","type":"product","link":"https:\/\/climatemaster.ge\/az\/product\/overvoltage-protection-module-for-3-datalines\/","title":{"rendered":"3 m\u0259lumat x\u0259tti \u00fc\u00e7\u00fcn h\u0259ddind\u0259n art\u0131q g\u0259rginlikd\u0259n qorunma modulu"},"content":{"rendered":"<ul>\n<li>3 m\u0259lumat v\u0259 ya siqnal x\u0259tl\u0259ri, 2 naqilli avtobus \u015f\u0259b\u0259k\u0259l\u0259ri \u00fc\u00e7\u00fcn t\u0259xmin\u0259n s\u0131zma c\u0259r\u0259yan\u0131 olmayan h\u0259ddind\u0259n art\u0131q g\u0259rginlikd\u0259n qorunma cihaz\u0131<br \/>\n20kA (8\/20\u03bcs) a\u011f\u0131r y\u00fck-GDT il\u0259 qaba qoruma<br \/>\nY\u00fcks\u0259k s\u00fcr\u0259tli supressor-diodlar il\u0259 g\u00f6z\u0259l qorunma<br \/>\nT\u0259hl\u00fck\u0259 y\u00fcks\u0259k tez-tez harmonikl\u0259r\u0259 qar\u015f\u0131 a\u015fa\u011f\u0131 ke\u00e7irici filtr x\u00fcsusiyy\u0259ti<br \/>\nTransvers v\u0259 uzununa g\u0259rginlikd\u0259n qorunma<br \/>\nDIN-rels v\u0259 ya birba\u015fa montaj \u00fc\u00e7\u00fcn s\u0259rt v\u0259 ki\u00e7ik \u00f6l\u00e7\u00fcl\u00fc polikarbonat korpus<br \/>\nG\u00fccl\u00fc v\u0259 korroziyaya davaml\u0131 universal vintli terminallar<\/li>\n<\/ul>\n<table border=\"1\" width=\"594\" cellspacing=\"1\" cellpadding=\"1\">\n<thead>\n<tr>\n<th scope=\"col\">Characteristic<\/th>\n<th scope=\"col\">Description \/ Value<\/th>\n<\/tr>\n<\/thead>\n<tbody>\n<tr>\n<td>Nominal operating voltage<\/td>\n<td>UN = 24 V DC<\/td>\n<\/tr>\n<tr>\n<td>Max. continuous operating voltage<\/td>\n<td>Umax = 28 V DC<\/td>\n<\/tr>\n<tr>\n<td>Max. continuous operating current<\/td>\n<td>Imax = 500mA<\/td>\n<\/tr>\n<tr>\n<td>Protection level line-ground at 1kV\/\u00b5s and In<\/td>\n<td>URes \u2264 36 V<\/td>\n<\/tr>\n<tr>\n<td>C2 nominal impulse discharge current (10x at wave form 8\/20 \u00b5s)<\/td>\n<td>In = 20 kA<\/td>\n<\/tr>\n<tr>\n<td>Operating temperature range<\/td>\n<td>-25 &#8230; +85 \u00b0C<\/td>\n<\/tr>\n<tr>\n<td>Protection degree acc. to IEC EN 60529<\/td>\n<td>IP 20<\/td>\n<\/tr>\n<tr>\n<td>Manufacturer<\/td>\n<td>Leutron<\/td>\n<\/tr>\n<\/tbody>\n<\/table>\n","protected":false},"excerpt":{"rendered":"<h3>Sifari\u015f n\u00f6mr\u0259si<\/h3>\n<p>M81120<\/p>\n","protected":false},"featured_media":32130,"template":"","meta":[],"product_brand":[],"product_cat":[1336,1543,1595],"product_tag":[],"class_list":{"0":"post-32141","1":"product","2":"type-product","3":"status-publish","4":"has-post-thumbnail","6":"product_cat-brpa-olunan-enerji-kulk-v-guns-enerjisi-olcusu-az","7":"product_cat-data-logger-aksesuarlari","8":"product_cat-hddindn-artiq-grginlikdn-qorunma-modullari","10":"first","11":"instock","12":"shipping-taxable","13":"product-type-simple"},"yoast_head":"<!-- This site is optimized with the Yoast SEO plugin v27.1.1 - https:\/\/yoast.com\/product\/yoast-seo-wordpress\/ -->\n<title>3 m\u0259lumat x\u0259tti \u00fc\u00e7\u00fcn h\u0259ddind\u0259n art\u0131q g\u0259rginlikd\u0259n qorunma modulu - Climate Master<\/title>\n<meta name=\"robots\" content=\"index, follow, max-snippet:-1, max-image-preview:large, max-video-preview:-1\" \/>\n<link rel=\"canonical\" href=\"https:\/\/climatemaster.ge\/az\/product\/overvoltage-protection-module-for-3-datalines\/\" \/>\n<meta property=\"og:locale\" content=\"az_AZ\" \/>\n<meta property=\"og:type\" content=\"article\" \/>\n<meta property=\"og:title\" content=\"3 m\u0259lumat x\u0259tti \u00fc\u00e7\u00fcn h\u0259ddind\u0259n art\u0131q g\u0259rginlikd\u0259n qorunma modulu - Climate Master\" \/>\n<meta property=\"og:description\" content=\"Sifari\u015f n\u00f6mr\u0259si M81120\" \/>\n<meta property=\"og:url\" content=\"https:\/\/climatemaster.ge\/az\/product\/overvoltage-protection-module-for-3-datalines\/\" \/>\n<meta property=\"og:site_name\" content=\"Climate Master\" \/>\n<meta property=\"article:modified_time\" content=\"2025-05-21T06:43:59+00:00\" \/>\n<meta property=\"og:image\" content=\"https:\/\/climatemaster.ge\/wp-content\/uploads\/2025\/05\/ovp-leutron-datapro-3x1-24v.png__490x490_q85_crop_subsampling-2_upscale.png\" \/>\n\t<meta property=\"og:image:width\" content=\"490\" \/>\n\t<meta property=\"og:image:height\" content=\"490\" \/>\n\t<meta property=\"og:image:type\" content=\"image\/png\" \/>\n<meta name=\"twitter:card\" content=\"summary_large_image\" \/>\n<meta name=\"twitter:label1\" content=\"Est. reading time\" \/>\n\t<meta name=\"twitter:data1\" content=\"1 minute\" \/>\n<script type=\"application\/ld+json\" class=\"yoast-schema-graph\">{\"@context\":\"https:\/\/schema.org\",\"@graph\":[{\"@type\":\"WebPage\",\"@id\":\"https:\/\/climatemaster.ge\/az\/product\/overvoltage-protection-module-for-3-datalines\/\",\"url\":\"https:\/\/climatemaster.ge\/az\/product\/overvoltage-protection-module-for-3-datalines\/\",\"name\":\"3 m\u0259lumat x\u0259tti \u00fc\u00e7\u00fcn h\u0259ddind\u0259n art\u0131q g\u0259rginlikd\u0259n qorunma modulu - Climate Master\",\"isPartOf\":{\"@id\":\"https:\/\/climatemaster.ge\/#website\"},\"primaryImageOfPage\":{\"@id\":\"https:\/\/climatemaster.ge\/az\/product\/overvoltage-protection-module-for-3-datalines\/#primaryimage\"},\"image\":{\"@id\":\"https:\/\/climatemaster.ge\/az\/product\/overvoltage-protection-module-for-3-datalines\/#primaryimage\"},\"thumbnailUrl\":\"https:\/\/climatemaster.ge\/wp-content\/uploads\/2025\/05\/ovp-leutron-datapro-3x1-24v.png__490x490_q85_crop_subsampling-2_upscale.png\",\"datePublished\":\"2025-05-21T06:39:09+00:00\",\"dateModified\":\"2025-05-21T06:43:59+00:00\",\"breadcrumb\":{\"@id\":\"https:\/\/climatemaster.ge\/az\/product\/overvoltage-protection-module-for-3-datalines\/#breadcrumb\"},\"inLanguage\":\"az\",\"potentialAction\":[{\"@type\":\"ReadAction\",\"target\":[\"https:\/\/climatemaster.ge\/az\/product\/overvoltage-protection-module-for-3-datalines\/\"]}]},{\"@type\":\"ImageObject\",\"inLanguage\":\"az\",\"@id\":\"https:\/\/climatemaster.ge\/az\/product\/overvoltage-protection-module-for-3-datalines\/#primaryimage\",\"url\":\"https:\/\/climatemaster.ge\/wp-content\/uploads\/2025\/05\/ovp-leutron-datapro-3x1-24v.png__490x490_q85_crop_subsampling-2_upscale.png\",\"contentUrl\":\"https:\/\/climatemaster.ge\/wp-content\/uploads\/2025\/05\/ovp-leutron-datapro-3x1-24v.png__490x490_q85_crop_subsampling-2_upscale.png\",\"width\":490,\"height\":490},{\"@type\":\"BreadcrumbList\",\"@id\":\"https:\/\/climatemaster.ge\/az\/product\/overvoltage-protection-module-for-3-datalines\/#breadcrumb\",\"itemListElement\":[{\"@type\":\"ListItem\",\"position\":1,\"name\":\"Home\",\"item\":\"https:\/\/climatemaster.ge\/\"},{\"@type\":\"ListItem\",\"position\":2,\"name\":\"M\u0259hsullar\",\"item\":\"https:\/\/climatemaster.ge\/products\/\"},{\"@type\":\"ListItem\",\"position\":3,\"name\":\"3 m\u0259lumat x\u0259tti \u00fc\u00e7\u00fcn h\u0259ddind\u0259n art\u0131q g\u0259rginlikd\u0259n qorunma modulu\"}]},{\"@type\":\"WebSite\",\"@id\":\"https:\/\/climatemaster.ge\/#website\",\"url\":\"https:\/\/climatemaster.ge\/\",\"name\":\"Climate Master\",\"description\":\"\",\"publisher\":{\"@id\":\"https:\/\/climatemaster.ge\/#organization\"},\"potentialAction\":[{\"@type\":\"SearchAction\",\"target\":{\"@type\":\"EntryPoint\",\"urlTemplate\":\"https:\/\/climatemaster.ge\/?s={search_term_string}\"},\"query-input\":{\"@type\":\"PropertyValueSpecification\",\"valueRequired\":true,\"valueName\":\"search_term_string\"}}],\"inLanguage\":\"az\"},{\"@type\":\"Organization\",\"@id\":\"https:\/\/climatemaster.ge\/#organization\",\"name\":\"Climate Master\",\"url\":\"https:\/\/climatemaster.ge\/\",\"logo\":{\"@type\":\"ImageObject\",\"inLanguage\":\"az\",\"@id\":\"https:\/\/climatemaster.ge\/#\/schema\/logo\/image\/\",\"url\":\"https:\/\/climatemaster.ge\/wp-content\/uploads\/2026\/03\/Untitled-2.png\",\"contentUrl\":\"https:\/\/climatemaster.ge\/wp-content\/uploads\/2026\/03\/Untitled-2.png\",\"width\":600,\"height\":338,\"caption\":\"Climate Master\"},\"image\":{\"@id\":\"https:\/\/climatemaster.ge\/#\/schema\/logo\/image\/\"}}]}<\/script>\n<!-- \/ Yoast SEO plugin. -->","yoast_head_json":{"title":"3 m\u0259lumat x\u0259tti \u00fc\u00e7\u00fcn h\u0259ddind\u0259n art\u0131q g\u0259rginlikd\u0259n qorunma modulu - Climate Master","robots":{"index":"index","follow":"follow","max-snippet":"max-snippet:-1","max-image-preview":"max-image-preview:large","max-video-preview":"max-video-preview:-1"},"canonical":"https:\/\/climatemaster.ge\/az\/product\/overvoltage-protection-module-for-3-datalines\/","og_locale":"az_AZ","og_type":"article","og_title":"3 m\u0259lumat x\u0259tti \u00fc\u00e7\u00fcn h\u0259ddind\u0259n art\u0131q g\u0259rginlikd\u0259n qorunma modulu - Climate Master","og_description":"Sifari\u015f n\u00f6mr\u0259si M81120","og_url":"https:\/\/climatemaster.ge\/az\/product\/overvoltage-protection-module-for-3-datalines\/","og_site_name":"Climate Master","article_modified_time":"2025-05-21T06:43:59+00:00","og_image":[{"width":490,"height":490,"url":"https:\/\/climatemaster.ge\/wp-content\/uploads\/2025\/05\/ovp-leutron-datapro-3x1-24v.png__490x490_q85_crop_subsampling-2_upscale.png","type":"image\/png"}],"twitter_card":"summary_large_image","twitter_misc":{"Est. reading time":"1 minute"},"schema":{"@context":"https:\/\/schema.org","@graph":[{"@type":"WebPage","@id":"https:\/\/climatemaster.ge\/az\/product\/overvoltage-protection-module-for-3-datalines\/","url":"https:\/\/climatemaster.ge\/az\/product\/overvoltage-protection-module-for-3-datalines\/","name":"3 m\u0259lumat x\u0259tti \u00fc\u00e7\u00fcn h\u0259ddind\u0259n art\u0131q g\u0259rginlikd\u0259n qorunma modulu - Climate Master","isPartOf":{"@id":"https:\/\/climatemaster.ge\/#website"},"primaryImageOfPage":{"@id":"https:\/\/climatemaster.ge\/az\/product\/overvoltage-protection-module-for-3-datalines\/#primaryimage"},"image":{"@id":"https:\/\/climatemaster.ge\/az\/product\/overvoltage-protection-module-for-3-datalines\/#primaryimage"},"thumbnailUrl":"https:\/\/climatemaster.ge\/wp-content\/uploads\/2025\/05\/ovp-leutron-datapro-3x1-24v.png__490x490_q85_crop_subsampling-2_upscale.png","datePublished":"2025-05-21T06:39:09+00:00","dateModified":"2025-05-21T06:43:59+00:00","breadcrumb":{"@id":"https:\/\/climatemaster.ge\/az\/product\/overvoltage-protection-module-for-3-datalines\/#breadcrumb"},"inLanguage":"az","potentialAction":[{"@type":"ReadAction","target":["https:\/\/climatemaster.ge\/az\/product\/overvoltage-protection-module-for-3-datalines\/"]}]},{"@type":"ImageObject","inLanguage":"az","@id":"https:\/\/climatemaster.ge\/az\/product\/overvoltage-protection-module-for-3-datalines\/#primaryimage","url":"https:\/\/climatemaster.ge\/wp-content\/uploads\/2025\/05\/ovp-leutron-datapro-3x1-24v.png__490x490_q85_crop_subsampling-2_upscale.png","contentUrl":"https:\/\/climatemaster.ge\/wp-content\/uploads\/2025\/05\/ovp-leutron-datapro-3x1-24v.png__490x490_q85_crop_subsampling-2_upscale.png","width":490,"height":490},{"@type":"BreadcrumbList","@id":"https:\/\/climatemaster.ge\/az\/product\/overvoltage-protection-module-for-3-datalines\/#breadcrumb","itemListElement":[{"@type":"ListItem","position":1,"name":"Home","item":"https:\/\/climatemaster.ge\/"},{"@type":"ListItem","position":2,"name":"M\u0259hsullar","item":"https:\/\/climatemaster.ge\/products\/"},{"@type":"ListItem","position":3,"name":"3 m\u0259lumat x\u0259tti \u00fc\u00e7\u00fcn h\u0259ddind\u0259n art\u0131q g\u0259rginlikd\u0259n qorunma modulu"}]},{"@type":"WebSite","@id":"https:\/\/climatemaster.ge\/#website","url":"https:\/\/climatemaster.ge\/","name":"Climate Master","description":"","publisher":{"@id":"https:\/\/climatemaster.ge\/#organization"},"potentialAction":[{"@type":"SearchAction","target":{"@type":"EntryPoint","urlTemplate":"https:\/\/climatemaster.ge\/?s={search_term_string}"},"query-input":{"@type":"PropertyValueSpecification","valueRequired":true,"valueName":"search_term_string"}}],"inLanguage":"az"},{"@type":"Organization","@id":"https:\/\/climatemaster.ge\/#organization","name":"Climate Master","url":"https:\/\/climatemaster.ge\/","logo":{"@type":"ImageObject","inLanguage":"az","@id":"https:\/\/climatemaster.ge\/#\/schema\/logo\/image\/","url":"https:\/\/climatemaster.ge\/wp-content\/uploads\/2026\/03\/Untitled-2.png","contentUrl":"https:\/\/climatemaster.ge\/wp-content\/uploads\/2026\/03\/Untitled-2.png","width":600,"height":338,"caption":"Climate Master"},"image":{"@id":"https:\/\/climatemaster.ge\/#\/schema\/logo\/image\/"}}]}},"_links":{"self":[{"href":"https:\/\/climatemaster.ge\/az\/wp-json\/wp\/v2\/product\/32141","targetHints":{"allow":["GET"]}}],"collection":[{"href":"https:\/\/climatemaster.ge\/az\/wp-json\/wp\/v2\/product"}],"about":[{"href":"https:\/\/climatemaster.ge\/az\/wp-json\/wp\/v2\/types\/product"}],"wp:featuredmedia":[{"embeddable":true,"href":"https:\/\/climatemaster.ge\/az\/wp-json\/wp\/v2\/media\/32130"}],"wp:attachment":[{"href":"https:\/\/climatemaster.ge\/az\/wp-json\/wp\/v2\/media?parent=32141"}],"wp:term":[{"taxonomy":"product_brand","embeddable":true,"href":"https:\/\/climatemaster.ge\/az\/wp-json\/wp\/v2\/product_brand?post=32141"},{"taxonomy":"product_cat","embeddable":true,"href":"https:\/\/climatemaster.ge\/az\/wp-json\/wp\/v2\/product_cat?post=32141"},{"taxonomy":"product_tag","embeddable":true,"href":"https:\/\/climatemaster.ge\/az\/wp-json\/wp\/v2\/product_tag?post=32141"}],"curies":[{"name":"wp","href":"https:\/\/api.w.org\/{rel}","templated":true}]}}