{"id":31931,"date":"2025-05-20T17:27:38","date_gmt":"2025-05-20T13:27:38","guid":{"rendered":"https:\/\/airsystems.ge\/shop\/product\/plumbing-design\/"},"modified":"2025-05-20T17:38:20","modified_gmt":"2025-05-20T13:38:20","slug":"plumbing-design","status":"publish","type":"product","link":"https:\/\/climatemaster.ge\/az\/product\/plumbing-design\/","title":{"rendered":"Su t\u0259chizat\u0131 dizayn\u0131"},"content":{"rendered":"","protected":false},"excerpt":{"rendered":"<p>Su paylay\u0131c\u0131 sisteminin dizayn\u0131 icman\u0131 i\u00e7m\u0259li su il\u0259 t\u0259min ed\u0259n su paylay\u0131c\u0131 sistemin qurulmas\u0131 v\u0259 istismar\u0131 \u00fc\u00e7\u00fcn pland\u0131r. Suyun t\u0259mizl\u0259yici qur\u011fu kimi m\u0259nb\u0259d\u0259n son m\u00fc\u015ft\u0259ril\u0259r\u0259 da\u015f\u0131nmas\u0131 \u00fc\u00e7\u00fcn t\u0259l\u0259b olunan borular\u0131n, nasoslar\u0131n v\u0259 dig\u0259r infrastrukturun t\u0259\u015fkili layih\u0259y\u0259 daxildir.<\/p>\n","protected":false},"featured_media":31926,"template":"","meta":[],"product_brand":[],"product_cat":[1320,1571],"product_tag":[],"class_list":{"0":"post-31931","1":"product","2":"type-product","3":"status-publish","4":"has-post-thumbnail","6":"product_cat-mep-dizayn-planlamasi","7":"product_cat-plumbing-design-az","9":"first","10":"instock","11":"shipping-taxable","12":"product-type-simple"},"yoast_head":"<!-- This site is optimized with the Yoast SEO plugin v27.1.1 - https:\/\/yoast.com\/product\/yoast-seo-wordpress\/ -->\n<title>Su t\u0259chizat\u0131 dizayn\u0131 - Climate Master<\/title>\n<meta name=\"robots\" content=\"index, follow, max-snippet:-1, max-image-preview:large, max-video-preview:-1\" \/>\n<link rel=\"canonical\" href=\"https:\/\/climatemaster.ge\/az\/product\/plumbing-design\/\" \/>\n<meta property=\"og:locale\" content=\"az_AZ\" \/>\n<meta property=\"og:type\" content=\"article\" \/>\n<meta property=\"og:title\" content=\"Su t\u0259chizat\u0131 dizayn\u0131 - Climate Master\" \/>\n<meta property=\"og:description\" content=\"Su paylay\u0131c\u0131 sisteminin dizayn\u0131 icman\u0131 i\u00e7m\u0259li su il\u0259 t\u0259min ed\u0259n su paylay\u0131c\u0131 sistemin qurulmas\u0131 v\u0259 istismar\u0131 \u00fc\u00e7\u00fcn pland\u0131r. Suyun t\u0259mizl\u0259yici qur\u011fu kimi m\u0259nb\u0259d\u0259n son m\u00fc\u015ft\u0259ril\u0259r\u0259 da\u015f\u0131nmas\u0131 \u00fc\u00e7\u00fcn t\u0259l\u0259b olunan borular\u0131n, nasoslar\u0131n v\u0259 dig\u0259r infrastrukturun t\u0259\u015fkili layih\u0259y\u0259 daxildir.\" \/>\n<meta property=\"og:url\" content=\"https:\/\/climatemaster.ge\/az\/product\/plumbing-design\/\" \/>\n<meta property=\"og:site_name\" content=\"Climate Master\" \/>\n<meta property=\"article:modified_time\" content=\"2025-05-20T13:38:20+00:00\" \/>\n<meta property=\"og:image\" content=\"https:\/\/climatemaster.ge\/wp-content\/uploads\/2025\/05\/aquatherm-green-pipe-1.jpg\" \/>\n\t<meta property=\"og:image:width\" content=\"320\" \/>\n\t<meta property=\"og:image:height\" content=\"240\" \/>\n\t<meta property=\"og:image:type\" content=\"image\/jpeg\" \/>\n<meta name=\"twitter:card\" content=\"summary_large_image\" \/>\n<script type=\"application\/ld+json\" class=\"yoast-schema-graph\">{\"@context\":\"https:\/\/schema.org\",\"@graph\":[{\"@type\":\"WebPage\",\"@id\":\"https:\/\/climatemaster.ge\/az\/product\/plumbing-design\/\",\"url\":\"https:\/\/climatemaster.ge\/az\/product\/plumbing-design\/\",\"name\":\"Su t\u0259chizat\u0131 dizayn\u0131 - Climate Master\",\"isPartOf\":{\"@id\":\"https:\/\/climatemaster.ge\/#website\"},\"primaryImageOfPage\":{\"@id\":\"https:\/\/climatemaster.ge\/az\/product\/plumbing-design\/#primaryimage\"},\"image\":{\"@id\":\"https:\/\/climatemaster.ge\/az\/product\/plumbing-design\/#primaryimage\"},\"thumbnailUrl\":\"https:\/\/climatemaster.ge\/wp-content\/uploads\/2025\/05\/aquatherm-green-pipe-1.jpg\",\"datePublished\":\"2025-05-20T13:27:38+00:00\",\"dateModified\":\"2025-05-20T13:38:20+00:00\",\"breadcrumb\":{\"@id\":\"https:\/\/climatemaster.ge\/az\/product\/plumbing-design\/#breadcrumb\"},\"inLanguage\":\"az\",\"potentialAction\":[{\"@type\":\"ReadAction\",\"target\":[\"https:\/\/climatemaster.ge\/az\/product\/plumbing-design\/\"]}]},{\"@type\":\"ImageObject\",\"inLanguage\":\"az\",\"@id\":\"https:\/\/climatemaster.ge\/az\/product\/plumbing-design\/#primaryimage\",\"url\":\"https:\/\/climatemaster.ge\/wp-content\/uploads\/2025\/05\/aquatherm-green-pipe-1.jpg\",\"contentUrl\":\"https:\/\/climatemaster.ge\/wp-content\/uploads\/2025\/05\/aquatherm-green-pipe-1.jpg\",\"width\":320,\"height\":240},{\"@type\":\"BreadcrumbList\",\"@id\":\"https:\/\/climatemaster.ge\/az\/product\/plumbing-design\/#breadcrumb\",\"itemListElement\":[{\"@type\":\"ListItem\",\"position\":1,\"name\":\"Home\",\"item\":\"https:\/\/climatemaster.ge\/\"},{\"@type\":\"ListItem\",\"position\":2,\"name\":\"M\u0259hsullar\",\"item\":\"https:\/\/climatemaster.ge\/products\/\"},{\"@type\":\"ListItem\",\"position\":3,\"name\":\"Su t\u0259chizat\u0131 dizayn\u0131\"}]},{\"@type\":\"WebSite\",\"@id\":\"https:\/\/climatemaster.ge\/#website\",\"url\":\"https:\/\/climatemaster.ge\/\",\"name\":\"Climate Master\",\"description\":\"\",\"publisher\":{\"@id\":\"https:\/\/climatemaster.ge\/#organization\"},\"potentialAction\":[{\"@type\":\"SearchAction\",\"target\":{\"@type\":\"EntryPoint\",\"urlTemplate\":\"https:\/\/climatemaster.ge\/?s={search_term_string}\"},\"query-input\":{\"@type\":\"PropertyValueSpecification\",\"valueRequired\":true,\"valueName\":\"search_term_string\"}}],\"inLanguage\":\"az\"},{\"@type\":\"Organization\",\"@id\":\"https:\/\/climatemaster.ge\/#organization\",\"name\":\"Climate Master\",\"url\":\"https:\/\/climatemaster.ge\/\",\"logo\":{\"@type\":\"ImageObject\",\"inLanguage\":\"az\",\"@id\":\"https:\/\/climatemaster.ge\/#\/schema\/logo\/image\/\",\"url\":\"https:\/\/climatemaster.ge\/wp-content\/uploads\/2026\/03\/Untitled-2.png\",\"contentUrl\":\"https:\/\/climatemaster.ge\/wp-content\/uploads\/2026\/03\/Untitled-2.png\",\"width\":600,\"height\":338,\"caption\":\"Climate Master\"},\"image\":{\"@id\":\"https:\/\/climatemaster.ge\/#\/schema\/logo\/image\/\"}}]}<\/script>\n<!-- \/ Yoast SEO plugin. -->","yoast_head_json":{"title":"Su t\u0259chizat\u0131 dizayn\u0131 - Climate Master","robots":{"index":"index","follow":"follow","max-snippet":"max-snippet:-1","max-image-preview":"max-image-preview:large","max-video-preview":"max-video-preview:-1"},"canonical":"https:\/\/climatemaster.ge\/az\/product\/plumbing-design\/","og_locale":"az_AZ","og_type":"article","og_title":"Su t\u0259chizat\u0131 dizayn\u0131 - Climate Master","og_description":"Su paylay\u0131c\u0131 sisteminin dizayn\u0131 icman\u0131 i\u00e7m\u0259li su il\u0259 t\u0259min ed\u0259n su paylay\u0131c\u0131 sistemin qurulmas\u0131 v\u0259 istismar\u0131 \u00fc\u00e7\u00fcn pland\u0131r. Suyun t\u0259mizl\u0259yici qur\u011fu kimi m\u0259nb\u0259d\u0259n son m\u00fc\u015ft\u0259ril\u0259r\u0259 da\u015f\u0131nmas\u0131 \u00fc\u00e7\u00fcn t\u0259l\u0259b olunan borular\u0131n, nasoslar\u0131n v\u0259 dig\u0259r infrastrukturun t\u0259\u015fkili layih\u0259y\u0259 daxildir.","og_url":"https:\/\/climatemaster.ge\/az\/product\/plumbing-design\/","og_site_name":"Climate Master","article_modified_time":"2025-05-20T13:38:20+00:00","og_image":[{"width":320,"height":240,"url":"https:\/\/climatemaster.ge\/wp-content\/uploads\/2025\/05\/aquatherm-green-pipe-1.jpg","type":"image\/jpeg"}],"twitter_card":"summary_large_image","schema":{"@context":"https:\/\/schema.org","@graph":[{"@type":"WebPage","@id":"https:\/\/climatemaster.ge\/az\/product\/plumbing-design\/","url":"https:\/\/climatemaster.ge\/az\/product\/plumbing-design\/","name":"Su t\u0259chizat\u0131 dizayn\u0131 - Climate Master","isPartOf":{"@id":"https:\/\/climatemaster.ge\/#website"},"primaryImageOfPage":{"@id":"https:\/\/climatemaster.ge\/az\/product\/plumbing-design\/#primaryimage"},"image":{"@id":"https:\/\/climatemaster.ge\/az\/product\/plumbing-design\/#primaryimage"},"thumbnailUrl":"https:\/\/climatemaster.ge\/wp-content\/uploads\/2025\/05\/aquatherm-green-pipe-1.jpg","datePublished":"2025-05-20T13:27:38+00:00","dateModified":"2025-05-20T13:38:20+00:00","breadcrumb":{"@id":"https:\/\/climatemaster.ge\/az\/product\/plumbing-design\/#breadcrumb"},"inLanguage":"az","potentialAction":[{"@type":"ReadAction","target":["https:\/\/climatemaster.ge\/az\/product\/plumbing-design\/"]}]},{"@type":"ImageObject","inLanguage":"az","@id":"https:\/\/climatemaster.ge\/az\/product\/plumbing-design\/#primaryimage","url":"https:\/\/climatemaster.ge\/wp-content\/uploads\/2025\/05\/aquatherm-green-pipe-1.jpg","contentUrl":"https:\/\/climatemaster.ge\/wp-content\/uploads\/2025\/05\/aquatherm-green-pipe-1.jpg","width":320,"height":240},{"@type":"BreadcrumbList","@id":"https:\/\/climatemaster.ge\/az\/product\/plumbing-design\/#breadcrumb","itemListElement":[{"@type":"ListItem","position":1,"name":"Home","item":"https:\/\/climatemaster.ge\/"},{"@type":"ListItem","position":2,"name":"M\u0259hsullar","item":"https:\/\/climatemaster.ge\/products\/"},{"@type":"ListItem","position":3,"name":"Su t\u0259chizat\u0131 dizayn\u0131"}]},{"@type":"WebSite","@id":"https:\/\/climatemaster.ge\/#website","url":"https:\/\/climatemaster.ge\/","name":"Climate Master","description":"","publisher":{"@id":"https:\/\/climatemaster.ge\/#organization"},"potentialAction":[{"@type":"SearchAction","target":{"@type":"EntryPoint","urlTemplate":"https:\/\/climatemaster.ge\/?s={search_term_string}"},"query-input":{"@type":"PropertyValueSpecification","valueRequired":true,"valueName":"search_term_string"}}],"inLanguage":"az"},{"@type":"Organization","@id":"https:\/\/climatemaster.ge\/#organization","name":"Climate Master","url":"https:\/\/climatemaster.ge\/","logo":{"@type":"ImageObject","inLanguage":"az","@id":"https:\/\/climatemaster.ge\/#\/schema\/logo\/image\/","url":"https:\/\/climatemaster.ge\/wp-content\/uploads\/2026\/03\/Untitled-2.png","contentUrl":"https:\/\/climatemaster.ge\/wp-content\/uploads\/2026\/03\/Untitled-2.png","width":600,"height":338,"caption":"Climate Master"},"image":{"@id":"https:\/\/climatemaster.ge\/#\/schema\/logo\/image\/"}}]}},"_links":{"self":[{"href":"https:\/\/climatemaster.ge\/az\/wp-json\/wp\/v2\/product\/31931","targetHints":{"allow":["GET"]}}],"collection":[{"href":"https:\/\/climatemaster.ge\/az\/wp-json\/wp\/v2\/product"}],"about":[{"href":"https:\/\/climatemaster.ge\/az\/wp-json\/wp\/v2\/types\/product"}],"wp:featuredmedia":[{"embeddable":true,"href":"https:\/\/climatemaster.ge\/az\/wp-json\/wp\/v2\/media\/31926"}],"wp:attachment":[{"href":"https:\/\/climatemaster.ge\/az\/wp-json\/wp\/v2\/media?parent=31931"}],"wp:term":[{"taxonomy":"product_brand","embeddable":true,"href":"https:\/\/climatemaster.ge\/az\/wp-json\/wp\/v2\/product_brand?post=31931"},{"taxonomy":"product_cat","embeddable":true,"href":"https:\/\/climatemaster.ge\/az\/wp-json\/wp\/v2\/product_cat?post=31931"},{"taxonomy":"product_tag","embeddable":true,"href":"https:\/\/climatemaster.ge\/az\/wp-json\/wp\/v2\/product_tag?post=31931"}],"curies":[{"name":"wp","href":"https:\/\/api.w.org\/{rel}","templated":true}]}}