{"id":31815,"date":"2025-05-17T20:51:44","date_gmt":"2025-05-17T16:51:44","guid":{"rendered":"https:\/\/airsystems.ge\/shop\/product\/data-logger-meteo-42m\/"},"modified":"2025-05-17T20:54:02","modified_gmt":"2025-05-17T16:54:02","slug":"data-logger-meteo-42m","status":"publish","type":"product","link":"https:\/\/climatemaster.ge\/az\/product\/data-logger-meteo-42m\/","title":{"rendered":"M\u0259lumat qeyd ed\u0259n Meteo-42M"},"content":{"rendered":"<p>Meteo-42-ni Meteo-40 plus il\u0259 eyni kommunikasiya al\u0259tl\u0259ri v\u0259 proqram t\u0259minat\u0131ndan istifad\u0259 ed\u0259r\u0259k, ofisinizd\u0259n v\u0259 ya birba\u015fa saytda konfiqurasiya etm\u0259k asand\u0131r: AmmonitConnect v\u0259 AmmonitOR bulud. Bizim dataloggerl\u0259rimizi qura\u015fd\u0131rmaq asand\u0131r v\u0259 b\u00fct\u00fcn d\u00fcnyada etibarl\u0131 \u015f\u0259kild\u0259 i\u015fl\u0259yir.<br \/>\nMeteo-42 h\u0259min texniki yenilikl\u0259ri g\u0259tirir:<br \/>\n\u2022 \u00dc\u00e7 RS-485 portu<br \/>\n\u2022 Daha s\u00fcr\u0259tli prosessorlar<br \/>\n\u2022 Analoq k\u0259miyy\u0259tl\u0259rin daha d\u0259qiq \u00f6l\u00e7\u00fclm\u0259si \u00fc\u00e7\u00fcn daha yax\u015f\u0131 torpaqlama<br \/>\n\u2022 Daha \u00e7evik a\u00e7arlar.<\/p>\n<table border=\"1\" width=\"594\" cellspacing=\"1\" cellpadding=\"1\">\n<thead>\n<tr>\n<th colspan=\"3\" rowspan=\"1\" scope=\"col\">Meteo-42M<\/th>\n<th scope=\"col\">\u00a0Description\u00a0 \/ Device<\/th>\n<\/tr>\n<\/thead>\n<tbody>\n<tr>\n<td><\/td>\n<td>Order Number<\/td>\n<td>M21050<\/td>\n<td><\/td>\n<\/tr>\n<tr>\n<td colspan=\"1\" rowspan=\"4\">Input Channels<\/td>\n<td>Pulse Counters<\/td>\n<td>8<\/td>\n<td>Anemometers, precipitation sensors<\/td>\n<\/tr>\n<tr>\n<td>Digital Serial\u00a0 (Status)<\/td>\n<td>4<\/td>\n<td>Wind vanes serial, precipitation monitors, ext. activation<\/td>\n<\/tr>\n<tr>\n<td>Analog Voltage<\/td>\n<td>8<br \/>\n\u00b1 0.1 V,<br \/>\n\u00b1 1 V,<br \/>\n\u00b1 10 V,<br \/>\n16 bit<\/td>\n<td>Air pressure, temperature, humidity sensors, pot. wind vanes, pyranometers, pyrheliometers<\/td>\n<\/tr>\n<tr>\n<td>RS485 (Client)<\/td>\n<td>2<br \/>\nRS485<br \/>\nClient<br \/>\nInterfaces<\/td>\n<td>Ultrasonic anemometers and smart sensors<\/td>\n<\/tr>\n<tr>\n<td colspan=\"1\" rowspan=\"4\">Output Channels<\/td>\n<td>RS485 (S)<\/td>\n<td>(1) RS485 Server<\/td>\n<td>SCADA monitoring software<\/td>\n<\/tr>\n<tr>\n<td>\u00a05V | Switches<\/td>\n<td>4<\/td>\n<td>Sensor supply, relay for modem, heating supply<\/td>\n<\/tr>\n<tr>\n<td>Current Source<\/td>\n<td>1<\/td>\n<td>\u00a0Pt1000, Pt100<\/td>\n<\/tr>\n<tr>\n<td>Reference Voltage Source<\/td>\n<td>1<\/td>\n<td>5 Volt reference source<\/td>\n<\/tr>\n<tr>\n<td colspan=\"1\" rowspan=\"6\">Connectivity<\/td>\n<td>\u00a0USB<\/td>\n<td>(2) USB-A host (USB 2.0 High Speed)<br \/>\n(1) USB-B device (USB 2.0 High<br \/>\nSpeed)<\/td>\n<td>PC, modem, memory stick, WiFi, GPS, camera<\/td>\n<\/tr>\n<tr>\n<td>Ethernet<\/td>\n<td>\u00a0(1) Ethernet<\/td>\n<td>Router, satellite modem, LAN and SCADA output<\/td>\n<\/tr>\n<tr>\n<td>Data transfer<\/td>\n<td rowspan=\"1\">Email, FTP, SCP, SFTP, FTPS, data<br \/>\ncopy on USB flash drive, SCADA, API<\/td>\n<td rowspan=\"1\">From Meteo-42 data logger and from AmmonitOR Data Cloud<\/td>\n<\/tr>\n<tr>\n<td>Data cloud<\/td>\n<td>AmmonitOR Data Cloud<\/td>\n<td>https:\/\/or.ammonit.com<br \/>\nData Cloud for campaign monitoring<\/td>\n<\/tr>\n<tr>\n<td>Remote access<br \/>\nto Data Logger<\/td>\n<td>Ammonit Connect Remote Access<br \/>\nto Data logger<\/td>\n<td>https:\/\/&lt;serialnumber&gt;.connect.ammonit.com\/<br \/>\nRemote web UI access to data logger for configuration<\/td>\n<\/tr>\n<tr>\n<td>Live data<\/td>\n<td>XMPP messages<\/td>\n<td>Ammonit Live Data Suite with PubSub server, server side data<br \/>\ncollection, and web app for immediate transmission and display<br \/>\nof measurement data<\/td>\n<\/tr>\n<tr>\n<td colspan=\"1\" rowspan=\"2\">Storage Size<\/td>\n<td>Source Data<br \/>\n(1-sec data)<\/td>\n<td>\u00a02 GB<\/td>\n<td>enough for 6-12 months<\/td>\n<\/tr>\n<tr>\n<td>\u00a0CSV Data<br \/>\n(10-min data)<\/td>\n<td>\u00a00,5 GB<\/td>\n<td>enough for \u2264 15 years<\/td>\n<\/tr>\n<tr>\n<td colspan=\"2\" rowspan=\"1\">Display &amp; Keys<\/td>\n<td colspan=\"2\" rowspan=\"1\">(20 x 4) LC display with backlight, five keys<\/td>\n<\/tr>\n<tr>\n<td colspan=\"2\" rowspan=\"1\">Power Supply<\/td>\n<td colspan=\"2\" rowspan=\"1\">9 &#8230; 36 V DC<\/td>\n<\/tr>\n<tr>\n<td colspan=\"2\" rowspan=\"1\">Operat. temperature<\/td>\n<td colspan=\"2\" rowspan=\"1\">\u00a0-40 &#8230; +65 \u00b0C<\/td>\n<\/tr>\n<tr>\n<td colspan=\"2\" rowspan=\"1\">Protection (Housing)<\/td>\n<td colspan=\"2\" rowspan=\"1\">IP65<\/td>\n<\/tr>\n<tr>\n<td colspan=\"2\" rowspan=\"1\">Housing Dimensions<\/td>\n<td colspan=\"2\" rowspan=\"1\">260 x 194 x 67 mm<\/td>\n<\/tr>\n<tr>\n<td colspan=\"2\" rowspan=\"1\">Weight<\/td>\n<td colspan=\"2\" rowspan=\"1\">1110 g<\/td>\n<\/tr>\n<tr>\n<td colspan=\"2\" rowspan=\"1\">Accessories<\/td>\n<td colspan=\"2\" rowspan=\"1\">External modules, plug connector, mounting kit, steel cabinet<\/td>\n<\/tr>\n<\/tbody>\n<\/table>\n","protected":false},"excerpt":{"rendered":"<h3>Sifari\u015f n\u00f6mr\u0259si<\/h3>\n<p>M21050<\/p>\n","protected":false},"featured_media":31810,"template":"","meta":[],"product_brand":[],"product_cat":[1336,1537,1525],"product_tag":[],"class_list":{"0":"post-31815","1":"product","2":"type-product","3":"status-publish","4":"has-post-thumbnail","6":"product_cat-brpa-olunan-enerji-kulk-v-guns-enerjisi-olcusu-az","7":"product_cat-mlumat-qeyd-edn-meteo-42","8":"product_cat-mlumat-qeydcis","10":"first","11":"instock","12":"shipping-taxable","13":"product-type-simple"},"yoast_head":"<!-- This site is optimized with the Yoast SEO plugin v27.1.1 - https:\/\/yoast.com\/product\/yoast-seo-wordpress\/ -->\n<title>M\u0259lumat qeyd ed\u0259n Meteo-42M - Climate Master<\/title>\n<meta name=\"robots\" content=\"index, follow, max-snippet:-1, max-image-preview:large, max-video-preview:-1\" \/>\n<link rel=\"canonical\" href=\"https:\/\/climatemaster.ge\/az\/product\/data-logger-meteo-42m\/\" \/>\n<meta property=\"og:locale\" content=\"az_AZ\" \/>\n<meta property=\"og:type\" content=\"article\" \/>\n<meta property=\"og:title\" content=\"M\u0259lumat qeyd ed\u0259n Meteo-42M - Climate Master\" \/>\n<meta property=\"og:description\" content=\"Sifari\u015f n\u00f6mr\u0259si M21050\" \/>\n<meta property=\"og:url\" content=\"https:\/\/climatemaster.ge\/az\/product\/data-logger-meteo-42m\/\" \/>\n<meta property=\"og:site_name\" content=\"Climate Master\" \/>\n<meta property=\"article:modified_time\" content=\"2025-05-17T16:54:02+00:00\" \/>\n<meta property=\"og:image\" content=\"https:\/\/climatemaster.ge\/wp-content\/uploads\/2025\/05\/meteo-42-1250x1250.png__490x490_q85_crop_subsampling-2_upscale-2.jpg\" \/>\n\t<meta property=\"og:image:width\" content=\"490\" \/>\n\t<meta property=\"og:image:height\" content=\"490\" \/>\n\t<meta property=\"og:image:type\" content=\"image\/jpeg\" \/>\n<meta name=\"twitter:card\" content=\"summary_large_image\" \/>\n<meta name=\"twitter:label1\" content=\"Est. reading time\" \/>\n\t<meta name=\"twitter:data1\" content=\"2 minutes\" \/>\n<script type=\"application\/ld+json\" class=\"yoast-schema-graph\">{\"@context\":\"https:\/\/schema.org\",\"@graph\":[{\"@type\":\"WebPage\",\"@id\":\"https:\/\/climatemaster.ge\/az\/product\/data-logger-meteo-42m\/\",\"url\":\"https:\/\/climatemaster.ge\/az\/product\/data-logger-meteo-42m\/\",\"name\":\"M\u0259lumat qeyd ed\u0259n Meteo-42M - Climate Master\",\"isPartOf\":{\"@id\":\"https:\/\/climatemaster.ge\/#website\"},\"primaryImageOfPage\":{\"@id\":\"https:\/\/climatemaster.ge\/az\/product\/data-logger-meteo-42m\/#primaryimage\"},\"image\":{\"@id\":\"https:\/\/climatemaster.ge\/az\/product\/data-logger-meteo-42m\/#primaryimage\"},\"thumbnailUrl\":\"https:\/\/climatemaster.ge\/wp-content\/uploads\/2025\/05\/meteo-42-1250x1250.png__490x490_q85_crop_subsampling-2_upscale-2.jpg\",\"datePublished\":\"2025-05-17T16:51:44+00:00\",\"dateModified\":\"2025-05-17T16:54:02+00:00\",\"breadcrumb\":{\"@id\":\"https:\/\/climatemaster.ge\/az\/product\/data-logger-meteo-42m\/#breadcrumb\"},\"inLanguage\":\"az\",\"potentialAction\":[{\"@type\":\"ReadAction\",\"target\":[\"https:\/\/climatemaster.ge\/az\/product\/data-logger-meteo-42m\/\"]}]},{\"@type\":\"ImageObject\",\"inLanguage\":\"az\",\"@id\":\"https:\/\/climatemaster.ge\/az\/product\/data-logger-meteo-42m\/#primaryimage\",\"url\":\"https:\/\/climatemaster.ge\/wp-content\/uploads\/2025\/05\/meteo-42-1250x1250.png__490x490_q85_crop_subsampling-2_upscale-2.jpg\",\"contentUrl\":\"https:\/\/climatemaster.ge\/wp-content\/uploads\/2025\/05\/meteo-42-1250x1250.png__490x490_q85_crop_subsampling-2_upscale-2.jpg\",\"width\":490,\"height\":490},{\"@type\":\"BreadcrumbList\",\"@id\":\"https:\/\/climatemaster.ge\/az\/product\/data-logger-meteo-42m\/#breadcrumb\",\"itemListElement\":[{\"@type\":\"ListItem\",\"position\":1,\"name\":\"Home\",\"item\":\"https:\/\/climatemaster.ge\/\"},{\"@type\":\"ListItem\",\"position\":2,\"name\":\"M\u0259hsullar\",\"item\":\"https:\/\/climatemaster.ge\/products\/\"},{\"@type\":\"ListItem\",\"position\":3,\"name\":\"M\u0259lumat qeyd ed\u0259n Meteo-42M\"}]},{\"@type\":\"WebSite\",\"@id\":\"https:\/\/climatemaster.ge\/#website\",\"url\":\"https:\/\/climatemaster.ge\/\",\"name\":\"Climate Master\",\"description\":\"\",\"publisher\":{\"@id\":\"https:\/\/climatemaster.ge\/#organization\"},\"potentialAction\":[{\"@type\":\"SearchAction\",\"target\":{\"@type\":\"EntryPoint\",\"urlTemplate\":\"https:\/\/climatemaster.ge\/?s={search_term_string}\"},\"query-input\":{\"@type\":\"PropertyValueSpecification\",\"valueRequired\":true,\"valueName\":\"search_term_string\"}}],\"inLanguage\":\"az\"},{\"@type\":\"Organization\",\"@id\":\"https:\/\/climatemaster.ge\/#organization\",\"name\":\"Climate Master\",\"url\":\"https:\/\/climatemaster.ge\/\",\"logo\":{\"@type\":\"ImageObject\",\"inLanguage\":\"az\",\"@id\":\"https:\/\/climatemaster.ge\/#\/schema\/logo\/image\/\",\"url\":\"https:\/\/climatemaster.ge\/wp-content\/uploads\/2026\/03\/Untitled-2.png\",\"contentUrl\":\"https:\/\/climatemaster.ge\/wp-content\/uploads\/2026\/03\/Untitled-2.png\",\"width\":600,\"height\":338,\"caption\":\"Climate Master\"},\"image\":{\"@id\":\"https:\/\/climatemaster.ge\/#\/schema\/logo\/image\/\"}}]}<\/script>\n<!-- \/ Yoast SEO plugin. -->","yoast_head_json":{"title":"M\u0259lumat qeyd ed\u0259n Meteo-42M - Climate Master","robots":{"index":"index","follow":"follow","max-snippet":"max-snippet:-1","max-image-preview":"max-image-preview:large","max-video-preview":"max-video-preview:-1"},"canonical":"https:\/\/climatemaster.ge\/az\/product\/data-logger-meteo-42m\/","og_locale":"az_AZ","og_type":"article","og_title":"M\u0259lumat qeyd ed\u0259n Meteo-42M - Climate Master","og_description":"Sifari\u015f n\u00f6mr\u0259si M21050","og_url":"https:\/\/climatemaster.ge\/az\/product\/data-logger-meteo-42m\/","og_site_name":"Climate Master","article_modified_time":"2025-05-17T16:54:02+00:00","og_image":[{"width":490,"height":490,"url":"https:\/\/climatemaster.ge\/wp-content\/uploads\/2025\/05\/meteo-42-1250x1250.png__490x490_q85_crop_subsampling-2_upscale-2.jpg","type":"image\/jpeg"}],"twitter_card":"summary_large_image","twitter_misc":{"Est. reading time":"2 minutes"},"schema":{"@context":"https:\/\/schema.org","@graph":[{"@type":"WebPage","@id":"https:\/\/climatemaster.ge\/az\/product\/data-logger-meteo-42m\/","url":"https:\/\/climatemaster.ge\/az\/product\/data-logger-meteo-42m\/","name":"M\u0259lumat qeyd ed\u0259n Meteo-42M - Climate Master","isPartOf":{"@id":"https:\/\/climatemaster.ge\/#website"},"primaryImageOfPage":{"@id":"https:\/\/climatemaster.ge\/az\/product\/data-logger-meteo-42m\/#primaryimage"},"image":{"@id":"https:\/\/climatemaster.ge\/az\/product\/data-logger-meteo-42m\/#primaryimage"},"thumbnailUrl":"https:\/\/climatemaster.ge\/wp-content\/uploads\/2025\/05\/meteo-42-1250x1250.png__490x490_q85_crop_subsampling-2_upscale-2.jpg","datePublished":"2025-05-17T16:51:44+00:00","dateModified":"2025-05-17T16:54:02+00:00","breadcrumb":{"@id":"https:\/\/climatemaster.ge\/az\/product\/data-logger-meteo-42m\/#breadcrumb"},"inLanguage":"az","potentialAction":[{"@type":"ReadAction","target":["https:\/\/climatemaster.ge\/az\/product\/data-logger-meteo-42m\/"]}]},{"@type":"ImageObject","inLanguage":"az","@id":"https:\/\/climatemaster.ge\/az\/product\/data-logger-meteo-42m\/#primaryimage","url":"https:\/\/climatemaster.ge\/wp-content\/uploads\/2025\/05\/meteo-42-1250x1250.png__490x490_q85_crop_subsampling-2_upscale-2.jpg","contentUrl":"https:\/\/climatemaster.ge\/wp-content\/uploads\/2025\/05\/meteo-42-1250x1250.png__490x490_q85_crop_subsampling-2_upscale-2.jpg","width":490,"height":490},{"@type":"BreadcrumbList","@id":"https:\/\/climatemaster.ge\/az\/product\/data-logger-meteo-42m\/#breadcrumb","itemListElement":[{"@type":"ListItem","position":1,"name":"Home","item":"https:\/\/climatemaster.ge\/"},{"@type":"ListItem","position":2,"name":"M\u0259hsullar","item":"https:\/\/climatemaster.ge\/products\/"},{"@type":"ListItem","position":3,"name":"M\u0259lumat qeyd ed\u0259n Meteo-42M"}]},{"@type":"WebSite","@id":"https:\/\/climatemaster.ge\/#website","url":"https:\/\/climatemaster.ge\/","name":"Climate Master","description":"","publisher":{"@id":"https:\/\/climatemaster.ge\/#organization"},"potentialAction":[{"@type":"SearchAction","target":{"@type":"EntryPoint","urlTemplate":"https:\/\/climatemaster.ge\/?s={search_term_string}"},"query-input":{"@type":"PropertyValueSpecification","valueRequired":true,"valueName":"search_term_string"}}],"inLanguage":"az"},{"@type":"Organization","@id":"https:\/\/climatemaster.ge\/#organization","name":"Climate Master","url":"https:\/\/climatemaster.ge\/","logo":{"@type":"ImageObject","inLanguage":"az","@id":"https:\/\/climatemaster.ge\/#\/schema\/logo\/image\/","url":"https:\/\/climatemaster.ge\/wp-content\/uploads\/2026\/03\/Untitled-2.png","contentUrl":"https:\/\/climatemaster.ge\/wp-content\/uploads\/2026\/03\/Untitled-2.png","width":600,"height":338,"caption":"Climate Master"},"image":{"@id":"https:\/\/climatemaster.ge\/#\/schema\/logo\/image\/"}}]}},"_links":{"self":[{"href":"https:\/\/climatemaster.ge\/az\/wp-json\/wp\/v2\/product\/31815","targetHints":{"allow":["GET"]}}],"collection":[{"href":"https:\/\/climatemaster.ge\/az\/wp-json\/wp\/v2\/product"}],"about":[{"href":"https:\/\/climatemaster.ge\/az\/wp-json\/wp\/v2\/types\/product"}],"wp:featuredmedia":[{"embeddable":true,"href":"https:\/\/climatemaster.ge\/az\/wp-json\/wp\/v2\/media\/31810"}],"wp:attachment":[{"href":"https:\/\/climatemaster.ge\/az\/wp-json\/wp\/v2\/media?parent=31815"}],"wp:term":[{"taxonomy":"product_brand","embeddable":true,"href":"https:\/\/climatemaster.ge\/az\/wp-json\/wp\/v2\/product_brand?post=31815"},{"taxonomy":"product_cat","embeddable":true,"href":"https:\/\/climatemaster.ge\/az\/wp-json\/wp\/v2\/product_cat?post=31815"},{"taxonomy":"product_tag","embeddable":true,"href":"https:\/\/climatemaster.ge\/az\/wp-json\/wp\/v2\/product_tag?post=31815"}],"curies":[{"name":"wp","href":"https:\/\/api.w.org\/{rel}","templated":true}]}}