{"id":31603,"date":"2025-05-15T00:06:52","date_gmt":"2025-05-14T20:06:52","guid":{"rendered":"https:\/\/airsystems.ge\/shop\/product\/silicon-irradiance-sensor-mt-0-10v\/"},"modified":"2025-05-15T00:10:10","modified_gmt":"2025-05-14T20:10:10","slug":"silicon-irradiance-sensor-mt-0-10v","status":"publish","type":"product","link":"https:\/\/climatemaster.ge\/az\/product\/silicon-irradiance-sensor-mt-0-10v\/","title":{"rendered":"Silikon \u015e\u00fcalanma Sensoru M&#038;T 0-10V"},"content":{"rendered":"<ul>\n<li>G\u00fcn\u0259\u015f modulu kimi qurun &#8211; enerji m\u0259hsuldarl\u0131\u011f\u0131 v\u0259 PV sisteml\u0259rinin sistem performans\u0131 il\u0259 asanl\u0131qla m\u00fcqayis\u0259 oluna bil\u0259r<br \/>\nBirba\u015fa \u00f6l\u00e7\u00fclm\u00fc\u015f modul temperaturuna alternativ olaraq iste\u011fe ba\u011fl\u0131 h\u00fcceyr\u0259 temperaturu<br \/>\n\u00c7\u0131x\u0131\u015f siqnal\u0131: \u015f\u00fcalanma v\u0259 h\u00fcceyr\u0259 temperaturu \u00fc\u00e7\u00fcn 0 &#8230; 10 V<\/li>\n<\/ul>\n<p>Silikon \u015f\u00fcalanma sensorlar\u0131 \u015f\u00fcalanman\u0131n \u00f6l\u00e7\u00fclm\u0259si \u00fc\u00e7\u00fcn s\u0259rf\u0259li, lakin m\u00f6hk\u0259m v\u0259 etibarl\u0131 h\u0259ll yolu g\u00f6st\u0259rir. PV moduluna uy\u011fun olan sensor elementin konstruksiyas\u0131na \u0259sas\u0259n, onlar PV sisteml\u0259rinin monitorinqi \u00fc\u00e7\u00fcn istinad kimi ideald\u0131r. X\u00fcsusil\u0259 PV modullar\u0131 il\u0259 m\u00fcqayis\u0259 edil\u0259 bil\u0259n spektral reaksiya, el\u0259c\u0259 d\u0259 ox\u015far meyl x\u0259tas\u0131 (insident buca\u011f\u0131 d\u0259yi\u015fdiricisi) Si sensor m\u0259lumatlar\u0131ndan istifad\u0259 ed\u0259r\u0259k PV enerji m\u0259hsuldarl\u0131\u011f\u0131n\u0131n d\u0259qiq t\u0259hlilin\u0259 imkan verir.<\/p>\n<p>&nbsp;<\/p>\n<table border=\"1\" cellspacing=\"1\" cellpadding=\"1\">\n<thead>\n<tr>\n<th scope=\"col\"><span style=\"font-weight: 400;\">Sensor<\/span><\/th>\n<th scope=\"col\"><span style=\"font-weight: 400;\">Si-V-10TC<\/span><\/th>\n<th scope=\"col\"><span style=\"font-weight: 400;\">Si-V-10-TC-T<\/span><\/th>\n<\/tr>\n<\/thead>\n<tbody>\n<tr>\n<td>Ordner No.<\/td>\n<td>S68120<\/td>\n<td>S68261<\/td>\n<\/tr>\n<tr>\n<td>Solar cell<\/td>\n<td colspan=\"2\" rowspan=\"1\">Monocrystalline silicon (50 x 33 mm)<\/td>\n<\/tr>\n<tr>\n<td>Measurement uncertainty<br \/>\nIrradiance<\/td>\n<td colspan=\"2\" rowspan=\"1\">\u00b1 5 W\/m\u00b2 \u00b12.5% of reading<br \/>\nvalid for temperature compensation, spectrum AM 1.5 and vertical light beam<\/td>\n<\/tr>\n<tr>\n<td>Measurement uncertainty<br \/>\nInternal temp. measurement<\/td>\n<td><\/td>\n<td>1.0 K @ -35 &#8230; 70 \u00b0C<br \/>\n1.1 K @ -35 &#8230; 80 \u00b0C<\/td>\n<\/tr>\n<tr>\n<td>Response time (99%)<\/td>\n<td colspan=\"2\" rowspan=\"1\">0.15 s<\/td>\n<\/tr>\n<tr>\n<td>Offset<\/td>\n<td colspan=\"2\" rowspan=\"1\">2 W\/m\u00b2<\/td>\n<\/tr>\n<tr>\n<td>Non-Linearity<\/td>\n<td colspan=\"2\" rowspan=\"1\">0.10 %<\/td>\n<\/tr>\n<tr>\n<td>Temperature dependance<\/td>\n<td colspan=\"2\" rowspan=\"1\">0.40 % @ -35 &#8230; 80 \u00b0C<\/td>\n<\/tr>\n<tr>\n<td>Power supply<\/td>\n<td>24 VDC (12 &#8230; 28 VDC)<br \/>\ntyp. &lt; 1 mA power consumption<\/td>\n<td>24 VDC (12 &#8230; 28 VDC)<br \/>\ntyp. &lt; 2 mA power consumption<\/td>\n<\/tr>\n<tr>\n<td>Load impedance<\/td>\n<td colspan=\"2\" rowspan=\"1\">min. 100 k\u03a9<\/td>\n<\/tr>\n<tr>\n<td>Output signal irradiance<\/td>\n<td colspan=\"2\" rowspan=\"1\">0 &#8230; 10 V @ 0 &#8230; 1500 W\/m\u00b2<\/td>\n<\/tr>\n<tr>\n<td>Output signal cell temperature<\/td>\n<td><\/td>\n<td>0 &#8230; 10 V @ -40 &#8230; 90 \u00b0C<\/td>\n<\/tr>\n<tr>\n<td>Sensor connection<\/td>\n<td colspan=\"2\" rowspan=\"1\">LiYC11Y 4 x 0.14 mm\u00b2 UL20233; length typical 3 m,<br \/>\nUV- and temperature resistant<\/td>\n<\/tr>\n<tr>\n<td>Operating temperature<\/td>\n<td colspan=\"2\" rowspan=\"1\">-35 \u2026 +80 \u00b0C<\/td>\n<\/tr>\n<tr>\n<td>Housing material<\/td>\n<td colspan=\"2\" rowspan=\"1\">Powder-coated aluminium, IP 65<\/td>\n<\/tr>\n<tr>\n<td>Dimensions \/ Weight<\/td>\n<td colspan=\"2\" rowspan=\"1\">155 x 85 x 39 mm\u00a0 \/\u00a0 approx. 350 g<\/td>\n<\/tr>\n<tr>\n<td>Manufacturer<\/td>\n<td colspan=\"2\" rowspan=\"1\">Ingenieurb\u00fcro Mencke &amp; Tegtmeyer GmbH<\/td>\n<\/tr>\n<\/tbody>\n<\/table>\n","protected":false},"excerpt":{"rendered":"<p><strong>Sifari\u015f n\u00f6mr\u0259si<\/strong><br \/>\nS68120 \/ S68261<\/p>\n","protected":false},"featured_media":31590,"template":"","meta":[],"product_brand":[],"product_cat":[1336,1471,1489],"product_tag":[],"class_list":{"0":"post-31603","1":"product","2":"type-product","3":"status-publish","4":"has-post-thumbnail","6":"product_cat-brpa-olunan-enerji-kulk-v-guns-enerjisi-olcusu-az","7":"product_cat-guns-sensoru","8":"product_cat-silikon-sualanma-sensoru","10":"first","11":"instock","12":"shipping-taxable","13":"product-type-simple"},"yoast_head":"<!-- This site is optimized with the Yoast SEO plugin v27.1.1 - https:\/\/yoast.com\/product\/yoast-seo-wordpress\/ -->\n<title>Silikon \u015e\u00fcalanma Sensoru M&amp;T 0-10V - Climate Master<\/title>\n<meta name=\"robots\" content=\"index, follow, max-snippet:-1, max-image-preview:large, max-video-preview:-1\" \/>\n<link rel=\"canonical\" href=\"https:\/\/climatemaster.ge\/az\/product\/silicon-irradiance-sensor-mt-0-10v\/\" \/>\n<meta property=\"og:locale\" content=\"az_AZ\" \/>\n<meta property=\"og:type\" content=\"article\" \/>\n<meta property=\"og:title\" content=\"Silikon \u015e\u00fcalanma Sensoru M&amp;T 0-10V - Climate Master\" \/>\n<meta property=\"og:description\" content=\"Sifari\u015f n\u00f6mr\u0259si S68120 \/ S68261\" \/>\n<meta property=\"og:url\" content=\"https:\/\/climatemaster.ge\/az\/product\/silicon-irradiance-sensor-mt-0-10v\/\" \/>\n<meta property=\"og:site_name\" content=\"Climate Master\" \/>\n<meta property=\"article:modified_time\" content=\"2025-05-14T20:10:10+00:00\" \/>\n<meta property=\"og:image\" content=\"https:\/\/climatemaster.ge\/wp-content\/uploads\/2025\/05\/solar_irradiance_sensor.jpg__490x490_q85_crop_subsampling-2_upscale.jpg\" \/>\n\t<meta property=\"og:image:width\" content=\"490\" \/>\n\t<meta property=\"og:image:height\" content=\"490\" \/>\n\t<meta property=\"og:image:type\" content=\"image\/jpeg\" \/>\n<meta name=\"twitter:card\" content=\"summary_large_image\" \/>\n<meta name=\"twitter:label1\" content=\"Est. reading time\" \/>\n\t<meta name=\"twitter:data1\" content=\"1 minute\" \/>\n<script type=\"application\/ld+json\" class=\"yoast-schema-graph\">{\"@context\":\"https:\/\/schema.org\",\"@graph\":[{\"@type\":\"WebPage\",\"@id\":\"https:\/\/climatemaster.ge\/az\/product\/silicon-irradiance-sensor-mt-0-10v\/\",\"url\":\"https:\/\/climatemaster.ge\/az\/product\/silicon-irradiance-sensor-mt-0-10v\/\",\"name\":\"Silikon \u015e\u00fcalanma Sensoru M&T 0-10V - Climate Master\",\"isPartOf\":{\"@id\":\"https:\/\/climatemaster.ge\/#website\"},\"primaryImageOfPage\":{\"@id\":\"https:\/\/climatemaster.ge\/az\/product\/silicon-irradiance-sensor-mt-0-10v\/#primaryimage\"},\"image\":{\"@id\":\"https:\/\/climatemaster.ge\/az\/product\/silicon-irradiance-sensor-mt-0-10v\/#primaryimage\"},\"thumbnailUrl\":\"https:\/\/climatemaster.ge\/wp-content\/uploads\/2025\/05\/solar_irradiance_sensor.jpg__490x490_q85_crop_subsampling-2_upscale.jpg\",\"datePublished\":\"2025-05-14T20:06:52+00:00\",\"dateModified\":\"2025-05-14T20:10:10+00:00\",\"breadcrumb\":{\"@id\":\"https:\/\/climatemaster.ge\/az\/product\/silicon-irradiance-sensor-mt-0-10v\/#breadcrumb\"},\"inLanguage\":\"az\",\"potentialAction\":[{\"@type\":\"ReadAction\",\"target\":[\"https:\/\/climatemaster.ge\/az\/product\/silicon-irradiance-sensor-mt-0-10v\/\"]}]},{\"@type\":\"ImageObject\",\"inLanguage\":\"az\",\"@id\":\"https:\/\/climatemaster.ge\/az\/product\/silicon-irradiance-sensor-mt-0-10v\/#primaryimage\",\"url\":\"https:\/\/climatemaster.ge\/wp-content\/uploads\/2025\/05\/solar_irradiance_sensor.jpg__490x490_q85_crop_subsampling-2_upscale.jpg\",\"contentUrl\":\"https:\/\/climatemaster.ge\/wp-content\/uploads\/2025\/05\/solar_irradiance_sensor.jpg__490x490_q85_crop_subsampling-2_upscale.jpg\",\"width\":490,\"height\":490},{\"@type\":\"BreadcrumbList\",\"@id\":\"https:\/\/climatemaster.ge\/az\/product\/silicon-irradiance-sensor-mt-0-10v\/#breadcrumb\",\"itemListElement\":[{\"@type\":\"ListItem\",\"position\":1,\"name\":\"Home\",\"item\":\"https:\/\/climatemaster.ge\/\"},{\"@type\":\"ListItem\",\"position\":2,\"name\":\"M\u0259hsullar\",\"item\":\"https:\/\/climatemaster.ge\/products\/\"},{\"@type\":\"ListItem\",\"position\":3,\"name\":\"Silikon \u015e\u00fcalanma Sensoru M&#038;T 0-10V\"}]},{\"@type\":\"WebSite\",\"@id\":\"https:\/\/climatemaster.ge\/#website\",\"url\":\"https:\/\/climatemaster.ge\/\",\"name\":\"Climate Master\",\"description\":\"\",\"publisher\":{\"@id\":\"https:\/\/climatemaster.ge\/#organization\"},\"potentialAction\":[{\"@type\":\"SearchAction\",\"target\":{\"@type\":\"EntryPoint\",\"urlTemplate\":\"https:\/\/climatemaster.ge\/?s={search_term_string}\"},\"query-input\":{\"@type\":\"PropertyValueSpecification\",\"valueRequired\":true,\"valueName\":\"search_term_string\"}}],\"inLanguage\":\"az\"},{\"@type\":\"Organization\",\"@id\":\"https:\/\/climatemaster.ge\/#organization\",\"name\":\"Climate Master\",\"url\":\"https:\/\/climatemaster.ge\/\",\"logo\":{\"@type\":\"ImageObject\",\"inLanguage\":\"az\",\"@id\":\"https:\/\/climatemaster.ge\/#\/schema\/logo\/image\/\",\"url\":\"https:\/\/climatemaster.ge\/wp-content\/uploads\/2026\/03\/Untitled-2.png\",\"contentUrl\":\"https:\/\/climatemaster.ge\/wp-content\/uploads\/2026\/03\/Untitled-2.png\",\"width\":600,\"height\":338,\"caption\":\"Climate Master\"},\"image\":{\"@id\":\"https:\/\/climatemaster.ge\/#\/schema\/logo\/image\/\"}}]}<\/script>\n<!-- \/ Yoast SEO plugin. -->","yoast_head_json":{"title":"Silikon \u015e\u00fcalanma Sensoru M&T 0-10V - Climate Master","robots":{"index":"index","follow":"follow","max-snippet":"max-snippet:-1","max-image-preview":"max-image-preview:large","max-video-preview":"max-video-preview:-1"},"canonical":"https:\/\/climatemaster.ge\/az\/product\/silicon-irradiance-sensor-mt-0-10v\/","og_locale":"az_AZ","og_type":"article","og_title":"Silikon \u015e\u00fcalanma Sensoru M&T 0-10V - Climate Master","og_description":"Sifari\u015f n\u00f6mr\u0259si S68120 \/ S68261","og_url":"https:\/\/climatemaster.ge\/az\/product\/silicon-irradiance-sensor-mt-0-10v\/","og_site_name":"Climate Master","article_modified_time":"2025-05-14T20:10:10+00:00","og_image":[{"width":490,"height":490,"url":"https:\/\/climatemaster.ge\/wp-content\/uploads\/2025\/05\/solar_irradiance_sensor.jpg__490x490_q85_crop_subsampling-2_upscale.jpg","type":"image\/jpeg"}],"twitter_card":"summary_large_image","twitter_misc":{"Est. reading time":"1 minute"},"schema":{"@context":"https:\/\/schema.org","@graph":[{"@type":"WebPage","@id":"https:\/\/climatemaster.ge\/az\/product\/silicon-irradiance-sensor-mt-0-10v\/","url":"https:\/\/climatemaster.ge\/az\/product\/silicon-irradiance-sensor-mt-0-10v\/","name":"Silikon \u015e\u00fcalanma Sensoru M&T 0-10V - Climate Master","isPartOf":{"@id":"https:\/\/climatemaster.ge\/#website"},"primaryImageOfPage":{"@id":"https:\/\/climatemaster.ge\/az\/product\/silicon-irradiance-sensor-mt-0-10v\/#primaryimage"},"image":{"@id":"https:\/\/climatemaster.ge\/az\/product\/silicon-irradiance-sensor-mt-0-10v\/#primaryimage"},"thumbnailUrl":"https:\/\/climatemaster.ge\/wp-content\/uploads\/2025\/05\/solar_irradiance_sensor.jpg__490x490_q85_crop_subsampling-2_upscale.jpg","datePublished":"2025-05-14T20:06:52+00:00","dateModified":"2025-05-14T20:10:10+00:00","breadcrumb":{"@id":"https:\/\/climatemaster.ge\/az\/product\/silicon-irradiance-sensor-mt-0-10v\/#breadcrumb"},"inLanguage":"az","potentialAction":[{"@type":"ReadAction","target":["https:\/\/climatemaster.ge\/az\/product\/silicon-irradiance-sensor-mt-0-10v\/"]}]},{"@type":"ImageObject","inLanguage":"az","@id":"https:\/\/climatemaster.ge\/az\/product\/silicon-irradiance-sensor-mt-0-10v\/#primaryimage","url":"https:\/\/climatemaster.ge\/wp-content\/uploads\/2025\/05\/solar_irradiance_sensor.jpg__490x490_q85_crop_subsampling-2_upscale.jpg","contentUrl":"https:\/\/climatemaster.ge\/wp-content\/uploads\/2025\/05\/solar_irradiance_sensor.jpg__490x490_q85_crop_subsampling-2_upscale.jpg","width":490,"height":490},{"@type":"BreadcrumbList","@id":"https:\/\/climatemaster.ge\/az\/product\/silicon-irradiance-sensor-mt-0-10v\/#breadcrumb","itemListElement":[{"@type":"ListItem","position":1,"name":"Home","item":"https:\/\/climatemaster.ge\/"},{"@type":"ListItem","position":2,"name":"M\u0259hsullar","item":"https:\/\/climatemaster.ge\/products\/"},{"@type":"ListItem","position":3,"name":"Silikon \u015e\u00fcalanma Sensoru M&#038;T 0-10V"}]},{"@type":"WebSite","@id":"https:\/\/climatemaster.ge\/#website","url":"https:\/\/climatemaster.ge\/","name":"Climate Master","description":"","publisher":{"@id":"https:\/\/climatemaster.ge\/#organization"},"potentialAction":[{"@type":"SearchAction","target":{"@type":"EntryPoint","urlTemplate":"https:\/\/climatemaster.ge\/?s={search_term_string}"},"query-input":{"@type":"PropertyValueSpecification","valueRequired":true,"valueName":"search_term_string"}}],"inLanguage":"az"},{"@type":"Organization","@id":"https:\/\/climatemaster.ge\/#organization","name":"Climate Master","url":"https:\/\/climatemaster.ge\/","logo":{"@type":"ImageObject","inLanguage":"az","@id":"https:\/\/climatemaster.ge\/#\/schema\/logo\/image\/","url":"https:\/\/climatemaster.ge\/wp-content\/uploads\/2026\/03\/Untitled-2.png","contentUrl":"https:\/\/climatemaster.ge\/wp-content\/uploads\/2026\/03\/Untitled-2.png","width":600,"height":338,"caption":"Climate Master"},"image":{"@id":"https:\/\/climatemaster.ge\/#\/schema\/logo\/image\/"}}]}},"_links":{"self":[{"href":"https:\/\/climatemaster.ge\/az\/wp-json\/wp\/v2\/product\/31603","targetHints":{"allow":["GET"]}}],"collection":[{"href":"https:\/\/climatemaster.ge\/az\/wp-json\/wp\/v2\/product"}],"about":[{"href":"https:\/\/climatemaster.ge\/az\/wp-json\/wp\/v2\/types\/product"}],"wp:featuredmedia":[{"embeddable":true,"href":"https:\/\/climatemaster.ge\/az\/wp-json\/wp\/v2\/media\/31590"}],"wp:attachment":[{"href":"https:\/\/climatemaster.ge\/az\/wp-json\/wp\/v2\/media?parent=31603"}],"wp:term":[{"taxonomy":"product_brand","embeddable":true,"href":"https:\/\/climatemaster.ge\/az\/wp-json\/wp\/v2\/product_brand?post=31603"},{"taxonomy":"product_cat","embeddable":true,"href":"https:\/\/climatemaster.ge\/az\/wp-json\/wp\/v2\/product_cat?post=31603"},{"taxonomy":"product_tag","embeddable":true,"href":"https:\/\/climatemaster.ge\/az\/wp-json\/wp\/v2\/product_tag?post=31603"}],"curies":[{"name":"wp","href":"https:\/\/api.w.org\/{rel}","templated":true}]}}