{"id":31508,"date":"2025-05-14T22:44:16","date_gmt":"2025-05-14T18:44:16","guid":{"rendered":"https:\/\/airsystems.ge\/shop\/product\/soiling-measurement-kit\/"},"modified":"2025-05-14T22:48:39","modified_gmt":"2025-05-14T18:48:39","slug":"soiling-measurement-kit","status":"publish","type":"product","link":"https:\/\/climatemaster.ge\/az\/product\/soiling-measurement-kit\/","title":{"rendered":"\u00c7irkl\u0259nm\u0259 \u00d6l\u00e7m\u0259 Kiti"},"content":{"rendered":"<p>\u00c7irkl\u0259nm\u0259 PV elektrik stansiyalar\u0131n\u0131n enerji istehsal\u0131na \u0259h\u0259miyy\u0259tli d\u0259r\u0259c\u0259d\u0259 t\u0259sir g\u00f6st\u0259rir. \u00c7irkl\u0259nm\u0259nin PV modullar\u0131na t\u0259siri torpaq n\u00f6v\u00fc, yerl\u0259\u015fdiyi yer v\u0259 hava \u015f\u0259raitind\u0259ki d\u0259yi\u015fiklikl\u0259r\u0259 g\u00f6r\u0259 sah\u0259y\u0259 xas qiym\u0259tl\u0259ndirilm\u0259lidir. Ammonit \u00e7irkl\u0259nm\u0259 \u00f6l\u00e7m\u0259 d\u0259stinin t\u0259tbiqi siz\u0259 k\u00f6m\u0259k edir:<\/p>\n<ul>\n<li>PV modulunun performans\u0131nda \u00e7irkl\u0259nm\u0259 itkil\u0259rini t\u0259hlil edin<br \/>\n\u00c7irkl\u0259nm\u0259nin PV enerji istehsal\u0131na sah\u0259y\u0259 xas t\u0259sirl\u0259rini \u00f6l\u00e7\u00fcn<br \/>\n\u018fn yax\u015f\u0131 s\u0259rmay\u0259nin qaytar\u0131lmas\u0131 \u00fc\u00e7\u00fcn t\u0259mizl\u0259m\u0259 prosedurlar\u0131n\u0131 optimalla\u015fd\u0131r\u0131n<br \/>\nProqnozla\u015fd\u0131rma modell\u0259ri \u00fc\u00e7\u00fcn tipik \u00e7irkl\u0259nm\u0259 d\u0259r\u0259c\u0259l\u0259rini m\u00fc\u0259yy\u0259nl\u0259\u015fdirin<\/li>\n<\/ul>\n<p>\u00c7irkl\u0259nm\u0259 PV modullar\u0131n\u0131n s\u0259thl\u0259rind\u0259 toz, kir v\u0259 dig\u0259r \u00e7irkl\u0259ndiricil\u0259rin y\u0131\u011f\u0131lmas\u0131d\u0131r. Tozun miqdar\u0131 PV elektrik stansiyas\u0131n\u0131n yerind\u0259n son d\u0259r\u0259c\u0259 as\u0131l\u0131d\u0131r, m\u0259s\u0259l\u0259n, qum f\u0131rt\u0131nalar\u0131 olan s\u0259hra vadisi. \u018fh\u0259miyy\u0259tli ya\u011f\u0131\u015f hadis\u0259l\u0259ri v\u0259 ya m\u00fcnt\u0259z\u0259m t\u0259mizlik olmad\u0131qda, \u00e7irkl\u0259nm\u0259 t\u0259sirl\u0259ri s\u0259b\u0259bind\u0259n istehsal itkil\u0259ri art\u0131r. \u00c7irkl\u0259nm\u0259 t\u0259sirl\u0259rinin \u00f6l\u00e7\u00fclm\u0259si PV elektrik stansiyas\u0131n\u0131n istehsal\u0131 il\u0259 ba\u011fl\u0131 m\u00fch\u00fcm t\u0259f\u0259rr\u00fcatlar\u0131 t\u0259min edir, m\u0259s\u0259l\u0259n, h\u0259r hans\u0131 problem ba\u015f verm\u0259zd\u0259n \u0259vv\u0259l modullarda n\u0259 q\u0259d\u0259r toz ola bil\u0259r v\u0259 toz modullar\u0131n \u015f\u0259ffafl\u0131\u011f\u0131na v\u0259 s\u0259m\u0259r\u0259liliyin\u0259 nec\u0259 t\u0259sir edir.<\/p>\n<h4>I-U Conversion Box<br \/>\nOrder No. CM 8281<\/h4>\n<table border=\"1\" cellspacing=\"1\" cellpadding=\"1\">\n<thead>\n<tr>\n<th scope=\"col\">Characteristic<\/th>\n<th scope=\"col\">Description<\/th>\n<\/tr>\n<\/thead>\n<tbody>\n<tr>\n<td>Continuous current*<\/td>\n<td>15 A<\/td>\n<\/tr>\n<tr>\n<td>Peak current<\/td>\n<td>40 A<\/td>\n<\/tr>\n<tr>\n<td>Shunt resistance<\/td>\n<td>50 m\u03a9**<\/td>\n<\/tr>\n<tr>\n<td>Shunt tolerance<\/td>\n<td>1 %<\/td>\n<\/tr>\n<tr>\n<td>Shunt temperature coefficient<\/td>\n<td>&lt; 50 ppm\/K (20 &#8230; 60 \u00b0C)<\/td>\n<\/tr>\n<tr>\n<td>Max. input voltage ***<\/td>\n<td>48 V<\/td>\n<\/tr>\n<tr>\n<td>Max. operating temperature @ 16 A<\/td>\n<td>60 \u00b0C (if ventilated)<\/td>\n<\/tr>\n<tr>\n<td>IP class<\/td>\n<td>IP65<\/td>\n<\/tr>\n<tr>\n<td>Dimensions<\/td>\n<td>160 x 100 x 81 mm<\/td>\n<\/tr>\n<\/tbody>\n<\/table>\n<p>* Corresponding to max. short circuit curent of a solar module<br \/>\n** Other values are possible according to technical requirements<br \/>\n*** Corresponding to the max. open circuit voltage of a solar module<\/p>\n<p>The I-U Conversion Box contains a shunt resistor of 50 m\u03a9 (default configuration). According to Ohm\u2019s law, the max. continuous current of 15 A results in an output voltage of 0.75 V.<\/p>\n<p>In order to achieve best match to the output voltage of the CM8281, the Ammonit Meteo-40 data logger must be set to the \u00b11.0 V range.<\/p>\n<h4>Surface Temperature Sensor<br \/>\nOrder No. S68920<\/h4>\n<table border=\"1\" cellspacing=\"1\" cellpadding=\"1\">\n<thead>\n<tr>\n<th scope=\"col\">Characteristic<\/th>\n<th scope=\"col\">Description<\/th>\n<\/tr>\n<tr>\n<td>Sensor type<\/td>\n<td>Pt 100 class B<\/td>\n<\/tr>\n<tr>\n<td>Sensor capture<\/td>\n<td>Silicon rubber patch<\/td>\n<\/tr>\n<tr>\n<td>Temperature range<\/td>\n<td>-50 &#8230; 150 \u00b0C<\/td>\n<\/tr>\n<tr>\n<td>Dimensions<\/td>\n<td>40 x 13 x 5 mm<\/td>\n<\/tr>\n<\/thead>\n<\/table>\n<h4>Solar Module (50 W \/ 12 V)<br \/>\nOrder No. M51052<\/h4>\n<table border=\"1\" cellspacing=\"1\" cellpadding=\"1\">\n<thead>\n<tr>\n<th scope=\"col\"><span style=\"font-weight: 400;\">Characteristic<\/span><\/th>\n<th scope=\"col\"><span style=\"font-weight: 400;\">Description<\/span><\/th>\n<\/tr>\n<tr>\n<td>Module type<\/td>\n<td>Monocrystalline<\/td>\n<\/tr>\n<tr>\n<td>Standard Test Conditions (STCs)<br \/>\nSolar irradiance<br \/>\nCell temperature<\/td>\n<td>1000 W\/m\u00b2<br \/>\n25 \u00b0C<\/td>\n<\/tr>\n<tr>\n<td>Peak Power (Pmax)<\/td>\n<td>50 W<\/td>\n<\/tr>\n<tr>\n<td>Short circuit current<\/td>\n<td>(Isc) 3.07 A<\/td>\n<\/tr>\n<tr>\n<td>Temperature coefficient of Isc (TK ISC)<\/td>\n<td>0,081 %\/\u00b0C<\/td>\n<\/tr>\n<tr>\n<td>Dimensions<\/td>\n<td>650 x 505 x 35 mm<\/td>\n<\/tr>\n<\/thead>\n<\/table>\n","protected":false},"excerpt":{"rendered":"<p><strong>Sifari\u015f n\u00f6mr\u0259si<\/strong><br \/>\nSD2100<\/p>\n<p>\u00c7irkl\u0259nm\u0259 s\u0259b\u0259bind\u0259n PV performans itkil\u0259rini t\u0259yin edin<br \/>\nTorpaq itkisi indeksinin (SLI) v\u0259 \u00e7irkl\u0259nm\u0259 nisb\u0259tinin (SR) hesablanmas\u0131<br \/>\nQ\u0131sa qapanma c\u0259r\u0259yan\u0131n\u0131n v\u0259 modul s\u0259thinin temperaturunun \u00f6l\u00e7\u00fclm\u0259si<\/p>\n","protected":false},"featured_media":31491,"template":"","meta":[],"product_brand":[],"product_cat":[1336,1477,1471],"product_tag":[],"class_list":{"0":"post-31508","1":"product","2":"type-product","3":"status-publish","4":"has-post-thumbnail","6":"product_cat-brpa-olunan-enerji-kulk-v-guns-enerjisi-olcusu-az","7":"product_cat-cirklnm-sensoru","8":"product_cat-guns-sensoru","10":"first","11":"instock","12":"shipping-taxable","13":"product-type-simple"},"yoast_head":"<!-- This site is optimized with the Yoast SEO plugin v27.1.1 - https:\/\/yoast.com\/product\/yoast-seo-wordpress\/ -->\n<title>\u00c7irkl\u0259nm\u0259 \u00d6l\u00e7m\u0259 Kiti - Climate Master<\/title>\n<meta name=\"robots\" content=\"index, follow, max-snippet:-1, max-image-preview:large, max-video-preview:-1\" \/>\n<link rel=\"canonical\" href=\"https:\/\/climatemaster.ge\/az\/product\/soiling-measurement-kit\/\" \/>\n<meta property=\"og:locale\" content=\"az_AZ\" \/>\n<meta property=\"og:type\" content=\"article\" \/>\n<meta property=\"og:title\" content=\"\u00c7irkl\u0259nm\u0259 \u00d6l\u00e7m\u0259 Kiti - Climate Master\" \/>\n<meta property=\"og:description\" content=\"Sifari\u015f n\u00f6mr\u0259si SD2100  \u00c7irkl\u0259nm\u0259 s\u0259b\u0259bind\u0259n PV performans itkil\u0259rini t\u0259yin edin Torpaq itkisi indeksinin (SLI) v\u0259 \u00e7irkl\u0259nm\u0259 nisb\u0259tinin (SR) hesablanmas\u0131 Q\u0131sa qapanma c\u0259r\u0259yan\u0131n\u0131n v\u0259 modul s\u0259thinin temperaturunun \u00f6l\u00e7\u00fclm\u0259si\" \/>\n<meta property=\"og:url\" content=\"https:\/\/climatemaster.ge\/az\/product\/soiling-measurement-kit\/\" \/>\n<meta property=\"og:site_name\" content=\"Climate Master\" \/>\n<meta property=\"article:modified_time\" content=\"2025-05-14T18:48:39+00:00\" \/>\n<meta property=\"og:image\" content=\"https:\/\/climatemaster.ge\/wp-content\/uploads\/2025\/05\/pvpowerplant_01.jpg__490x490_q85_crop_subsampling-2_upscale.jpg\" \/>\n\t<meta property=\"og:image:width\" content=\"490\" \/>\n\t<meta property=\"og:image:height\" content=\"490\" \/>\n\t<meta property=\"og:image:type\" content=\"image\/jpeg\" \/>\n<meta name=\"twitter:card\" content=\"summary_large_image\" \/>\n<meta name=\"twitter:label1\" content=\"Est. reading time\" \/>\n\t<meta name=\"twitter:data1\" content=\"2 minutes\" \/>\n<script type=\"application\/ld+json\" class=\"yoast-schema-graph\">{\"@context\":\"https:\/\/schema.org\",\"@graph\":[{\"@type\":\"WebPage\",\"@id\":\"https:\/\/climatemaster.ge\/az\/product\/soiling-measurement-kit\/\",\"url\":\"https:\/\/climatemaster.ge\/az\/product\/soiling-measurement-kit\/\",\"name\":\"\u00c7irkl\u0259nm\u0259 \u00d6l\u00e7m\u0259 Kiti - Climate Master\",\"isPartOf\":{\"@id\":\"https:\/\/climatemaster.ge\/#website\"},\"primaryImageOfPage\":{\"@id\":\"https:\/\/climatemaster.ge\/az\/product\/soiling-measurement-kit\/#primaryimage\"},\"image\":{\"@id\":\"https:\/\/climatemaster.ge\/az\/product\/soiling-measurement-kit\/#primaryimage\"},\"thumbnailUrl\":\"https:\/\/climatemaster.ge\/wp-content\/uploads\/2025\/05\/pvpowerplant_01.jpg__490x490_q85_crop_subsampling-2_upscale.jpg\",\"datePublished\":\"2025-05-14T18:44:16+00:00\",\"dateModified\":\"2025-05-14T18:48:39+00:00\",\"breadcrumb\":{\"@id\":\"https:\/\/climatemaster.ge\/az\/product\/soiling-measurement-kit\/#breadcrumb\"},\"inLanguage\":\"az\",\"potentialAction\":[{\"@type\":\"ReadAction\",\"target\":[\"https:\/\/climatemaster.ge\/az\/product\/soiling-measurement-kit\/\"]}]},{\"@type\":\"ImageObject\",\"inLanguage\":\"az\",\"@id\":\"https:\/\/climatemaster.ge\/az\/product\/soiling-measurement-kit\/#primaryimage\",\"url\":\"https:\/\/climatemaster.ge\/wp-content\/uploads\/2025\/05\/pvpowerplant_01.jpg__490x490_q85_crop_subsampling-2_upscale.jpg\",\"contentUrl\":\"https:\/\/climatemaster.ge\/wp-content\/uploads\/2025\/05\/pvpowerplant_01.jpg__490x490_q85_crop_subsampling-2_upscale.jpg\",\"width\":490,\"height\":490},{\"@type\":\"BreadcrumbList\",\"@id\":\"https:\/\/climatemaster.ge\/az\/product\/soiling-measurement-kit\/#breadcrumb\",\"itemListElement\":[{\"@type\":\"ListItem\",\"position\":1,\"name\":\"Home\",\"item\":\"https:\/\/climatemaster.ge\/\"},{\"@type\":\"ListItem\",\"position\":2,\"name\":\"M\u0259hsullar\",\"item\":\"https:\/\/climatemaster.ge\/products\/\"},{\"@type\":\"ListItem\",\"position\":3,\"name\":\"\u00c7irkl\u0259nm\u0259 \u00d6l\u00e7m\u0259 Kiti\"}]},{\"@type\":\"WebSite\",\"@id\":\"https:\/\/climatemaster.ge\/#website\",\"url\":\"https:\/\/climatemaster.ge\/\",\"name\":\"Climate Master\",\"description\":\"\",\"publisher\":{\"@id\":\"https:\/\/climatemaster.ge\/#organization\"},\"potentialAction\":[{\"@type\":\"SearchAction\",\"target\":{\"@type\":\"EntryPoint\",\"urlTemplate\":\"https:\/\/climatemaster.ge\/?s={search_term_string}\"},\"query-input\":{\"@type\":\"PropertyValueSpecification\",\"valueRequired\":true,\"valueName\":\"search_term_string\"}}],\"inLanguage\":\"az\"},{\"@type\":\"Organization\",\"@id\":\"https:\/\/climatemaster.ge\/#organization\",\"name\":\"Climate Master\",\"url\":\"https:\/\/climatemaster.ge\/\",\"logo\":{\"@type\":\"ImageObject\",\"inLanguage\":\"az\",\"@id\":\"https:\/\/climatemaster.ge\/#\/schema\/logo\/image\/\",\"url\":\"https:\/\/climatemaster.ge\/wp-content\/uploads\/2026\/03\/Untitled-2.png\",\"contentUrl\":\"https:\/\/climatemaster.ge\/wp-content\/uploads\/2026\/03\/Untitled-2.png\",\"width\":600,\"height\":338,\"caption\":\"Climate Master\"},\"image\":{\"@id\":\"https:\/\/climatemaster.ge\/#\/schema\/logo\/image\/\"}}]}<\/script>\n<!-- \/ Yoast SEO plugin. -->","yoast_head_json":{"title":"\u00c7irkl\u0259nm\u0259 \u00d6l\u00e7m\u0259 Kiti - Climate Master","robots":{"index":"index","follow":"follow","max-snippet":"max-snippet:-1","max-image-preview":"max-image-preview:large","max-video-preview":"max-video-preview:-1"},"canonical":"https:\/\/climatemaster.ge\/az\/product\/soiling-measurement-kit\/","og_locale":"az_AZ","og_type":"article","og_title":"\u00c7irkl\u0259nm\u0259 \u00d6l\u00e7m\u0259 Kiti - Climate Master","og_description":"Sifari\u015f n\u00f6mr\u0259si SD2100  \u00c7irkl\u0259nm\u0259 s\u0259b\u0259bind\u0259n PV performans itkil\u0259rini t\u0259yin edin Torpaq itkisi indeksinin (SLI) v\u0259 \u00e7irkl\u0259nm\u0259 nisb\u0259tinin (SR) hesablanmas\u0131 Q\u0131sa qapanma c\u0259r\u0259yan\u0131n\u0131n v\u0259 modul s\u0259thinin temperaturunun \u00f6l\u00e7\u00fclm\u0259si","og_url":"https:\/\/climatemaster.ge\/az\/product\/soiling-measurement-kit\/","og_site_name":"Climate Master","article_modified_time":"2025-05-14T18:48:39+00:00","og_image":[{"width":490,"height":490,"url":"https:\/\/climatemaster.ge\/wp-content\/uploads\/2025\/05\/pvpowerplant_01.jpg__490x490_q85_crop_subsampling-2_upscale.jpg","type":"image\/jpeg"}],"twitter_card":"summary_large_image","twitter_misc":{"Est. reading time":"2 minutes"},"schema":{"@context":"https:\/\/schema.org","@graph":[{"@type":"WebPage","@id":"https:\/\/climatemaster.ge\/az\/product\/soiling-measurement-kit\/","url":"https:\/\/climatemaster.ge\/az\/product\/soiling-measurement-kit\/","name":"\u00c7irkl\u0259nm\u0259 \u00d6l\u00e7m\u0259 Kiti - Climate Master","isPartOf":{"@id":"https:\/\/climatemaster.ge\/#website"},"primaryImageOfPage":{"@id":"https:\/\/climatemaster.ge\/az\/product\/soiling-measurement-kit\/#primaryimage"},"image":{"@id":"https:\/\/climatemaster.ge\/az\/product\/soiling-measurement-kit\/#primaryimage"},"thumbnailUrl":"https:\/\/climatemaster.ge\/wp-content\/uploads\/2025\/05\/pvpowerplant_01.jpg__490x490_q85_crop_subsampling-2_upscale.jpg","datePublished":"2025-05-14T18:44:16+00:00","dateModified":"2025-05-14T18:48:39+00:00","breadcrumb":{"@id":"https:\/\/climatemaster.ge\/az\/product\/soiling-measurement-kit\/#breadcrumb"},"inLanguage":"az","potentialAction":[{"@type":"ReadAction","target":["https:\/\/climatemaster.ge\/az\/product\/soiling-measurement-kit\/"]}]},{"@type":"ImageObject","inLanguage":"az","@id":"https:\/\/climatemaster.ge\/az\/product\/soiling-measurement-kit\/#primaryimage","url":"https:\/\/climatemaster.ge\/wp-content\/uploads\/2025\/05\/pvpowerplant_01.jpg__490x490_q85_crop_subsampling-2_upscale.jpg","contentUrl":"https:\/\/climatemaster.ge\/wp-content\/uploads\/2025\/05\/pvpowerplant_01.jpg__490x490_q85_crop_subsampling-2_upscale.jpg","width":490,"height":490},{"@type":"BreadcrumbList","@id":"https:\/\/climatemaster.ge\/az\/product\/soiling-measurement-kit\/#breadcrumb","itemListElement":[{"@type":"ListItem","position":1,"name":"Home","item":"https:\/\/climatemaster.ge\/"},{"@type":"ListItem","position":2,"name":"M\u0259hsullar","item":"https:\/\/climatemaster.ge\/products\/"},{"@type":"ListItem","position":3,"name":"\u00c7irkl\u0259nm\u0259 \u00d6l\u00e7m\u0259 Kiti"}]},{"@type":"WebSite","@id":"https:\/\/climatemaster.ge\/#website","url":"https:\/\/climatemaster.ge\/","name":"Climate Master","description":"","publisher":{"@id":"https:\/\/climatemaster.ge\/#organization"},"potentialAction":[{"@type":"SearchAction","target":{"@type":"EntryPoint","urlTemplate":"https:\/\/climatemaster.ge\/?s={search_term_string}"},"query-input":{"@type":"PropertyValueSpecification","valueRequired":true,"valueName":"search_term_string"}}],"inLanguage":"az"},{"@type":"Organization","@id":"https:\/\/climatemaster.ge\/#organization","name":"Climate Master","url":"https:\/\/climatemaster.ge\/","logo":{"@type":"ImageObject","inLanguage":"az","@id":"https:\/\/climatemaster.ge\/#\/schema\/logo\/image\/","url":"https:\/\/climatemaster.ge\/wp-content\/uploads\/2026\/03\/Untitled-2.png","contentUrl":"https:\/\/climatemaster.ge\/wp-content\/uploads\/2026\/03\/Untitled-2.png","width":600,"height":338,"caption":"Climate Master"},"image":{"@id":"https:\/\/climatemaster.ge\/#\/schema\/logo\/image\/"}}]}},"_links":{"self":[{"href":"https:\/\/climatemaster.ge\/az\/wp-json\/wp\/v2\/product\/31508","targetHints":{"allow":["GET"]}}],"collection":[{"href":"https:\/\/climatemaster.ge\/az\/wp-json\/wp\/v2\/product"}],"about":[{"href":"https:\/\/climatemaster.ge\/az\/wp-json\/wp\/v2\/types\/product"}],"wp:featuredmedia":[{"embeddable":true,"href":"https:\/\/climatemaster.ge\/az\/wp-json\/wp\/v2\/media\/31491"}],"wp:attachment":[{"href":"https:\/\/climatemaster.ge\/az\/wp-json\/wp\/v2\/media?parent=31508"}],"wp:term":[{"taxonomy":"product_brand","embeddable":true,"href":"https:\/\/climatemaster.ge\/az\/wp-json\/wp\/v2\/product_brand?post=31508"},{"taxonomy":"product_cat","embeddable":true,"href":"https:\/\/climatemaster.ge\/az\/wp-json\/wp\/v2\/product_cat?post=31508"},{"taxonomy":"product_tag","embeddable":true,"href":"https:\/\/climatemaster.ge\/az\/wp-json\/wp\/v2\/product_tag?post=31508"}],"curies":[{"name":"wp","href":"https:\/\/api.w.org\/{rel}","templated":true}]}}