{"id":31458,"date":"2025-05-11T18:30:56","date_gmt":"2025-05-11T14:30:56","guid":{"rendered":"https:\/\/airsystems.ge\/shop\/product\/calibration-wind-vane-thies-first-class\/"},"modified":"2025-05-11T18:33:56","modified_gmt":"2025-05-11T14:33:56","slug":"calibration-wind-vane-thies-first-class","status":"publish","type":"product","link":"https:\/\/climatemaster.ge\/az\/product\/calibration-wind-vane-thies-first-class\/","title":{"rendered":"Birinci d\u0259r\u0259c\u0259li k\u00fcl\u0259k qanad\u0131n\u0131n kalibrl\u0259nm\u0259si"},"content":{"rendered":"","protected":false},"excerpt":{"rendered":"<p>Sifari\u015f n\u00f6mr\u0259si<br \/>\nS21095T \/ S21095TH \/ S21095P \/ S21095PH<\/p>\n<p>S21095T Kalibrl\u0259m\u0259 K\u00fcl\u0259k G\u00fcl\u00fc Thies First Class TMR<br \/>\nS21095TH Kalibrl\u0259m\u0259 K\u00fcl\u0259k G\u00fcl\u00fc Thies First Class TMR q\u0131zd\u0131r\u0131l\u0131r<br \/>\nS21095P Kalibrl\u0259m\u0259 K\u00fcl\u0259k G\u00fcl\u00fc Thies First Class POT<br \/>\nS21095PH Kalibrl\u0259m\u0259 K\u00fcl\u0259k G\u00fcl\u00fc Thies First Class POT q\u0131zd\u0131r\u0131l\u0131r<\/p>\n<p>Ammonit K\u00fcl\u0259k Tuneli t\u0259r\u0259find\u0259n apar\u0131lm\u0131\u015fd\u0131r<br \/>\n&#8211; DAkkS akkredit\u0259 olunmu\u015f laboratoriya &#8211; Measnet proseduruna \u0259sas\u0259n, daxil olmaqla. sertifikat<\/p>\n","protected":false},"featured_media":31453,"template":"","meta":[],"product_brand":[],"product_cat":[1336,1465,1416],"product_tag":[],"class_list":{"0":"post-31458","1":"product","2":"type-product","3":"status-publish","4":"has-post-thumbnail","6":"product_cat-brpa-olunan-enerji-kulk-v-guns-enerjisi-olcusu-az","7":"product_cat-kalibrlm","8":"product_cat-kulk-sensoru","10":"first","11":"instock","12":"shipping-taxable","13":"product-type-simple"},"yoast_head":"<!-- This site is optimized with the Yoast SEO plugin v27.1.1 - https:\/\/yoast.com\/product\/yoast-seo-wordpress\/ -->\n<title>Birinci d\u0259r\u0259c\u0259li k\u00fcl\u0259k qanad\u0131n\u0131n kalibrl\u0259nm\u0259si - Climate Master<\/title>\n<meta name=\"robots\" content=\"index, follow, max-snippet:-1, max-image-preview:large, max-video-preview:-1\" \/>\n<link rel=\"canonical\" href=\"https:\/\/climatemaster.ge\/az\/product\/calibration-wind-vane-thies-first-class\/\" \/>\n<meta property=\"og:locale\" content=\"az_AZ\" \/>\n<meta property=\"og:type\" content=\"article\" \/>\n<meta property=\"og:title\" content=\"Birinci d\u0259r\u0259c\u0259li k\u00fcl\u0259k qanad\u0131n\u0131n kalibrl\u0259nm\u0259si - Climate Master\" \/>\n<meta property=\"og:description\" content=\"Sifari\u015f n\u00f6mr\u0259si S21095T \/ S21095TH \/ S21095P \/ S21095PH  S21095T Kalibrl\u0259m\u0259 K\u00fcl\u0259k G\u00fcl\u00fc Thies First Class TMR S21095TH Kalibrl\u0259m\u0259 K\u00fcl\u0259k G\u00fcl\u00fc Thies First Class TMR q\u0131zd\u0131r\u0131l\u0131r S21095P Kalibrl\u0259m\u0259 K\u00fcl\u0259k G\u00fcl\u00fc Thies First Class POT S21095PH Kalibrl\u0259m\u0259 K\u00fcl\u0259k G\u00fcl\u00fc Thies First Class POT q\u0131zd\u0131r\u0131l\u0131r  Ammonit K\u00fcl\u0259k Tuneli t\u0259r\u0259find\u0259n apar\u0131lm\u0131\u015fd\u0131r - DAkkS akkredit\u0259 olunmu\u015f laboratoriya - Measnet proseduruna \u0259sas\u0259n, daxil olmaqla. sertifikat\" \/>\n<meta property=\"og:url\" content=\"https:\/\/climatemaster.ge\/az\/product\/calibration-wind-vane-thies-first-class\/\" \/>\n<meta property=\"og:site_name\" content=\"Climate Master\" \/>\n<meta property=\"article:modified_time\" content=\"2025-05-11T14:33:56+00:00\" \/>\n<meta property=\"og:image\" content=\"https:\/\/climatemaster.ge\/wp-content\/uploads\/2025\/05\/calibration_ammonit_wind_tunnel.png__490x490_q85_crop_subsampling-2_upscale.jpg\" \/>\n\t<meta property=\"og:image:width\" content=\"490\" \/>\n\t<meta property=\"og:image:height\" content=\"490\" \/>\n\t<meta property=\"og:image:type\" content=\"image\/jpeg\" \/>\n<meta name=\"twitter:card\" content=\"summary_large_image\" \/>\n<script type=\"application\/ld+json\" class=\"yoast-schema-graph\">{\"@context\":\"https:\/\/schema.org\",\"@graph\":[{\"@type\":\"WebPage\",\"@id\":\"https:\/\/climatemaster.ge\/az\/product\/calibration-wind-vane-thies-first-class\/\",\"url\":\"https:\/\/climatemaster.ge\/az\/product\/calibration-wind-vane-thies-first-class\/\",\"name\":\"Birinci d\u0259r\u0259c\u0259li k\u00fcl\u0259k qanad\u0131n\u0131n kalibrl\u0259nm\u0259si - Climate Master\",\"isPartOf\":{\"@id\":\"https:\/\/climatemaster.ge\/#website\"},\"primaryImageOfPage\":{\"@id\":\"https:\/\/climatemaster.ge\/az\/product\/calibration-wind-vane-thies-first-class\/#primaryimage\"},\"image\":{\"@id\":\"https:\/\/climatemaster.ge\/az\/product\/calibration-wind-vane-thies-first-class\/#primaryimage\"},\"thumbnailUrl\":\"https:\/\/climatemaster.ge\/wp-content\/uploads\/2025\/05\/calibration_ammonit_wind_tunnel.png__490x490_q85_crop_subsampling-2_upscale.jpg\",\"datePublished\":\"2025-05-11T14:30:56+00:00\",\"dateModified\":\"2025-05-11T14:33:56+00:00\",\"breadcrumb\":{\"@id\":\"https:\/\/climatemaster.ge\/az\/product\/calibration-wind-vane-thies-first-class\/#breadcrumb\"},\"inLanguage\":\"az\",\"potentialAction\":[{\"@type\":\"ReadAction\",\"target\":[\"https:\/\/climatemaster.ge\/az\/product\/calibration-wind-vane-thies-first-class\/\"]}]},{\"@type\":\"ImageObject\",\"inLanguage\":\"az\",\"@id\":\"https:\/\/climatemaster.ge\/az\/product\/calibration-wind-vane-thies-first-class\/#primaryimage\",\"url\":\"https:\/\/climatemaster.ge\/wp-content\/uploads\/2025\/05\/calibration_ammonit_wind_tunnel.png__490x490_q85_crop_subsampling-2_upscale.jpg\",\"contentUrl\":\"https:\/\/climatemaster.ge\/wp-content\/uploads\/2025\/05\/calibration_ammonit_wind_tunnel.png__490x490_q85_crop_subsampling-2_upscale.jpg\",\"width\":490,\"height\":490},{\"@type\":\"BreadcrumbList\",\"@id\":\"https:\/\/climatemaster.ge\/az\/product\/calibration-wind-vane-thies-first-class\/#breadcrumb\",\"itemListElement\":[{\"@type\":\"ListItem\",\"position\":1,\"name\":\"Home\",\"item\":\"https:\/\/climatemaster.ge\/\"},{\"@type\":\"ListItem\",\"position\":2,\"name\":\"M\u0259hsullar\",\"item\":\"https:\/\/climatemaster.ge\/products\/\"},{\"@type\":\"ListItem\",\"position\":3,\"name\":\"Birinci d\u0259r\u0259c\u0259li k\u00fcl\u0259k qanad\u0131n\u0131n kalibrl\u0259nm\u0259si\"}]},{\"@type\":\"WebSite\",\"@id\":\"https:\/\/climatemaster.ge\/#website\",\"url\":\"https:\/\/climatemaster.ge\/\",\"name\":\"Climate Master\",\"description\":\"\",\"publisher\":{\"@id\":\"https:\/\/climatemaster.ge\/#organization\"},\"potentialAction\":[{\"@type\":\"SearchAction\",\"target\":{\"@type\":\"EntryPoint\",\"urlTemplate\":\"https:\/\/climatemaster.ge\/?s={search_term_string}\"},\"query-input\":{\"@type\":\"PropertyValueSpecification\",\"valueRequired\":true,\"valueName\":\"search_term_string\"}}],\"inLanguage\":\"az\"},{\"@type\":\"Organization\",\"@id\":\"https:\/\/climatemaster.ge\/#organization\",\"name\":\"Climate Master\",\"url\":\"https:\/\/climatemaster.ge\/\",\"logo\":{\"@type\":\"ImageObject\",\"inLanguage\":\"az\",\"@id\":\"https:\/\/climatemaster.ge\/#\/schema\/logo\/image\/\",\"url\":\"https:\/\/climatemaster.ge\/wp-content\/uploads\/2026\/03\/Untitled-2.png\",\"contentUrl\":\"https:\/\/climatemaster.ge\/wp-content\/uploads\/2026\/03\/Untitled-2.png\",\"width\":600,\"height\":338,\"caption\":\"Climate Master\"},\"image\":{\"@id\":\"https:\/\/climatemaster.ge\/#\/schema\/logo\/image\/\"}}]}<\/script>\n<!-- \/ Yoast SEO plugin. -->","yoast_head_json":{"title":"Birinci d\u0259r\u0259c\u0259li k\u00fcl\u0259k qanad\u0131n\u0131n kalibrl\u0259nm\u0259si - Climate Master","robots":{"index":"index","follow":"follow","max-snippet":"max-snippet:-1","max-image-preview":"max-image-preview:large","max-video-preview":"max-video-preview:-1"},"canonical":"https:\/\/climatemaster.ge\/az\/product\/calibration-wind-vane-thies-first-class\/","og_locale":"az_AZ","og_type":"article","og_title":"Birinci d\u0259r\u0259c\u0259li k\u00fcl\u0259k qanad\u0131n\u0131n kalibrl\u0259nm\u0259si - Climate Master","og_description":"Sifari\u015f n\u00f6mr\u0259si S21095T \/ S21095TH \/ S21095P \/ S21095PH  S21095T Kalibrl\u0259m\u0259 K\u00fcl\u0259k G\u00fcl\u00fc Thies First Class TMR S21095TH Kalibrl\u0259m\u0259 K\u00fcl\u0259k G\u00fcl\u00fc Thies First Class TMR q\u0131zd\u0131r\u0131l\u0131r S21095P Kalibrl\u0259m\u0259 K\u00fcl\u0259k G\u00fcl\u00fc Thies First Class POT S21095PH Kalibrl\u0259m\u0259 K\u00fcl\u0259k G\u00fcl\u00fc Thies First Class POT q\u0131zd\u0131r\u0131l\u0131r  Ammonit K\u00fcl\u0259k Tuneli t\u0259r\u0259find\u0259n apar\u0131lm\u0131\u015fd\u0131r - DAkkS akkredit\u0259 olunmu\u015f laboratoriya - Measnet proseduruna \u0259sas\u0259n, daxil olmaqla. sertifikat","og_url":"https:\/\/climatemaster.ge\/az\/product\/calibration-wind-vane-thies-first-class\/","og_site_name":"Climate Master","article_modified_time":"2025-05-11T14:33:56+00:00","og_image":[{"width":490,"height":490,"url":"https:\/\/climatemaster.ge\/wp-content\/uploads\/2025\/05\/calibration_ammonit_wind_tunnel.png__490x490_q85_crop_subsampling-2_upscale.jpg","type":"image\/jpeg"}],"twitter_card":"summary_large_image","schema":{"@context":"https:\/\/schema.org","@graph":[{"@type":"WebPage","@id":"https:\/\/climatemaster.ge\/az\/product\/calibration-wind-vane-thies-first-class\/","url":"https:\/\/climatemaster.ge\/az\/product\/calibration-wind-vane-thies-first-class\/","name":"Birinci d\u0259r\u0259c\u0259li k\u00fcl\u0259k qanad\u0131n\u0131n kalibrl\u0259nm\u0259si - Climate Master","isPartOf":{"@id":"https:\/\/climatemaster.ge\/#website"},"primaryImageOfPage":{"@id":"https:\/\/climatemaster.ge\/az\/product\/calibration-wind-vane-thies-first-class\/#primaryimage"},"image":{"@id":"https:\/\/climatemaster.ge\/az\/product\/calibration-wind-vane-thies-first-class\/#primaryimage"},"thumbnailUrl":"https:\/\/climatemaster.ge\/wp-content\/uploads\/2025\/05\/calibration_ammonit_wind_tunnel.png__490x490_q85_crop_subsampling-2_upscale.jpg","datePublished":"2025-05-11T14:30:56+00:00","dateModified":"2025-05-11T14:33:56+00:00","breadcrumb":{"@id":"https:\/\/climatemaster.ge\/az\/product\/calibration-wind-vane-thies-first-class\/#breadcrumb"},"inLanguage":"az","potentialAction":[{"@type":"ReadAction","target":["https:\/\/climatemaster.ge\/az\/product\/calibration-wind-vane-thies-first-class\/"]}]},{"@type":"ImageObject","inLanguage":"az","@id":"https:\/\/climatemaster.ge\/az\/product\/calibration-wind-vane-thies-first-class\/#primaryimage","url":"https:\/\/climatemaster.ge\/wp-content\/uploads\/2025\/05\/calibration_ammonit_wind_tunnel.png__490x490_q85_crop_subsampling-2_upscale.jpg","contentUrl":"https:\/\/climatemaster.ge\/wp-content\/uploads\/2025\/05\/calibration_ammonit_wind_tunnel.png__490x490_q85_crop_subsampling-2_upscale.jpg","width":490,"height":490},{"@type":"BreadcrumbList","@id":"https:\/\/climatemaster.ge\/az\/product\/calibration-wind-vane-thies-first-class\/#breadcrumb","itemListElement":[{"@type":"ListItem","position":1,"name":"Home","item":"https:\/\/climatemaster.ge\/"},{"@type":"ListItem","position":2,"name":"M\u0259hsullar","item":"https:\/\/climatemaster.ge\/products\/"},{"@type":"ListItem","position":3,"name":"Birinci d\u0259r\u0259c\u0259li k\u00fcl\u0259k qanad\u0131n\u0131n kalibrl\u0259nm\u0259si"}]},{"@type":"WebSite","@id":"https:\/\/climatemaster.ge\/#website","url":"https:\/\/climatemaster.ge\/","name":"Climate Master","description":"","publisher":{"@id":"https:\/\/climatemaster.ge\/#organization"},"potentialAction":[{"@type":"SearchAction","target":{"@type":"EntryPoint","urlTemplate":"https:\/\/climatemaster.ge\/?s={search_term_string}"},"query-input":{"@type":"PropertyValueSpecification","valueRequired":true,"valueName":"search_term_string"}}],"inLanguage":"az"},{"@type":"Organization","@id":"https:\/\/climatemaster.ge\/#organization","name":"Climate Master","url":"https:\/\/climatemaster.ge\/","logo":{"@type":"ImageObject","inLanguage":"az","@id":"https:\/\/climatemaster.ge\/#\/schema\/logo\/image\/","url":"https:\/\/climatemaster.ge\/wp-content\/uploads\/2026\/03\/Untitled-2.png","contentUrl":"https:\/\/climatemaster.ge\/wp-content\/uploads\/2026\/03\/Untitled-2.png","width":600,"height":338,"caption":"Climate Master"},"image":{"@id":"https:\/\/climatemaster.ge\/#\/schema\/logo\/image\/"}}]}},"_links":{"self":[{"href":"https:\/\/climatemaster.ge\/az\/wp-json\/wp\/v2\/product\/31458","targetHints":{"allow":["GET"]}}],"collection":[{"href":"https:\/\/climatemaster.ge\/az\/wp-json\/wp\/v2\/product"}],"about":[{"href":"https:\/\/climatemaster.ge\/az\/wp-json\/wp\/v2\/types\/product"}],"wp:featuredmedia":[{"embeddable":true,"href":"https:\/\/climatemaster.ge\/az\/wp-json\/wp\/v2\/media\/31453"}],"wp:attachment":[{"href":"https:\/\/climatemaster.ge\/az\/wp-json\/wp\/v2\/media?parent=31458"}],"wp:term":[{"taxonomy":"product_brand","embeddable":true,"href":"https:\/\/climatemaster.ge\/az\/wp-json\/wp\/v2\/product_brand?post=31458"},{"taxonomy":"product_cat","embeddable":true,"href":"https:\/\/climatemaster.ge\/az\/wp-json\/wp\/v2\/product_cat?post=31458"},{"taxonomy":"product_tag","embeddable":true,"href":"https:\/\/climatemaster.ge\/az\/wp-json\/wp\/v2\/product_tag?post=31458"}],"curies":[{"name":"wp","href":"https:\/\/api.w.org\/{rel}","templated":true}]}}