{"id":31213,"date":"2025-05-11T16:03:02","date_gmt":"2025-05-11T12:03:02","guid":{"rendered":"https:\/\/airsystems.ge\/shop\/product\/ultrasonic-anemometer-thies-3d-heating-in-arms-and-sensor-head\/"},"modified":"2025-05-11T16:13:46","modified_gmt":"2025-05-11T12:13:46","slug":"ultrasonic-anemometer-thies-3d-heating-in-arms-and-sensor-head","status":"publish","type":"product","link":"https:\/\/climatemaster.ge\/az\/product\/ultrasonic-anemometer-thies-3d-heating-in-arms-and-sensor-head\/","title":{"rendered":"Ultrasonik Anemometr Thies 3D &#8211; Qollarda v\u0259 Sensor Ba\u015fl\u0131\u011f\u0131nda Q\u0131zd\u0131rma"},"content":{"rendered":"<p>Ultrasonik Anemometr 3D k\u00fcl\u0259yin s\u00fcr\u0259tinin, k\u00fcl\u0259yin istiqam\u0259tinin v\u0259 akustik virtual temperaturun \u00fcf\u00fcqi v\u0259 \u015faquli komponentl\u0259rini 3 \u00f6l\u00e7\u00fcd\u0259 \u00f6l\u00e7m\u0259k \u00fc\u00e7\u00fcn n\u0259z\u0259rd\u0259 tutulmu\u015fdur. Ultrasonik Anemometr 3D 200 mm m\u0259saf\u0259d\u0259 bir-birin\u0259 baxan c\u00fct-c\u00fct 6 ultras\u0259s transformatorundan ibar\u0259tdir. Yaranan \u00fc\u00e7 \u00f6l\u00e7m\u0259 yolu bir-birin\u0259 nisb\u0259t\u0259n \u015faqulidir. Transformatorlar h\u0259m akustik \u00f6t\u00fcr\u00fcc\u00fc, h\u0259m d\u0259 q\u0259buledici kimi f\u0259aliyy\u0259t g\u00f6st\u0259rir.<\/p>\n<p>Kubok anemometrl\u0259ri il\u0259 m\u00fcqayis\u0259d\u0259 \u00f6l\u00e7m\u0259 prinsipi s\u00fcr\u0259tl\u0259 d\u0259yi\u015f\u0259n d\u0259yi\u015f\u0259nl\u0259rin maksimum d\u0259qiqlik v\u0259 d\u0259qiqlikl\u0259 \u0259tal\u0259tsiz \u00f6l\u00e7\u00fclm\u0259sini t\u0259min edir. X\u00fcsusil\u0259 k\u00fcl\u0259yin v\u0259 pik d\u0259y\u0259rl\u0259rin \u00f6l\u00e7\u00fclm\u0259si \u00fc\u00e7\u00fcn uy\u011fundur. Hava istiliyinin (akustik virtual temperaturun) \u00f6l\u00e7\u00fclm\u0259si zaman\u0131 \u0259ld\u0259 edil\u0259n d\u0259qiqlik s\u0259viyy\u0259si, m\u00fc\u0259yy\u0259n hava \u015f\u0259raitl\u0259rind\u0259 ba\u015f ver\u0259n n\u0259min t\u0259sirinin korreksiyas\u0131ndan sonra temperatur sensorlar\u0131n\u0131n hava v\u0259 radiasiya qoruyucusu il\u0259 istifad\u0259 edildiyi klassik metodlardan \u00fcst\u00fcnd\u00fcr.<\/p>\n<p>Bax\u0131m t\u0259l\u0259b olunmayan v\u0259 k\u00f6hn\u0259lm\u0259y\u0259n anemometr yenid\u0259n kalibrl\u0259nm\u0259y\u0259 ehtiyac duymur v\u0259 h\u0259tta ekstremal \u015f\u0259raitd\u0259 q\u0131\u015fda i\u015fl\u0259m\u0259k \u00fc\u00e7\u00fcn q\u0131zd\u0131r\u0131c\u0131 il\u0259 t\u0259chiz edilmi\u015fdir.<\/p>\n<p>B\u00fct\u00fcn hesablamalar y\u00fcks\u0259k tutumlu r\u0259q\u0259msal siqnal prosessoru (DSP) t\u0259r\u0259find\u0259n ultras\u0259s siqnallar\u0131n\u0131n yay\u0131lma m\u00fcdd\u0259ti \u0259rzind\u0259 32 bit d\u0259qiqlikl\u0259 apar\u0131l\u0131r. Al\u0259t r\u0259q\u0259msal interfeys vasit\u0259sil\u0259 se\u00e7il\u0259 bil\u0259n s\u00fcr\u00fc\u015fm\u0259 ortalamas\u0131, standart k\u0259narla\u015fma, kovariasiya v\u0259 s. kimi h\u0259rt\u0259r\u0259fli statistik funksiyalar t\u0259klif edir. S\u00fcr\u00fc\u015fm\u0259 ortalamas\u0131 iste\u011fe ba\u011fl\u0131 olaraq vektor v\u0259 ya skalyar formada, h\u0259r bir parametr \u00fc\u00e7\u00fcn eyni v\u0259 ya f\u0259rqli olaraq t\u0259yin edil\u0259 bil\u0259r.<\/p>\n<p><strong>\u0130stilik<\/strong><\/p>\n<p>\u00c7oxlu t\u0259tbiql\u0259r \u00fc\u00e7\u00fcn k\u00fcl\u0259yin s\u00fcr\u0259ti v\u0259 istiqam\u0259ti il\u0259 ba\u011fl\u0131 b\u0259rk \u00f6l\u00e7m\u0259 m\u0259lumatlar\u0131n\u0131n davaml\u0131 \u00e7\u0131x\u0131\u015f\u0131, h\u0259tta buzlanma v\u0259ziyy\u0259tl\u0259ri kimi ekstremal meteoroloji \u015f\u0259raitd\u0259 bel\u0259 \u00f6l\u00e7m\u0259 sistemi \u00fc\u00e7\u00fcn \u0259v\u0259zsiz t\u0259l\u0259bdir. Ultrasonik m\u00fck\u0259mm\u0259l istilik sistemi il\u0259 t\u0259chiz edilmi\u015fdir. Bu sistem buz \u0259m\u0259l\u0259 g\u0259lm\u0259si zaman\u0131 \u00f6l\u00e7m\u0259 d\u0259y\u0259rinin \u0259ld\u0259 edilm\u0259sini poza bil\u0259c\u0259k b\u00fct\u00fcn xarici s\u0259thl\u0259ri +5\u00b0C-d\u0259n yuxar\u0131 temperaturda s\u0259m\u0259r\u0259li \u015f\u0259kild\u0259 saxlay\u0131r.<\/p>\n<p>H\u0259m\u00e7inin \u00f6l\u00e7\u00fc qollar\u0131 q\u0131zd\u0131r\u0131lan xarici s\u0259thl\u0259r\u0259, el\u0259c\u0259 d\u0259 modeld\u0259n as\u0131l\u0131 olaraq \u0259lav\u0259 olaraq ultras\u0259s \u00e7eviricisi v\u0259 korpusa aiddir. Utrasonic h\u0259tta -40 \u00b0C-d\u0259n a\u015fa\u011f\u0131 temperaturda isidilm\u0259mi\u015f v\u0259ziyy\u0259td\u0259 y\u00fcks\u0259k d\u0259qiqlikl\u0259 \u00f6l\u00e7m\u0259 m\u0259lumatlar\u0131n\u0131 yaratmaq v\u0259ziyy\u0259tind\u0259dir. \u00d6l\u00e7m\u0259 m\u0259lumatlar\u0131n\u0131n temperaturdan as\u0131l\u0131 keyfiyy\u0259ti yoxdur. \u0130stilik yaln\u0131z al\u0259tin konstruksiyas\u0131nda buz \u0259m\u0259l\u0259 g\u0259lm\u0259sinin qar\u015f\u0131s\u0131n\u0131 almaq \u00fc\u00e7\u00fcn laz\u0131md\u0131r, bel\u0259likl\u0259, \u00f6l\u00e7m\u0259 d\u0259y\u0259rinin \u0259ld\u0259 edilm\u0259sind\u0259 ba\u015f ver\u0259n nasazl\u0131\u011f\u0131n qar\u015f\u0131s\u0131n\u0131 al\u0131r.<\/p>\n<table border=\"1\" width=\"662\" cellspacing=\"1\" cellpadding=\"1\">\n<thead>\n<tr>\n<th colspan=\"2\" scope=\"col\"><span style=\"font-weight: 400;\">Wind Speed<\/span><\/th>\n<\/tr>\n<\/thead>\n<tbody>\n<tr>\n<td>Measuring range<\/td>\n<td>0 &#8230; 85 m\/s (measures up to 99.99 m\/s + output); Scaling of analog output selectable<br \/>\nStarting threshold: 0.01 m\/s<\/td>\n<\/tr>\n<tr>\n<td>Accuracy<\/td>\n<td>\u2264 5 m\/s: \u00b1 0.1 m\/s rms (root mean square over 360\u00b0)<br \/>\n&gt; 5 m\/s &#8230; \u2264 35 m\/s: \u00b1 1% rms of measured value (root mean square over 360\u00b0)<br \/>\n&gt; 35 m\/s &#8230; \u2264 65 m\/s: \u00b1 2% rms of measured value (root mean square over 360\u00b0)<br \/>\n&gt; 65 m\/s &#8230; \u2264 85 m\/s: \u00b1 3% rms of measured value (root mean square over 360\u00b0)<\/td>\n<\/tr>\n<tr>\n<td>Resolution<\/td>\n<td>0.1 m\/s (telegrams No. 1 to 4)<br \/>\n0.01 m\/s (telegrams No. 5 to 12 and user-defined)<\/td>\n<\/tr>\n<tr>\n<th colspan=\"2\"><span style=\"font-weight: 400;\">Wind Direction<\/span><\/th>\n<\/tr>\n<tr>\n<td>Measuring range<\/td>\n<td>Azimuth: 0 &#8230; 360\u00b0\u00a0\u00a0\u00a0\u00a0\u00a0\u00a0\u00a0\u00a0\u00a0\u00a0\u00a0 Elevation: -90\u00b0 &#8230; 90\u00b0<\/td>\n<\/tr>\n<tr>\n<td>Accuracy<\/td>\n<td>\u00b1 1\u00b0 with wind velocity &gt; 1 m\/s \u2264 35 m\/s<br \/>\n\u00b1 2\u00b0 with wind velocity &gt; 35 m\/s \u2264 65 m\/s<br \/>\n\u00b1 4\u00b0 with wind velocity &gt; 65 m\/s \u2264 85 m\/s<\/td>\n<\/tr>\n<tr>\n<td>Resolution<\/td>\n<td>1\u00b0 (telegrams No. 1 to 4)<br \/>\n&lt; 1\u00b0 (telegrams No. 5 to 12 and user-defined)<\/td>\n<\/tr>\n<tr>\n<th colspan=\"2\"><span style=\"font-weight: 400;\">Acoustic Virtual Temperature<\/span><\/th>\n<\/tr>\n<tr>\n<td>Measuring range<\/td>\n<td>-40 &#8230; +70\u00b0C (not specified, but useful measuring range: -75 &#8230; +75\u00b0C)<\/td>\n<\/tr>\n<tr>\n<td>Accuracy<\/td>\n<td>\u00b1 0.5 K<\/td>\n<\/tr>\n<tr>\n<td>Resolution<\/td>\n<td>0.1 K (in telegrams No. 1 to 5)<\/td>\n<\/tr>\n<tr>\n<th colspan=\"2\"><span style=\"font-weight: 400;\">Data Output Digital<\/span><\/th>\n<\/tr>\n<tr>\n<td>Interface<\/td>\n<td>RS485 \/ RS422<\/td>\n<\/tr>\n<tr>\n<td>Baud rate<\/td>\n<td>1200 to 921600 adjustable<\/td>\n<\/tr>\n<tr>\n<td>Output<\/td>\n<td>Instantaneous values, wind speed \/ direction and acoustic virtual temp.<br \/>\nSliding mean values 0.5 sec to 100 min freely selectable<\/td>\n<\/tr>\n<tr>\n<td>Output rate<\/td>\n<td>1 per 1 msec to 1 per 60 sec., adjustable in msec steps<\/td>\n<\/tr>\n<tr>\n<td>Status identification<\/td>\n<td>Heating, measurement path failure, \u0394T path temperatures<\/td>\n<\/tr>\n<tr>\n<th colspan=\"2\"><span style=\"font-weight: 400;\">Data Output Analog<\/span><\/th>\n<\/tr>\n<tr>\n<td>Electr. output<\/td>\n<td>0 &#8230; 20 mA \/ 0 &#8230; 10 V or 4 &#8230; 20 mA \/ 2 &#8230; 10 V for wind vectors X, Y and Z<\/td>\n<\/tr>\n<tr>\n<td>Output<\/td>\n<td>Wind vectors X, Y and Z, Instantaneous values, sliding mean values 0.5 sec to 100 min freely selectable<\/td>\n<\/tr>\n<tr>\n<td>Output rate<\/td>\n<td>Updating rate 0.1 &#8230; 100 Hz<\/td>\n<\/tr>\n<tr>\n<td>Resolution<\/td>\n<td>16 bit<\/td>\n<\/tr>\n<tr>\n<th colspan=\"2\"><span style=\"font-weight: 400;\">Analog Inputs<\/span><\/th>\n<\/tr>\n<tr>\n<td>Input number<\/td>\n<td>Up to 5 analog inputs possible. (3x standard, 2x add. configurable acc. to manu.)<\/td>\n<\/tr>\n<tr>\n<td>Input resolution<\/td>\n<td>16 bit<\/td>\n<\/tr>\n<tr>\n<td>Sampling rate<\/td>\n<td>0.1 &#8230; 100 Hz per channel<\/td>\n<\/tr>\n<tr>\n<td>Input range<\/td>\n<td>0 &#8230; 10 V<\/td>\n<\/tr>\n<tr>\n<td>Data processing<\/td>\n<td>Output of measured values in user-specific telegram<\/td>\n<\/tr>\n<tr>\n<td>Accuracy<\/td>\n<td>\u00b1 1%\u00a0 of meas. value in the range -40 &#8230; +70\u00b0C<\/td>\n<\/tr>\n<tr>\n<td>Linearity, integral<\/td>\n<td>INL: type &lt; 6LSB<\/td>\n<\/tr>\n<tr>\n<td>Effective low-noise bits<\/td>\n<td>Type 14 bit (at DC-supply for avoiding of dynamic cross-talk in the connection line)<\/td>\n<\/tr>\n<tr>\n<th colspan=\"2\"><span style=\"font-weight: 400;\">General<\/span><\/th>\n<\/tr>\n<tr>\n<td>Temperature range<\/td>\n<td>Oper. temperature: -40 &#8230; +70\u00b0C; Storage: -50 &#8230; +80\u00b0C; with heating up to -75\u00b0C<\/td>\n<\/tr>\n<tr>\n<td>Internal measuring rate<\/td>\n<td>Up to 285 complete measurement sequences per second at 20\u00b0C<\/td>\n<\/tr>\n<tr>\n<td>Operating voltage<br \/>\nS83100H<br \/>\nS83300H<\/td>\n<td>Power supply electronics: 8 &#8230; 78 VDC, 1.5 VA, max. 2.5 VA<br \/>\nPower supply electronics + heating: 24 V AC\/DC \u00b1 15%: typ. 150 VA<br \/>\nPower supply electronics + heating: 48 V AC\/DC \u00b1 15%: typ. 360 VA<\/td>\n<\/tr>\n<tr>\n<td>EMC<\/td>\n<td>EN 55022: 1998 class B; EN 55024: 1998; EN 61326:1997; A3:2003<\/td>\n<\/tr>\n<tr>\n<td>Electr. connection<\/td>\n<td>8-pole plug<\/td>\n<\/tr>\n<tr>\n<td>Manufacturer<\/td>\n<td>Thies<\/td>\n<\/tr>\n<\/tbody>\n<\/table>\n","protected":false},"excerpt":{"rendered":"<p><strong>Sifari\u015f n\u00f6mr\u0259si<\/strong><br \/>\nS83100H<\/p>\n<p>T\u0259snifat acc. IEC 61400-12-1:2017 standart\u0131na uy\u011fun olaraq<br \/>\nK\u00fcl\u0259yin istiqam\u0259ti v\u0259 s\u00fcr\u0259tinin 3 \u00f6l\u00e7\u00fcd\u0259 X, Y v\u0259 Z \u00f6l\u00e7\u00fclm\u0259si<br \/>\nReal vaxt \u00f6l\u00e7m\u0259<br \/>\n\u018fn y\u00fcks\u0259k d\u0259qiqlik, bax\u0131m t\u0259l\u0259b etmir v\u0259 q\u0131zd\u0131r\u0131l\u0131r<br \/>\nR\u0259q\u0259msal\/analoq \u00e7\u0131x\u0131\u015flar v\u0259 giri\u015fl\u0259r<\/p>\n","protected":false},"featured_media":31195,"template":"","meta":[],"product_brand":[],"product_cat":[1336,1416,1453],"product_tag":[],"class_list":{"0":"post-31213","1":"product","2":"type-product","3":"status-publish","4":"has-post-thumbnail","6":"product_cat-brpa-olunan-enerji-kulk-v-guns-enerjisi-olcusu-az","7":"product_cat-kulk-sensoru","8":"product_cat-ultrasonik-anemometr","10":"first","11":"instock","12":"shipping-taxable","13":"product-type-simple"},"yoast_head":"<!-- This site is optimized with the Yoast SEO plugin v27.1.1 - https:\/\/yoast.com\/product\/yoast-seo-wordpress\/ -->\n<title>Ultrasonik Anemometr Thies 3D - Qollarda v\u0259 Sensor Ba\u015fl\u0131\u011f\u0131nda Q\u0131zd\u0131rma - Climate Master<\/title>\n<meta name=\"robots\" content=\"index, follow, max-snippet:-1, max-image-preview:large, max-video-preview:-1\" \/>\n<link rel=\"canonical\" href=\"https:\/\/climatemaster.ge\/az\/product\/ultrasonic-anemometer-thies-3d-heating-in-arms-and-sensor-head\/\" \/>\n<meta property=\"og:locale\" content=\"az_AZ\" \/>\n<meta property=\"og:type\" content=\"article\" \/>\n<meta property=\"og:title\" content=\"Ultrasonik Anemometr Thies 3D - Qollarda v\u0259 Sensor Ba\u015fl\u0131\u011f\u0131nda Q\u0131zd\u0131rma - Climate Master\" \/>\n<meta property=\"og:description\" content=\"Sifari\u015f n\u00f6mr\u0259si S83100H  T\u0259snifat acc. IEC 61400-12-1:2017 standart\u0131na uy\u011fun olaraq K\u00fcl\u0259yin istiqam\u0259ti v\u0259 s\u00fcr\u0259tinin 3 \u00f6l\u00e7\u00fcd\u0259 X, Y v\u0259 Z \u00f6l\u00e7\u00fclm\u0259si Real vaxt \u00f6l\u00e7m\u0259 \u018fn y\u00fcks\u0259k d\u0259qiqlik, bax\u0131m t\u0259l\u0259b etmir v\u0259 q\u0131zd\u0131r\u0131l\u0131r R\u0259q\u0259msal\/analoq \u00e7\u0131x\u0131\u015flar v\u0259 giri\u015fl\u0259r\" \/>\n<meta property=\"og:url\" content=\"https:\/\/climatemaster.ge\/az\/product\/ultrasonic-anemometer-thies-3d-heating-in-arms-and-sensor-head\/\" \/>\n<meta property=\"og:site_name\" content=\"Climate Master\" \/>\n<meta property=\"article:modified_time\" content=\"2025-05-11T12:13:46+00:00\" \/>\n<meta property=\"og:image\" content=\"https:\/\/climatemaster.ge\/wp-content\/uploads\/2025\/05\/ultrasonic-thies-3d.png__490x490_q85_crop_subsampling-2_upscale-1.png\" \/>\n\t<meta property=\"og:image:width\" content=\"490\" \/>\n\t<meta property=\"og:image:height\" content=\"490\" \/>\n\t<meta property=\"og:image:type\" content=\"image\/png\" \/>\n<meta name=\"twitter:card\" content=\"summary_large_image\" \/>\n<meta name=\"twitter:label1\" content=\"Est. reading time\" \/>\n\t<meta name=\"twitter:data1\" content=\"5 minutes\" \/>\n<script type=\"application\/ld+json\" class=\"yoast-schema-graph\">{\"@context\":\"https:\/\/schema.org\",\"@graph\":[{\"@type\":\"WebPage\",\"@id\":\"https:\/\/climatemaster.ge\/az\/product\/ultrasonic-anemometer-thies-3d-heating-in-arms-and-sensor-head\/\",\"url\":\"https:\/\/climatemaster.ge\/az\/product\/ultrasonic-anemometer-thies-3d-heating-in-arms-and-sensor-head\/\",\"name\":\"Ultrasonik Anemometr Thies 3D - Qollarda v\u0259 Sensor Ba\u015fl\u0131\u011f\u0131nda Q\u0131zd\u0131rma - Climate Master\",\"isPartOf\":{\"@id\":\"https:\/\/climatemaster.ge\/#website\"},\"primaryImageOfPage\":{\"@id\":\"https:\/\/climatemaster.ge\/az\/product\/ultrasonic-anemometer-thies-3d-heating-in-arms-and-sensor-head\/#primaryimage\"},\"image\":{\"@id\":\"https:\/\/climatemaster.ge\/az\/product\/ultrasonic-anemometer-thies-3d-heating-in-arms-and-sensor-head\/#primaryimage\"},\"thumbnailUrl\":\"https:\/\/climatemaster.ge\/wp-content\/uploads\/2025\/05\/ultrasonic-thies-3d.png__490x490_q85_crop_subsampling-2_upscale-1.png\",\"datePublished\":\"2025-05-11T12:03:02+00:00\",\"dateModified\":\"2025-05-11T12:13:46+00:00\",\"breadcrumb\":{\"@id\":\"https:\/\/climatemaster.ge\/az\/product\/ultrasonic-anemometer-thies-3d-heating-in-arms-and-sensor-head\/#breadcrumb\"},\"inLanguage\":\"az\",\"potentialAction\":[{\"@type\":\"ReadAction\",\"target\":[\"https:\/\/climatemaster.ge\/az\/product\/ultrasonic-anemometer-thies-3d-heating-in-arms-and-sensor-head\/\"]}]},{\"@type\":\"ImageObject\",\"inLanguage\":\"az\",\"@id\":\"https:\/\/climatemaster.ge\/az\/product\/ultrasonic-anemometer-thies-3d-heating-in-arms-and-sensor-head\/#primaryimage\",\"url\":\"https:\/\/climatemaster.ge\/wp-content\/uploads\/2025\/05\/ultrasonic-thies-3d.png__490x490_q85_crop_subsampling-2_upscale-1.png\",\"contentUrl\":\"https:\/\/climatemaster.ge\/wp-content\/uploads\/2025\/05\/ultrasonic-thies-3d.png__490x490_q85_crop_subsampling-2_upscale-1.png\",\"width\":490,\"height\":490},{\"@type\":\"BreadcrumbList\",\"@id\":\"https:\/\/climatemaster.ge\/az\/product\/ultrasonic-anemometer-thies-3d-heating-in-arms-and-sensor-head\/#breadcrumb\",\"itemListElement\":[{\"@type\":\"ListItem\",\"position\":1,\"name\":\"Home\",\"item\":\"https:\/\/climatemaster.ge\/\"},{\"@type\":\"ListItem\",\"position\":2,\"name\":\"M\u0259hsullar\",\"item\":\"https:\/\/climatemaster.ge\/products\/\"},{\"@type\":\"ListItem\",\"position\":3,\"name\":\"Ultrasonik Anemometr Thies 3D &#8211; Qollarda v\u0259 Sensor Ba\u015fl\u0131\u011f\u0131nda Q\u0131zd\u0131rma\"}]},{\"@type\":\"WebSite\",\"@id\":\"https:\/\/climatemaster.ge\/#website\",\"url\":\"https:\/\/climatemaster.ge\/\",\"name\":\"Climate Master\",\"description\":\"\",\"publisher\":{\"@id\":\"https:\/\/climatemaster.ge\/#organization\"},\"potentialAction\":[{\"@type\":\"SearchAction\",\"target\":{\"@type\":\"EntryPoint\",\"urlTemplate\":\"https:\/\/climatemaster.ge\/?s={search_term_string}\"},\"query-input\":{\"@type\":\"PropertyValueSpecification\",\"valueRequired\":true,\"valueName\":\"search_term_string\"}}],\"inLanguage\":\"az\"},{\"@type\":\"Organization\",\"@id\":\"https:\/\/climatemaster.ge\/#organization\",\"name\":\"Climate Master\",\"url\":\"https:\/\/climatemaster.ge\/\",\"logo\":{\"@type\":\"ImageObject\",\"inLanguage\":\"az\",\"@id\":\"https:\/\/climatemaster.ge\/#\/schema\/logo\/image\/\",\"url\":\"https:\/\/climatemaster.ge\/wp-content\/uploads\/2026\/03\/Untitled-2.png\",\"contentUrl\":\"https:\/\/climatemaster.ge\/wp-content\/uploads\/2026\/03\/Untitled-2.png\",\"width\":600,\"height\":338,\"caption\":\"Climate Master\"},\"image\":{\"@id\":\"https:\/\/climatemaster.ge\/#\/schema\/logo\/image\/\"}}]}<\/script>\n<!-- \/ Yoast SEO plugin. -->","yoast_head_json":{"title":"Ultrasonik Anemometr Thies 3D - Qollarda v\u0259 Sensor Ba\u015fl\u0131\u011f\u0131nda Q\u0131zd\u0131rma - Climate Master","robots":{"index":"index","follow":"follow","max-snippet":"max-snippet:-1","max-image-preview":"max-image-preview:large","max-video-preview":"max-video-preview:-1"},"canonical":"https:\/\/climatemaster.ge\/az\/product\/ultrasonic-anemometer-thies-3d-heating-in-arms-and-sensor-head\/","og_locale":"az_AZ","og_type":"article","og_title":"Ultrasonik Anemometr Thies 3D - Qollarda v\u0259 Sensor Ba\u015fl\u0131\u011f\u0131nda Q\u0131zd\u0131rma - Climate Master","og_description":"Sifari\u015f n\u00f6mr\u0259si S83100H  T\u0259snifat acc. IEC 61400-12-1:2017 standart\u0131na uy\u011fun olaraq K\u00fcl\u0259yin istiqam\u0259ti v\u0259 s\u00fcr\u0259tinin 3 \u00f6l\u00e7\u00fcd\u0259 X, Y v\u0259 Z \u00f6l\u00e7\u00fclm\u0259si Real vaxt \u00f6l\u00e7m\u0259 \u018fn y\u00fcks\u0259k d\u0259qiqlik, bax\u0131m t\u0259l\u0259b etmir v\u0259 q\u0131zd\u0131r\u0131l\u0131r R\u0259q\u0259msal\/analoq \u00e7\u0131x\u0131\u015flar v\u0259 giri\u015fl\u0259r","og_url":"https:\/\/climatemaster.ge\/az\/product\/ultrasonic-anemometer-thies-3d-heating-in-arms-and-sensor-head\/","og_site_name":"Climate Master","article_modified_time":"2025-05-11T12:13:46+00:00","og_image":[{"width":490,"height":490,"url":"https:\/\/climatemaster.ge\/wp-content\/uploads\/2025\/05\/ultrasonic-thies-3d.png__490x490_q85_crop_subsampling-2_upscale-1.png","type":"image\/png"}],"twitter_card":"summary_large_image","twitter_misc":{"Est. reading time":"5 minutes"},"schema":{"@context":"https:\/\/schema.org","@graph":[{"@type":"WebPage","@id":"https:\/\/climatemaster.ge\/az\/product\/ultrasonic-anemometer-thies-3d-heating-in-arms-and-sensor-head\/","url":"https:\/\/climatemaster.ge\/az\/product\/ultrasonic-anemometer-thies-3d-heating-in-arms-and-sensor-head\/","name":"Ultrasonik Anemometr Thies 3D - Qollarda v\u0259 Sensor Ba\u015fl\u0131\u011f\u0131nda Q\u0131zd\u0131rma - Climate Master","isPartOf":{"@id":"https:\/\/climatemaster.ge\/#website"},"primaryImageOfPage":{"@id":"https:\/\/climatemaster.ge\/az\/product\/ultrasonic-anemometer-thies-3d-heating-in-arms-and-sensor-head\/#primaryimage"},"image":{"@id":"https:\/\/climatemaster.ge\/az\/product\/ultrasonic-anemometer-thies-3d-heating-in-arms-and-sensor-head\/#primaryimage"},"thumbnailUrl":"https:\/\/climatemaster.ge\/wp-content\/uploads\/2025\/05\/ultrasonic-thies-3d.png__490x490_q85_crop_subsampling-2_upscale-1.png","datePublished":"2025-05-11T12:03:02+00:00","dateModified":"2025-05-11T12:13:46+00:00","breadcrumb":{"@id":"https:\/\/climatemaster.ge\/az\/product\/ultrasonic-anemometer-thies-3d-heating-in-arms-and-sensor-head\/#breadcrumb"},"inLanguage":"az","potentialAction":[{"@type":"ReadAction","target":["https:\/\/climatemaster.ge\/az\/product\/ultrasonic-anemometer-thies-3d-heating-in-arms-and-sensor-head\/"]}]},{"@type":"ImageObject","inLanguage":"az","@id":"https:\/\/climatemaster.ge\/az\/product\/ultrasonic-anemometer-thies-3d-heating-in-arms-and-sensor-head\/#primaryimage","url":"https:\/\/climatemaster.ge\/wp-content\/uploads\/2025\/05\/ultrasonic-thies-3d.png__490x490_q85_crop_subsampling-2_upscale-1.png","contentUrl":"https:\/\/climatemaster.ge\/wp-content\/uploads\/2025\/05\/ultrasonic-thies-3d.png__490x490_q85_crop_subsampling-2_upscale-1.png","width":490,"height":490},{"@type":"BreadcrumbList","@id":"https:\/\/climatemaster.ge\/az\/product\/ultrasonic-anemometer-thies-3d-heating-in-arms-and-sensor-head\/#breadcrumb","itemListElement":[{"@type":"ListItem","position":1,"name":"Home","item":"https:\/\/climatemaster.ge\/"},{"@type":"ListItem","position":2,"name":"M\u0259hsullar","item":"https:\/\/climatemaster.ge\/products\/"},{"@type":"ListItem","position":3,"name":"Ultrasonik Anemometr Thies 3D &#8211; Qollarda v\u0259 Sensor Ba\u015fl\u0131\u011f\u0131nda Q\u0131zd\u0131rma"}]},{"@type":"WebSite","@id":"https:\/\/climatemaster.ge\/#website","url":"https:\/\/climatemaster.ge\/","name":"Climate Master","description":"","publisher":{"@id":"https:\/\/climatemaster.ge\/#organization"},"potentialAction":[{"@type":"SearchAction","target":{"@type":"EntryPoint","urlTemplate":"https:\/\/climatemaster.ge\/?s={search_term_string}"},"query-input":{"@type":"PropertyValueSpecification","valueRequired":true,"valueName":"search_term_string"}}],"inLanguage":"az"},{"@type":"Organization","@id":"https:\/\/climatemaster.ge\/#organization","name":"Climate Master","url":"https:\/\/climatemaster.ge\/","logo":{"@type":"ImageObject","inLanguage":"az","@id":"https:\/\/climatemaster.ge\/#\/schema\/logo\/image\/","url":"https:\/\/climatemaster.ge\/wp-content\/uploads\/2026\/03\/Untitled-2.png","contentUrl":"https:\/\/climatemaster.ge\/wp-content\/uploads\/2026\/03\/Untitled-2.png","width":600,"height":338,"caption":"Climate Master"},"image":{"@id":"https:\/\/climatemaster.ge\/#\/schema\/logo\/image\/"}}]}},"_links":{"self":[{"href":"https:\/\/climatemaster.ge\/az\/wp-json\/wp\/v2\/product\/31213","targetHints":{"allow":["GET"]}}],"collection":[{"href":"https:\/\/climatemaster.ge\/az\/wp-json\/wp\/v2\/product"}],"about":[{"href":"https:\/\/climatemaster.ge\/az\/wp-json\/wp\/v2\/types\/product"}],"wp:featuredmedia":[{"embeddable":true,"href":"https:\/\/climatemaster.ge\/az\/wp-json\/wp\/v2\/media\/31195"}],"wp:attachment":[{"href":"https:\/\/climatemaster.ge\/az\/wp-json\/wp\/v2\/media?parent=31213"}],"wp:term":[{"taxonomy":"product_brand","embeddable":true,"href":"https:\/\/climatemaster.ge\/az\/wp-json\/wp\/v2\/product_brand?post=31213"},{"taxonomy":"product_cat","embeddable":true,"href":"https:\/\/climatemaster.ge\/az\/wp-json\/wp\/v2\/product_cat?post=31213"},{"taxonomy":"product_tag","embeddable":true,"href":"https:\/\/climatemaster.ge\/az\/wp-json\/wp\/v2\/product_tag?post=31213"}],"curies":[{"name":"wp","href":"https:\/\/api.w.org\/{rel}","templated":true}]}}