{"id":31161,"date":"2025-05-11T15:18:27","date_gmt":"2025-05-11T11:18:27","guid":{"rendered":"https:\/\/airsystems.ge\/shop\/product\/ultrasonic-anemometer-lufft-2d-compact-v200a-umb\/"},"modified":"2025-05-11T15:29:20","modified_gmt":"2025-05-11T11:29:20","slug":"ultrasonic-anemometer-lufft-2d-compact-v200a-umb","status":"publish","type":"product","link":"https:\/\/climatemaster.ge\/az\/product\/ultrasonic-anemometer-lufft-2d-compact-v200a-umb\/","title":{"rendered":"Ultrasonik Anemometr Lufft 2D Compact &#8211; V200A-UMB"},"content":{"rendered":"<p>K\u00fcl\u0259yin s\u00fcr\u0259tinin v\u0259 k\u00fcl\u0259yin istiqam\u0259tinin son d\u0259r\u0259c\u0259 d\u0259qiq v\u0259 bax\u0131ms\u0131z \u00f6l\u00e7\u00fclm\u0259si, h\u0259m\u00e7inin akustik virtual temperaturun hesablanmas\u0131. Ultras\u0259s k\u00fcl\u0259k sensoru d\u0259niz suyuna davaml\u0131d\u0131r v\u0259 mexaniki hiss\u0259l\u0259r olmadan dizayn edilmi\u015fdir, \u00e7\u00fcnki onlar \u0259n\u0259n\u0259vi &#8220;st\u0259kanlar v\u0259 qanadlar&#8221; il\u0259 istifad\u0259 edilmi\u015fdir. Sensordan \u015faxta v\u0259 buz \u0259m\u0259l\u0259 g\u0259lm\u0259sini aradan qald\u0131rmaq \u00fc\u00e7\u00fcn sensor q\u0131zd\u0131r\u0131l\u0131r.<\/p>\n<p>R\u0259q\u0259msal v\u0259 ya analoq \u00e7\u0131x\u0131\u015f \u00e7evik \u00f6l\u00e7m\u0259 d\u0259r\u0259c\u0259si il\u0259 ani, orta, minimum v\u0259 ya maksimum d\u0259y\u0259r verir. Ammonit Meteo-40 m\u0259lumat kaydedicil\u0259ri il\u0259 t\u0259tbiql\u0259r \u00fc\u00e7\u00fcn Modbus RTU protokolundan istifad\u0259 etm\u0259yi t\u00f6vsiy\u0259 edirik.<\/p>\n<p><strong>K\u00fcl\u0259yin s\u00fcr\u0259ti v\u0259 istiqam\u0259ti<\/strong><\/p>\n<p>K\u00fcl\u0259k \u00f6l\u00e7m\u0259 elementi b\u00fct\u00fcn istiqam\u0259tl\u0259rd\u0259 d\u00f6vri \u00f6l\u00e7m\u0259l\u0259r aparan 4 ultras\u0259s sensorundan istifad\u0259 edir. N\u0259tic\u0259d\u0259 k\u00fcl\u0259yin s\u00fcr\u0259ti v\u0259 istiqam\u0259ti \u00f6l\u00e7\u00fclm\u00fc\u015f i\u015f vaxt\u0131 s\u0259s diferensial\u0131ndan hesablan\u0131r.<\/p>\n<p><strong>Virtual temperatur<\/strong><\/p>\n<p>S\u0259sin yay\u0131lma s\u00fcr\u0259ti il\u0259 havan\u0131n temperaturu aras\u0131ndak\u0131 fiziki \u0259laq\u0259y\u0259 g\u00f6r\u0259, ultras\u0259s sensorlar\u0131n\u0131n k\u00f6m\u0259yi il\u0259 \u0259traf m\u00fchitin t\u0259xmini temperaturu m\u00fc\u0259yy\u0259n edil\u0259 bil\u0259r.<\/p>\n<p><strong>Hava t\u0259zyiqi<\/strong><\/p>\n<p>Hava t\u0259zyiqi inteqrasiya olunmu\u015f hava t\u0259zyiqi sensoru il\u0259 \u00f6l\u00e7\u00fcl\u00fcr.<\/p>\n<p>&nbsp;<\/p>\n<table border=\"1\" width=\"662\" cellspacing=\"1\" cellpadding=\"1\">\n<thead>\n<tr>\n<th colspan=\"4\" scope=\"col\"><span style=\"font-weight: 400;\">Wind Speed<\/span><\/th>\n<\/tr>\n<\/thead>\n<tbody>\n<tr>\n<td>Measuring range<\/td>\n<td colspan=\"3\">0 &#8230; 90 m\/s<\/td>\n<\/tr>\n<tr>\n<td>Accuracy<\/td>\n<td colspan=\"3\">\u00b1 0.3 m\/s or 3 % (0 &#8230; 35 m\/s) RMS, \u00b1 5 % (&gt;35 m\/s) RMS<\/td>\n<\/tr>\n<tr>\n<td>Resolution<\/td>\n<td colspan=\"3\">0.1 m\/s<\/td>\n<\/tr>\n<tr>\n<th colspan=\"4\"><span style=\"font-weight: 400;\">Wind Direction<\/span><\/th>\n<\/tr>\n<tr>\n<td>Measuring range<\/td>\n<td colspan=\"3\">0 &#8230; 359.9 \u00b0<\/td>\n<\/tr>\n<tr>\n<td>Accuracy<\/td>\n<td colspan=\"3\">&lt; 3 \u00b0 RMSE &gt; 1.0 m\/s<\/td>\n<\/tr>\n<tr>\n<td>Resolution<\/td>\n<td colspan=\"3\">0.1\u00b0<\/td>\n<\/tr>\n<tr>\n<th colspan=\"4\"><span style=\"font-weight: 400;\">Air Pressure<\/span><\/th>\n<\/tr>\n<tr>\n<td>Principle<\/td>\n<td colspan=\"3\">MEMS capacitive<\/td>\n<\/tr>\n<tr>\n<td>Measuring range<\/td>\n<td colspan=\"3\">300 &#8230; 1200 hPa<\/td>\n<\/tr>\n<tr>\n<td>Accuracy<\/td>\n<td colspan=\"3\">\u00b1 1.5 hPa (0&#8230;40 \u00b0C)<\/td>\n<\/tr>\n<tr>\n<td>Resolution<\/td>\n<td colspan=\"3\">0.1 hPa<\/td>\n<\/tr>\n<tr>\n<th colspan=\"4\"><span style=\"font-weight: 400;\">Virtual Temperature<\/span><\/th>\n<\/tr>\n<tr>\n<td>Measuring range<\/td>\n<td colspan=\"3\">-50 &#8230; 70 \u00b0C<\/td>\n<\/tr>\n<tr>\n<td>Accuracy<\/td>\n<td colspan=\"3\">\u00b1 2.0 K (without heater and without solar irradiation or wind speed &gt; 4 m\/s)<\/td>\n<\/tr>\n<tr>\n<td>Resolution<\/td>\n<td colspan=\"3\">0.1 \u00b0K<\/td>\n<\/tr>\n<tr>\n<th colspan=\"4\"><span style=\"font-weight: 400;\">Data Output Digital<\/span><\/th>\n<\/tr>\n<tr>\n<td>Interface<\/td>\n<td colspan=\"3\">RS485 Half-\/Full-duplex, isolated<\/td>\n<\/tr>\n<tr>\n<td>Baud rate<\/td>\n<td colspan=\"3\">1200 &#8230; 57600<\/td>\n<\/tr>\n<tr>\n<td>Meas. rate instant. value<\/td>\n<td colspan=\"3\">1 &#8230; 10 s<\/td>\n<\/tr>\n<tr>\n<td>Meas. Avg (arith., vec.), Min, Max<\/td>\n<td colspan=\"3\">1&#8230;10 min<\/td>\n<\/tr>\n<tr>\n<td>Status identification<\/td>\n<td colspan=\"3\">Heating, sensor failure<\/td>\n<\/tr>\n<tr>\n<th colspan=\"4\"><span style=\"font-weight: 400;\">Data Output Analog<\/span><\/th>\n<\/tr>\n<tr>\n<td>Data output analog<\/td>\n<td colspan=\"3\">Half-duplex mode<\/td>\n<\/tr>\n<tr>\n<td>Output signal<\/td>\n<td colspan=\"3\">0 &#8230; 20 mA, 4 &#8230; 20 mA, 0 &#8230; 10 V, 2 &#8230; 10 V,<br \/>\n2 &#8230; 2,000 Hz (instantaneous, avg, min, max)<\/td>\n<\/tr>\n<tr>\n<td>Load<\/td>\n<td colspan=\"3\">Max. 300 \u03a9<\/td>\n<\/tr>\n<tr>\n<td>Resolution<\/td>\n<td colspan=\"3\">16 bit<\/td>\n<\/tr>\n<tr>\n<th colspan=\"4\"><span style=\"font-weight: 400;\">General<\/span><\/th>\n<\/tr>\n<tr>\n<td>Bus operation<\/td>\n<td colspan=\"3\">Up to 32 devices<\/td>\n<\/tr>\n<tr>\n<td>Operating voltage<\/td>\n<td>Power supply electronics:<br \/>\nPower supply electronics + heating:<\/td>\n<td>12 &#8230; 24 VDC \u00b110%<br \/>\n12 &#8230; 24 VDC \u00b110%<\/td>\n<td>50 mA<br \/>\n900 mA<\/td>\n<\/tr>\n<tr>\n<td>Electrical connection<\/td>\n<td colspan=\"3\">8-pole plug<\/td>\n<\/tr>\n<tr>\n<td>Ambient temperature<\/td>\n<td colspan=\"3\">-40 &#8230; 60 \u00b0C (with heating) \/ -20 &#8230; 60 \u00b0C (without heating)<\/td>\n<\/tr>\n<tr>\n<td>Dimensions and weight<\/td>\n<td colspan=\"3\">\u00d8 approx. 150 mm, height approx. 170 mm \/ approx. 0.8 kg<\/td>\n<\/tr>\n<tr>\n<td>Protection type<\/td>\n<td colspan=\"3\">IP66<\/td>\n<\/tr>\n<tr>\n<td>Manufacturer<\/td>\n<td colspan=\"3\">G. Lufft Mess- und Regeltechnik GmbH<\/td>\n<\/tr>\n<\/tbody>\n<\/table>\n","protected":false},"excerpt":{"rendered":"<p><strong>Sifari\u015f n\u00f6mr\u0259si<\/strong><br \/>\nS85200H<\/p>\n<p>G\u00fccl\u00fc dizayn v\u0259 k\u00fcl\u0259yin s\u00fcr\u0259tinin, k\u00fcl\u0259yin istiqam\u0259tinin, hava t\u0259zyiqinin d\u0259qiq \u00f6l\u00e7\u00fclm\u0259si v\u0259 akustik virtual temperaturun hesablanmas\u0131<br \/>\nBax\u0131m t\u0259l\u0259b olunmur &#8211; mexaniki hiss\u0259l\u0259r yoxdur<br \/>\nB\u0259rpa olunan enerji t\u0259tbiql\u0259ri \u00fc\u00e7\u00fcn ideald\u0131r<br \/>\nSoyuq havalarda istifad\u0259 \u00fc\u00e7\u00fcn istilik<\/p>\n<p>&nbsp;<\/p>\n","protected":false},"featured_media":31144,"template":"","meta":[],"product_brand":[],"product_cat":[1336,1416,1453],"product_tag":[],"class_list":{"0":"post-31161","1":"product","2":"type-product","3":"status-publish","4":"has-post-thumbnail","6":"product_cat-brpa-olunan-enerji-kulk-v-guns-enerjisi-olcusu-az","7":"product_cat-kulk-sensoru","8":"product_cat-ultrasonik-anemometr","10":"first","11":"instock","12":"shipping-taxable","13":"product-type-simple"},"yoast_head":"<!-- This site is optimized with the Yoast SEO plugin v27.1.1 - https:\/\/yoast.com\/product\/yoast-seo-wordpress\/ -->\n<title>Ultrasonik Anemometr Lufft 2D Compact - V200A-UMB - Climate Master<\/title>\n<meta name=\"robots\" content=\"index, follow, max-snippet:-1, max-image-preview:large, max-video-preview:-1\" \/>\n<link rel=\"canonical\" href=\"https:\/\/climatemaster.ge\/az\/product\/ultrasonic-anemometer-lufft-2d-compact-v200a-umb\/\" \/>\n<meta property=\"og:locale\" content=\"az_AZ\" \/>\n<meta property=\"og:type\" content=\"article\" \/>\n<meta property=\"og:title\" content=\"Ultrasonik Anemometr Lufft 2D Compact - V200A-UMB - Climate Master\" \/>\n<meta property=\"og:description\" content=\"Sifari\u015f n\u00f6mr\u0259si S85200H  G\u00fccl\u00fc dizayn v\u0259 k\u00fcl\u0259yin s\u00fcr\u0259tinin, k\u00fcl\u0259yin istiqam\u0259tinin, hava t\u0259zyiqinin d\u0259qiq \u00f6l\u00e7\u00fclm\u0259si v\u0259 akustik virtual temperaturun hesablanmas\u0131 Bax\u0131m t\u0259l\u0259b olunmur - mexaniki hiss\u0259l\u0259r yoxdur B\u0259rpa olunan enerji t\u0259tbiql\u0259ri \u00fc\u00e7\u00fcn ideald\u0131r Soyuq havalarda istifad\u0259 \u00fc\u00e7\u00fcn istilik  &nbsp;\" \/>\n<meta property=\"og:url\" content=\"https:\/\/climatemaster.ge\/az\/product\/ultrasonic-anemometer-lufft-2d-compact-v200a-umb\/\" \/>\n<meta property=\"og:site_name\" content=\"Climate Master\" \/>\n<meta property=\"article:modified_time\" content=\"2025-05-11T11:29:20+00:00\" \/>\n<meta property=\"og:image\" content=\"https:\/\/climatemaster.ge\/wp-content\/uploads\/2025\/05\/ultrasonic-lufft-v200a.png__490x490_q85_crop_subsampling-2_upscale.png\" \/>\n\t<meta property=\"og:image:width\" content=\"490\" \/>\n\t<meta property=\"og:image:height\" content=\"490\" \/>\n\t<meta property=\"og:image:type\" content=\"image\/png\" \/>\n<meta name=\"twitter:card\" content=\"summary_large_image\" \/>\n<meta name=\"twitter:label1\" content=\"Est. reading time\" \/>\n\t<meta name=\"twitter:data1\" content=\"2 minutes\" \/>\n<script type=\"application\/ld+json\" class=\"yoast-schema-graph\">{\"@context\":\"https:\/\/schema.org\",\"@graph\":[{\"@type\":\"WebPage\",\"@id\":\"https:\/\/climatemaster.ge\/az\/product\/ultrasonic-anemometer-lufft-2d-compact-v200a-umb\/\",\"url\":\"https:\/\/climatemaster.ge\/az\/product\/ultrasonic-anemometer-lufft-2d-compact-v200a-umb\/\",\"name\":\"Ultrasonik Anemometr Lufft 2D Compact - V200A-UMB - Climate Master\",\"isPartOf\":{\"@id\":\"https:\/\/climatemaster.ge\/#website\"},\"primaryImageOfPage\":{\"@id\":\"https:\/\/climatemaster.ge\/az\/product\/ultrasonic-anemometer-lufft-2d-compact-v200a-umb\/#primaryimage\"},\"image\":{\"@id\":\"https:\/\/climatemaster.ge\/az\/product\/ultrasonic-anemometer-lufft-2d-compact-v200a-umb\/#primaryimage\"},\"thumbnailUrl\":\"https:\/\/climatemaster.ge\/wp-content\/uploads\/2025\/05\/ultrasonic-lufft-v200a.png__490x490_q85_crop_subsampling-2_upscale.png\",\"datePublished\":\"2025-05-11T11:18:27+00:00\",\"dateModified\":\"2025-05-11T11:29:20+00:00\",\"breadcrumb\":{\"@id\":\"https:\/\/climatemaster.ge\/az\/product\/ultrasonic-anemometer-lufft-2d-compact-v200a-umb\/#breadcrumb\"},\"inLanguage\":\"az\",\"potentialAction\":[{\"@type\":\"ReadAction\",\"target\":[\"https:\/\/climatemaster.ge\/az\/product\/ultrasonic-anemometer-lufft-2d-compact-v200a-umb\/\"]}]},{\"@type\":\"ImageObject\",\"inLanguage\":\"az\",\"@id\":\"https:\/\/climatemaster.ge\/az\/product\/ultrasonic-anemometer-lufft-2d-compact-v200a-umb\/#primaryimage\",\"url\":\"https:\/\/climatemaster.ge\/wp-content\/uploads\/2025\/05\/ultrasonic-lufft-v200a.png__490x490_q85_crop_subsampling-2_upscale.png\",\"contentUrl\":\"https:\/\/climatemaster.ge\/wp-content\/uploads\/2025\/05\/ultrasonic-lufft-v200a.png__490x490_q85_crop_subsampling-2_upscale.png\",\"width\":490,\"height\":490},{\"@type\":\"BreadcrumbList\",\"@id\":\"https:\/\/climatemaster.ge\/az\/product\/ultrasonic-anemometer-lufft-2d-compact-v200a-umb\/#breadcrumb\",\"itemListElement\":[{\"@type\":\"ListItem\",\"position\":1,\"name\":\"Home\",\"item\":\"https:\/\/climatemaster.ge\/\"},{\"@type\":\"ListItem\",\"position\":2,\"name\":\"M\u0259hsullar\",\"item\":\"https:\/\/climatemaster.ge\/products\/\"},{\"@type\":\"ListItem\",\"position\":3,\"name\":\"Ultrasonik Anemometr Lufft 2D Compact &#8211; V200A-UMB\"}]},{\"@type\":\"WebSite\",\"@id\":\"https:\/\/climatemaster.ge\/#website\",\"url\":\"https:\/\/climatemaster.ge\/\",\"name\":\"Climate Master\",\"description\":\"\",\"publisher\":{\"@id\":\"https:\/\/climatemaster.ge\/#organization\"},\"potentialAction\":[{\"@type\":\"SearchAction\",\"target\":{\"@type\":\"EntryPoint\",\"urlTemplate\":\"https:\/\/climatemaster.ge\/?s={search_term_string}\"},\"query-input\":{\"@type\":\"PropertyValueSpecification\",\"valueRequired\":true,\"valueName\":\"search_term_string\"}}],\"inLanguage\":\"az\"},{\"@type\":\"Organization\",\"@id\":\"https:\/\/climatemaster.ge\/#organization\",\"name\":\"Climate Master\",\"url\":\"https:\/\/climatemaster.ge\/\",\"logo\":{\"@type\":\"ImageObject\",\"inLanguage\":\"az\",\"@id\":\"https:\/\/climatemaster.ge\/#\/schema\/logo\/image\/\",\"url\":\"https:\/\/climatemaster.ge\/wp-content\/uploads\/2026\/03\/Untitled-2.png\",\"contentUrl\":\"https:\/\/climatemaster.ge\/wp-content\/uploads\/2026\/03\/Untitled-2.png\",\"width\":600,\"height\":338,\"caption\":\"Climate Master\"},\"image\":{\"@id\":\"https:\/\/climatemaster.ge\/#\/schema\/logo\/image\/\"}}]}<\/script>\n<!-- \/ Yoast SEO plugin. -->","yoast_head_json":{"title":"Ultrasonik Anemometr Lufft 2D Compact - V200A-UMB - Climate Master","robots":{"index":"index","follow":"follow","max-snippet":"max-snippet:-1","max-image-preview":"max-image-preview:large","max-video-preview":"max-video-preview:-1"},"canonical":"https:\/\/climatemaster.ge\/az\/product\/ultrasonic-anemometer-lufft-2d-compact-v200a-umb\/","og_locale":"az_AZ","og_type":"article","og_title":"Ultrasonik Anemometr Lufft 2D Compact - V200A-UMB - Climate Master","og_description":"Sifari\u015f n\u00f6mr\u0259si S85200H  G\u00fccl\u00fc dizayn v\u0259 k\u00fcl\u0259yin s\u00fcr\u0259tinin, k\u00fcl\u0259yin istiqam\u0259tinin, hava t\u0259zyiqinin d\u0259qiq \u00f6l\u00e7\u00fclm\u0259si v\u0259 akustik virtual temperaturun hesablanmas\u0131 Bax\u0131m t\u0259l\u0259b olunmur - mexaniki hiss\u0259l\u0259r yoxdur B\u0259rpa olunan enerji t\u0259tbiql\u0259ri \u00fc\u00e7\u00fcn ideald\u0131r Soyuq havalarda istifad\u0259 \u00fc\u00e7\u00fcn istilik  &nbsp;","og_url":"https:\/\/climatemaster.ge\/az\/product\/ultrasonic-anemometer-lufft-2d-compact-v200a-umb\/","og_site_name":"Climate Master","article_modified_time":"2025-05-11T11:29:20+00:00","og_image":[{"width":490,"height":490,"url":"https:\/\/climatemaster.ge\/wp-content\/uploads\/2025\/05\/ultrasonic-lufft-v200a.png__490x490_q85_crop_subsampling-2_upscale.png","type":"image\/png"}],"twitter_card":"summary_large_image","twitter_misc":{"Est. reading time":"2 minutes"},"schema":{"@context":"https:\/\/schema.org","@graph":[{"@type":"WebPage","@id":"https:\/\/climatemaster.ge\/az\/product\/ultrasonic-anemometer-lufft-2d-compact-v200a-umb\/","url":"https:\/\/climatemaster.ge\/az\/product\/ultrasonic-anemometer-lufft-2d-compact-v200a-umb\/","name":"Ultrasonik Anemometr Lufft 2D Compact - V200A-UMB - Climate Master","isPartOf":{"@id":"https:\/\/climatemaster.ge\/#website"},"primaryImageOfPage":{"@id":"https:\/\/climatemaster.ge\/az\/product\/ultrasonic-anemometer-lufft-2d-compact-v200a-umb\/#primaryimage"},"image":{"@id":"https:\/\/climatemaster.ge\/az\/product\/ultrasonic-anemometer-lufft-2d-compact-v200a-umb\/#primaryimage"},"thumbnailUrl":"https:\/\/climatemaster.ge\/wp-content\/uploads\/2025\/05\/ultrasonic-lufft-v200a.png__490x490_q85_crop_subsampling-2_upscale.png","datePublished":"2025-05-11T11:18:27+00:00","dateModified":"2025-05-11T11:29:20+00:00","breadcrumb":{"@id":"https:\/\/climatemaster.ge\/az\/product\/ultrasonic-anemometer-lufft-2d-compact-v200a-umb\/#breadcrumb"},"inLanguage":"az","potentialAction":[{"@type":"ReadAction","target":["https:\/\/climatemaster.ge\/az\/product\/ultrasonic-anemometer-lufft-2d-compact-v200a-umb\/"]}]},{"@type":"ImageObject","inLanguage":"az","@id":"https:\/\/climatemaster.ge\/az\/product\/ultrasonic-anemometer-lufft-2d-compact-v200a-umb\/#primaryimage","url":"https:\/\/climatemaster.ge\/wp-content\/uploads\/2025\/05\/ultrasonic-lufft-v200a.png__490x490_q85_crop_subsampling-2_upscale.png","contentUrl":"https:\/\/climatemaster.ge\/wp-content\/uploads\/2025\/05\/ultrasonic-lufft-v200a.png__490x490_q85_crop_subsampling-2_upscale.png","width":490,"height":490},{"@type":"BreadcrumbList","@id":"https:\/\/climatemaster.ge\/az\/product\/ultrasonic-anemometer-lufft-2d-compact-v200a-umb\/#breadcrumb","itemListElement":[{"@type":"ListItem","position":1,"name":"Home","item":"https:\/\/climatemaster.ge\/"},{"@type":"ListItem","position":2,"name":"M\u0259hsullar","item":"https:\/\/climatemaster.ge\/products\/"},{"@type":"ListItem","position":3,"name":"Ultrasonik Anemometr Lufft 2D Compact &#8211; V200A-UMB"}]},{"@type":"WebSite","@id":"https:\/\/climatemaster.ge\/#website","url":"https:\/\/climatemaster.ge\/","name":"Climate Master","description":"","publisher":{"@id":"https:\/\/climatemaster.ge\/#organization"},"potentialAction":[{"@type":"SearchAction","target":{"@type":"EntryPoint","urlTemplate":"https:\/\/climatemaster.ge\/?s={search_term_string}"},"query-input":{"@type":"PropertyValueSpecification","valueRequired":true,"valueName":"search_term_string"}}],"inLanguage":"az"},{"@type":"Organization","@id":"https:\/\/climatemaster.ge\/#organization","name":"Climate Master","url":"https:\/\/climatemaster.ge\/","logo":{"@type":"ImageObject","inLanguage":"az","@id":"https:\/\/climatemaster.ge\/#\/schema\/logo\/image\/","url":"https:\/\/climatemaster.ge\/wp-content\/uploads\/2026\/03\/Untitled-2.png","contentUrl":"https:\/\/climatemaster.ge\/wp-content\/uploads\/2026\/03\/Untitled-2.png","width":600,"height":338,"caption":"Climate Master"},"image":{"@id":"https:\/\/climatemaster.ge\/#\/schema\/logo\/image\/"}}]}},"_links":{"self":[{"href":"https:\/\/climatemaster.ge\/az\/wp-json\/wp\/v2\/product\/31161","targetHints":{"allow":["GET"]}}],"collection":[{"href":"https:\/\/climatemaster.ge\/az\/wp-json\/wp\/v2\/product"}],"about":[{"href":"https:\/\/climatemaster.ge\/az\/wp-json\/wp\/v2\/types\/product"}],"wp:featuredmedia":[{"embeddable":true,"href":"https:\/\/climatemaster.ge\/az\/wp-json\/wp\/v2\/media\/31144"}],"wp:attachment":[{"href":"https:\/\/climatemaster.ge\/az\/wp-json\/wp\/v2\/media?parent=31161"}],"wp:term":[{"taxonomy":"product_brand","embeddable":true,"href":"https:\/\/climatemaster.ge\/az\/wp-json\/wp\/v2\/product_brand?post=31161"},{"taxonomy":"product_cat","embeddable":true,"href":"https:\/\/climatemaster.ge\/az\/wp-json\/wp\/v2\/product_cat?post=31161"},{"taxonomy":"product_tag","embeddable":true,"href":"https:\/\/climatemaster.ge\/az\/wp-json\/wp\/v2\/product_tag?post=31161"}],"curies":[{"name":"wp","href":"https:\/\/api.w.org\/{rel}","templated":true}]}}