{"id":31116,"date":"2025-05-11T12:43:37","date_gmt":"2025-05-11T08:43:37","guid":{"rendered":"https:\/\/airsystems.ge\/shop\/product\/bird-protection-ring-for-precipitation-sensor-young\/"},"modified":"2025-05-11T12:45:39","modified_gmt":"2025-05-11T08:45:39","slug":"bird-protection-ring-for-precipitation-sensor-young","status":"publish","type":"product","link":"https:\/\/climatemaster.ge\/az\/product\/bird-protection-ring-for-precipitation-sensor-young\/","title":{"rendered":"Ya\u011f\u0131\u015f Sensoru G\u0259nc \u00fc\u00e7\u00fcn Qu\u015f Qoruma \u00dcz\u00fcy\u00fc"},"content":{"rendered":"","protected":false},"excerpt":{"rendered":"<h3>Sifari\u015f n\u00f6mr\u0259si<\/h3>\n<p>S73000<\/p>\n","protected":false},"featured_media":31111,"template":"","meta":[],"product_brand":[],"product_cat":[1336,1416,1447],"product_tag":[],"class_list":{"0":"post-31116","1":"product","2":"type-product","3":"status-publish","4":"has-post-thumbnail","6":"product_cat-brpa-olunan-enerji-kulk-v-guns-enerjisi-olcusu-az","7":"product_cat-kulk-sensoru","8":"product_cat-yagis-sensoru","10":"first","11":"instock","12":"shipping-taxable","13":"product-type-simple"},"yoast_head":"<!-- This site is optimized with the Yoast SEO plugin v27.1.1 - https:\/\/yoast.com\/product\/yoast-seo-wordpress\/ -->\n<title>Ya\u011f\u0131\u015f Sensoru G\u0259nc \u00fc\u00e7\u00fcn Qu\u015f Qoruma \u00dcz\u00fcy\u00fc - Climate Master<\/title>\n<meta name=\"robots\" content=\"index, follow, max-snippet:-1, max-image-preview:large, max-video-preview:-1\" \/>\n<link rel=\"canonical\" href=\"https:\/\/climatemaster.ge\/az\/product\/bird-protection-ring-for-precipitation-sensor-young\/\" \/>\n<meta property=\"og:locale\" content=\"az_AZ\" \/>\n<meta property=\"og:type\" content=\"article\" \/>\n<meta property=\"og:title\" content=\"Ya\u011f\u0131\u015f Sensoru G\u0259nc \u00fc\u00e7\u00fcn Qu\u015f Qoruma \u00dcz\u00fcy\u00fc - Climate Master\" \/>\n<meta property=\"og:description\" content=\"Sifari\u015f n\u00f6mr\u0259si S73000\" \/>\n<meta property=\"og:url\" content=\"https:\/\/climatemaster.ge\/az\/product\/bird-protection-ring-for-precipitation-sensor-young\/\" \/>\n<meta property=\"og:site_name\" content=\"Climate Master\" \/>\n<meta property=\"article:modified_time\" content=\"2025-05-11T08:45:39+00:00\" \/>\n<meta property=\"og:image\" content=\"https:\/\/climatemaster.ge\/wp-content\/uploads\/2025\/05\/bird_protection_ring_precitipation_sensor_young.jpg__490x490_q85_crop_subsampling-2_upscale.jpg\" \/>\n\t<meta property=\"og:image:width\" content=\"490\" \/>\n\t<meta property=\"og:image:height\" content=\"490\" \/>\n\t<meta property=\"og:image:type\" content=\"image\/jpeg\" \/>\n<meta name=\"twitter:card\" content=\"summary_large_image\" \/>\n<script type=\"application\/ld+json\" class=\"yoast-schema-graph\">{\"@context\":\"https:\/\/schema.org\",\"@graph\":[{\"@type\":\"WebPage\",\"@id\":\"https:\/\/climatemaster.ge\/az\/product\/bird-protection-ring-for-precipitation-sensor-young\/\",\"url\":\"https:\/\/climatemaster.ge\/az\/product\/bird-protection-ring-for-precipitation-sensor-young\/\",\"name\":\"Ya\u011f\u0131\u015f Sensoru G\u0259nc \u00fc\u00e7\u00fcn Qu\u015f Qoruma \u00dcz\u00fcy\u00fc - Climate Master\",\"isPartOf\":{\"@id\":\"https:\/\/climatemaster.ge\/#website\"},\"primaryImageOfPage\":{\"@id\":\"https:\/\/climatemaster.ge\/az\/product\/bird-protection-ring-for-precipitation-sensor-young\/#primaryimage\"},\"image\":{\"@id\":\"https:\/\/climatemaster.ge\/az\/product\/bird-protection-ring-for-precipitation-sensor-young\/#primaryimage\"},\"thumbnailUrl\":\"https:\/\/climatemaster.ge\/wp-content\/uploads\/2025\/05\/bird_protection_ring_precitipation_sensor_young.jpg__490x490_q85_crop_subsampling-2_upscale.jpg\",\"datePublished\":\"2025-05-11T08:43:37+00:00\",\"dateModified\":\"2025-05-11T08:45:39+00:00\",\"breadcrumb\":{\"@id\":\"https:\/\/climatemaster.ge\/az\/product\/bird-protection-ring-for-precipitation-sensor-young\/#breadcrumb\"},\"inLanguage\":\"az\",\"potentialAction\":[{\"@type\":\"ReadAction\",\"target\":[\"https:\/\/climatemaster.ge\/az\/product\/bird-protection-ring-for-precipitation-sensor-young\/\"]}]},{\"@type\":\"ImageObject\",\"inLanguage\":\"az\",\"@id\":\"https:\/\/climatemaster.ge\/az\/product\/bird-protection-ring-for-precipitation-sensor-young\/#primaryimage\",\"url\":\"https:\/\/climatemaster.ge\/wp-content\/uploads\/2025\/05\/bird_protection_ring_precitipation_sensor_young.jpg__490x490_q85_crop_subsampling-2_upscale.jpg\",\"contentUrl\":\"https:\/\/climatemaster.ge\/wp-content\/uploads\/2025\/05\/bird_protection_ring_precitipation_sensor_young.jpg__490x490_q85_crop_subsampling-2_upscale.jpg\",\"width\":490,\"height\":490},{\"@type\":\"BreadcrumbList\",\"@id\":\"https:\/\/climatemaster.ge\/az\/product\/bird-protection-ring-for-precipitation-sensor-young\/#breadcrumb\",\"itemListElement\":[{\"@type\":\"ListItem\",\"position\":1,\"name\":\"Home\",\"item\":\"https:\/\/climatemaster.ge\/\"},{\"@type\":\"ListItem\",\"position\":2,\"name\":\"M\u0259hsullar\",\"item\":\"https:\/\/climatemaster.ge\/products\/\"},{\"@type\":\"ListItem\",\"position\":3,\"name\":\"Ya\u011f\u0131\u015f Sensoru G\u0259nc \u00fc\u00e7\u00fcn Qu\u015f Qoruma \u00dcz\u00fcy\u00fc\"}]},{\"@type\":\"WebSite\",\"@id\":\"https:\/\/climatemaster.ge\/#website\",\"url\":\"https:\/\/climatemaster.ge\/\",\"name\":\"Climate Master\",\"description\":\"\",\"publisher\":{\"@id\":\"https:\/\/climatemaster.ge\/#organization\"},\"potentialAction\":[{\"@type\":\"SearchAction\",\"target\":{\"@type\":\"EntryPoint\",\"urlTemplate\":\"https:\/\/climatemaster.ge\/?s={search_term_string}\"},\"query-input\":{\"@type\":\"PropertyValueSpecification\",\"valueRequired\":true,\"valueName\":\"search_term_string\"}}],\"inLanguage\":\"az\"},{\"@type\":\"Organization\",\"@id\":\"https:\/\/climatemaster.ge\/#organization\",\"name\":\"Climate Master\",\"url\":\"https:\/\/climatemaster.ge\/\",\"logo\":{\"@type\":\"ImageObject\",\"inLanguage\":\"az\",\"@id\":\"https:\/\/climatemaster.ge\/#\/schema\/logo\/image\/\",\"url\":\"https:\/\/climatemaster.ge\/wp-content\/uploads\/2026\/03\/Untitled-2.png\",\"contentUrl\":\"https:\/\/climatemaster.ge\/wp-content\/uploads\/2026\/03\/Untitled-2.png\",\"width\":600,\"height\":338,\"caption\":\"Climate Master\"},\"image\":{\"@id\":\"https:\/\/climatemaster.ge\/#\/schema\/logo\/image\/\"}}]}<\/script>\n<!-- \/ Yoast SEO plugin. -->","yoast_head_json":{"title":"Ya\u011f\u0131\u015f Sensoru G\u0259nc \u00fc\u00e7\u00fcn Qu\u015f Qoruma \u00dcz\u00fcy\u00fc - Climate Master","robots":{"index":"index","follow":"follow","max-snippet":"max-snippet:-1","max-image-preview":"max-image-preview:large","max-video-preview":"max-video-preview:-1"},"canonical":"https:\/\/climatemaster.ge\/az\/product\/bird-protection-ring-for-precipitation-sensor-young\/","og_locale":"az_AZ","og_type":"article","og_title":"Ya\u011f\u0131\u015f Sensoru G\u0259nc \u00fc\u00e7\u00fcn Qu\u015f Qoruma \u00dcz\u00fcy\u00fc - Climate Master","og_description":"Sifari\u015f n\u00f6mr\u0259si S73000","og_url":"https:\/\/climatemaster.ge\/az\/product\/bird-protection-ring-for-precipitation-sensor-young\/","og_site_name":"Climate Master","article_modified_time":"2025-05-11T08:45:39+00:00","og_image":[{"width":490,"height":490,"url":"https:\/\/climatemaster.ge\/wp-content\/uploads\/2025\/05\/bird_protection_ring_precitipation_sensor_young.jpg__490x490_q85_crop_subsampling-2_upscale.jpg","type":"image\/jpeg"}],"twitter_card":"summary_large_image","schema":{"@context":"https:\/\/schema.org","@graph":[{"@type":"WebPage","@id":"https:\/\/climatemaster.ge\/az\/product\/bird-protection-ring-for-precipitation-sensor-young\/","url":"https:\/\/climatemaster.ge\/az\/product\/bird-protection-ring-for-precipitation-sensor-young\/","name":"Ya\u011f\u0131\u015f Sensoru G\u0259nc \u00fc\u00e7\u00fcn Qu\u015f Qoruma \u00dcz\u00fcy\u00fc - Climate Master","isPartOf":{"@id":"https:\/\/climatemaster.ge\/#website"},"primaryImageOfPage":{"@id":"https:\/\/climatemaster.ge\/az\/product\/bird-protection-ring-for-precipitation-sensor-young\/#primaryimage"},"image":{"@id":"https:\/\/climatemaster.ge\/az\/product\/bird-protection-ring-for-precipitation-sensor-young\/#primaryimage"},"thumbnailUrl":"https:\/\/climatemaster.ge\/wp-content\/uploads\/2025\/05\/bird_protection_ring_precitipation_sensor_young.jpg__490x490_q85_crop_subsampling-2_upscale.jpg","datePublished":"2025-05-11T08:43:37+00:00","dateModified":"2025-05-11T08:45:39+00:00","breadcrumb":{"@id":"https:\/\/climatemaster.ge\/az\/product\/bird-protection-ring-for-precipitation-sensor-young\/#breadcrumb"},"inLanguage":"az","potentialAction":[{"@type":"ReadAction","target":["https:\/\/climatemaster.ge\/az\/product\/bird-protection-ring-for-precipitation-sensor-young\/"]}]},{"@type":"ImageObject","inLanguage":"az","@id":"https:\/\/climatemaster.ge\/az\/product\/bird-protection-ring-for-precipitation-sensor-young\/#primaryimage","url":"https:\/\/climatemaster.ge\/wp-content\/uploads\/2025\/05\/bird_protection_ring_precitipation_sensor_young.jpg__490x490_q85_crop_subsampling-2_upscale.jpg","contentUrl":"https:\/\/climatemaster.ge\/wp-content\/uploads\/2025\/05\/bird_protection_ring_precitipation_sensor_young.jpg__490x490_q85_crop_subsampling-2_upscale.jpg","width":490,"height":490},{"@type":"BreadcrumbList","@id":"https:\/\/climatemaster.ge\/az\/product\/bird-protection-ring-for-precipitation-sensor-young\/#breadcrumb","itemListElement":[{"@type":"ListItem","position":1,"name":"Home","item":"https:\/\/climatemaster.ge\/"},{"@type":"ListItem","position":2,"name":"M\u0259hsullar","item":"https:\/\/climatemaster.ge\/products\/"},{"@type":"ListItem","position":3,"name":"Ya\u011f\u0131\u015f Sensoru G\u0259nc \u00fc\u00e7\u00fcn Qu\u015f Qoruma \u00dcz\u00fcy\u00fc"}]},{"@type":"WebSite","@id":"https:\/\/climatemaster.ge\/#website","url":"https:\/\/climatemaster.ge\/","name":"Climate Master","description":"","publisher":{"@id":"https:\/\/climatemaster.ge\/#organization"},"potentialAction":[{"@type":"SearchAction","target":{"@type":"EntryPoint","urlTemplate":"https:\/\/climatemaster.ge\/?s={search_term_string}"},"query-input":{"@type":"PropertyValueSpecification","valueRequired":true,"valueName":"search_term_string"}}],"inLanguage":"az"},{"@type":"Organization","@id":"https:\/\/climatemaster.ge\/#organization","name":"Climate Master","url":"https:\/\/climatemaster.ge\/","logo":{"@type":"ImageObject","inLanguage":"az","@id":"https:\/\/climatemaster.ge\/#\/schema\/logo\/image\/","url":"https:\/\/climatemaster.ge\/wp-content\/uploads\/2026\/03\/Untitled-2.png","contentUrl":"https:\/\/climatemaster.ge\/wp-content\/uploads\/2026\/03\/Untitled-2.png","width":600,"height":338,"caption":"Climate Master"},"image":{"@id":"https:\/\/climatemaster.ge\/#\/schema\/logo\/image\/"}}]}},"_links":{"self":[{"href":"https:\/\/climatemaster.ge\/az\/wp-json\/wp\/v2\/product\/31116","targetHints":{"allow":["GET"]}}],"collection":[{"href":"https:\/\/climatemaster.ge\/az\/wp-json\/wp\/v2\/product"}],"about":[{"href":"https:\/\/climatemaster.ge\/az\/wp-json\/wp\/v2\/types\/product"}],"wp:featuredmedia":[{"embeddable":true,"href":"https:\/\/climatemaster.ge\/az\/wp-json\/wp\/v2\/media\/31111"}],"wp:attachment":[{"href":"https:\/\/climatemaster.ge\/az\/wp-json\/wp\/v2\/media?parent=31116"}],"wp:term":[{"taxonomy":"product_brand","embeddable":true,"href":"https:\/\/climatemaster.ge\/az\/wp-json\/wp\/v2\/product_brand?post=31116"},{"taxonomy":"product_cat","embeddable":true,"href":"https:\/\/climatemaster.ge\/az\/wp-json\/wp\/v2\/product_cat?post=31116"},{"taxonomy":"product_tag","embeddable":true,"href":"https:\/\/climatemaster.ge\/az\/wp-json\/wp\/v2\/product_tag?post=31116"}],"curies":[{"name":"wp","href":"https:\/\/api.w.org\/{rel}","templated":true}]}}