{"id":31061,"date":"2025-05-11T12:14:40","date_gmt":"2025-05-11T08:14:40","guid":{"rendered":"https:\/\/airsystems.ge\/shop\/product\/air-pressure-sensor-thies\/"},"modified":"2025-05-11T12:17:09","modified_gmt":"2025-05-11T08:17:09","slug":"air-pressure-sensor-thies","status":"publish","type":"product","link":"https:\/\/climatemaster.ge\/az\/product\/air-pressure-sensor-thies\/","title":{"rendered":"Hava T\u0259zyiq Sensoru Thies"},"content":{"rendered":"<ul>\n<li>Piezoelektrik barometrik t\u0259zyiq sensoru<br \/>\nY\u00fcks\u0259k d\u0259qiqlik 0,3 hPa @ 25 \u00b0C<br \/>\n\u00d6l\u00e7m\u0259 diapazonu 600 &#8230; 1060 hPa<br \/>\nTez cavab ver\u0259n davran\u0131\u015f<br \/>\nUzunm\u00fcdd\u0259tli m\u00f6hk\u0259mlik<\/p>\n<p>Sensor barometrik hava t\u0259zyiqini \u00f6l\u00e7\u00fcr. Al\u0259t y\u00fcks\u0259k d\u0259qiqlik, tez reaksiya ver\u0259n davran\u0131\u015f, uzunm\u00fcdd\u0259tli m\u00f6hk\u0259mlik v\u0259 etibarl\u0131l\u0131\u011f\u0131n t\u0259l\u0259b olundu\u011fu meteorologiya v\u0259 \u0259traf m\u00fchitin m\u00fchafiz\u0259si sah\u0259sind\u0259 t\u0259tbiq \u00fc\u00e7\u00fcn n\u0259z\u0259rd\u0259 tutulmu\u015fdur. Barometrik t\u0259zyiq sensoru \u201cM\u00dcTL\u018fQ HAVA T\u018fZYHINI\u201d \u00f6l\u00e7\u00fcr.<\/p>\n<p>\u00d6l\u00e7m\u0259 n\u0259tic\u0259l\u0259ri 3 m\u00fcxt\u0259lif formada m\u00f6vcuddur<\/p>\n<p>1. Analoq g\u0259rginlik \u00e7\u0131x\u0131\u015f\u0131: 0 V &#8230; 5 V (Standart\/standart konfiqurasiya)<br \/>\nyaln\u0131z ist\u0259y\u0259 g\u00f6r\u0259, x\u00fcsusi konfiqurasiya laz\u0131md\u0131r<br \/>\n2. Tezlik \u00e7\u0131x\u0131\u015f\u0131: 300 Hz &#8230; 1100 Hz<br \/>\n3. R\u0259q\u0259msal \u00e7\u0131x\u0131\u015f: RS485<\/p>\n<p>Sensor m\u00fck\u0259mm\u0259l istilik v\u0259 mexaniki g\u00f6st\u0259ricil\u0259ri g\u00f6st\u0259r\u0259n temperli, piezoelektrik m\u00fctl\u0259q t\u0259zyiq sensorudur.<br \/>\nsabitlik.<\/li>\n<\/ul>\n<p>&nbsp;<\/p>\n<table border=\"1\" width=\"596\" cellspacing=\"1\" cellpadding=\"1\">\n<thead>\n<tr>\n<th scope=\"col\"><span style=\"font-weight: 400;\">Characteristic<\/span><\/th>\n<th scope=\"col\"><span style=\"font-weight: 400;\">Value<\/span><\/th>\n<\/tr>\n<\/thead>\n<tbody>\n<tr>\n<td>Measuring range<\/td>\n<td>600 hPa &#8230; 1060 hPa<\/td>\n<\/tr>\n<tr>\n<td>Resolution<\/td>\n<td>0.001 hPa<\/td>\n<\/tr>\n<tr>\n<td>Accuracy with sensor heating<\/td>\n<td>\u00b1 0.25 hPa<\/td>\n<\/tr>\n<tr>\n<td>Accuracy without sensor heating<\/td>\n<td>\u00b1 0.3 hPa @ 25\u00b0C<br \/>\n\u00b1 1.1 hPa @ -20\u00b0C to 65\u00b0C<\/td>\n<\/tr>\n<tr>\n<td>Long-term stability<\/td>\n<td>\u00b1 0.1 hPa\/year<\/td>\n<\/tr>\n<tr>\n<td>Pressure sensor heating control temperature<\/td>\n<td>50\u00b0C \u00b11\u00b0K<\/td>\n<\/tr>\n<tr>\n<td>Supply voltage<\/td>\n<td>9 V DC &#8230; 24 V DC<\/td>\n<\/tr>\n<tr>\n<td>Current Consumption @ 12 V DC<\/td>\n<td>&lt; 5 mA (with default configuration: heating off)<\/td>\n<\/tr>\n<tr>\n<td colspan=\"2\">Electrical Outputs<\/td>\n<\/tr>\n<tr>\n<td>Analog voltage output<\/td>\n<td>0 V &#8230; 5 V corresponding to 600 hPa &#8230; 1060 hPa<\/td>\n<\/tr>\n<tr>\n<td>Frequency output<\/td>\n<td>Open collector with internal pull up resistor<\/td>\n<\/tr>\n<tr>\n<td>Output voltage levels of frequency output<\/td>\n<td>Low: 0 V, high: 3 V<\/td>\n<\/tr>\n<tr>\n<td>Frequency range<\/td>\n<td>260 &#8230; 1260 Hz (corresponding to 260 &#8230; 1260 hPa)<\/td>\n<\/tr>\n<tr>\n<td>Serial interface RS485<\/td>\n<td>Half duplex (two wire)<\/td>\n<\/tr>\n<tr>\n<td>Communication protocol<\/td>\n<td>Thies ASCII<\/td>\n<\/tr>\n<tr>\n<td>Supported baudrates<\/td>\n<td>1200, 2400, 4800, 9600, 19200, 38400, 57600, 115200<\/td>\n<\/tr>\n<tr>\n<td>Recommended baudrate for Meteo-40 plus<\/td>\n<td>38400<\/td>\n<\/tr>\n<tr>\n<td>Data format<\/td>\n<td>8N1<\/td>\n<\/tr>\n<tr>\n<td colspan=\"2\">General<\/td>\n<\/tr>\n<tr>\n<td>Temperature range<\/td>\n<td>-40 &#8230; +65 \u00b0C<\/td>\n<\/tr>\n<tr>\n<td>Storage temperature<\/td>\n<td>-30 &#8230; +70\u00b0C<\/td>\n<\/tr>\n<tr>\n<td>Humidity range<\/td>\n<td>non-condensing<\/td>\n<\/tr>\n<tr>\n<td>Dimensions<\/td>\n<td>82 x 80 x 57 mm (see dimensional drawing)<\/td>\n<\/tr>\n<tr>\n<td>Weight<\/td>\n<td>approx. 150 g<\/td>\n<\/tr>\n<tr>\n<td>Connection<\/td>\n<td>Screwed cable gland M16 x 1.5 and 8-pole terminal strip<\/td>\n<\/tr>\n<tr>\n<td>Housing<\/td>\n<td>Polycarbonat<\/td>\n<\/tr>\n<tr>\n<td>Housing classification<\/td>\n<td>IP 54 (in-use position)<\/td>\n<\/tr>\n<tr>\n<td>Outdoor housing (on request)<\/td>\n<td>IP 67<\/td>\n<\/tr>\n<tr>\n<td>Manufacturer<\/td>\n<td>Thies Clima<\/td>\n<\/tr>\n<tr>\n<td>Accessory<\/td>\n<td>For RS485 output: Module set M83575 (incl. isolated repeater)<\/td>\n<\/tr>\n<\/tbody>\n<\/table>\n","protected":false},"excerpt":{"rendered":"<h3>Sifari\u015f n\u00f6mr\u0259si<\/h3>\n<p>S33100A<\/p>\n","protected":false},"featured_media":31056,"template":"","meta":[],"product_brand":[],"product_cat":[1336,1439,1416],"product_tag":[],"class_list":{"0":"post-31061","1":"product","2":"type-product","3":"status-publish","4":"has-post-thumbnail","6":"product_cat-brpa-olunan-enerji-kulk-v-guns-enerjisi-olcusu-az","7":"product_cat-air-pressure-sensors-az","8":"product_cat-kulk-sensoru","10":"first","11":"instock","12":"shipping-taxable","13":"product-type-simple"},"yoast_head":"<!-- This site is optimized with the Yoast SEO plugin v27.1.1 - https:\/\/yoast.com\/product\/yoast-seo-wordpress\/ -->\n<title>Hava T\u0259zyiq Sensoru Thies - Climate Master<\/title>\n<meta name=\"robots\" content=\"index, follow, max-snippet:-1, max-image-preview:large, max-video-preview:-1\" \/>\n<link rel=\"canonical\" href=\"https:\/\/climatemaster.ge\/az\/product\/air-pressure-sensor-thies\/\" \/>\n<meta property=\"og:locale\" content=\"az_AZ\" \/>\n<meta property=\"og:type\" content=\"article\" \/>\n<meta property=\"og:title\" content=\"Hava T\u0259zyiq Sensoru Thies - Climate Master\" \/>\n<meta property=\"og:description\" content=\"Sifari\u015f n\u00f6mr\u0259si S33100A\" \/>\n<meta property=\"og:url\" content=\"https:\/\/climatemaster.ge\/az\/product\/air-pressure-sensor-thies\/\" \/>\n<meta property=\"og:site_name\" content=\"Climate Master\" \/>\n<meta property=\"article:modified_time\" content=\"2025-05-11T08:17:09+00:00\" \/>\n<meta property=\"og:image\" content=\"https:\/\/climatemaster.ge\/wp-content\/uploads\/2025\/05\/air_pressure_sensor-thies.jpg__490x490_q85_crop_subsampling-2_upscale.jpg\" \/>\n\t<meta property=\"og:image:width\" content=\"490\" \/>\n\t<meta property=\"og:image:height\" content=\"490\" \/>\n\t<meta property=\"og:image:type\" content=\"image\/jpeg\" \/>\n<meta name=\"twitter:card\" content=\"summary_large_image\" \/>\n<meta name=\"twitter:label1\" content=\"Est. reading time\" \/>\n\t<meta name=\"twitter:data1\" content=\"2 minutes\" \/>\n<script type=\"application\/ld+json\" class=\"yoast-schema-graph\">{\"@context\":\"https:\/\/schema.org\",\"@graph\":[{\"@type\":\"WebPage\",\"@id\":\"https:\/\/climatemaster.ge\/az\/product\/air-pressure-sensor-thies\/\",\"url\":\"https:\/\/climatemaster.ge\/az\/product\/air-pressure-sensor-thies\/\",\"name\":\"Hava T\u0259zyiq Sensoru Thies - Climate Master\",\"isPartOf\":{\"@id\":\"https:\/\/climatemaster.ge\/#website\"},\"primaryImageOfPage\":{\"@id\":\"https:\/\/climatemaster.ge\/az\/product\/air-pressure-sensor-thies\/#primaryimage\"},\"image\":{\"@id\":\"https:\/\/climatemaster.ge\/az\/product\/air-pressure-sensor-thies\/#primaryimage\"},\"thumbnailUrl\":\"https:\/\/climatemaster.ge\/wp-content\/uploads\/2025\/05\/air_pressure_sensor-thies.jpg__490x490_q85_crop_subsampling-2_upscale.jpg\",\"datePublished\":\"2025-05-11T08:14:40+00:00\",\"dateModified\":\"2025-05-11T08:17:09+00:00\",\"breadcrumb\":{\"@id\":\"https:\/\/climatemaster.ge\/az\/product\/air-pressure-sensor-thies\/#breadcrumb\"},\"inLanguage\":\"az\",\"potentialAction\":[{\"@type\":\"ReadAction\",\"target\":[\"https:\/\/climatemaster.ge\/az\/product\/air-pressure-sensor-thies\/\"]}]},{\"@type\":\"ImageObject\",\"inLanguage\":\"az\",\"@id\":\"https:\/\/climatemaster.ge\/az\/product\/air-pressure-sensor-thies\/#primaryimage\",\"url\":\"https:\/\/climatemaster.ge\/wp-content\/uploads\/2025\/05\/air_pressure_sensor-thies.jpg__490x490_q85_crop_subsampling-2_upscale.jpg\",\"contentUrl\":\"https:\/\/climatemaster.ge\/wp-content\/uploads\/2025\/05\/air_pressure_sensor-thies.jpg__490x490_q85_crop_subsampling-2_upscale.jpg\",\"width\":490,\"height\":490},{\"@type\":\"BreadcrumbList\",\"@id\":\"https:\/\/climatemaster.ge\/az\/product\/air-pressure-sensor-thies\/#breadcrumb\",\"itemListElement\":[{\"@type\":\"ListItem\",\"position\":1,\"name\":\"Home\",\"item\":\"https:\/\/climatemaster.ge\/\"},{\"@type\":\"ListItem\",\"position\":2,\"name\":\"M\u0259hsullar\",\"item\":\"https:\/\/climatemaster.ge\/products\/\"},{\"@type\":\"ListItem\",\"position\":3,\"name\":\"Hava T\u0259zyiq Sensoru Thies\"}]},{\"@type\":\"WebSite\",\"@id\":\"https:\/\/climatemaster.ge\/#website\",\"url\":\"https:\/\/climatemaster.ge\/\",\"name\":\"Climate Master\",\"description\":\"\",\"publisher\":{\"@id\":\"https:\/\/climatemaster.ge\/#organization\"},\"potentialAction\":[{\"@type\":\"SearchAction\",\"target\":{\"@type\":\"EntryPoint\",\"urlTemplate\":\"https:\/\/climatemaster.ge\/?s={search_term_string}\"},\"query-input\":{\"@type\":\"PropertyValueSpecification\",\"valueRequired\":true,\"valueName\":\"search_term_string\"}}],\"inLanguage\":\"az\"},{\"@type\":\"Organization\",\"@id\":\"https:\/\/climatemaster.ge\/#organization\",\"name\":\"Climate Master\",\"url\":\"https:\/\/climatemaster.ge\/\",\"logo\":{\"@type\":\"ImageObject\",\"inLanguage\":\"az\",\"@id\":\"https:\/\/climatemaster.ge\/#\/schema\/logo\/image\/\",\"url\":\"https:\/\/climatemaster.ge\/wp-content\/uploads\/2026\/03\/Untitled-2.png\",\"contentUrl\":\"https:\/\/climatemaster.ge\/wp-content\/uploads\/2026\/03\/Untitled-2.png\",\"width\":600,\"height\":338,\"caption\":\"Climate Master\"},\"image\":{\"@id\":\"https:\/\/climatemaster.ge\/#\/schema\/logo\/image\/\"}}]}<\/script>\n<!-- \/ Yoast SEO plugin. -->","yoast_head_json":{"title":"Hava T\u0259zyiq Sensoru Thies - Climate Master","robots":{"index":"index","follow":"follow","max-snippet":"max-snippet:-1","max-image-preview":"max-image-preview:large","max-video-preview":"max-video-preview:-1"},"canonical":"https:\/\/climatemaster.ge\/az\/product\/air-pressure-sensor-thies\/","og_locale":"az_AZ","og_type":"article","og_title":"Hava T\u0259zyiq Sensoru Thies - Climate Master","og_description":"Sifari\u015f n\u00f6mr\u0259si S33100A","og_url":"https:\/\/climatemaster.ge\/az\/product\/air-pressure-sensor-thies\/","og_site_name":"Climate Master","article_modified_time":"2025-05-11T08:17:09+00:00","og_image":[{"width":490,"height":490,"url":"https:\/\/climatemaster.ge\/wp-content\/uploads\/2025\/05\/air_pressure_sensor-thies.jpg__490x490_q85_crop_subsampling-2_upscale.jpg","type":"image\/jpeg"}],"twitter_card":"summary_large_image","twitter_misc":{"Est. reading time":"2 minutes"},"schema":{"@context":"https:\/\/schema.org","@graph":[{"@type":"WebPage","@id":"https:\/\/climatemaster.ge\/az\/product\/air-pressure-sensor-thies\/","url":"https:\/\/climatemaster.ge\/az\/product\/air-pressure-sensor-thies\/","name":"Hava T\u0259zyiq Sensoru Thies - Climate Master","isPartOf":{"@id":"https:\/\/climatemaster.ge\/#website"},"primaryImageOfPage":{"@id":"https:\/\/climatemaster.ge\/az\/product\/air-pressure-sensor-thies\/#primaryimage"},"image":{"@id":"https:\/\/climatemaster.ge\/az\/product\/air-pressure-sensor-thies\/#primaryimage"},"thumbnailUrl":"https:\/\/climatemaster.ge\/wp-content\/uploads\/2025\/05\/air_pressure_sensor-thies.jpg__490x490_q85_crop_subsampling-2_upscale.jpg","datePublished":"2025-05-11T08:14:40+00:00","dateModified":"2025-05-11T08:17:09+00:00","breadcrumb":{"@id":"https:\/\/climatemaster.ge\/az\/product\/air-pressure-sensor-thies\/#breadcrumb"},"inLanguage":"az","potentialAction":[{"@type":"ReadAction","target":["https:\/\/climatemaster.ge\/az\/product\/air-pressure-sensor-thies\/"]}]},{"@type":"ImageObject","inLanguage":"az","@id":"https:\/\/climatemaster.ge\/az\/product\/air-pressure-sensor-thies\/#primaryimage","url":"https:\/\/climatemaster.ge\/wp-content\/uploads\/2025\/05\/air_pressure_sensor-thies.jpg__490x490_q85_crop_subsampling-2_upscale.jpg","contentUrl":"https:\/\/climatemaster.ge\/wp-content\/uploads\/2025\/05\/air_pressure_sensor-thies.jpg__490x490_q85_crop_subsampling-2_upscale.jpg","width":490,"height":490},{"@type":"BreadcrumbList","@id":"https:\/\/climatemaster.ge\/az\/product\/air-pressure-sensor-thies\/#breadcrumb","itemListElement":[{"@type":"ListItem","position":1,"name":"Home","item":"https:\/\/climatemaster.ge\/"},{"@type":"ListItem","position":2,"name":"M\u0259hsullar","item":"https:\/\/climatemaster.ge\/products\/"},{"@type":"ListItem","position":3,"name":"Hava T\u0259zyiq Sensoru Thies"}]},{"@type":"WebSite","@id":"https:\/\/climatemaster.ge\/#website","url":"https:\/\/climatemaster.ge\/","name":"Climate Master","description":"","publisher":{"@id":"https:\/\/climatemaster.ge\/#organization"},"potentialAction":[{"@type":"SearchAction","target":{"@type":"EntryPoint","urlTemplate":"https:\/\/climatemaster.ge\/?s={search_term_string}"},"query-input":{"@type":"PropertyValueSpecification","valueRequired":true,"valueName":"search_term_string"}}],"inLanguage":"az"},{"@type":"Organization","@id":"https:\/\/climatemaster.ge\/#organization","name":"Climate Master","url":"https:\/\/climatemaster.ge\/","logo":{"@type":"ImageObject","inLanguage":"az","@id":"https:\/\/climatemaster.ge\/#\/schema\/logo\/image\/","url":"https:\/\/climatemaster.ge\/wp-content\/uploads\/2026\/03\/Untitled-2.png","contentUrl":"https:\/\/climatemaster.ge\/wp-content\/uploads\/2026\/03\/Untitled-2.png","width":600,"height":338,"caption":"Climate Master"},"image":{"@id":"https:\/\/climatemaster.ge\/#\/schema\/logo\/image\/"}}]}},"_links":{"self":[{"href":"https:\/\/climatemaster.ge\/az\/wp-json\/wp\/v2\/product\/31061","targetHints":{"allow":["GET"]}}],"collection":[{"href":"https:\/\/climatemaster.ge\/az\/wp-json\/wp\/v2\/product"}],"about":[{"href":"https:\/\/climatemaster.ge\/az\/wp-json\/wp\/v2\/types\/product"}],"wp:featuredmedia":[{"embeddable":true,"href":"https:\/\/climatemaster.ge\/az\/wp-json\/wp\/v2\/media\/31056"}],"wp:attachment":[{"href":"https:\/\/climatemaster.ge\/az\/wp-json\/wp\/v2\/media?parent=31061"}],"wp:term":[{"taxonomy":"product_brand","embeddable":true,"href":"https:\/\/climatemaster.ge\/az\/wp-json\/wp\/v2\/product_brand?post=31061"},{"taxonomy":"product_cat","embeddable":true,"href":"https:\/\/climatemaster.ge\/az\/wp-json\/wp\/v2\/product_cat?post=31061"},{"taxonomy":"product_tag","embeddable":true,"href":"https:\/\/climatemaster.ge\/az\/wp-json\/wp\/v2\/product_tag?post=31061"}],"curies":[{"name":"wp","href":"https:\/\/api.w.org\/{rel}","templated":true}]}}