{"id":31018,"date":"2025-05-11T11:30:08","date_gmt":"2025-05-11T07:30:08","guid":{"rendered":"https:\/\/airsystems.ge\/shop\/product\/temperature-humidity-sensor-galltec-kpc-active\/"},"modified":"2025-05-11T11:32:06","modified_gmt":"2025-05-11T07:32:06","slug":"temperature-humidity-sensor-galltec-kpc-active","status":"publish","type":"product","link":"https:\/\/climatemaster.ge\/az\/product\/temperature-humidity-sensor-galltec-kpc-active\/","title":{"rendered":"Temperatur R\u00fctub\u0259t sensoru Galltec KPC aktivdir"},"content":{"rendered":"<ul>\n<li>Temperatur r\u00fctub\u0259ti sensorlar\u0131 havada v\u0259 dig\u0259r qeyri-aqressiv qazlarda y\u00fcks\u0259k d\u0259qiqlikl\u0259 nisbi r\u00fctub\u0259ti v\u0259 temperaturu (ayr\u0131-ayr\u0131l\u0131qda v\u0259 ya birlikd\u0259) \u00f6l\u00e7m\u0259k \u00fc\u00e7\u00fcn plug-in ba\u011flant\u0131s\u0131 olan \u00e7ubuq dizaynl\u0131 kompakt sensorlard\u0131r.<br \/>\n\u00c7atd\u0131r\u0131lmaya birl\u0259\u015fdirici t\u0131xac daxildir.<br \/>\nNisbi r\u00fctub\u0259t kapasitiv sensor elementi il\u0259 \u00f6l\u00e7\u00fcl\u00fcr v\u0259 d\u0259y\u0259r \u00e7\u0131x\u0131\u015fda analoq \u00e7\u0131x\u0131\u015f kimi d\u0259 yerl\u0259\u015fdiril\u0259c\u0259k.<\/li>\n<\/ul>\n<table border=\"1\" width=\"684\" cellspacing=\"1\" cellpadding=\"1\">\n<tbody>\n<tr>\n<td><strong>Type<\/strong><\/td>\n<td><strong>Temperature Sensor<\/strong><\/td>\n<td><strong>Humidity Sensor<\/strong><\/td>\n<\/tr>\n<tr>\n<td>Measurement principle<\/td>\n<td>Pt100 1\/3 DIN acc. DIN EN 60751<\/td>\n<td>Capacitive<\/td>\n<\/tr>\n<tr>\n<td>Measurement range<\/td>\n<td>-30 &#8230; +70 \u00b0C<\/td>\n<td>0 &#8230; 100% RH<\/td>\n<\/tr>\n<tr>\n<td>Slope (Data Logger Meteo-40)<\/td>\n<td>100<\/td>\n<td>100<\/td>\n<\/tr>\n<tr>\n<td>Offset (Data Logger Meteo-40)<\/td>\n<td>-30<\/td>\n<td>0<\/td>\n<\/tr>\n<tr>\n<td colspan=\"3\">Accuracy<\/td>\n<\/tr>\n<tr>\n<td>Accuracy<\/td>\n<td>\u00b1 0.2 K (-27 &#8230; +80 \u00b0C)<\/td>\n<td>\u00b1 2% RH (5 &#8230; 95% RH @ 10 &#8230; 40 \u00b0C)<\/td>\n<\/tr>\n<tr>\n<td>Additional error<\/td>\n<td>\u00b1 0.007 K\/K (&lt;10 \u00b0C, &gt;40 \u00b0C)<\/td>\n<td>&lt; 0.1 %\/K (&lt;10 \u00b0C, &gt;40 \u00b0C)<\/td>\n<\/tr>\n<tr>\n<td colspan=\"3\"><strong>Operating range<\/strong><\/td>\n<\/tr>\n<tr>\n<td>Ambient temperature<\/td>\n<td colspan=\"2\" rowspan=\"1\">-40 &#8230; +80 \u00b0C<\/td>\n<\/tr>\n<tr>\n<td>Minimum air speed (across sensor)<\/td>\n<td colspan=\"2\" rowspan=\"1\">\u2265 0.5 m\/s<\/td>\n<\/tr>\n<tr>\n<td colspan=\"3\"><strong>Electrical data<\/strong><\/td>\n<\/tr>\n<tr>\n<td>Output signal<\/td>\n<td colspan=\"2\" rowspan=\"1\">0 &#8230; 1 V<\/td>\n<\/tr>\n<tr>\n<td>Operating supply<\/td>\n<td colspan=\"2\" rowspan=\"1\">6 &#8230; 30 VDC<\/td>\n<\/tr>\n<tr>\n<td>Current Consumption @ 12 V DC<\/td>\n<td colspan=\"2\" rowspan=\"1\">2 mA<\/td>\n<\/tr>\n<tr>\n<td colspan=\"3\"><strong>General<\/strong><\/td>\n<\/tr>\n<tr>\n<td>Connection<\/td>\n<td colspan=\"2\" rowspan=\"1\">7-pol plug for shielded cable<\/td>\n<\/tr>\n<tr>\n<td>Dimensions<\/td>\n<td colspan=\"2\" rowspan=\"1\">155 x \u00d8 20 mm<\/td>\n<\/tr>\n<tr>\n<td>Weight<\/td>\n<td colspan=\"2\" rowspan=\"1\">approx. 0.1 kg<\/td>\n<\/tr>\n<tr>\n<td>Protection Sensor<\/td>\n<td colspan=\"2\" rowspan=\"1\">IP 30<\/td>\n<\/tr>\n<tr>\n<td>Protection Electronic<\/td>\n<td colspan=\"2\" rowspan=\"1\">IP 65<\/td>\n<\/tr>\n<tr>\n<td>Protection Coupling<\/td>\n<td colspan=\"2\" rowspan=\"1\">IP 67<\/td>\n<\/tr>\n<tr>\n<td>Manufacturer<\/td>\n<td colspan=\"2\" rowspan=\"1\">Galltec<\/td>\n<\/tr>\n<\/tbody>\n<\/table>\n","protected":false},"excerpt":{"rendered":"<h3>Sifari\u015f n\u00f6mr\u0259si<\/h3>\n<p>S52100<\/p>\n","protected":false},"featured_media":31013,"template":"","meta":[],"product_brand":[],"product_cat":[1336,1416,1435],"product_tag":[],"class_list":{"0":"post-31018","1":"product","2":"type-product","3":"status-publish","4":"has-post-thumbnail","6":"product_cat-brpa-olunan-enerji-kulk-v-guns-enerjisi-olcusu-az","7":"product_cat-kulk-sensoru","8":"product_cat-temperatur-rutubt-sensoru","10":"first","11":"instock","12":"shipping-taxable","13":"product-type-simple"},"yoast_head":"<!-- This site is optimized with the Yoast SEO plugin v27.1.1 - https:\/\/yoast.com\/product\/yoast-seo-wordpress\/ -->\n<title>Temperatur R\u00fctub\u0259t sensoru Galltec KPC aktivdir - Climate Master<\/title>\n<meta name=\"robots\" content=\"index, follow, max-snippet:-1, max-image-preview:large, max-video-preview:-1\" \/>\n<link rel=\"canonical\" href=\"https:\/\/climatemaster.ge\/az\/product\/temperature-humidity-sensor-galltec-kpc-active\/\" \/>\n<meta property=\"og:locale\" content=\"az_AZ\" \/>\n<meta property=\"og:type\" content=\"article\" \/>\n<meta property=\"og:title\" content=\"Temperatur R\u00fctub\u0259t sensoru Galltec KPC aktivdir - Climate Master\" \/>\n<meta property=\"og:description\" content=\"Sifari\u015f n\u00f6mr\u0259si S52100\" \/>\n<meta property=\"og:url\" content=\"https:\/\/climatemaster.ge\/az\/product\/temperature-humidity-sensor-galltec-kpc-active\/\" \/>\n<meta property=\"og:site_name\" content=\"Climate Master\" \/>\n<meta property=\"article:modified_time\" content=\"2025-05-11T07:32:06+00:00\" \/>\n<meta property=\"og:image\" content=\"https:\/\/climatemaster.ge\/wp-content\/uploads\/2025\/05\/temperaturhumidity-galltec.png__490x490_q85_crop_subsampling-2_upscale.png\" \/>\n\t<meta property=\"og:image:width\" content=\"490\" \/>\n\t<meta property=\"og:image:height\" content=\"490\" \/>\n\t<meta property=\"og:image:type\" content=\"image\/png\" \/>\n<meta name=\"twitter:card\" content=\"summary_large_image\" \/>\n<meta name=\"twitter:label1\" content=\"Est. reading time\" \/>\n\t<meta name=\"twitter:data1\" content=\"1 minute\" \/>\n<script type=\"application\/ld+json\" class=\"yoast-schema-graph\">{\"@context\":\"https:\/\/schema.org\",\"@graph\":[{\"@type\":\"WebPage\",\"@id\":\"https:\/\/climatemaster.ge\/az\/product\/temperature-humidity-sensor-galltec-kpc-active\/\",\"url\":\"https:\/\/climatemaster.ge\/az\/product\/temperature-humidity-sensor-galltec-kpc-active\/\",\"name\":\"Temperatur R\u00fctub\u0259t sensoru Galltec KPC aktivdir - Climate Master\",\"isPartOf\":{\"@id\":\"https:\/\/climatemaster.ge\/#website\"},\"primaryImageOfPage\":{\"@id\":\"https:\/\/climatemaster.ge\/az\/product\/temperature-humidity-sensor-galltec-kpc-active\/#primaryimage\"},\"image\":{\"@id\":\"https:\/\/climatemaster.ge\/az\/product\/temperature-humidity-sensor-galltec-kpc-active\/#primaryimage\"},\"thumbnailUrl\":\"https:\/\/climatemaster.ge\/wp-content\/uploads\/2025\/05\/temperaturhumidity-galltec.png__490x490_q85_crop_subsampling-2_upscale.png\",\"datePublished\":\"2025-05-11T07:30:08+00:00\",\"dateModified\":\"2025-05-11T07:32:06+00:00\",\"breadcrumb\":{\"@id\":\"https:\/\/climatemaster.ge\/az\/product\/temperature-humidity-sensor-galltec-kpc-active\/#breadcrumb\"},\"inLanguage\":\"az\",\"potentialAction\":[{\"@type\":\"ReadAction\",\"target\":[\"https:\/\/climatemaster.ge\/az\/product\/temperature-humidity-sensor-galltec-kpc-active\/\"]}]},{\"@type\":\"ImageObject\",\"inLanguage\":\"az\",\"@id\":\"https:\/\/climatemaster.ge\/az\/product\/temperature-humidity-sensor-galltec-kpc-active\/#primaryimage\",\"url\":\"https:\/\/climatemaster.ge\/wp-content\/uploads\/2025\/05\/temperaturhumidity-galltec.png__490x490_q85_crop_subsampling-2_upscale.png\",\"contentUrl\":\"https:\/\/climatemaster.ge\/wp-content\/uploads\/2025\/05\/temperaturhumidity-galltec.png__490x490_q85_crop_subsampling-2_upscale.png\",\"width\":490,\"height\":490},{\"@type\":\"BreadcrumbList\",\"@id\":\"https:\/\/climatemaster.ge\/az\/product\/temperature-humidity-sensor-galltec-kpc-active\/#breadcrumb\",\"itemListElement\":[{\"@type\":\"ListItem\",\"position\":1,\"name\":\"Home\",\"item\":\"https:\/\/climatemaster.ge\/\"},{\"@type\":\"ListItem\",\"position\":2,\"name\":\"M\u0259hsullar\",\"item\":\"https:\/\/climatemaster.ge\/products\/\"},{\"@type\":\"ListItem\",\"position\":3,\"name\":\"Temperatur R\u00fctub\u0259t sensoru Galltec KPC aktivdir\"}]},{\"@type\":\"WebSite\",\"@id\":\"https:\/\/climatemaster.ge\/#website\",\"url\":\"https:\/\/climatemaster.ge\/\",\"name\":\"Climate Master\",\"description\":\"\",\"publisher\":{\"@id\":\"https:\/\/climatemaster.ge\/#organization\"},\"potentialAction\":[{\"@type\":\"SearchAction\",\"target\":{\"@type\":\"EntryPoint\",\"urlTemplate\":\"https:\/\/climatemaster.ge\/?s={search_term_string}\"},\"query-input\":{\"@type\":\"PropertyValueSpecification\",\"valueRequired\":true,\"valueName\":\"search_term_string\"}}],\"inLanguage\":\"az\"},{\"@type\":\"Organization\",\"@id\":\"https:\/\/climatemaster.ge\/#organization\",\"name\":\"Climate Master\",\"url\":\"https:\/\/climatemaster.ge\/\",\"logo\":{\"@type\":\"ImageObject\",\"inLanguage\":\"az\",\"@id\":\"https:\/\/climatemaster.ge\/#\/schema\/logo\/image\/\",\"url\":\"https:\/\/climatemaster.ge\/wp-content\/uploads\/2026\/03\/Untitled-2.png\",\"contentUrl\":\"https:\/\/climatemaster.ge\/wp-content\/uploads\/2026\/03\/Untitled-2.png\",\"width\":600,\"height\":338,\"caption\":\"Climate Master\"},\"image\":{\"@id\":\"https:\/\/climatemaster.ge\/#\/schema\/logo\/image\/\"}}]}<\/script>\n<!-- \/ Yoast SEO plugin. -->","yoast_head_json":{"title":"Temperatur R\u00fctub\u0259t sensoru Galltec KPC aktivdir - Climate Master","robots":{"index":"index","follow":"follow","max-snippet":"max-snippet:-1","max-image-preview":"max-image-preview:large","max-video-preview":"max-video-preview:-1"},"canonical":"https:\/\/climatemaster.ge\/az\/product\/temperature-humidity-sensor-galltec-kpc-active\/","og_locale":"az_AZ","og_type":"article","og_title":"Temperatur R\u00fctub\u0259t sensoru Galltec KPC aktivdir - Climate Master","og_description":"Sifari\u015f n\u00f6mr\u0259si S52100","og_url":"https:\/\/climatemaster.ge\/az\/product\/temperature-humidity-sensor-galltec-kpc-active\/","og_site_name":"Climate Master","article_modified_time":"2025-05-11T07:32:06+00:00","og_image":[{"width":490,"height":490,"url":"https:\/\/climatemaster.ge\/wp-content\/uploads\/2025\/05\/temperaturhumidity-galltec.png__490x490_q85_crop_subsampling-2_upscale.png","type":"image\/png"}],"twitter_card":"summary_large_image","twitter_misc":{"Est. reading time":"1 minute"},"schema":{"@context":"https:\/\/schema.org","@graph":[{"@type":"WebPage","@id":"https:\/\/climatemaster.ge\/az\/product\/temperature-humidity-sensor-galltec-kpc-active\/","url":"https:\/\/climatemaster.ge\/az\/product\/temperature-humidity-sensor-galltec-kpc-active\/","name":"Temperatur R\u00fctub\u0259t sensoru Galltec KPC aktivdir - Climate Master","isPartOf":{"@id":"https:\/\/climatemaster.ge\/#website"},"primaryImageOfPage":{"@id":"https:\/\/climatemaster.ge\/az\/product\/temperature-humidity-sensor-galltec-kpc-active\/#primaryimage"},"image":{"@id":"https:\/\/climatemaster.ge\/az\/product\/temperature-humidity-sensor-galltec-kpc-active\/#primaryimage"},"thumbnailUrl":"https:\/\/climatemaster.ge\/wp-content\/uploads\/2025\/05\/temperaturhumidity-galltec.png__490x490_q85_crop_subsampling-2_upscale.png","datePublished":"2025-05-11T07:30:08+00:00","dateModified":"2025-05-11T07:32:06+00:00","breadcrumb":{"@id":"https:\/\/climatemaster.ge\/az\/product\/temperature-humidity-sensor-galltec-kpc-active\/#breadcrumb"},"inLanguage":"az","potentialAction":[{"@type":"ReadAction","target":["https:\/\/climatemaster.ge\/az\/product\/temperature-humidity-sensor-galltec-kpc-active\/"]}]},{"@type":"ImageObject","inLanguage":"az","@id":"https:\/\/climatemaster.ge\/az\/product\/temperature-humidity-sensor-galltec-kpc-active\/#primaryimage","url":"https:\/\/climatemaster.ge\/wp-content\/uploads\/2025\/05\/temperaturhumidity-galltec.png__490x490_q85_crop_subsampling-2_upscale.png","contentUrl":"https:\/\/climatemaster.ge\/wp-content\/uploads\/2025\/05\/temperaturhumidity-galltec.png__490x490_q85_crop_subsampling-2_upscale.png","width":490,"height":490},{"@type":"BreadcrumbList","@id":"https:\/\/climatemaster.ge\/az\/product\/temperature-humidity-sensor-galltec-kpc-active\/#breadcrumb","itemListElement":[{"@type":"ListItem","position":1,"name":"Home","item":"https:\/\/climatemaster.ge\/"},{"@type":"ListItem","position":2,"name":"M\u0259hsullar","item":"https:\/\/climatemaster.ge\/products\/"},{"@type":"ListItem","position":3,"name":"Temperatur R\u00fctub\u0259t sensoru Galltec KPC aktivdir"}]},{"@type":"WebSite","@id":"https:\/\/climatemaster.ge\/#website","url":"https:\/\/climatemaster.ge\/","name":"Climate Master","description":"","publisher":{"@id":"https:\/\/climatemaster.ge\/#organization"},"potentialAction":[{"@type":"SearchAction","target":{"@type":"EntryPoint","urlTemplate":"https:\/\/climatemaster.ge\/?s={search_term_string}"},"query-input":{"@type":"PropertyValueSpecification","valueRequired":true,"valueName":"search_term_string"}}],"inLanguage":"az"},{"@type":"Organization","@id":"https:\/\/climatemaster.ge\/#organization","name":"Climate Master","url":"https:\/\/climatemaster.ge\/","logo":{"@type":"ImageObject","inLanguage":"az","@id":"https:\/\/climatemaster.ge\/#\/schema\/logo\/image\/","url":"https:\/\/climatemaster.ge\/wp-content\/uploads\/2026\/03\/Untitled-2.png","contentUrl":"https:\/\/climatemaster.ge\/wp-content\/uploads\/2026\/03\/Untitled-2.png","width":600,"height":338,"caption":"Climate Master"},"image":{"@id":"https:\/\/climatemaster.ge\/#\/schema\/logo\/image\/"}}]}},"_links":{"self":[{"href":"https:\/\/climatemaster.ge\/az\/wp-json\/wp\/v2\/product\/31018","targetHints":{"allow":["GET"]}}],"collection":[{"href":"https:\/\/climatemaster.ge\/az\/wp-json\/wp\/v2\/product"}],"about":[{"href":"https:\/\/climatemaster.ge\/az\/wp-json\/wp\/v2\/types\/product"}],"wp:featuredmedia":[{"embeddable":true,"href":"https:\/\/climatemaster.ge\/az\/wp-json\/wp\/v2\/media\/31013"}],"wp:attachment":[{"href":"https:\/\/climatemaster.ge\/az\/wp-json\/wp\/v2\/media?parent=31018"}],"wp:term":[{"taxonomy":"product_brand","embeddable":true,"href":"https:\/\/climatemaster.ge\/az\/wp-json\/wp\/v2\/product_brand?post=31018"},{"taxonomy":"product_cat","embeddable":true,"href":"https:\/\/climatemaster.ge\/az\/wp-json\/wp\/v2\/product_cat?post=31018"},{"taxonomy":"product_tag","embeddable":true,"href":"https:\/\/climatemaster.ge\/az\/wp-json\/wp\/v2\/product_tag?post=31018"}],"curies":[{"name":"wp","href":"https:\/\/api.w.org\/{rel}","templated":true}]}}