{"id":30938,"date":"2025-05-10T23:25:36","date_gmt":"2025-05-10T19:25:36","guid":{"rendered":"https:\/\/airsystems.ge\/shop\/product\/wind-vane-thies-compact-pot\/"},"modified":"2025-05-10T23:29:49","modified_gmt":"2025-05-10T19:29:49","slug":"wind-vane-thies-compact-pot","status":"publish","type":"product","link":"https:\/\/climatemaster.ge\/az\/product\/wind-vane-thies-compact-pot\/","title":{"rendered":"K\u00fcl\u0259k G\u00fcl\u00fc Thies Kompakt POT"},"content":{"rendered":"<ul>\n<li>Potensiometrik k\u00fcl\u0259yin istiqam\u0259ti \u00f6t\u00fcr\u00fcc\u00fc<br \/>\nTam diapazon 0 &#8230; 360\u00b0<br \/>\nY\u00fcks\u0259k keyfiyy\u0259tli potensiometr 0 &#8230; 2 k\u03a9<\/p>\n<p><strong>\u00d6l\u00e7m\u0259 prinsipi<\/strong><\/p>\n<p>Potensiometrin k\u00f6m\u0259yi il\u0259 fiziki x\u00fcsusiyy\u0259t analoq rezistor \u00e7\u0131x\u0131\u015f siqnal\u0131na \u00e7evrilir. S\u0131f\u0131rda \u00e7evirici s\u0131f\u0131r v\u0259 2 k\u03a9 s\u0259rh\u0259dl\u0259ri aras\u0131nda \u201c\u015fimal ke\u00e7idini\u201d ke\u00e7m\u0259lidir.<\/p>\n<p>B\u00fct\u00fcn Ammonit m\u0259lumat toplama sisteml\u0259rind\u0259 k\u00fcl\u0259yin istiqam\u0259ti siqnal\u0131n\u0131n kondisioneri v\u0259 m\u0259lumatlar\u0131n i\u015fl\u0259nm\u0259si bu ixtisasa diqq\u0259tl\u0259 diqq\u0259t yetirir.<\/p>\n<p>Rulmanlarda buzlanman\u0131n qar\u015f\u0131s\u0131n\u0131 almaq \u00fc\u00e7\u00fcn k\u00fcl\u0259k p\u0259rd\u0259si elektron t\u0259nziml\u0259n\u0259n istilik sistemi il\u0259 t\u0259chiz oluna bil\u0259r. Bu istilikd\u0259n istifad\u0259 etm\u0259k \u00fc\u00e7\u00fcn qo\u015fulma kabelind\u0259 \u0259lav\u0259 n\u00fcv\u0259l\u0259r olmal\u0131d\u0131r v\u0259 kifay\u0259t q\u0259d\u0259r enerji t\u0259chizat\u0131 t\u0259min edilm\u0259lidir (\u015f\u0259b\u0259k\u0259 ba\u011flant\u0131s\u0131).<\/li>\n<\/ul>\n<table border=\"1\" width=\"645\" cellspacing=\"1\" cellpadding=\"1\">\n<thead>\n<tr>\n<th scope=\"col\"><span style=\"font-weight: 400;\">Characteristic<\/span><\/th>\n<th scope=\"col\"><span style=\"font-weight: 400;\">Description \/ Value<\/span><\/th>\n<\/tr>\n<\/thead>\n<tbody>\n<tr>\n<td>Measuring range<\/td>\n<td>0 &#8230; 360\u00b0<\/td>\n<\/tr>\n<tr>\n<td>Measuring accuracy<\/td>\n<td>\u00b1 2\u00b0<\/td>\n<\/tr>\n<tr>\n<td>Survival speed<\/td>\n<td>max. 80 m\/s, 30 min<\/td>\n<\/tr>\n<tr>\n<td>Ambient temperature<\/td>\n<td>-40 &#8230; +70 \u00b0C<\/td>\n<\/tr>\n<tr>\n<td>Measurement principle<\/td>\n<td>Potentiometer 2 k\u03a9<\/td>\n<\/tr>\n<tr>\n<td>Resolution<\/td>\n<td>0.5\u00b0<\/td>\n<\/tr>\n<tr>\n<td>Starting threshold<\/td>\n<td>\u2264 1 m\/s\u00a0\u00a0\u00a0\u00a0\u00a0\u00a0\u00a0\u00a0\u00a0\u00a0 according to ASTM-Standards D5366-96<br \/>\n\u2264 0.4 m\/s\u00a0\u00a0\u00a0\u00a0\u00a0\u00a0\u00a0 according to VDI-Standard 3786 Part 2<\/td>\n<\/tr>\n<tr>\n<td>Delay distance<\/td>\n<td>&lt; 2.5 m acc. ASTM D 5366-96<\/td>\n<\/tr>\n<tr>\n<td>Electrical supply<br \/>\nPotentiometer<\/td>\n<td>Voltage U<sub>s<\/sub>:\u00a0 0 &#8230; 24 VDC<br \/>\nImportant:<br \/>\nThe supply voltage of the potentiometer must show a current limitation of max. 1 mA. An additional protective resistance is strongly recommended.<br \/>\nResistor Rv: 15 k\u03a9 @ supply voltage: 12 &#8230; 15 V<\/td>\n<\/tr>\n<tr>\n<td>Heating<\/td>\n<td>24 VDC\/AC (Power consumption: max. 20 W)<\/td>\n<\/tr>\n<tr>\n<td>Connection<\/td>\n<td>7-pole plug<\/td>\n<\/tr>\n<tr>\n<td>Mast fixture<\/td>\n<td>Mounted on a steel tube with an inner thread of PG21 or mounted on a traverse with a drill of 29 mm<\/td>\n<\/tr>\n<tr>\n<td>Material<\/td>\n<td>Aluminum, stainless steel and plastic (Housing and wind vane)<\/td>\n<\/tr>\n<tr>\n<td>Type of ball bearings<\/td>\n<td>Metallic ball bearings<\/td>\n<\/tr>\n<tr>\n<td>Protection<\/td>\n<td>IP 55<\/td>\n<\/tr>\n<tr>\n<td>Weight<\/td>\n<td>approx. 0.4 kg<\/td>\n<\/tr>\n<tr>\n<td>Manufacturer<\/td>\n<td>Thies<\/td>\n<\/tr>\n<\/tbody>\n<\/table>\n","protected":false},"excerpt":{"rendered":"<h3>Sifari\u015f n\u00f6mr\u0259si<\/h3>\n<p>S22200<\/p>\n","protected":false},"featured_media":30933,"template":"","meta":[],"product_brand":[],"product_cat":[1336,1428,1416],"product_tag":[],"class_list":{"0":"post-30938","1":"product","2":"type-product","3":"status-publish","4":"has-post-thumbnail","6":"product_cat-brpa-olunan-enerji-kulk-v-guns-enerjisi-olcusu-az","7":"product_cat-kulk-kulklri","8":"product_cat-kulk-sensoru","10":"first","11":"instock","12":"shipping-taxable","13":"product-type-simple"},"yoast_head":"<!-- This site is optimized with the Yoast SEO plugin v27.1.1 - https:\/\/yoast.com\/product\/yoast-seo-wordpress\/ -->\n<title>K\u00fcl\u0259k G\u00fcl\u00fc Thies Kompakt POT - Climate Master<\/title>\n<meta name=\"robots\" content=\"index, follow, max-snippet:-1, max-image-preview:large, max-video-preview:-1\" \/>\n<link rel=\"canonical\" href=\"https:\/\/climatemaster.ge\/az\/product\/wind-vane-thies-compact-pot\/\" \/>\n<meta property=\"og:locale\" content=\"az_AZ\" \/>\n<meta property=\"og:type\" content=\"article\" \/>\n<meta property=\"og:title\" content=\"K\u00fcl\u0259k G\u00fcl\u00fc Thies Kompakt POT - Climate Master\" \/>\n<meta property=\"og:description\" content=\"Sifari\u015f n\u00f6mr\u0259si S22200\" \/>\n<meta property=\"og:url\" content=\"https:\/\/climatemaster.ge\/az\/product\/wind-vane-thies-compact-pot\/\" \/>\n<meta property=\"og:site_name\" content=\"Climate Master\" \/>\n<meta property=\"article:modified_time\" content=\"2025-05-10T19:29:49+00:00\" \/>\n<meta property=\"og:image\" content=\"https:\/\/climatemaster.ge\/wp-content\/uploads\/2025\/05\/windvane-thies-compact.png__490x490_q85_crop_subsampling-2_upscale.png\" \/>\n\t<meta property=\"og:image:width\" content=\"490\" \/>\n\t<meta property=\"og:image:height\" content=\"490\" \/>\n\t<meta property=\"og:image:type\" content=\"image\/png\" \/>\n<meta name=\"twitter:card\" content=\"summary_large_image\" \/>\n<meta name=\"twitter:label1\" content=\"Est. reading time\" \/>\n\t<meta name=\"twitter:data1\" content=\"1 minute\" \/>\n<script type=\"application\/ld+json\" class=\"yoast-schema-graph\">{\"@context\":\"https:\/\/schema.org\",\"@graph\":[{\"@type\":\"WebPage\",\"@id\":\"https:\/\/climatemaster.ge\/az\/product\/wind-vane-thies-compact-pot\/\",\"url\":\"https:\/\/climatemaster.ge\/az\/product\/wind-vane-thies-compact-pot\/\",\"name\":\"K\u00fcl\u0259k G\u00fcl\u00fc Thies Kompakt POT - Climate Master\",\"isPartOf\":{\"@id\":\"https:\/\/climatemaster.ge\/#website\"},\"primaryImageOfPage\":{\"@id\":\"https:\/\/climatemaster.ge\/az\/product\/wind-vane-thies-compact-pot\/#primaryimage\"},\"image\":{\"@id\":\"https:\/\/climatemaster.ge\/az\/product\/wind-vane-thies-compact-pot\/#primaryimage\"},\"thumbnailUrl\":\"https:\/\/climatemaster.ge\/wp-content\/uploads\/2025\/05\/windvane-thies-compact.png__490x490_q85_crop_subsampling-2_upscale.png\",\"datePublished\":\"2025-05-10T19:25:36+00:00\",\"dateModified\":\"2025-05-10T19:29:49+00:00\",\"breadcrumb\":{\"@id\":\"https:\/\/climatemaster.ge\/az\/product\/wind-vane-thies-compact-pot\/#breadcrumb\"},\"inLanguage\":\"az\",\"potentialAction\":[{\"@type\":\"ReadAction\",\"target\":[\"https:\/\/climatemaster.ge\/az\/product\/wind-vane-thies-compact-pot\/\"]}]},{\"@type\":\"ImageObject\",\"inLanguage\":\"az\",\"@id\":\"https:\/\/climatemaster.ge\/az\/product\/wind-vane-thies-compact-pot\/#primaryimage\",\"url\":\"https:\/\/climatemaster.ge\/wp-content\/uploads\/2025\/05\/windvane-thies-compact.png__490x490_q85_crop_subsampling-2_upscale.png\",\"contentUrl\":\"https:\/\/climatemaster.ge\/wp-content\/uploads\/2025\/05\/windvane-thies-compact.png__490x490_q85_crop_subsampling-2_upscale.png\",\"width\":490,\"height\":490},{\"@type\":\"BreadcrumbList\",\"@id\":\"https:\/\/climatemaster.ge\/az\/product\/wind-vane-thies-compact-pot\/#breadcrumb\",\"itemListElement\":[{\"@type\":\"ListItem\",\"position\":1,\"name\":\"Home\",\"item\":\"https:\/\/climatemaster.ge\/\"},{\"@type\":\"ListItem\",\"position\":2,\"name\":\"M\u0259hsullar\",\"item\":\"https:\/\/climatemaster.ge\/products\/\"},{\"@type\":\"ListItem\",\"position\":3,\"name\":\"K\u00fcl\u0259k G\u00fcl\u00fc Thies Kompakt POT\"}]},{\"@type\":\"WebSite\",\"@id\":\"https:\/\/climatemaster.ge\/#website\",\"url\":\"https:\/\/climatemaster.ge\/\",\"name\":\"Climate Master\",\"description\":\"\",\"publisher\":{\"@id\":\"https:\/\/climatemaster.ge\/#organization\"},\"potentialAction\":[{\"@type\":\"SearchAction\",\"target\":{\"@type\":\"EntryPoint\",\"urlTemplate\":\"https:\/\/climatemaster.ge\/?s={search_term_string}\"},\"query-input\":{\"@type\":\"PropertyValueSpecification\",\"valueRequired\":true,\"valueName\":\"search_term_string\"}}],\"inLanguage\":\"az\"},{\"@type\":\"Organization\",\"@id\":\"https:\/\/climatemaster.ge\/#organization\",\"name\":\"Climate Master\",\"url\":\"https:\/\/climatemaster.ge\/\",\"logo\":{\"@type\":\"ImageObject\",\"inLanguage\":\"az\",\"@id\":\"https:\/\/climatemaster.ge\/#\/schema\/logo\/image\/\",\"url\":\"https:\/\/climatemaster.ge\/wp-content\/uploads\/2026\/03\/Untitled-2.png\",\"contentUrl\":\"https:\/\/climatemaster.ge\/wp-content\/uploads\/2026\/03\/Untitled-2.png\",\"width\":600,\"height\":338,\"caption\":\"Climate Master\"},\"image\":{\"@id\":\"https:\/\/climatemaster.ge\/#\/schema\/logo\/image\/\"}}]}<\/script>\n<!-- \/ Yoast SEO plugin. -->","yoast_head_json":{"title":"K\u00fcl\u0259k G\u00fcl\u00fc Thies Kompakt POT - Climate Master","robots":{"index":"index","follow":"follow","max-snippet":"max-snippet:-1","max-image-preview":"max-image-preview:large","max-video-preview":"max-video-preview:-1"},"canonical":"https:\/\/climatemaster.ge\/az\/product\/wind-vane-thies-compact-pot\/","og_locale":"az_AZ","og_type":"article","og_title":"K\u00fcl\u0259k G\u00fcl\u00fc Thies Kompakt POT - Climate Master","og_description":"Sifari\u015f n\u00f6mr\u0259si S22200","og_url":"https:\/\/climatemaster.ge\/az\/product\/wind-vane-thies-compact-pot\/","og_site_name":"Climate Master","article_modified_time":"2025-05-10T19:29:49+00:00","og_image":[{"width":490,"height":490,"url":"https:\/\/climatemaster.ge\/wp-content\/uploads\/2025\/05\/windvane-thies-compact.png__490x490_q85_crop_subsampling-2_upscale.png","type":"image\/png"}],"twitter_card":"summary_large_image","twitter_misc":{"Est. reading time":"1 minute"},"schema":{"@context":"https:\/\/schema.org","@graph":[{"@type":"WebPage","@id":"https:\/\/climatemaster.ge\/az\/product\/wind-vane-thies-compact-pot\/","url":"https:\/\/climatemaster.ge\/az\/product\/wind-vane-thies-compact-pot\/","name":"K\u00fcl\u0259k G\u00fcl\u00fc Thies Kompakt POT - Climate Master","isPartOf":{"@id":"https:\/\/climatemaster.ge\/#website"},"primaryImageOfPage":{"@id":"https:\/\/climatemaster.ge\/az\/product\/wind-vane-thies-compact-pot\/#primaryimage"},"image":{"@id":"https:\/\/climatemaster.ge\/az\/product\/wind-vane-thies-compact-pot\/#primaryimage"},"thumbnailUrl":"https:\/\/climatemaster.ge\/wp-content\/uploads\/2025\/05\/windvane-thies-compact.png__490x490_q85_crop_subsampling-2_upscale.png","datePublished":"2025-05-10T19:25:36+00:00","dateModified":"2025-05-10T19:29:49+00:00","breadcrumb":{"@id":"https:\/\/climatemaster.ge\/az\/product\/wind-vane-thies-compact-pot\/#breadcrumb"},"inLanguage":"az","potentialAction":[{"@type":"ReadAction","target":["https:\/\/climatemaster.ge\/az\/product\/wind-vane-thies-compact-pot\/"]}]},{"@type":"ImageObject","inLanguage":"az","@id":"https:\/\/climatemaster.ge\/az\/product\/wind-vane-thies-compact-pot\/#primaryimage","url":"https:\/\/climatemaster.ge\/wp-content\/uploads\/2025\/05\/windvane-thies-compact.png__490x490_q85_crop_subsampling-2_upscale.png","contentUrl":"https:\/\/climatemaster.ge\/wp-content\/uploads\/2025\/05\/windvane-thies-compact.png__490x490_q85_crop_subsampling-2_upscale.png","width":490,"height":490},{"@type":"BreadcrumbList","@id":"https:\/\/climatemaster.ge\/az\/product\/wind-vane-thies-compact-pot\/#breadcrumb","itemListElement":[{"@type":"ListItem","position":1,"name":"Home","item":"https:\/\/climatemaster.ge\/"},{"@type":"ListItem","position":2,"name":"M\u0259hsullar","item":"https:\/\/climatemaster.ge\/products\/"},{"@type":"ListItem","position":3,"name":"K\u00fcl\u0259k G\u00fcl\u00fc Thies Kompakt POT"}]},{"@type":"WebSite","@id":"https:\/\/climatemaster.ge\/#website","url":"https:\/\/climatemaster.ge\/","name":"Climate Master","description":"","publisher":{"@id":"https:\/\/climatemaster.ge\/#organization"},"potentialAction":[{"@type":"SearchAction","target":{"@type":"EntryPoint","urlTemplate":"https:\/\/climatemaster.ge\/?s={search_term_string}"},"query-input":{"@type":"PropertyValueSpecification","valueRequired":true,"valueName":"search_term_string"}}],"inLanguage":"az"},{"@type":"Organization","@id":"https:\/\/climatemaster.ge\/#organization","name":"Climate Master","url":"https:\/\/climatemaster.ge\/","logo":{"@type":"ImageObject","inLanguage":"az","@id":"https:\/\/climatemaster.ge\/#\/schema\/logo\/image\/","url":"https:\/\/climatemaster.ge\/wp-content\/uploads\/2026\/03\/Untitled-2.png","contentUrl":"https:\/\/climatemaster.ge\/wp-content\/uploads\/2026\/03\/Untitled-2.png","width":600,"height":338,"caption":"Climate Master"},"image":{"@id":"https:\/\/climatemaster.ge\/#\/schema\/logo\/image\/"}}]}},"_links":{"self":[{"href":"https:\/\/climatemaster.ge\/az\/wp-json\/wp\/v2\/product\/30938","targetHints":{"allow":["GET"]}}],"collection":[{"href":"https:\/\/climatemaster.ge\/az\/wp-json\/wp\/v2\/product"}],"about":[{"href":"https:\/\/climatemaster.ge\/az\/wp-json\/wp\/v2\/types\/product"}],"wp:featuredmedia":[{"embeddable":true,"href":"https:\/\/climatemaster.ge\/az\/wp-json\/wp\/v2\/media\/30933"}],"wp:attachment":[{"href":"https:\/\/climatemaster.ge\/az\/wp-json\/wp\/v2\/media?parent=30938"}],"wp:term":[{"taxonomy":"product_brand","embeddable":true,"href":"https:\/\/climatemaster.ge\/az\/wp-json\/wp\/v2\/product_brand?post=30938"},{"taxonomy":"product_cat","embeddable":true,"href":"https:\/\/climatemaster.ge\/az\/wp-json\/wp\/v2\/product_cat?post=30938"},{"taxonomy":"product_tag","embeddable":true,"href":"https:\/\/climatemaster.ge\/az\/wp-json\/wp\/v2\/product_tag?post=30938"}],"curies":[{"name":"wp","href":"https:\/\/api.w.org\/{rel}","templated":true}]}}