{"id":30835,"date":"2025-05-10T20:56:02","date_gmt":"2025-05-10T16:56:02","guid":{"rendered":"https:\/\/airsystems.ge\/shop\/product\/anemometer-thies-first-class-advanced-x\/"},"modified":"2025-05-10T21:50:07","modified_gmt":"2025-05-10T17:50:07","slug":"anemometer-thies-first-class-advanced-x","status":"publish","type":"product","link":"https:\/\/climatemaster.ge\/az\/product\/anemometer-thies-first-class-advanced-x\/","title":{"rendered":"Anemometr Thies First Class Advanced X"},"content":{"rendered":"<h3>A\u011f\u0131ll\u0131 optik skan edilmi\u015f fincan anemometri<\/h3>\n<p>Thies First Class Advanced X uy\u011fun olaraq t\u0259snif edilir. IEC 61400-12-1 Ed. 2.0 (2017-03). \u00d6l\u00e7m\u0259k \u00fc\u00e7\u00fcn n\u0259z\u0259rd\u0259 tutulmu\u015fdur:<\/p>\n<p>\u00dcf\u00fcqi k\u00fcl\u0259yin s\u00fcr\u0259ti<br \/>\nM\u00fctl\u0259q v\u0259 nisbi hava t\u0259zyiqi<br \/>\nX, Y v\u0259 Z meyll\u0259ri<br \/>\nX, Y v\u0259 Z-d\u0259 vibrasiyan\u0131n \u00f6l\u00e7\u00fclm\u0259sinin s\u00fcr\u0259tl\u0259nm\u0259si, tezliyi v\u0259 amplitudas\u0131<\/p>\n<p>Anemometr qiym\u0259tl\u0259ndirm\u0259 hesabatlar\u0131 v\u0259 g\u00fcc \u0259yril\u0259ri \u00fc\u00e7\u00fcn k\u00fcl\u0259k ehtiyatlar\u0131n\u0131n \u00f6l\u00e7\u00fclm\u0259si \u00fc\u00e7\u00fcn n\u0259z\u0259rd\u0259 tutulmu\u015fdur. Sensor kosinus x\u0259ttind\u0259n minimal sapma, h\u0259tta y\u00fcks\u0259k intensiv turbulentlikl\u0259rd\u0259 optimalla\u015fd\u0131r\u0131lm\u0131\u015f dinamik davran\u0131\u015f, minimal h\u0259dd\u0259n art\u0131q s\u00fcr\u0259t, a\u015fa\u011f\u0131 ba\u015flan\u011f\u0131c d\u0259y\u0259ri v\u0259 optimalla\u015fd\u0131r\u0131lm\u0131\u015f \u0259yilm\u0259 h\u0259r\u0259k\u0259ti il\u0259 xarakteriz\u0259 olunur. O, a\u015fa\u011f\u0131 \u0259tal\u0259tli v\u0259 top da\u015f\u0131yan kubok ulduzu say\u0259sind\u0259 yaln\u0131z az texniki xidm\u0259t t\u0259l\u0259b edir. Q\u0131\u015fda i\u015fl\u0259m\u0259k \u00fc\u00e7\u00fcn elektron t\u0259nziml\u0259n\u0259n isitm\u0259 bilyal\u0131 rulmanlar\u0131n d\u00fczg\u00fcn i\u015fl\u0259m\u0259sini t\u0259min edir v\u0259 \u015faft\u0131n v\u0259 yuvan\u0131n buzlanmas\u0131n\u0131n qar\u015f\u0131s\u0131n\u0131 al\u0131r.<\/p>\n<p><strong>\u00d6l\u00e7m\u0259 d\u0259y\u0259rl\u0259rinin a\u011f\u0131ll\u0131 korreksiyas\u0131<\/strong><\/p>\n<p>Sensor hava t\u0259zyiqind\u0259n as\u0131l\u0131 olaraq k\u00fcl\u0259yin s\u00fcr\u0259tinin \u00f6l\u00e7\u00fclm\u0259si d\u0259y\u0259rinin avtomatik korreksiyas\u0131n\u0131 birl\u0259\u015fdirir. Kubok ulduzunun d\u0259qiq\u0259d\u0259 d\u00f6vriyy\u0259si (rpm) hava s\u0131xl\u0131\u011f\u0131ndan v\u0259 bel\u0259likl\u0259, hava t\u0259zyiqind\u0259n as\u0131l\u0131d\u0131r. D\u00fcz\u0259li\u015f 700 &#8230; 1100 hPa \u00fc\u00e7\u00fcn h\u0259yata ke\u00e7irilir. Anemometr \u00e7\u0131x\u0131\u015f\u0131 h\u0259m orijinal, h\u0259m d\u0259 d\u00fcz\u0259ldilmi\u015f \u00f6l\u00e7m\u0259 d\u0259y\u0259rl\u0259rini \u0259hat\u0259 edir.<\/p>\n<p><strong>Kalibrl\u0259m\u0259<\/strong><\/p>\n<p>K\u00fcl\u0259k ehtiyatlar\u0131n\u0131n qiym\u0259tl\u0259ndirilm\u0259si \u00fc\u00e7\u00fcn anemometrl\u0259r uy\u011fun olaraq kalibrl\u0259nm\u0259lidir. MEASNET-\u0259. Thies First Class Advanced X kalibrl\u0259m\u0259 zaman\u0131 m\u00fc\u0259yy\u0259n edilmi\u015f meyl v\u0259 ofset d\u0259y\u0259rl\u0259rini saxlaya bilir. Bel\u0259likl\u0259, \u0259lav\u0259 d\u00fcz\u0259li\u015fl\u0259r etm\u0259k laz\u0131m deyil. Ammonit Wind Tunnel GmbH (ammonit-windtunnel.com) \u015firk\u0259tinin k\u00fcl\u0259k tunelind\u0259 anemometrl\u0259rin kalibrl\u0259nm\u0259sini t\u00f6vsiy\u0259 edirik.<\/p>\n<p><strong>Say\u011fac \u00e7\u0131x\u0131\u015f\u0131n\u0131n konfiqurasiyas\u0131 IEC t\u0259snif edilmi\u015f rejimd\u0259 olmal\u0131d\u0131r<\/strong><\/p>\n<p>Anemometr FO = 4 parametri il\u0259 konfiqurasiya edildikd\u0259, say\u011fac \u00e7\u0131x\u0131\u015f\u0131 a\u015fa\u011f\u0131da t\u0259svir olunan IEC t\u0259snifat\u0131n\u0131n n\u0259tic\u0259sini \u0259ld\u0259 ed\u0259n hava t\u0259zyiqinin d\u00fcz\u0259ldilmi\u015f k\u00fcl\u0259k s\u00fcr\u0259ti \u00e7\u0131x\u0131\u015f\u0131n\u0131 verir.<br \/>\nk\u00fcl\u0259yin s\u00fcr\u0259ti [m\/s] = 0,1 [m] \u00d7 f [Hz]<\/p>\n<p><strong>Sensorun IEC t\u0259snif edilmi\u015f rejimin\u0259 uy\u011fun a\u015fa\u011f\u0131 g\u00fcc konfiqurasiyas\u0131 (\u0130sitm\u0259 OFF)<\/strong><\/p>\n<p>Defolt olaraq biz sensoru eyni zamanda a\u015fa\u011f\u0131 g\u00fcc\u0259 malik v\u0259 IEC t\u0259snifat\u0131na malik konfiqurasiyada t\u0259qdim edirik (\u0130sitm\u0259 OFF).<br \/>\n\u00d6l\u00e7m\u0259 kampaniyan\u0131zda b\u00f6y\u00fck g\u00fcc resurslar\u0131n\u0131z yoxdursa (x\u00fcsusil\u0259 d\u0259 offgrid) bu defolt konfiqurasiyan\u0131 saxlama\u011f\u0131n\u0131z\u0131 t\u00f6vsiy\u0259 edirik. Sonra h\u0259m say\u011fac, h\u0259m d\u0259 seriya \u00e7\u0131x\u0131\u015f\u0131 \u0259la IEC t\u0259snifat\u0131 n\u0259tic\u0259sini \u0259ld\u0259 ed\u0259n hava t\u0259zyiqinin d\u00fcz\u0259ldilmi\u015f k\u00fcl\u0259k s\u00fcr\u0259ti \u00e7\u0131x\u0131\u015f\u0131n\u0131 verir (\u0130sitm\u0259 OFF), lakin eyni zamanda a\u015fa\u011f\u0131 enerji istehlak\u0131n\u0131 saxlay\u0131r (12 V-da 14 mA).<\/p>\n<p><strong>S \u0130sti iqlim \u00f6lk\u0259l\u0259ri \u00fc\u00e7\u00fcn t\u0259snifat d\u0259y\u0259ri<\/strong><\/p>\n<p>N\u0259z\u0259r\u0259 al\u0131n ki, \u00f6l\u00e7m\u0259 kampaniyan\u0131z isti iqlimi olan \u00f6lk\u0259d\u0259 (10\u00b0C-d\u0259n a\u015fa\u011f\u0131 m\u00f6vs\u00fcm yoxdur) ke\u00e7irilirs\u0259, sensor a\u015fa\u011f\u0131 g\u00fcc rejimind\u0259 konfiqurasiya olunsa bel\u0259, bu iqlim \u00fc\u00e7\u00fcn S t\u0259snifat d\u0259y\u0259ri IEC t\u0259snif edilmi\u015f rejimin\u0259 (\u0130sitm\u0259 ON) uy\u011fun g\u0259lir.<\/p>\n<p><strong>Sensorun y\u00fcks\u0259k g\u00fcc konfiqurasiyas\u0131 IEC t\u0259snif edilmi\u015f rejimd\u0259 olmal\u0131d\u0131r (\u0130sitm\u0259 ON)<\/strong><\/p>\n<p>\u00d6l\u00e7m\u0259 kampaniyan\u0131zda b\u00f6y\u00fck g\u00fcc resurslar\u0131n\u0131z varsa (h\u0259r anemometr \u00fc\u00e7\u00fcn 20 Vt-a q\u0259d\u0259r) v\u0259 soyuq q\u0131\u015fda iqliminiz varsa, z\u0259hm\u0259t olmasa, biz\u0259 m\u0259lumat verin, biz sensoru IEC t\u0259snifat\u0131na uy\u011fun olaraq konfiqurasiya ed\u0259c\u0259yik (isitm\u0259 ON).<br \/>\nN\u0259z\u0259r\u0259 al\u0131n ki, S11200H versiyas\u0131n\u0131 (istilik versiyas\u0131) v\u0259 istilik n\u00fcv\u0259l\u0259ri olan x\u00fcsusi bir kabel g\u00f6t\u00fcrm\u0259lisiniz.<\/p>\n<p><strong>T\u0259snifat uy\u011fun olaraq. IEC 61400-12-1 N\u0259\u015fr 2.0-a (2017-03)<\/strong><\/p>\n<p>Hava s\u0131xl\u0131\u011f\u0131n\u0131n birba\u015fa t\u0259siri, f\u0131rlanma momenti \u00f6l\u00e7m\u0259l\u0259ri il\u0259 hava s\u0131xl\u0131\u011f\u0131n\u0131n t\u0259sirini hesablamaq \u0259v\u0259zin\u0259, x\u00fcsusi haz\u0131rlanm\u0131\u015f d\u0259yi\u015fk\u0259n hava s\u0131xl\u0131\u011f\u0131 k\u00fcl\u0259k tunelind\u0259n istifad\u0259 etm\u0259kl\u0259 \u00f6l\u00e7\u00fcld\u00fc.<\/p>\n<table border=\"1\" width=\"371\" cellspacing=\"1\" cellpadding=\"1\">\n<tbody>\n<tr>\n<td><\/td>\n<td><strong>Class A<\/strong><\/td>\n<td><strong>Class B<\/strong><\/td>\n<\/tr>\n<tr>\n<td>\u0130stilik ON<\/td>\n<td>0.65<\/td>\n<td>0.9<\/td>\n<\/tr>\n<tr>\n<td>\u0130stilik OFF<\/td>\n<td>1.1<\/td>\n<td>1.8<\/td>\n<\/tr>\n<\/tbody>\n<\/table>\n<p>M\u0259nb\u0259: X\u00fclas\u0259 hesabat\u0131 AK 151023-1.1 Kubok Anemometr T\u0259snifat\u0131, Deutsche WindGuard Tunnel Services GmbH, Varel, Almaniya, 2017.<\/p>\n<h3>\u018fm\u0259liyyat standart qeyri-m\u00fc\u0259yy\u0259nlik acc. IEC 61400-12-1 standart\u0131na uy\u011fun<\/h3>\n<p>\u018fm\u0259liyyat standart qeyri-m\u00fc\u0259yy\u0259nliyi anemometr t\u0259r\u0259find\u0259n \u00f6l\u00e7\u00fcl\u0259n k\u00fcl\u0259yin s\u00fcr\u0259tinin maksimum sapmas\u0131n\u0131 t\u0259svir edir.<br \/>\nreal k\u00fcl\u0259yin s\u00fcr\u0259ti il\u0259 m\u00fcqayis\u0259d\u0259. C\u0259dv\u0259l 10 m\/s-d\u0259 \u0259m\u0259liyyat standart qeyri-m\u00fc\u0259yy\u0259nliyini g\u00f6st\u0259rir:<\/p>\n<table border=\"1\" width=\"375\" cellspacing=\"1\" cellpadding=\"1\">\n<tbody>\n<tr>\n<td><\/td>\n<td><strong>Class A<\/strong><\/td>\n<td><strong>Class B<\/strong><\/td>\n<\/tr>\n<tr>\n<td>\u0130stilik ON<\/td>\n<td>0.04 m\/s<\/td>\n<td>0.05 m\/s<\/td>\n<\/tr>\n<tr>\n<td>\u0130stilik OFF<\/td>\n<td>0.06 m\/s<\/td>\n<td>0.10 m\/s<\/td>\n<\/tr>\n<\/tbody>\n<\/table>\n<h3>X\u0259ttilik (MEASNET)<\/h3>\n<p>Anemometrl\u0259r \u00fc\u00e7\u00fcn MEASNET t\u0259l\u0259b olunan x\u0259tti r &gt; 0,999 95-dir. Thies First Class Advanced II r &gt; 0,999 99 (4 &#8230; 20 m\/s) t\u0259klif edir.<\/p>\n<p>&nbsp;<\/p>\n<p><img decoding=\"async\" class=\"img-fluid\" src=\"https:\/\/www.ammonit.com\/media\/filer_public_thumbnails\/filer_public\/d5\/4d\/d54d4534-29dd-4cb9-bafc-7d774eea70ca\/anemometer_thiesfirstclassadvancedx_s11200-h_dimensional_drawing.png__311x437_q85_subsampling-2.jpg\" alt=\"\" \/><\/p>\n<table id=\"table005\" width=\"637\">\n<colgroup>\n<col \/>\n<col \/><\/colgroup>\n<thead>\n<tr>\n<th colspan=\"2\" scope=\"col\"><span style=\"font-weight: 400;\">Characteristics<\/span><\/th>\n<\/tr>\n<\/thead>\n<tbody>\n<tr>\n<td>Physical functionality<\/td>\n<td>Optically-scanned cup anemometer<\/td>\n<\/tr>\n<tr>\n<td>Delivered signal<\/td>\n<td>Frequency output (pulse) and RS485 (Modbus)<\/td>\n<\/tr>\n<tr>\n<td colspan=\"2\">Accuracy<\/td>\n<\/tr>\n<tr>\n<td>Accuracy wind speed<\/td>\n<td>\u00b11% of measured value or &lt;\u00a0\u00b10.2 m\/s @ 0.3 &#8230; 50\/s<\/td>\n<\/tr>\n<tr>\n<td>Accuracy housing temperature<\/td>\n<td>\u00b11\u00b0 (Measurement range: -40 &#8230; +80 \u00b0C)<\/td>\n<\/tr>\n<tr>\n<td>Accuracy air pressure<\/td>\n<td>\u00b11 hPa @ 20\u00b0C (Measurement range: 300 &#8230; 1100 hPa)<\/td>\n<\/tr>\n<tr>\n<td>Accuracy inclination (X, Y, Z)<\/td>\n<td>\u00b11\u00b0 (Measurement range: -89.9\u00b0 &#8230; +89.9\u00b0)<\/td>\n<\/tr>\n<tr>\n<td>Accuracy vibration (X, Y, Z)<\/td>\n<td>\u00b10.4 Hz (Measurement range: 0 &#8230; 50 Hz)<\/td>\n<\/tr>\n<tr>\n<td>Accuracy acceleration<\/td>\n<td>\u00b130 mg (Measurement range:\u00a0\u00b18 g)<\/td>\n<\/tr>\n<tr>\n<td>Linearity<\/td>\n<td>Correlation factor\u00a0r\u00a0between frequency\u00a0f\u00a0and wind speed\u00a0y<\/p>\n<p>r &gt; 0.999 99 (4 &#8230; 20 m\/s)<\/td>\n<\/tr>\n<tr>\n<td>Starting velocity<\/td>\n<td>&lt; 0.3 m\/s<\/td>\n<\/tr>\n<tr>\n<td>Resolution<\/td>\n<td>0.05 m wind run<\/td>\n<\/tr>\n<tr>\n<td>Distance constant<\/td>\n<td>&lt; 3 m (acc. to ASTM D 5096 &#8211; 96) 3 m acc. to ISO 17713-1<\/td>\n<\/tr>\n<tr>\n<td>Turbulent flow into cups<\/td>\n<td>Deviation\u00a0\u0394v turbulent compared with stationary horizontal flow<\/p>\n<p>-0.5 % &lt;\u00a0\u0394v &lt; +2 %<\/p>\n<p>Frequency &lt; 2 Hz<\/td>\n<\/tr>\n<tr>\n<td>Wind load<\/td>\n<td>Approx. 100 N @ 75 m\/s<\/td>\n<\/tr>\n<tr>\n<td colspan=\"2\">Operating range<\/td>\n<\/tr>\n<tr>\n<td>Measuring range<\/td>\n<td>0.3 &#8230; 75 m\/s<\/td>\n<\/tr>\n<tr>\n<td>Survival speed<\/td>\n<td>80 m\/s (mind. 30 min)<\/td>\n<\/tr>\n<tr>\n<td>Permissible ambient conditions<\/td>\n<td>-40 &#8230; +80 \u00b0C, 0 &#8230; 100% RH including condensation<\/td>\n<\/tr>\n<tr>\n<td colspan=\"2\">Electrical data<\/td>\n<\/tr>\n<tr>\n<td>Output signal (frequency)<\/td>\n<td>Form rectangle, 1082 Hz @ 50 m\/s, supply voltage max. 15 V<\/td>\n<\/tr>\n<tr>\n<td>Output signal (RS485)<\/td>\n<td>Modbus protocol, bus-compatible<\/p>\n<p>Half duplex, data format: 8N1<\/p>\n<p>Baud rate: 2400, 4800, 9600, 19200, 38400, 57600<\/td>\n<\/tr>\n<tr>\n<td>Electrical supply for optoelec. scanning<\/td>\n<td>Voltage: 3.7 &#8230; 42 VDC (galvanic isolation from housing)<\/p>\n<p>Current: typically 14 mA, max. 100 mA<\/p>\n<p>(with heating for pressure sensor on)<\/p>\n<p>approx. 0,9 mA (power saving mode SM1,HT0)<\/td>\n<\/tr>\n<tr>\n<td>Electrical supply for heating<br \/>\n(only S11200H)<\/td>\n<td>Voltage: 24 V AC\/DC (galvanic isolation from housing)<\/p>\n<p>Idling voltage: max. 32 VAC, max. 48 VDC<\/p>\n<p>Power consumption: 25 W<\/td>\n<\/tr>\n<tr>\n<td colspan=\"2\">General<\/td>\n<\/tr>\n<tr>\n<td>Connection<\/td>\n<td>8-pole plug-connection for shielded cable in the shaft<\/td>\n<\/tr>\n<tr>\n<td>Mounting<\/td>\n<td>on mast tube R1\u201d (Outer diameter \u2264 34 mm, Inner diameter \u2265 22 mm)<\/td>\n<\/tr>\n<tr>\n<td>Dimensions<\/td>\n<td>290 x 240 mm<\/td>\n<\/tr>\n<tr>\n<td>Fixing boring<\/td>\n<td>35 x 25 mm<\/td>\n<\/tr>\n<tr>\n<td>Weight<\/td>\n<td>approx. 0.5 kg<\/td>\n<\/tr>\n<tr>\n<td>Material Housing<\/p>\n<p>Cup star<\/td>\n<td>Anodised aluminiun<\/p>\n<p>Carbon-fibre-reinforced plastic<\/td>\n<\/tr>\n<tr>\n<td>Type of bearings<\/td>\n<td>Metallic ball bearings<\/td>\n<\/tr>\n<tr>\n<td>Protection<\/td>\n<td>IP 55 (DIN 40050)<\/td>\n<\/tr>\n<tr>\n<td>Patent<\/td>\n<td>EP 1 398 637, DE 103 27 632, EP 1 489 427<\/td>\n<\/tr>\n<tr>\n<td>EMC<\/td>\n<td>EN 61000-6-2, EN 61000-6-3, EN 61010-1, EN 63000 2019-05<\/td>\n<\/tr>\n<tr>\n<td>Manufacturer<\/td>\n<td>Thies<\/td>\n<\/tr>\n<tr>\n<td>Accessory<\/td>\n<td>Module set M83575 (incl. isolated repeater)<\/td>\n<\/tr>\n<\/tbody>\n<\/table>\n","protected":false},"excerpt":{"rendered":"<h3>Sifari\u015f n\u00f6mr\u0259si<\/h3>\n<p>S11201\/S11201H<\/p>\n<h3>IEC 61400-12-1 N\u0259\u015fr 2.0 (2017-03) uy\u011fun olaraq t\u0259snif edilmi\u015fdir<\/h3>\n<p>Thies FCA X Anemometri bazarda \u0259n yax\u015f\u0131 t\u0259snifat d\u0259y\u0259rl\u0259rin\u0259 malikdir. Onun qura\u015fd\u0131r\u0131lm\u0131\u015f t\u0259zyiq sensoru hava t\u0259zyiqind\u0259n as\u0131l\u0131 olaraq k\u00fcl\u0259yin s\u00fcr\u0259tinin \u00f6l\u00e7\u00fclm\u0259sini avtomatik d\u00fcz\u0259ldir. Yeni a\u015fa\u011f\u0131 g\u00fcc versiyas\u0131 indi IEC t\u0259snifat rejimind\u0259 daha da a\u015fa\u011f\u0131 istehlaka malikdir (12 V-da 14 mA) v\u0259 bir avtobusda s\u0259kkiz\u0259 q\u0259d\u0259r sensor birl\u0259\u015fdiril\u0259 bil\u0259r.<\/p>\n<p>K\u00f6hn\u0259 versiya yenisi il\u0259 eyni rabit\u0259 protokolundan istifad\u0259 etdiyi \u00fc\u00e7\u00fcn onlar eyni avtobusda istifad\u0259 oluna bil\u0259r.<\/p>\n","protected":false},"featured_media":30830,"template":"","meta":[],"product_brand":[],"product_cat":[1422],"product_tag":[],"class_list":{"0":"post-30835","1":"product","2":"type-product","3":"status-publish","4":"has-post-thumbnail","6":"product_cat-anemometr","8":"first","9":"instock","10":"shipping-taxable","11":"product-type-simple"},"yoast_head":"<!-- This site is optimized with the Yoast SEO plugin v27.1.1 - https:\/\/yoast.com\/product\/yoast-seo-wordpress\/ -->\n<title>Anemometr Thies First Class Advanced X - Climate Master<\/title>\n<meta name=\"robots\" content=\"index, follow, max-snippet:-1, max-image-preview:large, max-video-preview:-1\" \/>\n<link rel=\"canonical\" href=\"https:\/\/climatemaster.ge\/az\/product\/anemometer-thies-first-class-advanced-x\/\" \/>\n<meta property=\"og:locale\" content=\"az_AZ\" \/>\n<meta property=\"og:type\" content=\"article\" \/>\n<meta property=\"og:title\" content=\"Anemometr Thies First Class Advanced X - Climate Master\" \/>\n<meta property=\"og:description\" content=\"Sifari\u015f n\u00f6mr\u0259si S11201\/S11201H IEC 61400-12-1 N\u0259\u015fr 2.0 (2017-03) uy\u011fun olaraq t\u0259snif edilmi\u015fdir Thies FCA X Anemometri bazarda \u0259n yax\u015f\u0131 t\u0259snifat d\u0259y\u0259rl\u0259rin\u0259 malikdir. Onun qura\u015fd\u0131r\u0131lm\u0131\u015f t\u0259zyiq sensoru hava t\u0259zyiqind\u0259n as\u0131l\u0131 olaraq k\u00fcl\u0259yin s\u00fcr\u0259tinin \u00f6l\u00e7\u00fclm\u0259sini avtomatik d\u00fcz\u0259ldir. Yeni a\u015fa\u011f\u0131 g\u00fcc versiyas\u0131 indi IEC t\u0259snifat rejimind\u0259 daha da a\u015fa\u011f\u0131 istehlaka malikdir (12 V-da 14 mA) v\u0259 bir avtobusda s\u0259kkiz\u0259 q\u0259d\u0259r sensor birl\u0259\u015fdiril\u0259 bil\u0259r.  K\u00f6hn\u0259 versiya yenisi il\u0259 eyni rabit\u0259 protokolundan istifad\u0259 etdiyi \u00fc\u00e7\u00fcn onlar eyni avtobusda istifad\u0259 oluna bil\u0259r.\" \/>\n<meta property=\"og:url\" content=\"https:\/\/climatemaster.ge\/az\/product\/anemometer-thies-first-class-advanced-x\/\" \/>\n<meta property=\"og:site_name\" content=\"Climate Master\" \/>\n<meta property=\"article:modified_time\" content=\"2025-05-10T17:50:07+00:00\" \/>\n<meta property=\"og:image\" content=\"https:\/\/climatemaster.ge\/wp-content\/uploads\/2025\/05\/Anemometer-Thies-First-Class-Advanced-X.png\" \/>\n\t<meta property=\"og:image:width\" content=\"490\" \/>\n\t<meta property=\"og:image:height\" content=\"490\" \/>\n\t<meta property=\"og:image:type\" content=\"image\/png\" \/>\n<meta name=\"twitter:card\" content=\"summary_large_image\" \/>\n<meta name=\"twitter:label1\" content=\"Est. reading time\" \/>\n\t<meta name=\"twitter:data1\" content=\"6 minutes\" \/>\n<script type=\"application\/ld+json\" class=\"yoast-schema-graph\">{\"@context\":\"https:\/\/schema.org\",\"@graph\":[{\"@type\":\"WebPage\",\"@id\":\"https:\/\/climatemaster.ge\/az\/product\/anemometer-thies-first-class-advanced-x\/\",\"url\":\"https:\/\/climatemaster.ge\/az\/product\/anemometer-thies-first-class-advanced-x\/\",\"name\":\"Anemometr Thies First Class Advanced X - Climate Master\",\"isPartOf\":{\"@id\":\"https:\/\/climatemaster.ge\/#website\"},\"primaryImageOfPage\":{\"@id\":\"https:\/\/climatemaster.ge\/az\/product\/anemometer-thies-first-class-advanced-x\/#primaryimage\"},\"image\":{\"@id\":\"https:\/\/climatemaster.ge\/az\/product\/anemometer-thies-first-class-advanced-x\/#primaryimage\"},\"thumbnailUrl\":\"https:\/\/climatemaster.ge\/wp-content\/uploads\/2025\/05\/Anemometer-Thies-First-Class-Advanced-X.png\",\"datePublished\":\"2025-05-10T16:56:02+00:00\",\"dateModified\":\"2025-05-10T17:50:07+00:00\",\"breadcrumb\":{\"@id\":\"https:\/\/climatemaster.ge\/az\/product\/anemometer-thies-first-class-advanced-x\/#breadcrumb\"},\"inLanguage\":\"az\",\"potentialAction\":[{\"@type\":\"ReadAction\",\"target\":[\"https:\/\/climatemaster.ge\/az\/product\/anemometer-thies-first-class-advanced-x\/\"]}]},{\"@type\":\"ImageObject\",\"inLanguage\":\"az\",\"@id\":\"https:\/\/climatemaster.ge\/az\/product\/anemometer-thies-first-class-advanced-x\/#primaryimage\",\"url\":\"https:\/\/climatemaster.ge\/wp-content\/uploads\/2025\/05\/Anemometer-Thies-First-Class-Advanced-X.png\",\"contentUrl\":\"https:\/\/climatemaster.ge\/wp-content\/uploads\/2025\/05\/Anemometer-Thies-First-Class-Advanced-X.png\",\"width\":490,\"height\":490},{\"@type\":\"BreadcrumbList\",\"@id\":\"https:\/\/climatemaster.ge\/az\/product\/anemometer-thies-first-class-advanced-x\/#breadcrumb\",\"itemListElement\":[{\"@type\":\"ListItem\",\"position\":1,\"name\":\"Home\",\"item\":\"https:\/\/climatemaster.ge\/\"},{\"@type\":\"ListItem\",\"position\":2,\"name\":\"M\u0259hsullar\",\"item\":\"https:\/\/climatemaster.ge\/products\/\"},{\"@type\":\"ListItem\",\"position\":3,\"name\":\"Anemometr Thies First Class Advanced X\"}]},{\"@type\":\"WebSite\",\"@id\":\"https:\/\/climatemaster.ge\/#website\",\"url\":\"https:\/\/climatemaster.ge\/\",\"name\":\"Climate Master\",\"description\":\"\",\"publisher\":{\"@id\":\"https:\/\/climatemaster.ge\/#organization\"},\"potentialAction\":[{\"@type\":\"SearchAction\",\"target\":{\"@type\":\"EntryPoint\",\"urlTemplate\":\"https:\/\/climatemaster.ge\/?s={search_term_string}\"},\"query-input\":{\"@type\":\"PropertyValueSpecification\",\"valueRequired\":true,\"valueName\":\"search_term_string\"}}],\"inLanguage\":\"az\"},{\"@type\":\"Organization\",\"@id\":\"https:\/\/climatemaster.ge\/#organization\",\"name\":\"Climate Master\",\"url\":\"https:\/\/climatemaster.ge\/\",\"logo\":{\"@type\":\"ImageObject\",\"inLanguage\":\"az\",\"@id\":\"https:\/\/climatemaster.ge\/#\/schema\/logo\/image\/\",\"url\":\"https:\/\/climatemaster.ge\/wp-content\/uploads\/2026\/03\/Untitled-2.png\",\"contentUrl\":\"https:\/\/climatemaster.ge\/wp-content\/uploads\/2026\/03\/Untitled-2.png\",\"width\":600,\"height\":338,\"caption\":\"Climate Master\"},\"image\":{\"@id\":\"https:\/\/climatemaster.ge\/#\/schema\/logo\/image\/\"}}]}<\/script>\n<!-- \/ Yoast SEO plugin. -->","yoast_head_json":{"title":"Anemometr Thies First Class Advanced X - Climate Master","robots":{"index":"index","follow":"follow","max-snippet":"max-snippet:-1","max-image-preview":"max-image-preview:large","max-video-preview":"max-video-preview:-1"},"canonical":"https:\/\/climatemaster.ge\/az\/product\/anemometer-thies-first-class-advanced-x\/","og_locale":"az_AZ","og_type":"article","og_title":"Anemometr Thies First Class Advanced X - Climate Master","og_description":"Sifari\u015f n\u00f6mr\u0259si S11201\/S11201H IEC 61400-12-1 N\u0259\u015fr 2.0 (2017-03) uy\u011fun olaraq t\u0259snif edilmi\u015fdir Thies FCA X Anemometri bazarda \u0259n yax\u015f\u0131 t\u0259snifat d\u0259y\u0259rl\u0259rin\u0259 malikdir. Onun qura\u015fd\u0131r\u0131lm\u0131\u015f t\u0259zyiq sensoru hava t\u0259zyiqind\u0259n as\u0131l\u0131 olaraq k\u00fcl\u0259yin s\u00fcr\u0259tinin \u00f6l\u00e7\u00fclm\u0259sini avtomatik d\u00fcz\u0259ldir. Yeni a\u015fa\u011f\u0131 g\u00fcc versiyas\u0131 indi IEC t\u0259snifat rejimind\u0259 daha da a\u015fa\u011f\u0131 istehlaka malikdir (12 V-da 14 mA) v\u0259 bir avtobusda s\u0259kkiz\u0259 q\u0259d\u0259r sensor birl\u0259\u015fdiril\u0259 bil\u0259r.  K\u00f6hn\u0259 versiya yenisi il\u0259 eyni rabit\u0259 protokolundan istifad\u0259 etdiyi \u00fc\u00e7\u00fcn onlar eyni avtobusda istifad\u0259 oluna bil\u0259r.","og_url":"https:\/\/climatemaster.ge\/az\/product\/anemometer-thies-first-class-advanced-x\/","og_site_name":"Climate Master","article_modified_time":"2025-05-10T17:50:07+00:00","og_image":[{"width":490,"height":490,"url":"https:\/\/climatemaster.ge\/wp-content\/uploads\/2025\/05\/Anemometer-Thies-First-Class-Advanced-X.png","type":"image\/png"}],"twitter_card":"summary_large_image","twitter_misc":{"Est. reading time":"6 minutes"},"schema":{"@context":"https:\/\/schema.org","@graph":[{"@type":"WebPage","@id":"https:\/\/climatemaster.ge\/az\/product\/anemometer-thies-first-class-advanced-x\/","url":"https:\/\/climatemaster.ge\/az\/product\/anemometer-thies-first-class-advanced-x\/","name":"Anemometr Thies First Class Advanced X - Climate Master","isPartOf":{"@id":"https:\/\/climatemaster.ge\/#website"},"primaryImageOfPage":{"@id":"https:\/\/climatemaster.ge\/az\/product\/anemometer-thies-first-class-advanced-x\/#primaryimage"},"image":{"@id":"https:\/\/climatemaster.ge\/az\/product\/anemometer-thies-first-class-advanced-x\/#primaryimage"},"thumbnailUrl":"https:\/\/climatemaster.ge\/wp-content\/uploads\/2025\/05\/Anemometer-Thies-First-Class-Advanced-X.png","datePublished":"2025-05-10T16:56:02+00:00","dateModified":"2025-05-10T17:50:07+00:00","breadcrumb":{"@id":"https:\/\/climatemaster.ge\/az\/product\/anemometer-thies-first-class-advanced-x\/#breadcrumb"},"inLanguage":"az","potentialAction":[{"@type":"ReadAction","target":["https:\/\/climatemaster.ge\/az\/product\/anemometer-thies-first-class-advanced-x\/"]}]},{"@type":"ImageObject","inLanguage":"az","@id":"https:\/\/climatemaster.ge\/az\/product\/anemometer-thies-first-class-advanced-x\/#primaryimage","url":"https:\/\/climatemaster.ge\/wp-content\/uploads\/2025\/05\/Anemometer-Thies-First-Class-Advanced-X.png","contentUrl":"https:\/\/climatemaster.ge\/wp-content\/uploads\/2025\/05\/Anemometer-Thies-First-Class-Advanced-X.png","width":490,"height":490},{"@type":"BreadcrumbList","@id":"https:\/\/climatemaster.ge\/az\/product\/anemometer-thies-first-class-advanced-x\/#breadcrumb","itemListElement":[{"@type":"ListItem","position":1,"name":"Home","item":"https:\/\/climatemaster.ge\/"},{"@type":"ListItem","position":2,"name":"M\u0259hsullar","item":"https:\/\/climatemaster.ge\/products\/"},{"@type":"ListItem","position":3,"name":"Anemometr Thies First Class Advanced X"}]},{"@type":"WebSite","@id":"https:\/\/climatemaster.ge\/#website","url":"https:\/\/climatemaster.ge\/","name":"Climate Master","description":"","publisher":{"@id":"https:\/\/climatemaster.ge\/#organization"},"potentialAction":[{"@type":"SearchAction","target":{"@type":"EntryPoint","urlTemplate":"https:\/\/climatemaster.ge\/?s={search_term_string}"},"query-input":{"@type":"PropertyValueSpecification","valueRequired":true,"valueName":"search_term_string"}}],"inLanguage":"az"},{"@type":"Organization","@id":"https:\/\/climatemaster.ge\/#organization","name":"Climate Master","url":"https:\/\/climatemaster.ge\/","logo":{"@type":"ImageObject","inLanguage":"az","@id":"https:\/\/climatemaster.ge\/#\/schema\/logo\/image\/","url":"https:\/\/climatemaster.ge\/wp-content\/uploads\/2026\/03\/Untitled-2.png","contentUrl":"https:\/\/climatemaster.ge\/wp-content\/uploads\/2026\/03\/Untitled-2.png","width":600,"height":338,"caption":"Climate Master"},"image":{"@id":"https:\/\/climatemaster.ge\/#\/schema\/logo\/image\/"}}]}},"_links":{"self":[{"href":"https:\/\/climatemaster.ge\/az\/wp-json\/wp\/v2\/product\/30835","targetHints":{"allow":["GET"]}}],"collection":[{"href":"https:\/\/climatemaster.ge\/az\/wp-json\/wp\/v2\/product"}],"about":[{"href":"https:\/\/climatemaster.ge\/az\/wp-json\/wp\/v2\/types\/product"}],"wp:featuredmedia":[{"embeddable":true,"href":"https:\/\/climatemaster.ge\/az\/wp-json\/wp\/v2\/media\/30830"}],"wp:attachment":[{"href":"https:\/\/climatemaster.ge\/az\/wp-json\/wp\/v2\/media?parent=30835"}],"wp:term":[{"taxonomy":"product_brand","embeddable":true,"href":"https:\/\/climatemaster.ge\/az\/wp-json\/wp\/v2\/product_brand?post=30835"},{"taxonomy":"product_cat","embeddable":true,"href":"https:\/\/climatemaster.ge\/az\/wp-json\/wp\/v2\/product_cat?post=30835"},{"taxonomy":"product_tag","embeddable":true,"href":"https:\/\/climatemaster.ge\/az\/wp-json\/wp\/v2\/product_tag?post=30835"}],"curies":[{"name":"wp","href":"https:\/\/api.w.org\/{rel}","templated":true}]}}