{"id":30713,"date":"2025-05-06T09:02:21","date_gmt":"2025-05-06T05:02:21","guid":{"rendered":"https:\/\/airsystems.ge\/shop\/product\/uv-protective-glasses\/"},"modified":"2025-05-06T09:15:09","modified_gmt":"2025-05-06T05:15:09","slug":"uv-protective-glasses","status":"publish","type":"product","link":"https:\/\/climatemaster.ge\/az\/product\/uv-protective-glasses\/","title":{"rendered":"UV UV qoruyucu eyn\u0259kl\u0259r"},"content":{"rendered":"<p><strong>X\u00fcsusiyy\u0259tl\u0259r<\/strong><\/p>\n<p>\u2022 Y\u00fcks\u0259k z\u0259rb\u0259 m\u00fcqavim\u0259ti v\u0259 effektiv UV qorunmas\u0131 \u00fc\u00e7\u00fcn polikarbonatdan haz\u0131rlanm\u0131\u015fd\u0131r<br \/>\n\u2022 Par\u0131lt\u0131ya qar\u015f\u0131 yax\u015f\u0131 qoruma t\u0259min ed\u0259n \u015f\u0259ffaf, neytral r\u0259ng.<br \/>\n\u2022 \u00c7izilm\u0259y\u0259 davaml\u0131d\u0131r, eyn\u0259k kimi ideald\u0131r<\/p>\n<p><strong>UV radiasiyaya qar\u015f\u0131 \u0259n yax\u015f\u0131 qorunma<\/strong><\/p>\n<p>UV \u015f\u00fcalar\u0131 il\u0259 i\u015fl\u0259y\u0259rk\u0259n g\u00f6zl\u0259ri z\u0259r\u0259rli UV \u015f\u00fcalar\u0131ndan qorumaq \u00fc\u00e7\u00fcn h\u0259mi\u015f\u0259 eyn\u0259k taxmaq laz\u0131md\u0131r. M\u0259s\u0259l\u0259n, UVA \u0259l lampalar\u0131, UV-TrackMaster v\u0259 ya s\u0131zma a\u015fkarlayan cihaz UV-Torchlight 15F istifad\u0259 ed\u0259rk\u0259n. \u018fks halda buynuz qi\u015fan\u0131n iltihab\u0131, katarakta v\u0259 ya tor qi\u015fan\u0131n iltihab\u0131 kimi z\u0259r\u0259rli t\u0259sirl\u0259r yarana bil\u0259r.<\/p>\n<p><strong>Texniki m\u0259lumatlar<\/strong><\/p>\n<p>EN166\/169 Standart: yerin\u0259 yetirildi<br \/>\nUV qorunmas\u0131: 100%<br \/>\nR\u0259ng: \u015f\u0259ffaf, neytral r\u0259ng<br \/>\nMaterial: Polikarbonat<br \/>\nT\u0259tbiq sah\u0259si: S\u0259naye, Xarici<\/p>\n","protected":false},"excerpt":{"rendered":"<p>Universal qoruyucu eyn\u0259kl\u0259r. Onlar izl\u0259yici a\u015fkarlama vasit\u0259si il\u0259 da\u011f\u0131d\u0131c\u0131 olmayan s\u0131zma a\u015fkarlanmas\u0131 zaman\u0131 UV \u015f\u00fcalar\u0131ndan qoruyurlar. Onlar h\u0259m\u00e7inin istehsal s\u0259nayesind\u0259 istifad\u0259 \u00fc\u00e7\u00fcn m\u00fck\u0259mm\u0259l uy\u011fun g\u0259lir. Onlar a\u015f\u0131nma, havadak\u0131 hiss\u0259cikl\u0259r, bioloji t\u0259hl\u00fck\u0259l\u0259r v\u0259 s. kimi x\u00fcsusi riskl\u0259rd\u0259n qoruyur.<\/p>\n<p><strong>EG Kateqoriya PSA<\/strong><\/p>\n<p>II kateqoriya, EN 166\/169; Avropa Direktivi 89\/686\/EEC, optik sinif 1, F &#8211; A\u015fa\u011f\u0131 enerji il\u0259 t\u0259sir (45 m\/s):<br \/>\nEyn\u0259kl\u0259r dal\u011fa uzunlu\u011fu 380-400 nanometr olan radiasiyaya qar\u015f\u0131 100% UV-d\u0259n qorunma\u011f\u0131 n\u0259z\u0259rd\u0259 tutan EN166\/169 standart\u0131na cavab verir. Standart Avropa \u0130ttifaq\u0131 t\u0259r\u0259find\u0259n \u0259m\u0259yin m\u00fchafiz\u0259si eyn\u0259kl\u0259ri \u00fc\u00e7\u00fcn m\u00fc\u0259yy\u0259n edilmi\u015fdir v\u0259 UV-d\u0259n qorunma eyn\u0259kl\u0259ri \u00fc\u00e7\u00fcn m\u00fch\u00fcm keyfiyy\u0259t x\u00fcsusiyy\u0259tidir.<\/p>\n","protected":false},"featured_media":30739,"template":"","meta":[],"product_brand":[],"product_cat":[1004,820,817,1016],"product_tag":[],"class_list":{"0":"post-30713","1":"product","2":"type-product","3":"status-publish","4":"has-post-thumbnail","6":"product_cat-leak-detection-az","7":"product_cat-olcm-texnologiyasi-cihazlari-altlri-az","8":"product_cat-trotec-az","9":"product_cat-uv-a-radiation-az","11":"first","12":"instock","13":"shipping-taxable","14":"purchasable","15":"product-type-simple"},"yoast_head":"<!-- This site is optimized with the Yoast SEO plugin v27.1.1 - https:\/\/yoast.com\/product\/yoast-seo-wordpress\/ -->\n<title>UV UV qoruyucu eyn\u0259kl\u0259r - Climate Master<\/title>\n<meta name=\"robots\" content=\"index, follow, max-snippet:-1, max-image-preview:large, max-video-preview:-1\" \/>\n<link rel=\"canonical\" href=\"https:\/\/climatemaster.ge\/az\/product\/uv-protective-glasses\/\" \/>\n<meta property=\"og:locale\" content=\"az_AZ\" \/>\n<meta property=\"og:type\" content=\"article\" \/>\n<meta property=\"og:title\" content=\"UV UV qoruyucu eyn\u0259kl\u0259r - Climate Master\" \/>\n<meta property=\"og:description\" content=\"Universal qoruyucu eyn\u0259kl\u0259r. Onlar izl\u0259yici a\u015fkarlama vasit\u0259si il\u0259 da\u011f\u0131d\u0131c\u0131 olmayan s\u0131zma a\u015fkarlanmas\u0131 zaman\u0131 UV \u015f\u00fcalar\u0131ndan qoruyurlar. Onlar h\u0259m\u00e7inin istehsal s\u0259nayesind\u0259 istifad\u0259 \u00fc\u00e7\u00fcn m\u00fck\u0259mm\u0259l uy\u011fun g\u0259lir. Onlar a\u015f\u0131nma, havadak\u0131 hiss\u0259cikl\u0259r, bioloji t\u0259hl\u00fck\u0259l\u0259r v\u0259 s. kimi x\u00fcsusi riskl\u0259rd\u0259n qoruyur.  EG Kateqoriya PSA  II kateqoriya, EN 166\/169; Avropa Direktivi 89\/686\/EEC, optik sinif 1, F - A\u015fa\u011f\u0131 enerji il\u0259 t\u0259sir (45 m\/s): Eyn\u0259kl\u0259r dal\u011fa uzunlu\u011fu 380-400 nanometr olan radiasiyaya qar\u015f\u0131 100% UV-d\u0259n qorunma\u011f\u0131 n\u0259z\u0259rd\u0259 tutan EN166\/169 standart\u0131na cavab verir. Standart Avropa \u0130ttifaq\u0131 t\u0259r\u0259find\u0259n \u0259m\u0259yin m\u00fchafiz\u0259si eyn\u0259kl\u0259ri \u00fc\u00e7\u00fcn m\u00fc\u0259yy\u0259n edilmi\u015fdir v\u0259 UV-d\u0259n qorunma eyn\u0259kl\u0259ri \u00fc\u00e7\u00fcn m\u00fch\u00fcm keyfiyy\u0259t x\u00fcsusiyy\u0259tidir.\" \/>\n<meta property=\"og:url\" content=\"https:\/\/climatemaster.ge\/az\/product\/uv-protective-glasses\/\" \/>\n<meta property=\"og:site_name\" content=\"Climate Master\" \/>\n<meta property=\"article:modified_time\" content=\"2025-05-06T05:15:09+00:00\" \/>\n<meta property=\"og:image\" content=\"https:\/\/climatemaster.ge\/wp-content\/uploads\/2025\/05\/uv-schutzbrille-default-title-55697008034133.webp\" \/>\n\t<meta property=\"og:image:width\" content=\"590\" \/>\n\t<meta property=\"og:image:height\" content=\"590\" \/>\n\t<meta property=\"og:image:type\" content=\"image\/webp\" \/>\n<meta name=\"twitter:card\" content=\"summary_large_image\" \/>\n<meta name=\"twitter:label1\" content=\"Est. reading time\" \/>\n\t<meta name=\"twitter:data1\" content=\"1 minute\" \/>\n<script type=\"application\/ld+json\" class=\"yoast-schema-graph\">{\"@context\":\"https:\/\/schema.org\",\"@graph\":[{\"@type\":\"WebPage\",\"@id\":\"https:\/\/climatemaster.ge\/az\/product\/uv-protective-glasses\/\",\"url\":\"https:\/\/climatemaster.ge\/az\/product\/uv-protective-glasses\/\",\"name\":\"UV UV qoruyucu eyn\u0259kl\u0259r - Climate Master\",\"isPartOf\":{\"@id\":\"https:\/\/climatemaster.ge\/#website\"},\"primaryImageOfPage\":{\"@id\":\"https:\/\/climatemaster.ge\/az\/product\/uv-protective-glasses\/#primaryimage\"},\"image\":{\"@id\":\"https:\/\/climatemaster.ge\/az\/product\/uv-protective-glasses\/#primaryimage\"},\"thumbnailUrl\":\"https:\/\/climatemaster.ge\/wp-content\/uploads\/2025\/05\/uv-schutzbrille-default-title-55697008034133.webp\",\"datePublished\":\"2025-05-06T05:02:21+00:00\",\"dateModified\":\"2025-05-06T05:15:09+00:00\",\"breadcrumb\":{\"@id\":\"https:\/\/climatemaster.ge\/az\/product\/uv-protective-glasses\/#breadcrumb\"},\"inLanguage\":\"az\",\"potentialAction\":[{\"@type\":\"ReadAction\",\"target\":[\"https:\/\/climatemaster.ge\/az\/product\/uv-protective-glasses\/\"]}]},{\"@type\":\"ImageObject\",\"inLanguage\":\"az\",\"@id\":\"https:\/\/climatemaster.ge\/az\/product\/uv-protective-glasses\/#primaryimage\",\"url\":\"https:\/\/climatemaster.ge\/wp-content\/uploads\/2025\/05\/uv-schutzbrille-default-title-55697008034133.webp\",\"contentUrl\":\"https:\/\/climatemaster.ge\/wp-content\/uploads\/2025\/05\/uv-schutzbrille-default-title-55697008034133.webp\",\"width\":590,\"height\":590},{\"@type\":\"BreadcrumbList\",\"@id\":\"https:\/\/climatemaster.ge\/az\/product\/uv-protective-glasses\/#breadcrumb\",\"itemListElement\":[{\"@type\":\"ListItem\",\"position\":1,\"name\":\"Home\",\"item\":\"https:\/\/climatemaster.ge\/\"},{\"@type\":\"ListItem\",\"position\":2,\"name\":\"M\u0259hsullar\",\"item\":\"https:\/\/climatemaster.ge\/products\/\"},{\"@type\":\"ListItem\",\"position\":3,\"name\":\"UV UV qoruyucu eyn\u0259kl\u0259r\"}]},{\"@type\":\"WebSite\",\"@id\":\"https:\/\/climatemaster.ge\/#website\",\"url\":\"https:\/\/climatemaster.ge\/\",\"name\":\"Climate Master\",\"description\":\"\",\"publisher\":{\"@id\":\"https:\/\/climatemaster.ge\/#organization\"},\"potentialAction\":[{\"@type\":\"SearchAction\",\"target\":{\"@type\":\"EntryPoint\",\"urlTemplate\":\"https:\/\/climatemaster.ge\/?s={search_term_string}\"},\"query-input\":{\"@type\":\"PropertyValueSpecification\",\"valueRequired\":true,\"valueName\":\"search_term_string\"}}],\"inLanguage\":\"az\"},{\"@type\":\"Organization\",\"@id\":\"https:\/\/climatemaster.ge\/#organization\",\"name\":\"Climate Master\",\"url\":\"https:\/\/climatemaster.ge\/\",\"logo\":{\"@type\":\"ImageObject\",\"inLanguage\":\"az\",\"@id\":\"https:\/\/climatemaster.ge\/#\/schema\/logo\/image\/\",\"url\":\"https:\/\/climatemaster.ge\/wp-content\/uploads\/2026\/03\/Untitled-2.png\",\"contentUrl\":\"https:\/\/climatemaster.ge\/wp-content\/uploads\/2026\/03\/Untitled-2.png\",\"width\":600,\"height\":338,\"caption\":\"Climate Master\"},\"image\":{\"@id\":\"https:\/\/climatemaster.ge\/#\/schema\/logo\/image\/\"}}]}<\/script>\n<!-- \/ Yoast SEO plugin. -->","yoast_head_json":{"title":"UV UV qoruyucu eyn\u0259kl\u0259r - Climate Master","robots":{"index":"index","follow":"follow","max-snippet":"max-snippet:-1","max-image-preview":"max-image-preview:large","max-video-preview":"max-video-preview:-1"},"canonical":"https:\/\/climatemaster.ge\/az\/product\/uv-protective-glasses\/","og_locale":"az_AZ","og_type":"article","og_title":"UV UV qoruyucu eyn\u0259kl\u0259r - Climate Master","og_description":"Universal qoruyucu eyn\u0259kl\u0259r. Onlar izl\u0259yici a\u015fkarlama vasit\u0259si il\u0259 da\u011f\u0131d\u0131c\u0131 olmayan s\u0131zma a\u015fkarlanmas\u0131 zaman\u0131 UV \u015f\u00fcalar\u0131ndan qoruyurlar. Onlar h\u0259m\u00e7inin istehsal s\u0259nayesind\u0259 istifad\u0259 \u00fc\u00e7\u00fcn m\u00fck\u0259mm\u0259l uy\u011fun g\u0259lir. Onlar a\u015f\u0131nma, havadak\u0131 hiss\u0259cikl\u0259r, bioloji t\u0259hl\u00fck\u0259l\u0259r v\u0259 s. kimi x\u00fcsusi riskl\u0259rd\u0259n qoruyur.  EG Kateqoriya PSA  II kateqoriya, EN 166\/169; Avropa Direktivi 89\/686\/EEC, optik sinif 1, F - A\u015fa\u011f\u0131 enerji il\u0259 t\u0259sir (45 m\/s): Eyn\u0259kl\u0259r dal\u011fa uzunlu\u011fu 380-400 nanometr olan radiasiyaya qar\u015f\u0131 100% UV-d\u0259n qorunma\u011f\u0131 n\u0259z\u0259rd\u0259 tutan EN166\/169 standart\u0131na cavab verir. Standart Avropa \u0130ttifaq\u0131 t\u0259r\u0259find\u0259n \u0259m\u0259yin m\u00fchafiz\u0259si eyn\u0259kl\u0259ri \u00fc\u00e7\u00fcn m\u00fc\u0259yy\u0259n edilmi\u015fdir v\u0259 UV-d\u0259n qorunma eyn\u0259kl\u0259ri \u00fc\u00e7\u00fcn m\u00fch\u00fcm keyfiyy\u0259t x\u00fcsusiyy\u0259tidir.","og_url":"https:\/\/climatemaster.ge\/az\/product\/uv-protective-glasses\/","og_site_name":"Climate Master","article_modified_time":"2025-05-06T05:15:09+00:00","og_image":[{"width":590,"height":590,"url":"https:\/\/climatemaster.ge\/wp-content\/uploads\/2025\/05\/uv-schutzbrille-default-title-55697008034133.webp","type":"image\/webp"}],"twitter_card":"summary_large_image","twitter_misc":{"Est. reading time":"1 minute"},"schema":{"@context":"https:\/\/schema.org","@graph":[{"@type":"WebPage","@id":"https:\/\/climatemaster.ge\/az\/product\/uv-protective-glasses\/","url":"https:\/\/climatemaster.ge\/az\/product\/uv-protective-glasses\/","name":"UV UV qoruyucu eyn\u0259kl\u0259r - Climate Master","isPartOf":{"@id":"https:\/\/climatemaster.ge\/#website"},"primaryImageOfPage":{"@id":"https:\/\/climatemaster.ge\/az\/product\/uv-protective-glasses\/#primaryimage"},"image":{"@id":"https:\/\/climatemaster.ge\/az\/product\/uv-protective-glasses\/#primaryimage"},"thumbnailUrl":"https:\/\/climatemaster.ge\/wp-content\/uploads\/2025\/05\/uv-schutzbrille-default-title-55697008034133.webp","datePublished":"2025-05-06T05:02:21+00:00","dateModified":"2025-05-06T05:15:09+00:00","breadcrumb":{"@id":"https:\/\/climatemaster.ge\/az\/product\/uv-protective-glasses\/#breadcrumb"},"inLanguage":"az","potentialAction":[{"@type":"ReadAction","target":["https:\/\/climatemaster.ge\/az\/product\/uv-protective-glasses\/"]}]},{"@type":"ImageObject","inLanguage":"az","@id":"https:\/\/climatemaster.ge\/az\/product\/uv-protective-glasses\/#primaryimage","url":"https:\/\/climatemaster.ge\/wp-content\/uploads\/2025\/05\/uv-schutzbrille-default-title-55697008034133.webp","contentUrl":"https:\/\/climatemaster.ge\/wp-content\/uploads\/2025\/05\/uv-schutzbrille-default-title-55697008034133.webp","width":590,"height":590},{"@type":"BreadcrumbList","@id":"https:\/\/climatemaster.ge\/az\/product\/uv-protective-glasses\/#breadcrumb","itemListElement":[{"@type":"ListItem","position":1,"name":"Home","item":"https:\/\/climatemaster.ge\/"},{"@type":"ListItem","position":2,"name":"M\u0259hsullar","item":"https:\/\/climatemaster.ge\/products\/"},{"@type":"ListItem","position":3,"name":"UV UV qoruyucu eyn\u0259kl\u0259r"}]},{"@type":"WebSite","@id":"https:\/\/climatemaster.ge\/#website","url":"https:\/\/climatemaster.ge\/","name":"Climate Master","description":"","publisher":{"@id":"https:\/\/climatemaster.ge\/#organization"},"potentialAction":[{"@type":"SearchAction","target":{"@type":"EntryPoint","urlTemplate":"https:\/\/climatemaster.ge\/?s={search_term_string}"},"query-input":{"@type":"PropertyValueSpecification","valueRequired":true,"valueName":"search_term_string"}}],"inLanguage":"az"},{"@type":"Organization","@id":"https:\/\/climatemaster.ge\/#organization","name":"Climate Master","url":"https:\/\/climatemaster.ge\/","logo":{"@type":"ImageObject","inLanguage":"az","@id":"https:\/\/climatemaster.ge\/#\/schema\/logo\/image\/","url":"https:\/\/climatemaster.ge\/wp-content\/uploads\/2026\/03\/Untitled-2.png","contentUrl":"https:\/\/climatemaster.ge\/wp-content\/uploads\/2026\/03\/Untitled-2.png","width":600,"height":338,"caption":"Climate Master"},"image":{"@id":"https:\/\/climatemaster.ge\/#\/schema\/logo\/image\/"}}]}},"_links":{"self":[{"href":"https:\/\/climatemaster.ge\/az\/wp-json\/wp\/v2\/product\/30713","targetHints":{"allow":["GET"]}}],"collection":[{"href":"https:\/\/climatemaster.ge\/az\/wp-json\/wp\/v2\/product"}],"about":[{"href":"https:\/\/climatemaster.ge\/az\/wp-json\/wp\/v2\/types\/product"}],"wp:featuredmedia":[{"embeddable":true,"href":"https:\/\/climatemaster.ge\/az\/wp-json\/wp\/v2\/media\/30739"}],"wp:attachment":[{"href":"https:\/\/climatemaster.ge\/az\/wp-json\/wp\/v2\/media?parent=30713"}],"wp:term":[{"taxonomy":"product_brand","embeddable":true,"href":"https:\/\/climatemaster.ge\/az\/wp-json\/wp\/v2\/product_brand?post=30713"},{"taxonomy":"product_cat","embeddable":true,"href":"https:\/\/climatemaster.ge\/az\/wp-json\/wp\/v2\/product_cat?post=30713"},{"taxonomy":"product_tag","embeddable":true,"href":"https:\/\/climatemaster.ge\/az\/wp-json\/wp\/v2\/product_tag?post=30713"}],"curies":[{"name":"wp","href":"https:\/\/api.w.org\/{rel}","templated":true}]}}