{"id":30653,"date":"2025-05-06T08:06:06","date_gmt":"2025-05-06T04:06:06","guid":{"rendered":"https:\/\/airsystems.ge\/shop\/product\/bl30-climate-data-logger\/"},"modified":"2025-05-06T08:15:58","modified_gmt":"2025-05-06T04:15:58","slug":"bl30-climate-data-logger","status":"publish","type":"product","link":"https:\/\/climatemaster.ge\/az\/product\/bl30-climate-data-logger\/","title":{"rendered":"BL30 \u0130qlim m\u0259lumat qeyd\u00e7isi"},"content":{"rendered":"<ul class=\"list-grid grid-md-2 csc-default csc-bulletlist-1-a\">\n<li class=\"column\"><strong>Bir ne\u00e7\u0259 praktik fayda:<\/strong><\/li>\n<\/ul>\n<ul class=\"list-grid grid-md-2 csc-default csc-bulletlist-1-a\">\n<li class=\"column\">\u0130qlim m\u0259lumatlar\u0131n\u0131n avtonom uzunm\u00fcdd\u0259tli qeydi<br \/>\n32.000\u00a0\u00f6l\u00e7\u00fclm\u00fc\u015f d\u0259y\u0259r \u00fc\u00e7\u00fcn yadda\u015f<br \/>\nS\u0259rb\u0259st \u015f\u0259kild\u0259 m\u00fc\u0259yy\u0259n edil\u0259 bil\u0259n q\u0259na\u0259t interval\u0131 1 saniy\u0259d\u0259n 24 saata q\u0259d\u0259r<br \/>\nSiqnal funksiyas\u0131<br \/>\nMinimum v\u0259 maksimum d\u0259y\u0259rl\u0259rin g\u00f6st\u0259rilm\u0259si daxil olmaqla. vaxt v\u0259 tarix<br \/>\nM\u0259lumat \u00f6t\u00fcr\u00fclm\u0259sini \u00f6l\u00e7m\u0259k \u00fc\u00e7\u00fcn USB interfeysi<br \/>\nPC analiz proqram\u0131<br \/>\nMultiMeasure Studio Pro proqram\u0131 il\u0259 uy\u011fun g\u0259lir<br \/>\nBa\u011flana bil\u0259n kombinasiyal\u0131 kilidli divar m\u00f6t\u0259riz\u0259si<br \/>\n\u018fla qiym\u0259t-performans nisb\u0259ti<\/li>\n<\/ul>\n<table id=\"t26819883283696\" class=\"tech\" cellspacing=\"0\" cellpadding=\"0\">\n<tbody>\n<tr class=\"headerrow\">\n<th colspan=\"3\">General information<\/th>\n<\/tr>\n<tr class=\"odd\">\n<th width=\"30%\"><\/th>\n<th width=\"30%\">Article number<\/th>\n<td width=\"40%\">3.510.205.520<\/td>\n<\/tr>\n<tr class=\"headerrow\">\n<th colspan=\"3\">Air temperature [\u00b0C]<\/th>\n<\/tr>\n<tr class=\"odd\">\n<th width=\"30%\"><\/th>\n<th width=\"30%\">Measuring principle | Air temperature<\/th>\n<td width=\"40%\">NTC<\/td>\n<\/tr>\n<tr class=\"even\">\n<th width=\"30%\"><\/th>\n<th width=\"30%\">Min. measuring range | Air temperature [\u00b0C]<\/th>\n<td width=\"40%\">-40<\/td>\n<\/tr>\n<tr class=\"odd\">\n<th width=\"30%\"><\/th>\n<th width=\"30%\">Max. measuring range | Air temperature [\u00b0C]<\/th>\n<td width=\"40%\">70<\/td>\n<\/tr>\n<tr class=\"even\">\n<th width=\"30%\"><\/th>\n<th width=\"30%\">Accuracy \u00b1 | Air temperature [\u00b0C]<\/th>\n<td width=\"40%\">2<\/td>\n<\/tr>\n<tr class=\"odd\">\n<th width=\"30%\"><\/th>\n<th width=\"30%\">Display resolution [\u00b0C]<\/th>\n<td width=\"40%\">0.1<\/td>\n<\/tr>\n<tr class=\"headerrow\">\n<th colspan=\"3\">Air temperature [\u00b0F]<\/th>\n<\/tr>\n<tr class=\"odd\">\n<th width=\"30%\"><\/th>\n<th width=\"30%\">Min. measuring range | Air temperature [\u00b0F]<\/th>\n<td width=\"40%\">-40<\/td>\n<\/tr>\n<tr class=\"even\">\n<th width=\"30%\"><\/th>\n<th width=\"30%\">Max. measuring range | Air temperature [\u00b0F]<\/th>\n<td width=\"40%\">158<\/td>\n<\/tr>\n<tr class=\"odd\">\n<th width=\"30%\"><\/th>\n<th width=\"30%\">Display resolution [\u00b0F]<\/th>\n<td width=\"40%\">0.1<\/td>\n<\/tr>\n<tr class=\"even\">\n<th width=\"30%\"><\/th>\n<th width=\"30%\">Accuracy \u00b1 | Air temperature [\u00b0F]<\/th>\n<td width=\"40%\">3.6<\/td>\n<\/tr>\n<tr class=\"headerrow\">\n<th colspan=\"3\">Relative humidity<\/th>\n<\/tr>\n<tr class=\"odd\">\n<th width=\"30%\"><\/th>\n<th width=\"30%\">Min. measuring range [% RH]<\/th>\n<td width=\"40%\">0<\/td>\n<\/tr>\n<tr class=\"even\">\n<th width=\"30%\"><\/th>\n<th width=\"30%\">Max. measuring range [% RH]<\/th>\n<td width=\"40%\">100<\/td>\n<\/tr>\n<tr class=\"odd\">\n<th width=\"30%\"><\/th>\n<th width=\"30%\">Accuracy \u00b1 [% r.F.]<\/th>\n<td width=\"40%\">3.5<\/td>\n<\/tr>\n<tr class=\"even\">\n<th width=\"30%\"><\/th>\n<th width=\"30%\">Display resolution [% RH]<\/th>\n<td width=\"40%\">0.1<\/td>\n<\/tr>\n<tr class=\"headerrow\">\n<th colspan=\"3\">Display<\/th>\n<\/tr>\n<tr class=\"odd\">\n<th width=\"30%\"><\/th>\n<th width=\"30%\">LCD<\/th>\n<td width=\"40%\"><\/td>\n<\/tr>\n<tr class=\"even\">\n<th width=\"30%\"><\/th>\n<th width=\"30%\">Monochrome<\/th>\n<td width=\"40%\"><\/td>\n<\/tr>\n<tr class=\"headerrow\">\n<th colspan=\"3\">Memory organisation<\/th>\n<\/tr>\n<tr class=\"odd\">\n<th width=\"30%\"><\/th>\n<th width=\"30%\">Sampling interval<\/th>\n<td width=\"40%\">as of 1 s<\/td>\n<\/tr>\n<tr class=\"even\">\n<th width=\"30%\"><\/th>\n<th width=\"30%\">Saving interval<\/th>\n<td width=\"40%\">as of 1 s<\/td>\n<\/tr>\n<tr class=\"odd\">\n<th width=\"30%\"><\/th>\n<th width=\"30%\">Memory<\/th>\n<td width=\"40%\">32,000 Measured values, (16,000 each for temperature and humidity)<\/td>\n<\/tr>\n<tr class=\"headerrow\">\n<th colspan=\"3\">Interface<\/th>\n<\/tr>\n<tr class=\"odd\">\n<th width=\"30%\"><\/th>\n<th width=\"30%\">USB<\/th>\n<td width=\"40%\"><\/td>\n<\/tr>\n<tr class=\"headerrow\">\n<th colspan=\"3\">Housing design<\/th>\n<\/tr>\n<tr class=\"odd\">\n<th width=\"30%\"><\/th>\n<th width=\"30%\">Plastics<\/th>\n<td width=\"40%\"><\/td>\n<\/tr>\n<tr class=\"headerrow\">\n<th colspan=\"3\">Power supply<\/th>\n<\/tr>\n<tr class=\"odd\">\n<th width=\"30%\"><\/th>\n<th width=\"30%\">Internal (battery)<\/th>\n<td width=\"40%\">1 x 3.6 V Li-SOCL<sub>2<\/sub>, 14.250<\/td>\n<\/tr>\n<tr class=\"headerrow\">\n<th colspan=\"3\">Dimensions<\/th>\n<\/tr>\n<tr class=\"odd\">\n<th width=\"30%\"><\/th>\n<th width=\"30%\">Length (packaging excluded) [mm]<\/th>\n<td width=\"40%\">94<\/td>\n<\/tr>\n<tr class=\"even\">\n<th width=\"30%\"><\/th>\n<th width=\"30%\">Width (packaging excluded) [mm]<\/th>\n<td width=\"40%\">32<\/td>\n<\/tr>\n<tr class=\"odd\">\n<th width=\"30%\"><\/th>\n<th width=\"30%\">Height (packaging excluded) [mm]<\/th>\n<td width=\"40%\">50<\/td>\n<\/tr>\n<tr class=\"headerrow\">\n<th colspan=\"3\">Weight<\/th>\n<\/tr>\n<tr class=\"odd\">\n<th width=\"30%\"><\/th>\n<th width=\"30%\">(packaging excluded) [kg]<\/th>\n<td width=\"40%\">0.091<\/td>\n<\/tr>\n<\/tbody>\n<thead>\n<tr class=\"titlerow\">\n<th class=\"color\" colspan=\"3\">Standard scope of delivery<\/th>\n<\/tr>\n<\/thead>\n<tbody>\n<tr class=\"headerrow\">\n<th colspan=\"3\">Standard scope of delivery<\/th>\n<\/tr>\n<tr class=\"odd\">\n<th width=\"30%\"><\/th>\n<th width=\"30%\">Measuring device<\/th>\n<td width=\"40%\"><\/td>\n<\/tr>\n<tr class=\"even\">\n<th width=\"30%\"><\/th>\n<th width=\"30%\">Battery(-ies)<\/th>\n<td width=\"40%\"><\/td>\n<\/tr>\n<tr class=\"odd\">\n<th width=\"30%\"><\/th>\n<th width=\"30%\">Bag\/holster<\/th>\n<td width=\"40%\"><\/td>\n<\/tr>\n<tr class=\"even\">\n<th width=\"30%\"><\/th>\n<th width=\"30%\">USB connection cable<\/th>\n<td width=\"40%\"><\/td>\n<\/tr>\n<tr class=\"odd\">\n<th width=\"30%\"><\/th>\n<th width=\"30%\">BL30 data logger software<\/th>\n<td width=\"40%\"><\/td>\n<\/tr>\n<tr class=\"even\">\n<th width=\"30%\"><\/th>\n<th width=\"30%\">Lockable wall holder<\/th>\n<td width=\"40%\"><\/td>\n<\/tr>\n<tr class=\"odd\">\n<th width=\"30%\"><\/th>\n<th width=\"30%\">Operating manual<\/th>\n<td width=\"40%\"><\/td>\n<\/tr>\n<\/tbody>\n<thead>\n<tr class=\"titlerow\">\n<th class=\"color\" colspan=\"3\">Ascertainable measured values and functions<\/th>\n<\/tr>\n<\/thead>\n<tbody>\n<tr class=\"headerrow\">\n<th colspan=\"3\">Internal sensors<\/th>\n<\/tr>\n<tr class=\"odd\">\n<th width=\"30%\"><\/th>\n<th width=\"30%\">Air temperature [\u00b0C]<\/th>\n<td width=\"40%\"><\/td>\n<\/tr>\n<tr class=\"even\">\n<th width=\"30%\"><\/th>\n<th width=\"30%\">Air temperature [\u00b0F]<\/th>\n<td width=\"40%\"><\/td>\n<\/tr>\n<tr class=\"odd\">\n<th width=\"30%\"><\/th>\n<th width=\"30%\">Relative humidity [%]<\/th>\n<td width=\"40%\"><\/td>\n<\/tr>\n<tr class=\"headerrow\">\n<th colspan=\"3\">Functions and features<\/th>\n<\/tr>\n<tr class=\"odd\">\n<th width=\"30%\"><\/th>\n<th width=\"30%\">Minimum value display<\/th>\n<td width=\"40%\"><\/td>\n<\/tr>\n<tr class=\"even\">\n<th width=\"30%\"><\/th>\n<th width=\"30%\">Maximum value display<\/th>\n<td width=\"40%\"><\/td>\n<\/tr>\n<tr class=\"odd\">\n<th width=\"30%\"><\/th>\n<th width=\"30%\">Switching function \u00b0C\/\u00b0F<\/th>\n<td width=\"40%\"><\/td>\n<\/tr>\n<tr class=\"even\">\n<th width=\"30%\"><\/th>\n<th width=\"30%\">Alarm function<\/th>\n<td width=\"40%\"><\/td>\n<\/tr>\n<tr class=\"odd\">\n<th width=\"30%\"><\/th>\n<th width=\"30%\">Date<\/th>\n<td width=\"40%\"><\/td>\n<\/tr>\n<tr class=\"even\">\n<th width=\"30%\"><\/th>\n<th width=\"30%\">Time<\/th>\n<td width=\"40%\"><\/td>\n<\/tr>\n<tr class=\"odd\">\n<th width=\"30%\"><\/th>\n<th width=\"30%\">Freely selectable saving interval from 1 second to 24 hours<\/th>\n<td width=\"40%\"><\/td>\n<\/tr>\n<tr class=\"even\">\n<th width=\"30%\"><\/th>\n<th width=\"30%\">Continuous or ring recording max. 32,000\u00a0measured values (16,000 each for temperature and humidity)<\/th>\n<td width=\"40%\"><\/td>\n<\/tr>\n<tr class=\"odd\">\n<th width=\"30%\"><\/th>\n<th width=\"30%\">Battery status indication<\/th>\n<td width=\"40%\"><\/td>\n<\/tr>\n<\/tbody>\n<\/table>\n","protected":false},"excerpt":{"rendered":"<div id=\"c2558247\" class=\"csc-default ctype-text\">\n<div class=\"csc-header csc-header-n1\">\n<h2 class=\"csc-firstHeader\">\u018ftraf m\u00fchit m\u0259lumatlar\u0131n\u0131n sad\u0259 v\u0259 d\u0259qiq uzunm\u00fcdd\u0259tli qeydi<\/h2>\n<\/div>\n<p>\u0130qlim m\u0259lumatlar\u0131n\u0131n avtonom uzunm\u00fcdd\u0259tli qeydi<br \/>\nBL30 ya\u015fay\u0131\u015f, i\u015f v\u0259 ya saxlama yerl\u0259rind\u0259 havan\u0131n temperaturu v\u0259 nisbi r\u00fctub\u0259tinin uzunm\u00fcdd\u0259tli qeydi \u00fc\u00e7\u00fcn ultra kompakt iqlim m\u0259lumatlar\u0131n\u0131 qeyd ed\u0259n cihazd\u0131r. Stasionar istifad\u0259 \u00fc\u00e7\u00fcn kilidli divar montaj\u0131 \u00e7atd\u0131r\u0131lma sah\u0259sin\u0259 daxildir.<\/p>\n<p>32.000 \u00f6l\u00e7\u00fclm\u00fc\u015f d\u0259y\u0259r \u00fc\u00e7\u00fcn b\u00f6y\u00fck yadda\u015f\u0131n birl\u0259\u015fm\u0259si, h\u0259r qeyd \u00fc\u00e7\u00fcn 1 saniy\u0259d\u0259n 24 saata q\u0259d\u0259r s\u0259rb\u0259st t\u0259nziml\u0259n\u0259n q\u0259na\u0259t interval\u0131 v\u0259 s\u0259rb\u0259st m\u00fc\u0259yy\u0259n edil\u0259 bil\u0259n yuxar\u0131 v\u0259 a\u015fa\u011f\u0131 h\u0259y\u0259can h\u0259dl\u0259rinin qeydi il\u0259 h\u0259y\u0259can funksiyas\u0131 BL30-un says\u0131z-hesabs\u0131z m\u00fcmk\u00fcn t\u0259tbiql\u0259rin\u0259 imkan verir \u2013 m\u0259s. s\u0259n\u0259tkarlar \u00fc\u00e7\u00fcn m\u0259cburi s\u0131naq yoxlan\u0131\u015f\u0131 kimi, kiray\u0259 m\u0259nzill\u0259rd\u0259 r\u00fctub\u0259t v\u0259 ya kif n\u0259tic\u0259sind\u0259 d\u0259ymi\u015f z\u0259r\u0259rin s\u0259b\u0259bl\u0259rinin qiym\u0259tl\u0259ndirilm\u0259si v\u0259 ya arxivl\u0259rd\u0259 v\u0259 saxlama yerl\u0259rind\u0259 ard\u0131c\u0131l iqlim m\u0259lumatlar\u0131n\u0131n s\u0259n\u0259dl\u0259\u015fdirilm\u0259si \u00fc\u00e7\u00fcn.<\/p>\n<p>T\u0259chiz edilmi\u015f PC analiz proqram\u0131 vaxt v\u0259 tarix, habel\u0259 h\u0259y\u0259can hadis\u0259l\u0259ri daxil olmaqla b\u00fct\u00fcn \u00f6l\u00e7\u00fclm\u00fc\u015f d\u0259y\u0259rl\u0259r \u00fc\u00e7\u00fcn qiym\u0259tl\u0259ndirm\u0259 v\u0259 s\u0259n\u0259dl\u0259\u015fdirm\u0259 funksiyalar\u0131 il\u0259 g\u0259lir.<\/p>\n<p><strong>BL30 yaln\u0131z PC vasit\u0259sil\u0259 konfiqurasiya edildiyi \u00fc\u00e7\u00fcn icaz\u0259siz \u015f\u0259xsl\u0259r t\u0259r\u0259find\u0259n birba\u015fa \u00f6l\u00e7m\u0259 cihaz\u0131nda konfiqurasiya il\u0259 manipulyasiya etm\u0259k m\u00fcmk\u00fcn deyil.<\/strong><\/p>\n<p><strong>Qeydiyyat interval\u0131ndan v\u0259 \u0259traf \u015f\u0259raitd\u0259n as\u0131l\u0131 olaraq, BL30-un davaml\u0131 batareyas\u0131 bir ne\u00e7\u0259 ay \u0259rzind\u0259 avtonom \u015f\u0259kild\u0259 istifad\u0259y\u0259 haz\u0131r olma\u011fa imkan verir.<\/strong><\/p>\n<\/div>\n","protected":false},"featured_media":30629,"template":"","meta":[],"product_brand":[],"product_cat":[998,820,817],"product_tag":[],"class_list":{"0":"post-30653","1":"product","2":"type-product","3":"status-publish","4":"has-post-thumbnail","6":"product_cat-data-loggers-az","7":"product_cat-olcm-texnologiyasi-cihazlari-altlri-az","8":"product_cat-trotec-az","10":"first","11":"instock","12":"sale","13":"shipping-taxable","14":"purchasable","15":"product-type-simple"},"yoast_head":"<!-- This site is optimized with the Yoast SEO plugin v27.1.1 - https:\/\/yoast.com\/product\/yoast-seo-wordpress\/ -->\n<title>BL30 \u0130qlim m\u0259lumat qeyd\u00e7isi - Climate Master<\/title>\n<meta name=\"robots\" content=\"index, follow, max-snippet:-1, max-image-preview:large, max-video-preview:-1\" \/>\n<link rel=\"canonical\" href=\"https:\/\/climatemaster.ge\/product\/bl30-climate-data-logger\/\" \/>\n<meta property=\"og:locale\" content=\"az_AZ\" \/>\n<meta property=\"og:type\" content=\"article\" \/>\n<meta property=\"og:title\" content=\"BL30 \u0130qlim m\u0259lumat qeyd\u00e7isi - Climate Master\" \/>\n<meta property=\"og:description\" content=\"\u018ftraf m\u00fchit m\u0259lumatlar\u0131n\u0131n sad\u0259 v\u0259 d\u0259qiq uzunm\u00fcdd\u0259tli qeydi  \u0130qlim m\u0259lumatlar\u0131n\u0131n avtonom uzunm\u00fcdd\u0259tli qeydi BL30 ya\u015fay\u0131\u015f, i\u015f v\u0259 ya saxlama yerl\u0259rind\u0259 havan\u0131n temperaturu v\u0259 nisbi r\u00fctub\u0259tinin uzunm\u00fcdd\u0259tli qeydi \u00fc\u00e7\u00fcn ultra kompakt iqlim m\u0259lumatlar\u0131n\u0131 qeyd ed\u0259n cihazd\u0131r. Stasionar istifad\u0259 \u00fc\u00e7\u00fcn kilidli divar montaj\u0131 \u00e7atd\u0131r\u0131lma sah\u0259sin\u0259 daxildir.  32.000 \u00f6l\u00e7\u00fclm\u00fc\u015f d\u0259y\u0259r \u00fc\u00e7\u00fcn b\u00f6y\u00fck yadda\u015f\u0131n birl\u0259\u015fm\u0259si, h\u0259r qeyd \u00fc\u00e7\u00fcn 1 saniy\u0259d\u0259n 24 saata q\u0259d\u0259r s\u0259rb\u0259st t\u0259nziml\u0259n\u0259n q\u0259na\u0259t interval\u0131 v\u0259 s\u0259rb\u0259st m\u00fc\u0259yy\u0259n edil\u0259 bil\u0259n yuxar\u0131 v\u0259 a\u015fa\u011f\u0131 h\u0259y\u0259can h\u0259dl\u0259rinin qeydi il\u0259 h\u0259y\u0259can funksiyas\u0131 BL30-un says\u0131z-hesabs\u0131z m\u00fcmk\u00fcn t\u0259tbiql\u0259rin\u0259 imkan verir \u2013 m\u0259s. s\u0259n\u0259tkarlar \u00fc\u00e7\u00fcn m\u0259cburi s\u0131naq yoxlan\u0131\u015f\u0131 kimi, kiray\u0259 m\u0259nzill\u0259rd\u0259 r\u00fctub\u0259t v\u0259 ya kif n\u0259tic\u0259sind\u0259 d\u0259ymi\u015f z\u0259r\u0259rin s\u0259b\u0259bl\u0259rinin qiym\u0259tl\u0259ndirilm\u0259si v\u0259 ya arxivl\u0259rd\u0259 v\u0259 saxlama yerl\u0259rind\u0259 ard\u0131c\u0131l iqlim m\u0259lumatlar\u0131n\u0131n s\u0259n\u0259dl\u0259\u015fdirilm\u0259si \u00fc\u00e7\u00fcn.  T\u0259chiz edilmi\u015f PC analiz proqram\u0131 vaxt v\u0259 tarix, habel\u0259 h\u0259y\u0259can hadis\u0259l\u0259ri daxil olmaqla b\u00fct\u00fcn \u00f6l\u00e7\u00fclm\u00fc\u015f d\u0259y\u0259rl\u0259r \u00fc\u00e7\u00fcn qiym\u0259tl\u0259ndirm\u0259 v\u0259 s\u0259n\u0259dl\u0259\u015fdirm\u0259 funksiyalar\u0131 il\u0259 g\u0259lir.  BL30 yaln\u0131z PC vasit\u0259sil\u0259 konfiqurasiya edildiyi \u00fc\u00e7\u00fcn icaz\u0259siz \u015f\u0259xsl\u0259r t\u0259r\u0259find\u0259n birba\u015fa \u00f6l\u00e7m\u0259 cihaz\u0131nda konfiqurasiya il\u0259 manipulyasiya etm\u0259k m\u00fcmk\u00fcn deyil.  Qeydiyyat interval\u0131ndan v\u0259 \u0259traf \u015f\u0259raitd\u0259n as\u0131l\u0131 olaraq, BL30-un davaml\u0131 batareyas\u0131 bir ne\u00e7\u0259 ay \u0259rzind\u0259 avtonom \u015f\u0259kild\u0259 istifad\u0259y\u0259 haz\u0131r olma\u011fa imkan verir.\" \/>\n<meta property=\"og:url\" content=\"https:\/\/climatemaster.ge\/product\/bl30-climate-data-logger\/\" \/>\n<meta property=\"og:site_name\" content=\"Climate Master\" \/>\n<meta property=\"article:modified_time\" content=\"2025-05-06T04:15:58+00:00\" \/>\n<meta property=\"og:image\" content=\"https:\/\/climatemaster.ge\/wp-content\/uploads\/2025\/05\/bl30-adec.jpg\" \/>\n\t<meta property=\"og:image:width\" content=\"600\" \/>\n\t<meta property=\"og:image:height\" content=\"600\" \/>\n\t<meta property=\"og:image:type\" content=\"image\/jpeg\" \/>\n<meta name=\"twitter:card\" content=\"summary_large_image\" \/>\n<meta name=\"twitter:label1\" content=\"Est. reading time\" \/>\n\t<meta name=\"twitter:data1\" content=\"2 minutes\" \/>\n<script type=\"application\/ld+json\" class=\"yoast-schema-graph\">{\"@context\":\"https:\/\/schema.org\",\"@graph\":[{\"@type\":\"WebPage\",\"@id\":\"https:\/\/climatemaster.ge\/product\/bl30-climate-data-logger\/\",\"url\":\"https:\/\/climatemaster.ge\/product\/bl30-climate-data-logger\/\",\"name\":\"BL30 \u0130qlim m\u0259lumat qeyd\u00e7isi - Climate Master\",\"isPartOf\":{\"@id\":\"https:\/\/climatemaster.ge\/#website\"},\"primaryImageOfPage\":{\"@id\":\"https:\/\/climatemaster.ge\/product\/bl30-climate-data-logger\/#primaryimage\"},\"image\":{\"@id\":\"https:\/\/climatemaster.ge\/product\/bl30-climate-data-logger\/#primaryimage\"},\"thumbnailUrl\":\"https:\/\/climatemaster.ge\/wp-content\/uploads\/2025\/05\/bl30-adec.jpg\",\"datePublished\":\"2025-05-06T04:06:06+00:00\",\"dateModified\":\"2025-05-06T04:15:58+00:00\",\"breadcrumb\":{\"@id\":\"https:\/\/climatemaster.ge\/product\/bl30-climate-data-logger\/#breadcrumb\"},\"inLanguage\":\"az\",\"potentialAction\":[{\"@type\":\"ReadAction\",\"target\":[\"https:\/\/climatemaster.ge\/product\/bl30-climate-data-logger\/\"]}]},{\"@type\":\"ImageObject\",\"inLanguage\":\"az\",\"@id\":\"https:\/\/climatemaster.ge\/product\/bl30-climate-data-logger\/#primaryimage\",\"url\":\"https:\/\/climatemaster.ge\/wp-content\/uploads\/2025\/05\/bl30-adec.jpg\",\"contentUrl\":\"https:\/\/climatemaster.ge\/wp-content\/uploads\/2025\/05\/bl30-adec.jpg\",\"width\":600,\"height\":600},{\"@type\":\"BreadcrumbList\",\"@id\":\"https:\/\/climatemaster.ge\/product\/bl30-climate-data-logger\/#breadcrumb\",\"itemListElement\":[{\"@type\":\"ListItem\",\"position\":1,\"name\":\"Home\",\"item\":\"https:\/\/climatemaster.ge\/\"},{\"@type\":\"ListItem\",\"position\":2,\"name\":\"M\u0259hsullar\",\"item\":\"https:\/\/climatemaster.ge\/products\/\"},{\"@type\":\"ListItem\",\"position\":3,\"name\":\"BL30 \u0130qlim m\u0259lumat qeyd\u00e7isi\"}]},{\"@type\":\"WebSite\",\"@id\":\"https:\/\/climatemaster.ge\/#website\",\"url\":\"https:\/\/climatemaster.ge\/\",\"name\":\"Climate Master\",\"description\":\"\",\"publisher\":{\"@id\":\"https:\/\/climatemaster.ge\/#organization\"},\"potentialAction\":[{\"@type\":\"SearchAction\",\"target\":{\"@type\":\"EntryPoint\",\"urlTemplate\":\"https:\/\/climatemaster.ge\/?s={search_term_string}\"},\"query-input\":{\"@type\":\"PropertyValueSpecification\",\"valueRequired\":true,\"valueName\":\"search_term_string\"}}],\"inLanguage\":\"az\"},{\"@type\":\"Organization\",\"@id\":\"https:\/\/climatemaster.ge\/#organization\",\"name\":\"Climate Master\",\"url\":\"https:\/\/climatemaster.ge\/\",\"logo\":{\"@type\":\"ImageObject\",\"inLanguage\":\"az\",\"@id\":\"https:\/\/climatemaster.ge\/#\/schema\/logo\/image\/\",\"url\":\"https:\/\/climatemaster.ge\/wp-content\/uploads\/2026\/03\/Untitled-2.png\",\"contentUrl\":\"https:\/\/climatemaster.ge\/wp-content\/uploads\/2026\/03\/Untitled-2.png\",\"width\":600,\"height\":338,\"caption\":\"Climate Master\"},\"image\":{\"@id\":\"https:\/\/climatemaster.ge\/#\/schema\/logo\/image\/\"}}]}<\/script>\n<!-- \/ Yoast SEO plugin. -->","yoast_head_json":{"title":"BL30 \u0130qlim m\u0259lumat qeyd\u00e7isi - Climate Master","robots":{"index":"index","follow":"follow","max-snippet":"max-snippet:-1","max-image-preview":"max-image-preview:large","max-video-preview":"max-video-preview:-1"},"canonical":"https:\/\/climatemaster.ge\/product\/bl30-climate-data-logger\/","og_locale":"az_AZ","og_type":"article","og_title":"BL30 \u0130qlim m\u0259lumat qeyd\u00e7isi - Climate Master","og_description":"\u018ftraf m\u00fchit m\u0259lumatlar\u0131n\u0131n sad\u0259 v\u0259 d\u0259qiq uzunm\u00fcdd\u0259tli qeydi  \u0130qlim m\u0259lumatlar\u0131n\u0131n avtonom uzunm\u00fcdd\u0259tli qeydi BL30 ya\u015fay\u0131\u015f, i\u015f v\u0259 ya saxlama yerl\u0259rind\u0259 havan\u0131n temperaturu v\u0259 nisbi r\u00fctub\u0259tinin uzunm\u00fcdd\u0259tli qeydi \u00fc\u00e7\u00fcn ultra kompakt iqlim m\u0259lumatlar\u0131n\u0131 qeyd ed\u0259n cihazd\u0131r. Stasionar istifad\u0259 \u00fc\u00e7\u00fcn kilidli divar montaj\u0131 \u00e7atd\u0131r\u0131lma sah\u0259sin\u0259 daxildir.  32.000 \u00f6l\u00e7\u00fclm\u00fc\u015f d\u0259y\u0259r \u00fc\u00e7\u00fcn b\u00f6y\u00fck yadda\u015f\u0131n birl\u0259\u015fm\u0259si, h\u0259r qeyd \u00fc\u00e7\u00fcn 1 saniy\u0259d\u0259n 24 saata q\u0259d\u0259r s\u0259rb\u0259st t\u0259nziml\u0259n\u0259n q\u0259na\u0259t interval\u0131 v\u0259 s\u0259rb\u0259st m\u00fc\u0259yy\u0259n edil\u0259 bil\u0259n yuxar\u0131 v\u0259 a\u015fa\u011f\u0131 h\u0259y\u0259can h\u0259dl\u0259rinin qeydi il\u0259 h\u0259y\u0259can funksiyas\u0131 BL30-un says\u0131z-hesabs\u0131z m\u00fcmk\u00fcn t\u0259tbiql\u0259rin\u0259 imkan verir \u2013 m\u0259s. s\u0259n\u0259tkarlar \u00fc\u00e7\u00fcn m\u0259cburi s\u0131naq yoxlan\u0131\u015f\u0131 kimi, kiray\u0259 m\u0259nzill\u0259rd\u0259 r\u00fctub\u0259t v\u0259 ya kif n\u0259tic\u0259sind\u0259 d\u0259ymi\u015f z\u0259r\u0259rin s\u0259b\u0259bl\u0259rinin qiym\u0259tl\u0259ndirilm\u0259si v\u0259 ya arxivl\u0259rd\u0259 v\u0259 saxlama yerl\u0259rind\u0259 ard\u0131c\u0131l iqlim m\u0259lumatlar\u0131n\u0131n s\u0259n\u0259dl\u0259\u015fdirilm\u0259si \u00fc\u00e7\u00fcn.  T\u0259chiz edilmi\u015f PC analiz proqram\u0131 vaxt v\u0259 tarix, habel\u0259 h\u0259y\u0259can hadis\u0259l\u0259ri daxil olmaqla b\u00fct\u00fcn \u00f6l\u00e7\u00fclm\u00fc\u015f d\u0259y\u0259rl\u0259r \u00fc\u00e7\u00fcn qiym\u0259tl\u0259ndirm\u0259 v\u0259 s\u0259n\u0259dl\u0259\u015fdirm\u0259 funksiyalar\u0131 il\u0259 g\u0259lir.  BL30 yaln\u0131z PC vasit\u0259sil\u0259 konfiqurasiya edildiyi \u00fc\u00e7\u00fcn icaz\u0259siz \u015f\u0259xsl\u0259r t\u0259r\u0259find\u0259n birba\u015fa \u00f6l\u00e7m\u0259 cihaz\u0131nda konfiqurasiya il\u0259 manipulyasiya etm\u0259k m\u00fcmk\u00fcn deyil.  Qeydiyyat interval\u0131ndan v\u0259 \u0259traf \u015f\u0259raitd\u0259n as\u0131l\u0131 olaraq, BL30-un davaml\u0131 batareyas\u0131 bir ne\u00e7\u0259 ay \u0259rzind\u0259 avtonom \u015f\u0259kild\u0259 istifad\u0259y\u0259 haz\u0131r olma\u011fa imkan verir.","og_url":"https:\/\/climatemaster.ge\/product\/bl30-climate-data-logger\/","og_site_name":"Climate Master","article_modified_time":"2025-05-06T04:15:58+00:00","og_image":[{"width":600,"height":600,"url":"https:\/\/climatemaster.ge\/wp-content\/uploads\/2025\/05\/bl30-adec.jpg","type":"image\/jpeg"}],"twitter_card":"summary_large_image","twitter_misc":{"Est. reading time":"2 minutes"},"schema":{"@context":"https:\/\/schema.org","@graph":[{"@type":"WebPage","@id":"https:\/\/climatemaster.ge\/product\/bl30-climate-data-logger\/","url":"https:\/\/climatemaster.ge\/product\/bl30-climate-data-logger\/","name":"BL30 \u0130qlim m\u0259lumat qeyd\u00e7isi - Climate Master","isPartOf":{"@id":"https:\/\/climatemaster.ge\/#website"},"primaryImageOfPage":{"@id":"https:\/\/climatemaster.ge\/product\/bl30-climate-data-logger\/#primaryimage"},"image":{"@id":"https:\/\/climatemaster.ge\/product\/bl30-climate-data-logger\/#primaryimage"},"thumbnailUrl":"https:\/\/climatemaster.ge\/wp-content\/uploads\/2025\/05\/bl30-adec.jpg","datePublished":"2025-05-06T04:06:06+00:00","dateModified":"2025-05-06T04:15:58+00:00","breadcrumb":{"@id":"https:\/\/climatemaster.ge\/product\/bl30-climate-data-logger\/#breadcrumb"},"inLanguage":"az","potentialAction":[{"@type":"ReadAction","target":["https:\/\/climatemaster.ge\/product\/bl30-climate-data-logger\/"]}]},{"@type":"ImageObject","inLanguage":"az","@id":"https:\/\/climatemaster.ge\/product\/bl30-climate-data-logger\/#primaryimage","url":"https:\/\/climatemaster.ge\/wp-content\/uploads\/2025\/05\/bl30-adec.jpg","contentUrl":"https:\/\/climatemaster.ge\/wp-content\/uploads\/2025\/05\/bl30-adec.jpg","width":600,"height":600},{"@type":"BreadcrumbList","@id":"https:\/\/climatemaster.ge\/product\/bl30-climate-data-logger\/#breadcrumb","itemListElement":[{"@type":"ListItem","position":1,"name":"Home","item":"https:\/\/climatemaster.ge\/"},{"@type":"ListItem","position":2,"name":"M\u0259hsullar","item":"https:\/\/climatemaster.ge\/products\/"},{"@type":"ListItem","position":3,"name":"BL30 \u0130qlim m\u0259lumat qeyd\u00e7isi"}]},{"@type":"WebSite","@id":"https:\/\/climatemaster.ge\/#website","url":"https:\/\/climatemaster.ge\/","name":"Climate Master","description":"","publisher":{"@id":"https:\/\/climatemaster.ge\/#organization"},"potentialAction":[{"@type":"SearchAction","target":{"@type":"EntryPoint","urlTemplate":"https:\/\/climatemaster.ge\/?s={search_term_string}"},"query-input":{"@type":"PropertyValueSpecification","valueRequired":true,"valueName":"search_term_string"}}],"inLanguage":"az"},{"@type":"Organization","@id":"https:\/\/climatemaster.ge\/#organization","name":"Climate Master","url":"https:\/\/climatemaster.ge\/","logo":{"@type":"ImageObject","inLanguage":"az","@id":"https:\/\/climatemaster.ge\/#\/schema\/logo\/image\/","url":"https:\/\/climatemaster.ge\/wp-content\/uploads\/2026\/03\/Untitled-2.png","contentUrl":"https:\/\/climatemaster.ge\/wp-content\/uploads\/2026\/03\/Untitled-2.png","width":600,"height":338,"caption":"Climate Master"},"image":{"@id":"https:\/\/climatemaster.ge\/#\/schema\/logo\/image\/"}}]}},"_links":{"self":[{"href":"https:\/\/climatemaster.ge\/az\/wp-json\/wp\/v2\/product\/30653","targetHints":{"allow":["GET"]}}],"collection":[{"href":"https:\/\/climatemaster.ge\/az\/wp-json\/wp\/v2\/product"}],"about":[{"href":"https:\/\/climatemaster.ge\/az\/wp-json\/wp\/v2\/types\/product"}],"wp:featuredmedia":[{"embeddable":true,"href":"https:\/\/climatemaster.ge\/az\/wp-json\/wp\/v2\/media\/30629"}],"wp:attachment":[{"href":"https:\/\/climatemaster.ge\/az\/wp-json\/wp\/v2\/media?parent=30653"}],"wp:term":[{"taxonomy":"product_brand","embeddable":true,"href":"https:\/\/climatemaster.ge\/az\/wp-json\/wp\/v2\/product_brand?post=30653"},{"taxonomy":"product_cat","embeddable":true,"href":"https:\/\/climatemaster.ge\/az\/wp-json\/wp\/v2\/product_cat?post=30653"},{"taxonomy":"product_tag","embeddable":true,"href":"https:\/\/climatemaster.ge\/az\/wp-json\/wp\/v2\/product_tag?post=30653"}],"curies":[{"name":"wp","href":"https:\/\/api.w.org\/{rel}","templated":true}]}}