{"id":30507,"date":"2025-05-02T12:02:50","date_gmt":"2025-05-02T08:02:50","guid":{"rendered":"https:\/\/airsystems.ge\/shop\/product\/power-performance-measurements\/"},"modified":"2025-05-02T13:06:16","modified_gmt":"2025-05-02T09:06:16","slug":"power-performance-measurements","status":"publish","type":"product","link":"https:\/\/climatemaster.ge\/az\/product\/power-performance-measurements\/","title":{"rendered":"G\u00fcc Performans \u00d6l\u00e7m\u0259l\u0259ri"},"content":{"rendered":"<h3>K\u00fcl\u0259k turbininin g\u00fcc g\u00f6st\u0259ricil\u0259rinin bir dir\u0259kl\u0259 \u00f6l\u00e7\u00fclm\u0259si<\/h3>\n<p>M\u00fcr\u0259kk\u0259b \u0259razil\u0259rd\u0259 \u00f6l\u00e7m\u0259l\u0259r aparmaq \u00fc\u00e7\u00fcn met mast kalibrl\u0259nmi\u015f <a href=\"https:\/\/www.ammonit.com\/en\/products\/wind-sensors\/anemometers\/\">anemometrl\u0259r<\/a> v\u0259 k\u00fcl\u0259k qanadlar\u0131 il\u0259 t\u0259chiz edilmi\u015fdir. Bu, tan\u0131nm\u0131\u015f IEC 61400-12-1 standart\u0131na uy\u011fundur.<\/p>\n<h3>LiDAR il\u0259 g\u00fcc performans\u0131n\u0131n \u00f6l\u00e7\u00fclm\u0259si<\/h3>\n<p><a href=\"https:\/\/www.ammonit.com\/en\/products\/remote-sensing\/product-details\/meteolaser_lidar\/\">LiDAR<\/a> il\u0259 g\u00fcc g\u00f6st\u0259ricil\u0259rinin \u00f6l\u00e7\u00fclm\u0259sin\u0259 b\u00fct\u00fcn sah\u0259l\u0259r \u00fc\u00e7\u00fcn icaz\u0259 verilmir. Lakin x\u00fcsusil\u0259 d\u00fcz \u0259razil\u0259rd\u0259 dir\u0259kl\u0259rl\u0259 \u00f6l\u00e7m\u0259y\u0259 kommersiya bax\u0131m\u0131ndan c\u0259lbedici alternativ t\u0259klif ed\u0259 bil\u0259r.<\/p>\n<p>K\u00fcl\u0259k \u00f6l\u00e7m\u0259 kampaniyan\u0131z\u0131 m\u00fczakir\u0259 etm\u0259k \u00fc\u00e7\u00fcn biziml\u0259 v\u0259 ya t\u0259r\u0259fda\u015flar\u0131m\u0131zla \u0259laq\u0259 saxlay\u0131n.<\/p>\n<h3>G\u00fcc Performans \u00d6l\u00e7m\u0259l\u0259ri \u00fc\u00e7\u00fcn k\u00fcl\u0259k \u00f6l\u00e7\u00fcl\u0259rinin komponentl\u0259ri<\/h3>\n<p><a href=\"https:\/\/www.ammonit.com\/en\/products\/data-loggers\/\">K\u00fcl\u0259k m\u0259lumatlar\u0131n\u0131<\/a>\u00a0qeyd etm\u0259k v\u0259 hesablamaq \u00fc\u00e7\u00fcn m\u0259lumat qeydl\u0259ri<br \/>\nK\u00fcl\u0259yin s\u00fcr\u0259tini \u00f6l\u00e7m\u0259k \u00fc\u00e7\u00fcn\u00a0<a href=\"https:\/\/www.ammonit.com\/en\/products\/wind-sensors\/anemometers\/\">anemometrl\u0259r<\/a><br \/>\n<a href=\"https:\/\/www.ammonit.com\/en\/products\/wind-sensors\/wind-vanes\/\">K\u00fcl\u0259yin istiqam\u0259tini t\u0259yin etm\u0259<\/a>k \u00fc\u00e7\u00fcn k\u00fcl\u0259k qanadlar\u0131<br \/>\n<a href=\"https:\/\/www.ammonit.com\/en\/products\/wind-sensors\/temperature-humidity-sensors\/\">Hava s\u0131xl\u0131\u011f\u0131n\u0131 \u00f6l\u00e7m\u0259k \u00fc\u00e7\u00fcn temperatur<\/a>\u00a0r\u00fctub\u0259t sensoru v\u0259\u00a0<a href=\"https:\/\/www.ammonit.com\/en\/products\/wind-sensors\/air-pressure-sensors\/\">hava t\u0259zyiqi sensoru<\/a><br \/>\n<a href=\"https:\/\/www.ammonit.com\/en\/products\/remote-sensing\/\">Uzaqdan zondlama sisteml\u0259ri<\/a>\u00a0\u2013\u00a0<a href=\"https:\/\/www.ammonit.com\/en\/products\/remote-sensing\/product-details\/meteolaser_lidar\/\">LiDAR\u00a0<\/a>cihazlar\u0131<br \/>\n<a href=\"https:\/\/www.ammonit.com\/en\/products\/data-logger-accessories\/communication-systems\/\">\u00d6l\u00e7m\u0259 m\u0259lumatlar\u0131n\u0131 \u00f6t\u00fcrm\u0259k \u00fc\u00e7\u00fcn kommunikasiya sisteml\u0259ri<\/a><br \/>\n<a href=\"https:\/\/www.ammonit.com\/en\/products\/data-logger-accessories\/power-supply\/\">Enerji t\u0259chizat\u0131 sisteml\u0259ri<\/a><\/p>\n<h3>Standartlar v\u0259 T\u0259limatlar<\/h3>\n<ul>\n<li><a href=\"https:\/\/www.ammonit.com\/en\/customer-support\/knowledge\/standards-and-guidelines\/iec-61400-12-12017\/\" target=\"_blank\" rel=\"noopener\">IEC 61400-12-1:2017<\/a><\/li>\n<li><a href=\"https:\/\/www.ammonit.com\/en\/customer-support\/knowledge\/standards-and-guidelines\/measnet\/\" target=\"_blank\" rel=\"noopener\">MEASNET<\/a><\/li>\n<li><a href=\"https:\/\/www.ammonit.com\/en\/customer-support\/knowledge\/standards-and-guidelines\/tr6\/\" target=\"_blank\" rel=\"noopener\">TR6 (Rev.11)<\/a><\/li>\n<\/ul>\n","protected":false},"excerpt":{"rendered":"<h1>G\u00fcc Performans \u00d6l\u00e7m\u0259l\u0259ri<\/h1>\n<p>K\u00fcl\u0259k turbinl\u0259rind\u0259 g\u00fcc performans\u0131n\u0131n \u00f6l\u00e7\u00fclm\u0259si k\u00fcl\u0259yin s\u00fcr\u0259tinin, g\u00fcc\u00fcn \u00f6l\u00e7\u00fclm\u0259sini v\u0259 bunun z\u0259man\u0259t veril\u0259n g\u00fcc \u0259yrisi il\u0259 m\u00fcqayis\u0259sini \u0259hat\u0259 edir. O, h\u0259m\u00e7inin hava s\u0131xl\u0131\u011f\u0131na d\u00fcz\u0259li\u015fl\u0259r etm\u0259k \u00fc\u00e7\u00fcn temperaturun v\u0259 hava t\u0259zyiqinin \u00f6l\u00e7\u00fclm\u0259sini d\u0259 \u0259hat\u0259 ed\u0259 bil\u0259r.<\/p>\n","protected":false},"featured_media":30478,"template":"","meta":[],"product_brand":[],"product_cat":[1355],"product_tag":[],"class_list":{"0":"post-30507","1":"product","2":"type-product","3":"status-publish","4":"has-post-thumbnail","6":"product_cat-guc-performans-olcmlri","8":"first","9":"instock","10":"shipping-taxable","11":"product-type-simple"},"yoast_head":"<!-- This site is optimized with the Yoast SEO plugin v27.1.1 - https:\/\/yoast.com\/product\/yoast-seo-wordpress\/ -->\n<title>G\u00fcc Performans \u00d6l\u00e7m\u0259l\u0259ri - Climate Master<\/title>\n<meta name=\"robots\" content=\"index, follow, max-snippet:-1, max-image-preview:large, max-video-preview:-1\" \/>\n<link rel=\"canonical\" href=\"https:\/\/climatemaster.ge\/az\/product\/power-performance-measurements\/\" \/>\n<meta property=\"og:locale\" content=\"az_AZ\" \/>\n<meta property=\"og:type\" content=\"article\" \/>\n<meta property=\"og:title\" content=\"G\u00fcc Performans \u00d6l\u00e7m\u0259l\u0259ri - Climate Master\" \/>\n<meta property=\"og:description\" content=\"G\u00fcc Performans \u00d6l\u00e7m\u0259l\u0259ri K\u00fcl\u0259k turbinl\u0259rind\u0259 g\u00fcc performans\u0131n\u0131n \u00f6l\u00e7\u00fclm\u0259si k\u00fcl\u0259yin s\u00fcr\u0259tinin, g\u00fcc\u00fcn \u00f6l\u00e7\u00fclm\u0259sini v\u0259 bunun z\u0259man\u0259t veril\u0259n g\u00fcc \u0259yrisi il\u0259 m\u00fcqayis\u0259sini \u0259hat\u0259 edir. O, h\u0259m\u00e7inin hava s\u0131xl\u0131\u011f\u0131na d\u00fcz\u0259li\u015fl\u0259r etm\u0259k \u00fc\u00e7\u00fcn temperaturun v\u0259 hava t\u0259zyiqinin \u00f6l\u00e7\u00fclm\u0259sini d\u0259 \u0259hat\u0259 ed\u0259 bil\u0259r.\" \/>\n<meta property=\"og:url\" content=\"https:\/\/climatemaster.ge\/az\/product\/power-performance-measurements\/\" \/>\n<meta property=\"og:site_name\" content=\"Climate Master\" \/>\n<meta property=\"article:modified_time\" content=\"2025-05-02T09:06:16+00:00\" \/>\n<meta property=\"og:image\" content=\"https:\/\/climatemaster.ge\/wp-content\/uploads\/2025\/04\/ammonit-power-performance.jpg__1200x298_q85_subsampling-2-1.jpg\" \/>\n\t<meta property=\"og:image:width\" content=\"1200\" \/>\n\t<meta property=\"og:image:height\" content=\"298\" \/>\n\t<meta property=\"og:image:type\" content=\"image\/jpeg\" \/>\n<meta name=\"twitter:card\" content=\"summary_large_image\" \/>\n<meta name=\"twitter:label1\" content=\"Est. reading time\" \/>\n\t<meta name=\"twitter:data1\" content=\"1 minute\" \/>\n<script type=\"application\/ld+json\" class=\"yoast-schema-graph\">{\"@context\":\"https:\/\/schema.org\",\"@graph\":[{\"@type\":\"WebPage\",\"@id\":\"https:\/\/climatemaster.ge\/az\/product\/power-performance-measurements\/\",\"url\":\"https:\/\/climatemaster.ge\/az\/product\/power-performance-measurements\/\",\"name\":\"G\u00fcc Performans \u00d6l\u00e7m\u0259l\u0259ri - Climate Master\",\"isPartOf\":{\"@id\":\"https:\/\/climatemaster.ge\/#website\"},\"primaryImageOfPage\":{\"@id\":\"https:\/\/climatemaster.ge\/az\/product\/power-performance-measurements\/#primaryimage\"},\"image\":{\"@id\":\"https:\/\/climatemaster.ge\/az\/product\/power-performance-measurements\/#primaryimage\"},\"thumbnailUrl\":\"https:\/\/climatemaster.ge\/wp-content\/uploads\/2025\/04\/ammonit-power-performance.jpg__1200x298_q85_subsampling-2-1.jpg\",\"datePublished\":\"2025-05-02T08:02:50+00:00\",\"dateModified\":\"2025-05-02T09:06:16+00:00\",\"breadcrumb\":{\"@id\":\"https:\/\/climatemaster.ge\/az\/product\/power-performance-measurements\/#breadcrumb\"},\"inLanguage\":\"az\",\"potentialAction\":[{\"@type\":\"ReadAction\",\"target\":[\"https:\/\/climatemaster.ge\/az\/product\/power-performance-measurements\/\"]}]},{\"@type\":\"ImageObject\",\"inLanguage\":\"az\",\"@id\":\"https:\/\/climatemaster.ge\/az\/product\/power-performance-measurements\/#primaryimage\",\"url\":\"https:\/\/climatemaster.ge\/wp-content\/uploads\/2025\/04\/ammonit-power-performance.jpg__1200x298_q85_subsampling-2-1.jpg\",\"contentUrl\":\"https:\/\/climatemaster.ge\/wp-content\/uploads\/2025\/04\/ammonit-power-performance.jpg__1200x298_q85_subsampling-2-1.jpg\",\"width\":1200,\"height\":298},{\"@type\":\"BreadcrumbList\",\"@id\":\"https:\/\/climatemaster.ge\/az\/product\/power-performance-measurements\/#breadcrumb\",\"itemListElement\":[{\"@type\":\"ListItem\",\"position\":1,\"name\":\"Home\",\"item\":\"https:\/\/climatemaster.ge\/\"},{\"@type\":\"ListItem\",\"position\":2,\"name\":\"M\u0259hsullar\",\"item\":\"https:\/\/climatemaster.ge\/products\/\"},{\"@type\":\"ListItem\",\"position\":3,\"name\":\"G\u00fcc Performans \u00d6l\u00e7m\u0259l\u0259ri\"}]},{\"@type\":\"WebSite\",\"@id\":\"https:\/\/climatemaster.ge\/#website\",\"url\":\"https:\/\/climatemaster.ge\/\",\"name\":\"Climate Master\",\"description\":\"\",\"publisher\":{\"@id\":\"https:\/\/climatemaster.ge\/#organization\"},\"potentialAction\":[{\"@type\":\"SearchAction\",\"target\":{\"@type\":\"EntryPoint\",\"urlTemplate\":\"https:\/\/climatemaster.ge\/?s={search_term_string}\"},\"query-input\":{\"@type\":\"PropertyValueSpecification\",\"valueRequired\":true,\"valueName\":\"search_term_string\"}}],\"inLanguage\":\"az\"},{\"@type\":\"Organization\",\"@id\":\"https:\/\/climatemaster.ge\/#organization\",\"name\":\"Climate Master\",\"url\":\"https:\/\/climatemaster.ge\/\",\"logo\":{\"@type\":\"ImageObject\",\"inLanguage\":\"az\",\"@id\":\"https:\/\/climatemaster.ge\/#\/schema\/logo\/image\/\",\"url\":\"https:\/\/climatemaster.ge\/wp-content\/uploads\/2026\/03\/Untitled-2.png\",\"contentUrl\":\"https:\/\/climatemaster.ge\/wp-content\/uploads\/2026\/03\/Untitled-2.png\",\"width\":600,\"height\":338,\"caption\":\"Climate Master\"},\"image\":{\"@id\":\"https:\/\/climatemaster.ge\/#\/schema\/logo\/image\/\"}}]}<\/script>\n<!-- \/ Yoast SEO plugin. -->","yoast_head_json":{"title":"G\u00fcc Performans \u00d6l\u00e7m\u0259l\u0259ri - Climate Master","robots":{"index":"index","follow":"follow","max-snippet":"max-snippet:-1","max-image-preview":"max-image-preview:large","max-video-preview":"max-video-preview:-1"},"canonical":"https:\/\/climatemaster.ge\/az\/product\/power-performance-measurements\/","og_locale":"az_AZ","og_type":"article","og_title":"G\u00fcc Performans \u00d6l\u00e7m\u0259l\u0259ri - Climate Master","og_description":"G\u00fcc Performans \u00d6l\u00e7m\u0259l\u0259ri K\u00fcl\u0259k turbinl\u0259rind\u0259 g\u00fcc performans\u0131n\u0131n \u00f6l\u00e7\u00fclm\u0259si k\u00fcl\u0259yin s\u00fcr\u0259tinin, g\u00fcc\u00fcn \u00f6l\u00e7\u00fclm\u0259sini v\u0259 bunun z\u0259man\u0259t veril\u0259n g\u00fcc \u0259yrisi il\u0259 m\u00fcqayis\u0259sini \u0259hat\u0259 edir. O, h\u0259m\u00e7inin hava s\u0131xl\u0131\u011f\u0131na d\u00fcz\u0259li\u015fl\u0259r etm\u0259k \u00fc\u00e7\u00fcn temperaturun v\u0259 hava t\u0259zyiqinin \u00f6l\u00e7\u00fclm\u0259sini d\u0259 \u0259hat\u0259 ed\u0259 bil\u0259r.","og_url":"https:\/\/climatemaster.ge\/az\/product\/power-performance-measurements\/","og_site_name":"Climate Master","article_modified_time":"2025-05-02T09:06:16+00:00","og_image":[{"width":1200,"height":298,"url":"https:\/\/climatemaster.ge\/wp-content\/uploads\/2025\/04\/ammonit-power-performance.jpg__1200x298_q85_subsampling-2-1.jpg","type":"image\/jpeg"}],"twitter_card":"summary_large_image","twitter_misc":{"Est. reading time":"1 minute"},"schema":{"@context":"https:\/\/schema.org","@graph":[{"@type":"WebPage","@id":"https:\/\/climatemaster.ge\/az\/product\/power-performance-measurements\/","url":"https:\/\/climatemaster.ge\/az\/product\/power-performance-measurements\/","name":"G\u00fcc Performans \u00d6l\u00e7m\u0259l\u0259ri - Climate Master","isPartOf":{"@id":"https:\/\/climatemaster.ge\/#website"},"primaryImageOfPage":{"@id":"https:\/\/climatemaster.ge\/az\/product\/power-performance-measurements\/#primaryimage"},"image":{"@id":"https:\/\/climatemaster.ge\/az\/product\/power-performance-measurements\/#primaryimage"},"thumbnailUrl":"https:\/\/climatemaster.ge\/wp-content\/uploads\/2025\/04\/ammonit-power-performance.jpg__1200x298_q85_subsampling-2-1.jpg","datePublished":"2025-05-02T08:02:50+00:00","dateModified":"2025-05-02T09:06:16+00:00","breadcrumb":{"@id":"https:\/\/climatemaster.ge\/az\/product\/power-performance-measurements\/#breadcrumb"},"inLanguage":"az","potentialAction":[{"@type":"ReadAction","target":["https:\/\/climatemaster.ge\/az\/product\/power-performance-measurements\/"]}]},{"@type":"ImageObject","inLanguage":"az","@id":"https:\/\/climatemaster.ge\/az\/product\/power-performance-measurements\/#primaryimage","url":"https:\/\/climatemaster.ge\/wp-content\/uploads\/2025\/04\/ammonit-power-performance.jpg__1200x298_q85_subsampling-2-1.jpg","contentUrl":"https:\/\/climatemaster.ge\/wp-content\/uploads\/2025\/04\/ammonit-power-performance.jpg__1200x298_q85_subsampling-2-1.jpg","width":1200,"height":298},{"@type":"BreadcrumbList","@id":"https:\/\/climatemaster.ge\/az\/product\/power-performance-measurements\/#breadcrumb","itemListElement":[{"@type":"ListItem","position":1,"name":"Home","item":"https:\/\/climatemaster.ge\/"},{"@type":"ListItem","position":2,"name":"M\u0259hsullar","item":"https:\/\/climatemaster.ge\/products\/"},{"@type":"ListItem","position":3,"name":"G\u00fcc Performans \u00d6l\u00e7m\u0259l\u0259ri"}]},{"@type":"WebSite","@id":"https:\/\/climatemaster.ge\/#website","url":"https:\/\/climatemaster.ge\/","name":"Climate Master","description":"","publisher":{"@id":"https:\/\/climatemaster.ge\/#organization"},"potentialAction":[{"@type":"SearchAction","target":{"@type":"EntryPoint","urlTemplate":"https:\/\/climatemaster.ge\/?s={search_term_string}"},"query-input":{"@type":"PropertyValueSpecification","valueRequired":true,"valueName":"search_term_string"}}],"inLanguage":"az"},{"@type":"Organization","@id":"https:\/\/climatemaster.ge\/#organization","name":"Climate Master","url":"https:\/\/climatemaster.ge\/","logo":{"@type":"ImageObject","inLanguage":"az","@id":"https:\/\/climatemaster.ge\/#\/schema\/logo\/image\/","url":"https:\/\/climatemaster.ge\/wp-content\/uploads\/2026\/03\/Untitled-2.png","contentUrl":"https:\/\/climatemaster.ge\/wp-content\/uploads\/2026\/03\/Untitled-2.png","width":600,"height":338,"caption":"Climate Master"},"image":{"@id":"https:\/\/climatemaster.ge\/#\/schema\/logo\/image\/"}}]}},"_links":{"self":[{"href":"https:\/\/climatemaster.ge\/az\/wp-json\/wp\/v2\/product\/30507","targetHints":{"allow":["GET"]}}],"collection":[{"href":"https:\/\/climatemaster.ge\/az\/wp-json\/wp\/v2\/product"}],"about":[{"href":"https:\/\/climatemaster.ge\/az\/wp-json\/wp\/v2\/types\/product"}],"wp:featuredmedia":[{"embeddable":true,"href":"https:\/\/climatemaster.ge\/az\/wp-json\/wp\/v2\/media\/30478"}],"wp:attachment":[{"href":"https:\/\/climatemaster.ge\/az\/wp-json\/wp\/v2\/media?parent=30507"}],"wp:term":[{"taxonomy":"product_brand","embeddable":true,"href":"https:\/\/climatemaster.ge\/az\/wp-json\/wp\/v2\/product_brand?post=30507"},{"taxonomy":"product_cat","embeddable":true,"href":"https:\/\/climatemaster.ge\/az\/wp-json\/wp\/v2\/product_cat?post=30507"},{"taxonomy":"product_tag","embeddable":true,"href":"https:\/\/climatemaster.ge\/az\/wp-json\/wp\/v2\/product_tag?post=30507"}],"curies":[{"name":"wp","href":"https:\/\/api.w.org\/{rel}","templated":true}]}}