{"id":30382,"date":"2025-01-01T22:04:16","date_gmt":"2025-01-01T18:04:16","guid":{"rendered":"https:\/\/airsystems.ge\/shop\/product\/stainless-steel-coils\/"},"modified":"2025-06-07T15:57:47","modified_gmt":"2025-06-07T11:57:47","slug":"stainless-steel-coils","status":"publish","type":"product","link":"https:\/\/climatemaster.ge\/az\/product\/stainless-steel-coils\/","title":{"rendered":"paslanmayan polad rulonlarda Spirales Nichrome-FeCrAl"},"content":{"rendered":"<div class=\"elementor-element elementor-element-391e72ec elementor-widget elementor-widget-theme-post-content\" data-id=\"391e72ec\" data-element_type=\"widget\" data-widget_type=\"theme-post-content.default\">\n<div class=\"elementor-widget-container\">\n<p>\u018fsas\u0259n daxili v\u0259 ya xarici korroziya ba\u015f verdikd\u0259, h\u0259m\u00e7inin temperatur s\u0259b\u0259bl\u0259rind\u0259n istifad\u0259 olunur.<\/p>\n<p>Paslanmayan poladdan haz\u0131rlanm\u0131\u015f rulonlar 5 m\u00fcxt\u0259lif h\u0259nd\u0259s\u0259d\u0259 m\u00f6vcuddur:<\/p>\n<ul>\n<li>5\/8\u201d 60\u00d730<\/li>\n<li>5\/8\u201d 40\u00d735<\/li>\n<li>5\/8\u201d 50\u00d750<\/li>\n<li>5\/8 50\u00d725<\/li>\n<li>7\/8\u201d 65,42\u00d756,66<\/li>\n<\/ul>\n<p>H\u0259nd\u0259s\u0259l\u0259rin m\u00fcxt\u0259lifliyi v\u0259 \u0259ks\u0259r mayel\u0259r\u0259 uy\u011fun olmas\u0131 say\u0259sind\u0259 istilik d\u0259yi\u015fdiricil\u0259rimiz dizayn v\u0259 materiallar bax\u0131m\u0131ndan tamamil\u0259 f\u0259rdil\u0259\u015fdiril\u0259 bil\u0259r. Bu o dem\u0259kdir ki, t\u0259klifimiz m\u00fc\u015ft\u0259ril\u0259rimizin b\u00fct\u00fcn ehtiyaclar\u0131n\u0131 \u00f6d\u0259m\u0259y\u0259 qadirdir.<\/p>\n<p>Bir Fazal\u0131 rulonlar olaraq, maye hal\u0131nda olan \u0259ks\u0259r mayel\u0259r\u0259 n\u00fcmun\u0259 olaraq su, su-qlikol qar\u0131\u015f\u0131qlar\u0131, ya\u011f, diatermik mayel\u0259r v\u0259 s. uy\u011fun g\u0259lir. Onlar su rulonlar\u0131 kimi ideald\u0131r.<br \/>\nFaza D\u0259yi\u015f\u0259n Bobinl\u0259r olaraq, Paslanmayan Polad \u00e7e\u015fidimiz istilik nasoslar\u0131 \u00fc\u00e7\u00fcn geri \u00e7evril\u0259 bil\u0259n buxarland\u0131r\u0131c\u0131lar, kondensatorlar kimi m\u00fc\u015ft\u0259rinin ma\u015f\u0131n ehtiyaclar\u0131na m\u00fck\u0259mm\u0259l \u015f\u0259kild\u0259 inteqrasiya oluna bil\u0259r.<br \/>\nOnlar h\u0259m\u00e7inin NH3 v\u0259 CO2, el\u0259c\u0259 d\u0259 b\u00fct\u00fcn sintetik soyuducu madd\u0259l\u0259r (A2L daxil olmaqla) \u00fc\u00e7\u00fcn uy\u011fundur.<\/p>\n<p>Dig\u0259r x\u00fcsusiyy\u0259tl\u0259r:<br \/>\n\u2013 Pi\u015fik. II PED.<br \/>\n\u2013 Maksimum dizayn t\u0259zyiqi 140 bar<br \/>\n&#8211; Maksimum fin add\u0131m\u0131 11 mm<br \/>\n&#8211; Maksimum uzunluq 11 m<br \/>\n&#8211; \u00c7\u0259ki m\u0259hdudiyy\u0259ti yoxdur<\/p>\n<\/div>\n<\/div>\n<div class=\"elementor-element elementor-element-427e8a79 e-flex e-con-boxed e-con e-child\" data-id=\"427e8a79\" data-element_type=\"container\">\n<div class=\"e-con-inner\">\n<div class=\"elementor-element elementor-element-6e19ed90 hidebutton mc-bl elementor-align-left elementor-widget elementor-widget-button\" data-id=\"6e19ed90\" data-element_type=\"widget\" data-widget_type=\"button.default\">\n<div class=\"elementor-widget-container\">\n<div class=\"elementor-button-wrapper\"><a class=\"elementor-button elementor-button-link elementor-size-sm\" href=\"https:\/\/www.enextechnologies.com\/wp-content\/uploads\/2025\/03\/HX_COILS_Catalog_ENG.pdf\" target=\"_blank\" rel=\"noopener\"><span class=\"elementor-button-content-wrapper\"><span class=\"elementor-button-text\">PRODUCT CATALOG<\/span><\/span><\/a><\/div>\n<\/div>\n<\/div>\n<\/div>\n<\/div>\n","protected":false},"excerpt":{"rendered":"<p>Enex Technologies-in Paslanmayan Polad Bobinl\u0259r Seriyas\u0131 qanadl\u0131 paket istilik d\u0259yi\u015fdiricil\u0259rinin geni\u015f \u00e7e\u015fidi Avropada s\u0259naye soyuducular\u0131, \u0130T soyutma, HVAC v\u0259 Enerji v\u0259 Proses Soyutma t\u0259tbiql\u0259ri \u00fc\u00e7\u00fcn uy\u011fun olan \u0259n m\u00fck\u0259mm\u0259ll\u0259r aras\u0131nda yer al\u0131r.<\/p>\n","protected":false},"featured_media":30375,"template":"","meta":[],"product_brand":[],"product_cat":[875,1312],"product_tag":[],"class_list":{"0":"post-30382","1":"product","2":"type-product","3":"status-publish","4":"has-post-thumbnail","6":"product_cat-snaye-az-kondisionerlr","7":"product_cat-spirales-nichrome-fecral-az","9":"first","10":"instock","11":"shipping-taxable","12":"product-type-simple"},"yoast_head":"<!-- This site is optimized with the Yoast SEO plugin v27.1.1 - https:\/\/yoast.com\/product\/yoast-seo-wordpress\/ -->\n<title>paslanmayan polad rulonlarda Spirales Nichrome-FeCrAl - Climate Master<\/title>\n<meta name=\"robots\" content=\"index, follow, max-snippet:-1, max-image-preview:large, max-video-preview:-1\" \/>\n<link rel=\"canonical\" href=\"https:\/\/climatemaster.ge\/az\/product\/stainless-steel-coils\/\" \/>\n<meta property=\"og:locale\" content=\"az_AZ\" \/>\n<meta property=\"og:type\" content=\"article\" \/>\n<meta property=\"og:title\" content=\"paslanmayan polad rulonlarda Spirales Nichrome-FeCrAl - Climate Master\" \/>\n<meta property=\"og:description\" content=\"Enex Technologies-in Paslanmayan Polad Bobinl\u0259r Seriyas\u0131 qanadl\u0131 paket istilik d\u0259yi\u015fdiricil\u0259rinin geni\u015f \u00e7e\u015fidi Avropada s\u0259naye soyuducular\u0131, \u0130T soyutma, HVAC v\u0259 Enerji v\u0259 Proses Soyutma t\u0259tbiql\u0259ri \u00fc\u00e7\u00fcn uy\u011fun olan \u0259n m\u00fck\u0259mm\u0259ll\u0259r aras\u0131nda yer al\u0131r.\" \/>\n<meta property=\"og:url\" content=\"https:\/\/climatemaster.ge\/az\/product\/stainless-steel-coils\/\" \/>\n<meta property=\"og:site_name\" content=\"Climate Master\" \/>\n<meta property=\"article:modified_time\" content=\"2025-06-07T11:57:47+00:00\" \/>\n<meta property=\"og:image\" content=\"https:\/\/climatemaster.ge\/wp-content\/uploads\/2025\/04\/SS-coils_inox.jpg\" \/>\n\t<meta property=\"og:image:width\" content=\"500\" \/>\n\t<meta property=\"og:image:height\" content=\"723\" \/>\n\t<meta property=\"og:image:type\" content=\"image\/jpeg\" \/>\n<meta name=\"twitter:card\" content=\"summary_large_image\" \/>\n<meta name=\"twitter:label1\" content=\"Est. reading time\" \/>\n\t<meta name=\"twitter:data1\" content=\"1 minute\" \/>\n<script type=\"application\/ld+json\" class=\"yoast-schema-graph\">{\"@context\":\"https:\/\/schema.org\",\"@graph\":[{\"@type\":\"WebPage\",\"@id\":\"https:\/\/climatemaster.ge\/az\/product\/stainless-steel-coils\/\",\"url\":\"https:\/\/climatemaster.ge\/az\/product\/stainless-steel-coils\/\",\"name\":\"paslanmayan polad rulonlarda Spirales Nichrome-FeCrAl - Climate Master\",\"isPartOf\":{\"@id\":\"https:\/\/climatemaster.ge\/#website\"},\"primaryImageOfPage\":{\"@id\":\"https:\/\/climatemaster.ge\/az\/product\/stainless-steel-coils\/#primaryimage\"},\"image\":{\"@id\":\"https:\/\/climatemaster.ge\/az\/product\/stainless-steel-coils\/#primaryimage\"},\"thumbnailUrl\":\"https:\/\/climatemaster.ge\/wp-content\/uploads\/2025\/04\/SS-coils_inox.jpg\",\"datePublished\":\"2025-01-01T18:04:16+00:00\",\"dateModified\":\"2025-06-07T11:57:47+00:00\",\"breadcrumb\":{\"@id\":\"https:\/\/climatemaster.ge\/az\/product\/stainless-steel-coils\/#breadcrumb\"},\"inLanguage\":\"az\",\"potentialAction\":[{\"@type\":\"ReadAction\",\"target\":[\"https:\/\/climatemaster.ge\/az\/product\/stainless-steel-coils\/\"]}]},{\"@type\":\"ImageObject\",\"inLanguage\":\"az\",\"@id\":\"https:\/\/climatemaster.ge\/az\/product\/stainless-steel-coils\/#primaryimage\",\"url\":\"https:\/\/climatemaster.ge\/wp-content\/uploads\/2025\/04\/SS-coils_inox.jpg\",\"contentUrl\":\"https:\/\/climatemaster.ge\/wp-content\/uploads\/2025\/04\/SS-coils_inox.jpg\",\"width\":500,\"height\":723},{\"@type\":\"BreadcrumbList\",\"@id\":\"https:\/\/climatemaster.ge\/az\/product\/stainless-steel-coils\/#breadcrumb\",\"itemListElement\":[{\"@type\":\"ListItem\",\"position\":1,\"name\":\"Home\",\"item\":\"https:\/\/climatemaster.ge\/\"},{\"@type\":\"ListItem\",\"position\":2,\"name\":\"M\u0259hsullar\",\"item\":\"https:\/\/climatemaster.ge\/products\/\"},{\"@type\":\"ListItem\",\"position\":3,\"name\":\"paslanmayan polad rulonlarda Spirales Nichrome-FeCrAl\"}]},{\"@type\":\"WebSite\",\"@id\":\"https:\/\/climatemaster.ge\/#website\",\"url\":\"https:\/\/climatemaster.ge\/\",\"name\":\"Climate Master\",\"description\":\"\",\"publisher\":{\"@id\":\"https:\/\/climatemaster.ge\/#organization\"},\"potentialAction\":[{\"@type\":\"SearchAction\",\"target\":{\"@type\":\"EntryPoint\",\"urlTemplate\":\"https:\/\/climatemaster.ge\/?s={search_term_string}\"},\"query-input\":{\"@type\":\"PropertyValueSpecification\",\"valueRequired\":true,\"valueName\":\"search_term_string\"}}],\"inLanguage\":\"az\"},{\"@type\":\"Organization\",\"@id\":\"https:\/\/climatemaster.ge\/#organization\",\"name\":\"Climate Master\",\"url\":\"https:\/\/climatemaster.ge\/\",\"logo\":{\"@type\":\"ImageObject\",\"inLanguage\":\"az\",\"@id\":\"https:\/\/climatemaster.ge\/#\/schema\/logo\/image\/\",\"url\":\"https:\/\/climatemaster.ge\/wp-content\/uploads\/2026\/03\/Untitled-2.png\",\"contentUrl\":\"https:\/\/climatemaster.ge\/wp-content\/uploads\/2026\/03\/Untitled-2.png\",\"width\":600,\"height\":338,\"caption\":\"Climate Master\"},\"image\":{\"@id\":\"https:\/\/climatemaster.ge\/#\/schema\/logo\/image\/\"}}]}<\/script>\n<!-- \/ Yoast SEO plugin. -->","yoast_head_json":{"title":"paslanmayan polad rulonlarda Spirales Nichrome-FeCrAl - Climate Master","robots":{"index":"index","follow":"follow","max-snippet":"max-snippet:-1","max-image-preview":"max-image-preview:large","max-video-preview":"max-video-preview:-1"},"canonical":"https:\/\/climatemaster.ge\/az\/product\/stainless-steel-coils\/","og_locale":"az_AZ","og_type":"article","og_title":"paslanmayan polad rulonlarda Spirales Nichrome-FeCrAl - Climate Master","og_description":"Enex Technologies-in Paslanmayan Polad Bobinl\u0259r Seriyas\u0131 qanadl\u0131 paket istilik d\u0259yi\u015fdiricil\u0259rinin geni\u015f \u00e7e\u015fidi Avropada s\u0259naye soyuducular\u0131, \u0130T soyutma, HVAC v\u0259 Enerji v\u0259 Proses Soyutma t\u0259tbiql\u0259ri \u00fc\u00e7\u00fcn uy\u011fun olan \u0259n m\u00fck\u0259mm\u0259ll\u0259r aras\u0131nda yer al\u0131r.","og_url":"https:\/\/climatemaster.ge\/az\/product\/stainless-steel-coils\/","og_site_name":"Climate Master","article_modified_time":"2025-06-07T11:57:47+00:00","og_image":[{"width":500,"height":723,"url":"https:\/\/climatemaster.ge\/wp-content\/uploads\/2025\/04\/SS-coils_inox.jpg","type":"image\/jpeg"}],"twitter_card":"summary_large_image","twitter_misc":{"Est. reading time":"1 minute"},"schema":{"@context":"https:\/\/schema.org","@graph":[{"@type":"WebPage","@id":"https:\/\/climatemaster.ge\/az\/product\/stainless-steel-coils\/","url":"https:\/\/climatemaster.ge\/az\/product\/stainless-steel-coils\/","name":"paslanmayan polad rulonlarda Spirales Nichrome-FeCrAl - Climate Master","isPartOf":{"@id":"https:\/\/climatemaster.ge\/#website"},"primaryImageOfPage":{"@id":"https:\/\/climatemaster.ge\/az\/product\/stainless-steel-coils\/#primaryimage"},"image":{"@id":"https:\/\/climatemaster.ge\/az\/product\/stainless-steel-coils\/#primaryimage"},"thumbnailUrl":"https:\/\/climatemaster.ge\/wp-content\/uploads\/2025\/04\/SS-coils_inox.jpg","datePublished":"2025-01-01T18:04:16+00:00","dateModified":"2025-06-07T11:57:47+00:00","breadcrumb":{"@id":"https:\/\/climatemaster.ge\/az\/product\/stainless-steel-coils\/#breadcrumb"},"inLanguage":"az","potentialAction":[{"@type":"ReadAction","target":["https:\/\/climatemaster.ge\/az\/product\/stainless-steel-coils\/"]}]},{"@type":"ImageObject","inLanguage":"az","@id":"https:\/\/climatemaster.ge\/az\/product\/stainless-steel-coils\/#primaryimage","url":"https:\/\/climatemaster.ge\/wp-content\/uploads\/2025\/04\/SS-coils_inox.jpg","contentUrl":"https:\/\/climatemaster.ge\/wp-content\/uploads\/2025\/04\/SS-coils_inox.jpg","width":500,"height":723},{"@type":"BreadcrumbList","@id":"https:\/\/climatemaster.ge\/az\/product\/stainless-steel-coils\/#breadcrumb","itemListElement":[{"@type":"ListItem","position":1,"name":"Home","item":"https:\/\/climatemaster.ge\/"},{"@type":"ListItem","position":2,"name":"M\u0259hsullar","item":"https:\/\/climatemaster.ge\/products\/"},{"@type":"ListItem","position":3,"name":"paslanmayan polad rulonlarda Spirales Nichrome-FeCrAl"}]},{"@type":"WebSite","@id":"https:\/\/climatemaster.ge\/#website","url":"https:\/\/climatemaster.ge\/","name":"Climate Master","description":"","publisher":{"@id":"https:\/\/climatemaster.ge\/#organization"},"potentialAction":[{"@type":"SearchAction","target":{"@type":"EntryPoint","urlTemplate":"https:\/\/climatemaster.ge\/?s={search_term_string}"},"query-input":{"@type":"PropertyValueSpecification","valueRequired":true,"valueName":"search_term_string"}}],"inLanguage":"az"},{"@type":"Organization","@id":"https:\/\/climatemaster.ge\/#organization","name":"Climate Master","url":"https:\/\/climatemaster.ge\/","logo":{"@type":"ImageObject","inLanguage":"az","@id":"https:\/\/climatemaster.ge\/#\/schema\/logo\/image\/","url":"https:\/\/climatemaster.ge\/wp-content\/uploads\/2026\/03\/Untitled-2.png","contentUrl":"https:\/\/climatemaster.ge\/wp-content\/uploads\/2026\/03\/Untitled-2.png","width":600,"height":338,"caption":"Climate Master"},"image":{"@id":"https:\/\/climatemaster.ge\/#\/schema\/logo\/image\/"}}]}},"_links":{"self":[{"href":"https:\/\/climatemaster.ge\/az\/wp-json\/wp\/v2\/product\/30382","targetHints":{"allow":["GET"]}}],"collection":[{"href":"https:\/\/climatemaster.ge\/az\/wp-json\/wp\/v2\/product"}],"about":[{"href":"https:\/\/climatemaster.ge\/az\/wp-json\/wp\/v2\/types\/product"}],"wp:featuredmedia":[{"embeddable":true,"href":"https:\/\/climatemaster.ge\/az\/wp-json\/wp\/v2\/media\/30375"}],"wp:attachment":[{"href":"https:\/\/climatemaster.ge\/az\/wp-json\/wp\/v2\/media?parent=30382"}],"wp:term":[{"taxonomy":"product_brand","embeddable":true,"href":"https:\/\/climatemaster.ge\/az\/wp-json\/wp\/v2\/product_brand?post=30382"},{"taxonomy":"product_cat","embeddable":true,"href":"https:\/\/climatemaster.ge\/az\/wp-json\/wp\/v2\/product_cat?post=30382"},{"taxonomy":"product_tag","embeddable":true,"href":"https:\/\/climatemaster.ge\/az\/wp-json\/wp\/v2\/product_tag?post=30382"}],"curies":[{"name":"wp","href":"https:\/\/api.w.org\/{rel}","templated":true}]}}