{"id":30330,"date":"2025-01-01T22:08:44","date_gmt":"2025-01-01T18:08:44","guid":{"rendered":"https:\/\/airsystems.ge\/shop\/product\/coils-for-vacuum-cooling-special-coils-for-vacuum-cooling-applications\/"},"modified":"2025-06-07T15:23:38","modified_gmt":"2025-06-07T11:23:38","slug":"coils-for-vacuum-cooling-special-coils-for-vacuum-cooling-applications","status":"publish","type":"product","link":"https:\/\/climatemaster.ge\/az\/product\/coils-for-vacuum-cooling-special-coils-for-vacuum-cooling-applications\/","title":{"rendered":"Vakuum soyutma \u00fc\u00e7\u00fcn rulonlar Vakuum soyutma t\u0259tbiql\u0259ri \u00fc\u00e7\u00fcn x\u00fcsusi rulonlar. Spirales Nichrome-FeCrAl"},"content":{"rendered":"","protected":false},"excerpt":{"rendered":"","protected":false},"featured_media":30325,"template":"","meta":[],"product_brand":[],"product_cat":[875,1312],"product_tag":[],"class_list":{"0":"post-30330","1":"product","2":"type-product","3":"status-publish","4":"has-post-thumbnail","6":"product_cat-snaye-az-kondisionerlr","7":"product_cat-spirales-nichrome-fecral-az","9":"first","10":"instock","11":"shipping-taxable","12":"product-type-simple"},"yoast_head":"<!-- This site is optimized with the Yoast SEO plugin v27.1.1 - https:\/\/yoast.com\/product\/yoast-seo-wordpress\/ -->\n<title>Vakuum soyutma \u00fc\u00e7\u00fcn rulonlar Vakuum soyutma t\u0259tbiql\u0259ri \u00fc\u00e7\u00fcn x\u00fcsusi rulonlar. Spirales Nichrome-FeCrAl - Climate Master<\/title>\n<meta name=\"robots\" content=\"index, follow, max-snippet:-1, max-image-preview:large, max-video-preview:-1\" \/>\n<link rel=\"canonical\" href=\"https:\/\/climatemaster.ge\/az\/product\/coils-for-vacuum-cooling-special-coils-for-vacuum-cooling-applications\/\" \/>\n<meta property=\"og:locale\" content=\"az_AZ\" \/>\n<meta property=\"og:type\" content=\"article\" \/>\n<meta property=\"og:title\" content=\"Vakuum soyutma \u00fc\u00e7\u00fcn rulonlar Vakuum soyutma t\u0259tbiql\u0259ri \u00fc\u00e7\u00fcn x\u00fcsusi rulonlar. Spirales Nichrome-FeCrAl - Climate Master\" \/>\n<meta property=\"og:url\" content=\"https:\/\/climatemaster.ge\/az\/product\/coils-for-vacuum-cooling-special-coils-for-vacuum-cooling-applications\/\" \/>\n<meta property=\"og:site_name\" content=\"Climate Master\" \/>\n<meta property=\"article:modified_time\" content=\"2025-06-07T11:23:38+00:00\" \/>\n<meta property=\"og:image\" content=\"https:\/\/climatemaster.ge\/wp-content\/uploads\/2025\/04\/Coils-For-Vacuum-Cooling_senza-linea-qdd9fpiauk5a4usjrbr4qtts12o3bibkyu60xw6f12.png\" \/>\n\t<meta property=\"og:image:width\" content=\"600\" \/>\n\t<meta property=\"og:image:height\" content=\"399\" \/>\n\t<meta property=\"og:image:type\" content=\"image\/png\" \/>\n<meta name=\"twitter:card\" content=\"summary_large_image\" \/>\n<script type=\"application\/ld+json\" class=\"yoast-schema-graph\">{\"@context\":\"https:\/\/schema.org\",\"@graph\":[{\"@type\":\"WebPage\",\"@id\":\"https:\/\/climatemaster.ge\/az\/product\/coils-for-vacuum-cooling-special-coils-for-vacuum-cooling-applications\/\",\"url\":\"https:\/\/climatemaster.ge\/az\/product\/coils-for-vacuum-cooling-special-coils-for-vacuum-cooling-applications\/\",\"name\":\"Vakuum soyutma \u00fc\u00e7\u00fcn rulonlar Vakuum soyutma t\u0259tbiql\u0259ri \u00fc\u00e7\u00fcn x\u00fcsusi rulonlar. Spirales Nichrome-FeCrAl - Climate Master\",\"isPartOf\":{\"@id\":\"https:\/\/climatemaster.ge\/#website\"},\"primaryImageOfPage\":{\"@id\":\"https:\/\/climatemaster.ge\/az\/product\/coils-for-vacuum-cooling-special-coils-for-vacuum-cooling-applications\/#primaryimage\"},\"image\":{\"@id\":\"https:\/\/climatemaster.ge\/az\/product\/coils-for-vacuum-cooling-special-coils-for-vacuum-cooling-applications\/#primaryimage\"},\"thumbnailUrl\":\"https:\/\/climatemaster.ge\/wp-content\/uploads\/2025\/04\/Coils-For-Vacuum-Cooling_senza-linea-qdd9fpiauk5a4usjrbr4qtts12o3bibkyu60xw6f12.png\",\"datePublished\":\"2025-01-01T18:08:44+00:00\",\"dateModified\":\"2025-06-07T11:23:38+00:00\",\"breadcrumb\":{\"@id\":\"https:\/\/climatemaster.ge\/az\/product\/coils-for-vacuum-cooling-special-coils-for-vacuum-cooling-applications\/#breadcrumb\"},\"inLanguage\":\"az\",\"potentialAction\":[{\"@type\":\"ReadAction\",\"target\":[\"https:\/\/climatemaster.ge\/az\/product\/coils-for-vacuum-cooling-special-coils-for-vacuum-cooling-applications\/\"]}]},{\"@type\":\"ImageObject\",\"inLanguage\":\"az\",\"@id\":\"https:\/\/climatemaster.ge\/az\/product\/coils-for-vacuum-cooling-special-coils-for-vacuum-cooling-applications\/#primaryimage\",\"url\":\"https:\/\/climatemaster.ge\/wp-content\/uploads\/2025\/04\/Coils-For-Vacuum-Cooling_senza-linea-qdd9fpiauk5a4usjrbr4qtts12o3bibkyu60xw6f12.png\",\"contentUrl\":\"https:\/\/climatemaster.ge\/wp-content\/uploads\/2025\/04\/Coils-For-Vacuum-Cooling_senza-linea-qdd9fpiauk5a4usjrbr4qtts12o3bibkyu60xw6f12.png\",\"width\":600,\"height\":399},{\"@type\":\"BreadcrumbList\",\"@id\":\"https:\/\/climatemaster.ge\/az\/product\/coils-for-vacuum-cooling-special-coils-for-vacuum-cooling-applications\/#breadcrumb\",\"itemListElement\":[{\"@type\":\"ListItem\",\"position\":1,\"name\":\"Home\",\"item\":\"https:\/\/climatemaster.ge\/\"},{\"@type\":\"ListItem\",\"position\":2,\"name\":\"M\u0259hsullar\",\"item\":\"https:\/\/climatemaster.ge\/products\/\"},{\"@type\":\"ListItem\",\"position\":3,\"name\":\"Vakuum soyutma \u00fc\u00e7\u00fcn rulonlar Vakuum soyutma t\u0259tbiql\u0259ri \u00fc\u00e7\u00fcn x\u00fcsusi rulonlar. Spirales Nichrome-FeCrAl\"}]},{\"@type\":\"WebSite\",\"@id\":\"https:\/\/climatemaster.ge\/#website\",\"url\":\"https:\/\/climatemaster.ge\/\",\"name\":\"Climate Master\",\"description\":\"\",\"publisher\":{\"@id\":\"https:\/\/climatemaster.ge\/#organization\"},\"potentialAction\":[{\"@type\":\"SearchAction\",\"target\":{\"@type\":\"EntryPoint\",\"urlTemplate\":\"https:\/\/climatemaster.ge\/?s={search_term_string}\"},\"query-input\":{\"@type\":\"PropertyValueSpecification\",\"valueRequired\":true,\"valueName\":\"search_term_string\"}}],\"inLanguage\":\"az\"},{\"@type\":\"Organization\",\"@id\":\"https:\/\/climatemaster.ge\/#organization\",\"name\":\"Climate Master\",\"url\":\"https:\/\/climatemaster.ge\/\",\"logo\":{\"@type\":\"ImageObject\",\"inLanguage\":\"az\",\"@id\":\"https:\/\/climatemaster.ge\/#\/schema\/logo\/image\/\",\"url\":\"https:\/\/climatemaster.ge\/wp-content\/uploads\/2026\/03\/Untitled-2.png\",\"contentUrl\":\"https:\/\/climatemaster.ge\/wp-content\/uploads\/2026\/03\/Untitled-2.png\",\"width\":600,\"height\":338,\"caption\":\"Climate Master\"},\"image\":{\"@id\":\"https:\/\/climatemaster.ge\/#\/schema\/logo\/image\/\"}}]}<\/script>\n<!-- \/ Yoast SEO plugin. -->","yoast_head_json":{"title":"Vakuum soyutma \u00fc\u00e7\u00fcn rulonlar Vakuum soyutma t\u0259tbiql\u0259ri \u00fc\u00e7\u00fcn x\u00fcsusi rulonlar. Spirales Nichrome-FeCrAl - Climate Master","robots":{"index":"index","follow":"follow","max-snippet":"max-snippet:-1","max-image-preview":"max-image-preview:large","max-video-preview":"max-video-preview:-1"},"canonical":"https:\/\/climatemaster.ge\/az\/product\/coils-for-vacuum-cooling-special-coils-for-vacuum-cooling-applications\/","og_locale":"az_AZ","og_type":"article","og_title":"Vakuum soyutma \u00fc\u00e7\u00fcn rulonlar Vakuum soyutma t\u0259tbiql\u0259ri \u00fc\u00e7\u00fcn x\u00fcsusi rulonlar. Spirales Nichrome-FeCrAl - Climate Master","og_url":"https:\/\/climatemaster.ge\/az\/product\/coils-for-vacuum-cooling-special-coils-for-vacuum-cooling-applications\/","og_site_name":"Climate Master","article_modified_time":"2025-06-07T11:23:38+00:00","og_image":[{"width":600,"height":399,"url":"https:\/\/climatemaster.ge\/wp-content\/uploads\/2025\/04\/Coils-For-Vacuum-Cooling_senza-linea-qdd9fpiauk5a4usjrbr4qtts12o3bibkyu60xw6f12.png","type":"image\/png"}],"twitter_card":"summary_large_image","schema":{"@context":"https:\/\/schema.org","@graph":[{"@type":"WebPage","@id":"https:\/\/climatemaster.ge\/az\/product\/coils-for-vacuum-cooling-special-coils-for-vacuum-cooling-applications\/","url":"https:\/\/climatemaster.ge\/az\/product\/coils-for-vacuum-cooling-special-coils-for-vacuum-cooling-applications\/","name":"Vakuum soyutma \u00fc\u00e7\u00fcn rulonlar Vakuum soyutma t\u0259tbiql\u0259ri \u00fc\u00e7\u00fcn x\u00fcsusi rulonlar. Spirales Nichrome-FeCrAl - Climate Master","isPartOf":{"@id":"https:\/\/climatemaster.ge\/#website"},"primaryImageOfPage":{"@id":"https:\/\/climatemaster.ge\/az\/product\/coils-for-vacuum-cooling-special-coils-for-vacuum-cooling-applications\/#primaryimage"},"image":{"@id":"https:\/\/climatemaster.ge\/az\/product\/coils-for-vacuum-cooling-special-coils-for-vacuum-cooling-applications\/#primaryimage"},"thumbnailUrl":"https:\/\/climatemaster.ge\/wp-content\/uploads\/2025\/04\/Coils-For-Vacuum-Cooling_senza-linea-qdd9fpiauk5a4usjrbr4qtts12o3bibkyu60xw6f12.png","datePublished":"2025-01-01T18:08:44+00:00","dateModified":"2025-06-07T11:23:38+00:00","breadcrumb":{"@id":"https:\/\/climatemaster.ge\/az\/product\/coils-for-vacuum-cooling-special-coils-for-vacuum-cooling-applications\/#breadcrumb"},"inLanguage":"az","potentialAction":[{"@type":"ReadAction","target":["https:\/\/climatemaster.ge\/az\/product\/coils-for-vacuum-cooling-special-coils-for-vacuum-cooling-applications\/"]}]},{"@type":"ImageObject","inLanguage":"az","@id":"https:\/\/climatemaster.ge\/az\/product\/coils-for-vacuum-cooling-special-coils-for-vacuum-cooling-applications\/#primaryimage","url":"https:\/\/climatemaster.ge\/wp-content\/uploads\/2025\/04\/Coils-For-Vacuum-Cooling_senza-linea-qdd9fpiauk5a4usjrbr4qtts12o3bibkyu60xw6f12.png","contentUrl":"https:\/\/climatemaster.ge\/wp-content\/uploads\/2025\/04\/Coils-For-Vacuum-Cooling_senza-linea-qdd9fpiauk5a4usjrbr4qtts12o3bibkyu60xw6f12.png","width":600,"height":399},{"@type":"BreadcrumbList","@id":"https:\/\/climatemaster.ge\/az\/product\/coils-for-vacuum-cooling-special-coils-for-vacuum-cooling-applications\/#breadcrumb","itemListElement":[{"@type":"ListItem","position":1,"name":"Home","item":"https:\/\/climatemaster.ge\/"},{"@type":"ListItem","position":2,"name":"M\u0259hsullar","item":"https:\/\/climatemaster.ge\/products\/"},{"@type":"ListItem","position":3,"name":"Vakuum soyutma \u00fc\u00e7\u00fcn rulonlar Vakuum soyutma t\u0259tbiql\u0259ri \u00fc\u00e7\u00fcn x\u00fcsusi rulonlar. Spirales Nichrome-FeCrAl"}]},{"@type":"WebSite","@id":"https:\/\/climatemaster.ge\/#website","url":"https:\/\/climatemaster.ge\/","name":"Climate Master","description":"","publisher":{"@id":"https:\/\/climatemaster.ge\/#organization"},"potentialAction":[{"@type":"SearchAction","target":{"@type":"EntryPoint","urlTemplate":"https:\/\/climatemaster.ge\/?s={search_term_string}"},"query-input":{"@type":"PropertyValueSpecification","valueRequired":true,"valueName":"search_term_string"}}],"inLanguage":"az"},{"@type":"Organization","@id":"https:\/\/climatemaster.ge\/#organization","name":"Climate Master","url":"https:\/\/climatemaster.ge\/","logo":{"@type":"ImageObject","inLanguage":"az","@id":"https:\/\/climatemaster.ge\/#\/schema\/logo\/image\/","url":"https:\/\/climatemaster.ge\/wp-content\/uploads\/2026\/03\/Untitled-2.png","contentUrl":"https:\/\/climatemaster.ge\/wp-content\/uploads\/2026\/03\/Untitled-2.png","width":600,"height":338,"caption":"Climate Master"},"image":{"@id":"https:\/\/climatemaster.ge\/#\/schema\/logo\/image\/"}}]}},"_links":{"self":[{"href":"https:\/\/climatemaster.ge\/az\/wp-json\/wp\/v2\/product\/30330","targetHints":{"allow":["GET"]}}],"collection":[{"href":"https:\/\/climatemaster.ge\/az\/wp-json\/wp\/v2\/product"}],"about":[{"href":"https:\/\/climatemaster.ge\/az\/wp-json\/wp\/v2\/types\/product"}],"wp:featuredmedia":[{"embeddable":true,"href":"https:\/\/climatemaster.ge\/az\/wp-json\/wp\/v2\/media\/30325"}],"wp:attachment":[{"href":"https:\/\/climatemaster.ge\/az\/wp-json\/wp\/v2\/media?parent=30330"}],"wp:term":[{"taxonomy":"product_brand","embeddable":true,"href":"https:\/\/climatemaster.ge\/az\/wp-json\/wp\/v2\/product_brand?post=30330"},{"taxonomy":"product_cat","embeddable":true,"href":"https:\/\/climatemaster.ge\/az\/wp-json\/wp\/v2\/product_cat?post=30330"},{"taxonomy":"product_tag","embeddable":true,"href":"https:\/\/climatemaster.ge\/az\/wp-json\/wp\/v2\/product_tag?post=30330"}],"curies":[{"name":"wp","href":"https:\/\/api.w.org\/{rel}","templated":true}]}}