{"id":30272,"date":"2025-01-01T22:23:53","date_gmt":"2025-01-01T18:23:53","guid":{"rendered":"https:\/\/airsystems.ge\/shop\/product\/free-cooler-systems-air-introduction-outdoor-free-cooling-ae-f_pasce-ae-f_pasce-from-1500-m3-h-to-3000-m3-h\/"},"modified":"2025-04-21T21:09:25","modified_gmt":"2025-04-21T17:09:25","slug":"free-cooler-systems-air-introduction-outdoor-free-cooling-ae-f_pasce-ae-f_pasce-from-1500-m3-h-to-3000-m3-h","status":"publish","type":"product","link":"https:\/\/climatemaster.ge\/az\/product\/free-cooler-systems-air-introduction-outdoor-free-cooling-ae-f_pasce-ae-f_pasce-from-1500-m3-h-to-3000-m3-h\/","title":{"rendered":"Pulsuz soyuducu sisteml\u0259r Hava giri\u015fi &#8211; Xarici Free Cooling AE F_PASCE AE F_PASCE 1500 m3\/saatdan 3000 m3\/saata q\u0259d\u0259r"},"content":{"rendered":"<div class=\"elementor-element elementor-element-391e72ec elementor-widget elementor-widget-theme-post-content\" data-id=\"391e72ec\" data-element_type=\"widget\" data-widget_type=\"theme-post-content.default\">\n<div class=\"elementor-widget-container\">\n<p><strong>HAVA G\u0130R\u0130\u015e S\u0130STEM\u0130<\/strong><br \/>\n\u2022 Xarici s\u0259rb\u0259st soyuducu qutu tam toz filtri, fan (m\u0259rk\u0259zd\u0259nqa\u00e7ma\/tangensial) v\u0259 diferensial hava t\u0259zyiq a\u00e7ar\u0131<br \/>\n\u2022 \u201c\u018fmr v\u0259 \u0130dar\u0259etm\u0259\u201d elektrik paneli \u00fcmumi ay\u0131r\u0131c\u0131 a\u00e7ardan, PLC PB13, maksimum temperatur termostat\u0131ndan ibar\u0259tdir.<br \/>\n\u2022 Daxili hava giri\u015f \u015f\u0259b\u0259k\u0259si<br \/>\n\u2022 H\u0259ddind\u0259n art\u0131q t\u0259zyiq damperi<br \/>\n\u2022 Xarici plenum<br \/>\n\u2022 Daxili \u015f\u0259b\u0259k\u0259<\/p>\n<p>Sistem kondisionerin PLC-si t\u0259r\u0259find\u0259n idar\u0259 olunur, onun v\u0259zif\u0259si i\u015f d\u00f6vr\u00fcn\u00fc idar\u0259 etm\u0259k v\u0259 h\u0259r hans\u0131 bir h\u0259y\u0259can v\u0259ziyy\u0259tini a\u015fkar etm\u0259kdir.<br \/>\nBu sistem Ethra Tech kondisioneri il\u0259 birl\u0259\u015fdirildikd\u0259 x\u00fcsusi PLC-y\u0259 ehtiyac olmadan eyni kondisioner n\u0259zar\u0259t\u00e7isi t\u0259r\u0259find\u0259n idar\u0259 oluna bil\u0259r. Fan s\u00fcr\u0259ti \u201cPRORS\u0130ONAL\u201d (0-10V) siqnal\u0131 il\u0259 t\u0259nziml\u0259nir.<br \/>\n\u201cProporsional\u201d t\u0259nziml\u0259m\u0259sini q\u0259bul etm\u0259kl\u0259, xarici temperatur \u00e7ox a\u015fa\u011f\u0131 olduqda termal \u015fok \u015f\u0259raitinin qar\u015f\u0131s\u0131 al\u0131n\u0131r.<br \/>\nBu sistem h\u0259m d\u0259 ota\u011f\u0131 s\u0259rinl\u0259m\u0259k \u00fc\u00e7\u00fcn f\u00f6vq\u0259lad\u0259 bir sistem kimi m\u00fc\u0259yy\u0259n edil\u0259 bil\u0259r, \u00e7\u00fcnki a\u015fkar edilmi\u015f temperatur \u0259vv\u0259lc\u0259d\u0259n m\u00fc\u0259yy\u0259n edilmi\u015f d\u0259y\u0259rl\u0259ri a\u015fd\u0131qda fan\u0131 m\u00fcst\u0259qil v\u0259 ayr\u0131ca qidaland\u0131rmaq imkan\u0131 ver\u0259n elektromexaniki n\u0259zar\u0259t\u00e7i (termostat) t\u0259min edilir.<\/p>\n<p><strong>Texniki x\u00fcsusiyy\u0259tl\u0259r<\/strong><br \/>\n\u2022 Xarici panell\u0259r epoksid tozlar\u0131 il\u0259 boyanm\u0131\u015fd\u0131r<br \/>\n\u2022 \u00c7ox y\u00fcng\u00fcl \u00e7\u0259ki<br \/>\n\u2022 Qura\u015fd\u0131rma \u00fc\u00e7\u00fcn asan \u0259m\u0259liyyatlar<br \/>\n\u2022 Xidm\u0259t v\u0259 texniki xidm\u0259t \u00fc\u00e7\u00fcn asan giri\u015f<br \/>\n\u2022 A\u015fa\u011f\u0131 s\u0259s-k\u00fcy s\u0259viyy\u0259l\u0259ri<\/p>\n<\/div>\n<\/div>\n<div class=\"elementor-element elementor-element-427e8a79 e-flex e-con-boxed e-con e-child\" data-id=\"427e8a79\" data-element_type=\"container\">\n<div class=\"e-con-inner\">\n<div class=\"elementor-element elementor-element-6e19ed90 hidebutton mc-bl elementor-align-left elementor-widget elementor-widget-button\" data-id=\"6e19ed90\" data-element_type=\"widget\" data-widget_type=\"button.default\">\n<div class=\"elementor-widget-container\">\n<div class=\"elementor-button-wrapper\"><a class=\"elementor-button elementor-button-link elementor-size-sm\" href=\"https:\/\/www.enextechnologies.com\/wp-content\/uploads\/2024\/08\/B_AE3000F_PASCE-en-rev.2-1.pdf\" target=\"_blank\" rel=\"noopener\"><span class=\"elementor-button-content-wrapper\"><span class=\"elementor-button-text\">BROCHURE<\/span><\/span><\/a><\/div>\n<\/div>\n<\/div>\n<\/div>\n<\/div>\n","protected":false},"excerpt":{"rendered":"<p>1500 m3\/saatdan 3000 m3\/saata q\u0259d\u0259r<\/p>\n<p>S\u0259rb\u0259st soyuducu sisteminin \u0259sas m\u0259qs\u0259di avadanl\u0131q t\u0259r\u0259find\u0259n yaranan istiliyi xarici m\u00fchit\u0259 \u00f6t\u00fcrm\u0259k (da\u011f\u0131lma \u00fc\u00e7\u00fcn) il\u0259 davaml\u0131 hava d\u0259yi\u015fiklikl\u0259rini t\u0259min etm\u0259k x\u00fcsusiyy\u0259tin\u0259 malikdir.<br \/>\nH\u0259ll \u0259vv\u0259ll\u0259r pulsuz soyutma sistemi olmayan kondisionerl\u0259rin qura\u015fd\u0131r\u0131ld\u0131\u011f\u0131 yerl\u0259rd\u0259 d\u0259 y\u00fcks\u0259k enerji q\u0259na\u0259tin\u0259 imkan verm\u0259k \u00fc\u00e7\u00fcn n\u0259z\u0259rd\u0259 tutulmu\u015fdur.<\/p>\n","protected":false},"featured_media":33558,"template":"","meta":[],"product_brand":[],"product_cat":[1300,875],"product_tag":[],"class_list":{"0":"post-30272","1":"product","2":"type-product","3":"status-publish","4":"has-post-thumbnail","6":"product_cat-free-cooling-soyuducu-az","7":"product_cat-snaye-az-kondisionerlr","9":"first","10":"instock","11":"shipping-taxable","12":"product-type-simple"},"yoast_head":"<!-- This site is optimized with the Yoast SEO plugin v27.1.1 - https:\/\/yoast.com\/product\/yoast-seo-wordpress\/ -->\n<title>Pulsuz soyuducu sisteml\u0259r Hava giri\u015fi - Xarici Free Cooling AE F_PASCE AE F_PASCE 1500 m3\/saatdan 3000 m3\/saata q\u0259d\u0259r - Climate Master<\/title>\n<meta name=\"robots\" content=\"index, follow, max-snippet:-1, max-image-preview:large, max-video-preview:-1\" \/>\n<link rel=\"canonical\" href=\"https:\/\/climatemaster.ge\/az\/product\/free-cooler-systems-air-introduction-outdoor-free-cooling-ae-f_pasce-ae-f_pasce-from-1500-m3-h-to-3000-m3-h\/\" \/>\n<meta property=\"og:locale\" content=\"az_AZ\" \/>\n<meta property=\"og:type\" content=\"article\" \/>\n<meta property=\"og:title\" content=\"Pulsuz soyuducu sisteml\u0259r Hava giri\u015fi - Xarici Free Cooling AE F_PASCE AE F_PASCE 1500 m3\/saatdan 3000 m3\/saata q\u0259d\u0259r - Climate Master\" \/>\n<meta property=\"og:description\" content=\"1500 m3\/saatdan 3000 m3\/saata q\u0259d\u0259r  S\u0259rb\u0259st soyuducu sisteminin \u0259sas m\u0259qs\u0259di avadanl\u0131q t\u0259r\u0259find\u0259n yaranan istiliyi xarici m\u00fchit\u0259 \u00f6t\u00fcrm\u0259k (da\u011f\u0131lma \u00fc\u00e7\u00fcn) il\u0259 davaml\u0131 hava d\u0259yi\u015fiklikl\u0259rini t\u0259min etm\u0259k x\u00fcsusiyy\u0259tin\u0259 malikdir. H\u0259ll \u0259vv\u0259ll\u0259r pulsuz soyutma sistemi olmayan kondisionerl\u0259rin qura\u015fd\u0131r\u0131ld\u0131\u011f\u0131 yerl\u0259rd\u0259 d\u0259 y\u00fcks\u0259k enerji q\u0259na\u0259tin\u0259 imkan verm\u0259k \u00fc\u00e7\u00fcn n\u0259z\u0259rd\u0259 tutulmu\u015fdur.\" \/>\n<meta property=\"og:url\" content=\"https:\/\/climatemaster.ge\/az\/product\/free-cooler-systems-air-introduction-outdoor-free-cooling-ae-f_pasce-ae-f_pasce-from-1500-m3-h-to-3000-m3-h\/\" \/>\n<meta property=\"og:site_name\" content=\"Climate Master\" \/>\n<meta property=\"article:modified_time\" content=\"2025-04-21T17:09:25+00:00\" \/>\n<meta property=\"og:image\" content=\"https:\/\/climatemaster.ge\/wp-content\/uploads\/2025\/01\/sistemi-free-cooling-serie-PASCE.png\" \/>\n\t<meta property=\"og:image:width\" content=\"2560\" \/>\n\t<meta property=\"og:image:height\" content=\"1920\" \/>\n\t<meta property=\"og:image:type\" content=\"image\/png\" \/>\n<meta name=\"twitter:card\" content=\"summary_large_image\" \/>\n<meta name=\"twitter:label1\" content=\"Est. reading time\" \/>\n\t<meta name=\"twitter:data1\" content=\"1 minute\" \/>\n<script type=\"application\/ld+json\" class=\"yoast-schema-graph\">{\"@context\":\"https:\/\/schema.org\",\"@graph\":[{\"@type\":\"WebPage\",\"@id\":\"https:\/\/climatemaster.ge\/az\/product\/free-cooler-systems-air-introduction-outdoor-free-cooling-ae-f_pasce-ae-f_pasce-from-1500-m3-h-to-3000-m3-h\/\",\"url\":\"https:\/\/climatemaster.ge\/az\/product\/free-cooler-systems-air-introduction-outdoor-free-cooling-ae-f_pasce-ae-f_pasce-from-1500-m3-h-to-3000-m3-h\/\",\"name\":\"Pulsuz soyuducu sisteml\u0259r Hava giri\u015fi - Xarici Free Cooling AE F_PASCE AE F_PASCE 1500 m3\/saatdan 3000 m3\/saata q\u0259d\u0259r - Climate Master\",\"isPartOf\":{\"@id\":\"https:\/\/climatemaster.ge\/#website\"},\"primaryImageOfPage\":{\"@id\":\"https:\/\/climatemaster.ge\/az\/product\/free-cooler-systems-air-introduction-outdoor-free-cooling-ae-f_pasce-ae-f_pasce-from-1500-m3-h-to-3000-m3-h\/#primaryimage\"},\"image\":{\"@id\":\"https:\/\/climatemaster.ge\/az\/product\/free-cooler-systems-air-introduction-outdoor-free-cooling-ae-f_pasce-ae-f_pasce-from-1500-m3-h-to-3000-m3-h\/#primaryimage\"},\"thumbnailUrl\":\"https:\/\/climatemaster.ge\/wp-content\/uploads\/2025\/01\/sistemi-free-cooling-serie-PASCE.png\",\"datePublished\":\"2025-01-01T18:23:53+00:00\",\"dateModified\":\"2025-04-21T17:09:25+00:00\",\"breadcrumb\":{\"@id\":\"https:\/\/climatemaster.ge\/az\/product\/free-cooler-systems-air-introduction-outdoor-free-cooling-ae-f_pasce-ae-f_pasce-from-1500-m3-h-to-3000-m3-h\/#breadcrumb\"},\"inLanguage\":\"az\",\"potentialAction\":[{\"@type\":\"ReadAction\",\"target\":[\"https:\/\/climatemaster.ge\/az\/product\/free-cooler-systems-air-introduction-outdoor-free-cooling-ae-f_pasce-ae-f_pasce-from-1500-m3-h-to-3000-m3-h\/\"]}]},{\"@type\":\"ImageObject\",\"inLanguage\":\"az\",\"@id\":\"https:\/\/climatemaster.ge\/az\/product\/free-cooler-systems-air-introduction-outdoor-free-cooling-ae-f_pasce-ae-f_pasce-from-1500-m3-h-to-3000-m3-h\/#primaryimage\",\"url\":\"https:\/\/climatemaster.ge\/wp-content\/uploads\/2025\/01\/sistemi-free-cooling-serie-PASCE.png\",\"contentUrl\":\"https:\/\/climatemaster.ge\/wp-content\/uploads\/2025\/01\/sistemi-free-cooling-serie-PASCE.png\",\"width\":2560,\"height\":1920},{\"@type\":\"BreadcrumbList\",\"@id\":\"https:\/\/climatemaster.ge\/az\/product\/free-cooler-systems-air-introduction-outdoor-free-cooling-ae-f_pasce-ae-f_pasce-from-1500-m3-h-to-3000-m3-h\/#breadcrumb\",\"itemListElement\":[{\"@type\":\"ListItem\",\"position\":1,\"name\":\"Home\",\"item\":\"https:\/\/climatemaster.ge\/\"},{\"@type\":\"ListItem\",\"position\":2,\"name\":\"M\u0259hsullar\",\"item\":\"https:\/\/climatemaster.ge\/products\/\"},{\"@type\":\"ListItem\",\"position\":3,\"name\":\"Pulsuz soyuducu sisteml\u0259r Hava giri\u015fi &#8211; Xarici Free Cooling AE F_PASCE AE F_PASCE 1500 m3\/saatdan 3000 m3\/saata q\u0259d\u0259r\"}]},{\"@type\":\"WebSite\",\"@id\":\"https:\/\/climatemaster.ge\/#website\",\"url\":\"https:\/\/climatemaster.ge\/\",\"name\":\"Climate Master\",\"description\":\"\",\"publisher\":{\"@id\":\"https:\/\/climatemaster.ge\/#organization\"},\"potentialAction\":[{\"@type\":\"SearchAction\",\"target\":{\"@type\":\"EntryPoint\",\"urlTemplate\":\"https:\/\/climatemaster.ge\/?s={search_term_string}\"},\"query-input\":{\"@type\":\"PropertyValueSpecification\",\"valueRequired\":true,\"valueName\":\"search_term_string\"}}],\"inLanguage\":\"az\"},{\"@type\":\"Organization\",\"@id\":\"https:\/\/climatemaster.ge\/#organization\",\"name\":\"Climate Master\",\"url\":\"https:\/\/climatemaster.ge\/\",\"logo\":{\"@type\":\"ImageObject\",\"inLanguage\":\"az\",\"@id\":\"https:\/\/climatemaster.ge\/#\/schema\/logo\/image\/\",\"url\":\"https:\/\/climatemaster.ge\/wp-content\/uploads\/2026\/03\/Untitled-2.png\",\"contentUrl\":\"https:\/\/climatemaster.ge\/wp-content\/uploads\/2026\/03\/Untitled-2.png\",\"width\":600,\"height\":338,\"caption\":\"Climate Master\"},\"image\":{\"@id\":\"https:\/\/climatemaster.ge\/#\/schema\/logo\/image\/\"}}]}<\/script>\n<!-- \/ Yoast SEO plugin. -->","yoast_head_json":{"title":"Pulsuz soyuducu sisteml\u0259r Hava giri\u015fi - Xarici Free Cooling AE F_PASCE AE F_PASCE 1500 m3\/saatdan 3000 m3\/saata q\u0259d\u0259r - Climate Master","robots":{"index":"index","follow":"follow","max-snippet":"max-snippet:-1","max-image-preview":"max-image-preview:large","max-video-preview":"max-video-preview:-1"},"canonical":"https:\/\/climatemaster.ge\/az\/product\/free-cooler-systems-air-introduction-outdoor-free-cooling-ae-f_pasce-ae-f_pasce-from-1500-m3-h-to-3000-m3-h\/","og_locale":"az_AZ","og_type":"article","og_title":"Pulsuz soyuducu sisteml\u0259r Hava giri\u015fi - Xarici Free Cooling AE F_PASCE AE F_PASCE 1500 m3\/saatdan 3000 m3\/saata q\u0259d\u0259r - Climate Master","og_description":"1500 m3\/saatdan 3000 m3\/saata q\u0259d\u0259r  S\u0259rb\u0259st soyuducu sisteminin \u0259sas m\u0259qs\u0259di avadanl\u0131q t\u0259r\u0259find\u0259n yaranan istiliyi xarici m\u00fchit\u0259 \u00f6t\u00fcrm\u0259k (da\u011f\u0131lma \u00fc\u00e7\u00fcn) il\u0259 davaml\u0131 hava d\u0259yi\u015fiklikl\u0259rini t\u0259min etm\u0259k x\u00fcsusiyy\u0259tin\u0259 malikdir. H\u0259ll \u0259vv\u0259ll\u0259r pulsuz soyutma sistemi olmayan kondisionerl\u0259rin qura\u015fd\u0131r\u0131ld\u0131\u011f\u0131 yerl\u0259rd\u0259 d\u0259 y\u00fcks\u0259k enerji q\u0259na\u0259tin\u0259 imkan verm\u0259k \u00fc\u00e7\u00fcn n\u0259z\u0259rd\u0259 tutulmu\u015fdur.","og_url":"https:\/\/climatemaster.ge\/az\/product\/free-cooler-systems-air-introduction-outdoor-free-cooling-ae-f_pasce-ae-f_pasce-from-1500-m3-h-to-3000-m3-h\/","og_site_name":"Climate Master","article_modified_time":"2025-04-21T17:09:25+00:00","og_image":[{"width":2560,"height":1920,"url":"https:\/\/climatemaster.ge\/wp-content\/uploads\/2025\/01\/sistemi-free-cooling-serie-PASCE.png","type":"image\/png"}],"twitter_card":"summary_large_image","twitter_misc":{"Est. reading time":"1 minute"},"schema":{"@context":"https:\/\/schema.org","@graph":[{"@type":"WebPage","@id":"https:\/\/climatemaster.ge\/az\/product\/free-cooler-systems-air-introduction-outdoor-free-cooling-ae-f_pasce-ae-f_pasce-from-1500-m3-h-to-3000-m3-h\/","url":"https:\/\/climatemaster.ge\/az\/product\/free-cooler-systems-air-introduction-outdoor-free-cooling-ae-f_pasce-ae-f_pasce-from-1500-m3-h-to-3000-m3-h\/","name":"Pulsuz soyuducu sisteml\u0259r Hava giri\u015fi - Xarici Free Cooling AE F_PASCE AE F_PASCE 1500 m3\/saatdan 3000 m3\/saata q\u0259d\u0259r - Climate Master","isPartOf":{"@id":"https:\/\/climatemaster.ge\/#website"},"primaryImageOfPage":{"@id":"https:\/\/climatemaster.ge\/az\/product\/free-cooler-systems-air-introduction-outdoor-free-cooling-ae-f_pasce-ae-f_pasce-from-1500-m3-h-to-3000-m3-h\/#primaryimage"},"image":{"@id":"https:\/\/climatemaster.ge\/az\/product\/free-cooler-systems-air-introduction-outdoor-free-cooling-ae-f_pasce-ae-f_pasce-from-1500-m3-h-to-3000-m3-h\/#primaryimage"},"thumbnailUrl":"https:\/\/climatemaster.ge\/wp-content\/uploads\/2025\/01\/sistemi-free-cooling-serie-PASCE.png","datePublished":"2025-01-01T18:23:53+00:00","dateModified":"2025-04-21T17:09:25+00:00","breadcrumb":{"@id":"https:\/\/climatemaster.ge\/az\/product\/free-cooler-systems-air-introduction-outdoor-free-cooling-ae-f_pasce-ae-f_pasce-from-1500-m3-h-to-3000-m3-h\/#breadcrumb"},"inLanguage":"az","potentialAction":[{"@type":"ReadAction","target":["https:\/\/climatemaster.ge\/az\/product\/free-cooler-systems-air-introduction-outdoor-free-cooling-ae-f_pasce-ae-f_pasce-from-1500-m3-h-to-3000-m3-h\/"]}]},{"@type":"ImageObject","inLanguage":"az","@id":"https:\/\/climatemaster.ge\/az\/product\/free-cooler-systems-air-introduction-outdoor-free-cooling-ae-f_pasce-ae-f_pasce-from-1500-m3-h-to-3000-m3-h\/#primaryimage","url":"https:\/\/climatemaster.ge\/wp-content\/uploads\/2025\/01\/sistemi-free-cooling-serie-PASCE.png","contentUrl":"https:\/\/climatemaster.ge\/wp-content\/uploads\/2025\/01\/sistemi-free-cooling-serie-PASCE.png","width":2560,"height":1920},{"@type":"BreadcrumbList","@id":"https:\/\/climatemaster.ge\/az\/product\/free-cooler-systems-air-introduction-outdoor-free-cooling-ae-f_pasce-ae-f_pasce-from-1500-m3-h-to-3000-m3-h\/#breadcrumb","itemListElement":[{"@type":"ListItem","position":1,"name":"Home","item":"https:\/\/climatemaster.ge\/"},{"@type":"ListItem","position":2,"name":"M\u0259hsullar","item":"https:\/\/climatemaster.ge\/products\/"},{"@type":"ListItem","position":3,"name":"Pulsuz soyuducu sisteml\u0259r Hava giri\u015fi &#8211; Xarici Free Cooling AE F_PASCE AE F_PASCE 1500 m3\/saatdan 3000 m3\/saata q\u0259d\u0259r"}]},{"@type":"WebSite","@id":"https:\/\/climatemaster.ge\/#website","url":"https:\/\/climatemaster.ge\/","name":"Climate Master","description":"","publisher":{"@id":"https:\/\/climatemaster.ge\/#organization"},"potentialAction":[{"@type":"SearchAction","target":{"@type":"EntryPoint","urlTemplate":"https:\/\/climatemaster.ge\/?s={search_term_string}"},"query-input":{"@type":"PropertyValueSpecification","valueRequired":true,"valueName":"search_term_string"}}],"inLanguage":"az"},{"@type":"Organization","@id":"https:\/\/climatemaster.ge\/#organization","name":"Climate Master","url":"https:\/\/climatemaster.ge\/","logo":{"@type":"ImageObject","inLanguage":"az","@id":"https:\/\/climatemaster.ge\/#\/schema\/logo\/image\/","url":"https:\/\/climatemaster.ge\/wp-content\/uploads\/2026\/03\/Untitled-2.png","contentUrl":"https:\/\/climatemaster.ge\/wp-content\/uploads\/2026\/03\/Untitled-2.png","width":600,"height":338,"caption":"Climate Master"},"image":{"@id":"https:\/\/climatemaster.ge\/#\/schema\/logo\/image\/"}}]}},"_links":{"self":[{"href":"https:\/\/climatemaster.ge\/az\/wp-json\/wp\/v2\/product\/30272","targetHints":{"allow":["GET"]}}],"collection":[{"href":"https:\/\/climatemaster.ge\/az\/wp-json\/wp\/v2\/product"}],"about":[{"href":"https:\/\/climatemaster.ge\/az\/wp-json\/wp\/v2\/types\/product"}],"wp:featuredmedia":[{"embeddable":true,"href":"https:\/\/climatemaster.ge\/az\/wp-json\/wp\/v2\/media\/33558"}],"wp:attachment":[{"href":"https:\/\/climatemaster.ge\/az\/wp-json\/wp\/v2\/media?parent=30272"}],"wp:term":[{"taxonomy":"product_brand","embeddable":true,"href":"https:\/\/climatemaster.ge\/az\/wp-json\/wp\/v2\/product_brand?post=30272"},{"taxonomy":"product_cat","embeddable":true,"href":"https:\/\/climatemaster.ge\/az\/wp-json\/wp\/v2\/product_cat?post=30272"},{"taxonomy":"product_tag","embeddable":true,"href":"https:\/\/climatemaster.ge\/az\/wp-json\/wp\/v2\/product_tag?post=30272"}],"curies":[{"name":"wp","href":"https:\/\/api.w.org\/{rel}","templated":true}]}}