{"id":30098,"date":"2025-04-20T22:13:17","date_gmt":"2025-04-20T18:13:17","guid":{"rendered":"https:\/\/airsystems.ge\/shop\/product\/wu-water-cooled-close-control-unit\/"},"modified":"2025-04-20T22:16:40","modified_gmt":"2025-04-20T18:16:40","slug":"wu-water-cooled-close-control-unit","status":"publish","type":"product","link":"https:\/\/climatemaster.ge\/az\/product\/wu-water-cooled-close-control-unit\/","title":{"rendered":"WU Su il\u0259 soyudulmu\u015f yax\u0131n idar\u0259etm\u0259 bloku"},"content":{"rendered":"","protected":false},"excerpt":{"rendered":"<p>Soyutma g\u00fcc\u00fc 6,3 KVt-dan 157,5 kVt-a q\u0259d\u0259r<\/p>\n<p>Qapal\u0131 idar\u0259etm\u0259 bloku kondisioner, m\u0259lumat m\u0259rk\u0259zi v\u0259 \u00fcmumiyy\u0259tl\u0259 b\u00fct\u00fcn texnoloji t\u0259tbiql\u0259r \u00fc\u00e7\u00fcn x\u00fcsusi \u015f\u0259rait v\u0259 ciddi n\u0259zar\u0259t t\u0259l\u0259b olunan texnoloji qur\u011fular \u00fc\u00e7\u00fcn n\u0259z\u0259rd\u0259 tutulmu\u015f v\u0259 m\u0259hsuldur.<\/p>\n<p>EC \u0130NVERTER ventilyatorlar\u0131 il\u0259 t\u0259chiz olunmu\u015f qur\u011fular, yuxar\u0131 v\u0259 ya a\u015fa\u011f\u0131 ax\u0131n. Bu qur\u011fular 2 yollu modulyasiya ed\u0259n klapan v\u0259 servomotorla t\u0259chiz edilmi\u015fdir. Cihaz xarici soyuducuya qo\u015fulmal\u0131d\u0131r.<\/p>\n<p>Emibayt avadanl\u0131\u011f\u0131 tam dizayn edilmi\u015f v\u0259 Emicon t\u0259sdiql\u0259m\u0259 laboratoriyalar\u0131nda s\u0131naqdan ke\u00e7irilmi\u015fdir.<\/p>\n","protected":false},"featured_media":30093,"template":"","meta":[],"product_brand":[],"product_cat":[1259,1262,875],"product_tag":[],"class_list":{"0":"post-30098","1":"product","2":"type-product","3":"status-publish","4":"has-post-thumbnail","6":"product_cat-hssas-kondisioner-crac-crah","7":"product_cat-hssas-kondisioner-crah-az","8":"product_cat-snaye-az-kondisionerlr","10":"first","11":"instock","12":"shipping-taxable","13":"product-type-simple"},"yoast_head":"<!-- This site is optimized with the Yoast SEO plugin v27.1.1 - https:\/\/yoast.com\/product\/yoast-seo-wordpress\/ -->\n<title>WU Su il\u0259 soyudulmu\u015f yax\u0131n idar\u0259etm\u0259 bloku - Climate Master<\/title>\n<meta name=\"robots\" content=\"index, follow, max-snippet:-1, max-image-preview:large, max-video-preview:-1\" \/>\n<link rel=\"canonical\" href=\"https:\/\/climatemaster.ge\/az\/product\/wu-water-cooled-close-control-unit\/\" \/>\n<meta property=\"og:locale\" content=\"az_AZ\" \/>\n<meta property=\"og:type\" content=\"article\" \/>\n<meta property=\"og:title\" content=\"WU Su il\u0259 soyudulmu\u015f yax\u0131n idar\u0259etm\u0259 bloku - Climate Master\" \/>\n<meta property=\"og:description\" content=\"Soyutma g\u00fcc\u00fc 6,3 KVt-dan 157,5 kVt-a q\u0259d\u0259r  Qapal\u0131 idar\u0259etm\u0259 bloku kondisioner, m\u0259lumat m\u0259rk\u0259zi v\u0259 \u00fcmumiyy\u0259tl\u0259 b\u00fct\u00fcn texnoloji t\u0259tbiql\u0259r \u00fc\u00e7\u00fcn x\u00fcsusi \u015f\u0259rait v\u0259 ciddi n\u0259zar\u0259t t\u0259l\u0259b olunan texnoloji qur\u011fular \u00fc\u00e7\u00fcn n\u0259z\u0259rd\u0259 tutulmu\u015f v\u0259 m\u0259hsuldur.  EC \u0130NVERTER ventilyatorlar\u0131 il\u0259 t\u0259chiz olunmu\u015f qur\u011fular, yuxar\u0131 v\u0259 ya a\u015fa\u011f\u0131 ax\u0131n. Bu qur\u011fular 2 yollu modulyasiya ed\u0259n klapan v\u0259 servomotorla t\u0259chiz edilmi\u015fdir. Cihaz xarici soyuducuya qo\u015fulmal\u0131d\u0131r.  Emibayt avadanl\u0131\u011f\u0131 tam dizayn edilmi\u015f v\u0259 Emicon t\u0259sdiql\u0259m\u0259 laboratoriyalar\u0131nda s\u0131naqdan ke\u00e7irilmi\u015fdir.\" \/>\n<meta property=\"og:url\" content=\"https:\/\/climatemaster.ge\/az\/product\/wu-water-cooled-close-control-unit\/\" \/>\n<meta property=\"og:site_name\" content=\"Climate Master\" \/>\n<meta property=\"article:modified_time\" content=\"2025-04-20T18:16:40+00:00\" \/>\n<meta property=\"og:image\" content=\"https:\/\/climatemaster.ge\/wp-content\/uploads\/2025\/04\/WU-qj0yhcq7l4uco1x7q539vxm0lh2mhc5esknsro1x7c.png\" \/>\n\t<meta property=\"og:image:width\" content=\"700\" \/>\n\t<meta property=\"og:image:height\" content=\"700\" \/>\n\t<meta property=\"og:image:type\" content=\"image\/png\" \/>\n<meta name=\"twitter:card\" content=\"summary_large_image\" \/>\n<script type=\"application\/ld+json\" class=\"yoast-schema-graph\">{\"@context\":\"https:\/\/schema.org\",\"@graph\":[{\"@type\":\"WebPage\",\"@id\":\"https:\/\/climatemaster.ge\/az\/product\/wu-water-cooled-close-control-unit\/\",\"url\":\"https:\/\/climatemaster.ge\/az\/product\/wu-water-cooled-close-control-unit\/\",\"name\":\"WU Su il\u0259 soyudulmu\u015f yax\u0131n idar\u0259etm\u0259 bloku - Climate Master\",\"isPartOf\":{\"@id\":\"https:\/\/climatemaster.ge\/#website\"},\"primaryImageOfPage\":{\"@id\":\"https:\/\/climatemaster.ge\/az\/product\/wu-water-cooled-close-control-unit\/#primaryimage\"},\"image\":{\"@id\":\"https:\/\/climatemaster.ge\/az\/product\/wu-water-cooled-close-control-unit\/#primaryimage\"},\"thumbnailUrl\":\"https:\/\/climatemaster.ge\/wp-content\/uploads\/2025\/04\/WU-qj0yhcq7l4uco1x7q539vxm0lh2mhc5esknsro1x7c.png\",\"datePublished\":\"2025-04-20T18:13:17+00:00\",\"dateModified\":\"2025-04-20T18:16:40+00:00\",\"breadcrumb\":{\"@id\":\"https:\/\/climatemaster.ge\/az\/product\/wu-water-cooled-close-control-unit\/#breadcrumb\"},\"inLanguage\":\"az\",\"potentialAction\":[{\"@type\":\"ReadAction\",\"target\":[\"https:\/\/climatemaster.ge\/az\/product\/wu-water-cooled-close-control-unit\/\"]}]},{\"@type\":\"ImageObject\",\"inLanguage\":\"az\",\"@id\":\"https:\/\/climatemaster.ge\/az\/product\/wu-water-cooled-close-control-unit\/#primaryimage\",\"url\":\"https:\/\/climatemaster.ge\/wp-content\/uploads\/2025\/04\/WU-qj0yhcq7l4uco1x7q539vxm0lh2mhc5esknsro1x7c.png\",\"contentUrl\":\"https:\/\/climatemaster.ge\/wp-content\/uploads\/2025\/04\/WU-qj0yhcq7l4uco1x7q539vxm0lh2mhc5esknsro1x7c.png\",\"width\":700,\"height\":700},{\"@type\":\"BreadcrumbList\",\"@id\":\"https:\/\/climatemaster.ge\/az\/product\/wu-water-cooled-close-control-unit\/#breadcrumb\",\"itemListElement\":[{\"@type\":\"ListItem\",\"position\":1,\"name\":\"Home\",\"item\":\"https:\/\/climatemaster.ge\/\"},{\"@type\":\"ListItem\",\"position\":2,\"name\":\"M\u0259hsullar\",\"item\":\"https:\/\/climatemaster.ge\/products\/\"},{\"@type\":\"ListItem\",\"position\":3,\"name\":\"WU Su il\u0259 soyudulmu\u015f yax\u0131n idar\u0259etm\u0259 bloku\"}]},{\"@type\":\"WebSite\",\"@id\":\"https:\/\/climatemaster.ge\/#website\",\"url\":\"https:\/\/climatemaster.ge\/\",\"name\":\"Climate Master\",\"description\":\"\",\"publisher\":{\"@id\":\"https:\/\/climatemaster.ge\/#organization\"},\"potentialAction\":[{\"@type\":\"SearchAction\",\"target\":{\"@type\":\"EntryPoint\",\"urlTemplate\":\"https:\/\/climatemaster.ge\/?s={search_term_string}\"},\"query-input\":{\"@type\":\"PropertyValueSpecification\",\"valueRequired\":true,\"valueName\":\"search_term_string\"}}],\"inLanguage\":\"az\"},{\"@type\":\"Organization\",\"@id\":\"https:\/\/climatemaster.ge\/#organization\",\"name\":\"Climate Master\",\"url\":\"https:\/\/climatemaster.ge\/\",\"logo\":{\"@type\":\"ImageObject\",\"inLanguage\":\"az\",\"@id\":\"https:\/\/climatemaster.ge\/#\/schema\/logo\/image\/\",\"url\":\"https:\/\/climatemaster.ge\/wp-content\/uploads\/2026\/03\/Untitled-2.png\",\"contentUrl\":\"https:\/\/climatemaster.ge\/wp-content\/uploads\/2026\/03\/Untitled-2.png\",\"width\":600,\"height\":338,\"caption\":\"Climate Master\"},\"image\":{\"@id\":\"https:\/\/climatemaster.ge\/#\/schema\/logo\/image\/\"}}]}<\/script>\n<!-- \/ Yoast SEO plugin. -->","yoast_head_json":{"title":"WU Su il\u0259 soyudulmu\u015f yax\u0131n idar\u0259etm\u0259 bloku - Climate Master","robots":{"index":"index","follow":"follow","max-snippet":"max-snippet:-1","max-image-preview":"max-image-preview:large","max-video-preview":"max-video-preview:-1"},"canonical":"https:\/\/climatemaster.ge\/az\/product\/wu-water-cooled-close-control-unit\/","og_locale":"az_AZ","og_type":"article","og_title":"WU Su il\u0259 soyudulmu\u015f yax\u0131n idar\u0259etm\u0259 bloku - Climate Master","og_description":"Soyutma g\u00fcc\u00fc 6,3 KVt-dan 157,5 kVt-a q\u0259d\u0259r  Qapal\u0131 idar\u0259etm\u0259 bloku kondisioner, m\u0259lumat m\u0259rk\u0259zi v\u0259 \u00fcmumiyy\u0259tl\u0259 b\u00fct\u00fcn texnoloji t\u0259tbiql\u0259r \u00fc\u00e7\u00fcn x\u00fcsusi \u015f\u0259rait v\u0259 ciddi n\u0259zar\u0259t t\u0259l\u0259b olunan texnoloji qur\u011fular \u00fc\u00e7\u00fcn n\u0259z\u0259rd\u0259 tutulmu\u015f v\u0259 m\u0259hsuldur.  EC \u0130NVERTER ventilyatorlar\u0131 il\u0259 t\u0259chiz olunmu\u015f qur\u011fular, yuxar\u0131 v\u0259 ya a\u015fa\u011f\u0131 ax\u0131n. Bu qur\u011fular 2 yollu modulyasiya ed\u0259n klapan v\u0259 servomotorla t\u0259chiz edilmi\u015fdir. Cihaz xarici soyuducuya qo\u015fulmal\u0131d\u0131r.  Emibayt avadanl\u0131\u011f\u0131 tam dizayn edilmi\u015f v\u0259 Emicon t\u0259sdiql\u0259m\u0259 laboratoriyalar\u0131nda s\u0131naqdan ke\u00e7irilmi\u015fdir.","og_url":"https:\/\/climatemaster.ge\/az\/product\/wu-water-cooled-close-control-unit\/","og_site_name":"Climate Master","article_modified_time":"2025-04-20T18:16:40+00:00","og_image":[{"width":700,"height":700,"url":"https:\/\/climatemaster.ge\/wp-content\/uploads\/2025\/04\/WU-qj0yhcq7l4uco1x7q539vxm0lh2mhc5esknsro1x7c.png","type":"image\/png"}],"twitter_card":"summary_large_image","schema":{"@context":"https:\/\/schema.org","@graph":[{"@type":"WebPage","@id":"https:\/\/climatemaster.ge\/az\/product\/wu-water-cooled-close-control-unit\/","url":"https:\/\/climatemaster.ge\/az\/product\/wu-water-cooled-close-control-unit\/","name":"WU Su il\u0259 soyudulmu\u015f yax\u0131n idar\u0259etm\u0259 bloku - Climate Master","isPartOf":{"@id":"https:\/\/climatemaster.ge\/#website"},"primaryImageOfPage":{"@id":"https:\/\/climatemaster.ge\/az\/product\/wu-water-cooled-close-control-unit\/#primaryimage"},"image":{"@id":"https:\/\/climatemaster.ge\/az\/product\/wu-water-cooled-close-control-unit\/#primaryimage"},"thumbnailUrl":"https:\/\/climatemaster.ge\/wp-content\/uploads\/2025\/04\/WU-qj0yhcq7l4uco1x7q539vxm0lh2mhc5esknsro1x7c.png","datePublished":"2025-04-20T18:13:17+00:00","dateModified":"2025-04-20T18:16:40+00:00","breadcrumb":{"@id":"https:\/\/climatemaster.ge\/az\/product\/wu-water-cooled-close-control-unit\/#breadcrumb"},"inLanguage":"az","potentialAction":[{"@type":"ReadAction","target":["https:\/\/climatemaster.ge\/az\/product\/wu-water-cooled-close-control-unit\/"]}]},{"@type":"ImageObject","inLanguage":"az","@id":"https:\/\/climatemaster.ge\/az\/product\/wu-water-cooled-close-control-unit\/#primaryimage","url":"https:\/\/climatemaster.ge\/wp-content\/uploads\/2025\/04\/WU-qj0yhcq7l4uco1x7q539vxm0lh2mhc5esknsro1x7c.png","contentUrl":"https:\/\/climatemaster.ge\/wp-content\/uploads\/2025\/04\/WU-qj0yhcq7l4uco1x7q539vxm0lh2mhc5esknsro1x7c.png","width":700,"height":700},{"@type":"BreadcrumbList","@id":"https:\/\/climatemaster.ge\/az\/product\/wu-water-cooled-close-control-unit\/#breadcrumb","itemListElement":[{"@type":"ListItem","position":1,"name":"Home","item":"https:\/\/climatemaster.ge\/"},{"@type":"ListItem","position":2,"name":"M\u0259hsullar","item":"https:\/\/climatemaster.ge\/products\/"},{"@type":"ListItem","position":3,"name":"WU Su il\u0259 soyudulmu\u015f yax\u0131n idar\u0259etm\u0259 bloku"}]},{"@type":"WebSite","@id":"https:\/\/climatemaster.ge\/#website","url":"https:\/\/climatemaster.ge\/","name":"Climate Master","description":"","publisher":{"@id":"https:\/\/climatemaster.ge\/#organization"},"potentialAction":[{"@type":"SearchAction","target":{"@type":"EntryPoint","urlTemplate":"https:\/\/climatemaster.ge\/?s={search_term_string}"},"query-input":{"@type":"PropertyValueSpecification","valueRequired":true,"valueName":"search_term_string"}}],"inLanguage":"az"},{"@type":"Organization","@id":"https:\/\/climatemaster.ge\/#organization","name":"Climate Master","url":"https:\/\/climatemaster.ge\/","logo":{"@type":"ImageObject","inLanguage":"az","@id":"https:\/\/climatemaster.ge\/#\/schema\/logo\/image\/","url":"https:\/\/climatemaster.ge\/wp-content\/uploads\/2026\/03\/Untitled-2.png","contentUrl":"https:\/\/climatemaster.ge\/wp-content\/uploads\/2026\/03\/Untitled-2.png","width":600,"height":338,"caption":"Climate Master"},"image":{"@id":"https:\/\/climatemaster.ge\/#\/schema\/logo\/image\/"}}]}},"_links":{"self":[{"href":"https:\/\/climatemaster.ge\/az\/wp-json\/wp\/v2\/product\/30098","targetHints":{"allow":["GET"]}}],"collection":[{"href":"https:\/\/climatemaster.ge\/az\/wp-json\/wp\/v2\/product"}],"about":[{"href":"https:\/\/climatemaster.ge\/az\/wp-json\/wp\/v2\/types\/product"}],"wp:featuredmedia":[{"embeddable":true,"href":"https:\/\/climatemaster.ge\/az\/wp-json\/wp\/v2\/media\/30093"}],"wp:attachment":[{"href":"https:\/\/climatemaster.ge\/az\/wp-json\/wp\/v2\/media?parent=30098"}],"wp:term":[{"taxonomy":"product_brand","embeddable":true,"href":"https:\/\/climatemaster.ge\/az\/wp-json\/wp\/v2\/product_brand?post=30098"},{"taxonomy":"product_cat","embeddable":true,"href":"https:\/\/climatemaster.ge\/az\/wp-json\/wp\/v2\/product_cat?post=30098"},{"taxonomy":"product_tag","embeddable":true,"href":"https:\/\/climatemaster.ge\/az\/wp-json\/wp\/v2\/product_tag?post=30098"}],"curies":[{"name":"wp","href":"https:\/\/api.w.org\/{rel}","templated":true}]}}